{"id":976820,"date":"2024-01-29T09:21:25","date_gmt":"2024-01-29T08:21:25","guid":{"rendered":"https:\/\/hubsch-interior.com\/product\/product\/"},"modified":"2026-04-11T04:40:31","modified_gmt":"2026-04-11T02:40:31","slug":"easypeasy-torchon-sable-jaune","status":"publish","type":"product","link":"https:\/\/hubsch-interior.com\/fr\/produit\/easypeasy-torchon-sable-jaune\/","title":{"rendered":"Easypeasy Torchon Sable\/Jaune"},"content":{"rendered":"<p>D\u00e9couvrez le Easypeasy Torchon, votre nouveau compagnon de cuisine fid\u00e8le ! Fabriqu\u00e9 en coton doux et absorbant, ce torchon est un choix \u00e0 la fois \u00e9l\u00e9gant et pratique pour une utilisation quotidienne. Sa couleur sable et jaune ajoute une touche de chaleur \u00e0 votre cuisine, tandis que les d\u00e9tails brod\u00e9s dans une couleur contrastante lui donnent un aspect unique et fait main. Avec plusieurs variantes au choix, ce torchon certifi\u00e9 OEKO-TEX\u00ae STANDARD 100 est plus grand que votre torchon habituel pour une fonctionnalit\u00e9 maximale. Dites adieu aux torchons monotones et bonjour au Easypeasy \u2014 la combinaison parfaite entre style et durabilit\u00e9.<\/p>\n","protected":false},"excerpt":{"rendered":"<p>D\u00e9couvrez le Easypeasy Torchon, votre nouveau compagnon de cuisine fid\u00e8le ! Fabriqu\u00e9 en coton doux et absorbant, ce torchon est un choix \u00e0 la fois \u00e9l\u00e9gant et pratique pour une utilisation quotidienne. Sa couleur sable et jaune ajoute une touche de chaleur \u00e0 votre cuisine, tandis que les d\u00e9tails brod\u00e9s dans une couleur contrastante lui [&hellip;]<\/p>\n","protected":false},"featured_media":1100476,"template":"","meta":{"_acf_changed":false,"inline_featured_image":false},"product_brand":[],"product_cat":[6882,6971,3002,4091,6535],"product_tag":[],"class_list":{"0":"post-976820","1":"product","2":"type-product","3":"status-publish","4":"has-post-thumbnail","6":"product_cat-elevating-nostalgia-fr","7":"product_cat-paques","8":"product_cat-textile","9":"product_cat-textiles-de-cuisine-fr","10":"product_cat-outlet-fr","11":"product_shipping_class-pk","13":"pa_color-jaune","14":"pa_color-sable","15":"pa_material-cotton-100-fr","17":"first","18":"instock","19":"sale","20":"taxable","21":"shipping-taxable","22":"purchasable","23":"product-type-simple"},"exclude_global_add_ons":[],"addons":[],"acf":[],"yoast_head":"<!-- This site is optimized with the Yoast SEO plugin v26.4 - https:\/\/yoast.com\/wordpress\/plugins\/seo\/ -->\n<title>Easypeasy Torchon Sable\/Jaune - H\u00fcbsch<\/title>\n<meta name=\"description\" content=\"D\u00e9couvrez le Easypeasy Torchon, votre nouveau compagnon de cuisine fid\u00e8le ! Fabriqu\u00e9 en coton doux et absorbant, ce torchon est un choix \u00e0 la fois \u00e9l\u00e9gant\" \/>\n<meta name=\"robots\" content=\"index, follow, max-snippet:-1, max-image-preview:large, max-video-preview:-1\" \/>\n<link rel=\"canonical\" href=\"https:\/\/hubsch-interior.com\/fr\/wp-json\/wp\/v2\/product\/976820\" \/>\n<meta property=\"og:locale\" content=\"fr_FR\" \/>\n<meta property=\"og:type\" content=\"article\" \/>\n<meta property=\"og:title\" content=\"Easypeasy Torchon Sable\/Jaune - H\u00fcbsch\" \/>\n<meta property=\"og:description\" content=\"D\u00e9couvrez le Easypeasy Torchon, votre nouveau compagnon de cuisine fid\u00e8le ! Fabriqu\u00e9 en coton doux et absorbant, ce torchon est un choix \u00e0 la fois \u00e9l\u00e9gant\" \/>\n<meta property=\"og:url\" content=\"https:\/\/hubsch-interior.com\/fr\/produit\/easypeasy-torchon-sable-jaune\/\" \/>\n<meta property=\"og:site_name\" content=\"H\u00fcbsch\" \/>\n<meta property=\"article:modified_time\" content=\"2026-04-11T02:40:31+00:00\" \/>\n<meta property=\"og:image\" content=\"https:\/\/hubsch-interior.com\/wp-content\/uploads\/2024\/01\/easypeasy-tea-towel-sandyellow-c9b6adbdc96b7339616c0ce8cf5b6ef7.jpg\" \/>\n\t<meta property=\"og:image:width\" content=\"1200\" \/>\n\t<meta property=\"og:image:height\" content=\"1200\" \/>\n\t<meta property=\"og:image:type\" content=\"image\/jpeg\" \/>\n<meta name=\"twitter:card\" content=\"summary_large_image\" \/>\n<meta name=\"twitter:label1\" content=\"Dur\u00e9e de lecture estim\u00e9e\" \/>\n\t<meta name=\"twitter:data1\" content=\"1 minute\" \/>\n<script type=\"application\/ld+json\" class=\"yoast-schema-graph\">{\"@context\":\"https:\/\/schema.org\",\"@graph\":[{\"@type\":\"WebPage\",\"@id\":\"https:\/\/hubsch-interior.com\/fr\/produit\/easypeasy-torchon-sable-jaune\/\",\"url\":\"https:\/\/hubsch-interior.com\/fr\/produit\/easypeasy-torchon-sable-jaune\/\",\"name\":\"Easypeasy Torchon Sable\/Jaune - H\u00fcbsch\",\"isPartOf\":{\"@id\":\"https:\/\/hubsch-interior.com\/fr\/#website\"},\"primaryImageOfPage\":{\"@id\":\"https:\/\/hubsch-interior.com\/fr\/produit\/easypeasy-torchon-sable-jaune\/#primaryimage\"},\"image\":{\"@id\":\"https:\/\/hubsch-interior.com\/fr\/produit\/easypeasy-torchon-sable-jaune\/#primaryimage\"},\"thumbnailUrl\":\"https:\/\/hubsch-interior.com\/wp-content\/uploads\/2026\/02\/easypeasy-tea-towel-sandyellow-7b60793b56f0c669867b65b46ce24a9a.jpg\",\"datePublished\":\"2024-01-29T08:21:25+00:00\",\"dateModified\":\"2026-04-11T02:40:31+00:00\",\"description\":\"D\u00e9couvrez le Easypeasy Torchon, votre nouveau compagnon de cuisine fid\u00e8le ! Fabriqu\u00e9 en coton doux et absorbant, ce torchon est un choix \u00e0 la fois \u00e9l\u00e9gant\",\"breadcrumb\":{\"@id\":\"https:\/\/hubsch-interior.com\/fr\/produit\/easypeasy-torchon-sable-jaune\/#breadcrumb\"},\"inLanguage\":\"fr-FR\",\"potentialAction\":[{\"@type\":\"ReadAction\",\"target\":[\"https:\/\/hubsch-interior.com\/fr\/produit\/easypeasy-torchon-sable-jaune\/\"]}]},{\"@type\":\"ImageObject\",\"inLanguage\":\"fr-FR\",\"@id\":\"https:\/\/hubsch-interior.com\/fr\/produit\/easypeasy-torchon-sable-jaune\/#primaryimage\",\"url\":\"https:\/\/hubsch-interior.com\/wp-content\/uploads\/2026\/02\/easypeasy-tea-towel-sandyellow-7b60793b56f0c669867b65b46ce24a9a.jpg\",\"contentUrl\":\"https:\/\/hubsch-interior.com\/wp-content\/uploads\/2026\/02\/easypeasy-tea-towel-sandyellow-7b60793b56f0c669867b65b46ce24a9a.jpg\",\"width\":1024,\"height\":1024},{\"@type\":\"BreadcrumbList\",\"@id\":\"https:\/\/hubsch-interior.com\/fr\/produit\/easypeasy-torchon-sable-jaune\/#breadcrumb\",\"itemListElement\":[{\"@type\":\"ListItem\",\"position\":1,\"name\":\"Page d'accueil\",\"item\":\"https:\/\/hubsch-interior.com\/fr\/\"},{\"@type\":\"ListItem\",\"position\":2,\"name\":\"Produits\",\"item\":\"https:\/\/hubsch-interior.com\/fr\/shop-2\/\"},{\"@type\":\"ListItem\",\"position\":3,\"name\":\"Textiles\",\"item\":\"https:\/\/hubsch-interior.com\/fr\/categorie-produit\/textile\/\"},{\"@type\":\"ListItem\",\"position\":4,\"name\":\"Textiles de cuisine\",\"item\":\"https:\/\/hubsch-interior.com\/fr\/categorie-produit\/textile\/textiles-de-cuisine-fr\/\"},{\"@type\":\"ListItem\",\"position\":5,\"name\":\"Easypeasy Torchon Sable\/Jaune\"}]},{\"@type\":\"WebSite\",\"@id\":\"https:\/\/hubsch-interior.com\/fr\/#website\",\"url\":\"https:\/\/hubsch-interior.com\/fr\/\",\"name\":\"H\u00fcbsch\",\"description\":\"Danish Home Interior and Design\",\"publisher\":{\"@id\":\"https:\/\/hubsch-interior.com\/fr\/#organization\"},\"potentialAction\":[{\"@type\":\"SearchAction\",\"target\":{\"@type\":\"EntryPoint\",\"urlTemplate\":\"https:\/\/hubsch-interior.com\/fr\/?s={search_term_string}\"},\"query-input\":{\"@type\":\"PropertyValueSpecification\",\"valueRequired\":true,\"valueName\":\"search_term_string\"}}],\"inLanguage\":\"fr-FR\"},{\"@type\":\"Organization\",\"@id\":\"https:\/\/hubsch-interior.com\/fr\/#organization\",\"name\":\"H\u00fcbsch\",\"url\":\"https:\/\/hubsch-interior.com\/fr\/\",\"logo\":{\"@type\":\"ImageObject\",\"inLanguage\":\"fr-FR\",\"@id\":\"https:\/\/hubsch-interior.com\/fr\/#\/schema\/logo\/image\/\",\"url\":\"https:\/\/hubsch-interior.com\/wp-content\/uploads\/2022\/12\/Hubsch_logo_black_one_line.svg\",\"contentUrl\":\"https:\/\/hubsch-interior.com\/wp-content\/uploads\/2022\/12\/Hubsch_logo_black_one_line.svg\",\"caption\":\"H\u00fcbsch\"},\"image\":{\"@id\":\"https:\/\/hubsch-interior.com\/fr\/#\/schema\/logo\/image\/\"}}]}<\/script>\n<!-- \/ Yoast SEO plugin. -->","yoast_head_json":{"title":"Easypeasy Torchon Sable\/Jaune - H\u00fcbsch","description":"D\u00e9couvrez le Easypeasy Torchon, votre nouveau compagnon de cuisine fid\u00e8le ! Fabriqu\u00e9 en coton doux et absorbant, ce torchon est un choix \u00e0 la fois \u00e9l\u00e9gant","robots":{"index":"index","follow":"follow","max-snippet":"max-snippet:-1","max-image-preview":"max-image-preview:large","max-video-preview":"max-video-preview:-1"},"canonical":"https:\/\/hubsch-interior.com\/fr\/wp-json\/wp\/v2\/product\/976820","og_locale":"fr_FR","og_type":"article","og_title":"Easypeasy Torchon Sable\/Jaune - H\u00fcbsch","og_description":"D\u00e9couvrez le Easypeasy Torchon, votre nouveau compagnon de cuisine fid\u00e8le ! Fabriqu\u00e9 en coton doux et absorbant, ce torchon est un choix \u00e0 la fois \u00e9l\u00e9gant","og_url":"https:\/\/hubsch-interior.com\/fr\/produit\/easypeasy-torchon-sable-jaune\/","og_site_name":"H\u00fcbsch","article_modified_time":"2026-04-11T02:40:31+00:00","og_image":[{"width":1200,"height":1200,"url":"https:\/\/hubsch-interior.com\/wp-content\/uploads\/2024\/01\/easypeasy-tea-towel-sandyellow-c9b6adbdc96b7339616c0ce8cf5b6ef7.jpg","type":"image\/jpeg"}],"twitter_card":"summary_large_image","twitter_misc":{"Dur\u00e9e de lecture estim\u00e9e":"1 minute"},"schema":{"@context":"https:\/\/schema.org","@graph":[{"@type":"WebPage","@id":"https:\/\/hubsch-interior.com\/fr\/produit\/easypeasy-torchon-sable-jaune\/","url":"https:\/\/hubsch-interior.com\/fr\/produit\/easypeasy-torchon-sable-jaune\/","name":"Easypeasy Torchon Sable\/Jaune - H\u00fcbsch","isPartOf":{"@id":"https:\/\/hubsch-interior.com\/fr\/#website"},"primaryImageOfPage":{"@id":"https:\/\/hubsch-interior.com\/fr\/produit\/easypeasy-torchon-sable-jaune\/#primaryimage"},"image":{"@id":"https:\/\/hubsch-interior.com\/fr\/produit\/easypeasy-torchon-sable-jaune\/#primaryimage"},"thumbnailUrl":"https:\/\/hubsch-interior.com\/wp-content\/uploads\/2026\/02\/easypeasy-tea-towel-sandyellow-7b60793b56f0c669867b65b46ce24a9a.jpg","datePublished":"2024-01-29T08:21:25+00:00","dateModified":"2026-04-11T02:40:31+00:00","description":"D\u00e9couvrez le Easypeasy Torchon, votre nouveau compagnon de cuisine fid\u00e8le ! Fabriqu\u00e9 en coton doux et absorbant, ce torchon est un choix \u00e0 la fois \u00e9l\u00e9gant","breadcrumb":{"@id":"https:\/\/hubsch-interior.com\/fr\/produit\/easypeasy-torchon-sable-jaune\/#breadcrumb"},"inLanguage":"fr-FR","potentialAction":[{"@type":"ReadAction","target":["https:\/\/hubsch-interior.com\/fr\/produit\/easypeasy-torchon-sable-jaune\/"]}]},{"@type":"ImageObject","inLanguage":"fr-FR","@id":"https:\/\/hubsch-interior.com\/fr\/produit\/easypeasy-torchon-sable-jaune\/#primaryimage","url":"https:\/\/hubsch-interior.com\/wp-content\/uploads\/2026\/02\/easypeasy-tea-towel-sandyellow-7b60793b56f0c669867b65b46ce24a9a.jpg","contentUrl":"https:\/\/hubsch-interior.com\/wp-content\/uploads\/2026\/02\/easypeasy-tea-towel-sandyellow-7b60793b56f0c669867b65b46ce24a9a.jpg","width":1024,"height":1024},{"@type":"BreadcrumbList","@id":"https:\/\/hubsch-interior.com\/fr\/produit\/easypeasy-torchon-sable-jaune\/#breadcrumb","itemListElement":[{"@type":"ListItem","position":1,"name":"Page d'accueil","item":"https:\/\/hubsch-interior.com\/fr\/"},{"@type":"ListItem","position":2,"name":"Produits","item":"https:\/\/hubsch-interior.com\/fr\/shop-2\/"},{"@type":"ListItem","position":3,"name":"Textiles","item":"https:\/\/hubsch-interior.com\/fr\/categorie-produit\/textile\/"},{"@type":"ListItem","position":4,"name":"Textiles de cuisine","item":"https:\/\/hubsch-interior.com\/fr\/categorie-produit\/textile\/textiles-de-cuisine-fr\/"},{"@type":"ListItem","position":5,"name":"Easypeasy Torchon Sable\/Jaune"}]},{"@type":"WebSite","@id":"https:\/\/hubsch-interior.com\/fr\/#website","url":"https:\/\/hubsch-interior.com\/fr\/","name":"H\u00fcbsch","description":"Danish Home Interior and Design","publisher":{"@id":"https:\/\/hubsch-interior.com\/fr\/#organization"},"potentialAction":[{"@type":"SearchAction","target":{"@type":"EntryPoint","urlTemplate":"https:\/\/hubsch-interior.com\/fr\/?s={search_term_string}"},"query-input":{"@type":"PropertyValueSpecification","valueRequired":true,"valueName":"search_term_string"}}],"inLanguage":"fr-FR"},{"@type":"Organization","@id":"https:\/\/hubsch-interior.com\/fr\/#organization","name":"H\u00fcbsch","url":"https:\/\/hubsch-interior.com\/fr\/","logo":{"@type":"ImageObject","inLanguage":"fr-FR","@id":"https:\/\/hubsch-interior.com\/fr\/#\/schema\/logo\/image\/","url":"https:\/\/hubsch-interior.com\/wp-content\/uploads\/2022\/12\/Hubsch_logo_black_one_line.svg","contentUrl":"https:\/\/hubsch-interior.com\/wp-content\/uploads\/2022\/12\/Hubsch_logo_black_one_line.svg","caption":"H\u00fcbsch"},"image":{"@id":"https:\/\/hubsch-interior.com\/fr\/#\/schema\/logo\/image\/"}}]}},"_links":{"self":[{"href":"https:\/\/hubsch-interior.com\/fr\/wp-json\/wp\/v2\/product\/976820","targetHints":{"allow":["GET"]}}],"collection":[{"href":"https:\/\/hubsch-interior.com\/fr\/wp-json\/wp\/v2\/product"}],"about":[{"href":"https:\/\/hubsch-interior.com\/fr\/wp-json\/wp\/v2\/types\/product"}],"wp:featuredmedia":[{"embeddable":true,"href":"https:\/\/hubsch-interior.com\/fr\/wp-json\/wp\/v2\/media\/1100476"}],"wp:attachment":[{"href":"https:\/\/hubsch-interior.com\/fr\/wp-json\/wp\/v2\/media?parent=976820"}],"wp:term":[{"taxonomy":"product_brand","embeddable":true,"href":"https:\/\/hubsch-interior.com\/fr\/wp-json\/wp\/v2\/product_brand?post=976820"},{"taxonomy":"product_cat","embeddable":true,"href":"https:\/\/hubsch-interior.com\/fr\/wp-json\/wp\/v2\/product_cat?post=976820"},{"taxonomy":"product_tag","embeddable":true,"href":"https:\/\/hubsch-interior.com\/fr\/wp-json\/wp\/v2\/product_tag?post=976820"}],"curies":[{"name":"wp","href":"https:\/\/api.w.org\/{rel}","templated":true}]}}