{"id":976868,"date":"2024-01-29T09:22:31","date_gmt":"2024-01-29T08:22:31","guid":{"rendered":"https:\/\/hubsch-interior.com\/product\/product\/"},"modified":"2026-04-09T04:51:26","modified_gmt":"2026-04-09T02:51:26","slug":"athand-table-d-naturel","status":"publish","type":"product","link":"https:\/\/hubsch-interior.com\/fr\/produit\/athand-table-d-naturel\/","title":{"rendered":"AtHand Table d Naturel"},"content":{"rendered":"<p>La polyvalente et \u00e9l\u00e9gante Table d&#8217;appoint\/\u00c9tag\u00e8re murale AtHand est parfaite pour ceux qui cherchent \u00e0 ajouter fonctionnalit\u00e9 et charme \u00e0 leur espace. Fabriqu\u00e9e en bois naturel certifi\u00e9 FSC avec un magnifique placage en ch\u00eane, cette pi\u00e8ce intemporelle est \u00e0 la fois respectueuse de l&#8217;environnement et esth\u00e9tiquement plaisante. Avec sa taille compacte, elle est id\u00e9ale pour les petits espaces et peut \u00eatre facilement fix\u00e9e au mur, pr\u00e8s de votre lit ou dans l&#8217;entr\u00e9e. Les deux tiroirs offrent un espace de rangement suffisant pour tous vos essentiels de table de nuit, tandis que sa conception l\u00e9g\u00e8re, mais durable garantit une utilisation de longue dur\u00e9e. Mettez \u00e0 niveau votre chambre \u00e0 coucher ou votre entr\u00e9e avec la Table d&#8217;appoint\/\u00c9tag\u00e8re murale AtHand.<\/p>\n","protected":false},"excerpt":{"rendered":"<p>La polyvalente et \u00e9l\u00e9gante Table d&#8217;appoint\/\u00c9tag\u00e8re murale AtHand est parfaite pour ceux qui cherchent \u00e0 ajouter fonctionnalit\u00e9 et charme \u00e0 leur espace. Fabriqu\u00e9e en bois naturel certifi\u00e9 FSC avec un magnifique placage en ch\u00eane, cette pi\u00e8ce intemporelle est \u00e0 la fois respectueuse de l&#8217;environnement et esth\u00e9tiquement plaisante. Avec sa taille compacte, elle est id\u00e9ale pour [&hellip;]<\/p>\n","protected":false},"featured_media":1103412,"template":"","meta":{"_acf_changed":false,"inline_featured_image":false},"product_brand":[],"product_cat":[6943,6882,6892,6322,2859,4802,4001,4023,5026],"product_tag":[],"class_list":{"0":"post-976868","1":"product","2":"type-product","3":"status-publish","4":"has-post-thumbnail","6":"product_cat-bestseller-2025-fr","7":"product_cat-elevating-nostalgia-fr","8":"product_cat-meubles-multifonctionnels-fr","9":"product_cat-fsc-fr","10":"product_cat-tables-fr","11":"product_cat-tables-de-chevet-fr","12":"product_cat-etageres-et-meubles-de-rangement-fr","13":"product_cat-etageres-murales-fr","14":"product_cat-bestsellers-fr","15":"product_shipping_class-pk","17":"pa_color-naturel-2","18":"pa_material-mdf-fr","19":"pa_material-placage-de-chne-2","21":"first","22":"instock","23":"featured","24":"taxable","25":"shipping-taxable","26":"purchasable","27":"product-type-simple"},"exclude_global_add_ons":[],"addons":[],"acf":[],"yoast_head":"<!-- This site is optimized with the Yoast SEO plugin v26.4 - https:\/\/yoast.com\/wordpress\/plugins\/seo\/ -->\n<title>AtHand Table d Naturel - H\u00fcbsch<\/title>\n<meta name=\"description\" content=\"La polyvalente et \u00e9l\u00e9gante Table d&#039;appoint\/\u00c9tag\u00e8re murale AtHand est parfaite pour ceux qui cherchent \u00e0 ajouter fonctionnalit\u00e9 et charme \u00e0 leur espace.\" \/>\n<meta name=\"robots\" content=\"index, follow, max-snippet:-1, max-image-preview:large, max-video-preview:-1\" \/>\n<link rel=\"canonical\" href=\"https:\/\/hubsch-interior.com\/fr\/wp-json\/wp\/v2\/product\/976868\" \/>\n<meta property=\"og:locale\" content=\"fr_FR\" \/>\n<meta property=\"og:type\" content=\"article\" \/>\n<meta property=\"og:title\" content=\"AtHand Table d Naturel - H\u00fcbsch\" \/>\n<meta property=\"og:description\" content=\"La polyvalente et \u00e9l\u00e9gante Table d&#039;appoint\/\u00c9tag\u00e8re murale AtHand est parfaite pour ceux qui cherchent \u00e0 ajouter fonctionnalit\u00e9 et charme \u00e0 leur espace.\" \/>\n<meta property=\"og:url\" content=\"https:\/\/hubsch-interior.com\/fr\/produit\/athand-table-d-naturel\/\" \/>\n<meta property=\"og:site_name\" content=\"H\u00fcbsch\" \/>\n<meta property=\"article:modified_time\" content=\"2026-04-09T02:51:26+00:00\" \/>\n<meta property=\"og:image\" content=\"https:\/\/hubsch-interior.com\/wp-content\/uploads\/2025\/04\/athand-wall-shelfbedside-table-natural-514320201dc4372bfe852293c26600e9.jpg\" \/>\n\t<meta property=\"og:image:width\" content=\"1200\" \/>\n\t<meta property=\"og:image:height\" content=\"1200\" \/>\n\t<meta property=\"og:image:type\" content=\"image\/jpeg\" \/>\n<meta name=\"twitter:card\" content=\"summary_large_image\" \/>\n<meta name=\"twitter:label1\" content=\"Dur\u00e9e de lecture estim\u00e9e\" \/>\n\t<meta name=\"twitter:data1\" content=\"1 minute\" \/>\n<script type=\"application\/ld+json\" class=\"yoast-schema-graph\">{\"@context\":\"https:\/\/schema.org\",\"@graph\":[{\"@type\":\"WebPage\",\"@id\":\"https:\/\/hubsch-interior.com\/fr\/produit\/athand-table-d-naturel\/\",\"url\":\"https:\/\/hubsch-interior.com\/fr\/produit\/athand-table-d-naturel\/\",\"name\":\"AtHand Table d Naturel - H\u00fcbsch\",\"isPartOf\":{\"@id\":\"https:\/\/hubsch-interior.com\/fr\/#website\"},\"primaryImageOfPage\":{\"@id\":\"https:\/\/hubsch-interior.com\/fr\/produit\/athand-table-d-naturel\/#primaryimage\"},\"image\":{\"@id\":\"https:\/\/hubsch-interior.com\/fr\/produit\/athand-table-d-naturel\/#primaryimage\"},\"thumbnailUrl\":\"https:\/\/hubsch-interior.com\/wp-content\/uploads\/2026\/02\/athand-wall-shelfbedside-table-natural-db9ae1e349cfdf7a4eb008cac304f9e8.jpg\",\"datePublished\":\"2024-01-29T08:22:31+00:00\",\"dateModified\":\"2026-04-09T02:51:26+00:00\",\"description\":\"La polyvalente et \u00e9l\u00e9gante Table d'appoint\/\u00c9tag\u00e8re murale AtHand est parfaite pour ceux qui cherchent \u00e0 ajouter fonctionnalit\u00e9 et charme \u00e0 leur espace.\",\"breadcrumb\":{\"@id\":\"https:\/\/hubsch-interior.com\/fr\/produit\/athand-table-d-naturel\/#breadcrumb\"},\"inLanguage\":\"fr-FR\",\"potentialAction\":[{\"@type\":\"ReadAction\",\"target\":[\"https:\/\/hubsch-interior.com\/fr\/produit\/athand-table-d-naturel\/\"]}]},{\"@type\":\"ImageObject\",\"inLanguage\":\"fr-FR\",\"@id\":\"https:\/\/hubsch-interior.com\/fr\/produit\/athand-table-d-naturel\/#primaryimage\",\"url\":\"https:\/\/hubsch-interior.com\/wp-content\/uploads\/2026\/02\/athand-wall-shelfbedside-table-natural-db9ae1e349cfdf7a4eb008cac304f9e8.jpg\",\"contentUrl\":\"https:\/\/hubsch-interior.com\/wp-content\/uploads\/2026\/02\/athand-wall-shelfbedside-table-natural-db9ae1e349cfdf7a4eb008cac304f9e8.jpg\",\"width\":1024,\"height\":1024},{\"@type\":\"BreadcrumbList\",\"@id\":\"https:\/\/hubsch-interior.com\/fr\/produit\/athand-table-d-naturel\/#breadcrumb\",\"itemListElement\":[{\"@type\":\"ListItem\",\"position\":1,\"name\":\"Page d'accueil\",\"item\":\"https:\/\/hubsch-interior.com\/fr\/\"},{\"@type\":\"ListItem\",\"position\":2,\"name\":\"Produits\",\"item\":\"https:\/\/hubsch-interior.com\/fr\/shop-2\/\"},{\"@type\":\"ListItem\",\"position\":3,\"name\":\"Meubles\",\"item\":\"https:\/\/hubsch-interior.com\/fr\/categorie-produit\/meubles\/\"},{\"@type\":\"ListItem\",\"position\":4,\"name\":\"Tables\",\"item\":\"https:\/\/hubsch-interior.com\/fr\/categorie-produit\/meubles\/tables-fr\/\"},{\"@type\":\"ListItem\",\"position\":5,\"name\":\"Tables de chevet\",\"item\":\"https:\/\/hubsch-interior.com\/fr\/categorie-produit\/meubles\/tables-fr\/tables-de-chevet-fr\/\"},{\"@type\":\"ListItem\",\"position\":6,\"name\":\"AtHand Table d Naturel\"}]},{\"@type\":\"WebSite\",\"@id\":\"https:\/\/hubsch-interior.com\/fr\/#website\",\"url\":\"https:\/\/hubsch-interior.com\/fr\/\",\"name\":\"H\u00fcbsch\",\"description\":\"Danish Home Interior and Design\",\"publisher\":{\"@id\":\"https:\/\/hubsch-interior.com\/fr\/#organization\"},\"potentialAction\":[{\"@type\":\"SearchAction\",\"target\":{\"@type\":\"EntryPoint\",\"urlTemplate\":\"https:\/\/hubsch-interior.com\/fr\/?s={search_term_string}\"},\"query-input\":{\"@type\":\"PropertyValueSpecification\",\"valueRequired\":true,\"valueName\":\"search_term_string\"}}],\"inLanguage\":\"fr-FR\"},{\"@type\":\"Organization\",\"@id\":\"https:\/\/hubsch-interior.com\/fr\/#organization\",\"name\":\"H\u00fcbsch\",\"url\":\"https:\/\/hubsch-interior.com\/fr\/\",\"logo\":{\"@type\":\"ImageObject\",\"inLanguage\":\"fr-FR\",\"@id\":\"https:\/\/hubsch-interior.com\/fr\/#\/schema\/logo\/image\/\",\"url\":\"https:\/\/hubsch-interior.com\/wp-content\/uploads\/2022\/12\/Hubsch_logo_black_one_line.svg\",\"contentUrl\":\"https:\/\/hubsch-interior.com\/wp-content\/uploads\/2022\/12\/Hubsch_logo_black_one_line.svg\",\"caption\":\"H\u00fcbsch\"},\"image\":{\"@id\":\"https:\/\/hubsch-interior.com\/fr\/#\/schema\/logo\/image\/\"}}]}<\/script>\n<!-- \/ Yoast SEO plugin. -->","yoast_head_json":{"title":"AtHand Table d Naturel - H\u00fcbsch","description":"La polyvalente et \u00e9l\u00e9gante Table d'appoint\/\u00c9tag\u00e8re murale AtHand est parfaite pour ceux qui cherchent \u00e0 ajouter fonctionnalit\u00e9 et charme \u00e0 leur espace.","robots":{"index":"index","follow":"follow","max-snippet":"max-snippet:-1","max-image-preview":"max-image-preview:large","max-video-preview":"max-video-preview:-1"},"canonical":"https:\/\/hubsch-interior.com\/fr\/wp-json\/wp\/v2\/product\/976868","og_locale":"fr_FR","og_type":"article","og_title":"AtHand Table d Naturel - H\u00fcbsch","og_description":"La polyvalente et \u00e9l\u00e9gante Table d'appoint\/\u00c9tag\u00e8re murale AtHand est parfaite pour ceux qui cherchent \u00e0 ajouter fonctionnalit\u00e9 et charme \u00e0 leur espace.","og_url":"https:\/\/hubsch-interior.com\/fr\/produit\/athand-table-d-naturel\/","og_site_name":"H\u00fcbsch","article_modified_time":"2026-04-09T02:51:26+00:00","og_image":[{"width":1200,"height":1200,"url":"https:\/\/hubsch-interior.com\/wp-content\/uploads\/2025\/04\/athand-wall-shelfbedside-table-natural-514320201dc4372bfe852293c26600e9.jpg","type":"image\/jpeg"}],"twitter_card":"summary_large_image","twitter_misc":{"Dur\u00e9e de lecture estim\u00e9e":"1 minute"},"schema":{"@context":"https:\/\/schema.org","@graph":[{"@type":"WebPage","@id":"https:\/\/hubsch-interior.com\/fr\/produit\/athand-table-d-naturel\/","url":"https:\/\/hubsch-interior.com\/fr\/produit\/athand-table-d-naturel\/","name":"AtHand Table d Naturel - H\u00fcbsch","isPartOf":{"@id":"https:\/\/hubsch-interior.com\/fr\/#website"},"primaryImageOfPage":{"@id":"https:\/\/hubsch-interior.com\/fr\/produit\/athand-table-d-naturel\/#primaryimage"},"image":{"@id":"https:\/\/hubsch-interior.com\/fr\/produit\/athand-table-d-naturel\/#primaryimage"},"thumbnailUrl":"https:\/\/hubsch-interior.com\/wp-content\/uploads\/2026\/02\/athand-wall-shelfbedside-table-natural-db9ae1e349cfdf7a4eb008cac304f9e8.jpg","datePublished":"2024-01-29T08:22:31+00:00","dateModified":"2026-04-09T02:51:26+00:00","description":"La polyvalente et \u00e9l\u00e9gante Table d'appoint\/\u00c9tag\u00e8re murale AtHand est parfaite pour ceux qui cherchent \u00e0 ajouter fonctionnalit\u00e9 et charme \u00e0 leur espace.","breadcrumb":{"@id":"https:\/\/hubsch-interior.com\/fr\/produit\/athand-table-d-naturel\/#breadcrumb"},"inLanguage":"fr-FR","potentialAction":[{"@type":"ReadAction","target":["https:\/\/hubsch-interior.com\/fr\/produit\/athand-table-d-naturel\/"]}]},{"@type":"ImageObject","inLanguage":"fr-FR","@id":"https:\/\/hubsch-interior.com\/fr\/produit\/athand-table-d-naturel\/#primaryimage","url":"https:\/\/hubsch-interior.com\/wp-content\/uploads\/2026\/02\/athand-wall-shelfbedside-table-natural-db9ae1e349cfdf7a4eb008cac304f9e8.jpg","contentUrl":"https:\/\/hubsch-interior.com\/wp-content\/uploads\/2026\/02\/athand-wall-shelfbedside-table-natural-db9ae1e349cfdf7a4eb008cac304f9e8.jpg","width":1024,"height":1024},{"@type":"BreadcrumbList","@id":"https:\/\/hubsch-interior.com\/fr\/produit\/athand-table-d-naturel\/#breadcrumb","itemListElement":[{"@type":"ListItem","position":1,"name":"Page d'accueil","item":"https:\/\/hubsch-interior.com\/fr\/"},{"@type":"ListItem","position":2,"name":"Produits","item":"https:\/\/hubsch-interior.com\/fr\/shop-2\/"},{"@type":"ListItem","position":3,"name":"Meubles","item":"https:\/\/hubsch-interior.com\/fr\/categorie-produit\/meubles\/"},{"@type":"ListItem","position":4,"name":"Tables","item":"https:\/\/hubsch-interior.com\/fr\/categorie-produit\/meubles\/tables-fr\/"},{"@type":"ListItem","position":5,"name":"Tables de chevet","item":"https:\/\/hubsch-interior.com\/fr\/categorie-produit\/meubles\/tables-fr\/tables-de-chevet-fr\/"},{"@type":"ListItem","position":6,"name":"AtHand Table d Naturel"}]},{"@type":"WebSite","@id":"https:\/\/hubsch-interior.com\/fr\/#website","url":"https:\/\/hubsch-interior.com\/fr\/","name":"H\u00fcbsch","description":"Danish Home Interior and Design","publisher":{"@id":"https:\/\/hubsch-interior.com\/fr\/#organization"},"potentialAction":[{"@type":"SearchAction","target":{"@type":"EntryPoint","urlTemplate":"https:\/\/hubsch-interior.com\/fr\/?s={search_term_string}"},"query-input":{"@type":"PropertyValueSpecification","valueRequired":true,"valueName":"search_term_string"}}],"inLanguage":"fr-FR"},{"@type":"Organization","@id":"https:\/\/hubsch-interior.com\/fr\/#organization","name":"H\u00fcbsch","url":"https:\/\/hubsch-interior.com\/fr\/","logo":{"@type":"ImageObject","inLanguage":"fr-FR","@id":"https:\/\/hubsch-interior.com\/fr\/#\/schema\/logo\/image\/","url":"https:\/\/hubsch-interior.com\/wp-content\/uploads\/2022\/12\/Hubsch_logo_black_one_line.svg","contentUrl":"https:\/\/hubsch-interior.com\/wp-content\/uploads\/2022\/12\/Hubsch_logo_black_one_line.svg","caption":"H\u00fcbsch"},"image":{"@id":"https:\/\/hubsch-interior.com\/fr\/#\/schema\/logo\/image\/"}}]}},"_links":{"self":[{"href":"https:\/\/hubsch-interior.com\/fr\/wp-json\/wp\/v2\/product\/976868","targetHints":{"allow":["GET"]}}],"collection":[{"href":"https:\/\/hubsch-interior.com\/fr\/wp-json\/wp\/v2\/product"}],"about":[{"href":"https:\/\/hubsch-interior.com\/fr\/wp-json\/wp\/v2\/types\/product"}],"wp:featuredmedia":[{"embeddable":true,"href":"https:\/\/hubsch-interior.com\/fr\/wp-json\/wp\/v2\/media\/1103412"}],"wp:attachment":[{"href":"https:\/\/hubsch-interior.com\/fr\/wp-json\/wp\/v2\/media?parent=976868"}],"wp:term":[{"taxonomy":"product_brand","embeddable":true,"href":"https:\/\/hubsch-interior.com\/fr\/wp-json\/wp\/v2\/product_brand?post=976868"},{"taxonomy":"product_cat","embeddable":true,"href":"https:\/\/hubsch-interior.com\/fr\/wp-json\/wp\/v2\/product_cat?post=976868"},{"taxonomy":"product_tag","embeddable":true,"href":"https:\/\/hubsch-interior.com\/fr\/wp-json\/wp\/v2\/product_tag?post=976868"}],"curies":[{"name":"wp","href":"https:\/\/api.w.org\/{rel}","templated":true}]}}