{"id":976952,"date":"2024-01-29T09:23:28","date_gmt":"2024-01-29T08:23:28","guid":{"rendered":"https:\/\/hubsch-interior.com\/product\/product\/"},"modified":"2026-04-09T04:51:42","modified_gmt":"2026-04-09T02:51:42","slug":"forma-bureau-naturel","status":"publish","type":"product","link":"https:\/\/hubsch-interior.com\/fr\/produit\/forma-bureau-naturel\/","title":{"rendered":"Forma Bureau Naturel"},"content":{"rendered":"<p>D\u00e9couvrez le Forma Bureau \u2014 une pi\u00e8ce multifonctionnelle qui combine \u00e9l\u00e9gance et fonctionnalit\u00e9. Fabriqu\u00e9 en placage de ch\u00eane certifi\u00e9 FSC, ce bureau pr\u00e9sente des lignes audacieuses et droites qui d\u00e9gagent un sentiment de sophistication. Sa couleur naturelle ajoute chaleur et charme \u00e0 n&#8217;importe quelle pi\u00e8ce. Mais ce qui distingue ce bureau, c&#8217;est l&#8217;ajout astucieux d&#8217;un porte-magazines \u00e0 l&#8217;avant, en faisant une table hybride avec une caract\u00e9ristique sp\u00e9ciale pour exposer vos livres et magazines pr\u00e9f\u00e9r\u00e9s. Enfin, une table tant attendue qui est \u00e9galement magnifique vue de l&#8217;arri\u00e8re. R\u00e9sistant et stable, le Forma Bureau est un incontournable pour toute maison ou bureau moderne.<\/p>\n","protected":false},"excerpt":{"rendered":"<p>D\u00e9couvrez le Forma Bureau \u2014 une pi\u00e8ce multifonctionnelle qui combine \u00e9l\u00e9gance et fonctionnalit\u00e9. Fabriqu\u00e9 en placage de ch\u00eane certifi\u00e9 FSC, ce bureau pr\u00e9sente des lignes audacieuses et droites qui d\u00e9gagent un sentiment de sophistication. Sa couleur naturelle ajoute chaleur et charme \u00e0 n&#8217;importe quelle pi\u00e8ce. Mais ce qui distingue ce bureau, c&#8217;est l&#8217;ajout astucieux d&#8217;un [&hellip;]<\/p>\n","protected":false},"featured_media":1103480,"template":"","meta":{"_acf_changed":false,"inline_featured_image":false},"product_brand":[],"product_cat":[6882,6896,6892,6322,2859,2905],"product_tag":[],"class_list":{"0":"post-976952","1":"product","2":"type-product","3":"status-publish","4":"has-post-thumbnail","6":"product_cat-elevating-nostalgia-fr","7":"product_cat-forma-series-fr","8":"product_cat-meubles-multifonctionnels-fr","9":"product_cat-fsc-fr","10":"product_cat-tables-fr","11":"product_cat-bureaux-fr","12":"product_shipping_class-p05","14":"pa_color-naturel-2","15":"pa_material-mdf-fr","16":"pa_material-placage-de-chne-2","18":"first","19":"instock","20":"taxable","21":"shipping-taxable","22":"purchasable","23":"product-type-simple"},"exclude_global_add_ons":[],"addons":[],"acf":[],"yoast_head":"<!-- This site is optimized with the Yoast SEO plugin v26.4 - https:\/\/yoast.com\/wordpress\/plugins\/seo\/ -->\n<title>Forma Bureau Naturel - H\u00fcbsch<\/title>\n<meta name=\"description\" content=\"D\u00e9couvrez le Forma Bureau \u2014 une pi\u00e8ce multifonctionnelle qui combine \u00e9l\u00e9gance et fonctionnalit\u00e9. Fabriqu\u00e9 en placage de ch\u00eane certifi\u00e9 FSC, ce bureau\" \/>\n<meta name=\"robots\" content=\"index, follow, max-snippet:-1, max-image-preview:large, max-video-preview:-1\" \/>\n<link rel=\"canonical\" href=\"https:\/\/hubsch-interior.com\/fr\/wp-json\/wp\/v2\/product\/976952\" \/>\n<meta property=\"og:locale\" content=\"fr_FR\" \/>\n<meta property=\"og:type\" content=\"article\" \/>\n<meta property=\"og:title\" content=\"Forma Bureau Naturel - H\u00fcbsch\" \/>\n<meta property=\"og:description\" content=\"D\u00e9couvrez le Forma Bureau \u2014 une pi\u00e8ce multifonctionnelle qui combine \u00e9l\u00e9gance et fonctionnalit\u00e9. Fabriqu\u00e9 en placage de ch\u00eane certifi\u00e9 FSC, ce bureau\" \/>\n<meta property=\"og:url\" content=\"https:\/\/hubsch-interior.com\/fr\/produit\/forma-bureau-naturel\/\" \/>\n<meta property=\"og:site_name\" content=\"H\u00fcbsch\" \/>\n<meta property=\"article:modified_time\" content=\"2026-04-09T02:51:42+00:00\" \/>\n<meta property=\"og:image\" content=\"https:\/\/hubsch-interior.com\/wp-content\/uploads\/2024\/03\/forma-desk-natural-ac95e32fe5bef6e4af5256327b378e99.jpg\" \/>\n\t<meta property=\"og:image:width\" content=\"1200\" \/>\n\t<meta property=\"og:image:height\" content=\"1200\" \/>\n\t<meta property=\"og:image:type\" content=\"image\/jpeg\" \/>\n<meta name=\"twitter:card\" content=\"summary_large_image\" \/>\n<meta name=\"twitter:label1\" content=\"Dur\u00e9e de lecture estim\u00e9e\" \/>\n\t<meta name=\"twitter:data1\" content=\"1 minute\" \/>\n<script type=\"application\/ld+json\" class=\"yoast-schema-graph\">{\"@context\":\"https:\/\/schema.org\",\"@graph\":[{\"@type\":\"WebPage\",\"@id\":\"https:\/\/hubsch-interior.com\/fr\/produit\/forma-bureau-naturel\/\",\"url\":\"https:\/\/hubsch-interior.com\/fr\/produit\/forma-bureau-naturel\/\",\"name\":\"Forma Bureau Naturel - H\u00fcbsch\",\"isPartOf\":{\"@id\":\"https:\/\/hubsch-interior.com\/fr\/#website\"},\"primaryImageOfPage\":{\"@id\":\"https:\/\/hubsch-interior.com\/fr\/produit\/forma-bureau-naturel\/#primaryimage\"},\"image\":{\"@id\":\"https:\/\/hubsch-interior.com\/fr\/produit\/forma-bureau-naturel\/#primaryimage\"},\"thumbnailUrl\":\"https:\/\/hubsch-interior.com\/wp-content\/uploads\/2026\/02\/forma-desk-natural-0ad805bfd3f48524788927516638eaf0.jpg\",\"datePublished\":\"2024-01-29T08:23:28+00:00\",\"dateModified\":\"2026-04-09T02:51:42+00:00\",\"description\":\"D\u00e9couvrez le Forma Bureau \u2014 une pi\u00e8ce multifonctionnelle qui combine \u00e9l\u00e9gance et fonctionnalit\u00e9. Fabriqu\u00e9 en placage de ch\u00eane certifi\u00e9 FSC, ce bureau\",\"breadcrumb\":{\"@id\":\"https:\/\/hubsch-interior.com\/fr\/produit\/forma-bureau-naturel\/#breadcrumb\"},\"inLanguage\":\"fr-FR\",\"potentialAction\":[{\"@type\":\"ReadAction\",\"target\":[\"https:\/\/hubsch-interior.com\/fr\/produit\/forma-bureau-naturel\/\"]}]},{\"@type\":\"ImageObject\",\"inLanguage\":\"fr-FR\",\"@id\":\"https:\/\/hubsch-interior.com\/fr\/produit\/forma-bureau-naturel\/#primaryimage\",\"url\":\"https:\/\/hubsch-interior.com\/wp-content\/uploads\/2026\/02\/forma-desk-natural-0ad805bfd3f48524788927516638eaf0.jpg\",\"contentUrl\":\"https:\/\/hubsch-interior.com\/wp-content\/uploads\/2026\/02\/forma-desk-natural-0ad805bfd3f48524788927516638eaf0.jpg\",\"width\":1024,\"height\":1024},{\"@type\":\"BreadcrumbList\",\"@id\":\"https:\/\/hubsch-interior.com\/fr\/produit\/forma-bureau-naturel\/#breadcrumb\",\"itemListElement\":[{\"@type\":\"ListItem\",\"position\":1,\"name\":\"Page d'accueil\",\"item\":\"https:\/\/hubsch-interior.com\/fr\/\"},{\"@type\":\"ListItem\",\"position\":2,\"name\":\"Produits\",\"item\":\"https:\/\/hubsch-interior.com\/fr\/shop-2\/\"},{\"@type\":\"ListItem\",\"position\":3,\"name\":\"Meubles\",\"item\":\"https:\/\/hubsch-interior.com\/fr\/categorie-produit\/meubles\/\"},{\"@type\":\"ListItem\",\"position\":4,\"name\":\"Tables\",\"item\":\"https:\/\/hubsch-interior.com\/fr\/categorie-produit\/meubles\/tables-fr\/\"},{\"@type\":\"ListItem\",\"position\":5,\"name\":\"Bureaux\",\"item\":\"https:\/\/hubsch-interior.com\/fr\/categorie-produit\/meubles\/tables-fr\/bureaux-fr\/\"},{\"@type\":\"ListItem\",\"position\":6,\"name\":\"Forma Bureau Naturel\"}]},{\"@type\":\"WebSite\",\"@id\":\"https:\/\/hubsch-interior.com\/fr\/#website\",\"url\":\"https:\/\/hubsch-interior.com\/fr\/\",\"name\":\"H\u00fcbsch\",\"description\":\"Danish Home Interior and Design\",\"publisher\":{\"@id\":\"https:\/\/hubsch-interior.com\/fr\/#organization\"},\"potentialAction\":[{\"@type\":\"SearchAction\",\"target\":{\"@type\":\"EntryPoint\",\"urlTemplate\":\"https:\/\/hubsch-interior.com\/fr\/?s={search_term_string}\"},\"query-input\":{\"@type\":\"PropertyValueSpecification\",\"valueRequired\":true,\"valueName\":\"search_term_string\"}}],\"inLanguage\":\"fr-FR\"},{\"@type\":\"Organization\",\"@id\":\"https:\/\/hubsch-interior.com\/fr\/#organization\",\"name\":\"H\u00fcbsch\",\"url\":\"https:\/\/hubsch-interior.com\/fr\/\",\"logo\":{\"@type\":\"ImageObject\",\"inLanguage\":\"fr-FR\",\"@id\":\"https:\/\/hubsch-interior.com\/fr\/#\/schema\/logo\/image\/\",\"url\":\"https:\/\/hubsch-interior.com\/wp-content\/uploads\/2022\/12\/Hubsch_logo_black_one_line.svg\",\"contentUrl\":\"https:\/\/hubsch-interior.com\/wp-content\/uploads\/2022\/12\/Hubsch_logo_black_one_line.svg\",\"caption\":\"H\u00fcbsch\"},\"image\":{\"@id\":\"https:\/\/hubsch-interior.com\/fr\/#\/schema\/logo\/image\/\"}}]}<\/script>\n<!-- \/ Yoast SEO plugin. -->","yoast_head_json":{"title":"Forma Bureau Naturel - H\u00fcbsch","description":"D\u00e9couvrez le Forma Bureau \u2014 une pi\u00e8ce multifonctionnelle qui combine \u00e9l\u00e9gance et fonctionnalit\u00e9. Fabriqu\u00e9 en placage de ch\u00eane certifi\u00e9 FSC, ce bureau","robots":{"index":"index","follow":"follow","max-snippet":"max-snippet:-1","max-image-preview":"max-image-preview:large","max-video-preview":"max-video-preview:-1"},"canonical":"https:\/\/hubsch-interior.com\/fr\/wp-json\/wp\/v2\/product\/976952","og_locale":"fr_FR","og_type":"article","og_title":"Forma Bureau Naturel - H\u00fcbsch","og_description":"D\u00e9couvrez le Forma Bureau \u2014 une pi\u00e8ce multifonctionnelle qui combine \u00e9l\u00e9gance et fonctionnalit\u00e9. Fabriqu\u00e9 en placage de ch\u00eane certifi\u00e9 FSC, ce bureau","og_url":"https:\/\/hubsch-interior.com\/fr\/produit\/forma-bureau-naturel\/","og_site_name":"H\u00fcbsch","article_modified_time":"2026-04-09T02:51:42+00:00","og_image":[{"width":1200,"height":1200,"url":"https:\/\/hubsch-interior.com\/wp-content\/uploads\/2024\/03\/forma-desk-natural-ac95e32fe5bef6e4af5256327b378e99.jpg","type":"image\/jpeg"}],"twitter_card":"summary_large_image","twitter_misc":{"Dur\u00e9e de lecture estim\u00e9e":"1 minute"},"schema":{"@context":"https:\/\/schema.org","@graph":[{"@type":"WebPage","@id":"https:\/\/hubsch-interior.com\/fr\/produit\/forma-bureau-naturel\/","url":"https:\/\/hubsch-interior.com\/fr\/produit\/forma-bureau-naturel\/","name":"Forma Bureau Naturel - H\u00fcbsch","isPartOf":{"@id":"https:\/\/hubsch-interior.com\/fr\/#website"},"primaryImageOfPage":{"@id":"https:\/\/hubsch-interior.com\/fr\/produit\/forma-bureau-naturel\/#primaryimage"},"image":{"@id":"https:\/\/hubsch-interior.com\/fr\/produit\/forma-bureau-naturel\/#primaryimage"},"thumbnailUrl":"https:\/\/hubsch-interior.com\/wp-content\/uploads\/2026\/02\/forma-desk-natural-0ad805bfd3f48524788927516638eaf0.jpg","datePublished":"2024-01-29T08:23:28+00:00","dateModified":"2026-04-09T02:51:42+00:00","description":"D\u00e9couvrez le Forma Bureau \u2014 une pi\u00e8ce multifonctionnelle qui combine \u00e9l\u00e9gance et fonctionnalit\u00e9. Fabriqu\u00e9 en placage de ch\u00eane certifi\u00e9 FSC, ce bureau","breadcrumb":{"@id":"https:\/\/hubsch-interior.com\/fr\/produit\/forma-bureau-naturel\/#breadcrumb"},"inLanguage":"fr-FR","potentialAction":[{"@type":"ReadAction","target":["https:\/\/hubsch-interior.com\/fr\/produit\/forma-bureau-naturel\/"]}]},{"@type":"ImageObject","inLanguage":"fr-FR","@id":"https:\/\/hubsch-interior.com\/fr\/produit\/forma-bureau-naturel\/#primaryimage","url":"https:\/\/hubsch-interior.com\/wp-content\/uploads\/2026\/02\/forma-desk-natural-0ad805bfd3f48524788927516638eaf0.jpg","contentUrl":"https:\/\/hubsch-interior.com\/wp-content\/uploads\/2026\/02\/forma-desk-natural-0ad805bfd3f48524788927516638eaf0.jpg","width":1024,"height":1024},{"@type":"BreadcrumbList","@id":"https:\/\/hubsch-interior.com\/fr\/produit\/forma-bureau-naturel\/#breadcrumb","itemListElement":[{"@type":"ListItem","position":1,"name":"Page d'accueil","item":"https:\/\/hubsch-interior.com\/fr\/"},{"@type":"ListItem","position":2,"name":"Produits","item":"https:\/\/hubsch-interior.com\/fr\/shop-2\/"},{"@type":"ListItem","position":3,"name":"Meubles","item":"https:\/\/hubsch-interior.com\/fr\/categorie-produit\/meubles\/"},{"@type":"ListItem","position":4,"name":"Tables","item":"https:\/\/hubsch-interior.com\/fr\/categorie-produit\/meubles\/tables-fr\/"},{"@type":"ListItem","position":5,"name":"Bureaux","item":"https:\/\/hubsch-interior.com\/fr\/categorie-produit\/meubles\/tables-fr\/bureaux-fr\/"},{"@type":"ListItem","position":6,"name":"Forma Bureau Naturel"}]},{"@type":"WebSite","@id":"https:\/\/hubsch-interior.com\/fr\/#website","url":"https:\/\/hubsch-interior.com\/fr\/","name":"H\u00fcbsch","description":"Danish Home Interior and Design","publisher":{"@id":"https:\/\/hubsch-interior.com\/fr\/#organization"},"potentialAction":[{"@type":"SearchAction","target":{"@type":"EntryPoint","urlTemplate":"https:\/\/hubsch-interior.com\/fr\/?s={search_term_string}"},"query-input":{"@type":"PropertyValueSpecification","valueRequired":true,"valueName":"search_term_string"}}],"inLanguage":"fr-FR"},{"@type":"Organization","@id":"https:\/\/hubsch-interior.com\/fr\/#organization","name":"H\u00fcbsch","url":"https:\/\/hubsch-interior.com\/fr\/","logo":{"@type":"ImageObject","inLanguage":"fr-FR","@id":"https:\/\/hubsch-interior.com\/fr\/#\/schema\/logo\/image\/","url":"https:\/\/hubsch-interior.com\/wp-content\/uploads\/2022\/12\/Hubsch_logo_black_one_line.svg","contentUrl":"https:\/\/hubsch-interior.com\/wp-content\/uploads\/2022\/12\/Hubsch_logo_black_one_line.svg","caption":"H\u00fcbsch"},"image":{"@id":"https:\/\/hubsch-interior.com\/fr\/#\/schema\/logo\/image\/"}}]}},"_links":{"self":[{"href":"https:\/\/hubsch-interior.com\/fr\/wp-json\/wp\/v2\/product\/976952","targetHints":{"allow":["GET"]}}],"collection":[{"href":"https:\/\/hubsch-interior.com\/fr\/wp-json\/wp\/v2\/product"}],"about":[{"href":"https:\/\/hubsch-interior.com\/fr\/wp-json\/wp\/v2\/types\/product"}],"wp:featuredmedia":[{"embeddable":true,"href":"https:\/\/hubsch-interior.com\/fr\/wp-json\/wp\/v2\/media\/1103480"}],"wp:attachment":[{"href":"https:\/\/hubsch-interior.com\/fr\/wp-json\/wp\/v2\/media?parent=976952"}],"wp:term":[{"taxonomy":"product_brand","embeddable":true,"href":"https:\/\/hubsch-interior.com\/fr\/wp-json\/wp\/v2\/product_brand?post=976952"},{"taxonomy":"product_cat","embeddable":true,"href":"https:\/\/hubsch-interior.com\/fr\/wp-json\/wp\/v2\/product_cat?post=976952"},{"taxonomy":"product_tag","embeddable":true,"href":"https:\/\/hubsch-interior.com\/fr\/wp-json\/wp\/v2\/product_tag?post=976952"}],"curies":[{"name":"wp","href":"https:\/\/api.w.org\/{rel}","templated":true}]}}