{"id":977004,"date":"2024-01-29T09:23:56","date_gmt":"2024-01-29T08:23:56","guid":{"rendered":"https:\/\/hubsch-interior.com\/product\/product\/"},"modified":"2026-04-09T04:51:48","modified_gmt":"2026-04-09T02:51:48","slug":"open-table-d-naturel","status":"publish","type":"product","link":"https:\/\/hubsch-interior.com\/fr\/produit\/open-table-d-naturel\/","title":{"rendered":"Open Table d Naturel"},"content":{"rendered":"<p>D\u00e9couvrez le parfait ajout \u00e0 votre chambre ou \u00e0 votre entr\u00e9e, la Table d&#8217;appoint\/\u00c9tag\u00e8re murale ouverte ! Fabriqu\u00e9e en placage de ch\u00eane certifi\u00e9 FSC, elle est non seulement esth\u00e9tique, mais aussi respectueuse de l&#8217;environnement. Avec son design minimaliste, elle s&#8217;accorde parfaitement avec n&#8217;importe quel style. Les deux \u00e9tag\u00e8res cach\u00e9es offrent un espace de rangement g\u00e9n\u00e9reux pour vos essentiels de nuit ou vos objets d&#8217;entr\u00e9e, tandis que l&#8217;\u00e9tag\u00e8re ouverte permet un acc\u00e8s facile \u00e0 vos articles couramment utilis\u00e9s. Ce meuble polyvalent peut \u00eatre fix\u00e9 au mur pr\u00e8s de votre lit ou dans l&#8217;entr\u00e9e, et peut m\u00eame \u00eatre utilis\u00e9 en miroir de chaque c\u00f4t\u00e9 de votre lit. Dites adieu au d\u00e9sordre et bonjour \u00e0 une solution compacte et gain de place avec la Table d&#8217;appoint\/\u00c9tag\u00e8re murale ouverte.<\/p>\n","protected":false},"excerpt":{"rendered":"<p>D\u00e9couvrez le parfait ajout \u00e0 votre chambre ou \u00e0 votre entr\u00e9e, la Table d&#8217;appoint\/\u00c9tag\u00e8re murale ouverte ! Fabriqu\u00e9e en placage de ch\u00eane certifi\u00e9 FSC, elle est non seulement esth\u00e9tique, mais aussi respectueuse de l&#8217;environnement. Avec son design minimaliste, elle s&#8217;accorde parfaitement avec n&#8217;importe quel style. Les deux \u00e9tag\u00e8res cach\u00e9es offrent un espace de rangement g\u00e9n\u00e9reux [&hellip;]<\/p>\n","protected":false},"featured_media":1103536,"template":"","meta":{"_acf_changed":false,"inline_featured_image":false},"product_brand":[],"product_cat":[6943,6882,4001,4023,6322,5026,6892,2859,4802],"product_tag":[],"class_list":{"0":"post-977004","1":"product","2":"type-product","3":"status-publish","4":"has-post-thumbnail","6":"product_cat-bestseller-2025-fr","7":"product_cat-elevating-nostalgia-fr","8":"product_cat-etageres-et-meubles-de-rangement-fr","9":"product_cat-etageres-murales-fr","10":"product_cat-fsc-fr","11":"product_cat-bestsellers-fr","12":"product_cat-meubles-multifonctionnels-fr","13":"product_cat-tables-fr","14":"product_cat-tables-de-chevet-fr","15":"product_shipping_class-pk","17":"pa_color-naturel-2","18":"pa_material-mdf-fr","19":"pa_material-placage-de-chne-2","21":"first","22":"instock","23":"featured","24":"taxable","25":"shipping-taxable","26":"purchasable","27":"product-type-simple"},"exclude_global_add_ons":[],"addons":[],"acf":[],"yoast_head":"<!-- This site is optimized with the Yoast SEO plugin v26.4 - https:\/\/yoast.com\/wordpress\/plugins\/seo\/ -->\n<title>Open Table d Naturel - H\u00fcbsch<\/title>\n<meta name=\"description\" content=\"D\u00e9couvrez le parfait ajout \u00e0 votre chambre ou \u00e0 votre entr\u00e9e, la Table d&#039;appoint\/\u00c9tag\u00e8re murale ouverte ! Fabriqu\u00e9e en placage de ch\u00eane certifi\u00e9 FSC, elle\" \/>\n<meta name=\"robots\" content=\"index, follow, max-snippet:-1, max-image-preview:large, max-video-preview:-1\" \/>\n<link rel=\"canonical\" href=\"https:\/\/hubsch-interior.com\/fr\/wp-json\/wp\/v2\/product\/977004\" \/>\n<meta property=\"og:locale\" content=\"fr_FR\" \/>\n<meta property=\"og:type\" content=\"article\" \/>\n<meta property=\"og:title\" content=\"Open Table d Naturel - H\u00fcbsch\" \/>\n<meta property=\"og:description\" content=\"D\u00e9couvrez le parfait ajout \u00e0 votre chambre ou \u00e0 votre entr\u00e9e, la Table d&#039;appoint\/\u00c9tag\u00e8re murale ouverte ! Fabriqu\u00e9e en placage de ch\u00eane certifi\u00e9 FSC, elle\" \/>\n<meta property=\"og:url\" content=\"https:\/\/hubsch-interior.com\/fr\/produit\/open-table-d-naturel\/\" \/>\n<meta property=\"og:site_name\" content=\"H\u00fcbsch\" \/>\n<meta property=\"article:modified_time\" content=\"2026-04-09T02:51:48+00:00\" \/>\n<meta property=\"og:image\" content=\"https:\/\/hubsch-interior.com\/wp-content\/uploads\/2025\/04\/open-wall-shelfbedside-table-natural-cd065feb548918d12cce6bad04c56fb5.jpg\" \/>\n\t<meta property=\"og:image:width\" content=\"1200\" \/>\n\t<meta property=\"og:image:height\" content=\"1200\" \/>\n\t<meta property=\"og:image:type\" content=\"image\/jpeg\" \/>\n<meta name=\"twitter:card\" content=\"summary_large_image\" \/>\n<meta name=\"twitter:label1\" content=\"Dur\u00e9e de lecture estim\u00e9e\" \/>\n\t<meta name=\"twitter:data1\" content=\"1 minute\" \/>\n<script type=\"application\/ld+json\" class=\"yoast-schema-graph\">{\"@context\":\"https:\/\/schema.org\",\"@graph\":[{\"@type\":\"WebPage\",\"@id\":\"https:\/\/hubsch-interior.com\/fr\/produit\/open-table-d-naturel\/\",\"url\":\"https:\/\/hubsch-interior.com\/fr\/produit\/open-table-d-naturel\/\",\"name\":\"Open Table d Naturel - H\u00fcbsch\",\"isPartOf\":{\"@id\":\"https:\/\/hubsch-interior.com\/fr\/#website\"},\"primaryImageOfPage\":{\"@id\":\"https:\/\/hubsch-interior.com\/fr\/produit\/open-table-d-naturel\/#primaryimage\"},\"image\":{\"@id\":\"https:\/\/hubsch-interior.com\/fr\/produit\/open-table-d-naturel\/#primaryimage\"},\"thumbnailUrl\":\"https:\/\/hubsch-interior.com\/wp-content\/uploads\/2026\/02\/open-wall-shelfbedside-table-natural-ec3ee2720d5310e0f374563c7c6b13a5.jpg\",\"datePublished\":\"2024-01-29T08:23:56+00:00\",\"dateModified\":\"2026-04-09T02:51:48+00:00\",\"description\":\"D\u00e9couvrez le parfait ajout \u00e0 votre chambre ou \u00e0 votre entr\u00e9e, la Table d'appoint\/\u00c9tag\u00e8re murale ouverte ! Fabriqu\u00e9e en placage de ch\u00eane certifi\u00e9 FSC, elle\",\"breadcrumb\":{\"@id\":\"https:\/\/hubsch-interior.com\/fr\/produit\/open-table-d-naturel\/#breadcrumb\"},\"inLanguage\":\"fr-FR\",\"potentialAction\":[{\"@type\":\"ReadAction\",\"target\":[\"https:\/\/hubsch-interior.com\/fr\/produit\/open-table-d-naturel\/\"]}]},{\"@type\":\"ImageObject\",\"inLanguage\":\"fr-FR\",\"@id\":\"https:\/\/hubsch-interior.com\/fr\/produit\/open-table-d-naturel\/#primaryimage\",\"url\":\"https:\/\/hubsch-interior.com\/wp-content\/uploads\/2026\/02\/open-wall-shelfbedside-table-natural-ec3ee2720d5310e0f374563c7c6b13a5.jpg\",\"contentUrl\":\"https:\/\/hubsch-interior.com\/wp-content\/uploads\/2026\/02\/open-wall-shelfbedside-table-natural-ec3ee2720d5310e0f374563c7c6b13a5.jpg\",\"width\":1024,\"height\":1024},{\"@type\":\"BreadcrumbList\",\"@id\":\"https:\/\/hubsch-interior.com\/fr\/produit\/open-table-d-naturel\/#breadcrumb\",\"itemListElement\":[{\"@type\":\"ListItem\",\"position\":1,\"name\":\"Page d'accueil\",\"item\":\"https:\/\/hubsch-interior.com\/fr\/\"},{\"@type\":\"ListItem\",\"position\":2,\"name\":\"Produits\",\"item\":\"https:\/\/hubsch-interior.com\/fr\/shop-2\/\"},{\"@type\":\"ListItem\",\"position\":3,\"name\":\"Meubles\",\"item\":\"https:\/\/hubsch-interior.com\/fr\/categorie-produit\/meubles\/\"},{\"@type\":\"ListItem\",\"position\":4,\"name\":\"Tables\",\"item\":\"https:\/\/hubsch-interior.com\/fr\/categorie-produit\/meubles\/tables-fr\/\"},{\"@type\":\"ListItem\",\"position\":5,\"name\":\"Tables de chevet\",\"item\":\"https:\/\/hubsch-interior.com\/fr\/categorie-produit\/meubles\/tables-fr\/tables-de-chevet-fr\/\"},{\"@type\":\"ListItem\",\"position\":6,\"name\":\"Open Table d Naturel\"}]},{\"@type\":\"WebSite\",\"@id\":\"https:\/\/hubsch-interior.com\/fr\/#website\",\"url\":\"https:\/\/hubsch-interior.com\/fr\/\",\"name\":\"H\u00fcbsch\",\"description\":\"Danish Home Interior and Design\",\"publisher\":{\"@id\":\"https:\/\/hubsch-interior.com\/fr\/#organization\"},\"potentialAction\":[{\"@type\":\"SearchAction\",\"target\":{\"@type\":\"EntryPoint\",\"urlTemplate\":\"https:\/\/hubsch-interior.com\/fr\/?s={search_term_string}\"},\"query-input\":{\"@type\":\"PropertyValueSpecification\",\"valueRequired\":true,\"valueName\":\"search_term_string\"}}],\"inLanguage\":\"fr-FR\"},{\"@type\":\"Organization\",\"@id\":\"https:\/\/hubsch-interior.com\/fr\/#organization\",\"name\":\"H\u00fcbsch\",\"url\":\"https:\/\/hubsch-interior.com\/fr\/\",\"logo\":{\"@type\":\"ImageObject\",\"inLanguage\":\"fr-FR\",\"@id\":\"https:\/\/hubsch-interior.com\/fr\/#\/schema\/logo\/image\/\",\"url\":\"https:\/\/hubsch-interior.com\/wp-content\/uploads\/2022\/12\/Hubsch_logo_black_one_line.svg\",\"contentUrl\":\"https:\/\/hubsch-interior.com\/wp-content\/uploads\/2022\/12\/Hubsch_logo_black_one_line.svg\",\"caption\":\"H\u00fcbsch\"},\"image\":{\"@id\":\"https:\/\/hubsch-interior.com\/fr\/#\/schema\/logo\/image\/\"}}]}<\/script>\n<!-- \/ Yoast SEO plugin. -->","yoast_head_json":{"title":"Open Table d Naturel - H\u00fcbsch","description":"D\u00e9couvrez le parfait ajout \u00e0 votre chambre ou \u00e0 votre entr\u00e9e, la Table d'appoint\/\u00c9tag\u00e8re murale ouverte ! Fabriqu\u00e9e en placage de ch\u00eane certifi\u00e9 FSC, elle","robots":{"index":"index","follow":"follow","max-snippet":"max-snippet:-1","max-image-preview":"max-image-preview:large","max-video-preview":"max-video-preview:-1"},"canonical":"https:\/\/hubsch-interior.com\/fr\/wp-json\/wp\/v2\/product\/977004","og_locale":"fr_FR","og_type":"article","og_title":"Open Table d Naturel - H\u00fcbsch","og_description":"D\u00e9couvrez le parfait ajout \u00e0 votre chambre ou \u00e0 votre entr\u00e9e, la Table d'appoint\/\u00c9tag\u00e8re murale ouverte ! Fabriqu\u00e9e en placage de ch\u00eane certifi\u00e9 FSC, elle","og_url":"https:\/\/hubsch-interior.com\/fr\/produit\/open-table-d-naturel\/","og_site_name":"H\u00fcbsch","article_modified_time":"2026-04-09T02:51:48+00:00","og_image":[{"width":1200,"height":1200,"url":"https:\/\/hubsch-interior.com\/wp-content\/uploads\/2025\/04\/open-wall-shelfbedside-table-natural-cd065feb548918d12cce6bad04c56fb5.jpg","type":"image\/jpeg"}],"twitter_card":"summary_large_image","twitter_misc":{"Dur\u00e9e de lecture estim\u00e9e":"1 minute"},"schema":{"@context":"https:\/\/schema.org","@graph":[{"@type":"WebPage","@id":"https:\/\/hubsch-interior.com\/fr\/produit\/open-table-d-naturel\/","url":"https:\/\/hubsch-interior.com\/fr\/produit\/open-table-d-naturel\/","name":"Open Table d Naturel - H\u00fcbsch","isPartOf":{"@id":"https:\/\/hubsch-interior.com\/fr\/#website"},"primaryImageOfPage":{"@id":"https:\/\/hubsch-interior.com\/fr\/produit\/open-table-d-naturel\/#primaryimage"},"image":{"@id":"https:\/\/hubsch-interior.com\/fr\/produit\/open-table-d-naturel\/#primaryimage"},"thumbnailUrl":"https:\/\/hubsch-interior.com\/wp-content\/uploads\/2026\/02\/open-wall-shelfbedside-table-natural-ec3ee2720d5310e0f374563c7c6b13a5.jpg","datePublished":"2024-01-29T08:23:56+00:00","dateModified":"2026-04-09T02:51:48+00:00","description":"D\u00e9couvrez le parfait ajout \u00e0 votre chambre ou \u00e0 votre entr\u00e9e, la Table d'appoint\/\u00c9tag\u00e8re murale ouverte ! Fabriqu\u00e9e en placage de ch\u00eane certifi\u00e9 FSC, elle","breadcrumb":{"@id":"https:\/\/hubsch-interior.com\/fr\/produit\/open-table-d-naturel\/#breadcrumb"},"inLanguage":"fr-FR","potentialAction":[{"@type":"ReadAction","target":["https:\/\/hubsch-interior.com\/fr\/produit\/open-table-d-naturel\/"]}]},{"@type":"ImageObject","inLanguage":"fr-FR","@id":"https:\/\/hubsch-interior.com\/fr\/produit\/open-table-d-naturel\/#primaryimage","url":"https:\/\/hubsch-interior.com\/wp-content\/uploads\/2026\/02\/open-wall-shelfbedside-table-natural-ec3ee2720d5310e0f374563c7c6b13a5.jpg","contentUrl":"https:\/\/hubsch-interior.com\/wp-content\/uploads\/2026\/02\/open-wall-shelfbedside-table-natural-ec3ee2720d5310e0f374563c7c6b13a5.jpg","width":1024,"height":1024},{"@type":"BreadcrumbList","@id":"https:\/\/hubsch-interior.com\/fr\/produit\/open-table-d-naturel\/#breadcrumb","itemListElement":[{"@type":"ListItem","position":1,"name":"Page d'accueil","item":"https:\/\/hubsch-interior.com\/fr\/"},{"@type":"ListItem","position":2,"name":"Produits","item":"https:\/\/hubsch-interior.com\/fr\/shop-2\/"},{"@type":"ListItem","position":3,"name":"Meubles","item":"https:\/\/hubsch-interior.com\/fr\/categorie-produit\/meubles\/"},{"@type":"ListItem","position":4,"name":"Tables","item":"https:\/\/hubsch-interior.com\/fr\/categorie-produit\/meubles\/tables-fr\/"},{"@type":"ListItem","position":5,"name":"Tables de chevet","item":"https:\/\/hubsch-interior.com\/fr\/categorie-produit\/meubles\/tables-fr\/tables-de-chevet-fr\/"},{"@type":"ListItem","position":6,"name":"Open Table d Naturel"}]},{"@type":"WebSite","@id":"https:\/\/hubsch-interior.com\/fr\/#website","url":"https:\/\/hubsch-interior.com\/fr\/","name":"H\u00fcbsch","description":"Danish Home Interior and Design","publisher":{"@id":"https:\/\/hubsch-interior.com\/fr\/#organization"},"potentialAction":[{"@type":"SearchAction","target":{"@type":"EntryPoint","urlTemplate":"https:\/\/hubsch-interior.com\/fr\/?s={search_term_string}"},"query-input":{"@type":"PropertyValueSpecification","valueRequired":true,"valueName":"search_term_string"}}],"inLanguage":"fr-FR"},{"@type":"Organization","@id":"https:\/\/hubsch-interior.com\/fr\/#organization","name":"H\u00fcbsch","url":"https:\/\/hubsch-interior.com\/fr\/","logo":{"@type":"ImageObject","inLanguage":"fr-FR","@id":"https:\/\/hubsch-interior.com\/fr\/#\/schema\/logo\/image\/","url":"https:\/\/hubsch-interior.com\/wp-content\/uploads\/2022\/12\/Hubsch_logo_black_one_line.svg","contentUrl":"https:\/\/hubsch-interior.com\/wp-content\/uploads\/2022\/12\/Hubsch_logo_black_one_line.svg","caption":"H\u00fcbsch"},"image":{"@id":"https:\/\/hubsch-interior.com\/fr\/#\/schema\/logo\/image\/"}}]}},"_links":{"self":[{"href":"https:\/\/hubsch-interior.com\/fr\/wp-json\/wp\/v2\/product\/977004","targetHints":{"allow":["GET"]}}],"collection":[{"href":"https:\/\/hubsch-interior.com\/fr\/wp-json\/wp\/v2\/product"}],"about":[{"href":"https:\/\/hubsch-interior.com\/fr\/wp-json\/wp\/v2\/types\/product"}],"wp:featuredmedia":[{"embeddable":true,"href":"https:\/\/hubsch-interior.com\/fr\/wp-json\/wp\/v2\/media\/1103536"}],"wp:attachment":[{"href":"https:\/\/hubsch-interior.com\/fr\/wp-json\/wp\/v2\/media?parent=977004"}],"wp:term":[{"taxonomy":"product_brand","embeddable":true,"href":"https:\/\/hubsch-interior.com\/fr\/wp-json\/wp\/v2\/product_brand?post=977004"},{"taxonomy":"product_cat","embeddable":true,"href":"https:\/\/hubsch-interior.com\/fr\/wp-json\/wp\/v2\/product_cat?post=977004"},{"taxonomy":"product_tag","embeddable":true,"href":"https:\/\/hubsch-interior.com\/fr\/wp-json\/wp\/v2\/product_tag?post=977004"}],"curies":[{"name":"wp","href":"https:\/\/api.w.org\/{rel}","templated":true}]}}