{"id":977032,"date":"2024-01-29T09:24:17","date_gmt":"2024-01-29T08:24:17","guid":{"rendered":"https:\/\/hubsch-interior.com\/product\/product\/"},"modified":"2026-04-09T04:51:54","modified_gmt":"2026-04-09T02:51:54","slug":"forma-jardiniere-naturel","status":"publish","type":"product","link":"https:\/\/hubsch-interior.com\/fr\/produit\/forma-jardiniere-naturel\/","title":{"rendered":"Forma Jardini\u00e8re Naturel"},"content":{"rendered":"<p>D\u00e9couvrez la Forma Jardini\u00e8re \u2014 votre nouvel alli\u00e9 pour le rangement et l&#8217;organisation. Fabriqu\u00e9e en placage de ch\u00eane certifi\u00e9 FSC, cette conception compacte et polyvalente est aussi fonctionnelle que styl\u00e9e. Sa forme \u00e9l\u00e9gante et pointue, associ\u00e9e \u00e0 sa couleur naturelle, apporte une touche \u00e9l\u00e9gante et \u00e9pur\u00e9e \u00e0 n&#8217;importe quelle pi\u00e8ce. Parfaite non seulement pour les plantes, mais aussi pour tout ce que vous avez besoin de ranger. Dites adieu au d\u00e9sordre et bonjour \u00e0 la Forma Jardini\u00e8re.<\/p>\n","protected":false},"excerpt":{"rendered":"<p>D\u00e9couvrez la Forma Jardini\u00e8re \u2014 votre nouvel alli\u00e9 pour le rangement et l&#8217;organisation. Fabriqu\u00e9e en placage de ch\u00eane certifi\u00e9 FSC, cette conception compacte et polyvalente est aussi fonctionnelle que styl\u00e9e. Sa forme \u00e9l\u00e9gante et pointue, associ\u00e9e \u00e0 sa couleur naturelle, apporte une touche \u00e9l\u00e9gante et \u00e9pur\u00e9e \u00e0 n&#8217;importe quelle pi\u00e8ce. Parfaite non seulement pour les [&hellip;]<\/p>\n","protected":false},"featured_media":1103556,"template":"","meta":{"_acf_changed":false,"inline_featured_image":false},"product_brand":[],"product_cat":[6882,6896,6892,6322,4914,4915],"product_tag":[],"class_list":{"0":"post-977032","1":"product","2":"type-product","3":"status-publish","4":"has-post-thumbnail","6":"product_cat-elevating-nostalgia-fr","7":"product_cat-forma-series-fr","8":"product_cat-meubles-multifonctionnels-fr","9":"product_cat-fsc-fr","10":"product_cat-pots-de-fleur-et-arrosior-fr","11":"product_cat-pots-de-fleurs-fr","12":"product_shipping_class-pk","14":"pa_color-naturel-2","15":"pa_material-mdf-fr","16":"pa_material-placage-de-chne-2","18":"first","19":"instock","20":"taxable","21":"shipping-taxable","22":"purchasable","23":"product-type-simple"},"exclude_global_add_ons":[],"addons":[],"acf":[],"yoast_head":"<!-- This site is optimized with the Yoast SEO plugin v26.4 - https:\/\/yoast.com\/wordpress\/plugins\/seo\/ -->\n<title>Forma Jardini\u00e8re Naturel - H\u00fcbsch<\/title>\n<meta name=\"description\" content=\"D\u00e9couvrez la Forma Jardini\u00e8re \u2014 votre nouvel alli\u00e9 pour le rangement et l&#039;organisation. Fabriqu\u00e9e en placage de ch\u00eane certifi\u00e9 FSC, cette conception\" \/>\n<meta name=\"robots\" content=\"index, follow, max-snippet:-1, max-image-preview:large, max-video-preview:-1\" \/>\n<link rel=\"canonical\" href=\"https:\/\/hubsch-interior.com\/fr\/wp-json\/wp\/v2\/product\/977032\" \/>\n<meta property=\"og:locale\" content=\"fr_FR\" \/>\n<meta property=\"og:type\" content=\"article\" \/>\n<meta property=\"og:title\" content=\"Forma Jardini\u00e8re Naturel - H\u00fcbsch\" \/>\n<meta property=\"og:description\" content=\"D\u00e9couvrez la Forma Jardini\u00e8re \u2014 votre nouvel alli\u00e9 pour le rangement et l&#039;organisation. Fabriqu\u00e9e en placage de ch\u00eane certifi\u00e9 FSC, cette conception\" \/>\n<meta property=\"og:url\" content=\"https:\/\/hubsch-interior.com\/fr\/produit\/forma-jardiniere-naturel\/\" \/>\n<meta property=\"og:site_name\" content=\"H\u00fcbsch\" \/>\n<meta property=\"article:modified_time\" content=\"2026-04-09T02:51:54+00:00\" \/>\n<meta property=\"og:image\" content=\"https:\/\/hubsch-interior.com\/wp-content\/uploads\/2024\/06\/forma-planter-natural-55b37a329bb89a0d8f707b0494af6954.jpg\" \/>\n\t<meta property=\"og:image:width\" content=\"1200\" \/>\n\t<meta property=\"og:image:height\" content=\"1200\" \/>\n\t<meta property=\"og:image:type\" content=\"image\/jpeg\" \/>\n<meta name=\"twitter:card\" content=\"summary_large_image\" \/>\n<script type=\"application\/ld+json\" class=\"yoast-schema-graph\">{\"@context\":\"https:\/\/schema.org\",\"@graph\":[{\"@type\":\"WebPage\",\"@id\":\"https:\/\/hubsch-interior.com\/fr\/produit\/forma-jardiniere-naturel\/\",\"url\":\"https:\/\/hubsch-interior.com\/fr\/produit\/forma-jardiniere-naturel\/\",\"name\":\"Forma Jardini\u00e8re Naturel - H\u00fcbsch\",\"isPartOf\":{\"@id\":\"https:\/\/hubsch-interior.com\/fr\/#website\"},\"primaryImageOfPage\":{\"@id\":\"https:\/\/hubsch-interior.com\/fr\/produit\/forma-jardiniere-naturel\/#primaryimage\"},\"image\":{\"@id\":\"https:\/\/hubsch-interior.com\/fr\/produit\/forma-jardiniere-naturel\/#primaryimage\"},\"thumbnailUrl\":\"https:\/\/hubsch-interior.com\/wp-content\/uploads\/2026\/02\/forma-planter-natural-03e82f75682101a163705b68cb6488bb.jpg\",\"datePublished\":\"2024-01-29T08:24:17+00:00\",\"dateModified\":\"2026-04-09T02:51:54+00:00\",\"description\":\"D\u00e9couvrez la Forma Jardini\u00e8re \u2014 votre nouvel alli\u00e9 pour le rangement et l'organisation. Fabriqu\u00e9e en placage de ch\u00eane certifi\u00e9 FSC, cette conception\",\"breadcrumb\":{\"@id\":\"https:\/\/hubsch-interior.com\/fr\/produit\/forma-jardiniere-naturel\/#breadcrumb\"},\"inLanguage\":\"fr-FR\",\"potentialAction\":[{\"@type\":\"ReadAction\",\"target\":[\"https:\/\/hubsch-interior.com\/fr\/produit\/forma-jardiniere-naturel\/\"]}]},{\"@type\":\"ImageObject\",\"inLanguage\":\"fr-FR\",\"@id\":\"https:\/\/hubsch-interior.com\/fr\/produit\/forma-jardiniere-naturel\/#primaryimage\",\"url\":\"https:\/\/hubsch-interior.com\/wp-content\/uploads\/2026\/02\/forma-planter-natural-03e82f75682101a163705b68cb6488bb.jpg\",\"contentUrl\":\"https:\/\/hubsch-interior.com\/wp-content\/uploads\/2026\/02\/forma-planter-natural-03e82f75682101a163705b68cb6488bb.jpg\",\"width\":1024,\"height\":1024},{\"@type\":\"BreadcrumbList\",\"@id\":\"https:\/\/hubsch-interior.com\/fr\/produit\/forma-jardiniere-naturel\/#breadcrumb\",\"itemListElement\":[{\"@type\":\"ListItem\",\"position\":1,\"name\":\"Page d'accueil\",\"item\":\"https:\/\/hubsch-interior.com\/fr\/\"},{\"@type\":\"ListItem\",\"position\":2,\"name\":\"Produits\",\"item\":\"https:\/\/hubsch-interior.com\/fr\/shop-2\/\"},{\"@type\":\"ListItem\",\"position\":3,\"name\":\"Accessoires maison\",\"item\":\"https:\/\/hubsch-interior.com\/fr\/categorie-produit\/accessoires-maison\/\"},{\"@type\":\"ListItem\",\"position\":4,\"name\":\"Pots de fleur et arrosior\",\"item\":\"https:\/\/hubsch-interior.com\/fr\/categorie-produit\/accessoires-maison\/pots-de-fleur-et-arrosior-fr\/\"},{\"@type\":\"ListItem\",\"position\":5,\"name\":\"Pots de fleurs\",\"item\":\"https:\/\/hubsch-interior.com\/fr\/categorie-produit\/accessoires-maison\/pots-de-fleur-et-arrosior-fr\/pots-de-fleurs-fr\/\"},{\"@type\":\"ListItem\",\"position\":6,\"name\":\"Forma Jardini\u00e8re Naturel\"}]},{\"@type\":\"WebSite\",\"@id\":\"https:\/\/hubsch-interior.com\/fr\/#website\",\"url\":\"https:\/\/hubsch-interior.com\/fr\/\",\"name\":\"H\u00fcbsch\",\"description\":\"Danish Home Interior and Design\",\"publisher\":{\"@id\":\"https:\/\/hubsch-interior.com\/fr\/#organization\"},\"potentialAction\":[{\"@type\":\"SearchAction\",\"target\":{\"@type\":\"EntryPoint\",\"urlTemplate\":\"https:\/\/hubsch-interior.com\/fr\/?s={search_term_string}\"},\"query-input\":{\"@type\":\"PropertyValueSpecification\",\"valueRequired\":true,\"valueName\":\"search_term_string\"}}],\"inLanguage\":\"fr-FR\"},{\"@type\":\"Organization\",\"@id\":\"https:\/\/hubsch-interior.com\/fr\/#organization\",\"name\":\"H\u00fcbsch\",\"url\":\"https:\/\/hubsch-interior.com\/fr\/\",\"logo\":{\"@type\":\"ImageObject\",\"inLanguage\":\"fr-FR\",\"@id\":\"https:\/\/hubsch-interior.com\/fr\/#\/schema\/logo\/image\/\",\"url\":\"https:\/\/hubsch-interior.com\/wp-content\/uploads\/2022\/12\/Hubsch_logo_black_one_line.svg\",\"contentUrl\":\"https:\/\/hubsch-interior.com\/wp-content\/uploads\/2022\/12\/Hubsch_logo_black_one_line.svg\",\"caption\":\"H\u00fcbsch\"},\"image\":{\"@id\":\"https:\/\/hubsch-interior.com\/fr\/#\/schema\/logo\/image\/\"}}]}<\/script>\n<!-- \/ Yoast SEO plugin. -->","yoast_head_json":{"title":"Forma Jardini\u00e8re Naturel - H\u00fcbsch","description":"D\u00e9couvrez la Forma Jardini\u00e8re \u2014 votre nouvel alli\u00e9 pour le rangement et l'organisation. Fabriqu\u00e9e en placage de ch\u00eane certifi\u00e9 FSC, cette conception","robots":{"index":"index","follow":"follow","max-snippet":"max-snippet:-1","max-image-preview":"max-image-preview:large","max-video-preview":"max-video-preview:-1"},"canonical":"https:\/\/hubsch-interior.com\/fr\/wp-json\/wp\/v2\/product\/977032","og_locale":"fr_FR","og_type":"article","og_title":"Forma Jardini\u00e8re Naturel - H\u00fcbsch","og_description":"D\u00e9couvrez la Forma Jardini\u00e8re \u2014 votre nouvel alli\u00e9 pour le rangement et l'organisation. Fabriqu\u00e9e en placage de ch\u00eane certifi\u00e9 FSC, cette conception","og_url":"https:\/\/hubsch-interior.com\/fr\/produit\/forma-jardiniere-naturel\/","og_site_name":"H\u00fcbsch","article_modified_time":"2026-04-09T02:51:54+00:00","og_image":[{"width":1200,"height":1200,"url":"https:\/\/hubsch-interior.com\/wp-content\/uploads\/2024\/06\/forma-planter-natural-55b37a329bb89a0d8f707b0494af6954.jpg","type":"image\/jpeg"}],"twitter_card":"summary_large_image","schema":{"@context":"https:\/\/schema.org","@graph":[{"@type":"WebPage","@id":"https:\/\/hubsch-interior.com\/fr\/produit\/forma-jardiniere-naturel\/","url":"https:\/\/hubsch-interior.com\/fr\/produit\/forma-jardiniere-naturel\/","name":"Forma Jardini\u00e8re Naturel - H\u00fcbsch","isPartOf":{"@id":"https:\/\/hubsch-interior.com\/fr\/#website"},"primaryImageOfPage":{"@id":"https:\/\/hubsch-interior.com\/fr\/produit\/forma-jardiniere-naturel\/#primaryimage"},"image":{"@id":"https:\/\/hubsch-interior.com\/fr\/produit\/forma-jardiniere-naturel\/#primaryimage"},"thumbnailUrl":"https:\/\/hubsch-interior.com\/wp-content\/uploads\/2026\/02\/forma-planter-natural-03e82f75682101a163705b68cb6488bb.jpg","datePublished":"2024-01-29T08:24:17+00:00","dateModified":"2026-04-09T02:51:54+00:00","description":"D\u00e9couvrez la Forma Jardini\u00e8re \u2014 votre nouvel alli\u00e9 pour le rangement et l'organisation. Fabriqu\u00e9e en placage de ch\u00eane certifi\u00e9 FSC, cette conception","breadcrumb":{"@id":"https:\/\/hubsch-interior.com\/fr\/produit\/forma-jardiniere-naturel\/#breadcrumb"},"inLanguage":"fr-FR","potentialAction":[{"@type":"ReadAction","target":["https:\/\/hubsch-interior.com\/fr\/produit\/forma-jardiniere-naturel\/"]}]},{"@type":"ImageObject","inLanguage":"fr-FR","@id":"https:\/\/hubsch-interior.com\/fr\/produit\/forma-jardiniere-naturel\/#primaryimage","url":"https:\/\/hubsch-interior.com\/wp-content\/uploads\/2026\/02\/forma-planter-natural-03e82f75682101a163705b68cb6488bb.jpg","contentUrl":"https:\/\/hubsch-interior.com\/wp-content\/uploads\/2026\/02\/forma-planter-natural-03e82f75682101a163705b68cb6488bb.jpg","width":1024,"height":1024},{"@type":"BreadcrumbList","@id":"https:\/\/hubsch-interior.com\/fr\/produit\/forma-jardiniere-naturel\/#breadcrumb","itemListElement":[{"@type":"ListItem","position":1,"name":"Page d'accueil","item":"https:\/\/hubsch-interior.com\/fr\/"},{"@type":"ListItem","position":2,"name":"Produits","item":"https:\/\/hubsch-interior.com\/fr\/shop-2\/"},{"@type":"ListItem","position":3,"name":"Accessoires maison","item":"https:\/\/hubsch-interior.com\/fr\/categorie-produit\/accessoires-maison\/"},{"@type":"ListItem","position":4,"name":"Pots de fleur et arrosior","item":"https:\/\/hubsch-interior.com\/fr\/categorie-produit\/accessoires-maison\/pots-de-fleur-et-arrosior-fr\/"},{"@type":"ListItem","position":5,"name":"Pots de fleurs","item":"https:\/\/hubsch-interior.com\/fr\/categorie-produit\/accessoires-maison\/pots-de-fleur-et-arrosior-fr\/pots-de-fleurs-fr\/"},{"@type":"ListItem","position":6,"name":"Forma Jardini\u00e8re Naturel"}]},{"@type":"WebSite","@id":"https:\/\/hubsch-interior.com\/fr\/#website","url":"https:\/\/hubsch-interior.com\/fr\/","name":"H\u00fcbsch","description":"Danish Home Interior and Design","publisher":{"@id":"https:\/\/hubsch-interior.com\/fr\/#organization"},"potentialAction":[{"@type":"SearchAction","target":{"@type":"EntryPoint","urlTemplate":"https:\/\/hubsch-interior.com\/fr\/?s={search_term_string}"},"query-input":{"@type":"PropertyValueSpecification","valueRequired":true,"valueName":"search_term_string"}}],"inLanguage":"fr-FR"},{"@type":"Organization","@id":"https:\/\/hubsch-interior.com\/fr\/#organization","name":"H\u00fcbsch","url":"https:\/\/hubsch-interior.com\/fr\/","logo":{"@type":"ImageObject","inLanguage":"fr-FR","@id":"https:\/\/hubsch-interior.com\/fr\/#\/schema\/logo\/image\/","url":"https:\/\/hubsch-interior.com\/wp-content\/uploads\/2022\/12\/Hubsch_logo_black_one_line.svg","contentUrl":"https:\/\/hubsch-interior.com\/wp-content\/uploads\/2022\/12\/Hubsch_logo_black_one_line.svg","caption":"H\u00fcbsch"},"image":{"@id":"https:\/\/hubsch-interior.com\/fr\/#\/schema\/logo\/image\/"}}]}},"_links":{"self":[{"href":"https:\/\/hubsch-interior.com\/fr\/wp-json\/wp\/v2\/product\/977032","targetHints":{"allow":["GET"]}}],"collection":[{"href":"https:\/\/hubsch-interior.com\/fr\/wp-json\/wp\/v2\/product"}],"about":[{"href":"https:\/\/hubsch-interior.com\/fr\/wp-json\/wp\/v2\/types\/product"}],"wp:featuredmedia":[{"embeddable":true,"href":"https:\/\/hubsch-interior.com\/fr\/wp-json\/wp\/v2\/media\/1103556"}],"wp:attachment":[{"href":"https:\/\/hubsch-interior.com\/fr\/wp-json\/wp\/v2\/media?parent=977032"}],"wp:term":[{"taxonomy":"product_brand","embeddable":true,"href":"https:\/\/hubsch-interior.com\/fr\/wp-json\/wp\/v2\/product_brand?post=977032"},{"taxonomy":"product_cat","embeddable":true,"href":"https:\/\/hubsch-interior.com\/fr\/wp-json\/wp\/v2\/product_cat?post=977032"},{"taxonomy":"product_tag","embeddable":true,"href":"https:\/\/hubsch-interior.com\/fr\/wp-json\/wp\/v2\/product_tag?post=977032"}],"curies":[{"name":"wp","href":"https:\/\/api.w.org\/{rel}","templated":true}]}}