{"id":977104,"date":"2024-01-29T09:25:01","date_gmt":"2024-01-29T08:25:01","guid":{"rendered":"https:\/\/hubsch-interior.com\/product\/product\/"},"modified":"2026-04-09T04:52:00","modified_gmt":"2026-04-09T02:52:00","slug":"forma-table-d-naturel","status":"publish","type":"product","link":"https:\/\/hubsch-interior.com\/fr\/produit\/forma-table-d-naturel\/","title":{"rendered":"Forma Table d Naturel"},"content":{"rendered":"<p>D\u00e9couvrez la Table d&#8217;appoint Forma, un ajout magnifique \u00e0 tout espace de vie. Fabriqu\u00e9e en ch\u00eane naturel et en placage certifi\u00e9 FSC, cette pi\u00e8ce compacte arbore une forme tranchante et audacieuse, apportant une touche d&#8217;\u00e9l\u00e9gance contemporaine \u00e0 votre maison. Ses lignes \u00e9l\u00e9gantes et son apparence sculpturale en font une v\u00e9ritable pi\u00e8ce ma\u00eetresse, tandis que son design intemporel et de haute qualit\u00e9 garantit une durabilit\u00e9 durable.<\/p>\n","protected":false},"excerpt":{"rendered":"<p>D\u00e9couvrez la Table d&#8217;appoint Forma, un ajout magnifique \u00e0 tout espace de vie. Fabriqu\u00e9e en ch\u00eane naturel et en placage certifi\u00e9 FSC, cette pi\u00e8ce compacte arbore une forme tranchante et audacieuse, apportant une touche d&#8217;\u00e9l\u00e9gance contemporaine \u00e0 votre maison. Ses lignes \u00e9l\u00e9gantes et son apparence sculpturale en font une v\u00e9ritable pi\u00e8ce ma\u00eetresse, tandis que son [&hellip;]<\/p>\n","protected":false},"featured_media":1103616,"template":"","meta":{"_acf_changed":false,"inline_featured_image":false},"product_brand":[],"product_cat":[6882,6896,6322,2859,4027,2873,5026],"product_tag":[],"class_list":{"0":"post-977104","1":"product","2":"type-product","3":"status-publish","4":"has-post-thumbnail","6":"product_cat-elevating-nostalgia-fr","7":"product_cat-forma-series-fr","8":"product_cat-fsc-fr","9":"product_cat-tables-fr","10":"product_cat-tables-dappoint-fr","11":"product_cat-tables-basses-fr","12":"product_cat-bestsellers-fr","13":"product_shipping_class-pk","15":"pa_color-naturel-2","16":"pa_material-mdf-fr","17":"pa_material-bois-de-chne-2","18":"pa_material-placage-de-chne-2","20":"first","21":"instock","22":"featured","23":"taxable","24":"shipping-taxable","25":"purchasable","26":"product-type-simple"},"exclude_global_add_ons":[],"addons":[],"acf":[],"yoast_head":"<!-- This site is optimized with the Yoast SEO plugin v26.4 - https:\/\/yoast.com\/wordpress\/plugins\/seo\/ -->\n<title>Forma Table d Naturel - H\u00fcbsch<\/title>\n<meta name=\"description\" content=\"D\u00e9couvrez la Table d&#039;appoint Forma, un ajout magnifique \u00e0 tout espace de vie. Fabriqu\u00e9e en ch\u00eane naturel et en placage certifi\u00e9 FSC, cette pi\u00e8ce compacte\" \/>\n<meta name=\"robots\" content=\"index, follow, max-snippet:-1, max-image-preview:large, max-video-preview:-1\" \/>\n<link rel=\"canonical\" href=\"https:\/\/hubsch-interior.com\/fr\/wp-json\/wp\/v2\/product\/977104\" \/>\n<meta property=\"og:locale\" content=\"fr_FR\" \/>\n<meta property=\"og:type\" content=\"article\" \/>\n<meta property=\"og:title\" content=\"Forma Table d Naturel - H\u00fcbsch\" \/>\n<meta property=\"og:description\" content=\"D\u00e9couvrez la Table d&#039;appoint Forma, un ajout magnifique \u00e0 tout espace de vie. Fabriqu\u00e9e en ch\u00eane naturel et en placage certifi\u00e9 FSC, cette pi\u00e8ce compacte\" \/>\n<meta property=\"og:url\" content=\"https:\/\/hubsch-interior.com\/fr\/produit\/forma-table-d-naturel\/\" \/>\n<meta property=\"og:site_name\" content=\"H\u00fcbsch\" \/>\n<meta property=\"article:modified_time\" content=\"2026-04-09T02:52:00+00:00\" \/>\n<meta property=\"og:image\" content=\"https:\/\/hubsch-interior.com\/wp-content\/uploads\/2025\/04\/forma-side-table-natural-75a75845f944417d70dcd082764e0e79.jpg\" \/>\n\t<meta property=\"og:image:width\" content=\"1200\" \/>\n\t<meta property=\"og:image:height\" content=\"1200\" \/>\n\t<meta property=\"og:image:type\" content=\"image\/jpeg\" \/>\n<meta name=\"twitter:card\" content=\"summary_large_image\" \/>\n<script type=\"application\/ld+json\" class=\"yoast-schema-graph\">{\"@context\":\"https:\/\/schema.org\",\"@graph\":[{\"@type\":\"WebPage\",\"@id\":\"https:\/\/hubsch-interior.com\/fr\/produit\/forma-table-d-naturel\/\",\"url\":\"https:\/\/hubsch-interior.com\/fr\/produit\/forma-table-d-naturel\/\",\"name\":\"Forma Table d Naturel - H\u00fcbsch\",\"isPartOf\":{\"@id\":\"https:\/\/hubsch-interior.com\/fr\/#website\"},\"primaryImageOfPage\":{\"@id\":\"https:\/\/hubsch-interior.com\/fr\/produit\/forma-table-d-naturel\/#primaryimage\"},\"image\":{\"@id\":\"https:\/\/hubsch-interior.com\/fr\/produit\/forma-table-d-naturel\/#primaryimage\"},\"thumbnailUrl\":\"https:\/\/hubsch-interior.com\/wp-content\/uploads\/2026\/02\/forma-side-table-natural-e8e42537836191107b1752947abadcff.jpg\",\"datePublished\":\"2024-01-29T08:25:01+00:00\",\"dateModified\":\"2026-04-09T02:52:00+00:00\",\"description\":\"D\u00e9couvrez la Table d'appoint Forma, un ajout magnifique \u00e0 tout espace de vie. Fabriqu\u00e9e en ch\u00eane naturel et en placage certifi\u00e9 FSC, cette pi\u00e8ce compacte\",\"breadcrumb\":{\"@id\":\"https:\/\/hubsch-interior.com\/fr\/produit\/forma-table-d-naturel\/#breadcrumb\"},\"inLanguage\":\"fr-FR\",\"potentialAction\":[{\"@type\":\"ReadAction\",\"target\":[\"https:\/\/hubsch-interior.com\/fr\/produit\/forma-table-d-naturel\/\"]}]},{\"@type\":\"ImageObject\",\"inLanguage\":\"fr-FR\",\"@id\":\"https:\/\/hubsch-interior.com\/fr\/produit\/forma-table-d-naturel\/#primaryimage\",\"url\":\"https:\/\/hubsch-interior.com\/wp-content\/uploads\/2026\/02\/forma-side-table-natural-e8e42537836191107b1752947abadcff.jpg\",\"contentUrl\":\"https:\/\/hubsch-interior.com\/wp-content\/uploads\/2026\/02\/forma-side-table-natural-e8e42537836191107b1752947abadcff.jpg\",\"width\":1024,\"height\":1024},{\"@type\":\"BreadcrumbList\",\"@id\":\"https:\/\/hubsch-interior.com\/fr\/produit\/forma-table-d-naturel\/#breadcrumb\",\"itemListElement\":[{\"@type\":\"ListItem\",\"position\":1,\"name\":\"Page d'accueil\",\"item\":\"https:\/\/hubsch-interior.com\/fr\/\"},{\"@type\":\"ListItem\",\"position\":2,\"name\":\"Produits\",\"item\":\"https:\/\/hubsch-interior.com\/fr\/shop-2\/\"},{\"@type\":\"ListItem\",\"position\":3,\"name\":\"Meubles\",\"item\":\"https:\/\/hubsch-interior.com\/fr\/categorie-produit\/meubles\/\"},{\"@type\":\"ListItem\",\"position\":4,\"name\":\"Tables\",\"item\":\"https:\/\/hubsch-interior.com\/fr\/categorie-produit\/meubles\/tables-fr\/\"},{\"@type\":\"ListItem\",\"position\":5,\"name\":\"Tables basses\",\"item\":\"https:\/\/hubsch-interior.com\/fr\/categorie-produit\/meubles\/tables-fr\/tables-basses-fr\/\"},{\"@type\":\"ListItem\",\"position\":6,\"name\":\"Forma Table d Naturel\"}]},{\"@type\":\"WebSite\",\"@id\":\"https:\/\/hubsch-interior.com\/fr\/#website\",\"url\":\"https:\/\/hubsch-interior.com\/fr\/\",\"name\":\"H\u00fcbsch\",\"description\":\"Danish Home Interior and Design\",\"publisher\":{\"@id\":\"https:\/\/hubsch-interior.com\/fr\/#organization\"},\"potentialAction\":[{\"@type\":\"SearchAction\",\"target\":{\"@type\":\"EntryPoint\",\"urlTemplate\":\"https:\/\/hubsch-interior.com\/fr\/?s={search_term_string}\"},\"query-input\":{\"@type\":\"PropertyValueSpecification\",\"valueRequired\":true,\"valueName\":\"search_term_string\"}}],\"inLanguage\":\"fr-FR\"},{\"@type\":\"Organization\",\"@id\":\"https:\/\/hubsch-interior.com\/fr\/#organization\",\"name\":\"H\u00fcbsch\",\"url\":\"https:\/\/hubsch-interior.com\/fr\/\",\"logo\":{\"@type\":\"ImageObject\",\"inLanguage\":\"fr-FR\",\"@id\":\"https:\/\/hubsch-interior.com\/fr\/#\/schema\/logo\/image\/\",\"url\":\"https:\/\/hubsch-interior.com\/wp-content\/uploads\/2022\/12\/Hubsch_logo_black_one_line.svg\",\"contentUrl\":\"https:\/\/hubsch-interior.com\/wp-content\/uploads\/2022\/12\/Hubsch_logo_black_one_line.svg\",\"caption\":\"H\u00fcbsch\"},\"image\":{\"@id\":\"https:\/\/hubsch-interior.com\/fr\/#\/schema\/logo\/image\/\"}}]}<\/script>\n<!-- \/ Yoast SEO plugin. -->","yoast_head_json":{"title":"Forma Table d Naturel - H\u00fcbsch","description":"D\u00e9couvrez la Table d'appoint Forma, un ajout magnifique \u00e0 tout espace de vie. Fabriqu\u00e9e en ch\u00eane naturel et en placage certifi\u00e9 FSC, cette pi\u00e8ce compacte","robots":{"index":"index","follow":"follow","max-snippet":"max-snippet:-1","max-image-preview":"max-image-preview:large","max-video-preview":"max-video-preview:-1"},"canonical":"https:\/\/hubsch-interior.com\/fr\/wp-json\/wp\/v2\/product\/977104","og_locale":"fr_FR","og_type":"article","og_title":"Forma Table d Naturel - H\u00fcbsch","og_description":"D\u00e9couvrez la Table d'appoint Forma, un ajout magnifique \u00e0 tout espace de vie. Fabriqu\u00e9e en ch\u00eane naturel et en placage certifi\u00e9 FSC, cette pi\u00e8ce compacte","og_url":"https:\/\/hubsch-interior.com\/fr\/produit\/forma-table-d-naturel\/","og_site_name":"H\u00fcbsch","article_modified_time":"2026-04-09T02:52:00+00:00","og_image":[{"width":1200,"height":1200,"url":"https:\/\/hubsch-interior.com\/wp-content\/uploads\/2025\/04\/forma-side-table-natural-75a75845f944417d70dcd082764e0e79.jpg","type":"image\/jpeg"}],"twitter_card":"summary_large_image","schema":{"@context":"https:\/\/schema.org","@graph":[{"@type":"WebPage","@id":"https:\/\/hubsch-interior.com\/fr\/produit\/forma-table-d-naturel\/","url":"https:\/\/hubsch-interior.com\/fr\/produit\/forma-table-d-naturel\/","name":"Forma Table d Naturel - H\u00fcbsch","isPartOf":{"@id":"https:\/\/hubsch-interior.com\/fr\/#website"},"primaryImageOfPage":{"@id":"https:\/\/hubsch-interior.com\/fr\/produit\/forma-table-d-naturel\/#primaryimage"},"image":{"@id":"https:\/\/hubsch-interior.com\/fr\/produit\/forma-table-d-naturel\/#primaryimage"},"thumbnailUrl":"https:\/\/hubsch-interior.com\/wp-content\/uploads\/2026\/02\/forma-side-table-natural-e8e42537836191107b1752947abadcff.jpg","datePublished":"2024-01-29T08:25:01+00:00","dateModified":"2026-04-09T02:52:00+00:00","description":"D\u00e9couvrez la Table d'appoint Forma, un ajout magnifique \u00e0 tout espace de vie. Fabriqu\u00e9e en ch\u00eane naturel et en placage certifi\u00e9 FSC, cette pi\u00e8ce compacte","breadcrumb":{"@id":"https:\/\/hubsch-interior.com\/fr\/produit\/forma-table-d-naturel\/#breadcrumb"},"inLanguage":"fr-FR","potentialAction":[{"@type":"ReadAction","target":["https:\/\/hubsch-interior.com\/fr\/produit\/forma-table-d-naturel\/"]}]},{"@type":"ImageObject","inLanguage":"fr-FR","@id":"https:\/\/hubsch-interior.com\/fr\/produit\/forma-table-d-naturel\/#primaryimage","url":"https:\/\/hubsch-interior.com\/wp-content\/uploads\/2026\/02\/forma-side-table-natural-e8e42537836191107b1752947abadcff.jpg","contentUrl":"https:\/\/hubsch-interior.com\/wp-content\/uploads\/2026\/02\/forma-side-table-natural-e8e42537836191107b1752947abadcff.jpg","width":1024,"height":1024},{"@type":"BreadcrumbList","@id":"https:\/\/hubsch-interior.com\/fr\/produit\/forma-table-d-naturel\/#breadcrumb","itemListElement":[{"@type":"ListItem","position":1,"name":"Page d'accueil","item":"https:\/\/hubsch-interior.com\/fr\/"},{"@type":"ListItem","position":2,"name":"Produits","item":"https:\/\/hubsch-interior.com\/fr\/shop-2\/"},{"@type":"ListItem","position":3,"name":"Meubles","item":"https:\/\/hubsch-interior.com\/fr\/categorie-produit\/meubles\/"},{"@type":"ListItem","position":4,"name":"Tables","item":"https:\/\/hubsch-interior.com\/fr\/categorie-produit\/meubles\/tables-fr\/"},{"@type":"ListItem","position":5,"name":"Tables basses","item":"https:\/\/hubsch-interior.com\/fr\/categorie-produit\/meubles\/tables-fr\/tables-basses-fr\/"},{"@type":"ListItem","position":6,"name":"Forma Table d Naturel"}]},{"@type":"WebSite","@id":"https:\/\/hubsch-interior.com\/fr\/#website","url":"https:\/\/hubsch-interior.com\/fr\/","name":"H\u00fcbsch","description":"Danish Home Interior and Design","publisher":{"@id":"https:\/\/hubsch-interior.com\/fr\/#organization"},"potentialAction":[{"@type":"SearchAction","target":{"@type":"EntryPoint","urlTemplate":"https:\/\/hubsch-interior.com\/fr\/?s={search_term_string}"},"query-input":{"@type":"PropertyValueSpecification","valueRequired":true,"valueName":"search_term_string"}}],"inLanguage":"fr-FR"},{"@type":"Organization","@id":"https:\/\/hubsch-interior.com\/fr\/#organization","name":"H\u00fcbsch","url":"https:\/\/hubsch-interior.com\/fr\/","logo":{"@type":"ImageObject","inLanguage":"fr-FR","@id":"https:\/\/hubsch-interior.com\/fr\/#\/schema\/logo\/image\/","url":"https:\/\/hubsch-interior.com\/wp-content\/uploads\/2022\/12\/Hubsch_logo_black_one_line.svg","contentUrl":"https:\/\/hubsch-interior.com\/wp-content\/uploads\/2022\/12\/Hubsch_logo_black_one_line.svg","caption":"H\u00fcbsch"},"image":{"@id":"https:\/\/hubsch-interior.com\/fr\/#\/schema\/logo\/image\/"}}]}},"_links":{"self":[{"href":"https:\/\/hubsch-interior.com\/fr\/wp-json\/wp\/v2\/product\/977104","targetHints":{"allow":["GET"]}}],"collection":[{"href":"https:\/\/hubsch-interior.com\/fr\/wp-json\/wp\/v2\/product"}],"about":[{"href":"https:\/\/hubsch-interior.com\/fr\/wp-json\/wp\/v2\/types\/product"}],"wp:featuredmedia":[{"embeddable":true,"href":"https:\/\/hubsch-interior.com\/fr\/wp-json\/wp\/v2\/media\/1103616"}],"wp:attachment":[{"href":"https:\/\/hubsch-interior.com\/fr\/wp-json\/wp\/v2\/media?parent=977104"}],"wp:term":[{"taxonomy":"product_brand","embeddable":true,"href":"https:\/\/hubsch-interior.com\/fr\/wp-json\/wp\/v2\/product_brand?post=977104"},{"taxonomy":"product_cat","embeddable":true,"href":"https:\/\/hubsch-interior.com\/fr\/wp-json\/wp\/v2\/product_cat?post=977104"},{"taxonomy":"product_tag","embeddable":true,"href":"https:\/\/hubsch-interior.com\/fr\/wp-json\/wp\/v2\/product_tag?post=977104"}],"curies":[{"name":"wp","href":"https:\/\/api.w.org\/{rel}","templated":true}]}}