{"id":977149,"date":"2024-01-29T09:25:29","date_gmt":"2024-01-29T08:25:29","guid":{"rendered":"https:\/\/hubsch-interior.com\/product\/product\/"},"modified":"2026-04-09T04:52:10","modified_gmt":"2026-04-09T02:52:10","slug":"forma-tabouret-sable-naturel","status":"publish","type":"product","link":"https:\/\/hubsch-interior.com\/fr\/produit\/forma-tabouret-sable-naturel\/","title":{"rendered":"Forma Tabouret Sable\/Naturel"},"content":{"rendered":"<p>Le tabouret Forma est con\u00e7u avec une forme vive et audacieuse qui fera certainement sensation dans n&#8217;importe quelle pi\u00e8ce. Fabriqu\u00e9 en bois certifi\u00e9 FSC, ce tabouret ajoute non seulement une touche de beaut\u00e9 naturelle, mais contribue \u00e9galement \u00e0 un mode de vie durable. Le placage en ch\u00eane et les mat\u00e9riaux en polyester cr\u00e9ent une apparence sculpturale \u00e0 la fois solide et \u00e9l\u00e9gante. Ce tabouret s&#8217;int\u00e9grera parfaitement \u00e0 tout style d&#8217;int\u00e9rieur et avec un coussin fixe, vous pourrez profiter d&#8217;un si\u00e8ge confortable pendant que vous vous d\u00e9tendez.<\/p>\n","protected":false},"excerpt":{"rendered":"<p>Le tabouret Forma est con\u00e7u avec une forme vive et audacieuse qui fera certainement sensation dans n&#8217;importe quelle pi\u00e8ce. Fabriqu\u00e9 en bois certifi\u00e9 FSC, ce tabouret ajoute non seulement une touche de beaut\u00e9 naturelle, mais contribue \u00e9galement \u00e0 un mode de vie durable. Le placage en ch\u00eane et les mat\u00e9riaux en polyester cr\u00e9ent une apparence [&hellip;]<\/p>\n","protected":false},"featured_media":1103648,"template":"","meta":{"_acf_changed":false,"inline_featured_image":false},"product_brand":[],"product_cat":[6882,6896,6322,2843,3041,5026],"product_tag":[],"class_list":{"0":"post-977149","1":"product","2":"type-product","3":"status-publish","4":"has-post-thumbnail","6":"product_cat-elevating-nostalgia-fr","7":"product_cat-forma-series-fr","8":"product_cat-fsc-fr","9":"product_cat-assises-fr","10":"product_cat-tabouret-fr","11":"product_cat-bestsellers-fr","12":"product_shipping_class-pk","14":"pa_color-sable","15":"pa_color-naturel-2","16":"pa_material-mdf-fr","17":"pa_material-polyester-100-fr","18":"pa_material-placage-de-chne-2","20":"first","21":"instock","22":"featured","23":"taxable","24":"shipping-taxable","25":"purchasable","26":"product-type-simple"},"exclude_global_add_ons":[],"addons":[],"acf":[],"yoast_head":"<!-- This site is optimized with the Yoast SEO plugin v26.4 - https:\/\/yoast.com\/wordpress\/plugins\/seo\/ -->\n<title>Forma Tabouret Sable\/Naturel - H\u00fcbsch<\/title>\n<meta name=\"description\" content=\"Le tabouret Forma est con\u00e7u avec une forme vive et audacieuse qui fera certainement sensation dans n&#039;importe quelle pi\u00e8ce. Fabriqu\u00e9 en bois certifi\u00e9 FSC,\" \/>\n<meta name=\"robots\" content=\"index, follow, max-snippet:-1, max-image-preview:large, max-video-preview:-1\" \/>\n<link rel=\"canonical\" href=\"https:\/\/hubsch-interior.com\/fr\/wp-json\/wp\/v2\/product\/977149\" \/>\n<meta property=\"og:locale\" content=\"fr_FR\" \/>\n<meta property=\"og:type\" content=\"article\" \/>\n<meta property=\"og:title\" content=\"Forma Tabouret Sable\/Naturel - H\u00fcbsch\" \/>\n<meta property=\"og:description\" content=\"Le tabouret Forma est con\u00e7u avec une forme vive et audacieuse qui fera certainement sensation dans n&#039;importe quelle pi\u00e8ce. Fabriqu\u00e9 en bois certifi\u00e9 FSC,\" \/>\n<meta property=\"og:url\" content=\"https:\/\/hubsch-interior.com\/fr\/produit\/forma-tabouret-sable-naturel\/\" \/>\n<meta property=\"og:site_name\" content=\"H\u00fcbsch\" \/>\n<meta property=\"article:modified_time\" content=\"2026-04-09T02:52:10+00:00\" \/>\n<meta property=\"og:image\" content=\"https:\/\/hubsch-interior.com\/wp-content\/uploads\/2024\/04\/forma-stool-sandnatural-5ce09fd00338a237f0e3816122321f35.jpg\" \/>\n\t<meta property=\"og:image:width\" content=\"1200\" \/>\n\t<meta property=\"og:image:height\" content=\"1200\" \/>\n\t<meta property=\"og:image:type\" content=\"image\/jpeg\" \/>\n<meta name=\"twitter:card\" content=\"summary_large_image\" \/>\n<script type=\"application\/ld+json\" class=\"yoast-schema-graph\">{\"@context\":\"https:\/\/schema.org\",\"@graph\":[{\"@type\":\"WebPage\",\"@id\":\"https:\/\/hubsch-interior.com\/fr\/produit\/forma-tabouret-sable-naturel\/\",\"url\":\"https:\/\/hubsch-interior.com\/fr\/produit\/forma-tabouret-sable-naturel\/\",\"name\":\"Forma Tabouret Sable\/Naturel - H\u00fcbsch\",\"isPartOf\":{\"@id\":\"https:\/\/hubsch-interior.com\/fr\/#website\"},\"primaryImageOfPage\":{\"@id\":\"https:\/\/hubsch-interior.com\/fr\/produit\/forma-tabouret-sable-naturel\/#primaryimage\"},\"image\":{\"@id\":\"https:\/\/hubsch-interior.com\/fr\/produit\/forma-tabouret-sable-naturel\/#primaryimage\"},\"thumbnailUrl\":\"https:\/\/hubsch-interior.com\/wp-content\/uploads\/2026\/02\/forma-stool-sandnatural-3047fa64600855c9fe6a3d3b86503578.jpg\",\"datePublished\":\"2024-01-29T08:25:29+00:00\",\"dateModified\":\"2026-04-09T02:52:10+00:00\",\"description\":\"Le tabouret Forma est con\u00e7u avec une forme vive et audacieuse qui fera certainement sensation dans n'importe quelle pi\u00e8ce. Fabriqu\u00e9 en bois certifi\u00e9 FSC,\",\"breadcrumb\":{\"@id\":\"https:\/\/hubsch-interior.com\/fr\/produit\/forma-tabouret-sable-naturel\/#breadcrumb\"},\"inLanguage\":\"fr-FR\",\"potentialAction\":[{\"@type\":\"ReadAction\",\"target\":[\"https:\/\/hubsch-interior.com\/fr\/produit\/forma-tabouret-sable-naturel\/\"]}]},{\"@type\":\"ImageObject\",\"inLanguage\":\"fr-FR\",\"@id\":\"https:\/\/hubsch-interior.com\/fr\/produit\/forma-tabouret-sable-naturel\/#primaryimage\",\"url\":\"https:\/\/hubsch-interior.com\/wp-content\/uploads\/2026\/02\/forma-stool-sandnatural-3047fa64600855c9fe6a3d3b86503578.jpg\",\"contentUrl\":\"https:\/\/hubsch-interior.com\/wp-content\/uploads\/2026\/02\/forma-stool-sandnatural-3047fa64600855c9fe6a3d3b86503578.jpg\",\"width\":1024,\"height\":1024},{\"@type\":\"BreadcrumbList\",\"@id\":\"https:\/\/hubsch-interior.com\/fr\/produit\/forma-tabouret-sable-naturel\/#breadcrumb\",\"itemListElement\":[{\"@type\":\"ListItem\",\"position\":1,\"name\":\"Page d'accueil\",\"item\":\"https:\/\/hubsch-interior.com\/fr\/\"},{\"@type\":\"ListItem\",\"position\":2,\"name\":\"Produits\",\"item\":\"https:\/\/hubsch-interior.com\/fr\/shop-2\/\"},{\"@type\":\"ListItem\",\"position\":3,\"name\":\"Meubles\",\"item\":\"https:\/\/hubsch-interior.com\/fr\/categorie-produit\/meubles\/\"},{\"@type\":\"ListItem\",\"position\":4,\"name\":\"Assises\",\"item\":\"https:\/\/hubsch-interior.com\/fr\/categorie-produit\/meubles\/assises-fr\/\"},{\"@type\":\"ListItem\",\"position\":5,\"name\":\"Tabouret\",\"item\":\"https:\/\/hubsch-interior.com\/fr\/categorie-produit\/meubles\/assises-fr\/tabouret-fr\/\"},{\"@type\":\"ListItem\",\"position\":6,\"name\":\"Forma Tabouret Sable\/Naturel\"}]},{\"@type\":\"WebSite\",\"@id\":\"https:\/\/hubsch-interior.com\/fr\/#website\",\"url\":\"https:\/\/hubsch-interior.com\/fr\/\",\"name\":\"H\u00fcbsch\",\"description\":\"Danish Home Interior and Design\",\"publisher\":{\"@id\":\"https:\/\/hubsch-interior.com\/fr\/#organization\"},\"potentialAction\":[{\"@type\":\"SearchAction\",\"target\":{\"@type\":\"EntryPoint\",\"urlTemplate\":\"https:\/\/hubsch-interior.com\/fr\/?s={search_term_string}\"},\"query-input\":{\"@type\":\"PropertyValueSpecification\",\"valueRequired\":true,\"valueName\":\"search_term_string\"}}],\"inLanguage\":\"fr-FR\"},{\"@type\":\"Organization\",\"@id\":\"https:\/\/hubsch-interior.com\/fr\/#organization\",\"name\":\"H\u00fcbsch\",\"url\":\"https:\/\/hubsch-interior.com\/fr\/\",\"logo\":{\"@type\":\"ImageObject\",\"inLanguage\":\"fr-FR\",\"@id\":\"https:\/\/hubsch-interior.com\/fr\/#\/schema\/logo\/image\/\",\"url\":\"https:\/\/hubsch-interior.com\/wp-content\/uploads\/2022\/12\/Hubsch_logo_black_one_line.svg\",\"contentUrl\":\"https:\/\/hubsch-interior.com\/wp-content\/uploads\/2022\/12\/Hubsch_logo_black_one_line.svg\",\"caption\":\"H\u00fcbsch\"},\"image\":{\"@id\":\"https:\/\/hubsch-interior.com\/fr\/#\/schema\/logo\/image\/\"}}]}<\/script>\n<!-- \/ Yoast SEO plugin. -->","yoast_head_json":{"title":"Forma Tabouret Sable\/Naturel - H\u00fcbsch","description":"Le tabouret Forma est con\u00e7u avec une forme vive et audacieuse qui fera certainement sensation dans n'importe quelle pi\u00e8ce. Fabriqu\u00e9 en bois certifi\u00e9 FSC,","robots":{"index":"index","follow":"follow","max-snippet":"max-snippet:-1","max-image-preview":"max-image-preview:large","max-video-preview":"max-video-preview:-1"},"canonical":"https:\/\/hubsch-interior.com\/fr\/wp-json\/wp\/v2\/product\/977149","og_locale":"fr_FR","og_type":"article","og_title":"Forma Tabouret Sable\/Naturel - H\u00fcbsch","og_description":"Le tabouret Forma est con\u00e7u avec une forme vive et audacieuse qui fera certainement sensation dans n'importe quelle pi\u00e8ce. Fabriqu\u00e9 en bois certifi\u00e9 FSC,","og_url":"https:\/\/hubsch-interior.com\/fr\/produit\/forma-tabouret-sable-naturel\/","og_site_name":"H\u00fcbsch","article_modified_time":"2026-04-09T02:52:10+00:00","og_image":[{"width":1200,"height":1200,"url":"https:\/\/hubsch-interior.com\/wp-content\/uploads\/2024\/04\/forma-stool-sandnatural-5ce09fd00338a237f0e3816122321f35.jpg","type":"image\/jpeg"}],"twitter_card":"summary_large_image","schema":{"@context":"https:\/\/schema.org","@graph":[{"@type":"WebPage","@id":"https:\/\/hubsch-interior.com\/fr\/produit\/forma-tabouret-sable-naturel\/","url":"https:\/\/hubsch-interior.com\/fr\/produit\/forma-tabouret-sable-naturel\/","name":"Forma Tabouret Sable\/Naturel - H\u00fcbsch","isPartOf":{"@id":"https:\/\/hubsch-interior.com\/fr\/#website"},"primaryImageOfPage":{"@id":"https:\/\/hubsch-interior.com\/fr\/produit\/forma-tabouret-sable-naturel\/#primaryimage"},"image":{"@id":"https:\/\/hubsch-interior.com\/fr\/produit\/forma-tabouret-sable-naturel\/#primaryimage"},"thumbnailUrl":"https:\/\/hubsch-interior.com\/wp-content\/uploads\/2026\/02\/forma-stool-sandnatural-3047fa64600855c9fe6a3d3b86503578.jpg","datePublished":"2024-01-29T08:25:29+00:00","dateModified":"2026-04-09T02:52:10+00:00","description":"Le tabouret Forma est con\u00e7u avec une forme vive et audacieuse qui fera certainement sensation dans n'importe quelle pi\u00e8ce. Fabriqu\u00e9 en bois certifi\u00e9 FSC,","breadcrumb":{"@id":"https:\/\/hubsch-interior.com\/fr\/produit\/forma-tabouret-sable-naturel\/#breadcrumb"},"inLanguage":"fr-FR","potentialAction":[{"@type":"ReadAction","target":["https:\/\/hubsch-interior.com\/fr\/produit\/forma-tabouret-sable-naturel\/"]}]},{"@type":"ImageObject","inLanguage":"fr-FR","@id":"https:\/\/hubsch-interior.com\/fr\/produit\/forma-tabouret-sable-naturel\/#primaryimage","url":"https:\/\/hubsch-interior.com\/wp-content\/uploads\/2026\/02\/forma-stool-sandnatural-3047fa64600855c9fe6a3d3b86503578.jpg","contentUrl":"https:\/\/hubsch-interior.com\/wp-content\/uploads\/2026\/02\/forma-stool-sandnatural-3047fa64600855c9fe6a3d3b86503578.jpg","width":1024,"height":1024},{"@type":"BreadcrumbList","@id":"https:\/\/hubsch-interior.com\/fr\/produit\/forma-tabouret-sable-naturel\/#breadcrumb","itemListElement":[{"@type":"ListItem","position":1,"name":"Page d'accueil","item":"https:\/\/hubsch-interior.com\/fr\/"},{"@type":"ListItem","position":2,"name":"Produits","item":"https:\/\/hubsch-interior.com\/fr\/shop-2\/"},{"@type":"ListItem","position":3,"name":"Meubles","item":"https:\/\/hubsch-interior.com\/fr\/categorie-produit\/meubles\/"},{"@type":"ListItem","position":4,"name":"Assises","item":"https:\/\/hubsch-interior.com\/fr\/categorie-produit\/meubles\/assises-fr\/"},{"@type":"ListItem","position":5,"name":"Tabouret","item":"https:\/\/hubsch-interior.com\/fr\/categorie-produit\/meubles\/assises-fr\/tabouret-fr\/"},{"@type":"ListItem","position":6,"name":"Forma Tabouret Sable\/Naturel"}]},{"@type":"WebSite","@id":"https:\/\/hubsch-interior.com\/fr\/#website","url":"https:\/\/hubsch-interior.com\/fr\/","name":"H\u00fcbsch","description":"Danish Home Interior and Design","publisher":{"@id":"https:\/\/hubsch-interior.com\/fr\/#organization"},"potentialAction":[{"@type":"SearchAction","target":{"@type":"EntryPoint","urlTemplate":"https:\/\/hubsch-interior.com\/fr\/?s={search_term_string}"},"query-input":{"@type":"PropertyValueSpecification","valueRequired":true,"valueName":"search_term_string"}}],"inLanguage":"fr-FR"},{"@type":"Organization","@id":"https:\/\/hubsch-interior.com\/fr\/#organization","name":"H\u00fcbsch","url":"https:\/\/hubsch-interior.com\/fr\/","logo":{"@type":"ImageObject","inLanguage":"fr-FR","@id":"https:\/\/hubsch-interior.com\/fr\/#\/schema\/logo\/image\/","url":"https:\/\/hubsch-interior.com\/wp-content\/uploads\/2022\/12\/Hubsch_logo_black_one_line.svg","contentUrl":"https:\/\/hubsch-interior.com\/wp-content\/uploads\/2022\/12\/Hubsch_logo_black_one_line.svg","caption":"H\u00fcbsch"},"image":{"@id":"https:\/\/hubsch-interior.com\/fr\/#\/schema\/logo\/image\/"}}]}},"_links":{"self":[{"href":"https:\/\/hubsch-interior.com\/fr\/wp-json\/wp\/v2\/product\/977149","targetHints":{"allow":["GET"]}}],"collection":[{"href":"https:\/\/hubsch-interior.com\/fr\/wp-json\/wp\/v2\/product"}],"about":[{"href":"https:\/\/hubsch-interior.com\/fr\/wp-json\/wp\/v2\/types\/product"}],"wp:featuredmedia":[{"embeddable":true,"href":"https:\/\/hubsch-interior.com\/fr\/wp-json\/wp\/v2\/media\/1103648"}],"wp:attachment":[{"href":"https:\/\/hubsch-interior.com\/fr\/wp-json\/wp\/v2\/media?parent=977149"}],"wp:term":[{"taxonomy":"product_brand","embeddable":true,"href":"https:\/\/hubsch-interior.com\/fr\/wp-json\/wp\/v2\/product_brand?post=977149"},{"taxonomy":"product_cat","embeddable":true,"href":"https:\/\/hubsch-interior.com\/fr\/wp-json\/wp\/v2\/product_cat?post=977149"},{"taxonomy":"product_tag","embeddable":true,"href":"https:\/\/hubsch-interior.com\/fr\/wp-json\/wp\/v2\/product_tag?post=977149"}],"curies":[{"name":"wp","href":"https:\/\/api.w.org\/{rel}","templated":true}]}}