{"id":977189,"date":"2024-01-29T09:26:11","date_gmt":"2024-01-29T08:26:11","guid":{"rendered":"https:\/\/hubsch-interior.com\/product\/product\/"},"modified":"2026-04-09T04:52:24","modified_gmt":"2026-04-09T02:52:24","slug":"arki-tablette-gris-naturel","status":"publish","type":"product","link":"https:\/\/hubsch-interior.com\/fr\/produit\/arki-tablette-gris-naturel\/","title":{"rendered":"Arki Tablette Gris\/Naturel"},"content":{"rendered":"<p>D\u00e9couvrez la Arki Tablette \u2014 le compl\u00e9ment parfait pour votre d\u00e9coration int\u00e9rieure?! Disponible en trois couleurs \u00e9poustouflantes, cette version grise polyvalente est s\u00fbre d&#8217;embellir n&#8217;importe quelle pi\u00e8ce. Fabriqu\u00e9e en bois certifi\u00e9 FSC et con\u00e7ue avec du placage de ch\u00eane et du bois de ch\u00eane, la Arki Tablette est non seulement \u00e9l\u00e9gante, mais aussi respectueuse de l&#8217;environnement. Utilisez-la comme une \u00e9tag\u00e8re ou une table d&#8217;appoint pour votre lit, et choisissez parmi trois couleurs signature pour cr\u00e9er un \u00e9l\u00e9ment de d\u00e9coration remarquable dans votre maison. Combinez plusieurs pi\u00e8ces de diff\u00e9rentes couleurs pour cr\u00e9er un accent accrocheur et vibrant dans votre maison.<\/p>\n","protected":false},"excerpt":{"rendered":"<p>D\u00e9couvrez la Arki Tablette \u2014 le compl\u00e9ment parfait pour votre d\u00e9coration int\u00e9rieure?! Disponible en trois couleurs \u00e9poustouflantes, cette version grise polyvalente est s\u00fbre d&#8217;embellir n&#8217;importe quelle pi\u00e8ce. Fabriqu\u00e9e en bois certifi\u00e9 FSC et con\u00e7ue avec du placage de ch\u00eane et du bois de ch\u00eane, la Arki Tablette est non seulement \u00e9l\u00e9gante, mais aussi respectueuse de [&hellip;]<\/p>\n","protected":false},"featured_media":1103696,"template":"","meta":{"_acf_changed":false,"inline_featured_image":false},"product_brand":[],"product_cat":[7071,6882,7072,6322,4001,4023],"product_tag":[],"class_list":{"0":"post-977189","1":"product","2":"type-product","3":"status-publish","4":"has-post-thumbnail","6":"product_cat-crochets-et-etageres-fr","7":"product_cat-elevating-nostalgia-fr","8":"product_cat-cuisine-crochets-fr","9":"product_cat-fsc-fr","10":"product_cat-etageres-et-meubles-de-rangement-fr","11":"product_cat-etageres-murales-fr","12":"product_shipping_class-pk","14":"pa_color-gris-2","15":"pa_color-naturel-2","16":"pa_material-mdf-fr","17":"pa_material-bois-de-chne-2","18":"pa_material-placage-de-chne-2","20":"first","21":"instock","22":"taxable","23":"shipping-taxable","24":"purchasable","25":"product-type-simple"},"exclude_global_add_ons":[],"addons":[],"acf":[],"yoast_head":"<!-- This site is optimized with the Yoast SEO plugin v26.4 - https:\/\/yoast.com\/wordpress\/plugins\/seo\/ -->\n<title>Arki Tablette Gris\/Naturel - H\u00fcbsch<\/title>\n<meta name=\"description\" content=\"D\u00e9couvrez la Arki Tablette \u2014 le compl\u00e9ment parfait pour votre d\u00e9coration int\u00e9rieure?! Disponible en trois couleurs \u00e9poustouflantes, cette version grise\" \/>\n<meta name=\"robots\" content=\"index, follow, max-snippet:-1, max-image-preview:large, max-video-preview:-1\" \/>\n<link rel=\"canonical\" href=\"https:\/\/hubsch-interior.com\/fr\/wp-json\/wp\/v2\/product\/977189\" \/>\n<meta property=\"og:locale\" content=\"fr_FR\" \/>\n<meta property=\"og:type\" content=\"article\" \/>\n<meta property=\"og:title\" content=\"Arki Tablette Gris\/Naturel - H\u00fcbsch\" \/>\n<meta property=\"og:description\" content=\"D\u00e9couvrez la Arki Tablette \u2014 le compl\u00e9ment parfait pour votre d\u00e9coration int\u00e9rieure?! Disponible en trois couleurs \u00e9poustouflantes, cette version grise\" \/>\n<meta property=\"og:url\" content=\"https:\/\/hubsch-interior.com\/fr\/produit\/arki-tablette-gris-naturel\/\" \/>\n<meta property=\"og:site_name\" content=\"H\u00fcbsch\" \/>\n<meta property=\"article:modified_time\" content=\"2026-04-09T02:52:24+00:00\" \/>\n<meta property=\"og:image\" content=\"https:\/\/hubsch-interior.com\/wp-content\/uploads\/2024\/07\/arki-shelf-greynatural-891a45eb1331e929868c6b34e6b846f7.jpg\" \/>\n\t<meta property=\"og:image:width\" content=\"1200\" \/>\n\t<meta property=\"og:image:height\" content=\"1200\" \/>\n\t<meta property=\"og:image:type\" content=\"image\/jpeg\" \/>\n<meta name=\"twitter:card\" content=\"summary_large_image\" \/>\n<meta name=\"twitter:label1\" content=\"Dur\u00e9e de lecture estim\u00e9e\" \/>\n\t<meta name=\"twitter:data1\" content=\"1 minute\" \/>\n<script type=\"application\/ld+json\" class=\"yoast-schema-graph\">{\"@context\":\"https:\/\/schema.org\",\"@graph\":[{\"@type\":\"WebPage\",\"@id\":\"https:\/\/hubsch-interior.com\/fr\/produit\/arki-tablette-gris-naturel\/\",\"url\":\"https:\/\/hubsch-interior.com\/fr\/produit\/arki-tablette-gris-naturel\/\",\"name\":\"Arki Tablette Gris\/Naturel - H\u00fcbsch\",\"isPartOf\":{\"@id\":\"https:\/\/hubsch-interior.com\/fr\/#website\"},\"primaryImageOfPage\":{\"@id\":\"https:\/\/hubsch-interior.com\/fr\/produit\/arki-tablette-gris-naturel\/#primaryimage\"},\"image\":{\"@id\":\"https:\/\/hubsch-interior.com\/fr\/produit\/arki-tablette-gris-naturel\/#primaryimage\"},\"thumbnailUrl\":\"https:\/\/hubsch-interior.com\/wp-content\/uploads\/2026\/02\/arki-shelf-greynatural-6052527ca4deed16741b2dfd2d8bbeac.jpg\",\"datePublished\":\"2024-01-29T08:26:11+00:00\",\"dateModified\":\"2026-04-09T02:52:24+00:00\",\"description\":\"D\u00e9couvrez la Arki Tablette \u2014 le compl\u00e9ment parfait pour votre d\u00e9coration int\u00e9rieure?! Disponible en trois couleurs \u00e9poustouflantes, cette version grise\",\"breadcrumb\":{\"@id\":\"https:\/\/hubsch-interior.com\/fr\/produit\/arki-tablette-gris-naturel\/#breadcrumb\"},\"inLanguage\":\"fr-FR\",\"potentialAction\":[{\"@type\":\"ReadAction\",\"target\":[\"https:\/\/hubsch-interior.com\/fr\/produit\/arki-tablette-gris-naturel\/\"]}]},{\"@type\":\"ImageObject\",\"inLanguage\":\"fr-FR\",\"@id\":\"https:\/\/hubsch-interior.com\/fr\/produit\/arki-tablette-gris-naturel\/#primaryimage\",\"url\":\"https:\/\/hubsch-interior.com\/wp-content\/uploads\/2026\/02\/arki-shelf-greynatural-6052527ca4deed16741b2dfd2d8bbeac.jpg\",\"contentUrl\":\"https:\/\/hubsch-interior.com\/wp-content\/uploads\/2026\/02\/arki-shelf-greynatural-6052527ca4deed16741b2dfd2d8bbeac.jpg\",\"width\":1024,\"height\":1024},{\"@type\":\"BreadcrumbList\",\"@id\":\"https:\/\/hubsch-interior.com\/fr\/produit\/arki-tablette-gris-naturel\/#breadcrumb\",\"itemListElement\":[{\"@type\":\"ListItem\",\"position\":1,\"name\":\"Page d'accueil\",\"item\":\"https:\/\/hubsch-interior.com\/fr\/\"},{\"@type\":\"ListItem\",\"position\":2,\"name\":\"Produits\",\"item\":\"https:\/\/hubsch-interior.com\/fr\/shop-2\/\"},{\"@type\":\"ListItem\",\"position\":3,\"name\":\"Meubles\",\"item\":\"https:\/\/hubsch-interior.com\/fr\/categorie-produit\/meubles\/\"},{\"@type\":\"ListItem\",\"position\":4,\"name\":\"Etag&egrave;res et meubles de rangement\",\"item\":\"https:\/\/hubsch-interior.com\/fr\/categorie-produit\/meubles\/etageres-et-meubles-de-rangement-fr\/\"},{\"@type\":\"ListItem\",\"position\":5,\"name\":\"Etag&egrave;res murales\",\"item\":\"https:\/\/hubsch-interior.com\/fr\/categorie-produit\/meubles\/etageres-et-meubles-de-rangement-fr\/etageres-murales-fr\/\"},{\"@type\":\"ListItem\",\"position\":6,\"name\":\"Arki Tablette Gris\/Naturel\"}]},{\"@type\":\"WebSite\",\"@id\":\"https:\/\/hubsch-interior.com\/fr\/#website\",\"url\":\"https:\/\/hubsch-interior.com\/fr\/\",\"name\":\"H\u00fcbsch\",\"description\":\"Danish Home Interior and Design\",\"publisher\":{\"@id\":\"https:\/\/hubsch-interior.com\/fr\/#organization\"},\"potentialAction\":[{\"@type\":\"SearchAction\",\"target\":{\"@type\":\"EntryPoint\",\"urlTemplate\":\"https:\/\/hubsch-interior.com\/fr\/?s={search_term_string}\"},\"query-input\":{\"@type\":\"PropertyValueSpecification\",\"valueRequired\":true,\"valueName\":\"search_term_string\"}}],\"inLanguage\":\"fr-FR\"},{\"@type\":\"Organization\",\"@id\":\"https:\/\/hubsch-interior.com\/fr\/#organization\",\"name\":\"H\u00fcbsch\",\"url\":\"https:\/\/hubsch-interior.com\/fr\/\",\"logo\":{\"@type\":\"ImageObject\",\"inLanguage\":\"fr-FR\",\"@id\":\"https:\/\/hubsch-interior.com\/fr\/#\/schema\/logo\/image\/\",\"url\":\"https:\/\/hubsch-interior.com\/wp-content\/uploads\/2022\/12\/Hubsch_logo_black_one_line.svg\",\"contentUrl\":\"https:\/\/hubsch-interior.com\/wp-content\/uploads\/2022\/12\/Hubsch_logo_black_one_line.svg\",\"caption\":\"H\u00fcbsch\"},\"image\":{\"@id\":\"https:\/\/hubsch-interior.com\/fr\/#\/schema\/logo\/image\/\"}}]}<\/script>\n<!-- \/ Yoast SEO plugin. -->","yoast_head_json":{"title":"Arki Tablette Gris\/Naturel - H\u00fcbsch","description":"D\u00e9couvrez la Arki Tablette \u2014 le compl\u00e9ment parfait pour votre d\u00e9coration int\u00e9rieure?! Disponible en trois couleurs \u00e9poustouflantes, cette version grise","robots":{"index":"index","follow":"follow","max-snippet":"max-snippet:-1","max-image-preview":"max-image-preview:large","max-video-preview":"max-video-preview:-1"},"canonical":"https:\/\/hubsch-interior.com\/fr\/wp-json\/wp\/v2\/product\/977189","og_locale":"fr_FR","og_type":"article","og_title":"Arki Tablette Gris\/Naturel - H\u00fcbsch","og_description":"D\u00e9couvrez la Arki Tablette \u2014 le compl\u00e9ment parfait pour votre d\u00e9coration int\u00e9rieure?! Disponible en trois couleurs \u00e9poustouflantes, cette version grise","og_url":"https:\/\/hubsch-interior.com\/fr\/produit\/arki-tablette-gris-naturel\/","og_site_name":"H\u00fcbsch","article_modified_time":"2026-04-09T02:52:24+00:00","og_image":[{"width":1200,"height":1200,"url":"https:\/\/hubsch-interior.com\/wp-content\/uploads\/2024\/07\/arki-shelf-greynatural-891a45eb1331e929868c6b34e6b846f7.jpg","type":"image\/jpeg"}],"twitter_card":"summary_large_image","twitter_misc":{"Dur\u00e9e de lecture estim\u00e9e":"1 minute"},"schema":{"@context":"https:\/\/schema.org","@graph":[{"@type":"WebPage","@id":"https:\/\/hubsch-interior.com\/fr\/produit\/arki-tablette-gris-naturel\/","url":"https:\/\/hubsch-interior.com\/fr\/produit\/arki-tablette-gris-naturel\/","name":"Arki Tablette Gris\/Naturel - H\u00fcbsch","isPartOf":{"@id":"https:\/\/hubsch-interior.com\/fr\/#website"},"primaryImageOfPage":{"@id":"https:\/\/hubsch-interior.com\/fr\/produit\/arki-tablette-gris-naturel\/#primaryimage"},"image":{"@id":"https:\/\/hubsch-interior.com\/fr\/produit\/arki-tablette-gris-naturel\/#primaryimage"},"thumbnailUrl":"https:\/\/hubsch-interior.com\/wp-content\/uploads\/2026\/02\/arki-shelf-greynatural-6052527ca4deed16741b2dfd2d8bbeac.jpg","datePublished":"2024-01-29T08:26:11+00:00","dateModified":"2026-04-09T02:52:24+00:00","description":"D\u00e9couvrez la Arki Tablette \u2014 le compl\u00e9ment parfait pour votre d\u00e9coration int\u00e9rieure?! Disponible en trois couleurs \u00e9poustouflantes, cette version grise","breadcrumb":{"@id":"https:\/\/hubsch-interior.com\/fr\/produit\/arki-tablette-gris-naturel\/#breadcrumb"},"inLanguage":"fr-FR","potentialAction":[{"@type":"ReadAction","target":["https:\/\/hubsch-interior.com\/fr\/produit\/arki-tablette-gris-naturel\/"]}]},{"@type":"ImageObject","inLanguage":"fr-FR","@id":"https:\/\/hubsch-interior.com\/fr\/produit\/arki-tablette-gris-naturel\/#primaryimage","url":"https:\/\/hubsch-interior.com\/wp-content\/uploads\/2026\/02\/arki-shelf-greynatural-6052527ca4deed16741b2dfd2d8bbeac.jpg","contentUrl":"https:\/\/hubsch-interior.com\/wp-content\/uploads\/2026\/02\/arki-shelf-greynatural-6052527ca4deed16741b2dfd2d8bbeac.jpg","width":1024,"height":1024},{"@type":"BreadcrumbList","@id":"https:\/\/hubsch-interior.com\/fr\/produit\/arki-tablette-gris-naturel\/#breadcrumb","itemListElement":[{"@type":"ListItem","position":1,"name":"Page d'accueil","item":"https:\/\/hubsch-interior.com\/fr\/"},{"@type":"ListItem","position":2,"name":"Produits","item":"https:\/\/hubsch-interior.com\/fr\/shop-2\/"},{"@type":"ListItem","position":3,"name":"Meubles","item":"https:\/\/hubsch-interior.com\/fr\/categorie-produit\/meubles\/"},{"@type":"ListItem","position":4,"name":"Etag&egrave;res et meubles de rangement","item":"https:\/\/hubsch-interior.com\/fr\/categorie-produit\/meubles\/etageres-et-meubles-de-rangement-fr\/"},{"@type":"ListItem","position":5,"name":"Etag&egrave;res murales","item":"https:\/\/hubsch-interior.com\/fr\/categorie-produit\/meubles\/etageres-et-meubles-de-rangement-fr\/etageres-murales-fr\/"},{"@type":"ListItem","position":6,"name":"Arki Tablette Gris\/Naturel"}]},{"@type":"WebSite","@id":"https:\/\/hubsch-interior.com\/fr\/#website","url":"https:\/\/hubsch-interior.com\/fr\/","name":"H\u00fcbsch","description":"Danish Home Interior and Design","publisher":{"@id":"https:\/\/hubsch-interior.com\/fr\/#organization"},"potentialAction":[{"@type":"SearchAction","target":{"@type":"EntryPoint","urlTemplate":"https:\/\/hubsch-interior.com\/fr\/?s={search_term_string}"},"query-input":{"@type":"PropertyValueSpecification","valueRequired":true,"valueName":"search_term_string"}}],"inLanguage":"fr-FR"},{"@type":"Organization","@id":"https:\/\/hubsch-interior.com\/fr\/#organization","name":"H\u00fcbsch","url":"https:\/\/hubsch-interior.com\/fr\/","logo":{"@type":"ImageObject","inLanguage":"fr-FR","@id":"https:\/\/hubsch-interior.com\/fr\/#\/schema\/logo\/image\/","url":"https:\/\/hubsch-interior.com\/wp-content\/uploads\/2022\/12\/Hubsch_logo_black_one_line.svg","contentUrl":"https:\/\/hubsch-interior.com\/wp-content\/uploads\/2022\/12\/Hubsch_logo_black_one_line.svg","caption":"H\u00fcbsch"},"image":{"@id":"https:\/\/hubsch-interior.com\/fr\/#\/schema\/logo\/image\/"}}]}},"_links":{"self":[{"href":"https:\/\/hubsch-interior.com\/fr\/wp-json\/wp\/v2\/product\/977189","targetHints":{"allow":["GET"]}}],"collection":[{"href":"https:\/\/hubsch-interior.com\/fr\/wp-json\/wp\/v2\/product"}],"about":[{"href":"https:\/\/hubsch-interior.com\/fr\/wp-json\/wp\/v2\/types\/product"}],"wp:featuredmedia":[{"embeddable":true,"href":"https:\/\/hubsch-interior.com\/fr\/wp-json\/wp\/v2\/media\/1103696"}],"wp:attachment":[{"href":"https:\/\/hubsch-interior.com\/fr\/wp-json\/wp\/v2\/media?parent=977189"}],"wp:term":[{"taxonomy":"product_brand","embeddable":true,"href":"https:\/\/hubsch-interior.com\/fr\/wp-json\/wp\/v2\/product_brand?post=977189"},{"taxonomy":"product_cat","embeddable":true,"href":"https:\/\/hubsch-interior.com\/fr\/wp-json\/wp\/v2\/product_cat?post=977189"},{"taxonomy":"product_tag","embeddable":true,"href":"https:\/\/hubsch-interior.com\/fr\/wp-json\/wp\/v2\/product_tag?post=977189"}],"curies":[{"name":"wp","href":"https:\/\/api.w.org\/{rel}","templated":true}]}}