{"id":977249,"date":"2024-01-29T09:26:40","date_gmt":"2024-01-29T08:26:40","guid":{"rendered":"https:\/\/hubsch-interior.com\/product\/product\/"},"modified":"2026-04-09T04:52:36","modified_gmt":"2026-04-09T02:52:36","slug":"forma-porte-revues-cloison-naturel","status":"publish","type":"product","link":"https:\/\/hubsch-interior.com\/fr\/produit\/forma-porte-revues-cloison-naturel\/","title":{"rendered":"Forma Porte &#8211; revues\/Cloison Naturel"},"content":{"rendered":"<p>Le Forma Porte \u2014 revues\/Cloison est une pi\u00e8ce sculpturale qui fait office \u00e0 la fois de s\u00e9parateur de pi\u00e8ce et de porte-revues, ce qui en fait un ajout polyvalent et fonctionnel \u00e0 votre maison. Fabriqu\u00e9 en bois certifi\u00e9 FSC et dot\u00e9 d&#8217;un magnifique placage en ch\u00eane naturel, ce produit est non seulement une solution de rangement pratique, mais aussi une expression esth\u00e9tique de style. Rehaussez votre design int\u00e9rieur avec cette cloison \u00e9l\u00e9gante et \u00e9pur\u00e9e, mettant en valeur la beaut\u00e9 du bois de ch\u00eane tout en gardant vos revues organis\u00e9es et facilement accessibles. Transformez votre espace avec le Forma Porte \u2014 revues\/Cloison.<\/p>\n","protected":false},"excerpt":{"rendered":"<p>Le Forma Porte \u2014 revues\/Cloison est une pi\u00e8ce sculpturale qui fait office \u00e0 la fois de s\u00e9parateur de pi\u00e8ce et de porte-revues, ce qui en fait un ajout polyvalent et fonctionnel \u00e0 votre maison. Fabriqu\u00e9 en bois certifi\u00e9 FSC et dot\u00e9 d&#8217;un magnifique placage en ch\u00eane naturel, ce produit est non seulement une solution de [&hellip;]<\/p>\n","protected":false},"featured_media":1103732,"template":"","meta":{"_acf_changed":false,"inline_featured_image":false},"product_brand":[],"product_cat":[6882,6896,6892,6322,4001,4011,4127,3110,4019],"product_tag":[],"class_list":{"0":"post-977249","1":"product","2":"type-product","3":"status-publish","4":"has-post-thumbnail","6":"product_cat-elevating-nostalgia-fr","7":"product_cat-forma-series-fr","8":"product_cat-meubles-multifonctionnels-fr","9":"product_cat-fsc-fr","10":"product_cat-etageres-et-meubles-de-rangement-fr","11":"product_cat-bibliotheques-fr","12":"product_cat-paravent-fr","13":"product_cat-espace-de-rangement-fr","14":"product_cat-porte-revues-fr","15":"product_shipping_class-p10","17":"pa_color-naturel-2","18":"pa_material-mdf-fr","19":"pa_material-bois-de-chne-2","20":"pa_material-placage-de-chne-2","22":"first","23":"instock","24":"taxable","25":"shipping-taxable","26":"purchasable","27":"product-type-simple"},"exclude_global_add_ons":[],"addons":[],"acf":[],"yoast_head":"<!-- This site is optimized with the Yoast SEO plugin v26.4 - https:\/\/yoast.com\/wordpress\/plugins\/seo\/ -->\n<title>Forma Porte - revues\/Cloison Naturel - H\u00fcbsch<\/title>\n<meta name=\"description\" content=\"Le Forma Porte \u2014 revues\/Cloison est une pi\u00e8ce sculpturale qui fait office \u00e0 la fois de s\u00e9parateur de pi\u00e8ce et de porte-revues, ce qui en fait un ajout\" \/>\n<meta name=\"robots\" content=\"index, follow, max-snippet:-1, max-image-preview:large, max-video-preview:-1\" \/>\n<link rel=\"canonical\" href=\"https:\/\/hubsch-interior.com\/fr\/wp-json\/wp\/v2\/product\/977249\" \/>\n<meta property=\"og:locale\" content=\"fr_FR\" \/>\n<meta property=\"og:type\" content=\"article\" \/>\n<meta property=\"og:title\" content=\"Forma Porte - revues\/Cloison Naturel - H\u00fcbsch\" \/>\n<meta property=\"og:description\" content=\"Le Forma Porte \u2014 revues\/Cloison est une pi\u00e8ce sculpturale qui fait office \u00e0 la fois de s\u00e9parateur de pi\u00e8ce et de porte-revues, ce qui en fait un ajout\" \/>\n<meta property=\"og:url\" content=\"https:\/\/hubsch-interior.com\/fr\/produit\/forma-porte-revues-cloison-naturel\/\" \/>\n<meta property=\"og:site_name\" content=\"H\u00fcbsch\" \/>\n<meta property=\"article:modified_time\" content=\"2026-04-09T02:52:36+00:00\" \/>\n<meta property=\"og:image\" content=\"https:\/\/hubsch-interior.com\/wp-content\/uploads\/2024\/04\/forma-magazine-holderpartition-natural-e9accddb4d3e2171953f0ff5ef93ff0e.jpg\" \/>\n\t<meta property=\"og:image:width\" content=\"1200\" \/>\n\t<meta property=\"og:image:height\" content=\"1200\" \/>\n\t<meta property=\"og:image:type\" content=\"image\/jpeg\" \/>\n<meta name=\"twitter:card\" content=\"summary_large_image\" \/>\n<meta name=\"twitter:label1\" content=\"Dur\u00e9e de lecture estim\u00e9e\" \/>\n\t<meta name=\"twitter:data1\" content=\"1 minute\" \/>\n<script type=\"application\/ld+json\" class=\"yoast-schema-graph\">{\"@context\":\"https:\/\/schema.org\",\"@graph\":[{\"@type\":\"WebPage\",\"@id\":\"https:\/\/hubsch-interior.com\/fr\/produit\/forma-porte-revues-cloison-naturel\/\",\"url\":\"https:\/\/hubsch-interior.com\/fr\/produit\/forma-porte-revues-cloison-naturel\/\",\"name\":\"Forma Porte - revues\/Cloison Naturel - H\u00fcbsch\",\"isPartOf\":{\"@id\":\"https:\/\/hubsch-interior.com\/fr\/#website\"},\"primaryImageOfPage\":{\"@id\":\"https:\/\/hubsch-interior.com\/fr\/produit\/forma-porte-revues-cloison-naturel\/#primaryimage\"},\"image\":{\"@id\":\"https:\/\/hubsch-interior.com\/fr\/produit\/forma-porte-revues-cloison-naturel\/#primaryimage\"},\"thumbnailUrl\":\"https:\/\/hubsch-interior.com\/wp-content\/uploads\/2026\/02\/forma-magazine-holderpartition-natural-a889d6f88034c9914389fd1cb557a000.jpg\",\"datePublished\":\"2024-01-29T08:26:40+00:00\",\"dateModified\":\"2026-04-09T02:52:36+00:00\",\"description\":\"Le Forma Porte \u2014 revues\/Cloison est une pi\u00e8ce sculpturale qui fait office \u00e0 la fois de s\u00e9parateur de pi\u00e8ce et de porte-revues, ce qui en fait un ajout\",\"breadcrumb\":{\"@id\":\"https:\/\/hubsch-interior.com\/fr\/produit\/forma-porte-revues-cloison-naturel\/#breadcrumb\"},\"inLanguage\":\"fr-FR\",\"potentialAction\":[{\"@type\":\"ReadAction\",\"target\":[\"https:\/\/hubsch-interior.com\/fr\/produit\/forma-porte-revues-cloison-naturel\/\"]}]},{\"@type\":\"ImageObject\",\"inLanguage\":\"fr-FR\",\"@id\":\"https:\/\/hubsch-interior.com\/fr\/produit\/forma-porte-revues-cloison-naturel\/#primaryimage\",\"url\":\"https:\/\/hubsch-interior.com\/wp-content\/uploads\/2026\/02\/forma-magazine-holderpartition-natural-a889d6f88034c9914389fd1cb557a000.jpg\",\"contentUrl\":\"https:\/\/hubsch-interior.com\/wp-content\/uploads\/2026\/02\/forma-magazine-holderpartition-natural-a889d6f88034c9914389fd1cb557a000.jpg\",\"width\":1024,\"height\":1024},{\"@type\":\"BreadcrumbList\",\"@id\":\"https:\/\/hubsch-interior.com\/fr\/produit\/forma-porte-revues-cloison-naturel\/#breadcrumb\",\"itemListElement\":[{\"@type\":\"ListItem\",\"position\":1,\"name\":\"Page d'accueil\",\"item\":\"https:\/\/hubsch-interior.com\/fr\/\"},{\"@type\":\"ListItem\",\"position\":2,\"name\":\"Produits\",\"item\":\"https:\/\/hubsch-interior.com\/fr\/shop-2\/\"},{\"@type\":\"ListItem\",\"position\":3,\"name\":\"Meubles\",\"item\":\"https:\/\/hubsch-interior.com\/fr\/categorie-produit\/meubles\/\"},{\"@type\":\"ListItem\",\"position\":4,\"name\":\"Etag&egrave;res et meubles de rangement\",\"item\":\"https:\/\/hubsch-interior.com\/fr\/categorie-produit\/meubles\/etageres-et-meubles-de-rangement-fr\/\"},{\"@type\":\"ListItem\",\"position\":5,\"name\":\"Biblioth&egrave;ques\",\"item\":\"https:\/\/hubsch-interior.com\/fr\/categorie-produit\/meubles\/etageres-et-meubles-de-rangement-fr\/bibliotheques-fr\/\"},{\"@type\":\"ListItem\",\"position\":6,\"name\":\"Forma Porte &#8211; revues\/Cloison Naturel\"}]},{\"@type\":\"WebSite\",\"@id\":\"https:\/\/hubsch-interior.com\/fr\/#website\",\"url\":\"https:\/\/hubsch-interior.com\/fr\/\",\"name\":\"H\u00fcbsch\",\"description\":\"Danish Home Interior and Design\",\"publisher\":{\"@id\":\"https:\/\/hubsch-interior.com\/fr\/#organization\"},\"potentialAction\":[{\"@type\":\"SearchAction\",\"target\":{\"@type\":\"EntryPoint\",\"urlTemplate\":\"https:\/\/hubsch-interior.com\/fr\/?s={search_term_string}\"},\"query-input\":{\"@type\":\"PropertyValueSpecification\",\"valueRequired\":true,\"valueName\":\"search_term_string\"}}],\"inLanguage\":\"fr-FR\"},{\"@type\":\"Organization\",\"@id\":\"https:\/\/hubsch-interior.com\/fr\/#organization\",\"name\":\"H\u00fcbsch\",\"url\":\"https:\/\/hubsch-interior.com\/fr\/\",\"logo\":{\"@type\":\"ImageObject\",\"inLanguage\":\"fr-FR\",\"@id\":\"https:\/\/hubsch-interior.com\/fr\/#\/schema\/logo\/image\/\",\"url\":\"https:\/\/hubsch-interior.com\/wp-content\/uploads\/2022\/12\/Hubsch_logo_black_one_line.svg\",\"contentUrl\":\"https:\/\/hubsch-interior.com\/wp-content\/uploads\/2022\/12\/Hubsch_logo_black_one_line.svg\",\"caption\":\"H\u00fcbsch\"},\"image\":{\"@id\":\"https:\/\/hubsch-interior.com\/fr\/#\/schema\/logo\/image\/\"}}]}<\/script>\n<!-- \/ Yoast SEO plugin. -->","yoast_head_json":{"title":"Forma Porte - revues\/Cloison Naturel - H\u00fcbsch","description":"Le Forma Porte \u2014 revues\/Cloison est une pi\u00e8ce sculpturale qui fait office \u00e0 la fois de s\u00e9parateur de pi\u00e8ce et de porte-revues, ce qui en fait un ajout","robots":{"index":"index","follow":"follow","max-snippet":"max-snippet:-1","max-image-preview":"max-image-preview:large","max-video-preview":"max-video-preview:-1"},"canonical":"https:\/\/hubsch-interior.com\/fr\/wp-json\/wp\/v2\/product\/977249","og_locale":"fr_FR","og_type":"article","og_title":"Forma Porte - revues\/Cloison Naturel - H\u00fcbsch","og_description":"Le Forma Porte \u2014 revues\/Cloison est une pi\u00e8ce sculpturale qui fait office \u00e0 la fois de s\u00e9parateur de pi\u00e8ce et de porte-revues, ce qui en fait un ajout","og_url":"https:\/\/hubsch-interior.com\/fr\/produit\/forma-porte-revues-cloison-naturel\/","og_site_name":"H\u00fcbsch","article_modified_time":"2026-04-09T02:52:36+00:00","og_image":[{"width":1200,"height":1200,"url":"https:\/\/hubsch-interior.com\/wp-content\/uploads\/2024\/04\/forma-magazine-holderpartition-natural-e9accddb4d3e2171953f0ff5ef93ff0e.jpg","type":"image\/jpeg"}],"twitter_card":"summary_large_image","twitter_misc":{"Dur\u00e9e de lecture estim\u00e9e":"1 minute"},"schema":{"@context":"https:\/\/schema.org","@graph":[{"@type":"WebPage","@id":"https:\/\/hubsch-interior.com\/fr\/produit\/forma-porte-revues-cloison-naturel\/","url":"https:\/\/hubsch-interior.com\/fr\/produit\/forma-porte-revues-cloison-naturel\/","name":"Forma Porte - revues\/Cloison Naturel - H\u00fcbsch","isPartOf":{"@id":"https:\/\/hubsch-interior.com\/fr\/#website"},"primaryImageOfPage":{"@id":"https:\/\/hubsch-interior.com\/fr\/produit\/forma-porte-revues-cloison-naturel\/#primaryimage"},"image":{"@id":"https:\/\/hubsch-interior.com\/fr\/produit\/forma-porte-revues-cloison-naturel\/#primaryimage"},"thumbnailUrl":"https:\/\/hubsch-interior.com\/wp-content\/uploads\/2026\/02\/forma-magazine-holderpartition-natural-a889d6f88034c9914389fd1cb557a000.jpg","datePublished":"2024-01-29T08:26:40+00:00","dateModified":"2026-04-09T02:52:36+00:00","description":"Le Forma Porte \u2014 revues\/Cloison est une pi\u00e8ce sculpturale qui fait office \u00e0 la fois de s\u00e9parateur de pi\u00e8ce et de porte-revues, ce qui en fait un ajout","breadcrumb":{"@id":"https:\/\/hubsch-interior.com\/fr\/produit\/forma-porte-revues-cloison-naturel\/#breadcrumb"},"inLanguage":"fr-FR","potentialAction":[{"@type":"ReadAction","target":["https:\/\/hubsch-interior.com\/fr\/produit\/forma-porte-revues-cloison-naturel\/"]}]},{"@type":"ImageObject","inLanguage":"fr-FR","@id":"https:\/\/hubsch-interior.com\/fr\/produit\/forma-porte-revues-cloison-naturel\/#primaryimage","url":"https:\/\/hubsch-interior.com\/wp-content\/uploads\/2026\/02\/forma-magazine-holderpartition-natural-a889d6f88034c9914389fd1cb557a000.jpg","contentUrl":"https:\/\/hubsch-interior.com\/wp-content\/uploads\/2026\/02\/forma-magazine-holderpartition-natural-a889d6f88034c9914389fd1cb557a000.jpg","width":1024,"height":1024},{"@type":"BreadcrumbList","@id":"https:\/\/hubsch-interior.com\/fr\/produit\/forma-porte-revues-cloison-naturel\/#breadcrumb","itemListElement":[{"@type":"ListItem","position":1,"name":"Page d'accueil","item":"https:\/\/hubsch-interior.com\/fr\/"},{"@type":"ListItem","position":2,"name":"Produits","item":"https:\/\/hubsch-interior.com\/fr\/shop-2\/"},{"@type":"ListItem","position":3,"name":"Meubles","item":"https:\/\/hubsch-interior.com\/fr\/categorie-produit\/meubles\/"},{"@type":"ListItem","position":4,"name":"Etag&egrave;res et meubles de rangement","item":"https:\/\/hubsch-interior.com\/fr\/categorie-produit\/meubles\/etageres-et-meubles-de-rangement-fr\/"},{"@type":"ListItem","position":5,"name":"Biblioth&egrave;ques","item":"https:\/\/hubsch-interior.com\/fr\/categorie-produit\/meubles\/etageres-et-meubles-de-rangement-fr\/bibliotheques-fr\/"},{"@type":"ListItem","position":6,"name":"Forma Porte &#8211; revues\/Cloison Naturel"}]},{"@type":"WebSite","@id":"https:\/\/hubsch-interior.com\/fr\/#website","url":"https:\/\/hubsch-interior.com\/fr\/","name":"H\u00fcbsch","description":"Danish Home Interior and Design","publisher":{"@id":"https:\/\/hubsch-interior.com\/fr\/#organization"},"potentialAction":[{"@type":"SearchAction","target":{"@type":"EntryPoint","urlTemplate":"https:\/\/hubsch-interior.com\/fr\/?s={search_term_string}"},"query-input":{"@type":"PropertyValueSpecification","valueRequired":true,"valueName":"search_term_string"}}],"inLanguage":"fr-FR"},{"@type":"Organization","@id":"https:\/\/hubsch-interior.com\/fr\/#organization","name":"H\u00fcbsch","url":"https:\/\/hubsch-interior.com\/fr\/","logo":{"@type":"ImageObject","inLanguage":"fr-FR","@id":"https:\/\/hubsch-interior.com\/fr\/#\/schema\/logo\/image\/","url":"https:\/\/hubsch-interior.com\/wp-content\/uploads\/2022\/12\/Hubsch_logo_black_one_line.svg","contentUrl":"https:\/\/hubsch-interior.com\/wp-content\/uploads\/2022\/12\/Hubsch_logo_black_one_line.svg","caption":"H\u00fcbsch"},"image":{"@id":"https:\/\/hubsch-interior.com\/fr\/#\/schema\/logo\/image\/"}}]}},"_links":{"self":[{"href":"https:\/\/hubsch-interior.com\/fr\/wp-json\/wp\/v2\/product\/977249","targetHints":{"allow":["GET"]}}],"collection":[{"href":"https:\/\/hubsch-interior.com\/fr\/wp-json\/wp\/v2\/product"}],"about":[{"href":"https:\/\/hubsch-interior.com\/fr\/wp-json\/wp\/v2\/types\/product"}],"wp:featuredmedia":[{"embeddable":true,"href":"https:\/\/hubsch-interior.com\/fr\/wp-json\/wp\/v2\/media\/1103732"}],"wp:attachment":[{"href":"https:\/\/hubsch-interior.com\/fr\/wp-json\/wp\/v2\/media?parent=977249"}],"wp:term":[{"taxonomy":"product_brand","embeddable":true,"href":"https:\/\/hubsch-interior.com\/fr\/wp-json\/wp\/v2\/product_brand?post=977249"},{"taxonomy":"product_cat","embeddable":true,"href":"https:\/\/hubsch-interior.com\/fr\/wp-json\/wp\/v2\/product_cat?post=977249"},{"taxonomy":"product_tag","embeddable":true,"href":"https:\/\/hubsch-interior.com\/fr\/wp-json\/wp\/v2\/product_tag?post=977249"}],"curies":[{"name":"wp","href":"https:\/\/api.w.org\/{rel}","templated":true}]}}