{"id":977315,"date":"2024-01-29T09:27:12","date_gmt":"2024-01-29T08:27:12","guid":{"rendered":"https:\/\/hubsch-interior.com\/product\/product\/"},"modified":"2026-04-05T04:55:38","modified_gmt":"2026-04-05T02:55:38","slug":"heritage-etagere-small-naturel","status":"publish","type":"product","link":"https:\/\/hubsch-interior.com\/fr\/produit\/heritage-etagere-small-naturel\/","title":{"rendered":"Heritage \u00c9tag\u00e8re Small Naturel"},"content":{"rendered":"<p>Ajoutez une touche d&#8217;\u00e9l\u00e9gance intemporelle \u00e0 votre maison avec notre Heritage \u00c9tag\u00e8re. Fabriqu\u00e9e en bois de ch\u00eane et en placage certifi\u00e9 FSC, cette \u00e9tag\u00e8re est non seulement esth\u00e9tique, mais aussi respectueuse de l&#8217;environnement. Avec sa couleur naturelle, elle se fondra parfaitement dans tous les styles de d\u00e9coration int\u00e9rieure. Le fond en cordon de papier FSC apporte une touche unique \u00e0 l&#8217;unit\u00e9, en faisant un parfait s\u00e9parateur de pi\u00e8ces ou une \u00e9tag\u00e8re contre le mur. Ses coins arrondis ajoutent une touche s\u00fbre et \u00e9l\u00e9gante \u00e0 votre espace de vie. Choisissez parmi deux variations polyvalentes et rehaussez votre d\u00e9coration int\u00e9rieure avec notre Heritage \u00c9tag\u00e8re.<\/p>\n","protected":false},"excerpt":{"rendered":"<p>Ajoutez une touche d&#8217;\u00e9l\u00e9gance intemporelle \u00e0 votre maison avec notre Heritage \u00c9tag\u00e8re. Fabriqu\u00e9e en bois de ch\u00eane et en placage certifi\u00e9 FSC, cette \u00e9tag\u00e8re est non seulement esth\u00e9tique, mais aussi respectueuse de l&#8217;environnement. Avec sa couleur naturelle, elle se fondra parfaitement dans tous les styles de d\u00e9coration int\u00e9rieure. Le fond en cordon de papier FSC [&hellip;]<\/p>\n","protected":false},"featured_media":1103776,"template":"","meta":{"_acf_changed":false,"inline_featured_image":false},"product_brand":[],"product_cat":[6882,6892,4001,4011,5026],"product_tag":[],"class_list":{"0":"post-977315","1":"product","2":"type-product","3":"status-publish","4":"has-post-thumbnail","6":"product_cat-elevating-nostalgia-fr","7":"product_cat-meubles-multifonctionnels-fr","8":"product_cat-etageres-et-meubles-de-rangement-fr","9":"product_cat-bibliotheques-fr","10":"product_cat-bestsellers-fr","11":"product_shipping_class-p05","12":"pa_color-naturel-2","13":"pa_material-mdf-fr","14":"pa_material-bois-de-chne-2","15":"pa_material-corde-en-papier","16":"pa_material-placage-de-chne-2","18":"first","19":"outofstock","20":"featured","21":"taxable","22":"shipping-taxable","23":"purchasable","24":"product-type-simple"},"exclude_global_add_ons":[],"addons":[],"acf":[],"yoast_head":"<!-- This site is optimized with the Yoast SEO plugin v26.4 - https:\/\/yoast.com\/wordpress\/plugins\/seo\/ -->\n<title>Heritage \u00c9tag\u00e8re Small Naturel - H\u00fcbsch<\/title>\n<meta name=\"description\" content=\"Ajoutez une touche d&#039;\u00e9l\u00e9gance intemporelle \u00e0 votre maison avec notre Heritage \u00c9tag\u00e8re. Fabriqu\u00e9e en bois de ch\u00eane et en placage certifi\u00e9 FSC, cette\" \/>\n<meta name=\"robots\" content=\"index, follow, max-snippet:-1, max-image-preview:large, max-video-preview:-1\" \/>\n<link rel=\"canonical\" href=\"https:\/\/hubsch-interior.com\/fr\/wp-json\/wp\/v2\/product\/977315\" \/>\n<meta property=\"og:locale\" content=\"fr_FR\" \/>\n<meta property=\"og:type\" content=\"article\" \/>\n<meta property=\"og:title\" content=\"Heritage \u00c9tag\u00e8re Small Naturel - H\u00fcbsch\" \/>\n<meta property=\"og:description\" content=\"Ajoutez une touche d&#039;\u00e9l\u00e9gance intemporelle \u00e0 votre maison avec notre Heritage \u00c9tag\u00e8re. Fabriqu\u00e9e en bois de ch\u00eane et en placage certifi\u00e9 FSC, cette\" \/>\n<meta property=\"og:url\" content=\"https:\/\/hubsch-interior.com\/fr\/produit\/heritage-etagere-small-naturel\/\" \/>\n<meta property=\"og:site_name\" content=\"H\u00fcbsch\" \/>\n<meta property=\"article:modified_time\" content=\"2026-04-05T02:55:38+00:00\" \/>\n<meta property=\"og:image\" content=\"https:\/\/hubsch-interior.com\/wp-content\/uploads\/2024\/01\/heritage-shelf-unit-small-natural-6e5e452e6381c6ef920c45946beb4e50.jpg\" \/>\n\t<meta property=\"og:image:width\" content=\"1200\" \/>\n\t<meta property=\"og:image:height\" content=\"1200\" \/>\n\t<meta property=\"og:image:type\" content=\"image\/jpeg\" \/>\n<meta name=\"twitter:card\" content=\"summary_large_image\" \/>\n<meta name=\"twitter:label1\" content=\"Dur\u00e9e de lecture estim\u00e9e\" \/>\n\t<meta name=\"twitter:data1\" content=\"1 minute\" \/>\n<script type=\"application\/ld+json\" class=\"yoast-schema-graph\">{\"@context\":\"https:\/\/schema.org\",\"@graph\":[{\"@type\":\"WebPage\",\"@id\":\"https:\/\/hubsch-interior.com\/fr\/produit\/heritage-etagere-small-naturel\/\",\"url\":\"https:\/\/hubsch-interior.com\/fr\/produit\/heritage-etagere-small-naturel\/\",\"name\":\"Heritage \u00c9tag\u00e8re Small Naturel - H\u00fcbsch\",\"isPartOf\":{\"@id\":\"https:\/\/hubsch-interior.com\/fr\/#website\"},\"primaryImageOfPage\":{\"@id\":\"https:\/\/hubsch-interior.com\/fr\/produit\/heritage-etagere-small-naturel\/#primaryimage\"},\"image\":{\"@id\":\"https:\/\/hubsch-interior.com\/fr\/produit\/heritage-etagere-small-naturel\/#primaryimage\"},\"thumbnailUrl\":\"https:\/\/hubsch-interior.com\/wp-content\/uploads\/2026\/02\/heritage-shelf-unit-small-natural-4bc90dd462ef863c7f5acfc1d5499129.jpg\",\"datePublished\":\"2024-01-29T08:27:12+00:00\",\"dateModified\":\"2026-04-05T02:55:38+00:00\",\"description\":\"Ajoutez une touche d'\u00e9l\u00e9gance intemporelle \u00e0 votre maison avec notre Heritage \u00c9tag\u00e8re. Fabriqu\u00e9e en bois de ch\u00eane et en placage certifi\u00e9 FSC, cette\",\"breadcrumb\":{\"@id\":\"https:\/\/hubsch-interior.com\/fr\/produit\/heritage-etagere-small-naturel\/#breadcrumb\"},\"inLanguage\":\"fr-FR\",\"potentialAction\":[{\"@type\":\"ReadAction\",\"target\":[\"https:\/\/hubsch-interior.com\/fr\/produit\/heritage-etagere-small-naturel\/\"]}]},{\"@type\":\"ImageObject\",\"inLanguage\":\"fr-FR\",\"@id\":\"https:\/\/hubsch-interior.com\/fr\/produit\/heritage-etagere-small-naturel\/#primaryimage\",\"url\":\"https:\/\/hubsch-interior.com\/wp-content\/uploads\/2026\/02\/heritage-shelf-unit-small-natural-4bc90dd462ef863c7f5acfc1d5499129.jpg\",\"contentUrl\":\"https:\/\/hubsch-interior.com\/wp-content\/uploads\/2026\/02\/heritage-shelf-unit-small-natural-4bc90dd462ef863c7f5acfc1d5499129.jpg\",\"width\":1024,\"height\":1024},{\"@type\":\"BreadcrumbList\",\"@id\":\"https:\/\/hubsch-interior.com\/fr\/produit\/heritage-etagere-small-naturel\/#breadcrumb\",\"itemListElement\":[{\"@type\":\"ListItem\",\"position\":1,\"name\":\"Page d'accueil\",\"item\":\"https:\/\/hubsch-interior.com\/fr\/\"},{\"@type\":\"ListItem\",\"position\":2,\"name\":\"Produits\",\"item\":\"https:\/\/hubsch-interior.com\/fr\/shop-2\/\"},{\"@type\":\"ListItem\",\"position\":3,\"name\":\"Meubles\",\"item\":\"https:\/\/hubsch-interior.com\/fr\/categorie-produit\/meubles\/\"},{\"@type\":\"ListItem\",\"position\":4,\"name\":\"Etag&egrave;res et meubles de rangement\",\"item\":\"https:\/\/hubsch-interior.com\/fr\/categorie-produit\/meubles\/etageres-et-meubles-de-rangement-fr\/\"},{\"@type\":\"ListItem\",\"position\":5,\"name\":\"Biblioth&egrave;ques\",\"item\":\"https:\/\/hubsch-interior.com\/fr\/categorie-produit\/meubles\/etageres-et-meubles-de-rangement-fr\/bibliotheques-fr\/\"},{\"@type\":\"ListItem\",\"position\":6,\"name\":\"Heritage \u00c9tag\u00e8re Small Naturel\"}]},{\"@type\":\"WebSite\",\"@id\":\"https:\/\/hubsch-interior.com\/fr\/#website\",\"url\":\"https:\/\/hubsch-interior.com\/fr\/\",\"name\":\"H\u00fcbsch\",\"description\":\"Danish Home Interior and Design\",\"publisher\":{\"@id\":\"https:\/\/hubsch-interior.com\/fr\/#organization\"},\"potentialAction\":[{\"@type\":\"SearchAction\",\"target\":{\"@type\":\"EntryPoint\",\"urlTemplate\":\"https:\/\/hubsch-interior.com\/fr\/?s={search_term_string}\"},\"query-input\":{\"@type\":\"PropertyValueSpecification\",\"valueRequired\":true,\"valueName\":\"search_term_string\"}}],\"inLanguage\":\"fr-FR\"},{\"@type\":\"Organization\",\"@id\":\"https:\/\/hubsch-interior.com\/fr\/#organization\",\"name\":\"H\u00fcbsch\",\"url\":\"https:\/\/hubsch-interior.com\/fr\/\",\"logo\":{\"@type\":\"ImageObject\",\"inLanguage\":\"fr-FR\",\"@id\":\"https:\/\/hubsch-interior.com\/fr\/#\/schema\/logo\/image\/\",\"url\":\"https:\/\/hubsch-interior.com\/wp-content\/uploads\/2022\/12\/Hubsch_logo_black_one_line.svg\",\"contentUrl\":\"https:\/\/hubsch-interior.com\/wp-content\/uploads\/2022\/12\/Hubsch_logo_black_one_line.svg\",\"caption\":\"H\u00fcbsch\"},\"image\":{\"@id\":\"https:\/\/hubsch-interior.com\/fr\/#\/schema\/logo\/image\/\"}}]}<\/script>\n<!-- \/ Yoast SEO plugin. -->","yoast_head_json":{"title":"Heritage \u00c9tag\u00e8re Small Naturel - H\u00fcbsch","description":"Ajoutez une touche d'\u00e9l\u00e9gance intemporelle \u00e0 votre maison avec notre Heritage \u00c9tag\u00e8re. Fabriqu\u00e9e en bois de ch\u00eane et en placage certifi\u00e9 FSC, cette","robots":{"index":"index","follow":"follow","max-snippet":"max-snippet:-1","max-image-preview":"max-image-preview:large","max-video-preview":"max-video-preview:-1"},"canonical":"https:\/\/hubsch-interior.com\/fr\/wp-json\/wp\/v2\/product\/977315","og_locale":"fr_FR","og_type":"article","og_title":"Heritage \u00c9tag\u00e8re Small Naturel - H\u00fcbsch","og_description":"Ajoutez une touche d'\u00e9l\u00e9gance intemporelle \u00e0 votre maison avec notre Heritage \u00c9tag\u00e8re. Fabriqu\u00e9e en bois de ch\u00eane et en placage certifi\u00e9 FSC, cette","og_url":"https:\/\/hubsch-interior.com\/fr\/produit\/heritage-etagere-small-naturel\/","og_site_name":"H\u00fcbsch","article_modified_time":"2026-04-05T02:55:38+00:00","og_image":[{"width":1200,"height":1200,"url":"https:\/\/hubsch-interior.com\/wp-content\/uploads\/2024\/01\/heritage-shelf-unit-small-natural-6e5e452e6381c6ef920c45946beb4e50.jpg","type":"image\/jpeg"}],"twitter_card":"summary_large_image","twitter_misc":{"Dur\u00e9e de lecture estim\u00e9e":"1 minute"},"schema":{"@context":"https:\/\/schema.org","@graph":[{"@type":"WebPage","@id":"https:\/\/hubsch-interior.com\/fr\/produit\/heritage-etagere-small-naturel\/","url":"https:\/\/hubsch-interior.com\/fr\/produit\/heritage-etagere-small-naturel\/","name":"Heritage \u00c9tag\u00e8re Small Naturel - H\u00fcbsch","isPartOf":{"@id":"https:\/\/hubsch-interior.com\/fr\/#website"},"primaryImageOfPage":{"@id":"https:\/\/hubsch-interior.com\/fr\/produit\/heritage-etagere-small-naturel\/#primaryimage"},"image":{"@id":"https:\/\/hubsch-interior.com\/fr\/produit\/heritage-etagere-small-naturel\/#primaryimage"},"thumbnailUrl":"https:\/\/hubsch-interior.com\/wp-content\/uploads\/2026\/02\/heritage-shelf-unit-small-natural-4bc90dd462ef863c7f5acfc1d5499129.jpg","datePublished":"2024-01-29T08:27:12+00:00","dateModified":"2026-04-05T02:55:38+00:00","description":"Ajoutez une touche d'\u00e9l\u00e9gance intemporelle \u00e0 votre maison avec notre Heritage \u00c9tag\u00e8re. Fabriqu\u00e9e en bois de ch\u00eane et en placage certifi\u00e9 FSC, cette","breadcrumb":{"@id":"https:\/\/hubsch-interior.com\/fr\/produit\/heritage-etagere-small-naturel\/#breadcrumb"},"inLanguage":"fr-FR","potentialAction":[{"@type":"ReadAction","target":["https:\/\/hubsch-interior.com\/fr\/produit\/heritage-etagere-small-naturel\/"]}]},{"@type":"ImageObject","inLanguage":"fr-FR","@id":"https:\/\/hubsch-interior.com\/fr\/produit\/heritage-etagere-small-naturel\/#primaryimage","url":"https:\/\/hubsch-interior.com\/wp-content\/uploads\/2026\/02\/heritage-shelf-unit-small-natural-4bc90dd462ef863c7f5acfc1d5499129.jpg","contentUrl":"https:\/\/hubsch-interior.com\/wp-content\/uploads\/2026\/02\/heritage-shelf-unit-small-natural-4bc90dd462ef863c7f5acfc1d5499129.jpg","width":1024,"height":1024},{"@type":"BreadcrumbList","@id":"https:\/\/hubsch-interior.com\/fr\/produit\/heritage-etagere-small-naturel\/#breadcrumb","itemListElement":[{"@type":"ListItem","position":1,"name":"Page d'accueil","item":"https:\/\/hubsch-interior.com\/fr\/"},{"@type":"ListItem","position":2,"name":"Produits","item":"https:\/\/hubsch-interior.com\/fr\/shop-2\/"},{"@type":"ListItem","position":3,"name":"Meubles","item":"https:\/\/hubsch-interior.com\/fr\/categorie-produit\/meubles\/"},{"@type":"ListItem","position":4,"name":"Etag&egrave;res et meubles de rangement","item":"https:\/\/hubsch-interior.com\/fr\/categorie-produit\/meubles\/etageres-et-meubles-de-rangement-fr\/"},{"@type":"ListItem","position":5,"name":"Biblioth&egrave;ques","item":"https:\/\/hubsch-interior.com\/fr\/categorie-produit\/meubles\/etageres-et-meubles-de-rangement-fr\/bibliotheques-fr\/"},{"@type":"ListItem","position":6,"name":"Heritage \u00c9tag\u00e8re Small Naturel"}]},{"@type":"WebSite","@id":"https:\/\/hubsch-interior.com\/fr\/#website","url":"https:\/\/hubsch-interior.com\/fr\/","name":"H\u00fcbsch","description":"Danish Home Interior and Design","publisher":{"@id":"https:\/\/hubsch-interior.com\/fr\/#organization"},"potentialAction":[{"@type":"SearchAction","target":{"@type":"EntryPoint","urlTemplate":"https:\/\/hubsch-interior.com\/fr\/?s={search_term_string}"},"query-input":{"@type":"PropertyValueSpecification","valueRequired":true,"valueName":"search_term_string"}}],"inLanguage":"fr-FR"},{"@type":"Organization","@id":"https:\/\/hubsch-interior.com\/fr\/#organization","name":"H\u00fcbsch","url":"https:\/\/hubsch-interior.com\/fr\/","logo":{"@type":"ImageObject","inLanguage":"fr-FR","@id":"https:\/\/hubsch-interior.com\/fr\/#\/schema\/logo\/image\/","url":"https:\/\/hubsch-interior.com\/wp-content\/uploads\/2022\/12\/Hubsch_logo_black_one_line.svg","contentUrl":"https:\/\/hubsch-interior.com\/wp-content\/uploads\/2022\/12\/Hubsch_logo_black_one_line.svg","caption":"H\u00fcbsch"},"image":{"@id":"https:\/\/hubsch-interior.com\/fr\/#\/schema\/logo\/image\/"}}]}},"_links":{"self":[{"href":"https:\/\/hubsch-interior.com\/fr\/wp-json\/wp\/v2\/product\/977315","targetHints":{"allow":["GET"]}}],"collection":[{"href":"https:\/\/hubsch-interior.com\/fr\/wp-json\/wp\/v2\/product"}],"about":[{"href":"https:\/\/hubsch-interior.com\/fr\/wp-json\/wp\/v2\/types\/product"}],"wp:featuredmedia":[{"embeddable":true,"href":"https:\/\/hubsch-interior.com\/fr\/wp-json\/wp\/v2\/media\/1103776"}],"wp:attachment":[{"href":"https:\/\/hubsch-interior.com\/fr\/wp-json\/wp\/v2\/media?parent=977315"}],"wp:term":[{"taxonomy":"product_brand","embeddable":true,"href":"https:\/\/hubsch-interior.com\/fr\/wp-json\/wp\/v2\/product_brand?post=977315"},{"taxonomy":"product_cat","embeddable":true,"href":"https:\/\/hubsch-interior.com\/fr\/wp-json\/wp\/v2\/product_cat?post=977315"},{"taxonomy":"product_tag","embeddable":true,"href":"https:\/\/hubsch-interior.com\/fr\/wp-json\/wp\/v2\/product_tag?post=977315"}],"curies":[{"name":"wp","href":"https:\/\/api.w.org\/{rel}","templated":true}]}}