{"id":977367,"date":"2024-01-29T09:27:44","date_gmt":"2024-01-29T08:27:44","guid":{"rendered":"https:\/\/hubsch-interior.com\/product\/product\/"},"modified":"2026-04-16T04:52:19","modified_gmt":"2026-04-16T02:52:19","slug":"arki-etagere-murale-porte-revues-naturel-multicolore","status":"publish","type":"product","link":"https:\/\/hubsch-interior.com\/fr\/produit\/arki-etagere-murale-porte-revues-naturel-multicolore\/","title":{"rendered":"Arki \u00c9tag\u00e8re murale\/Porte-revues Naturel\/\u00a0Multicolor\u00e9"},"content":{"rendered":"<p>D\u00e9couvrez l&#8217;Arki \u00c9tag\u00e8re murale\/Porte-revues \u2014 un ajout magnifique \u00e0 tout espace int\u00e9rieur. Fabriqu\u00e9e en placage de ch\u00eane certifi\u00e9 FSC, cette pi\u00e8ce multifonctionnelle est non seulement respectueuse de l&#8217;environnement, mais aussi une belle combinaison de fonction et d&#8217;art. Son fini multicolore ajoute des touches de couleur \u00e9l\u00e9gantes \u00e0 n&#8217;importe quelle pi\u00e8ce, tandis que son design architectural en fait un \u00e9l\u00e9ment de design int\u00e9rieur unique. Utilisez-le comme porte-revues ou comme belle vitrine pour vos livres et bibelots \u2014 ce produit est \u00e0 la fois pratique et esth\u00e9tique, ce qui en fait un incontournable pour toute maison. Beau aussi bien en utilisation qu&#8217;en repos, l&#8217;Arki \u00c9tag\u00e8re murale\/Porte-revues est le parfait m\u00e9lange de forme et de fonction.<\/p>\n","protected":false},"excerpt":{"rendered":"<p>D\u00e9couvrez l&#8217;Arki \u00c9tag\u00e8re murale\/Porte-revues \u2014 un ajout magnifique \u00e0 tout espace int\u00e9rieur. Fabriqu\u00e9e en placage de ch\u00eane certifi\u00e9 FSC, cette pi\u00e8ce multifonctionnelle est non seulement respectueuse de l&#8217;environnement, mais aussi une belle combinaison de fonction et d&#8217;art. Son fini multicolore ajoute des touches de couleur \u00e9l\u00e9gantes \u00e0 n&#8217;importe quelle pi\u00e8ce, tandis que son design architectural [&hellip;]<\/p>\n","protected":false},"featured_media":1103824,"template":"","meta":{"_acf_changed":false,"inline_featured_image":false},"product_brand":[],"product_cat":[6882,6892,6322,4001,4023,3110,4019,5026],"product_tag":[],"class_list":{"0":"post-977367","1":"product","2":"type-product","3":"status-publish","4":"has-post-thumbnail","6":"product_cat-elevating-nostalgia-fr","7":"product_cat-meubles-multifonctionnels-fr","8":"product_cat-fsc-fr","9":"product_cat-etageres-et-meubles-de-rangement-fr","10":"product_cat-etageres-murales-fr","11":"product_cat-espace-de-rangement-fr","12":"product_cat-porte-revues-fr","13":"product_cat-bestsellers-fr","14":"product_shipping_class-p05","16":"pa_color-multicolor-2","17":"pa_color-naturel-2","18":"pa_material-mdf-fr","19":"pa_material-placage-de-chne-2","21":"first","22":"instock","23":"featured","24":"taxable","25":"shipping-taxable","26":"purchasable","27":"product-type-simple"},"exclude_global_add_ons":[],"addons":[],"acf":[],"yoast_head":"<!-- This site is optimized with the Yoast SEO plugin v26.4 - https:\/\/yoast.com\/wordpress\/plugins\/seo\/ -->\n<title>Arki \u00c9tag\u00e8re murale\/Porte-revues Naturel\/\u00a0Multicolor\u00e9 - H\u00fcbsch<\/title>\n<meta name=\"description\" content=\"D\u00e9couvrez l&#039;Arki \u00c9tag\u00e8re murale\/Porte-revues \u2014 un ajout magnifique \u00e0 tout espace int\u00e9rieur. Fabriqu\u00e9e en placage de ch\u00eane certifi\u00e9 FSC, cette pi\u00e8ce\" \/>\n<meta name=\"robots\" content=\"index, follow, max-snippet:-1, max-image-preview:large, max-video-preview:-1\" \/>\n<link rel=\"canonical\" href=\"https:\/\/hubsch-interior.com\/fr\/wp-json\/wp\/v2\/product\/977367\" \/>\n<meta property=\"og:locale\" content=\"fr_FR\" \/>\n<meta property=\"og:type\" content=\"article\" \/>\n<meta property=\"og:title\" content=\"Arki \u00c9tag\u00e8re murale\/Porte-revues Naturel\/\u00a0Multicolor\u00e9 - H\u00fcbsch\" \/>\n<meta property=\"og:description\" content=\"D\u00e9couvrez l&#039;Arki \u00c9tag\u00e8re murale\/Porte-revues \u2014 un ajout magnifique \u00e0 tout espace int\u00e9rieur. Fabriqu\u00e9e en placage de ch\u00eane certifi\u00e9 FSC, cette pi\u00e8ce\" \/>\n<meta property=\"og:url\" content=\"https:\/\/hubsch-interior.com\/fr\/produit\/arki-etagere-murale-porte-revues-naturel-multicolore\/\" \/>\n<meta property=\"og:site_name\" content=\"H\u00fcbsch\" \/>\n<meta property=\"article:modified_time\" content=\"2026-04-16T02:52:19+00:00\" \/>\n<meta property=\"og:image\" content=\"https:\/\/hubsch-interior.com\/wp-content\/uploads\/2024\/03\/arki-wall-shelfmagazine-holder-naturalmulticolour-82443a9f23c91efbff15101c1bb7baf8.jpg\" \/>\n\t<meta property=\"og:image:width\" content=\"1200\" \/>\n\t<meta property=\"og:image:height\" content=\"1200\" \/>\n\t<meta property=\"og:image:type\" content=\"image\/jpeg\" \/>\n<meta name=\"twitter:card\" content=\"summary_large_image\" \/>\n<meta name=\"twitter:label1\" content=\"Dur\u00e9e de lecture estim\u00e9e\" \/>\n\t<meta name=\"twitter:data1\" content=\"1 minute\" \/>\n<script type=\"application\/ld+json\" class=\"yoast-schema-graph\">{\"@context\":\"https:\/\/schema.org\",\"@graph\":[{\"@type\":\"WebPage\",\"@id\":\"https:\/\/hubsch-interior.com\/fr\/produit\/arki-etagere-murale-porte-revues-naturel-multicolore\/\",\"url\":\"https:\/\/hubsch-interior.com\/fr\/produit\/arki-etagere-murale-porte-revues-naturel-multicolore\/\",\"name\":\"Arki \u00c9tag\u00e8re murale\/Porte-revues Naturel\/\u00a0Multicolor\u00e9 - H\u00fcbsch\",\"isPartOf\":{\"@id\":\"https:\/\/hubsch-interior.com\/fr\/#website\"},\"primaryImageOfPage\":{\"@id\":\"https:\/\/hubsch-interior.com\/fr\/produit\/arki-etagere-murale-porte-revues-naturel-multicolore\/#primaryimage\"},\"image\":{\"@id\":\"https:\/\/hubsch-interior.com\/fr\/produit\/arki-etagere-murale-porte-revues-naturel-multicolore\/#primaryimage\"},\"thumbnailUrl\":\"https:\/\/hubsch-interior.com\/wp-content\/uploads\/2026\/02\/arki-wall-shelfmagazine-holder-naturalmulticolour-afb55cf3c7e83bbbc9341ec5c5d7d7b5.jpg\",\"datePublished\":\"2024-01-29T08:27:44+00:00\",\"dateModified\":\"2026-04-16T02:52:19+00:00\",\"description\":\"D\u00e9couvrez l'Arki \u00c9tag\u00e8re murale\/Porte-revues \u2014 un ajout magnifique \u00e0 tout espace int\u00e9rieur. Fabriqu\u00e9e en placage de ch\u00eane certifi\u00e9 FSC, cette pi\u00e8ce\",\"breadcrumb\":{\"@id\":\"https:\/\/hubsch-interior.com\/fr\/produit\/arki-etagere-murale-porte-revues-naturel-multicolore\/#breadcrumb\"},\"inLanguage\":\"fr-FR\",\"potentialAction\":[{\"@type\":\"ReadAction\",\"target\":[\"https:\/\/hubsch-interior.com\/fr\/produit\/arki-etagere-murale-porte-revues-naturel-multicolore\/\"]}]},{\"@type\":\"ImageObject\",\"inLanguage\":\"fr-FR\",\"@id\":\"https:\/\/hubsch-interior.com\/fr\/produit\/arki-etagere-murale-porte-revues-naturel-multicolore\/#primaryimage\",\"url\":\"https:\/\/hubsch-interior.com\/wp-content\/uploads\/2026\/02\/arki-wall-shelfmagazine-holder-naturalmulticolour-afb55cf3c7e83bbbc9341ec5c5d7d7b5.jpg\",\"contentUrl\":\"https:\/\/hubsch-interior.com\/wp-content\/uploads\/2026\/02\/arki-wall-shelfmagazine-holder-naturalmulticolour-afb55cf3c7e83bbbc9341ec5c5d7d7b5.jpg\",\"width\":1024,\"height\":1024},{\"@type\":\"BreadcrumbList\",\"@id\":\"https:\/\/hubsch-interior.com\/fr\/produit\/arki-etagere-murale-porte-revues-naturel-multicolore\/#breadcrumb\",\"itemListElement\":[{\"@type\":\"ListItem\",\"position\":1,\"name\":\"Page d'accueil\",\"item\":\"https:\/\/hubsch-interior.com\/fr\/\"},{\"@type\":\"ListItem\",\"position\":2,\"name\":\"Produits\",\"item\":\"https:\/\/hubsch-interior.com\/fr\/shop-2\/\"},{\"@type\":\"ListItem\",\"position\":3,\"name\":\"Meubles\",\"item\":\"https:\/\/hubsch-interior.com\/fr\/categorie-produit\/meubles\/\"},{\"@type\":\"ListItem\",\"position\":4,\"name\":\"Etag&egrave;res et meubles de rangement\",\"item\":\"https:\/\/hubsch-interior.com\/fr\/categorie-produit\/meubles\/etageres-et-meubles-de-rangement-fr\/\"},{\"@type\":\"ListItem\",\"position\":5,\"name\":\"Etag&egrave;res murales\",\"item\":\"https:\/\/hubsch-interior.com\/fr\/categorie-produit\/meubles\/etageres-et-meubles-de-rangement-fr\/etageres-murales-fr\/\"},{\"@type\":\"ListItem\",\"position\":6,\"name\":\"Arki \u00c9tag\u00e8re murale\/Porte-revues Naturel\/\u00a0Multicolor\u00e9\"}]},{\"@type\":\"WebSite\",\"@id\":\"https:\/\/hubsch-interior.com\/fr\/#website\",\"url\":\"https:\/\/hubsch-interior.com\/fr\/\",\"name\":\"H\u00fcbsch\",\"description\":\"Danish Home Interior and Design\",\"publisher\":{\"@id\":\"https:\/\/hubsch-interior.com\/fr\/#organization\"},\"potentialAction\":[{\"@type\":\"SearchAction\",\"target\":{\"@type\":\"EntryPoint\",\"urlTemplate\":\"https:\/\/hubsch-interior.com\/fr\/?s={search_term_string}\"},\"query-input\":{\"@type\":\"PropertyValueSpecification\",\"valueRequired\":true,\"valueName\":\"search_term_string\"}}],\"inLanguage\":\"fr-FR\"},{\"@type\":\"Organization\",\"@id\":\"https:\/\/hubsch-interior.com\/fr\/#organization\",\"name\":\"H\u00fcbsch\",\"url\":\"https:\/\/hubsch-interior.com\/fr\/\",\"logo\":{\"@type\":\"ImageObject\",\"inLanguage\":\"fr-FR\",\"@id\":\"https:\/\/hubsch-interior.com\/fr\/#\/schema\/logo\/image\/\",\"url\":\"https:\/\/hubsch-interior.com\/wp-content\/uploads\/2022\/12\/Hubsch_logo_black_one_line.svg\",\"contentUrl\":\"https:\/\/hubsch-interior.com\/wp-content\/uploads\/2022\/12\/Hubsch_logo_black_one_line.svg\",\"caption\":\"H\u00fcbsch\"},\"image\":{\"@id\":\"https:\/\/hubsch-interior.com\/fr\/#\/schema\/logo\/image\/\"}}]}<\/script>\n<!-- \/ Yoast SEO plugin. -->","yoast_head_json":{"title":"Arki \u00c9tag\u00e8re murale\/Porte-revues Naturel\/\u00a0Multicolor\u00e9 - H\u00fcbsch","description":"D\u00e9couvrez l'Arki \u00c9tag\u00e8re murale\/Porte-revues \u2014 un ajout magnifique \u00e0 tout espace int\u00e9rieur. Fabriqu\u00e9e en placage de ch\u00eane certifi\u00e9 FSC, cette pi\u00e8ce","robots":{"index":"index","follow":"follow","max-snippet":"max-snippet:-1","max-image-preview":"max-image-preview:large","max-video-preview":"max-video-preview:-1"},"canonical":"https:\/\/hubsch-interior.com\/fr\/wp-json\/wp\/v2\/product\/977367","og_locale":"fr_FR","og_type":"article","og_title":"Arki \u00c9tag\u00e8re murale\/Porte-revues Naturel\/\u00a0Multicolor\u00e9 - H\u00fcbsch","og_description":"D\u00e9couvrez l'Arki \u00c9tag\u00e8re murale\/Porte-revues \u2014 un ajout magnifique \u00e0 tout espace int\u00e9rieur. Fabriqu\u00e9e en placage de ch\u00eane certifi\u00e9 FSC, cette pi\u00e8ce","og_url":"https:\/\/hubsch-interior.com\/fr\/produit\/arki-etagere-murale-porte-revues-naturel-multicolore\/","og_site_name":"H\u00fcbsch","article_modified_time":"2026-04-16T02:52:19+00:00","og_image":[{"width":1200,"height":1200,"url":"https:\/\/hubsch-interior.com\/wp-content\/uploads\/2024\/03\/arki-wall-shelfmagazine-holder-naturalmulticolour-82443a9f23c91efbff15101c1bb7baf8.jpg","type":"image\/jpeg"}],"twitter_card":"summary_large_image","twitter_misc":{"Dur\u00e9e de lecture estim\u00e9e":"1 minute"},"schema":{"@context":"https:\/\/schema.org","@graph":[{"@type":"WebPage","@id":"https:\/\/hubsch-interior.com\/fr\/produit\/arki-etagere-murale-porte-revues-naturel-multicolore\/","url":"https:\/\/hubsch-interior.com\/fr\/produit\/arki-etagere-murale-porte-revues-naturel-multicolore\/","name":"Arki \u00c9tag\u00e8re murale\/Porte-revues Naturel\/\u00a0Multicolor\u00e9 - H\u00fcbsch","isPartOf":{"@id":"https:\/\/hubsch-interior.com\/fr\/#website"},"primaryImageOfPage":{"@id":"https:\/\/hubsch-interior.com\/fr\/produit\/arki-etagere-murale-porte-revues-naturel-multicolore\/#primaryimage"},"image":{"@id":"https:\/\/hubsch-interior.com\/fr\/produit\/arki-etagere-murale-porte-revues-naturel-multicolore\/#primaryimage"},"thumbnailUrl":"https:\/\/hubsch-interior.com\/wp-content\/uploads\/2026\/02\/arki-wall-shelfmagazine-holder-naturalmulticolour-afb55cf3c7e83bbbc9341ec5c5d7d7b5.jpg","datePublished":"2024-01-29T08:27:44+00:00","dateModified":"2026-04-16T02:52:19+00:00","description":"D\u00e9couvrez l'Arki \u00c9tag\u00e8re murale\/Porte-revues \u2014 un ajout magnifique \u00e0 tout espace int\u00e9rieur. Fabriqu\u00e9e en placage de ch\u00eane certifi\u00e9 FSC, cette pi\u00e8ce","breadcrumb":{"@id":"https:\/\/hubsch-interior.com\/fr\/produit\/arki-etagere-murale-porte-revues-naturel-multicolore\/#breadcrumb"},"inLanguage":"fr-FR","potentialAction":[{"@type":"ReadAction","target":["https:\/\/hubsch-interior.com\/fr\/produit\/arki-etagere-murale-porte-revues-naturel-multicolore\/"]}]},{"@type":"ImageObject","inLanguage":"fr-FR","@id":"https:\/\/hubsch-interior.com\/fr\/produit\/arki-etagere-murale-porte-revues-naturel-multicolore\/#primaryimage","url":"https:\/\/hubsch-interior.com\/wp-content\/uploads\/2026\/02\/arki-wall-shelfmagazine-holder-naturalmulticolour-afb55cf3c7e83bbbc9341ec5c5d7d7b5.jpg","contentUrl":"https:\/\/hubsch-interior.com\/wp-content\/uploads\/2026\/02\/arki-wall-shelfmagazine-holder-naturalmulticolour-afb55cf3c7e83bbbc9341ec5c5d7d7b5.jpg","width":1024,"height":1024},{"@type":"BreadcrumbList","@id":"https:\/\/hubsch-interior.com\/fr\/produit\/arki-etagere-murale-porte-revues-naturel-multicolore\/#breadcrumb","itemListElement":[{"@type":"ListItem","position":1,"name":"Page d'accueil","item":"https:\/\/hubsch-interior.com\/fr\/"},{"@type":"ListItem","position":2,"name":"Produits","item":"https:\/\/hubsch-interior.com\/fr\/shop-2\/"},{"@type":"ListItem","position":3,"name":"Meubles","item":"https:\/\/hubsch-interior.com\/fr\/categorie-produit\/meubles\/"},{"@type":"ListItem","position":4,"name":"Etag&egrave;res et meubles de rangement","item":"https:\/\/hubsch-interior.com\/fr\/categorie-produit\/meubles\/etageres-et-meubles-de-rangement-fr\/"},{"@type":"ListItem","position":5,"name":"Etag&egrave;res murales","item":"https:\/\/hubsch-interior.com\/fr\/categorie-produit\/meubles\/etageres-et-meubles-de-rangement-fr\/etageres-murales-fr\/"},{"@type":"ListItem","position":6,"name":"Arki \u00c9tag\u00e8re murale\/Porte-revues Naturel\/\u00a0Multicolor\u00e9"}]},{"@type":"WebSite","@id":"https:\/\/hubsch-interior.com\/fr\/#website","url":"https:\/\/hubsch-interior.com\/fr\/","name":"H\u00fcbsch","description":"Danish Home Interior and Design","publisher":{"@id":"https:\/\/hubsch-interior.com\/fr\/#organization"},"potentialAction":[{"@type":"SearchAction","target":{"@type":"EntryPoint","urlTemplate":"https:\/\/hubsch-interior.com\/fr\/?s={search_term_string}"},"query-input":{"@type":"PropertyValueSpecification","valueRequired":true,"valueName":"search_term_string"}}],"inLanguage":"fr-FR"},{"@type":"Organization","@id":"https:\/\/hubsch-interior.com\/fr\/#organization","name":"H\u00fcbsch","url":"https:\/\/hubsch-interior.com\/fr\/","logo":{"@type":"ImageObject","inLanguage":"fr-FR","@id":"https:\/\/hubsch-interior.com\/fr\/#\/schema\/logo\/image\/","url":"https:\/\/hubsch-interior.com\/wp-content\/uploads\/2022\/12\/Hubsch_logo_black_one_line.svg","contentUrl":"https:\/\/hubsch-interior.com\/wp-content\/uploads\/2022\/12\/Hubsch_logo_black_one_line.svg","caption":"H\u00fcbsch"},"image":{"@id":"https:\/\/hubsch-interior.com\/fr\/#\/schema\/logo\/image\/"}}]}},"_links":{"self":[{"href":"https:\/\/hubsch-interior.com\/fr\/wp-json\/wp\/v2\/product\/977367","targetHints":{"allow":["GET"]}}],"collection":[{"href":"https:\/\/hubsch-interior.com\/fr\/wp-json\/wp\/v2\/product"}],"about":[{"href":"https:\/\/hubsch-interior.com\/fr\/wp-json\/wp\/v2\/types\/product"}],"wp:featuredmedia":[{"embeddable":true,"href":"https:\/\/hubsch-interior.com\/fr\/wp-json\/wp\/v2\/media\/1103824"}],"wp:attachment":[{"href":"https:\/\/hubsch-interior.com\/fr\/wp-json\/wp\/v2\/media?parent=977367"}],"wp:term":[{"taxonomy":"product_brand","embeddable":true,"href":"https:\/\/hubsch-interior.com\/fr\/wp-json\/wp\/v2\/product_brand?post=977367"},{"taxonomy":"product_cat","embeddable":true,"href":"https:\/\/hubsch-interior.com\/fr\/wp-json\/wp\/v2\/product_cat?post=977367"},{"taxonomy":"product_tag","embeddable":true,"href":"https:\/\/hubsch-interior.com\/fr\/wp-json\/wp\/v2\/product_tag?post=977367"}],"curies":[{"name":"wp","href":"https:\/\/api.w.org\/{rel}","templated":true}]}}