{"id":977395,"date":"2024-01-29T09:28:03","date_gmt":"2024-01-29T08:28:03","guid":{"rendered":"https:\/\/hubsch-interior.com\/product\/product\/"},"modified":"2026-04-09T04:52:52","modified_gmt":"2026-04-09T02:52:52","slug":"dash-table-basse-naturel","status":"publish","type":"product","link":"https:\/\/hubsch-interior.com\/fr\/produit\/dash-table-basse-naturel\/","title":{"rendered":"Dash Table basse Naturel"},"content":{"rendered":"<p>La table basse Dash est un meuble qui allie lignes \u00e9pur\u00e9es et graphiques \u00e0 une \u00e9l\u00e9gance intemporelle. Cette superbe table pr\u00e9sente une teinte naturelle, fabriqu\u00e9e \u00e0 partir de placage de ch\u00eane certifi\u00e9 FSC et de bois de ch\u00eane, d\u00e9gageant chaleur et sophistication. Avec sa grande taille fonctionnelle, elle est parfaite pour r\u00e9pondre \u00e0 tous vos besoins dans le salon. En tant que l&#8217;une des plus grandes tables de notre collection, la table basse Dash apporte une touche de grandeur \u00e0 n&#8217;importe quel espace.<\/p>\n","protected":false},"excerpt":{"rendered":"<p>La table basse Dash est un meuble qui allie lignes \u00e9pur\u00e9es et graphiques \u00e0 une \u00e9l\u00e9gance intemporelle. Cette superbe table pr\u00e9sente une teinte naturelle, fabriqu\u00e9e \u00e0 partir de placage de ch\u00eane certifi\u00e9 FSC et de bois de ch\u00eane, d\u00e9gageant chaleur et sophistication. Avec sa grande taille fonctionnelle, elle est parfaite pour r\u00e9pondre \u00e0 tous vos [&hellip;]<\/p>\n","protected":false},"featured_media":1103844,"template":"","meta":{"_acf_changed":false,"inline_featured_image":false},"product_brand":[],"product_cat":[6882,6322,2859,2873,5026],"product_tag":[],"class_list":{"0":"post-977395","1":"product","2":"type-product","3":"status-publish","4":"has-post-thumbnail","6":"product_cat-elevating-nostalgia-fr","7":"product_cat-fsc-fr","8":"product_cat-tables-fr","9":"product_cat-tables-basses-fr","10":"product_cat-bestsellers-fr","11":"product_shipping_class-pk","13":"pa_color-naturel-2","14":"pa_material-mdf-fr","15":"pa_material-bois-de-chne-2","16":"pa_material-placage-de-chne-2","18":"first","19":"instock","20":"featured","21":"taxable","22":"shipping-taxable","23":"purchasable","24":"product-type-simple"},"exclude_global_add_ons":[],"addons":[],"acf":[],"yoast_head":"<!-- This site is optimized with the Yoast SEO plugin v26.4 - https:\/\/yoast.com\/wordpress\/plugins\/seo\/ -->\n<title>Dash Table basse Naturel - H\u00fcbsch<\/title>\n<meta name=\"description\" content=\"La table basse Dash est un meuble qui allie lignes \u00e9pur\u00e9es et graphiques \u00e0 une \u00e9l\u00e9gance intemporelle. Cette superbe table pr\u00e9sente une teinte naturelle,\" \/>\n<meta name=\"robots\" content=\"index, follow, max-snippet:-1, max-image-preview:large, max-video-preview:-1\" \/>\n<link rel=\"canonical\" href=\"https:\/\/hubsch-interior.com\/fr\/wp-json\/wp\/v2\/product\/977395\" \/>\n<meta property=\"og:locale\" content=\"fr_FR\" \/>\n<meta property=\"og:type\" content=\"article\" \/>\n<meta property=\"og:title\" content=\"Dash Table basse Naturel - H\u00fcbsch\" \/>\n<meta property=\"og:description\" content=\"La table basse Dash est un meuble qui allie lignes \u00e9pur\u00e9es et graphiques \u00e0 une \u00e9l\u00e9gance intemporelle. Cette superbe table pr\u00e9sente une teinte naturelle,\" \/>\n<meta property=\"og:url\" content=\"https:\/\/hubsch-interior.com\/fr\/produit\/dash-table-basse-naturel\/\" \/>\n<meta property=\"og:site_name\" content=\"H\u00fcbsch\" \/>\n<meta property=\"article:modified_time\" content=\"2026-04-09T02:52:52+00:00\" \/>\n<meta property=\"og:image\" content=\"https:\/\/hubsch-interior.com\/wp-content\/uploads\/2024\/01\/dash-coffee-table-natural-91473afbe54c46ad219a7d456a6468e5.jpg\" \/>\n\t<meta property=\"og:image:width\" content=\"1200\" \/>\n\t<meta property=\"og:image:height\" content=\"1200\" \/>\n\t<meta property=\"og:image:type\" content=\"image\/jpeg\" \/>\n<meta name=\"twitter:card\" content=\"summary_large_image\" \/>\n<script type=\"application\/ld+json\" class=\"yoast-schema-graph\">{\"@context\":\"https:\/\/schema.org\",\"@graph\":[{\"@type\":\"WebPage\",\"@id\":\"https:\/\/hubsch-interior.com\/fr\/produit\/dash-table-basse-naturel\/\",\"url\":\"https:\/\/hubsch-interior.com\/fr\/produit\/dash-table-basse-naturel\/\",\"name\":\"Dash Table basse Naturel - H\u00fcbsch\",\"isPartOf\":{\"@id\":\"https:\/\/hubsch-interior.com\/fr\/#website\"},\"primaryImageOfPage\":{\"@id\":\"https:\/\/hubsch-interior.com\/fr\/produit\/dash-table-basse-naturel\/#primaryimage\"},\"image\":{\"@id\":\"https:\/\/hubsch-interior.com\/fr\/produit\/dash-table-basse-naturel\/#primaryimage\"},\"thumbnailUrl\":\"https:\/\/hubsch-interior.com\/wp-content\/uploads\/2026\/02\/dash-coffee-table-natural-f7abe4096e2157ab8f51c1d9cd8de7e9.jpg\",\"datePublished\":\"2024-01-29T08:28:03+00:00\",\"dateModified\":\"2026-04-09T02:52:52+00:00\",\"description\":\"La table basse Dash est un meuble qui allie lignes \u00e9pur\u00e9es et graphiques \u00e0 une \u00e9l\u00e9gance intemporelle. Cette superbe table pr\u00e9sente une teinte naturelle,\",\"breadcrumb\":{\"@id\":\"https:\/\/hubsch-interior.com\/fr\/produit\/dash-table-basse-naturel\/#breadcrumb\"},\"inLanguage\":\"fr-FR\",\"potentialAction\":[{\"@type\":\"ReadAction\",\"target\":[\"https:\/\/hubsch-interior.com\/fr\/produit\/dash-table-basse-naturel\/\"]}]},{\"@type\":\"ImageObject\",\"inLanguage\":\"fr-FR\",\"@id\":\"https:\/\/hubsch-interior.com\/fr\/produit\/dash-table-basse-naturel\/#primaryimage\",\"url\":\"https:\/\/hubsch-interior.com\/wp-content\/uploads\/2026\/02\/dash-coffee-table-natural-f7abe4096e2157ab8f51c1d9cd8de7e9.jpg\",\"contentUrl\":\"https:\/\/hubsch-interior.com\/wp-content\/uploads\/2026\/02\/dash-coffee-table-natural-f7abe4096e2157ab8f51c1d9cd8de7e9.jpg\",\"width\":1024,\"height\":1024},{\"@type\":\"BreadcrumbList\",\"@id\":\"https:\/\/hubsch-interior.com\/fr\/produit\/dash-table-basse-naturel\/#breadcrumb\",\"itemListElement\":[{\"@type\":\"ListItem\",\"position\":1,\"name\":\"Page d'accueil\",\"item\":\"https:\/\/hubsch-interior.com\/fr\/\"},{\"@type\":\"ListItem\",\"position\":2,\"name\":\"Produits\",\"item\":\"https:\/\/hubsch-interior.com\/fr\/shop-2\/\"},{\"@type\":\"ListItem\",\"position\":3,\"name\":\"Meubles\",\"item\":\"https:\/\/hubsch-interior.com\/fr\/categorie-produit\/meubles\/\"},{\"@type\":\"ListItem\",\"position\":4,\"name\":\"Tables\",\"item\":\"https:\/\/hubsch-interior.com\/fr\/categorie-produit\/meubles\/tables-fr\/\"},{\"@type\":\"ListItem\",\"position\":5,\"name\":\"Tables basses\",\"item\":\"https:\/\/hubsch-interior.com\/fr\/categorie-produit\/meubles\/tables-fr\/tables-basses-fr\/\"},{\"@type\":\"ListItem\",\"position\":6,\"name\":\"Dash Table basse Naturel\"}]},{\"@type\":\"WebSite\",\"@id\":\"https:\/\/hubsch-interior.com\/fr\/#website\",\"url\":\"https:\/\/hubsch-interior.com\/fr\/\",\"name\":\"H\u00fcbsch\",\"description\":\"Danish Home Interior and Design\",\"publisher\":{\"@id\":\"https:\/\/hubsch-interior.com\/fr\/#organization\"},\"potentialAction\":[{\"@type\":\"SearchAction\",\"target\":{\"@type\":\"EntryPoint\",\"urlTemplate\":\"https:\/\/hubsch-interior.com\/fr\/?s={search_term_string}\"},\"query-input\":{\"@type\":\"PropertyValueSpecification\",\"valueRequired\":true,\"valueName\":\"search_term_string\"}}],\"inLanguage\":\"fr-FR\"},{\"@type\":\"Organization\",\"@id\":\"https:\/\/hubsch-interior.com\/fr\/#organization\",\"name\":\"H\u00fcbsch\",\"url\":\"https:\/\/hubsch-interior.com\/fr\/\",\"logo\":{\"@type\":\"ImageObject\",\"inLanguage\":\"fr-FR\",\"@id\":\"https:\/\/hubsch-interior.com\/fr\/#\/schema\/logo\/image\/\",\"url\":\"https:\/\/hubsch-interior.com\/wp-content\/uploads\/2022\/12\/Hubsch_logo_black_one_line.svg\",\"contentUrl\":\"https:\/\/hubsch-interior.com\/wp-content\/uploads\/2022\/12\/Hubsch_logo_black_one_line.svg\",\"caption\":\"H\u00fcbsch\"},\"image\":{\"@id\":\"https:\/\/hubsch-interior.com\/fr\/#\/schema\/logo\/image\/\"}}]}<\/script>\n<!-- \/ Yoast SEO plugin. -->","yoast_head_json":{"title":"Dash Table basse Naturel - H\u00fcbsch","description":"La table basse Dash est un meuble qui allie lignes \u00e9pur\u00e9es et graphiques \u00e0 une \u00e9l\u00e9gance intemporelle. Cette superbe table pr\u00e9sente une teinte naturelle,","robots":{"index":"index","follow":"follow","max-snippet":"max-snippet:-1","max-image-preview":"max-image-preview:large","max-video-preview":"max-video-preview:-1"},"canonical":"https:\/\/hubsch-interior.com\/fr\/wp-json\/wp\/v2\/product\/977395","og_locale":"fr_FR","og_type":"article","og_title":"Dash Table basse Naturel - H\u00fcbsch","og_description":"La table basse Dash est un meuble qui allie lignes \u00e9pur\u00e9es et graphiques \u00e0 une \u00e9l\u00e9gance intemporelle. Cette superbe table pr\u00e9sente une teinte naturelle,","og_url":"https:\/\/hubsch-interior.com\/fr\/produit\/dash-table-basse-naturel\/","og_site_name":"H\u00fcbsch","article_modified_time":"2026-04-09T02:52:52+00:00","og_image":[{"width":1200,"height":1200,"url":"https:\/\/hubsch-interior.com\/wp-content\/uploads\/2024\/01\/dash-coffee-table-natural-91473afbe54c46ad219a7d456a6468e5.jpg","type":"image\/jpeg"}],"twitter_card":"summary_large_image","schema":{"@context":"https:\/\/schema.org","@graph":[{"@type":"WebPage","@id":"https:\/\/hubsch-interior.com\/fr\/produit\/dash-table-basse-naturel\/","url":"https:\/\/hubsch-interior.com\/fr\/produit\/dash-table-basse-naturel\/","name":"Dash Table basse Naturel - H\u00fcbsch","isPartOf":{"@id":"https:\/\/hubsch-interior.com\/fr\/#website"},"primaryImageOfPage":{"@id":"https:\/\/hubsch-interior.com\/fr\/produit\/dash-table-basse-naturel\/#primaryimage"},"image":{"@id":"https:\/\/hubsch-interior.com\/fr\/produit\/dash-table-basse-naturel\/#primaryimage"},"thumbnailUrl":"https:\/\/hubsch-interior.com\/wp-content\/uploads\/2026\/02\/dash-coffee-table-natural-f7abe4096e2157ab8f51c1d9cd8de7e9.jpg","datePublished":"2024-01-29T08:28:03+00:00","dateModified":"2026-04-09T02:52:52+00:00","description":"La table basse Dash est un meuble qui allie lignes \u00e9pur\u00e9es et graphiques \u00e0 une \u00e9l\u00e9gance intemporelle. Cette superbe table pr\u00e9sente une teinte naturelle,","breadcrumb":{"@id":"https:\/\/hubsch-interior.com\/fr\/produit\/dash-table-basse-naturel\/#breadcrumb"},"inLanguage":"fr-FR","potentialAction":[{"@type":"ReadAction","target":["https:\/\/hubsch-interior.com\/fr\/produit\/dash-table-basse-naturel\/"]}]},{"@type":"ImageObject","inLanguage":"fr-FR","@id":"https:\/\/hubsch-interior.com\/fr\/produit\/dash-table-basse-naturel\/#primaryimage","url":"https:\/\/hubsch-interior.com\/wp-content\/uploads\/2026\/02\/dash-coffee-table-natural-f7abe4096e2157ab8f51c1d9cd8de7e9.jpg","contentUrl":"https:\/\/hubsch-interior.com\/wp-content\/uploads\/2026\/02\/dash-coffee-table-natural-f7abe4096e2157ab8f51c1d9cd8de7e9.jpg","width":1024,"height":1024},{"@type":"BreadcrumbList","@id":"https:\/\/hubsch-interior.com\/fr\/produit\/dash-table-basse-naturel\/#breadcrumb","itemListElement":[{"@type":"ListItem","position":1,"name":"Page d'accueil","item":"https:\/\/hubsch-interior.com\/fr\/"},{"@type":"ListItem","position":2,"name":"Produits","item":"https:\/\/hubsch-interior.com\/fr\/shop-2\/"},{"@type":"ListItem","position":3,"name":"Meubles","item":"https:\/\/hubsch-interior.com\/fr\/categorie-produit\/meubles\/"},{"@type":"ListItem","position":4,"name":"Tables","item":"https:\/\/hubsch-interior.com\/fr\/categorie-produit\/meubles\/tables-fr\/"},{"@type":"ListItem","position":5,"name":"Tables basses","item":"https:\/\/hubsch-interior.com\/fr\/categorie-produit\/meubles\/tables-fr\/tables-basses-fr\/"},{"@type":"ListItem","position":6,"name":"Dash Table basse Naturel"}]},{"@type":"WebSite","@id":"https:\/\/hubsch-interior.com\/fr\/#website","url":"https:\/\/hubsch-interior.com\/fr\/","name":"H\u00fcbsch","description":"Danish Home Interior and Design","publisher":{"@id":"https:\/\/hubsch-interior.com\/fr\/#organization"},"potentialAction":[{"@type":"SearchAction","target":{"@type":"EntryPoint","urlTemplate":"https:\/\/hubsch-interior.com\/fr\/?s={search_term_string}"},"query-input":{"@type":"PropertyValueSpecification","valueRequired":true,"valueName":"search_term_string"}}],"inLanguage":"fr-FR"},{"@type":"Organization","@id":"https:\/\/hubsch-interior.com\/fr\/#organization","name":"H\u00fcbsch","url":"https:\/\/hubsch-interior.com\/fr\/","logo":{"@type":"ImageObject","inLanguage":"fr-FR","@id":"https:\/\/hubsch-interior.com\/fr\/#\/schema\/logo\/image\/","url":"https:\/\/hubsch-interior.com\/wp-content\/uploads\/2022\/12\/Hubsch_logo_black_one_line.svg","contentUrl":"https:\/\/hubsch-interior.com\/wp-content\/uploads\/2022\/12\/Hubsch_logo_black_one_line.svg","caption":"H\u00fcbsch"},"image":{"@id":"https:\/\/hubsch-interior.com\/fr\/#\/schema\/logo\/image\/"}}]}},"_links":{"self":[{"href":"https:\/\/hubsch-interior.com\/fr\/wp-json\/wp\/v2\/product\/977395","targetHints":{"allow":["GET"]}}],"collection":[{"href":"https:\/\/hubsch-interior.com\/fr\/wp-json\/wp\/v2\/product"}],"about":[{"href":"https:\/\/hubsch-interior.com\/fr\/wp-json\/wp\/v2\/types\/product"}],"wp:featuredmedia":[{"embeddable":true,"href":"https:\/\/hubsch-interior.com\/fr\/wp-json\/wp\/v2\/media\/1103844"}],"wp:attachment":[{"href":"https:\/\/hubsch-interior.com\/fr\/wp-json\/wp\/v2\/media?parent=977395"}],"wp:term":[{"taxonomy":"product_brand","embeddable":true,"href":"https:\/\/hubsch-interior.com\/fr\/wp-json\/wp\/v2\/product_brand?post=977395"},{"taxonomy":"product_cat","embeddable":true,"href":"https:\/\/hubsch-interior.com\/fr\/wp-json\/wp\/v2\/product_cat?post=977395"},{"taxonomy":"product_tag","embeddable":true,"href":"https:\/\/hubsch-interior.com\/fr\/wp-json\/wp\/v2\/product_tag?post=977395"}],"curies":[{"name":"wp","href":"https:\/\/api.w.org\/{rel}","templated":true}]}}