{"id":977407,"date":"2024-01-29T09:28:17","date_gmt":"2024-01-29T08:28:17","guid":{"rendered":"https:\/\/hubsch-interior.com\/product\/product\/"},"modified":"2026-04-09T04:52:56","modified_gmt":"2026-04-09T02:52:56","slug":"focal-cadre-50x70-bois-de-noyer","status":"publish","type":"product","link":"https:\/\/hubsch-interior.com\/fr\/produit\/focal-cadre-50x70-bois-de-noyer\/","title":{"rendered":"Focal Cadre 50&#215;70 \u00a0Bois de noyer"},"content":{"rendered":"<p>Le Focal Cadre est fabriqu\u00e9 avec du bois de noyer de haute qualit\u00e9. Cette variante arbore une tonalit\u00e9 riche, profonde et sombre qui respire le luxe. Le cadre est une superbe fusion de verre et de bois de noyer, cr\u00e9ant une magnifique impression de jeu de couleurs. Affichez vos souvenirs pr\u00e9f\u00e9r\u00e9s avec style gr\u00e2ce \u00e0 sa taille de 50&#215;70 cm. M\u00e9langez et assortissez avec d&#8217;autres tailles et couleurs de cadres pour cr\u00e9er une pr\u00e9sentation unique et personnalis\u00e9e. Que ce soit en position verticale ou horizontale, ce Focal Cadre sera s\u00fbrement le point central de n&#8217;importe quelle pi\u00e8ce. Obtenez le v\u00f4tre d\u00e8s maintenant dans l&#8217;\u00e9l\u00e9gante couleur noyer.<\/p>\n","protected":false},"excerpt":{"rendered":"<p>Le Focal Cadre est fabriqu\u00e9 avec du bois de noyer de haute qualit\u00e9. Cette variante arbore une tonalit\u00e9 riche, profonde et sombre qui respire le luxe. Le cadre est une superbe fusion de verre et de bois de noyer, cr\u00e9ant une magnifique impression de jeu de couleurs. Affichez vos souvenirs pr\u00e9f\u00e9r\u00e9s avec style gr\u00e2ce \u00e0 [&hellip;]<\/p>\n","protected":false},"featured_media":1103864,"template":"","meta":{"_acf_changed":false,"inline_featured_image":false},"product_brand":[],"product_cat":[6882,3116,4936,5026],"product_tag":[],"class_list":{"0":"post-977407","1":"product","2":"type-product","3":"status-publish","4":"has-post-thumbnail","6":"product_cat-elevating-nostalgia-fr","7":"product_cat-decoration-murale-fr","8":"product_cat-cadres-fr","9":"product_cat-bestsellers-fr","10":"product_shipping_class-pk","12":"pa_color-bois-de-noyer","13":"pa_material-mdf-fr","14":"pa_material-verre-fr","15":"pa_material-bois-de-noyer","17":"first","18":"instock","19":"featured","20":"taxable","21":"shipping-taxable","22":"purchasable","23":"product-type-simple"},"exclude_global_add_ons":[],"addons":[],"acf":[],"yoast_head":"<!-- This site is optimized with the Yoast SEO plugin v26.4 - https:\/\/yoast.com\/wordpress\/plugins\/seo\/ -->\n<title>Focal Cadre 50x70 \u00a0Bois de noyer - H\u00fcbsch<\/title>\n<meta name=\"description\" content=\"Le Focal Cadre est fabriqu\u00e9 avec du bois de noyer de haute qualit\u00e9. Cette variante arbore une tonalit\u00e9 riche, profonde et sombre qui respire le luxe. Le\" \/>\n<meta name=\"robots\" content=\"index, follow, max-snippet:-1, max-image-preview:large, max-video-preview:-1\" \/>\n<link rel=\"canonical\" href=\"https:\/\/hubsch-interior.com\/fr\/wp-json\/wp\/v2\/product\/977407\" \/>\n<meta property=\"og:locale\" content=\"fr_FR\" \/>\n<meta property=\"og:type\" content=\"article\" \/>\n<meta property=\"og:title\" content=\"Focal Cadre 50x70 \u00a0Bois de noyer - H\u00fcbsch\" \/>\n<meta property=\"og:description\" content=\"Le Focal Cadre est fabriqu\u00e9 avec du bois de noyer de haute qualit\u00e9. Cette variante arbore une tonalit\u00e9 riche, profonde et sombre qui respire le luxe. Le\" \/>\n<meta property=\"og:url\" content=\"https:\/\/hubsch-interior.com\/fr\/produit\/focal-cadre-50x70-bois-de-noyer\/\" \/>\n<meta property=\"og:site_name\" content=\"H\u00fcbsch\" \/>\n<meta property=\"article:modified_time\" content=\"2026-04-09T02:52:56+00:00\" \/>\n<meta property=\"og:image\" content=\"https:\/\/hubsch-interior.com\/wp-content\/uploads\/2024\/04\/focal-frame-50x70-walnut-ab9b8df164e6e49da66fb4b1a87ffbb1.jpg\" \/>\n\t<meta property=\"og:image:width\" content=\"1200\" \/>\n\t<meta property=\"og:image:height\" content=\"1200\" \/>\n\t<meta property=\"og:image:type\" content=\"image\/jpeg\" \/>\n<meta name=\"twitter:card\" content=\"summary_large_image\" \/>\n<meta name=\"twitter:label1\" content=\"Dur\u00e9e de lecture estim\u00e9e\" \/>\n\t<meta name=\"twitter:data1\" content=\"1 minute\" \/>\n<script type=\"application\/ld+json\" class=\"yoast-schema-graph\">{\"@context\":\"https:\/\/schema.org\",\"@graph\":[{\"@type\":\"WebPage\",\"@id\":\"https:\/\/hubsch-interior.com\/fr\/produit\/focal-cadre-50x70-bois-de-noyer\/\",\"url\":\"https:\/\/hubsch-interior.com\/fr\/produit\/focal-cadre-50x70-bois-de-noyer\/\",\"name\":\"Focal Cadre 50x70 \u00a0Bois de noyer - H\u00fcbsch\",\"isPartOf\":{\"@id\":\"https:\/\/hubsch-interior.com\/fr\/#website\"},\"primaryImageOfPage\":{\"@id\":\"https:\/\/hubsch-interior.com\/fr\/produit\/focal-cadre-50x70-bois-de-noyer\/#primaryimage\"},\"image\":{\"@id\":\"https:\/\/hubsch-interior.com\/fr\/produit\/focal-cadre-50x70-bois-de-noyer\/#primaryimage\"},\"thumbnailUrl\":\"https:\/\/hubsch-interior.com\/wp-content\/uploads\/2026\/02\/focal-frame-50x70-walnut-078229817d739245fd261528c0918a5d.jpg\",\"datePublished\":\"2024-01-29T08:28:17+00:00\",\"dateModified\":\"2026-04-09T02:52:56+00:00\",\"description\":\"Le Focal Cadre est fabriqu\u00e9 avec du bois de noyer de haute qualit\u00e9. Cette variante arbore une tonalit\u00e9 riche, profonde et sombre qui respire le luxe. Le\",\"breadcrumb\":{\"@id\":\"https:\/\/hubsch-interior.com\/fr\/produit\/focal-cadre-50x70-bois-de-noyer\/#breadcrumb\"},\"inLanguage\":\"fr-FR\",\"potentialAction\":[{\"@type\":\"ReadAction\",\"target\":[\"https:\/\/hubsch-interior.com\/fr\/produit\/focal-cadre-50x70-bois-de-noyer\/\"]}]},{\"@type\":\"ImageObject\",\"inLanguage\":\"fr-FR\",\"@id\":\"https:\/\/hubsch-interior.com\/fr\/produit\/focal-cadre-50x70-bois-de-noyer\/#primaryimage\",\"url\":\"https:\/\/hubsch-interior.com\/wp-content\/uploads\/2026\/02\/focal-frame-50x70-walnut-078229817d739245fd261528c0918a5d.jpg\",\"contentUrl\":\"https:\/\/hubsch-interior.com\/wp-content\/uploads\/2026\/02\/focal-frame-50x70-walnut-078229817d739245fd261528c0918a5d.jpg\",\"width\":1024,\"height\":1024},{\"@type\":\"BreadcrumbList\",\"@id\":\"https:\/\/hubsch-interior.com\/fr\/produit\/focal-cadre-50x70-bois-de-noyer\/#breadcrumb\",\"itemListElement\":[{\"@type\":\"ListItem\",\"position\":1,\"name\":\"Page d'accueil\",\"item\":\"https:\/\/hubsch-interior.com\/fr\/\"},{\"@type\":\"ListItem\",\"position\":2,\"name\":\"Produits\",\"item\":\"https:\/\/hubsch-interior.com\/fr\/shop-2\/\"},{\"@type\":\"ListItem\",\"position\":3,\"name\":\"Accessoires maison\",\"item\":\"https:\/\/hubsch-interior.com\/fr\/categorie-produit\/accessoires-maison\/\"},{\"@type\":\"ListItem\",\"position\":4,\"name\":\"D&eacute;coration murale\",\"item\":\"https:\/\/hubsch-interior.com\/fr\/categorie-produit\/accessoires-maison\/decoration-murale-fr\/\"},{\"@type\":\"ListItem\",\"position\":5,\"name\":\"Cadres\",\"item\":\"https:\/\/hubsch-interior.com\/fr\/categorie-produit\/accessoires-maison\/decoration-murale-fr\/cadres-fr\/\"},{\"@type\":\"ListItem\",\"position\":6,\"name\":\"Focal Cadre 50&#215;70 \u00a0Bois de noyer\"}]},{\"@type\":\"WebSite\",\"@id\":\"https:\/\/hubsch-interior.com\/fr\/#website\",\"url\":\"https:\/\/hubsch-interior.com\/fr\/\",\"name\":\"H\u00fcbsch\",\"description\":\"Danish Home Interior and Design\",\"publisher\":{\"@id\":\"https:\/\/hubsch-interior.com\/fr\/#organization\"},\"potentialAction\":[{\"@type\":\"SearchAction\",\"target\":{\"@type\":\"EntryPoint\",\"urlTemplate\":\"https:\/\/hubsch-interior.com\/fr\/?s={search_term_string}\"},\"query-input\":{\"@type\":\"PropertyValueSpecification\",\"valueRequired\":true,\"valueName\":\"search_term_string\"}}],\"inLanguage\":\"fr-FR\"},{\"@type\":\"Organization\",\"@id\":\"https:\/\/hubsch-interior.com\/fr\/#organization\",\"name\":\"H\u00fcbsch\",\"url\":\"https:\/\/hubsch-interior.com\/fr\/\",\"logo\":{\"@type\":\"ImageObject\",\"inLanguage\":\"fr-FR\",\"@id\":\"https:\/\/hubsch-interior.com\/fr\/#\/schema\/logo\/image\/\",\"url\":\"https:\/\/hubsch-interior.com\/wp-content\/uploads\/2022\/12\/Hubsch_logo_black_one_line.svg\",\"contentUrl\":\"https:\/\/hubsch-interior.com\/wp-content\/uploads\/2022\/12\/Hubsch_logo_black_one_line.svg\",\"caption\":\"H\u00fcbsch\"},\"image\":{\"@id\":\"https:\/\/hubsch-interior.com\/fr\/#\/schema\/logo\/image\/\"}}]}<\/script>\n<!-- \/ Yoast SEO plugin. -->","yoast_head_json":{"title":"Focal Cadre 50x70 \u00a0Bois de noyer - H\u00fcbsch","description":"Le Focal Cadre est fabriqu\u00e9 avec du bois de noyer de haute qualit\u00e9. Cette variante arbore une tonalit\u00e9 riche, profonde et sombre qui respire le luxe. Le","robots":{"index":"index","follow":"follow","max-snippet":"max-snippet:-1","max-image-preview":"max-image-preview:large","max-video-preview":"max-video-preview:-1"},"canonical":"https:\/\/hubsch-interior.com\/fr\/wp-json\/wp\/v2\/product\/977407","og_locale":"fr_FR","og_type":"article","og_title":"Focal Cadre 50x70 \u00a0Bois de noyer - H\u00fcbsch","og_description":"Le Focal Cadre est fabriqu\u00e9 avec du bois de noyer de haute qualit\u00e9. Cette variante arbore une tonalit\u00e9 riche, profonde et sombre qui respire le luxe. Le","og_url":"https:\/\/hubsch-interior.com\/fr\/produit\/focal-cadre-50x70-bois-de-noyer\/","og_site_name":"H\u00fcbsch","article_modified_time":"2026-04-09T02:52:56+00:00","og_image":[{"width":1200,"height":1200,"url":"https:\/\/hubsch-interior.com\/wp-content\/uploads\/2024\/04\/focal-frame-50x70-walnut-ab9b8df164e6e49da66fb4b1a87ffbb1.jpg","type":"image\/jpeg"}],"twitter_card":"summary_large_image","twitter_misc":{"Dur\u00e9e de lecture estim\u00e9e":"1 minute"},"schema":{"@context":"https:\/\/schema.org","@graph":[{"@type":"WebPage","@id":"https:\/\/hubsch-interior.com\/fr\/produit\/focal-cadre-50x70-bois-de-noyer\/","url":"https:\/\/hubsch-interior.com\/fr\/produit\/focal-cadre-50x70-bois-de-noyer\/","name":"Focal Cadre 50x70 \u00a0Bois de noyer - H\u00fcbsch","isPartOf":{"@id":"https:\/\/hubsch-interior.com\/fr\/#website"},"primaryImageOfPage":{"@id":"https:\/\/hubsch-interior.com\/fr\/produit\/focal-cadre-50x70-bois-de-noyer\/#primaryimage"},"image":{"@id":"https:\/\/hubsch-interior.com\/fr\/produit\/focal-cadre-50x70-bois-de-noyer\/#primaryimage"},"thumbnailUrl":"https:\/\/hubsch-interior.com\/wp-content\/uploads\/2026\/02\/focal-frame-50x70-walnut-078229817d739245fd261528c0918a5d.jpg","datePublished":"2024-01-29T08:28:17+00:00","dateModified":"2026-04-09T02:52:56+00:00","description":"Le Focal Cadre est fabriqu\u00e9 avec du bois de noyer de haute qualit\u00e9. Cette variante arbore une tonalit\u00e9 riche, profonde et sombre qui respire le luxe. Le","breadcrumb":{"@id":"https:\/\/hubsch-interior.com\/fr\/produit\/focal-cadre-50x70-bois-de-noyer\/#breadcrumb"},"inLanguage":"fr-FR","potentialAction":[{"@type":"ReadAction","target":["https:\/\/hubsch-interior.com\/fr\/produit\/focal-cadre-50x70-bois-de-noyer\/"]}]},{"@type":"ImageObject","inLanguage":"fr-FR","@id":"https:\/\/hubsch-interior.com\/fr\/produit\/focal-cadre-50x70-bois-de-noyer\/#primaryimage","url":"https:\/\/hubsch-interior.com\/wp-content\/uploads\/2026\/02\/focal-frame-50x70-walnut-078229817d739245fd261528c0918a5d.jpg","contentUrl":"https:\/\/hubsch-interior.com\/wp-content\/uploads\/2026\/02\/focal-frame-50x70-walnut-078229817d739245fd261528c0918a5d.jpg","width":1024,"height":1024},{"@type":"BreadcrumbList","@id":"https:\/\/hubsch-interior.com\/fr\/produit\/focal-cadre-50x70-bois-de-noyer\/#breadcrumb","itemListElement":[{"@type":"ListItem","position":1,"name":"Page d'accueil","item":"https:\/\/hubsch-interior.com\/fr\/"},{"@type":"ListItem","position":2,"name":"Produits","item":"https:\/\/hubsch-interior.com\/fr\/shop-2\/"},{"@type":"ListItem","position":3,"name":"Accessoires maison","item":"https:\/\/hubsch-interior.com\/fr\/categorie-produit\/accessoires-maison\/"},{"@type":"ListItem","position":4,"name":"D&eacute;coration murale","item":"https:\/\/hubsch-interior.com\/fr\/categorie-produit\/accessoires-maison\/decoration-murale-fr\/"},{"@type":"ListItem","position":5,"name":"Cadres","item":"https:\/\/hubsch-interior.com\/fr\/categorie-produit\/accessoires-maison\/decoration-murale-fr\/cadres-fr\/"},{"@type":"ListItem","position":6,"name":"Focal Cadre 50&#215;70 \u00a0Bois de noyer"}]},{"@type":"WebSite","@id":"https:\/\/hubsch-interior.com\/fr\/#website","url":"https:\/\/hubsch-interior.com\/fr\/","name":"H\u00fcbsch","description":"Danish Home Interior and Design","publisher":{"@id":"https:\/\/hubsch-interior.com\/fr\/#organization"},"potentialAction":[{"@type":"SearchAction","target":{"@type":"EntryPoint","urlTemplate":"https:\/\/hubsch-interior.com\/fr\/?s={search_term_string}"},"query-input":{"@type":"PropertyValueSpecification","valueRequired":true,"valueName":"search_term_string"}}],"inLanguage":"fr-FR"},{"@type":"Organization","@id":"https:\/\/hubsch-interior.com\/fr\/#organization","name":"H\u00fcbsch","url":"https:\/\/hubsch-interior.com\/fr\/","logo":{"@type":"ImageObject","inLanguage":"fr-FR","@id":"https:\/\/hubsch-interior.com\/fr\/#\/schema\/logo\/image\/","url":"https:\/\/hubsch-interior.com\/wp-content\/uploads\/2022\/12\/Hubsch_logo_black_one_line.svg","contentUrl":"https:\/\/hubsch-interior.com\/wp-content\/uploads\/2022\/12\/Hubsch_logo_black_one_line.svg","caption":"H\u00fcbsch"},"image":{"@id":"https:\/\/hubsch-interior.com\/fr\/#\/schema\/logo\/image\/"}}]}},"_links":{"self":[{"href":"https:\/\/hubsch-interior.com\/fr\/wp-json\/wp\/v2\/product\/977407","targetHints":{"allow":["GET"]}}],"collection":[{"href":"https:\/\/hubsch-interior.com\/fr\/wp-json\/wp\/v2\/product"}],"about":[{"href":"https:\/\/hubsch-interior.com\/fr\/wp-json\/wp\/v2\/types\/product"}],"wp:featuredmedia":[{"embeddable":true,"href":"https:\/\/hubsch-interior.com\/fr\/wp-json\/wp\/v2\/media\/1103864"}],"wp:attachment":[{"href":"https:\/\/hubsch-interior.com\/fr\/wp-json\/wp\/v2\/media?parent=977407"}],"wp:term":[{"taxonomy":"product_brand","embeddable":true,"href":"https:\/\/hubsch-interior.com\/fr\/wp-json\/wp\/v2\/product_brand?post=977407"},{"taxonomy":"product_cat","embeddable":true,"href":"https:\/\/hubsch-interior.com\/fr\/wp-json\/wp\/v2\/product_cat?post=977407"},{"taxonomy":"product_tag","embeddable":true,"href":"https:\/\/hubsch-interior.com\/fr\/wp-json\/wp\/v2\/product_tag?post=977407"}],"curies":[{"name":"wp","href":"https:\/\/api.w.org\/{rel}","templated":true}]}}