{"id":977423,"date":"2024-01-29T09:28:33","date_gmt":"2024-01-29T08:28:33","guid":{"rendered":"https:\/\/hubsch-interior.com\/product\/product\/"},"modified":"2026-04-05T04:55:59","modified_gmt":"2026-04-05T02:55:59","slug":"focal-cadre-50x70-naturel","status":"publish","type":"product","link":"https:\/\/hubsch-interior.com\/fr\/produit\/focal-cadre-50x70-naturel\/","title":{"rendered":"Focal Cadre 50&#215;70 Naturel"},"content":{"rendered":"<p>Rehaussez votre d\u00e9coration int\u00e9rieure avec le Focal Cadre en bois de ch\u00eane naturel de haute qualit\u00e9, certifi\u00e9 FSC. Ce cadre \u00e9l\u00e9gant est con\u00e7u pour sublimer vos murs et est disponible en format 50&#215;70 cm. Son design minimaliste lui permet de s&#8217;harmoniser parfaitement avec d&#8217;autres tailles et couleurs de cadres, en faisant ainsi un ajout polyvalent \u00e0 n&#8217;importe quelle pi\u00e8ce. Affichez vos souvenirs pr\u00e9f\u00e9r\u00e9s ou vos \u0153uvres d&#8217;art gr\u00e2ce au poster de design graphique inclus, et changez facilement entre une orientation verticale ou horizontale. Disponible en quatre variantes diff\u00e9rentes, le Focal Cadre est le choix parfait pour ajouter une touche d&#8217;\u00e9l\u00e9gance \u00e0 votre int\u00e9rieur.<\/p>\n","protected":false},"excerpt":{"rendered":"<p>Rehaussez votre d\u00e9coration int\u00e9rieure avec le Focal Cadre en bois de ch\u00eane naturel de haute qualit\u00e9, certifi\u00e9 FSC. Ce cadre \u00e9l\u00e9gant est con\u00e7u pour sublimer vos murs et est disponible en format 50&#215;70 cm. Son design minimaliste lui permet de s&#8217;harmoniser parfaitement avec d&#8217;autres tailles et couleurs de cadres, en faisant ainsi un ajout polyvalent [&hellip;]<\/p>\n","protected":false},"featured_media":1114709,"template":"","meta":{"_acf_changed":false,"inline_featured_image":false},"product_brand":[],"product_cat":[6882,3116,4936,5026],"product_tag":[],"class_list":{"0":"post-977423","1":"product","2":"type-product","3":"status-publish","4":"has-post-thumbnail","6":"product_cat-elevating-nostalgia-fr","7":"product_cat-decoration-murale-fr","8":"product_cat-cadres-fr","9":"product_cat-bestsellers-fr","10":"product_shipping_class-pk","11":"pa_color-naturel-2","12":"pa_material-mdf-fr","13":"pa_material-verre-fr","14":"pa_material-bois-de-chne-2","16":"first","17":"outofstock","18":"featured","19":"taxable","20":"shipping-taxable","21":"purchasable","22":"product-type-simple"},"exclude_global_add_ons":[],"addons":[],"acf":[],"yoast_head":"<!-- This site is optimized with the Yoast SEO plugin v26.4 - https:\/\/yoast.com\/wordpress\/plugins\/seo\/ -->\n<title>Focal Cadre 50x70 Naturel - H\u00fcbsch<\/title>\n<meta name=\"description\" content=\"Rehaussez votre d\u00e9coration int\u00e9rieure avec le Focal Cadre en bois de ch\u00eane naturel de haute qualit\u00e9, certifi\u00e9 FSC. Ce cadre \u00e9l\u00e9gant est con\u00e7u pour\" \/>\n<meta name=\"robots\" content=\"index, follow, max-snippet:-1, max-image-preview:large, max-video-preview:-1\" \/>\n<link rel=\"canonical\" href=\"https:\/\/hubsch-interior.com\/fr\/wp-json\/wp\/v2\/product\/977423\" \/>\n<meta property=\"og:locale\" content=\"fr_FR\" \/>\n<meta property=\"og:type\" content=\"article\" \/>\n<meta property=\"og:title\" content=\"Focal Cadre 50x70 Naturel - H\u00fcbsch\" \/>\n<meta property=\"og:description\" content=\"Rehaussez votre d\u00e9coration int\u00e9rieure avec le Focal Cadre en bois de ch\u00eane naturel de haute qualit\u00e9, certifi\u00e9 FSC. Ce cadre \u00e9l\u00e9gant est con\u00e7u pour\" \/>\n<meta property=\"og:url\" content=\"https:\/\/hubsch-interior.com\/fr\/produit\/focal-cadre-50x70-naturel\/\" \/>\n<meta property=\"og:site_name\" content=\"H\u00fcbsch\" \/>\n<meta property=\"article:modified_time\" content=\"2026-04-05T02:55:59+00:00\" \/>\n<meta property=\"og:image\" content=\"https:\/\/hubsch-interior.com\/wp-content\/uploads\/2024\/07\/focal-frame-50x70-natural-4875793b23a96d1e891642660885da8d.jpg\" \/>\n\t<meta property=\"og:image:width\" content=\"1200\" \/>\n\t<meta property=\"og:image:height\" content=\"1200\" \/>\n\t<meta property=\"og:image:type\" content=\"image\/jpeg\" \/>\n<meta name=\"twitter:card\" content=\"summary_large_image\" \/>\n<meta name=\"twitter:label1\" content=\"Dur\u00e9e de lecture estim\u00e9e\" \/>\n\t<meta name=\"twitter:data1\" content=\"1 minute\" \/>\n<script type=\"application\/ld+json\" class=\"yoast-schema-graph\">{\"@context\":\"https:\/\/schema.org\",\"@graph\":[{\"@type\":\"WebPage\",\"@id\":\"https:\/\/hubsch-interior.com\/fr\/produit\/focal-cadre-50x70-naturel\/\",\"url\":\"https:\/\/hubsch-interior.com\/fr\/produit\/focal-cadre-50x70-naturel\/\",\"name\":\"Focal Cadre 50x70 Naturel - H\u00fcbsch\",\"isPartOf\":{\"@id\":\"https:\/\/hubsch-interior.com\/fr\/#website\"},\"primaryImageOfPage\":{\"@id\":\"https:\/\/hubsch-interior.com\/fr\/produit\/focal-cadre-50x70-naturel\/#primaryimage\"},\"image\":{\"@id\":\"https:\/\/hubsch-interior.com\/fr\/produit\/focal-cadre-50x70-naturel\/#primaryimage\"},\"thumbnailUrl\":\"https:\/\/hubsch-interior.com\/wp-content\/uploads\/2026\/02\/focal-frame-50x70-natural-bc3b1debb6129cf6b316125159bba12c.jpg\",\"datePublished\":\"2024-01-29T08:28:33+00:00\",\"dateModified\":\"2026-04-05T02:55:59+00:00\",\"description\":\"Rehaussez votre d\u00e9coration int\u00e9rieure avec le Focal Cadre en bois de ch\u00eane naturel de haute qualit\u00e9, certifi\u00e9 FSC. Ce cadre \u00e9l\u00e9gant est con\u00e7u pour\",\"breadcrumb\":{\"@id\":\"https:\/\/hubsch-interior.com\/fr\/produit\/focal-cadre-50x70-naturel\/#breadcrumb\"},\"inLanguage\":\"fr-FR\",\"potentialAction\":[{\"@type\":\"ReadAction\",\"target\":[\"https:\/\/hubsch-interior.com\/fr\/produit\/focal-cadre-50x70-naturel\/\"]}]},{\"@type\":\"ImageObject\",\"inLanguage\":\"fr-FR\",\"@id\":\"https:\/\/hubsch-interior.com\/fr\/produit\/focal-cadre-50x70-naturel\/#primaryimage\",\"url\":\"https:\/\/hubsch-interior.com\/wp-content\/uploads\/2026\/02\/focal-frame-50x70-natural-bc3b1debb6129cf6b316125159bba12c.jpg\",\"contentUrl\":\"https:\/\/hubsch-interior.com\/wp-content\/uploads\/2026\/02\/focal-frame-50x70-natural-bc3b1debb6129cf6b316125159bba12c.jpg\",\"width\":1024,\"height\":1024},{\"@type\":\"BreadcrumbList\",\"@id\":\"https:\/\/hubsch-interior.com\/fr\/produit\/focal-cadre-50x70-naturel\/#breadcrumb\",\"itemListElement\":[{\"@type\":\"ListItem\",\"position\":1,\"name\":\"Page d'accueil\",\"item\":\"https:\/\/hubsch-interior.com\/fr\/\"},{\"@type\":\"ListItem\",\"position\":2,\"name\":\"Produits\",\"item\":\"https:\/\/hubsch-interior.com\/fr\/shop-2\/\"},{\"@type\":\"ListItem\",\"position\":3,\"name\":\"Accessoires maison\",\"item\":\"https:\/\/hubsch-interior.com\/fr\/categorie-produit\/accessoires-maison\/\"},{\"@type\":\"ListItem\",\"position\":4,\"name\":\"D&eacute;coration murale\",\"item\":\"https:\/\/hubsch-interior.com\/fr\/categorie-produit\/accessoires-maison\/decoration-murale-fr\/\"},{\"@type\":\"ListItem\",\"position\":5,\"name\":\"Cadres\",\"item\":\"https:\/\/hubsch-interior.com\/fr\/categorie-produit\/accessoires-maison\/decoration-murale-fr\/cadres-fr\/\"},{\"@type\":\"ListItem\",\"position\":6,\"name\":\"Focal Cadre 50&#215;70 Naturel\"}]},{\"@type\":\"WebSite\",\"@id\":\"https:\/\/hubsch-interior.com\/fr\/#website\",\"url\":\"https:\/\/hubsch-interior.com\/fr\/\",\"name\":\"H\u00fcbsch\",\"description\":\"Danish Home Interior and Design\",\"publisher\":{\"@id\":\"https:\/\/hubsch-interior.com\/fr\/#organization\"},\"potentialAction\":[{\"@type\":\"SearchAction\",\"target\":{\"@type\":\"EntryPoint\",\"urlTemplate\":\"https:\/\/hubsch-interior.com\/fr\/?s={search_term_string}\"},\"query-input\":{\"@type\":\"PropertyValueSpecification\",\"valueRequired\":true,\"valueName\":\"search_term_string\"}}],\"inLanguage\":\"fr-FR\"},{\"@type\":\"Organization\",\"@id\":\"https:\/\/hubsch-interior.com\/fr\/#organization\",\"name\":\"H\u00fcbsch\",\"url\":\"https:\/\/hubsch-interior.com\/fr\/\",\"logo\":{\"@type\":\"ImageObject\",\"inLanguage\":\"fr-FR\",\"@id\":\"https:\/\/hubsch-interior.com\/fr\/#\/schema\/logo\/image\/\",\"url\":\"https:\/\/hubsch-interior.com\/wp-content\/uploads\/2022\/12\/Hubsch_logo_black_one_line.svg\",\"contentUrl\":\"https:\/\/hubsch-interior.com\/wp-content\/uploads\/2022\/12\/Hubsch_logo_black_one_line.svg\",\"caption\":\"H\u00fcbsch\"},\"image\":{\"@id\":\"https:\/\/hubsch-interior.com\/fr\/#\/schema\/logo\/image\/\"}}]}<\/script>\n<!-- \/ Yoast SEO plugin. -->","yoast_head_json":{"title":"Focal Cadre 50x70 Naturel - H\u00fcbsch","description":"Rehaussez votre d\u00e9coration int\u00e9rieure avec le Focal Cadre en bois de ch\u00eane naturel de haute qualit\u00e9, certifi\u00e9 FSC. Ce cadre \u00e9l\u00e9gant est con\u00e7u pour","robots":{"index":"index","follow":"follow","max-snippet":"max-snippet:-1","max-image-preview":"max-image-preview:large","max-video-preview":"max-video-preview:-1"},"canonical":"https:\/\/hubsch-interior.com\/fr\/wp-json\/wp\/v2\/product\/977423","og_locale":"fr_FR","og_type":"article","og_title":"Focal Cadre 50x70 Naturel - H\u00fcbsch","og_description":"Rehaussez votre d\u00e9coration int\u00e9rieure avec le Focal Cadre en bois de ch\u00eane naturel de haute qualit\u00e9, certifi\u00e9 FSC. Ce cadre \u00e9l\u00e9gant est con\u00e7u pour","og_url":"https:\/\/hubsch-interior.com\/fr\/produit\/focal-cadre-50x70-naturel\/","og_site_name":"H\u00fcbsch","article_modified_time":"2026-04-05T02:55:59+00:00","og_image":[{"width":1200,"height":1200,"url":"https:\/\/hubsch-interior.com\/wp-content\/uploads\/2024\/07\/focal-frame-50x70-natural-4875793b23a96d1e891642660885da8d.jpg","type":"image\/jpeg"}],"twitter_card":"summary_large_image","twitter_misc":{"Dur\u00e9e de lecture estim\u00e9e":"1 minute"},"schema":{"@context":"https:\/\/schema.org","@graph":[{"@type":"WebPage","@id":"https:\/\/hubsch-interior.com\/fr\/produit\/focal-cadre-50x70-naturel\/","url":"https:\/\/hubsch-interior.com\/fr\/produit\/focal-cadre-50x70-naturel\/","name":"Focal Cadre 50x70 Naturel - H\u00fcbsch","isPartOf":{"@id":"https:\/\/hubsch-interior.com\/fr\/#website"},"primaryImageOfPage":{"@id":"https:\/\/hubsch-interior.com\/fr\/produit\/focal-cadre-50x70-naturel\/#primaryimage"},"image":{"@id":"https:\/\/hubsch-interior.com\/fr\/produit\/focal-cadre-50x70-naturel\/#primaryimage"},"thumbnailUrl":"https:\/\/hubsch-interior.com\/wp-content\/uploads\/2026\/02\/focal-frame-50x70-natural-bc3b1debb6129cf6b316125159bba12c.jpg","datePublished":"2024-01-29T08:28:33+00:00","dateModified":"2026-04-05T02:55:59+00:00","description":"Rehaussez votre d\u00e9coration int\u00e9rieure avec le Focal Cadre en bois de ch\u00eane naturel de haute qualit\u00e9, certifi\u00e9 FSC. Ce cadre \u00e9l\u00e9gant est con\u00e7u pour","breadcrumb":{"@id":"https:\/\/hubsch-interior.com\/fr\/produit\/focal-cadre-50x70-naturel\/#breadcrumb"},"inLanguage":"fr-FR","potentialAction":[{"@type":"ReadAction","target":["https:\/\/hubsch-interior.com\/fr\/produit\/focal-cadre-50x70-naturel\/"]}]},{"@type":"ImageObject","inLanguage":"fr-FR","@id":"https:\/\/hubsch-interior.com\/fr\/produit\/focal-cadre-50x70-naturel\/#primaryimage","url":"https:\/\/hubsch-interior.com\/wp-content\/uploads\/2026\/02\/focal-frame-50x70-natural-bc3b1debb6129cf6b316125159bba12c.jpg","contentUrl":"https:\/\/hubsch-interior.com\/wp-content\/uploads\/2026\/02\/focal-frame-50x70-natural-bc3b1debb6129cf6b316125159bba12c.jpg","width":1024,"height":1024},{"@type":"BreadcrumbList","@id":"https:\/\/hubsch-interior.com\/fr\/produit\/focal-cadre-50x70-naturel\/#breadcrumb","itemListElement":[{"@type":"ListItem","position":1,"name":"Page d'accueil","item":"https:\/\/hubsch-interior.com\/fr\/"},{"@type":"ListItem","position":2,"name":"Produits","item":"https:\/\/hubsch-interior.com\/fr\/shop-2\/"},{"@type":"ListItem","position":3,"name":"Accessoires maison","item":"https:\/\/hubsch-interior.com\/fr\/categorie-produit\/accessoires-maison\/"},{"@type":"ListItem","position":4,"name":"D&eacute;coration murale","item":"https:\/\/hubsch-interior.com\/fr\/categorie-produit\/accessoires-maison\/decoration-murale-fr\/"},{"@type":"ListItem","position":5,"name":"Cadres","item":"https:\/\/hubsch-interior.com\/fr\/categorie-produit\/accessoires-maison\/decoration-murale-fr\/cadres-fr\/"},{"@type":"ListItem","position":6,"name":"Focal Cadre 50&#215;70 Naturel"}]},{"@type":"WebSite","@id":"https:\/\/hubsch-interior.com\/fr\/#website","url":"https:\/\/hubsch-interior.com\/fr\/","name":"H\u00fcbsch","description":"Danish Home Interior and Design","publisher":{"@id":"https:\/\/hubsch-interior.com\/fr\/#organization"},"potentialAction":[{"@type":"SearchAction","target":{"@type":"EntryPoint","urlTemplate":"https:\/\/hubsch-interior.com\/fr\/?s={search_term_string}"},"query-input":{"@type":"PropertyValueSpecification","valueRequired":true,"valueName":"search_term_string"}}],"inLanguage":"fr-FR"},{"@type":"Organization","@id":"https:\/\/hubsch-interior.com\/fr\/#organization","name":"H\u00fcbsch","url":"https:\/\/hubsch-interior.com\/fr\/","logo":{"@type":"ImageObject","inLanguage":"fr-FR","@id":"https:\/\/hubsch-interior.com\/fr\/#\/schema\/logo\/image\/","url":"https:\/\/hubsch-interior.com\/wp-content\/uploads\/2022\/12\/Hubsch_logo_black_one_line.svg","contentUrl":"https:\/\/hubsch-interior.com\/wp-content\/uploads\/2022\/12\/Hubsch_logo_black_one_line.svg","caption":"H\u00fcbsch"},"image":{"@id":"https:\/\/hubsch-interior.com\/fr\/#\/schema\/logo\/image\/"}}]}},"_links":{"self":[{"href":"https:\/\/hubsch-interior.com\/fr\/wp-json\/wp\/v2\/product\/977423","targetHints":{"allow":["GET"]}}],"collection":[{"href":"https:\/\/hubsch-interior.com\/fr\/wp-json\/wp\/v2\/product"}],"about":[{"href":"https:\/\/hubsch-interior.com\/fr\/wp-json\/wp\/v2\/types\/product"}],"wp:featuredmedia":[{"embeddable":true,"href":"https:\/\/hubsch-interior.com\/fr\/wp-json\/wp\/v2\/media\/1114709"}],"wp:attachment":[{"href":"https:\/\/hubsch-interior.com\/fr\/wp-json\/wp\/v2\/media?parent=977423"}],"wp:term":[{"taxonomy":"product_brand","embeddable":true,"href":"https:\/\/hubsch-interior.com\/fr\/wp-json\/wp\/v2\/product_brand?post=977423"},{"taxonomy":"product_cat","embeddable":true,"href":"https:\/\/hubsch-interior.com\/fr\/wp-json\/wp\/v2\/product_cat?post=977423"},{"taxonomy":"product_tag","embeddable":true,"href":"https:\/\/hubsch-interior.com\/fr\/wp-json\/wp\/v2\/product_tag?post=977423"}],"curies":[{"name":"wp","href":"https:\/\/api.w.org\/{rel}","templated":true}]}}