{"id":977467,"date":"2024-01-29T09:29:23","date_gmt":"2024-01-29T08:29:23","guid":{"rendered":"https:\/\/hubsch-interior.com\/product\/product\/"},"modified":"2026-04-09T04:53:04","modified_gmt":"2026-04-09T02:53:04","slug":"studio-cadre-70x100-naturel","status":"publish","type":"product","link":"https:\/\/hubsch-interior.com\/fr\/produit\/studio-cadre-70x100-naturel\/","title":{"rendered":"Studio Cadre 70&#215;100 Naturel"},"content":{"rendered":"<p>D\u00e9couvrez le Studio Cadre, un ajout polyvalent et \u00e9l\u00e9gant \u00e0 votre d\u00e9coration int\u00e9rieure ! Fabriqu\u00e9 \u00e0 partir de bois de ch\u00eane de haute qualit\u00e9 certifi\u00e9 FSC, ce cadre est non seulement durable et r\u00e9sistant, mais aussi respectueux de l&#8217;environnement. Disponible dans une couleur naturelle, il d\u00e9gage une ambiance chaleureuse et accueillante. Cette variante du Studio Cadre est propos\u00e9e en taille 70&#215;100 cm, id\u00e9ale pour mettre en valeur de grands posters. L&#8217;impression d&#8217;art unique incluse, aux couleurs contrastantes, apporte une touche de sophistication \u00e0 n&#8217;importe quelle pi\u00e8ce. Exposez-le verticalement ou horizontalement, et mariez-le avec d&#8217;autres tailles et couleurs de cadre pour une touche personnalis\u00e9e.<\/p>\n","protected":false},"excerpt":{"rendered":"<p>D\u00e9couvrez le Studio Cadre, un ajout polyvalent et \u00e9l\u00e9gant \u00e0 votre d\u00e9coration int\u00e9rieure ! Fabriqu\u00e9 \u00e0 partir de bois de ch\u00eane de haute qualit\u00e9 certifi\u00e9 FSC, ce cadre est non seulement durable et r\u00e9sistant, mais aussi respectueux de l&#8217;environnement. Disponible dans une couleur naturelle, il d\u00e9gage une ambiance chaleureuse et accueillante. Cette variante du Studio [&hellip;]<\/p>\n","protected":false},"featured_media":1103916,"template":"","meta":{"_acf_changed":false,"inline_featured_image":false},"product_brand":[],"product_cat":[6882,6322,3116,4936,5026],"product_tag":[],"class_list":{"0":"post-977467","1":"product","2":"type-product","3":"status-publish","4":"has-post-thumbnail","6":"product_cat-elevating-nostalgia-fr","7":"product_cat-fsc-fr","8":"product_cat-decoration-murale-fr","9":"product_cat-cadres-fr","10":"product_cat-bestsellers-fr","11":"product_shipping_class-pk","13":"pa_color-naturel-2","14":"pa_material-mdf-fr","15":"pa_material-plexiglas-2","16":"pa_material-bois-de-chne-2","18":"first","19":"instock","20":"featured","21":"taxable","22":"shipping-taxable","23":"purchasable","24":"product-type-simple"},"exclude_global_add_ons":[],"addons":[],"acf":[],"yoast_head":"<!-- This site is optimized with the Yoast SEO plugin v26.4 - https:\/\/yoast.com\/wordpress\/plugins\/seo\/ -->\n<title>Studio Cadre 70x100 Naturel - H\u00fcbsch<\/title>\n<meta name=\"description\" content=\"D\u00e9couvrez le Studio Cadre, un ajout polyvalent et \u00e9l\u00e9gant \u00e0 votre d\u00e9coration int\u00e9rieure ! Fabriqu\u00e9 \u00e0 partir de bois de ch\u00eane de haute qualit\u00e9 certifi\u00e9\" \/>\n<meta name=\"robots\" content=\"index, follow, max-snippet:-1, max-image-preview:large, max-video-preview:-1\" \/>\n<link rel=\"canonical\" href=\"https:\/\/hubsch-interior.com\/fr\/wp-json\/wp\/v2\/product\/977467\" \/>\n<meta property=\"og:locale\" content=\"fr_FR\" \/>\n<meta property=\"og:type\" content=\"article\" \/>\n<meta property=\"og:title\" content=\"Studio Cadre 70x100 Naturel - H\u00fcbsch\" \/>\n<meta property=\"og:description\" content=\"D\u00e9couvrez le Studio Cadre, un ajout polyvalent et \u00e9l\u00e9gant \u00e0 votre d\u00e9coration int\u00e9rieure ! Fabriqu\u00e9 \u00e0 partir de bois de ch\u00eane de haute qualit\u00e9 certifi\u00e9\" \/>\n<meta property=\"og:url\" content=\"https:\/\/hubsch-interior.com\/fr\/produit\/studio-cadre-70x100-naturel\/\" \/>\n<meta property=\"og:site_name\" content=\"H\u00fcbsch\" \/>\n<meta property=\"article:modified_time\" content=\"2026-04-09T02:53:04+00:00\" \/>\n<meta property=\"og:image\" content=\"https:\/\/hubsch-interior.com\/wp-content\/uploads\/2024\/01\/studio-frame-70x100-natural-869c30fdee76900c72a90099e0e204fd.jpg\" \/>\n\t<meta property=\"og:image:width\" content=\"1200\" \/>\n\t<meta property=\"og:image:height\" content=\"1200\" \/>\n\t<meta property=\"og:image:type\" content=\"image\/jpeg\" \/>\n<meta name=\"twitter:card\" content=\"summary_large_image\" \/>\n<meta name=\"twitter:label1\" content=\"Dur\u00e9e de lecture estim\u00e9e\" \/>\n\t<meta name=\"twitter:data1\" content=\"1 minute\" \/>\n<script type=\"application\/ld+json\" class=\"yoast-schema-graph\">{\"@context\":\"https:\/\/schema.org\",\"@graph\":[{\"@type\":\"WebPage\",\"@id\":\"https:\/\/hubsch-interior.com\/fr\/produit\/studio-cadre-70x100-naturel\/\",\"url\":\"https:\/\/hubsch-interior.com\/fr\/produit\/studio-cadre-70x100-naturel\/\",\"name\":\"Studio Cadre 70x100 Naturel - H\u00fcbsch\",\"isPartOf\":{\"@id\":\"https:\/\/hubsch-interior.com\/fr\/#website\"},\"primaryImageOfPage\":{\"@id\":\"https:\/\/hubsch-interior.com\/fr\/produit\/studio-cadre-70x100-naturel\/#primaryimage\"},\"image\":{\"@id\":\"https:\/\/hubsch-interior.com\/fr\/produit\/studio-cadre-70x100-naturel\/#primaryimage\"},\"thumbnailUrl\":\"https:\/\/hubsch-interior.com\/wp-content\/uploads\/2026\/02\/studio-frame-70x100-natural-9a9a68bf1ba07af634f1075610376032.jpg\",\"datePublished\":\"2024-01-29T08:29:23+00:00\",\"dateModified\":\"2026-04-09T02:53:04+00:00\",\"description\":\"D\u00e9couvrez le Studio Cadre, un ajout polyvalent et \u00e9l\u00e9gant \u00e0 votre d\u00e9coration int\u00e9rieure ! Fabriqu\u00e9 \u00e0 partir de bois de ch\u00eane de haute qualit\u00e9 certifi\u00e9\",\"breadcrumb\":{\"@id\":\"https:\/\/hubsch-interior.com\/fr\/produit\/studio-cadre-70x100-naturel\/#breadcrumb\"},\"inLanguage\":\"fr-FR\",\"potentialAction\":[{\"@type\":\"ReadAction\",\"target\":[\"https:\/\/hubsch-interior.com\/fr\/produit\/studio-cadre-70x100-naturel\/\"]}]},{\"@type\":\"ImageObject\",\"inLanguage\":\"fr-FR\",\"@id\":\"https:\/\/hubsch-interior.com\/fr\/produit\/studio-cadre-70x100-naturel\/#primaryimage\",\"url\":\"https:\/\/hubsch-interior.com\/wp-content\/uploads\/2026\/02\/studio-frame-70x100-natural-9a9a68bf1ba07af634f1075610376032.jpg\",\"contentUrl\":\"https:\/\/hubsch-interior.com\/wp-content\/uploads\/2026\/02\/studio-frame-70x100-natural-9a9a68bf1ba07af634f1075610376032.jpg\",\"width\":1024,\"height\":1024},{\"@type\":\"BreadcrumbList\",\"@id\":\"https:\/\/hubsch-interior.com\/fr\/produit\/studio-cadre-70x100-naturel\/#breadcrumb\",\"itemListElement\":[{\"@type\":\"ListItem\",\"position\":1,\"name\":\"Page d'accueil\",\"item\":\"https:\/\/hubsch-interior.com\/fr\/\"},{\"@type\":\"ListItem\",\"position\":2,\"name\":\"Produits\",\"item\":\"https:\/\/hubsch-interior.com\/fr\/shop-2\/\"},{\"@type\":\"ListItem\",\"position\":3,\"name\":\"Accessoires maison\",\"item\":\"https:\/\/hubsch-interior.com\/fr\/categorie-produit\/accessoires-maison\/\"},{\"@type\":\"ListItem\",\"position\":4,\"name\":\"D&eacute;coration murale\",\"item\":\"https:\/\/hubsch-interior.com\/fr\/categorie-produit\/accessoires-maison\/decoration-murale-fr\/\"},{\"@type\":\"ListItem\",\"position\":5,\"name\":\"Cadres\",\"item\":\"https:\/\/hubsch-interior.com\/fr\/categorie-produit\/accessoires-maison\/decoration-murale-fr\/cadres-fr\/\"},{\"@type\":\"ListItem\",\"position\":6,\"name\":\"Studio Cadre 70&#215;100 Naturel\"}]},{\"@type\":\"WebSite\",\"@id\":\"https:\/\/hubsch-interior.com\/fr\/#website\",\"url\":\"https:\/\/hubsch-interior.com\/fr\/\",\"name\":\"H\u00fcbsch\",\"description\":\"Danish Home Interior and Design\",\"publisher\":{\"@id\":\"https:\/\/hubsch-interior.com\/fr\/#organization\"},\"potentialAction\":[{\"@type\":\"SearchAction\",\"target\":{\"@type\":\"EntryPoint\",\"urlTemplate\":\"https:\/\/hubsch-interior.com\/fr\/?s={search_term_string}\"},\"query-input\":{\"@type\":\"PropertyValueSpecification\",\"valueRequired\":true,\"valueName\":\"search_term_string\"}}],\"inLanguage\":\"fr-FR\"},{\"@type\":\"Organization\",\"@id\":\"https:\/\/hubsch-interior.com\/fr\/#organization\",\"name\":\"H\u00fcbsch\",\"url\":\"https:\/\/hubsch-interior.com\/fr\/\",\"logo\":{\"@type\":\"ImageObject\",\"inLanguage\":\"fr-FR\",\"@id\":\"https:\/\/hubsch-interior.com\/fr\/#\/schema\/logo\/image\/\",\"url\":\"https:\/\/hubsch-interior.com\/wp-content\/uploads\/2022\/12\/Hubsch_logo_black_one_line.svg\",\"contentUrl\":\"https:\/\/hubsch-interior.com\/wp-content\/uploads\/2022\/12\/Hubsch_logo_black_one_line.svg\",\"caption\":\"H\u00fcbsch\"},\"image\":{\"@id\":\"https:\/\/hubsch-interior.com\/fr\/#\/schema\/logo\/image\/\"}}]}<\/script>\n<!-- \/ Yoast SEO plugin. -->","yoast_head_json":{"title":"Studio Cadre 70x100 Naturel - H\u00fcbsch","description":"D\u00e9couvrez le Studio Cadre, un ajout polyvalent et \u00e9l\u00e9gant \u00e0 votre d\u00e9coration int\u00e9rieure ! Fabriqu\u00e9 \u00e0 partir de bois de ch\u00eane de haute qualit\u00e9 certifi\u00e9","robots":{"index":"index","follow":"follow","max-snippet":"max-snippet:-1","max-image-preview":"max-image-preview:large","max-video-preview":"max-video-preview:-1"},"canonical":"https:\/\/hubsch-interior.com\/fr\/wp-json\/wp\/v2\/product\/977467","og_locale":"fr_FR","og_type":"article","og_title":"Studio Cadre 70x100 Naturel - H\u00fcbsch","og_description":"D\u00e9couvrez le Studio Cadre, un ajout polyvalent et \u00e9l\u00e9gant \u00e0 votre d\u00e9coration int\u00e9rieure ! Fabriqu\u00e9 \u00e0 partir de bois de ch\u00eane de haute qualit\u00e9 certifi\u00e9","og_url":"https:\/\/hubsch-interior.com\/fr\/produit\/studio-cadre-70x100-naturel\/","og_site_name":"H\u00fcbsch","article_modified_time":"2026-04-09T02:53:04+00:00","og_image":[{"width":1200,"height":1200,"url":"https:\/\/hubsch-interior.com\/wp-content\/uploads\/2024\/01\/studio-frame-70x100-natural-869c30fdee76900c72a90099e0e204fd.jpg","type":"image\/jpeg"}],"twitter_card":"summary_large_image","twitter_misc":{"Dur\u00e9e de lecture estim\u00e9e":"1 minute"},"schema":{"@context":"https:\/\/schema.org","@graph":[{"@type":"WebPage","@id":"https:\/\/hubsch-interior.com\/fr\/produit\/studio-cadre-70x100-naturel\/","url":"https:\/\/hubsch-interior.com\/fr\/produit\/studio-cadre-70x100-naturel\/","name":"Studio Cadre 70x100 Naturel - H\u00fcbsch","isPartOf":{"@id":"https:\/\/hubsch-interior.com\/fr\/#website"},"primaryImageOfPage":{"@id":"https:\/\/hubsch-interior.com\/fr\/produit\/studio-cadre-70x100-naturel\/#primaryimage"},"image":{"@id":"https:\/\/hubsch-interior.com\/fr\/produit\/studio-cadre-70x100-naturel\/#primaryimage"},"thumbnailUrl":"https:\/\/hubsch-interior.com\/wp-content\/uploads\/2026\/02\/studio-frame-70x100-natural-9a9a68bf1ba07af634f1075610376032.jpg","datePublished":"2024-01-29T08:29:23+00:00","dateModified":"2026-04-09T02:53:04+00:00","description":"D\u00e9couvrez le Studio Cadre, un ajout polyvalent et \u00e9l\u00e9gant \u00e0 votre d\u00e9coration int\u00e9rieure ! Fabriqu\u00e9 \u00e0 partir de bois de ch\u00eane de haute qualit\u00e9 certifi\u00e9","breadcrumb":{"@id":"https:\/\/hubsch-interior.com\/fr\/produit\/studio-cadre-70x100-naturel\/#breadcrumb"},"inLanguage":"fr-FR","potentialAction":[{"@type":"ReadAction","target":["https:\/\/hubsch-interior.com\/fr\/produit\/studio-cadre-70x100-naturel\/"]}]},{"@type":"ImageObject","inLanguage":"fr-FR","@id":"https:\/\/hubsch-interior.com\/fr\/produit\/studio-cadre-70x100-naturel\/#primaryimage","url":"https:\/\/hubsch-interior.com\/wp-content\/uploads\/2026\/02\/studio-frame-70x100-natural-9a9a68bf1ba07af634f1075610376032.jpg","contentUrl":"https:\/\/hubsch-interior.com\/wp-content\/uploads\/2026\/02\/studio-frame-70x100-natural-9a9a68bf1ba07af634f1075610376032.jpg","width":1024,"height":1024},{"@type":"BreadcrumbList","@id":"https:\/\/hubsch-interior.com\/fr\/produit\/studio-cadre-70x100-naturel\/#breadcrumb","itemListElement":[{"@type":"ListItem","position":1,"name":"Page d'accueil","item":"https:\/\/hubsch-interior.com\/fr\/"},{"@type":"ListItem","position":2,"name":"Produits","item":"https:\/\/hubsch-interior.com\/fr\/shop-2\/"},{"@type":"ListItem","position":3,"name":"Accessoires maison","item":"https:\/\/hubsch-interior.com\/fr\/categorie-produit\/accessoires-maison\/"},{"@type":"ListItem","position":4,"name":"D&eacute;coration murale","item":"https:\/\/hubsch-interior.com\/fr\/categorie-produit\/accessoires-maison\/decoration-murale-fr\/"},{"@type":"ListItem","position":5,"name":"Cadres","item":"https:\/\/hubsch-interior.com\/fr\/categorie-produit\/accessoires-maison\/decoration-murale-fr\/cadres-fr\/"},{"@type":"ListItem","position":6,"name":"Studio Cadre 70&#215;100 Naturel"}]},{"@type":"WebSite","@id":"https:\/\/hubsch-interior.com\/fr\/#website","url":"https:\/\/hubsch-interior.com\/fr\/","name":"H\u00fcbsch","description":"Danish Home Interior and Design","publisher":{"@id":"https:\/\/hubsch-interior.com\/fr\/#organization"},"potentialAction":[{"@type":"SearchAction","target":{"@type":"EntryPoint","urlTemplate":"https:\/\/hubsch-interior.com\/fr\/?s={search_term_string}"},"query-input":{"@type":"PropertyValueSpecification","valueRequired":true,"valueName":"search_term_string"}}],"inLanguage":"fr-FR"},{"@type":"Organization","@id":"https:\/\/hubsch-interior.com\/fr\/#organization","name":"H\u00fcbsch","url":"https:\/\/hubsch-interior.com\/fr\/","logo":{"@type":"ImageObject","inLanguage":"fr-FR","@id":"https:\/\/hubsch-interior.com\/fr\/#\/schema\/logo\/image\/","url":"https:\/\/hubsch-interior.com\/wp-content\/uploads\/2022\/12\/Hubsch_logo_black_one_line.svg","contentUrl":"https:\/\/hubsch-interior.com\/wp-content\/uploads\/2022\/12\/Hubsch_logo_black_one_line.svg","caption":"H\u00fcbsch"},"image":{"@id":"https:\/\/hubsch-interior.com\/fr\/#\/schema\/logo\/image\/"}}]}},"_links":{"self":[{"href":"https:\/\/hubsch-interior.com\/fr\/wp-json\/wp\/v2\/product\/977467","targetHints":{"allow":["GET"]}}],"collection":[{"href":"https:\/\/hubsch-interior.com\/fr\/wp-json\/wp\/v2\/product"}],"about":[{"href":"https:\/\/hubsch-interior.com\/fr\/wp-json\/wp\/v2\/types\/product"}],"wp:featuredmedia":[{"embeddable":true,"href":"https:\/\/hubsch-interior.com\/fr\/wp-json\/wp\/v2\/media\/1103916"}],"wp:attachment":[{"href":"https:\/\/hubsch-interior.com\/fr\/wp-json\/wp\/v2\/media?parent=977467"}],"wp:term":[{"taxonomy":"product_brand","embeddable":true,"href":"https:\/\/hubsch-interior.com\/fr\/wp-json\/wp\/v2\/product_brand?post=977467"},{"taxonomy":"product_cat","embeddable":true,"href":"https:\/\/hubsch-interior.com\/fr\/wp-json\/wp\/v2\/product_cat?post=977467"},{"taxonomy":"product_tag","embeddable":true,"href":"https:\/\/hubsch-interior.com\/fr\/wp-json\/wp\/v2\/product_tag?post=977467"}],"curies":[{"name":"wp","href":"https:\/\/api.w.org\/{rel}","templated":true}]}}