{"id":977511,"date":"2024-01-29T09:30:13","date_gmt":"2024-01-29T08:30:13","guid":{"rendered":"https:\/\/hubsch-interior.com\/product\/product\/"},"modified":"2026-04-05T04:56:16","modified_gmt":"2026-04-05T02:56:16","slug":"hello-cadre-80x80-naturel","status":"publish","type":"product","link":"https:\/\/hubsch-interior.com\/fr\/produit\/hello-cadre-80x80-naturel\/","title":{"rendered":"Hello Cadre 80&#215;80 Naturel"},"content":{"rendered":"<p>D\u00e9couvrez le Hello Cadre \u2014 le parfait ajout pour \u00e9lever votre d\u00e9coration int\u00e9rieure avec une touche d&#8217;\u00e9l\u00e9gance naturelle. Fabriqu\u00e9 en bois certifi\u00e9 FSC, ce cadre promet \u00e0 la fois style et durabilit\u00e9. Disponible en trois charmantes variantes, son placage de ch\u00eane naturel et son mat\u00e9riau en plexiglas donnent une touche moderne au design classique du cadre. Sa taille de 80&#215;80 cm est id\u00e9ale pour cr\u00e9er un effet 3D sur votre mur de photos, tandis que l&#8217;illustration en forme de courbe incluse apporte une touche ludique. M\u00e9langez et assortissez avec d&#8217;autres tailles de cadre pour une pr\u00e9sentation dynamique et accrocheuse. Les profondeurs du cadre mettront en valeur votre \u0153uvre d&#8217;art, cr\u00e9ant ainsi un look unique et captivant pour votre espace.<\/p>\n","protected":false},"excerpt":{"rendered":"<p>D\u00e9couvrez le Hello Cadre \u2014 le parfait ajout pour \u00e9lever votre d\u00e9coration int\u00e9rieure avec une touche d&#8217;\u00e9l\u00e9gance naturelle. Fabriqu\u00e9 en bois certifi\u00e9 FSC, ce cadre promet \u00e0 la fois style et durabilit\u00e9. Disponible en trois charmantes variantes, son placage de ch\u00eane naturel et son mat\u00e9riau en plexiglas donnent une touche moderne au design classique du [&hellip;]<\/p>\n","protected":false},"featured_media":1114761,"template":"","meta":{"_acf_changed":false,"inline_featured_image":false},"product_brand":[],"product_cat":[6882,6322,3116,4936,5026],"product_tag":[],"class_list":{"0":"post-977511","1":"product","2":"type-product","3":"status-publish","4":"has-post-thumbnail","6":"product_cat-elevating-nostalgia-fr","7":"product_cat-fsc-fr","8":"product_cat-decoration-murale-fr","9":"product_cat-cadres-fr","10":"product_cat-bestsellers-fr","11":"product_shipping_class-p05","12":"pa_color-naturel-2","13":"pa_material-mdf-fr","14":"pa_material-plexiglas-2","15":"pa_material-placage-de-chne-2","17":"first","18":"instock","19":"featured","20":"taxable","21":"shipping-taxable","22":"purchasable","23":"product-type-simple"},"exclude_global_add_ons":[],"addons":[],"acf":[],"yoast_head":"<!-- This site is optimized with the Yoast SEO plugin v26.4 - https:\/\/yoast.com\/wordpress\/plugins\/seo\/ -->\n<title>Hello Cadre 80x80 Naturel - H\u00fcbsch<\/title>\n<meta name=\"description\" content=\"D\u00e9couvrez le Hello Cadre \u2014 le parfait ajout pour \u00e9lever votre d\u00e9coration int\u00e9rieure avec une touche d&#039;\u00e9l\u00e9gance naturelle. Fabriqu\u00e9 en bois certifi\u00e9 FSC,\" \/>\n<meta name=\"robots\" content=\"index, follow, max-snippet:-1, max-image-preview:large, max-video-preview:-1\" \/>\n<link rel=\"canonical\" href=\"https:\/\/hubsch-interior.com\/fr\/wp-json\/wp\/v2\/product\/977511\" \/>\n<meta property=\"og:locale\" content=\"fr_FR\" \/>\n<meta property=\"og:type\" content=\"article\" \/>\n<meta property=\"og:title\" content=\"Hello Cadre 80x80 Naturel - H\u00fcbsch\" \/>\n<meta property=\"og:description\" content=\"D\u00e9couvrez le Hello Cadre \u2014 le parfait ajout pour \u00e9lever votre d\u00e9coration int\u00e9rieure avec une touche d&#039;\u00e9l\u00e9gance naturelle. Fabriqu\u00e9 en bois certifi\u00e9 FSC,\" \/>\n<meta property=\"og:url\" content=\"https:\/\/hubsch-interior.com\/fr\/produit\/hello-cadre-80x80-naturel\/\" \/>\n<meta property=\"og:site_name\" content=\"H\u00fcbsch\" \/>\n<meta property=\"article:modified_time\" content=\"2026-04-05T02:56:16+00:00\" \/>\n<meta property=\"og:image\" content=\"https:\/\/hubsch-interior.com\/wp-content\/uploads\/2024\/07\/hello-frame-80x80-natural-6ef7e247f6f37304c24a9009c9ecafcc.jpg\" \/>\n\t<meta property=\"og:image:width\" content=\"1200\" \/>\n\t<meta property=\"og:image:height\" content=\"1200\" \/>\n\t<meta property=\"og:image:type\" content=\"image\/jpeg\" \/>\n<meta name=\"twitter:card\" content=\"summary_large_image\" \/>\n<meta name=\"twitter:label1\" content=\"Dur\u00e9e de lecture estim\u00e9e\" \/>\n\t<meta name=\"twitter:data1\" content=\"1 minute\" \/>\n<script type=\"application\/ld+json\" class=\"yoast-schema-graph\">{\"@context\":\"https:\/\/schema.org\",\"@graph\":[{\"@type\":\"WebPage\",\"@id\":\"https:\/\/hubsch-interior.com\/fr\/produit\/hello-cadre-80x80-naturel\/\",\"url\":\"https:\/\/hubsch-interior.com\/fr\/produit\/hello-cadre-80x80-naturel\/\",\"name\":\"Hello Cadre 80x80 Naturel - H\u00fcbsch\",\"isPartOf\":{\"@id\":\"https:\/\/hubsch-interior.com\/fr\/#website\"},\"primaryImageOfPage\":{\"@id\":\"https:\/\/hubsch-interior.com\/fr\/produit\/hello-cadre-80x80-naturel\/#primaryimage\"},\"image\":{\"@id\":\"https:\/\/hubsch-interior.com\/fr\/produit\/hello-cadre-80x80-naturel\/#primaryimage\"},\"thumbnailUrl\":\"https:\/\/hubsch-interior.com\/wp-content\/uploads\/2026\/02\/hello-frame-80x80-natural-63447de16117782ff5518dbd377d57b0.jpg\",\"datePublished\":\"2024-01-29T08:30:13+00:00\",\"dateModified\":\"2026-04-05T02:56:16+00:00\",\"description\":\"D\u00e9couvrez le Hello Cadre \u2014 le parfait ajout pour \u00e9lever votre d\u00e9coration int\u00e9rieure avec une touche d'\u00e9l\u00e9gance naturelle. Fabriqu\u00e9 en bois certifi\u00e9 FSC,\",\"breadcrumb\":{\"@id\":\"https:\/\/hubsch-interior.com\/fr\/produit\/hello-cadre-80x80-naturel\/#breadcrumb\"},\"inLanguage\":\"fr-FR\",\"potentialAction\":[{\"@type\":\"ReadAction\",\"target\":[\"https:\/\/hubsch-interior.com\/fr\/produit\/hello-cadre-80x80-naturel\/\"]}]},{\"@type\":\"ImageObject\",\"inLanguage\":\"fr-FR\",\"@id\":\"https:\/\/hubsch-interior.com\/fr\/produit\/hello-cadre-80x80-naturel\/#primaryimage\",\"url\":\"https:\/\/hubsch-interior.com\/wp-content\/uploads\/2026\/02\/hello-frame-80x80-natural-63447de16117782ff5518dbd377d57b0.jpg\",\"contentUrl\":\"https:\/\/hubsch-interior.com\/wp-content\/uploads\/2026\/02\/hello-frame-80x80-natural-63447de16117782ff5518dbd377d57b0.jpg\",\"width\":1024,\"height\":1024},{\"@type\":\"BreadcrumbList\",\"@id\":\"https:\/\/hubsch-interior.com\/fr\/produit\/hello-cadre-80x80-naturel\/#breadcrumb\",\"itemListElement\":[{\"@type\":\"ListItem\",\"position\":1,\"name\":\"Page d'accueil\",\"item\":\"https:\/\/hubsch-interior.com\/fr\/\"},{\"@type\":\"ListItem\",\"position\":2,\"name\":\"Produits\",\"item\":\"https:\/\/hubsch-interior.com\/fr\/shop-2\/\"},{\"@type\":\"ListItem\",\"position\":3,\"name\":\"Accessoires maison\",\"item\":\"https:\/\/hubsch-interior.com\/fr\/categorie-produit\/accessoires-maison\/\"},{\"@type\":\"ListItem\",\"position\":4,\"name\":\"D&eacute;coration murale\",\"item\":\"https:\/\/hubsch-interior.com\/fr\/categorie-produit\/accessoires-maison\/decoration-murale-fr\/\"},{\"@type\":\"ListItem\",\"position\":5,\"name\":\"Cadres\",\"item\":\"https:\/\/hubsch-interior.com\/fr\/categorie-produit\/accessoires-maison\/decoration-murale-fr\/cadres-fr\/\"},{\"@type\":\"ListItem\",\"position\":6,\"name\":\"Hello Cadre 80&#215;80 Naturel\"}]},{\"@type\":\"WebSite\",\"@id\":\"https:\/\/hubsch-interior.com\/fr\/#website\",\"url\":\"https:\/\/hubsch-interior.com\/fr\/\",\"name\":\"H\u00fcbsch\",\"description\":\"Danish Home Interior and Design\",\"publisher\":{\"@id\":\"https:\/\/hubsch-interior.com\/fr\/#organization\"},\"potentialAction\":[{\"@type\":\"SearchAction\",\"target\":{\"@type\":\"EntryPoint\",\"urlTemplate\":\"https:\/\/hubsch-interior.com\/fr\/?s={search_term_string}\"},\"query-input\":{\"@type\":\"PropertyValueSpecification\",\"valueRequired\":true,\"valueName\":\"search_term_string\"}}],\"inLanguage\":\"fr-FR\"},{\"@type\":\"Organization\",\"@id\":\"https:\/\/hubsch-interior.com\/fr\/#organization\",\"name\":\"H\u00fcbsch\",\"url\":\"https:\/\/hubsch-interior.com\/fr\/\",\"logo\":{\"@type\":\"ImageObject\",\"inLanguage\":\"fr-FR\",\"@id\":\"https:\/\/hubsch-interior.com\/fr\/#\/schema\/logo\/image\/\",\"url\":\"https:\/\/hubsch-interior.com\/wp-content\/uploads\/2022\/12\/Hubsch_logo_black_one_line.svg\",\"contentUrl\":\"https:\/\/hubsch-interior.com\/wp-content\/uploads\/2022\/12\/Hubsch_logo_black_one_line.svg\",\"caption\":\"H\u00fcbsch\"},\"image\":{\"@id\":\"https:\/\/hubsch-interior.com\/fr\/#\/schema\/logo\/image\/\"}}]}<\/script>\n<!-- \/ Yoast SEO plugin. -->","yoast_head_json":{"title":"Hello Cadre 80x80 Naturel - H\u00fcbsch","description":"D\u00e9couvrez le Hello Cadre \u2014 le parfait ajout pour \u00e9lever votre d\u00e9coration int\u00e9rieure avec une touche d'\u00e9l\u00e9gance naturelle. Fabriqu\u00e9 en bois certifi\u00e9 FSC,","robots":{"index":"index","follow":"follow","max-snippet":"max-snippet:-1","max-image-preview":"max-image-preview:large","max-video-preview":"max-video-preview:-1"},"canonical":"https:\/\/hubsch-interior.com\/fr\/wp-json\/wp\/v2\/product\/977511","og_locale":"fr_FR","og_type":"article","og_title":"Hello Cadre 80x80 Naturel - H\u00fcbsch","og_description":"D\u00e9couvrez le Hello Cadre \u2014 le parfait ajout pour \u00e9lever votre d\u00e9coration int\u00e9rieure avec une touche d'\u00e9l\u00e9gance naturelle. Fabriqu\u00e9 en bois certifi\u00e9 FSC,","og_url":"https:\/\/hubsch-interior.com\/fr\/produit\/hello-cadre-80x80-naturel\/","og_site_name":"H\u00fcbsch","article_modified_time":"2026-04-05T02:56:16+00:00","og_image":[{"width":1200,"height":1200,"url":"https:\/\/hubsch-interior.com\/wp-content\/uploads\/2024\/07\/hello-frame-80x80-natural-6ef7e247f6f37304c24a9009c9ecafcc.jpg","type":"image\/jpeg"}],"twitter_card":"summary_large_image","twitter_misc":{"Dur\u00e9e de lecture estim\u00e9e":"1 minute"},"schema":{"@context":"https:\/\/schema.org","@graph":[{"@type":"WebPage","@id":"https:\/\/hubsch-interior.com\/fr\/produit\/hello-cadre-80x80-naturel\/","url":"https:\/\/hubsch-interior.com\/fr\/produit\/hello-cadre-80x80-naturel\/","name":"Hello Cadre 80x80 Naturel - H\u00fcbsch","isPartOf":{"@id":"https:\/\/hubsch-interior.com\/fr\/#website"},"primaryImageOfPage":{"@id":"https:\/\/hubsch-interior.com\/fr\/produit\/hello-cadre-80x80-naturel\/#primaryimage"},"image":{"@id":"https:\/\/hubsch-interior.com\/fr\/produit\/hello-cadre-80x80-naturel\/#primaryimage"},"thumbnailUrl":"https:\/\/hubsch-interior.com\/wp-content\/uploads\/2026\/02\/hello-frame-80x80-natural-63447de16117782ff5518dbd377d57b0.jpg","datePublished":"2024-01-29T08:30:13+00:00","dateModified":"2026-04-05T02:56:16+00:00","description":"D\u00e9couvrez le Hello Cadre \u2014 le parfait ajout pour \u00e9lever votre d\u00e9coration int\u00e9rieure avec une touche d'\u00e9l\u00e9gance naturelle. Fabriqu\u00e9 en bois certifi\u00e9 FSC,","breadcrumb":{"@id":"https:\/\/hubsch-interior.com\/fr\/produit\/hello-cadre-80x80-naturel\/#breadcrumb"},"inLanguage":"fr-FR","potentialAction":[{"@type":"ReadAction","target":["https:\/\/hubsch-interior.com\/fr\/produit\/hello-cadre-80x80-naturel\/"]}]},{"@type":"ImageObject","inLanguage":"fr-FR","@id":"https:\/\/hubsch-interior.com\/fr\/produit\/hello-cadre-80x80-naturel\/#primaryimage","url":"https:\/\/hubsch-interior.com\/wp-content\/uploads\/2026\/02\/hello-frame-80x80-natural-63447de16117782ff5518dbd377d57b0.jpg","contentUrl":"https:\/\/hubsch-interior.com\/wp-content\/uploads\/2026\/02\/hello-frame-80x80-natural-63447de16117782ff5518dbd377d57b0.jpg","width":1024,"height":1024},{"@type":"BreadcrumbList","@id":"https:\/\/hubsch-interior.com\/fr\/produit\/hello-cadre-80x80-naturel\/#breadcrumb","itemListElement":[{"@type":"ListItem","position":1,"name":"Page d'accueil","item":"https:\/\/hubsch-interior.com\/fr\/"},{"@type":"ListItem","position":2,"name":"Produits","item":"https:\/\/hubsch-interior.com\/fr\/shop-2\/"},{"@type":"ListItem","position":3,"name":"Accessoires maison","item":"https:\/\/hubsch-interior.com\/fr\/categorie-produit\/accessoires-maison\/"},{"@type":"ListItem","position":4,"name":"D&eacute;coration murale","item":"https:\/\/hubsch-interior.com\/fr\/categorie-produit\/accessoires-maison\/decoration-murale-fr\/"},{"@type":"ListItem","position":5,"name":"Cadres","item":"https:\/\/hubsch-interior.com\/fr\/categorie-produit\/accessoires-maison\/decoration-murale-fr\/cadres-fr\/"},{"@type":"ListItem","position":6,"name":"Hello Cadre 80&#215;80 Naturel"}]},{"@type":"WebSite","@id":"https:\/\/hubsch-interior.com\/fr\/#website","url":"https:\/\/hubsch-interior.com\/fr\/","name":"H\u00fcbsch","description":"Danish Home Interior and Design","publisher":{"@id":"https:\/\/hubsch-interior.com\/fr\/#organization"},"potentialAction":[{"@type":"SearchAction","target":{"@type":"EntryPoint","urlTemplate":"https:\/\/hubsch-interior.com\/fr\/?s={search_term_string}"},"query-input":{"@type":"PropertyValueSpecification","valueRequired":true,"valueName":"search_term_string"}}],"inLanguage":"fr-FR"},{"@type":"Organization","@id":"https:\/\/hubsch-interior.com\/fr\/#organization","name":"H\u00fcbsch","url":"https:\/\/hubsch-interior.com\/fr\/","logo":{"@type":"ImageObject","inLanguage":"fr-FR","@id":"https:\/\/hubsch-interior.com\/fr\/#\/schema\/logo\/image\/","url":"https:\/\/hubsch-interior.com\/wp-content\/uploads\/2022\/12\/Hubsch_logo_black_one_line.svg","contentUrl":"https:\/\/hubsch-interior.com\/wp-content\/uploads\/2022\/12\/Hubsch_logo_black_one_line.svg","caption":"H\u00fcbsch"},"image":{"@id":"https:\/\/hubsch-interior.com\/fr\/#\/schema\/logo\/image\/"}}]}},"_links":{"self":[{"href":"https:\/\/hubsch-interior.com\/fr\/wp-json\/wp\/v2\/product\/977511","targetHints":{"allow":["GET"]}}],"collection":[{"href":"https:\/\/hubsch-interior.com\/fr\/wp-json\/wp\/v2\/product"}],"about":[{"href":"https:\/\/hubsch-interior.com\/fr\/wp-json\/wp\/v2\/types\/product"}],"wp:featuredmedia":[{"embeddable":true,"href":"https:\/\/hubsch-interior.com\/fr\/wp-json\/wp\/v2\/media\/1114761"}],"wp:attachment":[{"href":"https:\/\/hubsch-interior.com\/fr\/wp-json\/wp\/v2\/media?parent=977511"}],"wp:term":[{"taxonomy":"product_brand","embeddable":true,"href":"https:\/\/hubsch-interior.com\/fr\/wp-json\/wp\/v2\/product_brand?post=977511"},{"taxonomy":"product_cat","embeddable":true,"href":"https:\/\/hubsch-interior.com\/fr\/wp-json\/wp\/v2\/product_cat?post=977511"},{"taxonomy":"product_tag","embeddable":true,"href":"https:\/\/hubsch-interior.com\/fr\/wp-json\/wp\/v2\/product_tag?post=977511"}],"curies":[{"name":"wp","href":"https:\/\/api.w.org\/{rel}","templated":true}]}}