{"id":977523,"date":"2024-01-29T09:30:36","date_gmt":"2024-01-29T08:30:36","guid":{"rendered":"https:\/\/hubsch-interior.com\/product\/product\/"},"modified":"2026-04-05T04:56:20","modified_gmt":"2026-04-05T02:56:20","slug":"hello-cadre-297x42-naturel","status":"publish","type":"product","link":"https:\/\/hubsch-interior.com\/fr\/produit\/hello-cadre-297x42-naturel\/","title":{"rendered":"Hello Cadre 29,7&#215;42 Naturel"},"content":{"rendered":"<p>Notre Hello Cadre en bois naturel est une magnifique addition \u00e0 votre mur de photos. Fabriqu\u00e9 en bois certifi\u00e9 FSC et dot\u00e9 d&#8217;un \u00e9l\u00e9gant placage en ch\u00eane et de plexiglas, ce cadre est non seulement \u00e9cologique, mais il apporte \u00e9galement une touche d&#8217;\u00e9l\u00e9gance \u00e0 n&#8217;importe quelle pi\u00e8ce. Son design profond permet \u00e0 votre \u0153uvre d&#8217;art de ressortir et de cr\u00e9er un look captivant. Avec la possibilit\u00e9 de l&#8217;exposer verticalement ou horizontalement, ce cadre offre une nouvelle approche pour les d\u00e9corations murales. Accrochez-le ou placez-le sur des surfaces, et observez comment il transforme votre espace. De plus, il est livr\u00e9 avec un motif amusant et organique, ce qui en fait une touche unique et personnelle \u00e0 votre d\u00e9coration int\u00e9rieure. Choisissez parmi nos trois variantes diff\u00e9rentes et ajoutez une touche de sophistication \u00e0 votre espace de vie.<\/p>\n","protected":false},"excerpt":{"rendered":"<p>Notre Hello Cadre en bois naturel est une magnifique addition \u00e0 votre mur de photos. Fabriqu\u00e9 en bois certifi\u00e9 FSC et dot\u00e9 d&#8217;un \u00e9l\u00e9gant placage en ch\u00eane et de plexiglas, ce cadre est non seulement \u00e9cologique, mais il apporte \u00e9galement une touche d&#8217;\u00e9l\u00e9gance \u00e0 n&#8217;importe quelle pi\u00e8ce. Son design profond permet \u00e0 votre \u0153uvre d&#8217;art [&hellip;]<\/p>\n","protected":false},"featured_media":1114781,"template":"","meta":{"_acf_changed":false,"inline_featured_image":false},"product_brand":[],"product_cat":[6882,6322,3116,4936],"product_tag":[],"class_list":{"0":"post-977523","1":"product","2":"type-product","3":"status-publish","4":"has-post-thumbnail","6":"product_cat-elevating-nostalgia-fr","7":"product_cat-fsc-fr","8":"product_cat-decoration-murale-fr","9":"product_cat-cadres-fr","10":"product_shipping_class-pk","12":"pa_color-naturel-2","13":"pa_material-mdf-fr","14":"pa_material-placage-de-chne-2","15":"pa_material-plexiglas-2","17":"first","18":"instock","19":"taxable","20":"shipping-taxable","21":"purchasable","22":"product-type-simple"},"exclude_global_add_ons":[],"addons":[],"acf":[],"yoast_head":"<!-- This site is optimized with the Yoast SEO plugin v26.4 - https:\/\/yoast.com\/wordpress\/plugins\/seo\/ -->\n<title>Hello Cadre 29,7x42 Naturel - H\u00fcbsch<\/title>\n<meta name=\"description\" content=\"Notre Hello Cadre en bois naturel est une magnifique addition \u00e0 votre mur de photos. Fabriqu\u00e9 en bois certifi\u00e9 FSC et dot\u00e9 d&#039;un \u00e9l\u00e9gant placage en ch\u00eane\" \/>\n<meta name=\"robots\" content=\"index, follow, max-snippet:-1, max-image-preview:large, max-video-preview:-1\" \/>\n<link rel=\"canonical\" href=\"https:\/\/hubsch-interior.com\/fr\/wp-json\/wp\/v2\/product\/977523\" \/>\n<meta property=\"og:locale\" content=\"fr_FR\" \/>\n<meta property=\"og:type\" content=\"article\" \/>\n<meta property=\"og:title\" content=\"Hello Cadre 29,7x42 Naturel - H\u00fcbsch\" \/>\n<meta property=\"og:description\" content=\"Notre Hello Cadre en bois naturel est une magnifique addition \u00e0 votre mur de photos. Fabriqu\u00e9 en bois certifi\u00e9 FSC et dot\u00e9 d&#039;un \u00e9l\u00e9gant placage en ch\u00eane\" \/>\n<meta property=\"og:url\" content=\"https:\/\/hubsch-interior.com\/fr\/produit\/hello-cadre-297x42-naturel\/\" \/>\n<meta property=\"og:site_name\" content=\"H\u00fcbsch\" \/>\n<meta property=\"article:modified_time\" content=\"2026-04-05T02:56:20+00:00\" \/>\n<meta property=\"og:image\" content=\"https:\/\/hubsch-interior.com\/wp-content\/uploads\/2024\/07\/hello-frame-297x42-natural-703c0dc10534e96b2a25cd261609238c.jpg\" \/>\n\t<meta property=\"og:image:width\" content=\"1200\" \/>\n\t<meta property=\"og:image:height\" content=\"1200\" \/>\n\t<meta property=\"og:image:type\" content=\"image\/jpeg\" \/>\n<meta name=\"twitter:card\" content=\"summary_large_image\" \/>\n<meta name=\"twitter:label1\" content=\"Dur\u00e9e de lecture estim\u00e9e\" \/>\n\t<meta name=\"twitter:data1\" content=\"1 minute\" \/>\n<script type=\"application\/ld+json\" class=\"yoast-schema-graph\">{\"@context\":\"https:\/\/schema.org\",\"@graph\":[{\"@type\":\"WebPage\",\"@id\":\"https:\/\/hubsch-interior.com\/fr\/produit\/hello-cadre-297x42-naturel\/\",\"url\":\"https:\/\/hubsch-interior.com\/fr\/produit\/hello-cadre-297x42-naturel\/\",\"name\":\"Hello Cadre 29,7x42 Naturel - H\u00fcbsch\",\"isPartOf\":{\"@id\":\"https:\/\/hubsch-interior.com\/fr\/#website\"},\"primaryImageOfPage\":{\"@id\":\"https:\/\/hubsch-interior.com\/fr\/produit\/hello-cadre-297x42-naturel\/#primaryimage\"},\"image\":{\"@id\":\"https:\/\/hubsch-interior.com\/fr\/produit\/hello-cadre-297x42-naturel\/#primaryimage\"},\"thumbnailUrl\":\"https:\/\/hubsch-interior.com\/wp-content\/uploads\/2026\/02\/hello-frame-297x42-natural-bb8286e7179dea51bbca5504c1c18c7b.jpg\",\"datePublished\":\"2024-01-29T08:30:36+00:00\",\"dateModified\":\"2026-04-05T02:56:20+00:00\",\"description\":\"Notre Hello Cadre en bois naturel est une magnifique addition \u00e0 votre mur de photos. Fabriqu\u00e9 en bois certifi\u00e9 FSC et dot\u00e9 d'un \u00e9l\u00e9gant placage en ch\u00eane\",\"breadcrumb\":{\"@id\":\"https:\/\/hubsch-interior.com\/fr\/produit\/hello-cadre-297x42-naturel\/#breadcrumb\"},\"inLanguage\":\"fr-FR\",\"potentialAction\":[{\"@type\":\"ReadAction\",\"target\":[\"https:\/\/hubsch-interior.com\/fr\/produit\/hello-cadre-297x42-naturel\/\"]}]},{\"@type\":\"ImageObject\",\"inLanguage\":\"fr-FR\",\"@id\":\"https:\/\/hubsch-interior.com\/fr\/produit\/hello-cadre-297x42-naturel\/#primaryimage\",\"url\":\"https:\/\/hubsch-interior.com\/wp-content\/uploads\/2026\/02\/hello-frame-297x42-natural-bb8286e7179dea51bbca5504c1c18c7b.jpg\",\"contentUrl\":\"https:\/\/hubsch-interior.com\/wp-content\/uploads\/2026\/02\/hello-frame-297x42-natural-bb8286e7179dea51bbca5504c1c18c7b.jpg\",\"width\":1024,\"height\":1024},{\"@type\":\"BreadcrumbList\",\"@id\":\"https:\/\/hubsch-interior.com\/fr\/produit\/hello-cadre-297x42-naturel\/#breadcrumb\",\"itemListElement\":[{\"@type\":\"ListItem\",\"position\":1,\"name\":\"Page d'accueil\",\"item\":\"https:\/\/hubsch-interior.com\/fr\/\"},{\"@type\":\"ListItem\",\"position\":2,\"name\":\"Produits\",\"item\":\"https:\/\/hubsch-interior.com\/fr\/shop-2\/\"},{\"@type\":\"ListItem\",\"position\":3,\"name\":\"Accessoires maison\",\"item\":\"https:\/\/hubsch-interior.com\/fr\/categorie-produit\/accessoires-maison\/\"},{\"@type\":\"ListItem\",\"position\":4,\"name\":\"D&eacute;coration murale\",\"item\":\"https:\/\/hubsch-interior.com\/fr\/categorie-produit\/accessoires-maison\/decoration-murale-fr\/\"},{\"@type\":\"ListItem\",\"position\":5,\"name\":\"Cadres\",\"item\":\"https:\/\/hubsch-interior.com\/fr\/categorie-produit\/accessoires-maison\/decoration-murale-fr\/cadres-fr\/\"},{\"@type\":\"ListItem\",\"position\":6,\"name\":\"Hello Cadre 29,7&#215;42 Naturel\"}]},{\"@type\":\"WebSite\",\"@id\":\"https:\/\/hubsch-interior.com\/fr\/#website\",\"url\":\"https:\/\/hubsch-interior.com\/fr\/\",\"name\":\"H\u00fcbsch\",\"description\":\"Danish Home Interior and Design\",\"publisher\":{\"@id\":\"https:\/\/hubsch-interior.com\/fr\/#organization\"},\"potentialAction\":[{\"@type\":\"SearchAction\",\"target\":{\"@type\":\"EntryPoint\",\"urlTemplate\":\"https:\/\/hubsch-interior.com\/fr\/?s={search_term_string}\"},\"query-input\":{\"@type\":\"PropertyValueSpecification\",\"valueRequired\":true,\"valueName\":\"search_term_string\"}}],\"inLanguage\":\"fr-FR\"},{\"@type\":\"Organization\",\"@id\":\"https:\/\/hubsch-interior.com\/fr\/#organization\",\"name\":\"H\u00fcbsch\",\"url\":\"https:\/\/hubsch-interior.com\/fr\/\",\"logo\":{\"@type\":\"ImageObject\",\"inLanguage\":\"fr-FR\",\"@id\":\"https:\/\/hubsch-interior.com\/fr\/#\/schema\/logo\/image\/\",\"url\":\"https:\/\/hubsch-interior.com\/wp-content\/uploads\/2022\/12\/Hubsch_logo_black_one_line.svg\",\"contentUrl\":\"https:\/\/hubsch-interior.com\/wp-content\/uploads\/2022\/12\/Hubsch_logo_black_one_line.svg\",\"caption\":\"H\u00fcbsch\"},\"image\":{\"@id\":\"https:\/\/hubsch-interior.com\/fr\/#\/schema\/logo\/image\/\"}}]}<\/script>\n<!-- \/ Yoast SEO plugin. -->","yoast_head_json":{"title":"Hello Cadre 29,7x42 Naturel - H\u00fcbsch","description":"Notre Hello Cadre en bois naturel est une magnifique addition \u00e0 votre mur de photos. Fabriqu\u00e9 en bois certifi\u00e9 FSC et dot\u00e9 d'un \u00e9l\u00e9gant placage en ch\u00eane","robots":{"index":"index","follow":"follow","max-snippet":"max-snippet:-1","max-image-preview":"max-image-preview:large","max-video-preview":"max-video-preview:-1"},"canonical":"https:\/\/hubsch-interior.com\/fr\/wp-json\/wp\/v2\/product\/977523","og_locale":"fr_FR","og_type":"article","og_title":"Hello Cadre 29,7x42 Naturel - H\u00fcbsch","og_description":"Notre Hello Cadre en bois naturel est une magnifique addition \u00e0 votre mur de photos. Fabriqu\u00e9 en bois certifi\u00e9 FSC et dot\u00e9 d'un \u00e9l\u00e9gant placage en ch\u00eane","og_url":"https:\/\/hubsch-interior.com\/fr\/produit\/hello-cadre-297x42-naturel\/","og_site_name":"H\u00fcbsch","article_modified_time":"2026-04-05T02:56:20+00:00","og_image":[{"width":1200,"height":1200,"url":"https:\/\/hubsch-interior.com\/wp-content\/uploads\/2024\/07\/hello-frame-297x42-natural-703c0dc10534e96b2a25cd261609238c.jpg","type":"image\/jpeg"}],"twitter_card":"summary_large_image","twitter_misc":{"Dur\u00e9e de lecture estim\u00e9e":"1 minute"},"schema":{"@context":"https:\/\/schema.org","@graph":[{"@type":"WebPage","@id":"https:\/\/hubsch-interior.com\/fr\/produit\/hello-cadre-297x42-naturel\/","url":"https:\/\/hubsch-interior.com\/fr\/produit\/hello-cadre-297x42-naturel\/","name":"Hello Cadre 29,7x42 Naturel - H\u00fcbsch","isPartOf":{"@id":"https:\/\/hubsch-interior.com\/fr\/#website"},"primaryImageOfPage":{"@id":"https:\/\/hubsch-interior.com\/fr\/produit\/hello-cadre-297x42-naturel\/#primaryimage"},"image":{"@id":"https:\/\/hubsch-interior.com\/fr\/produit\/hello-cadre-297x42-naturel\/#primaryimage"},"thumbnailUrl":"https:\/\/hubsch-interior.com\/wp-content\/uploads\/2026\/02\/hello-frame-297x42-natural-bb8286e7179dea51bbca5504c1c18c7b.jpg","datePublished":"2024-01-29T08:30:36+00:00","dateModified":"2026-04-05T02:56:20+00:00","description":"Notre Hello Cadre en bois naturel est une magnifique addition \u00e0 votre mur de photos. Fabriqu\u00e9 en bois certifi\u00e9 FSC et dot\u00e9 d'un \u00e9l\u00e9gant placage en ch\u00eane","breadcrumb":{"@id":"https:\/\/hubsch-interior.com\/fr\/produit\/hello-cadre-297x42-naturel\/#breadcrumb"},"inLanguage":"fr-FR","potentialAction":[{"@type":"ReadAction","target":["https:\/\/hubsch-interior.com\/fr\/produit\/hello-cadre-297x42-naturel\/"]}]},{"@type":"ImageObject","inLanguage":"fr-FR","@id":"https:\/\/hubsch-interior.com\/fr\/produit\/hello-cadre-297x42-naturel\/#primaryimage","url":"https:\/\/hubsch-interior.com\/wp-content\/uploads\/2026\/02\/hello-frame-297x42-natural-bb8286e7179dea51bbca5504c1c18c7b.jpg","contentUrl":"https:\/\/hubsch-interior.com\/wp-content\/uploads\/2026\/02\/hello-frame-297x42-natural-bb8286e7179dea51bbca5504c1c18c7b.jpg","width":1024,"height":1024},{"@type":"BreadcrumbList","@id":"https:\/\/hubsch-interior.com\/fr\/produit\/hello-cadre-297x42-naturel\/#breadcrumb","itemListElement":[{"@type":"ListItem","position":1,"name":"Page d'accueil","item":"https:\/\/hubsch-interior.com\/fr\/"},{"@type":"ListItem","position":2,"name":"Produits","item":"https:\/\/hubsch-interior.com\/fr\/shop-2\/"},{"@type":"ListItem","position":3,"name":"Accessoires maison","item":"https:\/\/hubsch-interior.com\/fr\/categorie-produit\/accessoires-maison\/"},{"@type":"ListItem","position":4,"name":"D&eacute;coration murale","item":"https:\/\/hubsch-interior.com\/fr\/categorie-produit\/accessoires-maison\/decoration-murale-fr\/"},{"@type":"ListItem","position":5,"name":"Cadres","item":"https:\/\/hubsch-interior.com\/fr\/categorie-produit\/accessoires-maison\/decoration-murale-fr\/cadres-fr\/"},{"@type":"ListItem","position":6,"name":"Hello Cadre 29,7&#215;42 Naturel"}]},{"@type":"WebSite","@id":"https:\/\/hubsch-interior.com\/fr\/#website","url":"https:\/\/hubsch-interior.com\/fr\/","name":"H\u00fcbsch","description":"Danish Home Interior and Design","publisher":{"@id":"https:\/\/hubsch-interior.com\/fr\/#organization"},"potentialAction":[{"@type":"SearchAction","target":{"@type":"EntryPoint","urlTemplate":"https:\/\/hubsch-interior.com\/fr\/?s={search_term_string}"},"query-input":{"@type":"PropertyValueSpecification","valueRequired":true,"valueName":"search_term_string"}}],"inLanguage":"fr-FR"},{"@type":"Organization","@id":"https:\/\/hubsch-interior.com\/fr\/#organization","name":"H\u00fcbsch","url":"https:\/\/hubsch-interior.com\/fr\/","logo":{"@type":"ImageObject","inLanguage":"fr-FR","@id":"https:\/\/hubsch-interior.com\/fr\/#\/schema\/logo\/image\/","url":"https:\/\/hubsch-interior.com\/wp-content\/uploads\/2022\/12\/Hubsch_logo_black_one_line.svg","contentUrl":"https:\/\/hubsch-interior.com\/wp-content\/uploads\/2022\/12\/Hubsch_logo_black_one_line.svg","caption":"H\u00fcbsch"},"image":{"@id":"https:\/\/hubsch-interior.com\/fr\/#\/schema\/logo\/image\/"}}]}},"_links":{"self":[{"href":"https:\/\/hubsch-interior.com\/fr\/wp-json\/wp\/v2\/product\/977523","targetHints":{"allow":["GET"]}}],"collection":[{"href":"https:\/\/hubsch-interior.com\/fr\/wp-json\/wp\/v2\/product"}],"about":[{"href":"https:\/\/hubsch-interior.com\/fr\/wp-json\/wp\/v2\/types\/product"}],"wp:featuredmedia":[{"embeddable":true,"href":"https:\/\/hubsch-interior.com\/fr\/wp-json\/wp\/v2\/media\/1114781"}],"wp:attachment":[{"href":"https:\/\/hubsch-interior.com\/fr\/wp-json\/wp\/v2\/media?parent=977523"}],"wp:term":[{"taxonomy":"product_brand","embeddable":true,"href":"https:\/\/hubsch-interior.com\/fr\/wp-json\/wp\/v2\/product_brand?post=977523"},{"taxonomy":"product_cat","embeddable":true,"href":"https:\/\/hubsch-interior.com\/fr\/wp-json\/wp\/v2\/product_cat?post=977523"},{"taxonomy":"product_tag","embeddable":true,"href":"https:\/\/hubsch-interior.com\/fr\/wp-json\/wp\/v2\/product_tag?post=977523"}],"curies":[{"name":"wp","href":"https:\/\/api.w.org\/{rel}","templated":true}]}}