{"id":977559,"date":"2024-01-29T09:30:56","date_gmt":"2024-01-29T08:30:56","guid":{"rendered":"https:\/\/hubsch-interior.com\/product\/product\/"},"modified":"2026-04-13T13:57:58","modified_gmt":"2026-04-13T11:57:58","slug":"tile-table-d-menthe-naturel","status":"publish","type":"product","link":"https:\/\/hubsch-interior.com\/fr\/produit\/tile-table-d-menthe-naturel\/","title":{"rendered":"Tile Table d Menthe\/Naturel"},"content":{"rendered":"<p>D\u00e9couvrez la Table d&#8217;appoint en carreaux, un incontournable pour toute maison moderne. Disponible en deux superbes variantes, celle-ci pr\u00e9sente un rafra\u00eechissant coloris menthe sur son plateau, ajoutant une touche de couleur \u00e0 n&#8217;importe quelle pi\u00e8ce. Fabriqu\u00e9e \u00e0 partir de placage de ch\u00eane certifi\u00e9 FSC et de bois de ch\u00eane, cette table non seulement arbore une approche de design unique, mais garantit \u00e9galement la durabilit\u00e9. Ses carreaux menthe \u00e9voquent un souvenir nostalgique des meubles d&#8217;enfance, tandis que la nouvelle combinaison de mat\u00e9riaux apporte une touche de sophistication. Ajoutez de la personnalit\u00e9 \u00e0 votre int\u00e9rieur avec ce chef-d&#8217;\u0153uvre au design moderne.<\/p>\n","protected":false},"excerpt":{"rendered":"<p>D\u00e9couvrez la Table d&#8217;appoint en carreaux, un incontournable pour toute maison moderne. Disponible en deux superbes variantes, celle-ci pr\u00e9sente un rafra\u00eechissant coloris menthe sur son plateau, ajoutant une touche de couleur \u00e0 n&#8217;importe quelle pi\u00e8ce. Fabriqu\u00e9e \u00e0 partir de placage de ch\u00eane certifi\u00e9 FSC et de bois de ch\u00eane, cette table non seulement arbore une [&hellip;]<\/p>\n","protected":false},"featured_media":1104008,"template":"","meta":{"_acf_changed":false,"inline_featured_image":false},"product_brand":[],"product_cat":[6882,2859,4027,5026],"product_tag":[],"class_list":{"0":"post-977559","1":"product","2":"type-product","3":"status-publish","4":"has-post-thumbnail","6":"product_cat-elevating-nostalgia-fr","7":"product_cat-tables-fr","8":"product_cat-tables-dappoint-fr","9":"product_cat-bestsellers-fr","10":"product_shipping_class-pk","12":"pa_color-menthe","13":"pa_color-naturel-2","14":"pa_material-mdf-fr","15":"pa_material-bois-de-chne-2","16":"pa_material-carrelage","17":"pa_material-placage-de-chne-2","19":"first","20":"outofstock","21":"featured","22":"taxable","23":"shipping-taxable","24":"purchasable","25":"product-type-simple"},"exclude_global_add_ons":[],"addons":[],"acf":[],"yoast_head":"<!-- This site is optimized with the Yoast SEO plugin v26.4 - https:\/\/yoast.com\/wordpress\/plugins\/seo\/ -->\n<title>Tile Table d Menthe\/Naturel - H\u00fcbsch<\/title>\n<meta name=\"description\" content=\"D\u00e9couvrez la Table d&#039;appoint en carreaux, un incontournable pour toute maison moderne. Disponible en deux superbes variantes, celle-ci pr\u00e9sente un\" \/>\n<meta name=\"robots\" content=\"index, follow, max-snippet:-1, max-image-preview:large, max-video-preview:-1\" \/>\n<link rel=\"canonical\" href=\"https:\/\/hubsch-interior.com\/fr\/wp-json\/wp\/v2\/product\/977559\" \/>\n<meta property=\"og:locale\" content=\"fr_FR\" \/>\n<meta property=\"og:type\" content=\"article\" \/>\n<meta property=\"og:title\" content=\"Tile Table d Menthe\/Naturel - H\u00fcbsch\" \/>\n<meta property=\"og:description\" content=\"D\u00e9couvrez la Table d&#039;appoint en carreaux, un incontournable pour toute maison moderne. Disponible en deux superbes variantes, celle-ci pr\u00e9sente un\" \/>\n<meta property=\"og:url\" content=\"https:\/\/hubsch-interior.com\/fr\/produit\/tile-table-d-menthe-naturel\/\" \/>\n<meta property=\"og:site_name\" content=\"H\u00fcbsch\" \/>\n<meta property=\"article:modified_time\" content=\"2026-04-13T11:57:58+00:00\" \/>\n<meta property=\"og:image\" content=\"https:\/\/hubsch-interior.com\/wp-content\/uploads\/2025\/04\/tile-side-table-mintnatural-4df7e10c25fb9031ac753dbd1900be3c.jpg\" \/>\n\t<meta property=\"og:image:width\" content=\"1200\" \/>\n\t<meta property=\"og:image:height\" content=\"1200\" \/>\n\t<meta property=\"og:image:type\" content=\"image\/jpeg\" \/>\n<meta name=\"twitter:card\" content=\"summary_large_image\" \/>\n<meta name=\"twitter:label1\" content=\"Dur\u00e9e de lecture estim\u00e9e\" \/>\n\t<meta name=\"twitter:data1\" content=\"1 minute\" \/>\n<script type=\"application\/ld+json\" class=\"yoast-schema-graph\">{\"@context\":\"https:\/\/schema.org\",\"@graph\":[{\"@type\":\"WebPage\",\"@id\":\"https:\/\/hubsch-interior.com\/fr\/produit\/tile-table-d-menthe-naturel\/\",\"url\":\"https:\/\/hubsch-interior.com\/fr\/produit\/tile-table-d-menthe-naturel\/\",\"name\":\"Tile Table d Menthe\/Naturel - H\u00fcbsch\",\"isPartOf\":{\"@id\":\"https:\/\/hubsch-interior.com\/fr\/#website\"},\"primaryImageOfPage\":{\"@id\":\"https:\/\/hubsch-interior.com\/fr\/produit\/tile-table-d-menthe-naturel\/#primaryimage\"},\"image\":{\"@id\":\"https:\/\/hubsch-interior.com\/fr\/produit\/tile-table-d-menthe-naturel\/#primaryimage\"},\"thumbnailUrl\":\"https:\/\/hubsch-interior.com\/wp-content\/uploads\/2026\/02\/tile-side-table-mintnatural-797ce862103dbfdea933e87722fa382e.jpg\",\"datePublished\":\"2024-01-29T08:30:56+00:00\",\"dateModified\":\"2026-04-13T11:57:58+00:00\",\"description\":\"D\u00e9couvrez la Table d'appoint en carreaux, un incontournable pour toute maison moderne. Disponible en deux superbes variantes, celle-ci pr\u00e9sente un\",\"breadcrumb\":{\"@id\":\"https:\/\/hubsch-interior.com\/fr\/produit\/tile-table-d-menthe-naturel\/#breadcrumb\"},\"inLanguage\":\"fr-FR\",\"potentialAction\":[{\"@type\":\"ReadAction\",\"target\":[\"https:\/\/hubsch-interior.com\/fr\/produit\/tile-table-d-menthe-naturel\/\"]}]},{\"@type\":\"ImageObject\",\"inLanguage\":\"fr-FR\",\"@id\":\"https:\/\/hubsch-interior.com\/fr\/produit\/tile-table-d-menthe-naturel\/#primaryimage\",\"url\":\"https:\/\/hubsch-interior.com\/wp-content\/uploads\/2026\/02\/tile-side-table-mintnatural-797ce862103dbfdea933e87722fa382e.jpg\",\"contentUrl\":\"https:\/\/hubsch-interior.com\/wp-content\/uploads\/2026\/02\/tile-side-table-mintnatural-797ce862103dbfdea933e87722fa382e.jpg\",\"width\":1024,\"height\":1024},{\"@type\":\"BreadcrumbList\",\"@id\":\"https:\/\/hubsch-interior.com\/fr\/produit\/tile-table-d-menthe-naturel\/#breadcrumb\",\"itemListElement\":[{\"@type\":\"ListItem\",\"position\":1,\"name\":\"Page d'accueil\",\"item\":\"https:\/\/hubsch-interior.com\/fr\/\"},{\"@type\":\"ListItem\",\"position\":2,\"name\":\"Produits\",\"item\":\"https:\/\/hubsch-interior.com\/fr\/shop-2\/\"},{\"@type\":\"ListItem\",\"position\":3,\"name\":\"Meubles\",\"item\":\"https:\/\/hubsch-interior.com\/fr\/categorie-produit\/meubles\/\"},{\"@type\":\"ListItem\",\"position\":4,\"name\":\"Tables\",\"item\":\"https:\/\/hubsch-interior.com\/fr\/categorie-produit\/meubles\/tables-fr\/\"},{\"@type\":\"ListItem\",\"position\":5,\"name\":\"Tables d&#039;appoint\",\"item\":\"https:\/\/hubsch-interior.com\/fr\/categorie-produit\/meubles\/tables-fr\/tables-dappoint-fr\/\"},{\"@type\":\"ListItem\",\"position\":6,\"name\":\"Tile Table d Menthe\/Naturel\"}]},{\"@type\":\"WebSite\",\"@id\":\"https:\/\/hubsch-interior.com\/fr\/#website\",\"url\":\"https:\/\/hubsch-interior.com\/fr\/\",\"name\":\"H\u00fcbsch\",\"description\":\"Danish Home Interior and Design\",\"publisher\":{\"@id\":\"https:\/\/hubsch-interior.com\/fr\/#organization\"},\"potentialAction\":[{\"@type\":\"SearchAction\",\"target\":{\"@type\":\"EntryPoint\",\"urlTemplate\":\"https:\/\/hubsch-interior.com\/fr\/?s={search_term_string}\"},\"query-input\":{\"@type\":\"PropertyValueSpecification\",\"valueRequired\":true,\"valueName\":\"search_term_string\"}}],\"inLanguage\":\"fr-FR\"},{\"@type\":\"Organization\",\"@id\":\"https:\/\/hubsch-interior.com\/fr\/#organization\",\"name\":\"H\u00fcbsch\",\"url\":\"https:\/\/hubsch-interior.com\/fr\/\",\"logo\":{\"@type\":\"ImageObject\",\"inLanguage\":\"fr-FR\",\"@id\":\"https:\/\/hubsch-interior.com\/fr\/#\/schema\/logo\/image\/\",\"url\":\"https:\/\/hubsch-interior.com\/wp-content\/uploads\/2022\/12\/Hubsch_logo_black_one_line.svg\",\"contentUrl\":\"https:\/\/hubsch-interior.com\/wp-content\/uploads\/2022\/12\/Hubsch_logo_black_one_line.svg\",\"caption\":\"H\u00fcbsch\"},\"image\":{\"@id\":\"https:\/\/hubsch-interior.com\/fr\/#\/schema\/logo\/image\/\"}}]}<\/script>\n<!-- \/ Yoast SEO plugin. -->","yoast_head_json":{"title":"Tile Table d Menthe\/Naturel - H\u00fcbsch","description":"D\u00e9couvrez la Table d'appoint en carreaux, un incontournable pour toute maison moderne. Disponible en deux superbes variantes, celle-ci pr\u00e9sente un","robots":{"index":"index","follow":"follow","max-snippet":"max-snippet:-1","max-image-preview":"max-image-preview:large","max-video-preview":"max-video-preview:-1"},"canonical":"https:\/\/hubsch-interior.com\/fr\/wp-json\/wp\/v2\/product\/977559","og_locale":"fr_FR","og_type":"article","og_title":"Tile Table d Menthe\/Naturel - H\u00fcbsch","og_description":"D\u00e9couvrez la Table d'appoint en carreaux, un incontournable pour toute maison moderne. Disponible en deux superbes variantes, celle-ci pr\u00e9sente un","og_url":"https:\/\/hubsch-interior.com\/fr\/produit\/tile-table-d-menthe-naturel\/","og_site_name":"H\u00fcbsch","article_modified_time":"2026-04-13T11:57:58+00:00","og_image":[{"width":1200,"height":1200,"url":"https:\/\/hubsch-interior.com\/wp-content\/uploads\/2025\/04\/tile-side-table-mintnatural-4df7e10c25fb9031ac753dbd1900be3c.jpg","type":"image\/jpeg"}],"twitter_card":"summary_large_image","twitter_misc":{"Dur\u00e9e de lecture estim\u00e9e":"1 minute"},"schema":{"@context":"https:\/\/schema.org","@graph":[{"@type":"WebPage","@id":"https:\/\/hubsch-interior.com\/fr\/produit\/tile-table-d-menthe-naturel\/","url":"https:\/\/hubsch-interior.com\/fr\/produit\/tile-table-d-menthe-naturel\/","name":"Tile Table d Menthe\/Naturel - H\u00fcbsch","isPartOf":{"@id":"https:\/\/hubsch-interior.com\/fr\/#website"},"primaryImageOfPage":{"@id":"https:\/\/hubsch-interior.com\/fr\/produit\/tile-table-d-menthe-naturel\/#primaryimage"},"image":{"@id":"https:\/\/hubsch-interior.com\/fr\/produit\/tile-table-d-menthe-naturel\/#primaryimage"},"thumbnailUrl":"https:\/\/hubsch-interior.com\/wp-content\/uploads\/2026\/02\/tile-side-table-mintnatural-797ce862103dbfdea933e87722fa382e.jpg","datePublished":"2024-01-29T08:30:56+00:00","dateModified":"2026-04-13T11:57:58+00:00","description":"D\u00e9couvrez la Table d'appoint en carreaux, un incontournable pour toute maison moderne. Disponible en deux superbes variantes, celle-ci pr\u00e9sente un","breadcrumb":{"@id":"https:\/\/hubsch-interior.com\/fr\/produit\/tile-table-d-menthe-naturel\/#breadcrumb"},"inLanguage":"fr-FR","potentialAction":[{"@type":"ReadAction","target":["https:\/\/hubsch-interior.com\/fr\/produit\/tile-table-d-menthe-naturel\/"]}]},{"@type":"ImageObject","inLanguage":"fr-FR","@id":"https:\/\/hubsch-interior.com\/fr\/produit\/tile-table-d-menthe-naturel\/#primaryimage","url":"https:\/\/hubsch-interior.com\/wp-content\/uploads\/2026\/02\/tile-side-table-mintnatural-797ce862103dbfdea933e87722fa382e.jpg","contentUrl":"https:\/\/hubsch-interior.com\/wp-content\/uploads\/2026\/02\/tile-side-table-mintnatural-797ce862103dbfdea933e87722fa382e.jpg","width":1024,"height":1024},{"@type":"BreadcrumbList","@id":"https:\/\/hubsch-interior.com\/fr\/produit\/tile-table-d-menthe-naturel\/#breadcrumb","itemListElement":[{"@type":"ListItem","position":1,"name":"Page d'accueil","item":"https:\/\/hubsch-interior.com\/fr\/"},{"@type":"ListItem","position":2,"name":"Produits","item":"https:\/\/hubsch-interior.com\/fr\/shop-2\/"},{"@type":"ListItem","position":3,"name":"Meubles","item":"https:\/\/hubsch-interior.com\/fr\/categorie-produit\/meubles\/"},{"@type":"ListItem","position":4,"name":"Tables","item":"https:\/\/hubsch-interior.com\/fr\/categorie-produit\/meubles\/tables-fr\/"},{"@type":"ListItem","position":5,"name":"Tables d&#039;appoint","item":"https:\/\/hubsch-interior.com\/fr\/categorie-produit\/meubles\/tables-fr\/tables-dappoint-fr\/"},{"@type":"ListItem","position":6,"name":"Tile Table d Menthe\/Naturel"}]},{"@type":"WebSite","@id":"https:\/\/hubsch-interior.com\/fr\/#website","url":"https:\/\/hubsch-interior.com\/fr\/","name":"H\u00fcbsch","description":"Danish Home Interior and Design","publisher":{"@id":"https:\/\/hubsch-interior.com\/fr\/#organization"},"potentialAction":[{"@type":"SearchAction","target":{"@type":"EntryPoint","urlTemplate":"https:\/\/hubsch-interior.com\/fr\/?s={search_term_string}"},"query-input":{"@type":"PropertyValueSpecification","valueRequired":true,"valueName":"search_term_string"}}],"inLanguage":"fr-FR"},{"@type":"Organization","@id":"https:\/\/hubsch-interior.com\/fr\/#organization","name":"H\u00fcbsch","url":"https:\/\/hubsch-interior.com\/fr\/","logo":{"@type":"ImageObject","inLanguage":"fr-FR","@id":"https:\/\/hubsch-interior.com\/fr\/#\/schema\/logo\/image\/","url":"https:\/\/hubsch-interior.com\/wp-content\/uploads\/2022\/12\/Hubsch_logo_black_one_line.svg","contentUrl":"https:\/\/hubsch-interior.com\/wp-content\/uploads\/2022\/12\/Hubsch_logo_black_one_line.svg","caption":"H\u00fcbsch"},"image":{"@id":"https:\/\/hubsch-interior.com\/fr\/#\/schema\/logo\/image\/"}}]}},"_links":{"self":[{"href":"https:\/\/hubsch-interior.com\/fr\/wp-json\/wp\/v2\/product\/977559","targetHints":{"allow":["GET"]}}],"collection":[{"href":"https:\/\/hubsch-interior.com\/fr\/wp-json\/wp\/v2\/product"}],"about":[{"href":"https:\/\/hubsch-interior.com\/fr\/wp-json\/wp\/v2\/types\/product"}],"wp:featuredmedia":[{"embeddable":true,"href":"https:\/\/hubsch-interior.com\/fr\/wp-json\/wp\/v2\/media\/1104008"}],"wp:attachment":[{"href":"https:\/\/hubsch-interior.com\/fr\/wp-json\/wp\/v2\/media?parent=977559"}],"wp:term":[{"taxonomy":"product_brand","embeddable":true,"href":"https:\/\/hubsch-interior.com\/fr\/wp-json\/wp\/v2\/product_brand?post=977559"},{"taxonomy":"product_cat","embeddable":true,"href":"https:\/\/hubsch-interior.com\/fr\/wp-json\/wp\/v2\/product_cat?post=977559"},{"taxonomy":"product_tag","embeddable":true,"href":"https:\/\/hubsch-interior.com\/fr\/wp-json\/wp\/v2\/product_tag?post=977559"}],"curies":[{"name":"wp","href":"https:\/\/api.w.org\/{rel}","templated":true}]}}