{"id":977623,"date":"2024-01-29T09:31:31","date_gmt":"2024-01-29T08:31:31","guid":{"rendered":"https:\/\/hubsch-interior.com\/product\/product\/"},"modified":"2026-04-11T05:00:00","modified_gmt":"2026-04-11T03:00:00","slug":"orbit-lampe-de-table-vert-fonce","status":"publish","type":"product","link":"https:\/\/hubsch-interior.com\/fr\/produit\/orbit-lampe-de-table-vert-fonce\/","title":{"rendered":"Orbit Lampe de table Vert fonc\u00e9"},"content":{"rendered":"<p>D\u00e9couvrez la Lampe de table Orbit, un ajout sophistiqu\u00e9 et \u00e9l\u00e9gant \u00e0 n&#8217;importe quelle pi\u00e8ce. Avec sa superbe couleur vert fonc\u00e9, cette lampe d\u00e9gage une sensation de luxe et de classe. Son design \u00e9pur\u00e9 combine verre et m\u00e9tal, lui donnant un aspect moderne et intemporel. La surface m\u00e9tallique de la base cr\u00e9e un effet scintillant, ajoutant une touche de glamour \u00e0 votre espace. L&#8217;abat-jour en verre opale assure une lumi\u00e8re douce et confortable, id\u00e9ale pour cr\u00e9er une atmosph\u00e8re chaleureuse. Surplombant la pi\u00e8ce, cette lampe de table diffuse la lumi\u00e8re de mani\u00e8re optimale, en faisant un choix \u00e0 la fois pratique et \u00e9l\u00e9gant pour votre maison.<br \/>\nPour cette lampe, utilisez une ampoule LED dimmable.<\/p>\n","protected":false},"excerpt":{"rendered":"<p>D\u00e9couvrez la Lampe de table Orbit, un ajout sophistiqu\u00e9 et \u00e9l\u00e9gant \u00e0 n&#8217;importe quelle pi\u00e8ce. Avec sa superbe couleur vert fonc\u00e9, cette lampe d\u00e9gage une sensation de luxe et de classe. Son design \u00e9pur\u00e9 combine verre et m\u00e9tal, lui donnant un aspect moderne et intemporel. La surface m\u00e9tallique de la base cr\u00e9e un effet scintillant, [&hellip;]<\/p>\n","protected":false},"featured_media":1106803,"template":"","meta":{"_acf_changed":false,"inline_featured_image":false},"product_brand":[],"product_cat":[6900,6882,3810,3500,5026],"product_tag":[],"class_list":{"0":"post-977623","1":"product","2":"type-product","3":"status-publish","4":"has-post-thumbnail","6":"product_cat-eclairage-fonctionnel-fr","7":"product_cat-elevating-nostalgia-fr","8":"product_cat-luminaires","9":"product_cat-lampes-a-poser-fr","10":"product_cat-bestsellers-fr","11":"product_shipping_class-pk","13":"pa_color-vert-fonc-2","14":"pa_material-fer-fr","15":"pa_material-verre-fr","17":"first","18":"instock","19":"featured","20":"taxable","21":"shipping-taxable","22":"purchasable","23":"product-type-simple"},"exclude_global_add_ons":[],"addons":[],"acf":[],"yoast_head":"<!-- This site is optimized with the Yoast SEO plugin v26.4 - https:\/\/yoast.com\/wordpress\/plugins\/seo\/ -->\n<title>Orbit Lampe de table Vert fonc\u00e9 - H\u00fcbsch<\/title>\n<meta name=\"description\" content=\"D\u00e9couvrez la Lampe de table Orbit, un ajout sophistiqu\u00e9 et \u00e9l\u00e9gant \u00e0 n&#039;importe quelle pi\u00e8ce. Avec sa superbe couleur vert fonc\u00e9, cette lampe d\u00e9gage une\" \/>\n<meta name=\"robots\" content=\"index, follow, max-snippet:-1, max-image-preview:large, max-video-preview:-1\" \/>\n<link rel=\"canonical\" href=\"https:\/\/hubsch-interior.com\/fr\/wp-json\/wp\/v2\/product\/977623\" \/>\n<meta property=\"og:locale\" content=\"fr_FR\" \/>\n<meta property=\"og:type\" content=\"article\" \/>\n<meta property=\"og:title\" content=\"Orbit Lampe de table Vert fonc\u00e9 - H\u00fcbsch\" \/>\n<meta property=\"og:description\" content=\"D\u00e9couvrez la Lampe de table Orbit, un ajout sophistiqu\u00e9 et \u00e9l\u00e9gant \u00e0 n&#039;importe quelle pi\u00e8ce. Avec sa superbe couleur vert fonc\u00e9, cette lampe d\u00e9gage une\" \/>\n<meta property=\"og:url\" content=\"https:\/\/hubsch-interior.com\/fr\/produit\/orbit-lampe-de-table-vert-fonce\/\" \/>\n<meta property=\"og:site_name\" content=\"H\u00fcbsch\" \/>\n<meta property=\"article:modified_time\" content=\"2026-04-11T03:00:00+00:00\" \/>\n<meta property=\"og:image\" content=\"https:\/\/hubsch-interior.com\/wp-content\/uploads\/2025\/04\/orbit-table-lamp-dark-green-f308f1b512e326e83d39ca96282456f0.jpg\" \/>\n\t<meta property=\"og:image:width\" content=\"1200\" \/>\n\t<meta property=\"og:image:height\" content=\"1200\" \/>\n\t<meta property=\"og:image:type\" content=\"image\/jpeg\" \/>\n<meta name=\"twitter:card\" content=\"summary_large_image\" \/>\n<meta name=\"twitter:label1\" content=\"Dur\u00e9e de lecture estim\u00e9e\" \/>\n\t<meta name=\"twitter:data1\" content=\"1 minute\" \/>\n<script type=\"application\/ld+json\" class=\"yoast-schema-graph\">{\"@context\":\"https:\/\/schema.org\",\"@graph\":[{\"@type\":\"WebPage\",\"@id\":\"https:\/\/hubsch-interior.com\/fr\/produit\/orbit-lampe-de-table-vert-fonce\/\",\"url\":\"https:\/\/hubsch-interior.com\/fr\/produit\/orbit-lampe-de-table-vert-fonce\/\",\"name\":\"Orbit Lampe de table Vert fonc\u00e9 - H\u00fcbsch\",\"isPartOf\":{\"@id\":\"https:\/\/hubsch-interior.com\/fr\/#website\"},\"primaryImageOfPage\":{\"@id\":\"https:\/\/hubsch-interior.com\/fr\/produit\/orbit-lampe-de-table-vert-fonce\/#primaryimage\"},\"image\":{\"@id\":\"https:\/\/hubsch-interior.com\/fr\/produit\/orbit-lampe-de-table-vert-fonce\/#primaryimage\"},\"thumbnailUrl\":\"https:\/\/hubsch-interior.com\/wp-content\/uploads\/2026\/02\/orbit-table-lamp-dark-green-a0b8381c26c3dea6e0c8221d41ad3120.jpg\",\"datePublished\":\"2024-01-29T08:31:31+00:00\",\"dateModified\":\"2026-04-11T03:00:00+00:00\",\"description\":\"D\u00e9couvrez la Lampe de table Orbit, un ajout sophistiqu\u00e9 et \u00e9l\u00e9gant \u00e0 n'importe quelle pi\u00e8ce. Avec sa superbe couleur vert fonc\u00e9, cette lampe d\u00e9gage une\",\"breadcrumb\":{\"@id\":\"https:\/\/hubsch-interior.com\/fr\/produit\/orbit-lampe-de-table-vert-fonce\/#breadcrumb\"},\"inLanguage\":\"fr-FR\",\"potentialAction\":[{\"@type\":\"ReadAction\",\"target\":[\"https:\/\/hubsch-interior.com\/fr\/produit\/orbit-lampe-de-table-vert-fonce\/\"]}]},{\"@type\":\"ImageObject\",\"inLanguage\":\"fr-FR\",\"@id\":\"https:\/\/hubsch-interior.com\/fr\/produit\/orbit-lampe-de-table-vert-fonce\/#primaryimage\",\"url\":\"https:\/\/hubsch-interior.com\/wp-content\/uploads\/2026\/02\/orbit-table-lamp-dark-green-a0b8381c26c3dea6e0c8221d41ad3120.jpg\",\"contentUrl\":\"https:\/\/hubsch-interior.com\/wp-content\/uploads\/2026\/02\/orbit-table-lamp-dark-green-a0b8381c26c3dea6e0c8221d41ad3120.jpg\",\"width\":1024,\"height\":1024},{\"@type\":\"BreadcrumbList\",\"@id\":\"https:\/\/hubsch-interior.com\/fr\/produit\/orbit-lampe-de-table-vert-fonce\/#breadcrumb\",\"itemListElement\":[{\"@type\":\"ListItem\",\"position\":1,\"name\":\"Page d'accueil\",\"item\":\"https:\/\/hubsch-interior.com\/fr\/\"},{\"@type\":\"ListItem\",\"position\":2,\"name\":\"Produits\",\"item\":\"https:\/\/hubsch-interior.com\/fr\/shop-2\/\"},{\"@type\":\"ListItem\",\"position\":3,\"name\":\"Luminaires\",\"item\":\"https:\/\/hubsch-interior.com\/fr\/categorie-produit\/luminaires\/\"},{\"@type\":\"ListItem\",\"position\":4,\"name\":\"Lampes &agrave; poser\",\"item\":\"https:\/\/hubsch-interior.com\/fr\/categorie-produit\/luminaires\/lampes-a-poser-fr\/\"},{\"@type\":\"ListItem\",\"position\":5,\"name\":\"Orbit Lampe de table Vert fonc\u00e9\"}]},{\"@type\":\"WebSite\",\"@id\":\"https:\/\/hubsch-interior.com\/fr\/#website\",\"url\":\"https:\/\/hubsch-interior.com\/fr\/\",\"name\":\"H\u00fcbsch\",\"description\":\"Danish Home Interior and Design\",\"publisher\":{\"@id\":\"https:\/\/hubsch-interior.com\/fr\/#organization\"},\"potentialAction\":[{\"@type\":\"SearchAction\",\"target\":{\"@type\":\"EntryPoint\",\"urlTemplate\":\"https:\/\/hubsch-interior.com\/fr\/?s={search_term_string}\"},\"query-input\":{\"@type\":\"PropertyValueSpecification\",\"valueRequired\":true,\"valueName\":\"search_term_string\"}}],\"inLanguage\":\"fr-FR\"},{\"@type\":\"Organization\",\"@id\":\"https:\/\/hubsch-interior.com\/fr\/#organization\",\"name\":\"H\u00fcbsch\",\"url\":\"https:\/\/hubsch-interior.com\/fr\/\",\"logo\":{\"@type\":\"ImageObject\",\"inLanguage\":\"fr-FR\",\"@id\":\"https:\/\/hubsch-interior.com\/fr\/#\/schema\/logo\/image\/\",\"url\":\"https:\/\/hubsch-interior.com\/wp-content\/uploads\/2022\/12\/Hubsch_logo_black_one_line.svg\",\"contentUrl\":\"https:\/\/hubsch-interior.com\/wp-content\/uploads\/2022\/12\/Hubsch_logo_black_one_line.svg\",\"caption\":\"H\u00fcbsch\"},\"image\":{\"@id\":\"https:\/\/hubsch-interior.com\/fr\/#\/schema\/logo\/image\/\"}}]}<\/script>\n<!-- \/ Yoast SEO plugin. -->","yoast_head_json":{"title":"Orbit Lampe de table Vert fonc\u00e9 - H\u00fcbsch","description":"D\u00e9couvrez la Lampe de table Orbit, un ajout sophistiqu\u00e9 et \u00e9l\u00e9gant \u00e0 n'importe quelle pi\u00e8ce. Avec sa superbe couleur vert fonc\u00e9, cette lampe d\u00e9gage une","robots":{"index":"index","follow":"follow","max-snippet":"max-snippet:-1","max-image-preview":"max-image-preview:large","max-video-preview":"max-video-preview:-1"},"canonical":"https:\/\/hubsch-interior.com\/fr\/wp-json\/wp\/v2\/product\/977623","og_locale":"fr_FR","og_type":"article","og_title":"Orbit Lampe de table Vert fonc\u00e9 - H\u00fcbsch","og_description":"D\u00e9couvrez la Lampe de table Orbit, un ajout sophistiqu\u00e9 et \u00e9l\u00e9gant \u00e0 n'importe quelle pi\u00e8ce. Avec sa superbe couleur vert fonc\u00e9, cette lampe d\u00e9gage une","og_url":"https:\/\/hubsch-interior.com\/fr\/produit\/orbit-lampe-de-table-vert-fonce\/","og_site_name":"H\u00fcbsch","article_modified_time":"2026-04-11T03:00:00+00:00","og_image":[{"width":1200,"height":1200,"url":"https:\/\/hubsch-interior.com\/wp-content\/uploads\/2025\/04\/orbit-table-lamp-dark-green-f308f1b512e326e83d39ca96282456f0.jpg","type":"image\/jpeg"}],"twitter_card":"summary_large_image","twitter_misc":{"Dur\u00e9e de lecture estim\u00e9e":"1 minute"},"schema":{"@context":"https:\/\/schema.org","@graph":[{"@type":"WebPage","@id":"https:\/\/hubsch-interior.com\/fr\/produit\/orbit-lampe-de-table-vert-fonce\/","url":"https:\/\/hubsch-interior.com\/fr\/produit\/orbit-lampe-de-table-vert-fonce\/","name":"Orbit Lampe de table Vert fonc\u00e9 - H\u00fcbsch","isPartOf":{"@id":"https:\/\/hubsch-interior.com\/fr\/#website"},"primaryImageOfPage":{"@id":"https:\/\/hubsch-interior.com\/fr\/produit\/orbit-lampe-de-table-vert-fonce\/#primaryimage"},"image":{"@id":"https:\/\/hubsch-interior.com\/fr\/produit\/orbit-lampe-de-table-vert-fonce\/#primaryimage"},"thumbnailUrl":"https:\/\/hubsch-interior.com\/wp-content\/uploads\/2026\/02\/orbit-table-lamp-dark-green-a0b8381c26c3dea6e0c8221d41ad3120.jpg","datePublished":"2024-01-29T08:31:31+00:00","dateModified":"2026-04-11T03:00:00+00:00","description":"D\u00e9couvrez la Lampe de table Orbit, un ajout sophistiqu\u00e9 et \u00e9l\u00e9gant \u00e0 n'importe quelle pi\u00e8ce. Avec sa superbe couleur vert fonc\u00e9, cette lampe d\u00e9gage une","breadcrumb":{"@id":"https:\/\/hubsch-interior.com\/fr\/produit\/orbit-lampe-de-table-vert-fonce\/#breadcrumb"},"inLanguage":"fr-FR","potentialAction":[{"@type":"ReadAction","target":["https:\/\/hubsch-interior.com\/fr\/produit\/orbit-lampe-de-table-vert-fonce\/"]}]},{"@type":"ImageObject","inLanguage":"fr-FR","@id":"https:\/\/hubsch-interior.com\/fr\/produit\/orbit-lampe-de-table-vert-fonce\/#primaryimage","url":"https:\/\/hubsch-interior.com\/wp-content\/uploads\/2026\/02\/orbit-table-lamp-dark-green-a0b8381c26c3dea6e0c8221d41ad3120.jpg","contentUrl":"https:\/\/hubsch-interior.com\/wp-content\/uploads\/2026\/02\/orbit-table-lamp-dark-green-a0b8381c26c3dea6e0c8221d41ad3120.jpg","width":1024,"height":1024},{"@type":"BreadcrumbList","@id":"https:\/\/hubsch-interior.com\/fr\/produit\/orbit-lampe-de-table-vert-fonce\/#breadcrumb","itemListElement":[{"@type":"ListItem","position":1,"name":"Page d'accueil","item":"https:\/\/hubsch-interior.com\/fr\/"},{"@type":"ListItem","position":2,"name":"Produits","item":"https:\/\/hubsch-interior.com\/fr\/shop-2\/"},{"@type":"ListItem","position":3,"name":"Luminaires","item":"https:\/\/hubsch-interior.com\/fr\/categorie-produit\/luminaires\/"},{"@type":"ListItem","position":4,"name":"Lampes &agrave; poser","item":"https:\/\/hubsch-interior.com\/fr\/categorie-produit\/luminaires\/lampes-a-poser-fr\/"},{"@type":"ListItem","position":5,"name":"Orbit Lampe de table Vert fonc\u00e9"}]},{"@type":"WebSite","@id":"https:\/\/hubsch-interior.com\/fr\/#website","url":"https:\/\/hubsch-interior.com\/fr\/","name":"H\u00fcbsch","description":"Danish Home Interior and Design","publisher":{"@id":"https:\/\/hubsch-interior.com\/fr\/#organization"},"potentialAction":[{"@type":"SearchAction","target":{"@type":"EntryPoint","urlTemplate":"https:\/\/hubsch-interior.com\/fr\/?s={search_term_string}"},"query-input":{"@type":"PropertyValueSpecification","valueRequired":true,"valueName":"search_term_string"}}],"inLanguage":"fr-FR"},{"@type":"Organization","@id":"https:\/\/hubsch-interior.com\/fr\/#organization","name":"H\u00fcbsch","url":"https:\/\/hubsch-interior.com\/fr\/","logo":{"@type":"ImageObject","inLanguage":"fr-FR","@id":"https:\/\/hubsch-interior.com\/fr\/#\/schema\/logo\/image\/","url":"https:\/\/hubsch-interior.com\/wp-content\/uploads\/2022\/12\/Hubsch_logo_black_one_line.svg","contentUrl":"https:\/\/hubsch-interior.com\/wp-content\/uploads\/2022\/12\/Hubsch_logo_black_one_line.svg","caption":"H\u00fcbsch"},"image":{"@id":"https:\/\/hubsch-interior.com\/fr\/#\/schema\/logo\/image\/"}}]}},"_links":{"self":[{"href":"https:\/\/hubsch-interior.com\/fr\/wp-json\/wp\/v2\/product\/977623","targetHints":{"allow":["GET"]}}],"collection":[{"href":"https:\/\/hubsch-interior.com\/fr\/wp-json\/wp\/v2\/product"}],"about":[{"href":"https:\/\/hubsch-interior.com\/fr\/wp-json\/wp\/v2\/types\/product"}],"wp:featuredmedia":[{"embeddable":true,"href":"https:\/\/hubsch-interior.com\/fr\/wp-json\/wp\/v2\/media\/1106803"}],"wp:attachment":[{"href":"https:\/\/hubsch-interior.com\/fr\/wp-json\/wp\/v2\/media?parent=977623"}],"wp:term":[{"taxonomy":"product_brand","embeddable":true,"href":"https:\/\/hubsch-interior.com\/fr\/wp-json\/wp\/v2\/product_brand?post=977623"},{"taxonomy":"product_cat","embeddable":true,"href":"https:\/\/hubsch-interior.com\/fr\/wp-json\/wp\/v2\/product_cat?post=977623"},{"taxonomy":"product_tag","embeddable":true,"href":"https:\/\/hubsch-interior.com\/fr\/wp-json\/wp\/v2\/product_tag?post=977623"}],"curies":[{"name":"wp","href":"https:\/\/api.w.org\/{rel}","templated":true}]}}