{"id":977667,"date":"2024-01-29T09:32:04","date_gmt":"2024-01-29T08:32:04","guid":{"rendered":"https:\/\/hubsch-interior.com\/product\/product\/"},"modified":"2026-04-11T05:00:08","modified_gmt":"2026-04-11T03:00:08","slug":"sleek-lampe-de-table-vert-rouge","status":"publish","type":"product","link":"https:\/\/hubsch-interior.com\/fr\/produit\/sleek-lampe-de-table-vert-rouge\/","title":{"rendered":"Sleek Lampe de table Vert\/Rouge"},"content":{"rendered":"<p>La Sleek Lampe de table, le compl\u00e9ment parfait pour rehausser n&#8217;importe quel espace de vie avec ses choix de couleurs audacieux et amusants. Cette lampe est disponible en deux variantes diff\u00e9rentes, mais nous ne pouvons nous emp\u00eacher d&#8217;\u00eatre attir\u00e9s par l&#8217;option frappante en vert et rouge. Fabriqu\u00e9e \u00e0 partir d&#8217;un m\u00e9lange durable d&#8217;acrylique et de m\u00e9tal, cette lampe est non seulement \u00e9l\u00e9gante, mais aussi con\u00e7ue pour durer. Avec son design \u00e9l\u00e9gant, elle est cr\u00e9\u00e9e pour s&#8217;adapter aux espaces \u00e9troits, tels qu&#8217;un rebord de fen\u00eatre ou une \u00e9tag\u00e8re fine. De plus, gr\u00e2ce \u00e0 sa fonction d&#8217;att\u00e9nuation, vous pouvez cr\u00e9er l&#8217;ambiance parfaite pour toute occasion. Ajoutez une touche de couleur et de fonctionnalit\u00e9 \u00e0 votre maison avec la Sleek Lampe de table.<\/p>\n","protected":false},"excerpt":{"rendered":"<p>La Sleek Lampe de table, le compl\u00e9ment parfait pour rehausser n&#8217;importe quel espace de vie avec ses choix de couleurs audacieux et amusants. Cette lampe est disponible en deux variantes diff\u00e9rentes, mais nous ne pouvons nous emp\u00eacher d&#8217;\u00eatre attir\u00e9s par l&#8217;option frappante en vert et rouge. Fabriqu\u00e9e \u00e0 partir d&#8217;un m\u00e9lange durable d&#8217;acrylique et de [&hellip;]<\/p>\n","protected":false},"featured_media":1106847,"template":"","meta":{"_acf_changed":false,"inline_featured_image":false},"product_brand":[],"product_cat":[6900,6882,3810,3500,5026,5030],"product_tag":[],"class_list":{"0":"post-977667","1":"product","2":"type-product","3":"status-publish","4":"has-post-thumbnail","6":"product_cat-eclairage-fonctionnel-fr","7":"product_cat-elevating-nostalgia-fr","8":"product_cat-luminaires","9":"product_cat-lampes-a-poser-fr","10":"product_cat-bestsellers-fr","11":"product_cat-de-nouveau-en-stock-fr","12":"product_shipping_class-pk","14":"pa_color-rouge-2","15":"pa_color-vert-2","16":"pa_material-fer-fr","17":"pa_material-polycarbonate-2","19":"first","20":"instock","21":"featured","22":"taxable","23":"shipping-taxable","24":"purchasable","25":"product-type-simple"},"exclude_global_add_ons":[],"addons":[],"acf":[],"yoast_head":"<!-- This site is optimized with the Yoast SEO plugin v26.4 - https:\/\/yoast.com\/wordpress\/plugins\/seo\/ -->\n<title>Sleek Lampe de table Vert\/Rouge - H\u00fcbsch<\/title>\n<meta name=\"description\" content=\"La Sleek Lampe de table, le compl\u00e9ment parfait pour rehausser n&#039;importe quel espace de vie avec ses choix de couleurs audacieux et amusants. Cette lampe\" \/>\n<meta name=\"robots\" content=\"index, follow, max-snippet:-1, max-image-preview:large, max-video-preview:-1\" \/>\n<link rel=\"canonical\" href=\"https:\/\/hubsch-interior.com\/fr\/wp-json\/wp\/v2\/product\/977667\" \/>\n<meta property=\"og:locale\" content=\"fr_FR\" \/>\n<meta property=\"og:type\" content=\"article\" \/>\n<meta property=\"og:title\" content=\"Sleek Lampe de table Vert\/Rouge - H\u00fcbsch\" \/>\n<meta property=\"og:description\" content=\"La Sleek Lampe de table, le compl\u00e9ment parfait pour rehausser n&#039;importe quel espace de vie avec ses choix de couleurs audacieux et amusants. Cette lampe\" \/>\n<meta property=\"og:url\" content=\"https:\/\/hubsch-interior.com\/fr\/produit\/sleek-lampe-de-table-vert-rouge\/\" \/>\n<meta property=\"og:site_name\" content=\"H\u00fcbsch\" \/>\n<meta property=\"article:modified_time\" content=\"2026-04-11T03:00:08+00:00\" \/>\n<meta property=\"og:image\" content=\"https:\/\/hubsch-interior.com\/wp-content\/uploads\/2024\/01\/sleek-table-lamp-greenred-82736486bca841e38c26dc63b0e48415.jpg\" \/>\n\t<meta property=\"og:image:width\" content=\"1200\" \/>\n\t<meta property=\"og:image:height\" content=\"1200\" \/>\n\t<meta property=\"og:image:type\" content=\"image\/jpeg\" \/>\n<meta name=\"twitter:card\" content=\"summary_large_image\" \/>\n<meta name=\"twitter:label1\" content=\"Dur\u00e9e de lecture estim\u00e9e\" \/>\n\t<meta name=\"twitter:data1\" content=\"1 minute\" \/>\n<script type=\"application\/ld+json\" class=\"yoast-schema-graph\">{\"@context\":\"https:\/\/schema.org\",\"@graph\":[{\"@type\":\"WebPage\",\"@id\":\"https:\/\/hubsch-interior.com\/fr\/produit\/sleek-lampe-de-table-vert-rouge\/\",\"url\":\"https:\/\/hubsch-interior.com\/fr\/produit\/sleek-lampe-de-table-vert-rouge\/\",\"name\":\"Sleek Lampe de table Vert\/Rouge - H\u00fcbsch\",\"isPartOf\":{\"@id\":\"https:\/\/hubsch-interior.com\/fr\/#website\"},\"primaryImageOfPage\":{\"@id\":\"https:\/\/hubsch-interior.com\/fr\/produit\/sleek-lampe-de-table-vert-rouge\/#primaryimage\"},\"image\":{\"@id\":\"https:\/\/hubsch-interior.com\/fr\/produit\/sleek-lampe-de-table-vert-rouge\/#primaryimage\"},\"thumbnailUrl\":\"https:\/\/hubsch-interior.com\/wp-content\/uploads\/2026\/02\/sleek-table-lamp-greenred-1cbb5f41f241928c6d36e054f9bd6393.jpg\",\"datePublished\":\"2024-01-29T08:32:04+00:00\",\"dateModified\":\"2026-04-11T03:00:08+00:00\",\"description\":\"La Sleek Lampe de table, le compl\u00e9ment parfait pour rehausser n'importe quel espace de vie avec ses choix de couleurs audacieux et amusants. Cette lampe\",\"breadcrumb\":{\"@id\":\"https:\/\/hubsch-interior.com\/fr\/produit\/sleek-lampe-de-table-vert-rouge\/#breadcrumb\"},\"inLanguage\":\"fr-FR\",\"potentialAction\":[{\"@type\":\"ReadAction\",\"target\":[\"https:\/\/hubsch-interior.com\/fr\/produit\/sleek-lampe-de-table-vert-rouge\/\"]}]},{\"@type\":\"ImageObject\",\"inLanguage\":\"fr-FR\",\"@id\":\"https:\/\/hubsch-interior.com\/fr\/produit\/sleek-lampe-de-table-vert-rouge\/#primaryimage\",\"url\":\"https:\/\/hubsch-interior.com\/wp-content\/uploads\/2026\/02\/sleek-table-lamp-greenred-1cbb5f41f241928c6d36e054f9bd6393.jpg\",\"contentUrl\":\"https:\/\/hubsch-interior.com\/wp-content\/uploads\/2026\/02\/sleek-table-lamp-greenred-1cbb5f41f241928c6d36e054f9bd6393.jpg\",\"width\":1024,\"height\":1024},{\"@type\":\"BreadcrumbList\",\"@id\":\"https:\/\/hubsch-interior.com\/fr\/produit\/sleek-lampe-de-table-vert-rouge\/#breadcrumb\",\"itemListElement\":[{\"@type\":\"ListItem\",\"position\":1,\"name\":\"Page d'accueil\",\"item\":\"https:\/\/hubsch-interior.com\/fr\/\"},{\"@type\":\"ListItem\",\"position\":2,\"name\":\"Produits\",\"item\":\"https:\/\/hubsch-interior.com\/fr\/shop-2\/\"},{\"@type\":\"ListItem\",\"position\":3,\"name\":\"Luminaires\",\"item\":\"https:\/\/hubsch-interior.com\/fr\/categorie-produit\/luminaires\/\"},{\"@type\":\"ListItem\",\"position\":4,\"name\":\"Lampes &agrave; poser\",\"item\":\"https:\/\/hubsch-interior.com\/fr\/categorie-produit\/luminaires\/lampes-a-poser-fr\/\"},{\"@type\":\"ListItem\",\"position\":5,\"name\":\"Sleek Lampe de table Vert\/Rouge\"}]},{\"@type\":\"WebSite\",\"@id\":\"https:\/\/hubsch-interior.com\/fr\/#website\",\"url\":\"https:\/\/hubsch-interior.com\/fr\/\",\"name\":\"H\u00fcbsch\",\"description\":\"Danish Home Interior and Design\",\"publisher\":{\"@id\":\"https:\/\/hubsch-interior.com\/fr\/#organization\"},\"potentialAction\":[{\"@type\":\"SearchAction\",\"target\":{\"@type\":\"EntryPoint\",\"urlTemplate\":\"https:\/\/hubsch-interior.com\/fr\/?s={search_term_string}\"},\"query-input\":{\"@type\":\"PropertyValueSpecification\",\"valueRequired\":true,\"valueName\":\"search_term_string\"}}],\"inLanguage\":\"fr-FR\"},{\"@type\":\"Organization\",\"@id\":\"https:\/\/hubsch-interior.com\/fr\/#organization\",\"name\":\"H\u00fcbsch\",\"url\":\"https:\/\/hubsch-interior.com\/fr\/\",\"logo\":{\"@type\":\"ImageObject\",\"inLanguage\":\"fr-FR\",\"@id\":\"https:\/\/hubsch-interior.com\/fr\/#\/schema\/logo\/image\/\",\"url\":\"https:\/\/hubsch-interior.com\/wp-content\/uploads\/2022\/12\/Hubsch_logo_black_one_line.svg\",\"contentUrl\":\"https:\/\/hubsch-interior.com\/wp-content\/uploads\/2022\/12\/Hubsch_logo_black_one_line.svg\",\"caption\":\"H\u00fcbsch\"},\"image\":{\"@id\":\"https:\/\/hubsch-interior.com\/fr\/#\/schema\/logo\/image\/\"}}]}<\/script>\n<!-- \/ Yoast SEO plugin. -->","yoast_head_json":{"title":"Sleek Lampe de table Vert\/Rouge - H\u00fcbsch","description":"La Sleek Lampe de table, le compl\u00e9ment parfait pour rehausser n'importe quel espace de vie avec ses choix de couleurs audacieux et amusants. Cette lampe","robots":{"index":"index","follow":"follow","max-snippet":"max-snippet:-1","max-image-preview":"max-image-preview:large","max-video-preview":"max-video-preview:-1"},"canonical":"https:\/\/hubsch-interior.com\/fr\/wp-json\/wp\/v2\/product\/977667","og_locale":"fr_FR","og_type":"article","og_title":"Sleek Lampe de table Vert\/Rouge - H\u00fcbsch","og_description":"La Sleek Lampe de table, le compl\u00e9ment parfait pour rehausser n'importe quel espace de vie avec ses choix de couleurs audacieux et amusants. Cette lampe","og_url":"https:\/\/hubsch-interior.com\/fr\/produit\/sleek-lampe-de-table-vert-rouge\/","og_site_name":"H\u00fcbsch","article_modified_time":"2026-04-11T03:00:08+00:00","og_image":[{"width":1200,"height":1200,"url":"https:\/\/hubsch-interior.com\/wp-content\/uploads\/2024\/01\/sleek-table-lamp-greenred-82736486bca841e38c26dc63b0e48415.jpg","type":"image\/jpeg"}],"twitter_card":"summary_large_image","twitter_misc":{"Dur\u00e9e de lecture estim\u00e9e":"1 minute"},"schema":{"@context":"https:\/\/schema.org","@graph":[{"@type":"WebPage","@id":"https:\/\/hubsch-interior.com\/fr\/produit\/sleek-lampe-de-table-vert-rouge\/","url":"https:\/\/hubsch-interior.com\/fr\/produit\/sleek-lampe-de-table-vert-rouge\/","name":"Sleek Lampe de table Vert\/Rouge - H\u00fcbsch","isPartOf":{"@id":"https:\/\/hubsch-interior.com\/fr\/#website"},"primaryImageOfPage":{"@id":"https:\/\/hubsch-interior.com\/fr\/produit\/sleek-lampe-de-table-vert-rouge\/#primaryimage"},"image":{"@id":"https:\/\/hubsch-interior.com\/fr\/produit\/sleek-lampe-de-table-vert-rouge\/#primaryimage"},"thumbnailUrl":"https:\/\/hubsch-interior.com\/wp-content\/uploads\/2026\/02\/sleek-table-lamp-greenred-1cbb5f41f241928c6d36e054f9bd6393.jpg","datePublished":"2024-01-29T08:32:04+00:00","dateModified":"2026-04-11T03:00:08+00:00","description":"La Sleek Lampe de table, le compl\u00e9ment parfait pour rehausser n'importe quel espace de vie avec ses choix de couleurs audacieux et amusants. Cette lampe","breadcrumb":{"@id":"https:\/\/hubsch-interior.com\/fr\/produit\/sleek-lampe-de-table-vert-rouge\/#breadcrumb"},"inLanguage":"fr-FR","potentialAction":[{"@type":"ReadAction","target":["https:\/\/hubsch-interior.com\/fr\/produit\/sleek-lampe-de-table-vert-rouge\/"]}]},{"@type":"ImageObject","inLanguage":"fr-FR","@id":"https:\/\/hubsch-interior.com\/fr\/produit\/sleek-lampe-de-table-vert-rouge\/#primaryimage","url":"https:\/\/hubsch-interior.com\/wp-content\/uploads\/2026\/02\/sleek-table-lamp-greenred-1cbb5f41f241928c6d36e054f9bd6393.jpg","contentUrl":"https:\/\/hubsch-interior.com\/wp-content\/uploads\/2026\/02\/sleek-table-lamp-greenred-1cbb5f41f241928c6d36e054f9bd6393.jpg","width":1024,"height":1024},{"@type":"BreadcrumbList","@id":"https:\/\/hubsch-interior.com\/fr\/produit\/sleek-lampe-de-table-vert-rouge\/#breadcrumb","itemListElement":[{"@type":"ListItem","position":1,"name":"Page d'accueil","item":"https:\/\/hubsch-interior.com\/fr\/"},{"@type":"ListItem","position":2,"name":"Produits","item":"https:\/\/hubsch-interior.com\/fr\/shop-2\/"},{"@type":"ListItem","position":3,"name":"Luminaires","item":"https:\/\/hubsch-interior.com\/fr\/categorie-produit\/luminaires\/"},{"@type":"ListItem","position":4,"name":"Lampes &agrave; poser","item":"https:\/\/hubsch-interior.com\/fr\/categorie-produit\/luminaires\/lampes-a-poser-fr\/"},{"@type":"ListItem","position":5,"name":"Sleek Lampe de table Vert\/Rouge"}]},{"@type":"WebSite","@id":"https:\/\/hubsch-interior.com\/fr\/#website","url":"https:\/\/hubsch-interior.com\/fr\/","name":"H\u00fcbsch","description":"Danish Home Interior and Design","publisher":{"@id":"https:\/\/hubsch-interior.com\/fr\/#organization"},"potentialAction":[{"@type":"SearchAction","target":{"@type":"EntryPoint","urlTemplate":"https:\/\/hubsch-interior.com\/fr\/?s={search_term_string}"},"query-input":{"@type":"PropertyValueSpecification","valueRequired":true,"valueName":"search_term_string"}}],"inLanguage":"fr-FR"},{"@type":"Organization","@id":"https:\/\/hubsch-interior.com\/fr\/#organization","name":"H\u00fcbsch","url":"https:\/\/hubsch-interior.com\/fr\/","logo":{"@type":"ImageObject","inLanguage":"fr-FR","@id":"https:\/\/hubsch-interior.com\/fr\/#\/schema\/logo\/image\/","url":"https:\/\/hubsch-interior.com\/wp-content\/uploads\/2022\/12\/Hubsch_logo_black_one_line.svg","contentUrl":"https:\/\/hubsch-interior.com\/wp-content\/uploads\/2022\/12\/Hubsch_logo_black_one_line.svg","caption":"H\u00fcbsch"},"image":{"@id":"https:\/\/hubsch-interior.com\/fr\/#\/schema\/logo\/image\/"}}]}},"_links":{"self":[{"href":"https:\/\/hubsch-interior.com\/fr\/wp-json\/wp\/v2\/product\/977667","targetHints":{"allow":["GET"]}}],"collection":[{"href":"https:\/\/hubsch-interior.com\/fr\/wp-json\/wp\/v2\/product"}],"about":[{"href":"https:\/\/hubsch-interior.com\/fr\/wp-json\/wp\/v2\/types\/product"}],"wp:featuredmedia":[{"embeddable":true,"href":"https:\/\/hubsch-interior.com\/fr\/wp-json\/wp\/v2\/media\/1106847"}],"wp:attachment":[{"href":"https:\/\/hubsch-interior.com\/fr\/wp-json\/wp\/v2\/media?parent=977667"}],"wp:term":[{"taxonomy":"product_brand","embeddable":true,"href":"https:\/\/hubsch-interior.com\/fr\/wp-json\/wp\/v2\/product_brand?post=977667"},{"taxonomy":"product_cat","embeddable":true,"href":"https:\/\/hubsch-interior.com\/fr\/wp-json\/wp\/v2\/product_cat?post=977667"},{"taxonomy":"product_tag","embeddable":true,"href":"https:\/\/hubsch-interior.com\/fr\/wp-json\/wp\/v2\/product_tag?post=977667"}],"curies":[{"name":"wp","href":"https:\/\/api.w.org\/{rel}","templated":true}]}}