{"id":977711,"date":"2024-01-29T09:32:44","date_gmt":"2024-01-29T08:32:44","guid":{"rendered":"https:\/\/hubsch-interior.com\/product\/product\/"},"modified":"2026-04-09T05:03:38","modified_gmt":"2026-04-09T03:03:38","slug":"wally-applique-murale-vert","status":"publish","type":"product","link":"https:\/\/hubsch-interior.com\/fr\/produit\/wally-applique-murale-vert\/","title":{"rendered":"Wally Applique murale Vert"},"content":{"rendered":"<p>D\u00e9couvrez la Wally applique murale, la lampe parfaite pour votre coin lecture. Disponible en deux variantes \u00e9poustouflantes, l&#8217;abat-jour vert de celle-ci ajoutera une touche de couleur \u00e0 n&#8217;importe quelle pi\u00e8ce. Fabriqu\u00e9e en verre et en m\u00e9tal de haute qualit\u00e9, elle apporte non seulement un \u00e9l\u00e9ment de design \u00e9l\u00e9vateur \u00e0 votre espace, mais d\u00e9gage \u00e9galement un sens du luxe avec sa forme sculpturale. La surface m\u00e9tallique de la Wally applique murale cr\u00e9e un effet scintillant, en faisant une v\u00e9ritable pi\u00e8ce ma\u00eetresse. De plus, sa fonctionnalit\u00e9 ajustable \u00e0 180 degr\u00e9s vous permet de diriger la lumi\u00e8re exactement o\u00f9 vous en avez besoin. Rehaussez votre d\u00e9coration int\u00e9rieure avec la Wally applique murale.<\/p>\n","protected":false},"excerpt":{"rendered":"<p>D\u00e9couvrez la Wally applique murale, la lampe parfaite pour votre coin lecture. Disponible en deux variantes \u00e9poustouflantes, l&#8217;abat-jour vert de celle-ci ajoutera une touche de couleur \u00e0 n&#8217;importe quelle pi\u00e8ce. Fabriqu\u00e9e en verre et en m\u00e9tal de haute qualit\u00e9, elle apporte non seulement un \u00e9l\u00e9ment de design \u00e9l\u00e9vateur \u00e0 votre espace, mais d\u00e9gage \u00e9galement un [&hellip;]<\/p>\n","protected":false},"featured_media":1106895,"template":"","meta":{"_acf_changed":false,"inline_featured_image":false},"product_brand":[],"product_cat":[6900,3407,6943,6882,3810,5026],"product_tag":[],"class_list":{"0":"post-977711","1":"product","2":"type-product","3":"status-publish","4":"has-post-thumbnail","6":"product_cat-eclairage-fonctionnel-fr","7":"product_cat-appliques-murales-fr","8":"product_cat-bestseller-2025-fr","9":"product_cat-elevating-nostalgia-fr","10":"product_cat-luminaires","11":"product_cat-bestsellers-fr","12":"product_shipping_class-pk","14":"pa_color-vert-2","15":"pa_material-fer-fr","16":"pa_material-verre-fr","18":"first","19":"instock","20":"featured","21":"taxable","22":"shipping-taxable","23":"purchasable","24":"product-type-simple"},"exclude_global_add_ons":[],"addons":[],"acf":[],"yoast_head":"<!-- This site is optimized with the Yoast SEO plugin v26.4 - https:\/\/yoast.com\/wordpress\/plugins\/seo\/ -->\n<title>Wally Applique murale Vert - H\u00fcbsch<\/title>\n<meta name=\"description\" content=\"D\u00e9couvrez la Wally applique murale, la lampe parfaite pour votre coin lecture. Disponible en deux variantes \u00e9poustouflantes, l&#039;abat-jour vert de celle-ci\" \/>\n<meta name=\"robots\" content=\"index, follow, max-snippet:-1, max-image-preview:large, max-video-preview:-1\" \/>\n<link rel=\"canonical\" href=\"https:\/\/hubsch-interior.com\/fr\/wp-json\/wp\/v2\/product\/977711\" \/>\n<meta property=\"og:locale\" content=\"fr_FR\" \/>\n<meta property=\"og:type\" content=\"article\" \/>\n<meta property=\"og:title\" content=\"Wally Applique murale Vert - H\u00fcbsch\" \/>\n<meta property=\"og:description\" content=\"D\u00e9couvrez la Wally applique murale, la lampe parfaite pour votre coin lecture. Disponible en deux variantes \u00e9poustouflantes, l&#039;abat-jour vert de celle-ci\" \/>\n<meta property=\"og:url\" content=\"https:\/\/hubsch-interior.com\/fr\/produit\/wally-applique-murale-vert\/\" \/>\n<meta property=\"og:site_name\" content=\"H\u00fcbsch\" \/>\n<meta property=\"article:modified_time\" content=\"2026-04-09T03:03:38+00:00\" \/>\n<meta property=\"og:image\" content=\"https:\/\/hubsch-interior.com\/wp-content\/uploads\/2024\/01\/wally-wall-light-green-3b0ab1007c0fa95dbbad0b57b3f6dbc7.jpg\" \/>\n\t<meta property=\"og:image:width\" content=\"1200\" \/>\n\t<meta property=\"og:image:height\" content=\"1200\" \/>\n\t<meta property=\"og:image:type\" content=\"image\/jpeg\" \/>\n<meta name=\"twitter:card\" content=\"summary_large_image\" \/>\n<meta name=\"twitter:label1\" content=\"Dur\u00e9e de lecture estim\u00e9e\" \/>\n\t<meta name=\"twitter:data1\" content=\"1 minute\" \/>\n<script type=\"application\/ld+json\" class=\"yoast-schema-graph\">{\"@context\":\"https:\/\/schema.org\",\"@graph\":[{\"@type\":\"WebPage\",\"@id\":\"https:\/\/hubsch-interior.com\/fr\/produit\/wally-applique-murale-vert\/\",\"url\":\"https:\/\/hubsch-interior.com\/fr\/produit\/wally-applique-murale-vert\/\",\"name\":\"Wally Applique murale Vert - H\u00fcbsch\",\"isPartOf\":{\"@id\":\"https:\/\/hubsch-interior.com\/fr\/#website\"},\"primaryImageOfPage\":{\"@id\":\"https:\/\/hubsch-interior.com\/fr\/produit\/wally-applique-murale-vert\/#primaryimage\"},\"image\":{\"@id\":\"https:\/\/hubsch-interior.com\/fr\/produit\/wally-applique-murale-vert\/#primaryimage\"},\"thumbnailUrl\":\"https:\/\/hubsch-interior.com\/wp-content\/uploads\/2026\/02\/wally-wall-light-green-58328fcc16f791bf52c7d8a06781eea3.jpg\",\"datePublished\":\"2024-01-29T08:32:44+00:00\",\"dateModified\":\"2026-04-09T03:03:38+00:00\",\"description\":\"D\u00e9couvrez la Wally applique murale, la lampe parfaite pour votre coin lecture. Disponible en deux variantes \u00e9poustouflantes, l'abat-jour vert de celle-ci\",\"breadcrumb\":{\"@id\":\"https:\/\/hubsch-interior.com\/fr\/produit\/wally-applique-murale-vert\/#breadcrumb\"},\"inLanguage\":\"fr-FR\",\"potentialAction\":[{\"@type\":\"ReadAction\",\"target\":[\"https:\/\/hubsch-interior.com\/fr\/produit\/wally-applique-murale-vert\/\"]}]},{\"@type\":\"ImageObject\",\"inLanguage\":\"fr-FR\",\"@id\":\"https:\/\/hubsch-interior.com\/fr\/produit\/wally-applique-murale-vert\/#primaryimage\",\"url\":\"https:\/\/hubsch-interior.com\/wp-content\/uploads\/2026\/02\/wally-wall-light-green-58328fcc16f791bf52c7d8a06781eea3.jpg\",\"contentUrl\":\"https:\/\/hubsch-interior.com\/wp-content\/uploads\/2026\/02\/wally-wall-light-green-58328fcc16f791bf52c7d8a06781eea3.jpg\",\"width\":1024,\"height\":1024},{\"@type\":\"BreadcrumbList\",\"@id\":\"https:\/\/hubsch-interior.com\/fr\/produit\/wally-applique-murale-vert\/#breadcrumb\",\"itemListElement\":[{\"@type\":\"ListItem\",\"position\":1,\"name\":\"Page d'accueil\",\"item\":\"https:\/\/hubsch-interior.com\/fr\/\"},{\"@type\":\"ListItem\",\"position\":2,\"name\":\"Produits\",\"item\":\"https:\/\/hubsch-interior.com\/fr\/shop-2\/\"},{\"@type\":\"ListItem\",\"position\":3,\"name\":\"Luminaires\",\"item\":\"https:\/\/hubsch-interior.com\/fr\/categorie-produit\/luminaires\/\"},{\"@type\":\"ListItem\",\"position\":4,\"name\":\"Appliques murales\",\"item\":\"https:\/\/hubsch-interior.com\/fr\/categorie-produit\/luminaires\/appliques-murales-fr\/\"},{\"@type\":\"ListItem\",\"position\":5,\"name\":\"Wally Applique murale Vert\"}]},{\"@type\":\"WebSite\",\"@id\":\"https:\/\/hubsch-interior.com\/fr\/#website\",\"url\":\"https:\/\/hubsch-interior.com\/fr\/\",\"name\":\"H\u00fcbsch\",\"description\":\"Danish Home Interior and Design\",\"publisher\":{\"@id\":\"https:\/\/hubsch-interior.com\/fr\/#organization\"},\"potentialAction\":[{\"@type\":\"SearchAction\",\"target\":{\"@type\":\"EntryPoint\",\"urlTemplate\":\"https:\/\/hubsch-interior.com\/fr\/?s={search_term_string}\"},\"query-input\":{\"@type\":\"PropertyValueSpecification\",\"valueRequired\":true,\"valueName\":\"search_term_string\"}}],\"inLanguage\":\"fr-FR\"},{\"@type\":\"Organization\",\"@id\":\"https:\/\/hubsch-interior.com\/fr\/#organization\",\"name\":\"H\u00fcbsch\",\"url\":\"https:\/\/hubsch-interior.com\/fr\/\",\"logo\":{\"@type\":\"ImageObject\",\"inLanguage\":\"fr-FR\",\"@id\":\"https:\/\/hubsch-interior.com\/fr\/#\/schema\/logo\/image\/\",\"url\":\"https:\/\/hubsch-interior.com\/wp-content\/uploads\/2022\/12\/Hubsch_logo_black_one_line.svg\",\"contentUrl\":\"https:\/\/hubsch-interior.com\/wp-content\/uploads\/2022\/12\/Hubsch_logo_black_one_line.svg\",\"caption\":\"H\u00fcbsch\"},\"image\":{\"@id\":\"https:\/\/hubsch-interior.com\/fr\/#\/schema\/logo\/image\/\"}}]}<\/script>\n<!-- \/ Yoast SEO plugin. -->","yoast_head_json":{"title":"Wally Applique murale Vert - H\u00fcbsch","description":"D\u00e9couvrez la Wally applique murale, la lampe parfaite pour votre coin lecture. Disponible en deux variantes \u00e9poustouflantes, l'abat-jour vert de celle-ci","robots":{"index":"index","follow":"follow","max-snippet":"max-snippet:-1","max-image-preview":"max-image-preview:large","max-video-preview":"max-video-preview:-1"},"canonical":"https:\/\/hubsch-interior.com\/fr\/wp-json\/wp\/v2\/product\/977711","og_locale":"fr_FR","og_type":"article","og_title":"Wally Applique murale Vert - H\u00fcbsch","og_description":"D\u00e9couvrez la Wally applique murale, la lampe parfaite pour votre coin lecture. Disponible en deux variantes \u00e9poustouflantes, l'abat-jour vert de celle-ci","og_url":"https:\/\/hubsch-interior.com\/fr\/produit\/wally-applique-murale-vert\/","og_site_name":"H\u00fcbsch","article_modified_time":"2026-04-09T03:03:38+00:00","og_image":[{"width":1200,"height":1200,"url":"https:\/\/hubsch-interior.com\/wp-content\/uploads\/2024\/01\/wally-wall-light-green-3b0ab1007c0fa95dbbad0b57b3f6dbc7.jpg","type":"image\/jpeg"}],"twitter_card":"summary_large_image","twitter_misc":{"Dur\u00e9e de lecture estim\u00e9e":"1 minute"},"schema":{"@context":"https:\/\/schema.org","@graph":[{"@type":"WebPage","@id":"https:\/\/hubsch-interior.com\/fr\/produit\/wally-applique-murale-vert\/","url":"https:\/\/hubsch-interior.com\/fr\/produit\/wally-applique-murale-vert\/","name":"Wally Applique murale Vert - H\u00fcbsch","isPartOf":{"@id":"https:\/\/hubsch-interior.com\/fr\/#website"},"primaryImageOfPage":{"@id":"https:\/\/hubsch-interior.com\/fr\/produit\/wally-applique-murale-vert\/#primaryimage"},"image":{"@id":"https:\/\/hubsch-interior.com\/fr\/produit\/wally-applique-murale-vert\/#primaryimage"},"thumbnailUrl":"https:\/\/hubsch-interior.com\/wp-content\/uploads\/2026\/02\/wally-wall-light-green-58328fcc16f791bf52c7d8a06781eea3.jpg","datePublished":"2024-01-29T08:32:44+00:00","dateModified":"2026-04-09T03:03:38+00:00","description":"D\u00e9couvrez la Wally applique murale, la lampe parfaite pour votre coin lecture. Disponible en deux variantes \u00e9poustouflantes, l'abat-jour vert de celle-ci","breadcrumb":{"@id":"https:\/\/hubsch-interior.com\/fr\/produit\/wally-applique-murale-vert\/#breadcrumb"},"inLanguage":"fr-FR","potentialAction":[{"@type":"ReadAction","target":["https:\/\/hubsch-interior.com\/fr\/produit\/wally-applique-murale-vert\/"]}]},{"@type":"ImageObject","inLanguage":"fr-FR","@id":"https:\/\/hubsch-interior.com\/fr\/produit\/wally-applique-murale-vert\/#primaryimage","url":"https:\/\/hubsch-interior.com\/wp-content\/uploads\/2026\/02\/wally-wall-light-green-58328fcc16f791bf52c7d8a06781eea3.jpg","contentUrl":"https:\/\/hubsch-interior.com\/wp-content\/uploads\/2026\/02\/wally-wall-light-green-58328fcc16f791bf52c7d8a06781eea3.jpg","width":1024,"height":1024},{"@type":"BreadcrumbList","@id":"https:\/\/hubsch-interior.com\/fr\/produit\/wally-applique-murale-vert\/#breadcrumb","itemListElement":[{"@type":"ListItem","position":1,"name":"Page d'accueil","item":"https:\/\/hubsch-interior.com\/fr\/"},{"@type":"ListItem","position":2,"name":"Produits","item":"https:\/\/hubsch-interior.com\/fr\/shop-2\/"},{"@type":"ListItem","position":3,"name":"Luminaires","item":"https:\/\/hubsch-interior.com\/fr\/categorie-produit\/luminaires\/"},{"@type":"ListItem","position":4,"name":"Appliques murales","item":"https:\/\/hubsch-interior.com\/fr\/categorie-produit\/luminaires\/appliques-murales-fr\/"},{"@type":"ListItem","position":5,"name":"Wally Applique murale Vert"}]},{"@type":"WebSite","@id":"https:\/\/hubsch-interior.com\/fr\/#website","url":"https:\/\/hubsch-interior.com\/fr\/","name":"H\u00fcbsch","description":"Danish Home Interior and Design","publisher":{"@id":"https:\/\/hubsch-interior.com\/fr\/#organization"},"potentialAction":[{"@type":"SearchAction","target":{"@type":"EntryPoint","urlTemplate":"https:\/\/hubsch-interior.com\/fr\/?s={search_term_string}"},"query-input":{"@type":"PropertyValueSpecification","valueRequired":true,"valueName":"search_term_string"}}],"inLanguage":"fr-FR"},{"@type":"Organization","@id":"https:\/\/hubsch-interior.com\/fr\/#organization","name":"H\u00fcbsch","url":"https:\/\/hubsch-interior.com\/fr\/","logo":{"@type":"ImageObject","inLanguage":"fr-FR","@id":"https:\/\/hubsch-interior.com\/fr\/#\/schema\/logo\/image\/","url":"https:\/\/hubsch-interior.com\/wp-content\/uploads\/2022\/12\/Hubsch_logo_black_one_line.svg","contentUrl":"https:\/\/hubsch-interior.com\/wp-content\/uploads\/2022\/12\/Hubsch_logo_black_one_line.svg","caption":"H\u00fcbsch"},"image":{"@id":"https:\/\/hubsch-interior.com\/fr\/#\/schema\/logo\/image\/"}}]}},"_links":{"self":[{"href":"https:\/\/hubsch-interior.com\/fr\/wp-json\/wp\/v2\/product\/977711","targetHints":{"allow":["GET"]}}],"collection":[{"href":"https:\/\/hubsch-interior.com\/fr\/wp-json\/wp\/v2\/product"}],"about":[{"href":"https:\/\/hubsch-interior.com\/fr\/wp-json\/wp\/v2\/types\/product"}],"wp:featuredmedia":[{"embeddable":true,"href":"https:\/\/hubsch-interior.com\/fr\/wp-json\/wp\/v2\/media\/1106895"}],"wp:attachment":[{"href":"https:\/\/hubsch-interior.com\/fr\/wp-json\/wp\/v2\/media?parent=977711"}],"wp:term":[{"taxonomy":"product_brand","embeddable":true,"href":"https:\/\/hubsch-interior.com\/fr\/wp-json\/wp\/v2\/product_brand?post=977711"},{"taxonomy":"product_cat","embeddable":true,"href":"https:\/\/hubsch-interior.com\/fr\/wp-json\/wp\/v2\/product_cat?post=977711"},{"taxonomy":"product_tag","embeddable":true,"href":"https:\/\/hubsch-interior.com\/fr\/wp-json\/wp\/v2\/product_tag?post=977711"}],"curies":[{"name":"wp","href":"https:\/\/api.w.org\/{rel}","templated":true}]}}