{"id":977739,"date":"2024-01-29T09:32:57","date_gmt":"2024-01-29T08:32:57","guid":{"rendered":"https:\/\/hubsch-interior.com\/product\/product\/"},"modified":"2026-04-11T05:00:25","modified_gmt":"2026-04-11T03:00:25","slug":"apollo-pendule-sable-orange","status":"publish","type":"product","link":"https:\/\/hubsch-interior.com\/fr\/produit\/apollo-pendule-sable-orange\/","title":{"rendered":"Apollo Pendule Sable\/Orange"},"content":{"rendered":"<p>Rehaussez votre espace avec la magnifique Apollo Pendule. Cette pi\u00e8ce remarquable se distingue par un m\u00e9lange de mat\u00e9riaux, avec un abat-jour en verre \u00e9l\u00e9gant et un robuste cadre en m\u00e9tal. Les tons subtils de sable et d&#8217;orange cr\u00e9ent une ambiance chaleureuse et accueillante, tandis que le design g\u00e9om\u00e9trique apporte une touche de modernit\u00e9. Que ce soit dans une salle \u00e0 manger, un salon ou une chambre \u00e0 coucher, la Apollo Pendule ajoutera une touche unique et \u00e9l\u00e9gante \u00e0 n&#8217;importe quelle pi\u00e8ce. Adoptez l&#8217;\u00e9quilibre parfait entre sophistication et espi\u00e8glerie avec cette pendule unique en son genre.<\/p>\n","protected":false},"excerpt":{"rendered":"<p>Rehaussez votre espace avec la magnifique Apollo Pendule. Cette pi\u00e8ce remarquable se distingue par un m\u00e9lange de mat\u00e9riaux, avec un abat-jour en verre \u00e9l\u00e9gant et un robuste cadre en m\u00e9tal. Les tons subtils de sable et d&#8217;orange cr\u00e9ent une ambiance chaleureuse et accueillante, tandis que le design g\u00e9om\u00e9trique apporte une touche de modernit\u00e9. Que ce [&hellip;]<\/p>\n","protected":false},"featured_media":1106903,"template":"","meta":{"_acf_changed":false,"inline_featured_image":false},"product_brand":[],"product_cat":[6900,6882,3810,4147,5026],"product_tag":[],"class_list":{"0":"post-977739","1":"product","2":"type-product","3":"status-publish","4":"has-post-thumbnail","6":"product_cat-eclairage-fonctionnel-fr","7":"product_cat-elevating-nostalgia-fr","8":"product_cat-luminaires","9":"product_cat-suspensions-fr","10":"product_cat-bestsellers-fr","11":"product_shipping_class-pk","13":"pa_color-orange-fr","14":"pa_color-sable","15":"pa_material-fer-fr","16":"pa_material-verre-fr","18":"first","19":"instock","20":"featured","21":"taxable","22":"shipping-taxable","23":"purchasable","24":"product-type-simple"},"exclude_global_add_ons":[],"addons":[],"acf":[],"yoast_head":"<!-- This site is optimized with the Yoast SEO plugin v26.4 - https:\/\/yoast.com\/wordpress\/plugins\/seo\/ -->\n<title>Apollo Pendule Sable\/Orange - H\u00fcbsch<\/title>\n<meta name=\"description\" content=\"Rehaussez votre espace avec la magnifique Apollo Pendule. Cette pi\u00e8ce remarquable se distingue par un m\u00e9lange de mat\u00e9riaux, avec un abat-jour en verre\" \/>\n<meta name=\"robots\" content=\"index, follow, max-snippet:-1, max-image-preview:large, max-video-preview:-1\" \/>\n<link rel=\"canonical\" href=\"https:\/\/hubsch-interior.com\/fr\/wp-json\/wp\/v2\/product\/977739\" \/>\n<meta property=\"og:locale\" content=\"fr_FR\" \/>\n<meta property=\"og:type\" content=\"article\" \/>\n<meta property=\"og:title\" content=\"Apollo Pendule Sable\/Orange - H\u00fcbsch\" \/>\n<meta property=\"og:description\" content=\"Rehaussez votre espace avec la magnifique Apollo Pendule. Cette pi\u00e8ce remarquable se distingue par un m\u00e9lange de mat\u00e9riaux, avec un abat-jour en verre\" \/>\n<meta property=\"og:url\" content=\"https:\/\/hubsch-interior.com\/fr\/produit\/apollo-pendule-sable-orange\/\" \/>\n<meta property=\"og:site_name\" content=\"H\u00fcbsch\" \/>\n<meta property=\"article:modified_time\" content=\"2026-04-11T03:00:25+00:00\" \/>\n<meta property=\"og:image\" content=\"https:\/\/hubsch-interior.com\/wp-content\/uploads\/2024\/01\/apollo-pendant-sandorange-e751dd4518ca78d461488950b305d4e2.jpg\" \/>\n\t<meta property=\"og:image:width\" content=\"1200\" \/>\n\t<meta property=\"og:image:height\" content=\"1200\" \/>\n\t<meta property=\"og:image:type\" content=\"image\/jpeg\" \/>\n<meta name=\"twitter:card\" content=\"summary_large_image\" \/>\n<meta name=\"twitter:label1\" content=\"Dur\u00e9e de lecture estim\u00e9e\" \/>\n\t<meta name=\"twitter:data1\" content=\"1 minute\" \/>\n<script type=\"application\/ld+json\" class=\"yoast-schema-graph\">{\"@context\":\"https:\/\/schema.org\",\"@graph\":[{\"@type\":\"WebPage\",\"@id\":\"https:\/\/hubsch-interior.com\/fr\/produit\/apollo-pendule-sable-orange\/\",\"url\":\"https:\/\/hubsch-interior.com\/fr\/produit\/apollo-pendule-sable-orange\/\",\"name\":\"Apollo Pendule Sable\/Orange - H\u00fcbsch\",\"isPartOf\":{\"@id\":\"https:\/\/hubsch-interior.com\/fr\/#website\"},\"primaryImageOfPage\":{\"@id\":\"https:\/\/hubsch-interior.com\/fr\/produit\/apollo-pendule-sable-orange\/#primaryimage\"},\"image\":{\"@id\":\"https:\/\/hubsch-interior.com\/fr\/produit\/apollo-pendule-sable-orange\/#primaryimage\"},\"thumbnailUrl\":\"https:\/\/hubsch-interior.com\/wp-content\/uploads\/2026\/02\/apollo-pendant-sandorange-5955541d11c296cde44581ad2e4825bc.jpg\",\"datePublished\":\"2024-01-29T08:32:57+00:00\",\"dateModified\":\"2026-04-11T03:00:25+00:00\",\"description\":\"Rehaussez votre espace avec la magnifique Apollo Pendule. Cette pi\u00e8ce remarquable se distingue par un m\u00e9lange de mat\u00e9riaux, avec un abat-jour en verre\",\"breadcrumb\":{\"@id\":\"https:\/\/hubsch-interior.com\/fr\/produit\/apollo-pendule-sable-orange\/#breadcrumb\"},\"inLanguage\":\"fr-FR\",\"potentialAction\":[{\"@type\":\"ReadAction\",\"target\":[\"https:\/\/hubsch-interior.com\/fr\/produit\/apollo-pendule-sable-orange\/\"]}]},{\"@type\":\"ImageObject\",\"inLanguage\":\"fr-FR\",\"@id\":\"https:\/\/hubsch-interior.com\/fr\/produit\/apollo-pendule-sable-orange\/#primaryimage\",\"url\":\"https:\/\/hubsch-interior.com\/wp-content\/uploads\/2026\/02\/apollo-pendant-sandorange-5955541d11c296cde44581ad2e4825bc.jpg\",\"contentUrl\":\"https:\/\/hubsch-interior.com\/wp-content\/uploads\/2026\/02\/apollo-pendant-sandorange-5955541d11c296cde44581ad2e4825bc.jpg\",\"width\":1024,\"height\":1024},{\"@type\":\"BreadcrumbList\",\"@id\":\"https:\/\/hubsch-interior.com\/fr\/produit\/apollo-pendule-sable-orange\/#breadcrumb\",\"itemListElement\":[{\"@type\":\"ListItem\",\"position\":1,\"name\":\"Page d'accueil\",\"item\":\"https:\/\/hubsch-interior.com\/fr\/\"},{\"@type\":\"ListItem\",\"position\":2,\"name\":\"Produits\",\"item\":\"https:\/\/hubsch-interior.com\/fr\/shop-2\/\"},{\"@type\":\"ListItem\",\"position\":3,\"name\":\"Luminaires\",\"item\":\"https:\/\/hubsch-interior.com\/fr\/categorie-produit\/luminaires\/\"},{\"@type\":\"ListItem\",\"position\":4,\"name\":\"Suspensions\",\"item\":\"https:\/\/hubsch-interior.com\/fr\/categorie-produit\/luminaires\/suspensions-fr\/\"},{\"@type\":\"ListItem\",\"position\":5,\"name\":\"Apollo Pendule Sable\/Orange\"}]},{\"@type\":\"WebSite\",\"@id\":\"https:\/\/hubsch-interior.com\/fr\/#website\",\"url\":\"https:\/\/hubsch-interior.com\/fr\/\",\"name\":\"H\u00fcbsch\",\"description\":\"Danish Home Interior and Design\",\"publisher\":{\"@id\":\"https:\/\/hubsch-interior.com\/fr\/#organization\"},\"potentialAction\":[{\"@type\":\"SearchAction\",\"target\":{\"@type\":\"EntryPoint\",\"urlTemplate\":\"https:\/\/hubsch-interior.com\/fr\/?s={search_term_string}\"},\"query-input\":{\"@type\":\"PropertyValueSpecification\",\"valueRequired\":true,\"valueName\":\"search_term_string\"}}],\"inLanguage\":\"fr-FR\"},{\"@type\":\"Organization\",\"@id\":\"https:\/\/hubsch-interior.com\/fr\/#organization\",\"name\":\"H\u00fcbsch\",\"url\":\"https:\/\/hubsch-interior.com\/fr\/\",\"logo\":{\"@type\":\"ImageObject\",\"inLanguage\":\"fr-FR\",\"@id\":\"https:\/\/hubsch-interior.com\/fr\/#\/schema\/logo\/image\/\",\"url\":\"https:\/\/hubsch-interior.com\/wp-content\/uploads\/2022\/12\/Hubsch_logo_black_one_line.svg\",\"contentUrl\":\"https:\/\/hubsch-interior.com\/wp-content\/uploads\/2022\/12\/Hubsch_logo_black_one_line.svg\",\"caption\":\"H\u00fcbsch\"},\"image\":{\"@id\":\"https:\/\/hubsch-interior.com\/fr\/#\/schema\/logo\/image\/\"}}]}<\/script>\n<!-- \/ Yoast SEO plugin. -->","yoast_head_json":{"title":"Apollo Pendule Sable\/Orange - H\u00fcbsch","description":"Rehaussez votre espace avec la magnifique Apollo Pendule. Cette pi\u00e8ce remarquable se distingue par un m\u00e9lange de mat\u00e9riaux, avec un abat-jour en verre","robots":{"index":"index","follow":"follow","max-snippet":"max-snippet:-1","max-image-preview":"max-image-preview:large","max-video-preview":"max-video-preview:-1"},"canonical":"https:\/\/hubsch-interior.com\/fr\/wp-json\/wp\/v2\/product\/977739","og_locale":"fr_FR","og_type":"article","og_title":"Apollo Pendule Sable\/Orange - H\u00fcbsch","og_description":"Rehaussez votre espace avec la magnifique Apollo Pendule. Cette pi\u00e8ce remarquable se distingue par un m\u00e9lange de mat\u00e9riaux, avec un abat-jour en verre","og_url":"https:\/\/hubsch-interior.com\/fr\/produit\/apollo-pendule-sable-orange\/","og_site_name":"H\u00fcbsch","article_modified_time":"2026-04-11T03:00:25+00:00","og_image":[{"width":1200,"height":1200,"url":"https:\/\/hubsch-interior.com\/wp-content\/uploads\/2024\/01\/apollo-pendant-sandorange-e751dd4518ca78d461488950b305d4e2.jpg","type":"image\/jpeg"}],"twitter_card":"summary_large_image","twitter_misc":{"Dur\u00e9e de lecture estim\u00e9e":"1 minute"},"schema":{"@context":"https:\/\/schema.org","@graph":[{"@type":"WebPage","@id":"https:\/\/hubsch-interior.com\/fr\/produit\/apollo-pendule-sable-orange\/","url":"https:\/\/hubsch-interior.com\/fr\/produit\/apollo-pendule-sable-orange\/","name":"Apollo Pendule Sable\/Orange - H\u00fcbsch","isPartOf":{"@id":"https:\/\/hubsch-interior.com\/fr\/#website"},"primaryImageOfPage":{"@id":"https:\/\/hubsch-interior.com\/fr\/produit\/apollo-pendule-sable-orange\/#primaryimage"},"image":{"@id":"https:\/\/hubsch-interior.com\/fr\/produit\/apollo-pendule-sable-orange\/#primaryimage"},"thumbnailUrl":"https:\/\/hubsch-interior.com\/wp-content\/uploads\/2026\/02\/apollo-pendant-sandorange-5955541d11c296cde44581ad2e4825bc.jpg","datePublished":"2024-01-29T08:32:57+00:00","dateModified":"2026-04-11T03:00:25+00:00","description":"Rehaussez votre espace avec la magnifique Apollo Pendule. Cette pi\u00e8ce remarquable se distingue par un m\u00e9lange de mat\u00e9riaux, avec un abat-jour en verre","breadcrumb":{"@id":"https:\/\/hubsch-interior.com\/fr\/produit\/apollo-pendule-sable-orange\/#breadcrumb"},"inLanguage":"fr-FR","potentialAction":[{"@type":"ReadAction","target":["https:\/\/hubsch-interior.com\/fr\/produit\/apollo-pendule-sable-orange\/"]}]},{"@type":"ImageObject","inLanguage":"fr-FR","@id":"https:\/\/hubsch-interior.com\/fr\/produit\/apollo-pendule-sable-orange\/#primaryimage","url":"https:\/\/hubsch-interior.com\/wp-content\/uploads\/2026\/02\/apollo-pendant-sandorange-5955541d11c296cde44581ad2e4825bc.jpg","contentUrl":"https:\/\/hubsch-interior.com\/wp-content\/uploads\/2026\/02\/apollo-pendant-sandorange-5955541d11c296cde44581ad2e4825bc.jpg","width":1024,"height":1024},{"@type":"BreadcrumbList","@id":"https:\/\/hubsch-interior.com\/fr\/produit\/apollo-pendule-sable-orange\/#breadcrumb","itemListElement":[{"@type":"ListItem","position":1,"name":"Page d'accueil","item":"https:\/\/hubsch-interior.com\/fr\/"},{"@type":"ListItem","position":2,"name":"Produits","item":"https:\/\/hubsch-interior.com\/fr\/shop-2\/"},{"@type":"ListItem","position":3,"name":"Luminaires","item":"https:\/\/hubsch-interior.com\/fr\/categorie-produit\/luminaires\/"},{"@type":"ListItem","position":4,"name":"Suspensions","item":"https:\/\/hubsch-interior.com\/fr\/categorie-produit\/luminaires\/suspensions-fr\/"},{"@type":"ListItem","position":5,"name":"Apollo Pendule Sable\/Orange"}]},{"@type":"WebSite","@id":"https:\/\/hubsch-interior.com\/fr\/#website","url":"https:\/\/hubsch-interior.com\/fr\/","name":"H\u00fcbsch","description":"Danish Home Interior and Design","publisher":{"@id":"https:\/\/hubsch-interior.com\/fr\/#organization"},"potentialAction":[{"@type":"SearchAction","target":{"@type":"EntryPoint","urlTemplate":"https:\/\/hubsch-interior.com\/fr\/?s={search_term_string}"},"query-input":{"@type":"PropertyValueSpecification","valueRequired":true,"valueName":"search_term_string"}}],"inLanguage":"fr-FR"},{"@type":"Organization","@id":"https:\/\/hubsch-interior.com\/fr\/#organization","name":"H\u00fcbsch","url":"https:\/\/hubsch-interior.com\/fr\/","logo":{"@type":"ImageObject","inLanguage":"fr-FR","@id":"https:\/\/hubsch-interior.com\/fr\/#\/schema\/logo\/image\/","url":"https:\/\/hubsch-interior.com\/wp-content\/uploads\/2022\/12\/Hubsch_logo_black_one_line.svg","contentUrl":"https:\/\/hubsch-interior.com\/wp-content\/uploads\/2022\/12\/Hubsch_logo_black_one_line.svg","caption":"H\u00fcbsch"},"image":{"@id":"https:\/\/hubsch-interior.com\/fr\/#\/schema\/logo\/image\/"}}]}},"_links":{"self":[{"href":"https:\/\/hubsch-interior.com\/fr\/wp-json\/wp\/v2\/product\/977739","targetHints":{"allow":["GET"]}}],"collection":[{"href":"https:\/\/hubsch-interior.com\/fr\/wp-json\/wp\/v2\/product"}],"about":[{"href":"https:\/\/hubsch-interior.com\/fr\/wp-json\/wp\/v2\/types\/product"}],"wp:featuredmedia":[{"embeddable":true,"href":"https:\/\/hubsch-interior.com\/fr\/wp-json\/wp\/v2\/media\/1106903"}],"wp:attachment":[{"href":"https:\/\/hubsch-interior.com\/fr\/wp-json\/wp\/v2\/media?parent=977739"}],"wp:term":[{"taxonomy":"product_brand","embeddable":true,"href":"https:\/\/hubsch-interior.com\/fr\/wp-json\/wp\/v2\/product_brand?post=977739"},{"taxonomy":"product_cat","embeddable":true,"href":"https:\/\/hubsch-interior.com\/fr\/wp-json\/wp\/v2\/product_cat?post=977739"},{"taxonomy":"product_tag","embeddable":true,"href":"https:\/\/hubsch-interior.com\/fr\/wp-json\/wp\/v2\/product_tag?post=977739"}],"curies":[{"name":"wp","href":"https:\/\/api.w.org\/{rel}","templated":true}]}}