{"id":977763,"date":"2024-01-29T09:33:19","date_gmt":"2024-01-29T08:33:19","guid":{"rendered":"https:\/\/hubsch-interior.com\/product\/product\/"},"modified":"2026-04-06T05:00:54","modified_gmt":"2026-04-06T03:00:54","slug":"crea-applique-murale-sable","status":"publish","type":"product","link":"https:\/\/hubsch-interior.com\/fr\/produit\/crea-applique-murale-sable\/","title":{"rendered":"Crea Applique murale Sable"},"content":{"rendered":"<p>D\u00e9couvrez la Crea applique murale, un ajout intelligent et fonctionnel \u00e0 vos besoins en \u00e9clairage domestique. Disponible en deux diff\u00e9rentes variantes, celle-ci pr\u00e9sente une \u00e9l\u00e9gante couleur sable qui s&#8217;harmonisera avec tout design int\u00e9rieur. Fabriqu\u00e9e en acrylique et en m\u00e9tal de haute qualit\u00e9, cette lampe de table compacte est non seulement durable, mais elle poss\u00e8de \u00e9galement une forme g\u00e9om\u00e9trique \u00e9l\u00e9gante. L&#8217;abat-jour peut \u00eatre ajust\u00e9 dans n&#8217;importe quelle direction pour r\u00e9pondre \u00e0 vos pr\u00e9f\u00e9rences en mati\u00e8re d&#8217;\u00e9clairage, et le cordon orange ajoute une touche de couleur \u00e0 votre espace. Faisant partie de la s\u00e9rie Crea, cette applique murale est parfaite comme lampe de chevet, avec son bouton pivotant qui vous permet d&#8217;augmenter ou de diminuer la lumi\u00e8re selon vos envies.<\/p>\n","protected":false},"excerpt":{"rendered":"<p>D\u00e9couvrez la Crea applique murale, un ajout intelligent et fonctionnel \u00e0 vos besoins en \u00e9clairage domestique. Disponible en deux diff\u00e9rentes variantes, celle-ci pr\u00e9sente une \u00e9l\u00e9gante couleur sable qui s&#8217;harmonisera avec tout design int\u00e9rieur. Fabriqu\u00e9e en acrylique et en m\u00e9tal de haute qualit\u00e9, cette lampe de table compacte est non seulement durable, mais elle poss\u00e8de \u00e9galement [&hellip;]<\/p>\n","protected":false},"featured_media":1114532,"template":"","meta":{"_acf_changed":false,"inline_featured_image":false},"product_brand":[],"product_cat":[6900,3407,6882,3810],"product_tag":[],"class_list":{"0":"post-977763","1":"product","2":"type-product","3":"status-publish","4":"has-post-thumbnail","6":"product_cat-eclairage-fonctionnel-fr","7":"product_cat-appliques-murales-fr","8":"product_cat-elevating-nostalgia-fr","9":"product_cat-luminaires","10":"product_shipping_class-pk","12":"pa_color-sable","13":"pa_material-fer-fr","14":"pa_material-polycarbonate-2","16":"first","17":"instock","18":"taxable","19":"shipping-taxable","20":"purchasable","21":"product-type-simple"},"exclude_global_add_ons":[],"addons":[],"acf":[],"yoast_head":"<!-- This site is optimized with the Yoast SEO plugin v26.4 - https:\/\/yoast.com\/wordpress\/plugins\/seo\/ -->\n<title>Crea Applique murale Sable - H\u00fcbsch<\/title>\n<meta name=\"description\" content=\"D\u00e9couvrez la Crea applique murale, un ajout intelligent et fonctionnel \u00e0 vos besoins en \u00e9clairage domestique. Disponible en deux diff\u00e9rentes variantes,\" \/>\n<meta name=\"robots\" content=\"index, follow, max-snippet:-1, max-image-preview:large, max-video-preview:-1\" \/>\n<link rel=\"canonical\" href=\"https:\/\/hubsch-interior.com\/fr\/wp-json\/wp\/v2\/product\/977763\" \/>\n<meta property=\"og:locale\" content=\"fr_FR\" \/>\n<meta property=\"og:type\" content=\"article\" \/>\n<meta property=\"og:title\" content=\"Crea Applique murale Sable - H\u00fcbsch\" \/>\n<meta property=\"og:description\" content=\"D\u00e9couvrez la Crea applique murale, un ajout intelligent et fonctionnel \u00e0 vos besoins en \u00e9clairage domestique. Disponible en deux diff\u00e9rentes variantes,\" \/>\n<meta property=\"og:url\" content=\"https:\/\/hubsch-interior.com\/fr\/produit\/crea-applique-murale-sable\/\" \/>\n<meta property=\"og:site_name\" content=\"H\u00fcbsch\" \/>\n<meta property=\"article:modified_time\" content=\"2026-04-06T03:00:54+00:00\" \/>\n<meta property=\"og:image\" content=\"https:\/\/hubsch-interior.com\/wp-content\/uploads\/2024\/06\/crea-wall-light-sand-8b01a7c4db04b75bd44c05586b847b76.jpg\" \/>\n\t<meta property=\"og:image:width\" content=\"1200\" \/>\n\t<meta property=\"og:image:height\" content=\"1200\" \/>\n\t<meta property=\"og:image:type\" content=\"image\/jpeg\" \/>\n<meta name=\"twitter:card\" content=\"summary_large_image\" \/>\n<meta name=\"twitter:label1\" content=\"Dur\u00e9e de lecture estim\u00e9e\" \/>\n\t<meta name=\"twitter:data1\" content=\"1 minute\" \/>\n<script type=\"application\/ld+json\" class=\"yoast-schema-graph\">{\"@context\":\"https:\/\/schema.org\",\"@graph\":[{\"@type\":\"WebPage\",\"@id\":\"https:\/\/hubsch-interior.com\/fr\/produit\/crea-applique-murale-sable\/\",\"url\":\"https:\/\/hubsch-interior.com\/fr\/produit\/crea-applique-murale-sable\/\",\"name\":\"Crea Applique murale Sable - H\u00fcbsch\",\"isPartOf\":{\"@id\":\"https:\/\/hubsch-interior.com\/fr\/#website\"},\"primaryImageOfPage\":{\"@id\":\"https:\/\/hubsch-interior.com\/fr\/produit\/crea-applique-murale-sable\/#primaryimage\"},\"image\":{\"@id\":\"https:\/\/hubsch-interior.com\/fr\/produit\/crea-applique-murale-sable\/#primaryimage\"},\"thumbnailUrl\":\"https:\/\/hubsch-interior.com\/wp-content\/uploads\/2026\/02\/crea-wall-light-sand-a85d6ae10f3b7f2dda945d4c4cb7e911.jpg\",\"datePublished\":\"2024-01-29T08:33:19+00:00\",\"dateModified\":\"2026-04-06T03:00:54+00:00\",\"description\":\"D\u00e9couvrez la Crea applique murale, un ajout intelligent et fonctionnel \u00e0 vos besoins en \u00e9clairage domestique. Disponible en deux diff\u00e9rentes variantes,\",\"breadcrumb\":{\"@id\":\"https:\/\/hubsch-interior.com\/fr\/produit\/crea-applique-murale-sable\/#breadcrumb\"},\"inLanguage\":\"fr-FR\",\"potentialAction\":[{\"@type\":\"ReadAction\",\"target\":[\"https:\/\/hubsch-interior.com\/fr\/produit\/crea-applique-murale-sable\/\"]}]},{\"@type\":\"ImageObject\",\"inLanguage\":\"fr-FR\",\"@id\":\"https:\/\/hubsch-interior.com\/fr\/produit\/crea-applique-murale-sable\/#primaryimage\",\"url\":\"https:\/\/hubsch-interior.com\/wp-content\/uploads\/2026\/02\/crea-wall-light-sand-a85d6ae10f3b7f2dda945d4c4cb7e911.jpg\",\"contentUrl\":\"https:\/\/hubsch-interior.com\/wp-content\/uploads\/2026\/02\/crea-wall-light-sand-a85d6ae10f3b7f2dda945d4c4cb7e911.jpg\",\"width\":1024,\"height\":1024},{\"@type\":\"BreadcrumbList\",\"@id\":\"https:\/\/hubsch-interior.com\/fr\/produit\/crea-applique-murale-sable\/#breadcrumb\",\"itemListElement\":[{\"@type\":\"ListItem\",\"position\":1,\"name\":\"Page d'accueil\",\"item\":\"https:\/\/hubsch-interior.com\/fr\/\"},{\"@type\":\"ListItem\",\"position\":2,\"name\":\"Produits\",\"item\":\"https:\/\/hubsch-interior.com\/fr\/shop-2\/\"},{\"@type\":\"ListItem\",\"position\":3,\"name\":\"Luminaires\",\"item\":\"https:\/\/hubsch-interior.com\/fr\/categorie-produit\/luminaires\/\"},{\"@type\":\"ListItem\",\"position\":4,\"name\":\"Appliques murales\",\"item\":\"https:\/\/hubsch-interior.com\/fr\/categorie-produit\/luminaires\/appliques-murales-fr\/\"},{\"@type\":\"ListItem\",\"position\":5,\"name\":\"Crea Applique murale Sable\"}]},{\"@type\":\"WebSite\",\"@id\":\"https:\/\/hubsch-interior.com\/fr\/#website\",\"url\":\"https:\/\/hubsch-interior.com\/fr\/\",\"name\":\"H\u00fcbsch\",\"description\":\"Danish Home Interior and Design\",\"publisher\":{\"@id\":\"https:\/\/hubsch-interior.com\/fr\/#organization\"},\"potentialAction\":[{\"@type\":\"SearchAction\",\"target\":{\"@type\":\"EntryPoint\",\"urlTemplate\":\"https:\/\/hubsch-interior.com\/fr\/?s={search_term_string}\"},\"query-input\":{\"@type\":\"PropertyValueSpecification\",\"valueRequired\":true,\"valueName\":\"search_term_string\"}}],\"inLanguage\":\"fr-FR\"},{\"@type\":\"Organization\",\"@id\":\"https:\/\/hubsch-interior.com\/fr\/#organization\",\"name\":\"H\u00fcbsch\",\"url\":\"https:\/\/hubsch-interior.com\/fr\/\",\"logo\":{\"@type\":\"ImageObject\",\"inLanguage\":\"fr-FR\",\"@id\":\"https:\/\/hubsch-interior.com\/fr\/#\/schema\/logo\/image\/\",\"url\":\"https:\/\/hubsch-interior.com\/wp-content\/uploads\/2022\/12\/Hubsch_logo_black_one_line.svg\",\"contentUrl\":\"https:\/\/hubsch-interior.com\/wp-content\/uploads\/2022\/12\/Hubsch_logo_black_one_line.svg\",\"caption\":\"H\u00fcbsch\"},\"image\":{\"@id\":\"https:\/\/hubsch-interior.com\/fr\/#\/schema\/logo\/image\/\"}}]}<\/script>\n<!-- \/ Yoast SEO plugin. -->","yoast_head_json":{"title":"Crea Applique murale Sable - H\u00fcbsch","description":"D\u00e9couvrez la Crea applique murale, un ajout intelligent et fonctionnel \u00e0 vos besoins en \u00e9clairage domestique. Disponible en deux diff\u00e9rentes variantes,","robots":{"index":"index","follow":"follow","max-snippet":"max-snippet:-1","max-image-preview":"max-image-preview:large","max-video-preview":"max-video-preview:-1"},"canonical":"https:\/\/hubsch-interior.com\/fr\/wp-json\/wp\/v2\/product\/977763","og_locale":"fr_FR","og_type":"article","og_title":"Crea Applique murale Sable - H\u00fcbsch","og_description":"D\u00e9couvrez la Crea applique murale, un ajout intelligent et fonctionnel \u00e0 vos besoins en \u00e9clairage domestique. Disponible en deux diff\u00e9rentes variantes,","og_url":"https:\/\/hubsch-interior.com\/fr\/produit\/crea-applique-murale-sable\/","og_site_name":"H\u00fcbsch","article_modified_time":"2026-04-06T03:00:54+00:00","og_image":[{"width":1200,"height":1200,"url":"https:\/\/hubsch-interior.com\/wp-content\/uploads\/2024\/06\/crea-wall-light-sand-8b01a7c4db04b75bd44c05586b847b76.jpg","type":"image\/jpeg"}],"twitter_card":"summary_large_image","twitter_misc":{"Dur\u00e9e de lecture estim\u00e9e":"1 minute"},"schema":{"@context":"https:\/\/schema.org","@graph":[{"@type":"WebPage","@id":"https:\/\/hubsch-interior.com\/fr\/produit\/crea-applique-murale-sable\/","url":"https:\/\/hubsch-interior.com\/fr\/produit\/crea-applique-murale-sable\/","name":"Crea Applique murale Sable - H\u00fcbsch","isPartOf":{"@id":"https:\/\/hubsch-interior.com\/fr\/#website"},"primaryImageOfPage":{"@id":"https:\/\/hubsch-interior.com\/fr\/produit\/crea-applique-murale-sable\/#primaryimage"},"image":{"@id":"https:\/\/hubsch-interior.com\/fr\/produit\/crea-applique-murale-sable\/#primaryimage"},"thumbnailUrl":"https:\/\/hubsch-interior.com\/wp-content\/uploads\/2026\/02\/crea-wall-light-sand-a85d6ae10f3b7f2dda945d4c4cb7e911.jpg","datePublished":"2024-01-29T08:33:19+00:00","dateModified":"2026-04-06T03:00:54+00:00","description":"D\u00e9couvrez la Crea applique murale, un ajout intelligent et fonctionnel \u00e0 vos besoins en \u00e9clairage domestique. Disponible en deux diff\u00e9rentes variantes,","breadcrumb":{"@id":"https:\/\/hubsch-interior.com\/fr\/produit\/crea-applique-murale-sable\/#breadcrumb"},"inLanguage":"fr-FR","potentialAction":[{"@type":"ReadAction","target":["https:\/\/hubsch-interior.com\/fr\/produit\/crea-applique-murale-sable\/"]}]},{"@type":"ImageObject","inLanguage":"fr-FR","@id":"https:\/\/hubsch-interior.com\/fr\/produit\/crea-applique-murale-sable\/#primaryimage","url":"https:\/\/hubsch-interior.com\/wp-content\/uploads\/2026\/02\/crea-wall-light-sand-a85d6ae10f3b7f2dda945d4c4cb7e911.jpg","contentUrl":"https:\/\/hubsch-interior.com\/wp-content\/uploads\/2026\/02\/crea-wall-light-sand-a85d6ae10f3b7f2dda945d4c4cb7e911.jpg","width":1024,"height":1024},{"@type":"BreadcrumbList","@id":"https:\/\/hubsch-interior.com\/fr\/produit\/crea-applique-murale-sable\/#breadcrumb","itemListElement":[{"@type":"ListItem","position":1,"name":"Page d'accueil","item":"https:\/\/hubsch-interior.com\/fr\/"},{"@type":"ListItem","position":2,"name":"Produits","item":"https:\/\/hubsch-interior.com\/fr\/shop-2\/"},{"@type":"ListItem","position":3,"name":"Luminaires","item":"https:\/\/hubsch-interior.com\/fr\/categorie-produit\/luminaires\/"},{"@type":"ListItem","position":4,"name":"Appliques murales","item":"https:\/\/hubsch-interior.com\/fr\/categorie-produit\/luminaires\/appliques-murales-fr\/"},{"@type":"ListItem","position":5,"name":"Crea Applique murale Sable"}]},{"@type":"WebSite","@id":"https:\/\/hubsch-interior.com\/fr\/#website","url":"https:\/\/hubsch-interior.com\/fr\/","name":"H\u00fcbsch","description":"Danish Home Interior and Design","publisher":{"@id":"https:\/\/hubsch-interior.com\/fr\/#organization"},"potentialAction":[{"@type":"SearchAction","target":{"@type":"EntryPoint","urlTemplate":"https:\/\/hubsch-interior.com\/fr\/?s={search_term_string}"},"query-input":{"@type":"PropertyValueSpecification","valueRequired":true,"valueName":"search_term_string"}}],"inLanguage":"fr-FR"},{"@type":"Organization","@id":"https:\/\/hubsch-interior.com\/fr\/#organization","name":"H\u00fcbsch","url":"https:\/\/hubsch-interior.com\/fr\/","logo":{"@type":"ImageObject","inLanguage":"fr-FR","@id":"https:\/\/hubsch-interior.com\/fr\/#\/schema\/logo\/image\/","url":"https:\/\/hubsch-interior.com\/wp-content\/uploads\/2022\/12\/Hubsch_logo_black_one_line.svg","contentUrl":"https:\/\/hubsch-interior.com\/wp-content\/uploads\/2022\/12\/Hubsch_logo_black_one_line.svg","caption":"H\u00fcbsch"},"image":{"@id":"https:\/\/hubsch-interior.com\/fr\/#\/schema\/logo\/image\/"}}]}},"_links":{"self":[{"href":"https:\/\/hubsch-interior.com\/fr\/wp-json\/wp\/v2\/product\/977763","targetHints":{"allow":["GET"]}}],"collection":[{"href":"https:\/\/hubsch-interior.com\/fr\/wp-json\/wp\/v2\/product"}],"about":[{"href":"https:\/\/hubsch-interior.com\/fr\/wp-json\/wp\/v2\/types\/product"}],"wp:featuredmedia":[{"embeddable":true,"href":"https:\/\/hubsch-interior.com\/fr\/wp-json\/wp\/v2\/media\/1114532"}],"wp:attachment":[{"href":"https:\/\/hubsch-interior.com\/fr\/wp-json\/wp\/v2\/media?parent=977763"}],"wp:term":[{"taxonomy":"product_brand","embeddable":true,"href":"https:\/\/hubsch-interior.com\/fr\/wp-json\/wp\/v2\/product_brand?post=977763"},{"taxonomy":"product_cat","embeddable":true,"href":"https:\/\/hubsch-interior.com\/fr\/wp-json\/wp\/v2\/product_cat?post=977763"},{"taxonomy":"product_tag","embeddable":true,"href":"https:\/\/hubsch-interior.com\/fr\/wp-json\/wp\/v2\/product_tag?post=977763"}],"curies":[{"name":"wp","href":"https:\/\/api.w.org\/{rel}","templated":true}]}}