{"id":977791,"date":"2024-01-29T09:33:33","date_gmt":"2024-01-29T08:33:33","guid":{"rendered":"https:\/\/hubsch-interior.com\/product\/product\/"},"modified":"2026-04-04T05:05:21","modified_gmt":"2026-04-04T03:05:21","slug":"crea-applique-murale-marron","status":"publish","type":"product","link":"https:\/\/hubsch-interior.com\/fr\/produit\/crea-applique-murale-marron\/","title":{"rendered":"Crea Applique murale Marron"},"content":{"rendered":"<p>D\u00e9couvrez l&#8217;applique murale parfaite \u2014 la Crea applique murale, un indispensable pour votre d\u00e9coration de chambre \u00e0 coucher. Disponible en deux versions, la Crea applique murale marron est un choix compact et \u00e9l\u00e9gant pour toute maison moderne. Cette lampe intelligente et fonctionnelle est dot\u00e9e d&#8217;un bouton pivotant qui vous permet d&#8217;ajuster la lumi\u00e8re selon votre niveau d\u00e9sir\u00e9. Fabriqu\u00e9e en acrylique et en m\u00e9tal de haute qualit\u00e9, cette lampe murale de forme g\u00e9om\u00e9trique fait partie de la s\u00e9rie Crea. Son abat-jour peut \u00eatre facilement ajust\u00e9 dans n&#8217;importe quelle direction, en faisant une solution d&#8217;\u00e9clairage polyvalente et pratique pour votre chambre \u00e0 coucher.<\/p>\n","protected":false},"excerpt":{"rendered":"<p>D\u00e9couvrez l&#8217;applique murale parfaite \u2014 la Crea applique murale, un indispensable pour votre d\u00e9coration de chambre \u00e0 coucher. Disponible en deux versions, la Crea applique murale marron est un choix compact et \u00e9l\u00e9gant pour toute maison moderne. Cette lampe intelligente et fonctionnelle est dot\u00e9e d&#8217;un bouton pivotant qui vous permet d&#8217;ajuster la lumi\u00e8re selon votre [&hellip;]<\/p>\n","protected":false},"featured_media":1114548,"template":"","meta":{"_acf_changed":false,"inline_featured_image":false},"product_brand":[],"product_cat":[6900,6882,3810,3407],"product_tag":[],"class_list":{"0":"post-977791","1":"product","2":"type-product","3":"status-publish","4":"has-post-thumbnail","6":"product_cat-eclairage-fonctionnel-fr","7":"product_cat-elevating-nostalgia-fr","8":"product_cat-luminaires","9":"product_cat-appliques-murales-fr","10":"product_shipping_class-pk","12":"pa_color-marron","13":"pa_material-fer-fr","14":"pa_material-polycarbonate-2","16":"first","17":"instock","18":"taxable","19":"shipping-taxable","20":"purchasable","21":"product-type-simple"},"exclude_global_add_ons":[],"addons":[],"acf":[],"yoast_head":"<!-- This site is optimized with the Yoast SEO plugin v26.4 - https:\/\/yoast.com\/wordpress\/plugins\/seo\/ -->\n<title>Crea Applique murale Marron - H\u00fcbsch<\/title>\n<meta name=\"description\" content=\"D\u00e9couvrez l&#039;applique murale parfaite \u2014 la Crea applique murale, un indispensable pour votre d\u00e9coration de chambre \u00e0 coucher. Disponible en deux versions,\" \/>\n<meta name=\"robots\" content=\"index, follow, max-snippet:-1, max-image-preview:large, max-video-preview:-1\" \/>\n<link rel=\"canonical\" href=\"https:\/\/hubsch-interior.com\/fr\/wp-json\/wp\/v2\/product\/977791\" \/>\n<meta property=\"og:locale\" content=\"fr_FR\" \/>\n<meta property=\"og:type\" content=\"article\" \/>\n<meta property=\"og:title\" content=\"Crea Applique murale Marron - H\u00fcbsch\" \/>\n<meta property=\"og:description\" content=\"D\u00e9couvrez l&#039;applique murale parfaite \u2014 la Crea applique murale, un indispensable pour votre d\u00e9coration de chambre \u00e0 coucher. Disponible en deux versions,\" \/>\n<meta property=\"og:url\" content=\"https:\/\/hubsch-interior.com\/fr\/produit\/crea-applique-murale-marron\/\" \/>\n<meta property=\"og:site_name\" content=\"H\u00fcbsch\" \/>\n<meta property=\"article:modified_time\" content=\"2026-04-04T03:05:21+00:00\" \/>\n<meta property=\"og:image\" content=\"https:\/\/hubsch-interior.com\/wp-content\/uploads\/2024\/01\/crea-wall-light-brown-f7efb4e846f60ed9b0b7e2233c8b955d.jpg\" \/>\n\t<meta property=\"og:image:width\" content=\"1200\" \/>\n\t<meta property=\"og:image:height\" content=\"1200\" \/>\n\t<meta property=\"og:image:type\" content=\"image\/jpeg\" \/>\n<meta name=\"twitter:card\" content=\"summary_large_image\" \/>\n<meta name=\"twitter:label1\" content=\"Dur\u00e9e de lecture estim\u00e9e\" \/>\n\t<meta name=\"twitter:data1\" content=\"1 minute\" \/>\n<script type=\"application\/ld+json\" class=\"yoast-schema-graph\">{\"@context\":\"https:\/\/schema.org\",\"@graph\":[{\"@type\":\"WebPage\",\"@id\":\"https:\/\/hubsch-interior.com\/fr\/produit\/crea-applique-murale-marron\/\",\"url\":\"https:\/\/hubsch-interior.com\/fr\/produit\/crea-applique-murale-marron\/\",\"name\":\"Crea Applique murale Marron - H\u00fcbsch\",\"isPartOf\":{\"@id\":\"https:\/\/hubsch-interior.com\/fr\/#website\"},\"primaryImageOfPage\":{\"@id\":\"https:\/\/hubsch-interior.com\/fr\/produit\/crea-applique-murale-marron\/#primaryimage\"},\"image\":{\"@id\":\"https:\/\/hubsch-interior.com\/fr\/produit\/crea-applique-murale-marron\/#primaryimage\"},\"thumbnailUrl\":\"https:\/\/hubsch-interior.com\/wp-content\/uploads\/2026\/02\/crea-wall-light-brown-419147e5c69776114e1c07749d4d4e7c.jpg\",\"datePublished\":\"2024-01-29T08:33:33+00:00\",\"dateModified\":\"2026-04-04T03:05:21+00:00\",\"description\":\"D\u00e9couvrez l'applique murale parfaite \u2014 la Crea applique murale, un indispensable pour votre d\u00e9coration de chambre \u00e0 coucher. Disponible en deux versions,\",\"breadcrumb\":{\"@id\":\"https:\/\/hubsch-interior.com\/fr\/produit\/crea-applique-murale-marron\/#breadcrumb\"},\"inLanguage\":\"fr-FR\",\"potentialAction\":[{\"@type\":\"ReadAction\",\"target\":[\"https:\/\/hubsch-interior.com\/fr\/produit\/crea-applique-murale-marron\/\"]}]},{\"@type\":\"ImageObject\",\"inLanguage\":\"fr-FR\",\"@id\":\"https:\/\/hubsch-interior.com\/fr\/produit\/crea-applique-murale-marron\/#primaryimage\",\"url\":\"https:\/\/hubsch-interior.com\/wp-content\/uploads\/2026\/02\/crea-wall-light-brown-419147e5c69776114e1c07749d4d4e7c.jpg\",\"contentUrl\":\"https:\/\/hubsch-interior.com\/wp-content\/uploads\/2026\/02\/crea-wall-light-brown-419147e5c69776114e1c07749d4d4e7c.jpg\",\"width\":1024,\"height\":1024},{\"@type\":\"BreadcrumbList\",\"@id\":\"https:\/\/hubsch-interior.com\/fr\/produit\/crea-applique-murale-marron\/#breadcrumb\",\"itemListElement\":[{\"@type\":\"ListItem\",\"position\":1,\"name\":\"Page d'accueil\",\"item\":\"https:\/\/hubsch-interior.com\/fr\/\"},{\"@type\":\"ListItem\",\"position\":2,\"name\":\"Produits\",\"item\":\"https:\/\/hubsch-interior.com\/fr\/shop-2\/\"},{\"@type\":\"ListItem\",\"position\":3,\"name\":\"Luminaires\",\"item\":\"https:\/\/hubsch-interior.com\/fr\/categorie-produit\/luminaires\/\"},{\"@type\":\"ListItem\",\"position\":4,\"name\":\"Appliques murales\",\"item\":\"https:\/\/hubsch-interior.com\/fr\/categorie-produit\/luminaires\/appliques-murales-fr\/\"},{\"@type\":\"ListItem\",\"position\":5,\"name\":\"Crea Applique murale Marron\"}]},{\"@type\":\"WebSite\",\"@id\":\"https:\/\/hubsch-interior.com\/fr\/#website\",\"url\":\"https:\/\/hubsch-interior.com\/fr\/\",\"name\":\"H\u00fcbsch\",\"description\":\"Danish Home Interior and Design\",\"publisher\":{\"@id\":\"https:\/\/hubsch-interior.com\/fr\/#organization\"},\"potentialAction\":[{\"@type\":\"SearchAction\",\"target\":{\"@type\":\"EntryPoint\",\"urlTemplate\":\"https:\/\/hubsch-interior.com\/fr\/?s={search_term_string}\"},\"query-input\":{\"@type\":\"PropertyValueSpecification\",\"valueRequired\":true,\"valueName\":\"search_term_string\"}}],\"inLanguage\":\"fr-FR\"},{\"@type\":\"Organization\",\"@id\":\"https:\/\/hubsch-interior.com\/fr\/#organization\",\"name\":\"H\u00fcbsch\",\"url\":\"https:\/\/hubsch-interior.com\/fr\/\",\"logo\":{\"@type\":\"ImageObject\",\"inLanguage\":\"fr-FR\",\"@id\":\"https:\/\/hubsch-interior.com\/fr\/#\/schema\/logo\/image\/\",\"url\":\"https:\/\/hubsch-interior.com\/wp-content\/uploads\/2022\/12\/Hubsch_logo_black_one_line.svg\",\"contentUrl\":\"https:\/\/hubsch-interior.com\/wp-content\/uploads\/2022\/12\/Hubsch_logo_black_one_line.svg\",\"caption\":\"H\u00fcbsch\"},\"image\":{\"@id\":\"https:\/\/hubsch-interior.com\/fr\/#\/schema\/logo\/image\/\"}}]}<\/script>\n<!-- \/ Yoast SEO plugin. -->","yoast_head_json":{"title":"Crea Applique murale Marron - H\u00fcbsch","description":"D\u00e9couvrez l'applique murale parfaite \u2014 la Crea applique murale, un indispensable pour votre d\u00e9coration de chambre \u00e0 coucher. Disponible en deux versions,","robots":{"index":"index","follow":"follow","max-snippet":"max-snippet:-1","max-image-preview":"max-image-preview:large","max-video-preview":"max-video-preview:-1"},"canonical":"https:\/\/hubsch-interior.com\/fr\/wp-json\/wp\/v2\/product\/977791","og_locale":"fr_FR","og_type":"article","og_title":"Crea Applique murale Marron - H\u00fcbsch","og_description":"D\u00e9couvrez l'applique murale parfaite \u2014 la Crea applique murale, un indispensable pour votre d\u00e9coration de chambre \u00e0 coucher. Disponible en deux versions,","og_url":"https:\/\/hubsch-interior.com\/fr\/produit\/crea-applique-murale-marron\/","og_site_name":"H\u00fcbsch","article_modified_time":"2026-04-04T03:05:21+00:00","og_image":[{"width":1200,"height":1200,"url":"https:\/\/hubsch-interior.com\/wp-content\/uploads\/2024\/01\/crea-wall-light-brown-f7efb4e846f60ed9b0b7e2233c8b955d.jpg","type":"image\/jpeg"}],"twitter_card":"summary_large_image","twitter_misc":{"Dur\u00e9e de lecture estim\u00e9e":"1 minute"},"schema":{"@context":"https:\/\/schema.org","@graph":[{"@type":"WebPage","@id":"https:\/\/hubsch-interior.com\/fr\/produit\/crea-applique-murale-marron\/","url":"https:\/\/hubsch-interior.com\/fr\/produit\/crea-applique-murale-marron\/","name":"Crea Applique murale Marron - H\u00fcbsch","isPartOf":{"@id":"https:\/\/hubsch-interior.com\/fr\/#website"},"primaryImageOfPage":{"@id":"https:\/\/hubsch-interior.com\/fr\/produit\/crea-applique-murale-marron\/#primaryimage"},"image":{"@id":"https:\/\/hubsch-interior.com\/fr\/produit\/crea-applique-murale-marron\/#primaryimage"},"thumbnailUrl":"https:\/\/hubsch-interior.com\/wp-content\/uploads\/2026\/02\/crea-wall-light-brown-419147e5c69776114e1c07749d4d4e7c.jpg","datePublished":"2024-01-29T08:33:33+00:00","dateModified":"2026-04-04T03:05:21+00:00","description":"D\u00e9couvrez l'applique murale parfaite \u2014 la Crea applique murale, un indispensable pour votre d\u00e9coration de chambre \u00e0 coucher. Disponible en deux versions,","breadcrumb":{"@id":"https:\/\/hubsch-interior.com\/fr\/produit\/crea-applique-murale-marron\/#breadcrumb"},"inLanguage":"fr-FR","potentialAction":[{"@type":"ReadAction","target":["https:\/\/hubsch-interior.com\/fr\/produit\/crea-applique-murale-marron\/"]}]},{"@type":"ImageObject","inLanguage":"fr-FR","@id":"https:\/\/hubsch-interior.com\/fr\/produit\/crea-applique-murale-marron\/#primaryimage","url":"https:\/\/hubsch-interior.com\/wp-content\/uploads\/2026\/02\/crea-wall-light-brown-419147e5c69776114e1c07749d4d4e7c.jpg","contentUrl":"https:\/\/hubsch-interior.com\/wp-content\/uploads\/2026\/02\/crea-wall-light-brown-419147e5c69776114e1c07749d4d4e7c.jpg","width":1024,"height":1024},{"@type":"BreadcrumbList","@id":"https:\/\/hubsch-interior.com\/fr\/produit\/crea-applique-murale-marron\/#breadcrumb","itemListElement":[{"@type":"ListItem","position":1,"name":"Page d'accueil","item":"https:\/\/hubsch-interior.com\/fr\/"},{"@type":"ListItem","position":2,"name":"Produits","item":"https:\/\/hubsch-interior.com\/fr\/shop-2\/"},{"@type":"ListItem","position":3,"name":"Luminaires","item":"https:\/\/hubsch-interior.com\/fr\/categorie-produit\/luminaires\/"},{"@type":"ListItem","position":4,"name":"Appliques murales","item":"https:\/\/hubsch-interior.com\/fr\/categorie-produit\/luminaires\/appliques-murales-fr\/"},{"@type":"ListItem","position":5,"name":"Crea Applique murale Marron"}]},{"@type":"WebSite","@id":"https:\/\/hubsch-interior.com\/fr\/#website","url":"https:\/\/hubsch-interior.com\/fr\/","name":"H\u00fcbsch","description":"Danish Home Interior and Design","publisher":{"@id":"https:\/\/hubsch-interior.com\/fr\/#organization"},"potentialAction":[{"@type":"SearchAction","target":{"@type":"EntryPoint","urlTemplate":"https:\/\/hubsch-interior.com\/fr\/?s={search_term_string}"},"query-input":{"@type":"PropertyValueSpecification","valueRequired":true,"valueName":"search_term_string"}}],"inLanguage":"fr-FR"},{"@type":"Organization","@id":"https:\/\/hubsch-interior.com\/fr\/#organization","name":"H\u00fcbsch","url":"https:\/\/hubsch-interior.com\/fr\/","logo":{"@type":"ImageObject","inLanguage":"fr-FR","@id":"https:\/\/hubsch-interior.com\/fr\/#\/schema\/logo\/image\/","url":"https:\/\/hubsch-interior.com\/wp-content\/uploads\/2022\/12\/Hubsch_logo_black_one_line.svg","contentUrl":"https:\/\/hubsch-interior.com\/wp-content\/uploads\/2022\/12\/Hubsch_logo_black_one_line.svg","caption":"H\u00fcbsch"},"image":{"@id":"https:\/\/hubsch-interior.com\/fr\/#\/schema\/logo\/image\/"}}]}},"_links":{"self":[{"href":"https:\/\/hubsch-interior.com\/fr\/wp-json\/wp\/v2\/product\/977791","targetHints":{"allow":["GET"]}}],"collection":[{"href":"https:\/\/hubsch-interior.com\/fr\/wp-json\/wp\/v2\/product"}],"about":[{"href":"https:\/\/hubsch-interior.com\/fr\/wp-json\/wp\/v2\/types\/product"}],"wp:featuredmedia":[{"embeddable":true,"href":"https:\/\/hubsch-interior.com\/fr\/wp-json\/wp\/v2\/media\/1114548"}],"wp:attachment":[{"href":"https:\/\/hubsch-interior.com\/fr\/wp-json\/wp\/v2\/media?parent=977791"}],"wp:term":[{"taxonomy":"product_brand","embeddable":true,"href":"https:\/\/hubsch-interior.com\/fr\/wp-json\/wp\/v2\/product_brand?post=977791"},{"taxonomy":"product_cat","embeddable":true,"href":"https:\/\/hubsch-interior.com\/fr\/wp-json\/wp\/v2\/product_cat?post=977791"},{"taxonomy":"product_tag","embeddable":true,"href":"https:\/\/hubsch-interior.com\/fr\/wp-json\/wp\/v2\/product_tag?post=977791"}],"curies":[{"name":"wp","href":"https:\/\/api.w.org\/{rel}","templated":true}]}}