{"id":977819,"date":"2024-01-29T09:33:53","date_gmt":"2024-01-29T08:33:53","guid":{"rendered":"https:\/\/hubsch-interior.com\/product\/product\/"},"modified":"2026-04-05T05:07:24","modified_gmt":"2026-04-05T03:07:24","slug":"camp-lampe-portative-sable","status":"publish","type":"product","link":"https:\/\/hubsch-interior.com\/fr\/produit\/camp-lampe-portative-sable\/","title":{"rendered":"Camp Lampe portative Sable"},"content":{"rendered":"<p>La Camp Lampe portative est la solution d&#8217;\u00e9clairage id\u00e9ale pour une utilisation en ext\u00e9rieur comme en int\u00e9rieur. Disponible en sable, cette variante est faite de verre et de m\u00e9tal de haute qualit\u00e9, garantissant durabilit\u00e9 et \u00e9l\u00e9gance. Avec sa taille compacte, elle peut facilement se glisser dans votre sac \u00e0 dos pour toutes vos aventures. Le cordon en paracorde ajoute non seulement une touche de couleur, mais sert \u00e9galement de moyen pratique pour suspendre la lampe o\u00f9 vous le souhaitez. Gr\u00e2ce \u00e0 sa fonction d&#8217;intensit\u00e9 r\u00e9glable, vous pouvez ajuster la lumi\u00e8re selon vos pr\u00e9f\u00e9rences. De plus, la lampe est rechargeable, offrant jusqu&#8217;\u00e0 huit heures d&#8217;\u00e9clairage par charge.<\/p>\n","protected":false},"excerpt":{"rendered":"<p>La Camp Lampe portative est la solution d&#8217;\u00e9clairage id\u00e9ale pour une utilisation en ext\u00e9rieur comme en int\u00e9rieur. Disponible en sable, cette variante est faite de verre et de m\u00e9tal de haute qualit\u00e9, garantissant durabilit\u00e9 et \u00e9l\u00e9gance. Avec sa taille compacte, elle peut facilement se glisser dans votre sac \u00e0 dos pour toutes vos aventures. Le [&hellip;]<\/p>\n","protected":false},"featured_media":1106971,"template":"","meta":{"_acf_changed":false,"inline_featured_image":false},"product_brand":[],"product_cat":[6900,6882,6962,6971,6348,3810,3500,6535],"product_tag":[],"class_list":{"0":"post-977819","1":"product","2":"type-product","3":"status-publish","4":"has-post-thumbnail","6":"product_cat-eclairage-fonctionnel-fr","7":"product_cat-elevating-nostalgia-fr","8":"product_cat-lampes-portatives-fr","9":"product_cat-paques","10":"product_cat-garden-selection-fr","11":"product_cat-luminaires","12":"product_cat-lampes-a-poser-fr","13":"product_cat-outlet-fr","14":"product_shipping_class-pk","16":"pa_color-sable","17":"pa_material-fer-fr","18":"pa_material-verre-fr","20":"first","21":"instock","22":"sale","23":"taxable","24":"shipping-taxable","25":"purchasable","26":"product-type-simple"},"exclude_global_add_ons":[],"addons":[],"acf":[],"yoast_head":"<!-- This site is optimized with the Yoast SEO plugin v26.4 - https:\/\/yoast.com\/wordpress\/plugins\/seo\/ -->\n<title>Camp Lampe portative Sable - H\u00fcbsch<\/title>\n<meta name=\"description\" content=\"La Camp Lampe portative est la solution d&#039;\u00e9clairage id\u00e9ale pour une utilisation en ext\u00e9rieur comme en int\u00e9rieur. Disponible en sable, cette variante est\" \/>\n<meta name=\"robots\" content=\"index, follow, max-snippet:-1, max-image-preview:large, max-video-preview:-1\" \/>\n<link rel=\"canonical\" href=\"https:\/\/hubsch-interior.com\/fr\/wp-json\/wp\/v2\/product\/977819\" \/>\n<meta property=\"og:locale\" content=\"fr_FR\" \/>\n<meta property=\"og:type\" content=\"article\" \/>\n<meta property=\"og:title\" content=\"Camp Lampe portative Sable - H\u00fcbsch\" \/>\n<meta property=\"og:description\" content=\"La Camp Lampe portative est la solution d&#039;\u00e9clairage id\u00e9ale pour une utilisation en ext\u00e9rieur comme en int\u00e9rieur. Disponible en sable, cette variante est\" \/>\n<meta property=\"og:url\" content=\"https:\/\/hubsch-interior.com\/fr\/produit\/camp-lampe-portative-sable\/\" \/>\n<meta property=\"og:site_name\" content=\"H\u00fcbsch\" \/>\n<meta property=\"article:modified_time\" content=\"2026-04-05T03:07:24+00:00\" \/>\n<meta property=\"og:image\" content=\"https:\/\/hubsch-interior.com\/wp-content\/uploads\/2024\/05\/camp-portable-lamp-sand-35ef87cfd91e3988bca65b7eacdc1a7b.jpg\" \/>\n\t<meta property=\"og:image:width\" content=\"1200\" \/>\n\t<meta property=\"og:image:height\" content=\"1200\" \/>\n\t<meta property=\"og:image:type\" content=\"image\/jpeg\" \/>\n<meta name=\"twitter:card\" content=\"summary_large_image\" \/>\n<meta name=\"twitter:label1\" content=\"Dur\u00e9e de lecture estim\u00e9e\" \/>\n\t<meta name=\"twitter:data1\" content=\"1 minute\" \/>\n<script type=\"application\/ld+json\" class=\"yoast-schema-graph\">{\"@context\":\"https:\/\/schema.org\",\"@graph\":[{\"@type\":\"WebPage\",\"@id\":\"https:\/\/hubsch-interior.com\/fr\/produit\/camp-lampe-portative-sable\/\",\"url\":\"https:\/\/hubsch-interior.com\/fr\/produit\/camp-lampe-portative-sable\/\",\"name\":\"Camp Lampe portative Sable - H\u00fcbsch\",\"isPartOf\":{\"@id\":\"https:\/\/hubsch-interior.com\/fr\/#website\"},\"primaryImageOfPage\":{\"@id\":\"https:\/\/hubsch-interior.com\/fr\/produit\/camp-lampe-portative-sable\/#primaryimage\"},\"image\":{\"@id\":\"https:\/\/hubsch-interior.com\/fr\/produit\/camp-lampe-portative-sable\/#primaryimage\"},\"thumbnailUrl\":\"https:\/\/hubsch-interior.com\/wp-content\/uploads\/2026\/02\/camp-portable-lamp-sand-d18593dc5356a32aa60e54a96f26edad.jpg\",\"datePublished\":\"2024-01-29T08:33:53+00:00\",\"dateModified\":\"2026-04-05T03:07:24+00:00\",\"description\":\"La Camp Lampe portative est la solution d'\u00e9clairage id\u00e9ale pour une utilisation en ext\u00e9rieur comme en int\u00e9rieur. Disponible en sable, cette variante est\",\"breadcrumb\":{\"@id\":\"https:\/\/hubsch-interior.com\/fr\/produit\/camp-lampe-portative-sable\/#breadcrumb\"},\"inLanguage\":\"fr-FR\",\"potentialAction\":[{\"@type\":\"ReadAction\",\"target\":[\"https:\/\/hubsch-interior.com\/fr\/produit\/camp-lampe-portative-sable\/\"]}]},{\"@type\":\"ImageObject\",\"inLanguage\":\"fr-FR\",\"@id\":\"https:\/\/hubsch-interior.com\/fr\/produit\/camp-lampe-portative-sable\/#primaryimage\",\"url\":\"https:\/\/hubsch-interior.com\/wp-content\/uploads\/2026\/02\/camp-portable-lamp-sand-d18593dc5356a32aa60e54a96f26edad.jpg\",\"contentUrl\":\"https:\/\/hubsch-interior.com\/wp-content\/uploads\/2026\/02\/camp-portable-lamp-sand-d18593dc5356a32aa60e54a96f26edad.jpg\",\"width\":1024,\"height\":1024},{\"@type\":\"BreadcrumbList\",\"@id\":\"https:\/\/hubsch-interior.com\/fr\/produit\/camp-lampe-portative-sable\/#breadcrumb\",\"itemListElement\":[{\"@type\":\"ListItem\",\"position\":1,\"name\":\"Page d'accueil\",\"item\":\"https:\/\/hubsch-interior.com\/fr\/\"},{\"@type\":\"ListItem\",\"position\":2,\"name\":\"Produits\",\"item\":\"https:\/\/hubsch-interior.com\/fr\/shop-2\/\"},{\"@type\":\"ListItem\",\"position\":3,\"name\":\"Luminaires\",\"item\":\"https:\/\/hubsch-interior.com\/fr\/categorie-produit\/luminaires\/\"},{\"@type\":\"ListItem\",\"position\":4,\"name\":\"Lampes portatives\",\"item\":\"https:\/\/hubsch-interior.com\/fr\/categorie-produit\/luminaires\/lampes-portatives-fr\/\"},{\"@type\":\"ListItem\",\"position\":5,\"name\":\"Camp Lampe portative Sable\"}]},{\"@type\":\"WebSite\",\"@id\":\"https:\/\/hubsch-interior.com\/fr\/#website\",\"url\":\"https:\/\/hubsch-interior.com\/fr\/\",\"name\":\"H\u00fcbsch\",\"description\":\"Danish Home Interior and Design\",\"publisher\":{\"@id\":\"https:\/\/hubsch-interior.com\/fr\/#organization\"},\"potentialAction\":[{\"@type\":\"SearchAction\",\"target\":{\"@type\":\"EntryPoint\",\"urlTemplate\":\"https:\/\/hubsch-interior.com\/fr\/?s={search_term_string}\"},\"query-input\":{\"@type\":\"PropertyValueSpecification\",\"valueRequired\":true,\"valueName\":\"search_term_string\"}}],\"inLanguage\":\"fr-FR\"},{\"@type\":\"Organization\",\"@id\":\"https:\/\/hubsch-interior.com\/fr\/#organization\",\"name\":\"H\u00fcbsch\",\"url\":\"https:\/\/hubsch-interior.com\/fr\/\",\"logo\":{\"@type\":\"ImageObject\",\"inLanguage\":\"fr-FR\",\"@id\":\"https:\/\/hubsch-interior.com\/fr\/#\/schema\/logo\/image\/\",\"url\":\"https:\/\/hubsch-interior.com\/wp-content\/uploads\/2022\/12\/Hubsch_logo_black_one_line.svg\",\"contentUrl\":\"https:\/\/hubsch-interior.com\/wp-content\/uploads\/2022\/12\/Hubsch_logo_black_one_line.svg\",\"caption\":\"H\u00fcbsch\"},\"image\":{\"@id\":\"https:\/\/hubsch-interior.com\/fr\/#\/schema\/logo\/image\/\"}}]}<\/script>\n<!-- \/ Yoast SEO plugin. -->","yoast_head_json":{"title":"Camp Lampe portative Sable - H\u00fcbsch","description":"La Camp Lampe portative est la solution d'\u00e9clairage id\u00e9ale pour une utilisation en ext\u00e9rieur comme en int\u00e9rieur. Disponible en sable, cette variante est","robots":{"index":"index","follow":"follow","max-snippet":"max-snippet:-1","max-image-preview":"max-image-preview:large","max-video-preview":"max-video-preview:-1"},"canonical":"https:\/\/hubsch-interior.com\/fr\/wp-json\/wp\/v2\/product\/977819","og_locale":"fr_FR","og_type":"article","og_title":"Camp Lampe portative Sable - H\u00fcbsch","og_description":"La Camp Lampe portative est la solution d'\u00e9clairage id\u00e9ale pour une utilisation en ext\u00e9rieur comme en int\u00e9rieur. Disponible en sable, cette variante est","og_url":"https:\/\/hubsch-interior.com\/fr\/produit\/camp-lampe-portative-sable\/","og_site_name":"H\u00fcbsch","article_modified_time":"2026-04-05T03:07:24+00:00","og_image":[{"width":1200,"height":1200,"url":"https:\/\/hubsch-interior.com\/wp-content\/uploads\/2024\/05\/camp-portable-lamp-sand-35ef87cfd91e3988bca65b7eacdc1a7b.jpg","type":"image\/jpeg"}],"twitter_card":"summary_large_image","twitter_misc":{"Dur\u00e9e de lecture estim\u00e9e":"1 minute"},"schema":{"@context":"https:\/\/schema.org","@graph":[{"@type":"WebPage","@id":"https:\/\/hubsch-interior.com\/fr\/produit\/camp-lampe-portative-sable\/","url":"https:\/\/hubsch-interior.com\/fr\/produit\/camp-lampe-portative-sable\/","name":"Camp Lampe portative Sable - H\u00fcbsch","isPartOf":{"@id":"https:\/\/hubsch-interior.com\/fr\/#website"},"primaryImageOfPage":{"@id":"https:\/\/hubsch-interior.com\/fr\/produit\/camp-lampe-portative-sable\/#primaryimage"},"image":{"@id":"https:\/\/hubsch-interior.com\/fr\/produit\/camp-lampe-portative-sable\/#primaryimage"},"thumbnailUrl":"https:\/\/hubsch-interior.com\/wp-content\/uploads\/2026\/02\/camp-portable-lamp-sand-d18593dc5356a32aa60e54a96f26edad.jpg","datePublished":"2024-01-29T08:33:53+00:00","dateModified":"2026-04-05T03:07:24+00:00","description":"La Camp Lampe portative est la solution d'\u00e9clairage id\u00e9ale pour une utilisation en ext\u00e9rieur comme en int\u00e9rieur. Disponible en sable, cette variante est","breadcrumb":{"@id":"https:\/\/hubsch-interior.com\/fr\/produit\/camp-lampe-portative-sable\/#breadcrumb"},"inLanguage":"fr-FR","potentialAction":[{"@type":"ReadAction","target":["https:\/\/hubsch-interior.com\/fr\/produit\/camp-lampe-portative-sable\/"]}]},{"@type":"ImageObject","inLanguage":"fr-FR","@id":"https:\/\/hubsch-interior.com\/fr\/produit\/camp-lampe-portative-sable\/#primaryimage","url":"https:\/\/hubsch-interior.com\/wp-content\/uploads\/2026\/02\/camp-portable-lamp-sand-d18593dc5356a32aa60e54a96f26edad.jpg","contentUrl":"https:\/\/hubsch-interior.com\/wp-content\/uploads\/2026\/02\/camp-portable-lamp-sand-d18593dc5356a32aa60e54a96f26edad.jpg","width":1024,"height":1024},{"@type":"BreadcrumbList","@id":"https:\/\/hubsch-interior.com\/fr\/produit\/camp-lampe-portative-sable\/#breadcrumb","itemListElement":[{"@type":"ListItem","position":1,"name":"Page d'accueil","item":"https:\/\/hubsch-interior.com\/fr\/"},{"@type":"ListItem","position":2,"name":"Produits","item":"https:\/\/hubsch-interior.com\/fr\/shop-2\/"},{"@type":"ListItem","position":3,"name":"Luminaires","item":"https:\/\/hubsch-interior.com\/fr\/categorie-produit\/luminaires\/"},{"@type":"ListItem","position":4,"name":"Lampes portatives","item":"https:\/\/hubsch-interior.com\/fr\/categorie-produit\/luminaires\/lampes-portatives-fr\/"},{"@type":"ListItem","position":5,"name":"Camp Lampe portative Sable"}]},{"@type":"WebSite","@id":"https:\/\/hubsch-interior.com\/fr\/#website","url":"https:\/\/hubsch-interior.com\/fr\/","name":"H\u00fcbsch","description":"Danish Home Interior and Design","publisher":{"@id":"https:\/\/hubsch-interior.com\/fr\/#organization"},"potentialAction":[{"@type":"SearchAction","target":{"@type":"EntryPoint","urlTemplate":"https:\/\/hubsch-interior.com\/fr\/?s={search_term_string}"},"query-input":{"@type":"PropertyValueSpecification","valueRequired":true,"valueName":"search_term_string"}}],"inLanguage":"fr-FR"},{"@type":"Organization","@id":"https:\/\/hubsch-interior.com\/fr\/#organization","name":"H\u00fcbsch","url":"https:\/\/hubsch-interior.com\/fr\/","logo":{"@type":"ImageObject","inLanguage":"fr-FR","@id":"https:\/\/hubsch-interior.com\/fr\/#\/schema\/logo\/image\/","url":"https:\/\/hubsch-interior.com\/wp-content\/uploads\/2022\/12\/Hubsch_logo_black_one_line.svg","contentUrl":"https:\/\/hubsch-interior.com\/wp-content\/uploads\/2022\/12\/Hubsch_logo_black_one_line.svg","caption":"H\u00fcbsch"},"image":{"@id":"https:\/\/hubsch-interior.com\/fr\/#\/schema\/logo\/image\/"}}]}},"_links":{"self":[{"href":"https:\/\/hubsch-interior.com\/fr\/wp-json\/wp\/v2\/product\/977819","targetHints":{"allow":["GET"]}}],"collection":[{"href":"https:\/\/hubsch-interior.com\/fr\/wp-json\/wp\/v2\/product"}],"about":[{"href":"https:\/\/hubsch-interior.com\/fr\/wp-json\/wp\/v2\/types\/product"}],"wp:featuredmedia":[{"embeddable":true,"href":"https:\/\/hubsch-interior.com\/fr\/wp-json\/wp\/v2\/media\/1106971"}],"wp:attachment":[{"href":"https:\/\/hubsch-interior.com\/fr\/wp-json\/wp\/v2\/media?parent=977819"}],"wp:term":[{"taxonomy":"product_brand","embeddable":true,"href":"https:\/\/hubsch-interior.com\/fr\/wp-json\/wp\/v2\/product_brand?post=977819"},{"taxonomy":"product_cat","embeddable":true,"href":"https:\/\/hubsch-interior.com\/fr\/wp-json\/wp\/v2\/product_cat?post=977819"},{"taxonomy":"product_tag","embeddable":true,"href":"https:\/\/hubsch-interior.com\/fr\/wp-json\/wp\/v2\/product_tag?post=977819"}],"curies":[{"name":"wp","href":"https:\/\/api.w.org\/{rel}","templated":true}]}}