{"id":977895,"date":"2024-01-29T09:34:27","date_gmt":"2024-01-29T08:34:27","guid":{"rendered":"https:\/\/hubsch-interior.com\/product\/product\/"},"modified":"2026-04-12T05:05:37","modified_gmt":"2026-04-12T03:05:37","slug":"salon-lampe-portative-noir","status":"publish","type":"product","link":"https:\/\/hubsch-interior.com\/fr\/produit\/salon-lampe-portative-noir\/","title":{"rendered":"Salon Lampe portative Noir"},"content":{"rendered":"<p>La Lampe de table Salon est disponible dans une \u00e9l\u00e9gante couleur noire, ajoutant une touche de sophistication \u00e0 n&#8217;importe quelle pi\u00e8ce. Fabriqu\u00e9e \u00e0 partir d&#8217;une combinaison de verre de haute qualit\u00e9 et de m\u00e9tal, cette lampe d\u00e9gage \u00e0 la fois durabilit\u00e9 et style. Avec son interrupteur dimmable marche\/arr\u00eat, vous pouvez facilement ajuster la lumi\u00e8re pour cr\u00e9er une ambiance confortable pour vos activit\u00e9s du soir. Et pour les soir\u00e9es romantiques, cette lampe rechargeable offre jusqu&#8217;\u00e0 10 heures de lumi\u00e8re par charge, en faisant le choix id\u00e9al pour des moments douillets avec votre bien-aim\u00e9(e). Commandez d\u00e8s maintenant et plongez-vous dans la lueur chaleureuse et accueillante de la Lampe de table Salon.<\/p>\n","protected":false},"excerpt":{"rendered":"<p>La Lampe de table Salon est disponible dans une \u00e9l\u00e9gante couleur noire, ajoutant une touche de sophistication \u00e0 n&#8217;importe quelle pi\u00e8ce. Fabriqu\u00e9e \u00e0 partir d&#8217;une combinaison de verre de haute qualit\u00e9 et de m\u00e9tal, cette lampe d\u00e9gage \u00e0 la fois durabilit\u00e9 et style. Avec son interrupteur dimmable marche\/arr\u00eat, vous pouvez facilement ajuster la lumi\u00e8re pour [&hellip;]<\/p>\n","protected":false},"featured_media":1107027,"template":"","meta":{"_acf_changed":false,"inline_featured_image":false},"product_brand":[],"product_cat":[6900,6882,6962,6971,6348,3810,3500,6535],"product_tag":[],"class_list":{"0":"post-977895","1":"product","2":"type-product","3":"status-publish","4":"has-post-thumbnail","6":"product_cat-eclairage-fonctionnel-fr","7":"product_cat-elevating-nostalgia-fr","8":"product_cat-lampes-portatives-fr","9":"product_cat-paques","10":"product_cat-garden-selection-fr","11":"product_cat-luminaires","12":"product_cat-lampes-a-poser-fr","13":"product_cat-outlet-fr","14":"product_shipping_class-pk","16":"pa_color-noir","17":"pa_material-fer-fr","18":"pa_material-verre-fr","20":"first","21":"instock","22":"sale","23":"taxable","24":"shipping-taxable","25":"purchasable","26":"product-type-simple"},"exclude_global_add_ons":[],"addons":[],"acf":[],"yoast_head":"<!-- This site is optimized with the Yoast SEO plugin v26.4 - https:\/\/yoast.com\/wordpress\/plugins\/seo\/ -->\n<title>Salon Lampe portative Noir - H\u00fcbsch<\/title>\n<meta name=\"description\" content=\"La Lampe de table Salon est disponible dans une \u00e9l\u00e9gante couleur noire, ajoutant une touche de sophistication \u00e0 n&#039;importe quelle pi\u00e8ce. Fabriqu\u00e9e \u00e0 partir\" \/>\n<meta name=\"robots\" content=\"index, follow, max-snippet:-1, max-image-preview:large, max-video-preview:-1\" \/>\n<link rel=\"canonical\" href=\"https:\/\/hubsch-interior.com\/fr\/wp-json\/wp\/v2\/product\/977895\" \/>\n<meta property=\"og:locale\" content=\"fr_FR\" \/>\n<meta property=\"og:type\" content=\"article\" \/>\n<meta property=\"og:title\" content=\"Salon Lampe portative Noir - H\u00fcbsch\" \/>\n<meta property=\"og:description\" content=\"La Lampe de table Salon est disponible dans une \u00e9l\u00e9gante couleur noire, ajoutant une touche de sophistication \u00e0 n&#039;importe quelle pi\u00e8ce. Fabriqu\u00e9e \u00e0 partir\" \/>\n<meta property=\"og:url\" content=\"https:\/\/hubsch-interior.com\/fr\/produit\/salon-lampe-portative-noir\/\" \/>\n<meta property=\"og:site_name\" content=\"H\u00fcbsch\" \/>\n<meta property=\"article:modified_time\" content=\"2026-04-12T03:05:37+00:00\" \/>\n<meta property=\"og:image\" content=\"https:\/\/hubsch-interior.com\/wp-content\/uploads\/2024\/01\/salon-table-lamp-black-2781da35c65bd77ff1952f26d475e8f8.jpg\" \/>\n\t<meta property=\"og:image:width\" content=\"1200\" \/>\n\t<meta property=\"og:image:height\" content=\"1200\" \/>\n\t<meta property=\"og:image:type\" content=\"image\/jpeg\" \/>\n<meta name=\"twitter:card\" content=\"summary_large_image\" \/>\n<meta name=\"twitter:label1\" content=\"Dur\u00e9e de lecture estim\u00e9e\" \/>\n\t<meta name=\"twitter:data1\" content=\"1 minute\" \/>\n<script type=\"application\/ld+json\" class=\"yoast-schema-graph\">{\"@context\":\"https:\/\/schema.org\",\"@graph\":[{\"@type\":\"WebPage\",\"@id\":\"https:\/\/hubsch-interior.com\/fr\/produit\/salon-lampe-portative-noir\/\",\"url\":\"https:\/\/hubsch-interior.com\/fr\/produit\/salon-lampe-portative-noir\/\",\"name\":\"Salon Lampe portative Noir - H\u00fcbsch\",\"isPartOf\":{\"@id\":\"https:\/\/hubsch-interior.com\/fr\/#website\"},\"primaryImageOfPage\":{\"@id\":\"https:\/\/hubsch-interior.com\/fr\/produit\/salon-lampe-portative-noir\/#primaryimage\"},\"image\":{\"@id\":\"https:\/\/hubsch-interior.com\/fr\/produit\/salon-lampe-portative-noir\/#primaryimage\"},\"thumbnailUrl\":\"https:\/\/hubsch-interior.com\/wp-content\/uploads\/2026\/02\/salon-portable-lamp-black-104c1acd9986b28d316deb7141cc9535.jpg\",\"datePublished\":\"2024-01-29T08:34:27+00:00\",\"dateModified\":\"2026-04-12T03:05:37+00:00\",\"description\":\"La Lampe de table Salon est disponible dans une \u00e9l\u00e9gante couleur noire, ajoutant une touche de sophistication \u00e0 n'importe quelle pi\u00e8ce. Fabriqu\u00e9e \u00e0 partir\",\"breadcrumb\":{\"@id\":\"https:\/\/hubsch-interior.com\/fr\/produit\/salon-lampe-portative-noir\/#breadcrumb\"},\"inLanguage\":\"fr-FR\",\"potentialAction\":[{\"@type\":\"ReadAction\",\"target\":[\"https:\/\/hubsch-interior.com\/fr\/produit\/salon-lampe-portative-noir\/\"]}]},{\"@type\":\"ImageObject\",\"inLanguage\":\"fr-FR\",\"@id\":\"https:\/\/hubsch-interior.com\/fr\/produit\/salon-lampe-portative-noir\/#primaryimage\",\"url\":\"https:\/\/hubsch-interior.com\/wp-content\/uploads\/2026\/02\/salon-portable-lamp-black-104c1acd9986b28d316deb7141cc9535.jpg\",\"contentUrl\":\"https:\/\/hubsch-interior.com\/wp-content\/uploads\/2026\/02\/salon-portable-lamp-black-104c1acd9986b28d316deb7141cc9535.jpg\",\"width\":1024,\"height\":1024},{\"@type\":\"BreadcrumbList\",\"@id\":\"https:\/\/hubsch-interior.com\/fr\/produit\/salon-lampe-portative-noir\/#breadcrumb\",\"itemListElement\":[{\"@type\":\"ListItem\",\"position\":1,\"name\":\"Page d'accueil\",\"item\":\"https:\/\/hubsch-interior.com\/fr\/\"},{\"@type\":\"ListItem\",\"position\":2,\"name\":\"Produits\",\"item\":\"https:\/\/hubsch-interior.com\/fr\/shop-2\/\"},{\"@type\":\"ListItem\",\"position\":3,\"name\":\"Luminaires\",\"item\":\"https:\/\/hubsch-interior.com\/fr\/categorie-produit\/luminaires\/\"},{\"@type\":\"ListItem\",\"position\":4,\"name\":\"Lampes portatives\",\"item\":\"https:\/\/hubsch-interior.com\/fr\/categorie-produit\/luminaires\/lampes-portatives-fr\/\"},{\"@type\":\"ListItem\",\"position\":5,\"name\":\"Salon Lampe portative Noir\"}]},{\"@type\":\"WebSite\",\"@id\":\"https:\/\/hubsch-interior.com\/fr\/#website\",\"url\":\"https:\/\/hubsch-interior.com\/fr\/\",\"name\":\"H\u00fcbsch\",\"description\":\"Danish Home Interior and Design\",\"publisher\":{\"@id\":\"https:\/\/hubsch-interior.com\/fr\/#organization\"},\"potentialAction\":[{\"@type\":\"SearchAction\",\"target\":{\"@type\":\"EntryPoint\",\"urlTemplate\":\"https:\/\/hubsch-interior.com\/fr\/?s={search_term_string}\"},\"query-input\":{\"@type\":\"PropertyValueSpecification\",\"valueRequired\":true,\"valueName\":\"search_term_string\"}}],\"inLanguage\":\"fr-FR\"},{\"@type\":\"Organization\",\"@id\":\"https:\/\/hubsch-interior.com\/fr\/#organization\",\"name\":\"H\u00fcbsch\",\"url\":\"https:\/\/hubsch-interior.com\/fr\/\",\"logo\":{\"@type\":\"ImageObject\",\"inLanguage\":\"fr-FR\",\"@id\":\"https:\/\/hubsch-interior.com\/fr\/#\/schema\/logo\/image\/\",\"url\":\"https:\/\/hubsch-interior.com\/wp-content\/uploads\/2022\/12\/Hubsch_logo_black_one_line.svg\",\"contentUrl\":\"https:\/\/hubsch-interior.com\/wp-content\/uploads\/2022\/12\/Hubsch_logo_black_one_line.svg\",\"caption\":\"H\u00fcbsch\"},\"image\":{\"@id\":\"https:\/\/hubsch-interior.com\/fr\/#\/schema\/logo\/image\/\"}}]}<\/script>\n<!-- \/ Yoast SEO plugin. -->","yoast_head_json":{"title":"Salon Lampe portative Noir - H\u00fcbsch","description":"La Lampe de table Salon est disponible dans une \u00e9l\u00e9gante couleur noire, ajoutant une touche de sophistication \u00e0 n'importe quelle pi\u00e8ce. Fabriqu\u00e9e \u00e0 partir","robots":{"index":"index","follow":"follow","max-snippet":"max-snippet:-1","max-image-preview":"max-image-preview:large","max-video-preview":"max-video-preview:-1"},"canonical":"https:\/\/hubsch-interior.com\/fr\/wp-json\/wp\/v2\/product\/977895","og_locale":"fr_FR","og_type":"article","og_title":"Salon Lampe portative Noir - H\u00fcbsch","og_description":"La Lampe de table Salon est disponible dans une \u00e9l\u00e9gante couleur noire, ajoutant une touche de sophistication \u00e0 n'importe quelle pi\u00e8ce. Fabriqu\u00e9e \u00e0 partir","og_url":"https:\/\/hubsch-interior.com\/fr\/produit\/salon-lampe-portative-noir\/","og_site_name":"H\u00fcbsch","article_modified_time":"2026-04-12T03:05:37+00:00","og_image":[{"width":1200,"height":1200,"url":"https:\/\/hubsch-interior.com\/wp-content\/uploads\/2024\/01\/salon-table-lamp-black-2781da35c65bd77ff1952f26d475e8f8.jpg","type":"image\/jpeg"}],"twitter_card":"summary_large_image","twitter_misc":{"Dur\u00e9e de lecture estim\u00e9e":"1 minute"},"schema":{"@context":"https:\/\/schema.org","@graph":[{"@type":"WebPage","@id":"https:\/\/hubsch-interior.com\/fr\/produit\/salon-lampe-portative-noir\/","url":"https:\/\/hubsch-interior.com\/fr\/produit\/salon-lampe-portative-noir\/","name":"Salon Lampe portative Noir - H\u00fcbsch","isPartOf":{"@id":"https:\/\/hubsch-interior.com\/fr\/#website"},"primaryImageOfPage":{"@id":"https:\/\/hubsch-interior.com\/fr\/produit\/salon-lampe-portative-noir\/#primaryimage"},"image":{"@id":"https:\/\/hubsch-interior.com\/fr\/produit\/salon-lampe-portative-noir\/#primaryimage"},"thumbnailUrl":"https:\/\/hubsch-interior.com\/wp-content\/uploads\/2026\/02\/salon-portable-lamp-black-104c1acd9986b28d316deb7141cc9535.jpg","datePublished":"2024-01-29T08:34:27+00:00","dateModified":"2026-04-12T03:05:37+00:00","description":"La Lampe de table Salon est disponible dans une \u00e9l\u00e9gante couleur noire, ajoutant une touche de sophistication \u00e0 n'importe quelle pi\u00e8ce. Fabriqu\u00e9e \u00e0 partir","breadcrumb":{"@id":"https:\/\/hubsch-interior.com\/fr\/produit\/salon-lampe-portative-noir\/#breadcrumb"},"inLanguage":"fr-FR","potentialAction":[{"@type":"ReadAction","target":["https:\/\/hubsch-interior.com\/fr\/produit\/salon-lampe-portative-noir\/"]}]},{"@type":"ImageObject","inLanguage":"fr-FR","@id":"https:\/\/hubsch-interior.com\/fr\/produit\/salon-lampe-portative-noir\/#primaryimage","url":"https:\/\/hubsch-interior.com\/wp-content\/uploads\/2026\/02\/salon-portable-lamp-black-104c1acd9986b28d316deb7141cc9535.jpg","contentUrl":"https:\/\/hubsch-interior.com\/wp-content\/uploads\/2026\/02\/salon-portable-lamp-black-104c1acd9986b28d316deb7141cc9535.jpg","width":1024,"height":1024},{"@type":"BreadcrumbList","@id":"https:\/\/hubsch-interior.com\/fr\/produit\/salon-lampe-portative-noir\/#breadcrumb","itemListElement":[{"@type":"ListItem","position":1,"name":"Page d'accueil","item":"https:\/\/hubsch-interior.com\/fr\/"},{"@type":"ListItem","position":2,"name":"Produits","item":"https:\/\/hubsch-interior.com\/fr\/shop-2\/"},{"@type":"ListItem","position":3,"name":"Luminaires","item":"https:\/\/hubsch-interior.com\/fr\/categorie-produit\/luminaires\/"},{"@type":"ListItem","position":4,"name":"Lampes portatives","item":"https:\/\/hubsch-interior.com\/fr\/categorie-produit\/luminaires\/lampes-portatives-fr\/"},{"@type":"ListItem","position":5,"name":"Salon Lampe portative Noir"}]},{"@type":"WebSite","@id":"https:\/\/hubsch-interior.com\/fr\/#website","url":"https:\/\/hubsch-interior.com\/fr\/","name":"H\u00fcbsch","description":"Danish Home Interior and Design","publisher":{"@id":"https:\/\/hubsch-interior.com\/fr\/#organization"},"potentialAction":[{"@type":"SearchAction","target":{"@type":"EntryPoint","urlTemplate":"https:\/\/hubsch-interior.com\/fr\/?s={search_term_string}"},"query-input":{"@type":"PropertyValueSpecification","valueRequired":true,"valueName":"search_term_string"}}],"inLanguage":"fr-FR"},{"@type":"Organization","@id":"https:\/\/hubsch-interior.com\/fr\/#organization","name":"H\u00fcbsch","url":"https:\/\/hubsch-interior.com\/fr\/","logo":{"@type":"ImageObject","inLanguage":"fr-FR","@id":"https:\/\/hubsch-interior.com\/fr\/#\/schema\/logo\/image\/","url":"https:\/\/hubsch-interior.com\/wp-content\/uploads\/2022\/12\/Hubsch_logo_black_one_line.svg","contentUrl":"https:\/\/hubsch-interior.com\/wp-content\/uploads\/2022\/12\/Hubsch_logo_black_one_line.svg","caption":"H\u00fcbsch"},"image":{"@id":"https:\/\/hubsch-interior.com\/fr\/#\/schema\/logo\/image\/"}}]}},"_links":{"self":[{"href":"https:\/\/hubsch-interior.com\/fr\/wp-json\/wp\/v2\/product\/977895","targetHints":{"allow":["GET"]}}],"collection":[{"href":"https:\/\/hubsch-interior.com\/fr\/wp-json\/wp\/v2\/product"}],"about":[{"href":"https:\/\/hubsch-interior.com\/fr\/wp-json\/wp\/v2\/types\/product"}],"wp:featuredmedia":[{"embeddable":true,"href":"https:\/\/hubsch-interior.com\/fr\/wp-json\/wp\/v2\/media\/1107027"}],"wp:attachment":[{"href":"https:\/\/hubsch-interior.com\/fr\/wp-json\/wp\/v2\/media?parent=977895"}],"wp:term":[{"taxonomy":"product_brand","embeddable":true,"href":"https:\/\/hubsch-interior.com\/fr\/wp-json\/wp\/v2\/product_brand?post=977895"},{"taxonomy":"product_cat","embeddable":true,"href":"https:\/\/hubsch-interior.com\/fr\/wp-json\/wp\/v2\/product_cat?post=977895"},{"taxonomy":"product_tag","embeddable":true,"href":"https:\/\/hubsch-interior.com\/fr\/wp-json\/wp\/v2\/product_tag?post=977895"}],"curies":[{"name":"wp","href":"https:\/\/api.w.org\/{rel}","templated":true}]}}