{"id":977939,"date":"2024-01-29T09:35:02","date_gmt":"2024-01-29T08:35:02","guid":{"rendered":"https:\/\/hubsch-interior.com\/product\/product\/"},"modified":"2026-04-11T05:00:58","modified_gmt":"2026-04-11T03:00:58","slug":"velo-lampe-de-table-noir","status":"publish","type":"product","link":"https:\/\/hubsch-interior.com\/fr\/produit\/velo-lampe-de-table-noir\/","title":{"rendered":"Velo Lampe de table Noir"},"content":{"rendered":"<p>La lampe de table Velo est un ajout classique \u00e0 n&#8217;importe quelle pi\u00e8ce de votre maison. Disponible en deux variantes \u00e9poustouflantes, celle-ci en noir \u00e9l\u00e9gant, le Velo apporte une touche d&#8217;\u00e9l\u00e9gance \u00e0 votre espace. Fabriqu\u00e9e avec une combinaison d&#8217;acrylique et de m\u00e9tal de haute qualit\u00e9, cette grande lampe r\u00e9pand la lumi\u00e8re pour obtenir un \u00e9clairage optimal pour votre coin lecture ou votre table de chevet. Avec son design polyvalent et sa fonction dimmable, le Velo peut \u00e9galement \u00eatre utilis\u00e9 pour cr\u00e9er une lumi\u00e8re ambiante apaisante pour une soir\u00e9e confortable \u00e0 la maison.<\/p>\n","protected":false},"excerpt":{"rendered":"<p>La lampe de table Velo est un ajout classique \u00e0 n&#8217;importe quelle pi\u00e8ce de votre maison. Disponible en deux variantes \u00e9poustouflantes, celle-ci en noir \u00e9l\u00e9gant, le Velo apporte une touche d&#8217;\u00e9l\u00e9gance \u00e0 votre espace. Fabriqu\u00e9e avec une combinaison d&#8217;acrylique et de m\u00e9tal de haute qualit\u00e9, cette grande lampe r\u00e9pand la lumi\u00e8re pour obtenir un \u00e9clairage [&hellip;]<\/p>\n","protected":false},"featured_media":1107079,"template":"","meta":{"_acf_changed":false,"inline_featured_image":false},"product_brand":[],"product_cat":[6900,6882,3810,3500,5026],"product_tag":[],"class_list":{"0":"post-977939","1":"product","2":"type-product","3":"status-publish","4":"has-post-thumbnail","6":"product_cat-eclairage-fonctionnel-fr","7":"product_cat-elevating-nostalgia-fr","8":"product_cat-luminaires","9":"product_cat-lampes-a-poser-fr","10":"product_cat-bestsellers-fr","11":"product_shipping_class-pk","13":"pa_color-noir","14":"pa_material-fer-fr","15":"pa_material-polycarbonate-2","17":"first","18":"instock","19":"featured","20":"taxable","21":"shipping-taxable","22":"purchasable","23":"product-type-simple"},"exclude_global_add_ons":[],"addons":[],"acf":[],"yoast_head":"<!-- This site is optimized with the Yoast SEO plugin v26.4 - https:\/\/yoast.com\/wordpress\/plugins\/seo\/ -->\n<title>Velo Lampe de table Noir - H\u00fcbsch<\/title>\n<meta name=\"description\" content=\"La lampe de table Velo est un ajout classique \u00e0 n&#039;importe quelle pi\u00e8ce de votre maison. Disponible en deux variantes \u00e9poustouflantes, celle-ci en noir\" \/>\n<meta name=\"robots\" content=\"index, follow, max-snippet:-1, max-image-preview:large, max-video-preview:-1\" \/>\n<link rel=\"canonical\" href=\"https:\/\/hubsch-interior.com\/fr\/wp-json\/wp\/v2\/product\/977939\" \/>\n<meta property=\"og:locale\" content=\"fr_FR\" \/>\n<meta property=\"og:type\" content=\"article\" \/>\n<meta property=\"og:title\" content=\"Velo Lampe de table Noir - H\u00fcbsch\" \/>\n<meta property=\"og:description\" content=\"La lampe de table Velo est un ajout classique \u00e0 n&#039;importe quelle pi\u00e8ce de votre maison. Disponible en deux variantes \u00e9poustouflantes, celle-ci en noir\" \/>\n<meta property=\"og:url\" content=\"https:\/\/hubsch-interior.com\/fr\/produit\/velo-lampe-de-table-noir\/\" \/>\n<meta property=\"og:site_name\" content=\"H\u00fcbsch\" \/>\n<meta property=\"article:modified_time\" content=\"2026-04-11T03:00:58+00:00\" \/>\n<meta property=\"og:image\" content=\"https:\/\/hubsch-interior.com\/wp-content\/uploads\/2024\/02\/velo-table-lamp-black-b02f38f719b74fd09934e0198a2198d2.jpg\" \/>\n\t<meta property=\"og:image:width\" content=\"1200\" \/>\n\t<meta property=\"og:image:height\" content=\"1200\" \/>\n\t<meta property=\"og:image:type\" content=\"image\/jpeg\" \/>\n<meta name=\"twitter:card\" content=\"summary_large_image\" \/>\n<meta name=\"twitter:label1\" content=\"Dur\u00e9e de lecture estim\u00e9e\" \/>\n\t<meta name=\"twitter:data1\" content=\"1 minute\" \/>\n<script type=\"application\/ld+json\" class=\"yoast-schema-graph\">{\"@context\":\"https:\/\/schema.org\",\"@graph\":[{\"@type\":\"WebPage\",\"@id\":\"https:\/\/hubsch-interior.com\/fr\/produit\/velo-lampe-de-table-noir\/\",\"url\":\"https:\/\/hubsch-interior.com\/fr\/produit\/velo-lampe-de-table-noir\/\",\"name\":\"Velo Lampe de table Noir - H\u00fcbsch\",\"isPartOf\":{\"@id\":\"https:\/\/hubsch-interior.com\/fr\/#website\"},\"primaryImageOfPage\":{\"@id\":\"https:\/\/hubsch-interior.com\/fr\/produit\/velo-lampe-de-table-noir\/#primaryimage\"},\"image\":{\"@id\":\"https:\/\/hubsch-interior.com\/fr\/produit\/velo-lampe-de-table-noir\/#primaryimage\"},\"thumbnailUrl\":\"https:\/\/hubsch-interior.com\/wp-content\/uploads\/2026\/02\/velo-table-lamp-black-9c17c9f884bcd38721452ba9e197e24b.jpg\",\"datePublished\":\"2024-01-29T08:35:02+00:00\",\"dateModified\":\"2026-04-11T03:00:58+00:00\",\"description\":\"La lampe de table Velo est un ajout classique \u00e0 n'importe quelle pi\u00e8ce de votre maison. Disponible en deux variantes \u00e9poustouflantes, celle-ci en noir\",\"breadcrumb\":{\"@id\":\"https:\/\/hubsch-interior.com\/fr\/produit\/velo-lampe-de-table-noir\/#breadcrumb\"},\"inLanguage\":\"fr-FR\",\"potentialAction\":[{\"@type\":\"ReadAction\",\"target\":[\"https:\/\/hubsch-interior.com\/fr\/produit\/velo-lampe-de-table-noir\/\"]}]},{\"@type\":\"ImageObject\",\"inLanguage\":\"fr-FR\",\"@id\":\"https:\/\/hubsch-interior.com\/fr\/produit\/velo-lampe-de-table-noir\/#primaryimage\",\"url\":\"https:\/\/hubsch-interior.com\/wp-content\/uploads\/2026\/02\/velo-table-lamp-black-9c17c9f884bcd38721452ba9e197e24b.jpg\",\"contentUrl\":\"https:\/\/hubsch-interior.com\/wp-content\/uploads\/2026\/02\/velo-table-lamp-black-9c17c9f884bcd38721452ba9e197e24b.jpg\",\"width\":1024,\"height\":1024},{\"@type\":\"BreadcrumbList\",\"@id\":\"https:\/\/hubsch-interior.com\/fr\/produit\/velo-lampe-de-table-noir\/#breadcrumb\",\"itemListElement\":[{\"@type\":\"ListItem\",\"position\":1,\"name\":\"Page d'accueil\",\"item\":\"https:\/\/hubsch-interior.com\/fr\/\"},{\"@type\":\"ListItem\",\"position\":2,\"name\":\"Produits\",\"item\":\"https:\/\/hubsch-interior.com\/fr\/shop-2\/\"},{\"@type\":\"ListItem\",\"position\":3,\"name\":\"Luminaires\",\"item\":\"https:\/\/hubsch-interior.com\/fr\/categorie-produit\/luminaires\/\"},{\"@type\":\"ListItem\",\"position\":4,\"name\":\"Lampes &agrave; poser\",\"item\":\"https:\/\/hubsch-interior.com\/fr\/categorie-produit\/luminaires\/lampes-a-poser-fr\/\"},{\"@type\":\"ListItem\",\"position\":5,\"name\":\"Velo Lampe de table Noir\"}]},{\"@type\":\"WebSite\",\"@id\":\"https:\/\/hubsch-interior.com\/fr\/#website\",\"url\":\"https:\/\/hubsch-interior.com\/fr\/\",\"name\":\"H\u00fcbsch\",\"description\":\"Danish Home Interior and Design\",\"publisher\":{\"@id\":\"https:\/\/hubsch-interior.com\/fr\/#organization\"},\"potentialAction\":[{\"@type\":\"SearchAction\",\"target\":{\"@type\":\"EntryPoint\",\"urlTemplate\":\"https:\/\/hubsch-interior.com\/fr\/?s={search_term_string}\"},\"query-input\":{\"@type\":\"PropertyValueSpecification\",\"valueRequired\":true,\"valueName\":\"search_term_string\"}}],\"inLanguage\":\"fr-FR\"},{\"@type\":\"Organization\",\"@id\":\"https:\/\/hubsch-interior.com\/fr\/#organization\",\"name\":\"H\u00fcbsch\",\"url\":\"https:\/\/hubsch-interior.com\/fr\/\",\"logo\":{\"@type\":\"ImageObject\",\"inLanguage\":\"fr-FR\",\"@id\":\"https:\/\/hubsch-interior.com\/fr\/#\/schema\/logo\/image\/\",\"url\":\"https:\/\/hubsch-interior.com\/wp-content\/uploads\/2022\/12\/Hubsch_logo_black_one_line.svg\",\"contentUrl\":\"https:\/\/hubsch-interior.com\/wp-content\/uploads\/2022\/12\/Hubsch_logo_black_one_line.svg\",\"caption\":\"H\u00fcbsch\"},\"image\":{\"@id\":\"https:\/\/hubsch-interior.com\/fr\/#\/schema\/logo\/image\/\"}}]}<\/script>\n<!-- \/ Yoast SEO plugin. -->","yoast_head_json":{"title":"Velo Lampe de table Noir - H\u00fcbsch","description":"La lampe de table Velo est un ajout classique \u00e0 n'importe quelle pi\u00e8ce de votre maison. Disponible en deux variantes \u00e9poustouflantes, celle-ci en noir","robots":{"index":"index","follow":"follow","max-snippet":"max-snippet:-1","max-image-preview":"max-image-preview:large","max-video-preview":"max-video-preview:-1"},"canonical":"https:\/\/hubsch-interior.com\/fr\/wp-json\/wp\/v2\/product\/977939","og_locale":"fr_FR","og_type":"article","og_title":"Velo Lampe de table Noir - H\u00fcbsch","og_description":"La lampe de table Velo est un ajout classique \u00e0 n'importe quelle pi\u00e8ce de votre maison. Disponible en deux variantes \u00e9poustouflantes, celle-ci en noir","og_url":"https:\/\/hubsch-interior.com\/fr\/produit\/velo-lampe-de-table-noir\/","og_site_name":"H\u00fcbsch","article_modified_time":"2026-04-11T03:00:58+00:00","og_image":[{"width":1200,"height":1200,"url":"https:\/\/hubsch-interior.com\/wp-content\/uploads\/2024\/02\/velo-table-lamp-black-b02f38f719b74fd09934e0198a2198d2.jpg","type":"image\/jpeg"}],"twitter_card":"summary_large_image","twitter_misc":{"Dur\u00e9e de lecture estim\u00e9e":"1 minute"},"schema":{"@context":"https:\/\/schema.org","@graph":[{"@type":"WebPage","@id":"https:\/\/hubsch-interior.com\/fr\/produit\/velo-lampe-de-table-noir\/","url":"https:\/\/hubsch-interior.com\/fr\/produit\/velo-lampe-de-table-noir\/","name":"Velo Lampe de table Noir - H\u00fcbsch","isPartOf":{"@id":"https:\/\/hubsch-interior.com\/fr\/#website"},"primaryImageOfPage":{"@id":"https:\/\/hubsch-interior.com\/fr\/produit\/velo-lampe-de-table-noir\/#primaryimage"},"image":{"@id":"https:\/\/hubsch-interior.com\/fr\/produit\/velo-lampe-de-table-noir\/#primaryimage"},"thumbnailUrl":"https:\/\/hubsch-interior.com\/wp-content\/uploads\/2026\/02\/velo-table-lamp-black-9c17c9f884bcd38721452ba9e197e24b.jpg","datePublished":"2024-01-29T08:35:02+00:00","dateModified":"2026-04-11T03:00:58+00:00","description":"La lampe de table Velo est un ajout classique \u00e0 n'importe quelle pi\u00e8ce de votre maison. Disponible en deux variantes \u00e9poustouflantes, celle-ci en noir","breadcrumb":{"@id":"https:\/\/hubsch-interior.com\/fr\/produit\/velo-lampe-de-table-noir\/#breadcrumb"},"inLanguage":"fr-FR","potentialAction":[{"@type":"ReadAction","target":["https:\/\/hubsch-interior.com\/fr\/produit\/velo-lampe-de-table-noir\/"]}]},{"@type":"ImageObject","inLanguage":"fr-FR","@id":"https:\/\/hubsch-interior.com\/fr\/produit\/velo-lampe-de-table-noir\/#primaryimage","url":"https:\/\/hubsch-interior.com\/wp-content\/uploads\/2026\/02\/velo-table-lamp-black-9c17c9f884bcd38721452ba9e197e24b.jpg","contentUrl":"https:\/\/hubsch-interior.com\/wp-content\/uploads\/2026\/02\/velo-table-lamp-black-9c17c9f884bcd38721452ba9e197e24b.jpg","width":1024,"height":1024},{"@type":"BreadcrumbList","@id":"https:\/\/hubsch-interior.com\/fr\/produit\/velo-lampe-de-table-noir\/#breadcrumb","itemListElement":[{"@type":"ListItem","position":1,"name":"Page d'accueil","item":"https:\/\/hubsch-interior.com\/fr\/"},{"@type":"ListItem","position":2,"name":"Produits","item":"https:\/\/hubsch-interior.com\/fr\/shop-2\/"},{"@type":"ListItem","position":3,"name":"Luminaires","item":"https:\/\/hubsch-interior.com\/fr\/categorie-produit\/luminaires\/"},{"@type":"ListItem","position":4,"name":"Lampes &agrave; poser","item":"https:\/\/hubsch-interior.com\/fr\/categorie-produit\/luminaires\/lampes-a-poser-fr\/"},{"@type":"ListItem","position":5,"name":"Velo Lampe de table Noir"}]},{"@type":"WebSite","@id":"https:\/\/hubsch-interior.com\/fr\/#website","url":"https:\/\/hubsch-interior.com\/fr\/","name":"H\u00fcbsch","description":"Danish Home Interior and Design","publisher":{"@id":"https:\/\/hubsch-interior.com\/fr\/#organization"},"potentialAction":[{"@type":"SearchAction","target":{"@type":"EntryPoint","urlTemplate":"https:\/\/hubsch-interior.com\/fr\/?s={search_term_string}"},"query-input":{"@type":"PropertyValueSpecification","valueRequired":true,"valueName":"search_term_string"}}],"inLanguage":"fr-FR"},{"@type":"Organization","@id":"https:\/\/hubsch-interior.com\/fr\/#organization","name":"H\u00fcbsch","url":"https:\/\/hubsch-interior.com\/fr\/","logo":{"@type":"ImageObject","inLanguage":"fr-FR","@id":"https:\/\/hubsch-interior.com\/fr\/#\/schema\/logo\/image\/","url":"https:\/\/hubsch-interior.com\/wp-content\/uploads\/2022\/12\/Hubsch_logo_black_one_line.svg","contentUrl":"https:\/\/hubsch-interior.com\/wp-content\/uploads\/2022\/12\/Hubsch_logo_black_one_line.svg","caption":"H\u00fcbsch"},"image":{"@id":"https:\/\/hubsch-interior.com\/fr\/#\/schema\/logo\/image\/"}}]}},"_links":{"self":[{"href":"https:\/\/hubsch-interior.com\/fr\/wp-json\/wp\/v2\/product\/977939","targetHints":{"allow":["GET"]}}],"collection":[{"href":"https:\/\/hubsch-interior.com\/fr\/wp-json\/wp\/v2\/product"}],"about":[{"href":"https:\/\/hubsch-interior.com\/fr\/wp-json\/wp\/v2\/types\/product"}],"wp:featuredmedia":[{"embeddable":true,"href":"https:\/\/hubsch-interior.com\/fr\/wp-json\/wp\/v2\/media\/1107079"}],"wp:attachment":[{"href":"https:\/\/hubsch-interior.com\/fr\/wp-json\/wp\/v2\/media?parent=977939"}],"wp:term":[{"taxonomy":"product_brand","embeddable":true,"href":"https:\/\/hubsch-interior.com\/fr\/wp-json\/wp\/v2\/product_brand?post=977939"},{"taxonomy":"product_cat","embeddable":true,"href":"https:\/\/hubsch-interior.com\/fr\/wp-json\/wp\/v2\/product_cat?post=977939"},{"taxonomy":"product_tag","embeddable":true,"href":"https:\/\/hubsch-interior.com\/fr\/wp-json\/wp\/v2\/product_tag?post=977939"}],"curies":[{"name":"wp","href":"https:\/\/api.w.org\/{rel}","templated":true}]}}