{"id":978007,"date":"2024-01-29T09:35:29","date_gmt":"2024-01-29T08:35:29","guid":{"rendered":"https:\/\/hubsch-interior.com\/product\/product\/"},"modified":"2026-04-05T05:07:52","modified_gmt":"2026-04-05T03:07:52","slug":"solid-lampadaire-sable","status":"publish","type":"product","link":"https:\/\/hubsch-interior.com\/fr\/produit\/solid-lampadaire-sable\/","title":{"rendered":"Solid Lampadaire Sable"},"content":{"rendered":"<p>D\u00e9couvrez le Solid Lampadaire, un ajout \u00e9l\u00e9gant \u00e0 votre d\u00e9coration int\u00e9rieure. Avec sa finition couleur sable, ce lampadaire d\u00e9gage une aura chaleureuse et accueillante. Fabriqu\u00e9 \u00e0 partir d&#8217;une combinaison d&#8217;acrylique, de verre et de m\u00e9tal de haute qualit\u00e9, il allie durabilit\u00e9 et \u00e9l\u00e9gance. Faisant partie de la s\u00e9rie Solid, il peut facilement \u00eatre associ\u00e9 au Solid Suspension pour un look coh\u00e9rent. Son design \u00e9pur\u00e9 et minimaliste le rend facile \u00e0 assortir, en faisant un choix parfait pour une vari\u00e9t\u00e9 de mat\u00e9riaux et de produits. \u00c9levez l&#8217;ambiance de n&#8217;importe quelle pi\u00e8ce avec le sophistiqu\u00e9 Solid Lampadaire.<\/p>\n","protected":false},"excerpt":{"rendered":"<p>D\u00e9couvrez le Solid Lampadaire, un ajout \u00e9l\u00e9gant \u00e0 votre d\u00e9coration int\u00e9rieure. Avec sa finition couleur sable, ce lampadaire d\u00e9gage une aura chaleureuse et accueillante. Fabriqu\u00e9 \u00e0 partir d&#8217;une combinaison d&#8217;acrylique, de verre et de m\u00e9tal de haute qualit\u00e9, il allie durabilit\u00e9 et \u00e9l\u00e9gance. Faisant partie de la s\u00e9rie Solid, il peut facilement \u00eatre associ\u00e9 au [&hellip;]<\/p>\n","protected":false},"featured_media":1107123,"template":"","meta":{"_acf_changed":false,"inline_featured_image":false},"product_brand":[],"product_cat":[6900,6882,3810,3496,5026],"product_tag":[],"class_list":{"0":"post-978007","1":"product","2":"type-product","3":"status-publish","4":"has-post-thumbnail","6":"product_cat-eclairage-fonctionnel-fr","7":"product_cat-elevating-nostalgia-fr","8":"product_cat-luminaires","9":"product_cat-lampadaires-fr","10":"product_cat-bestsellers-fr","11":"product_shipping_class-p05","12":"pa_color-sable","13":"pa_material-fer-fr","14":"pa_material-verre-fr","16":"first","17":"instock","18":"featured","19":"taxable","20":"shipping-taxable","21":"purchasable","22":"product-type-simple"},"exclude_global_add_ons":[],"addons":[],"acf":[],"yoast_head":"<!-- This site is optimized with the Yoast SEO plugin v26.4 - https:\/\/yoast.com\/wordpress\/plugins\/seo\/ -->\n<title>Solid Lampadaire Sable - H\u00fcbsch<\/title>\n<meta name=\"description\" content=\"D\u00e9couvrez le Solid Lampadaire, un ajout \u00e9l\u00e9gant \u00e0 votre d\u00e9coration int\u00e9rieure. Avec sa finition couleur sable, ce lampadaire d\u00e9gage une aura chaleureuse\" \/>\n<meta name=\"robots\" content=\"index, follow, max-snippet:-1, max-image-preview:large, max-video-preview:-1\" \/>\n<link rel=\"canonical\" href=\"https:\/\/hubsch-interior.com\/fr\/wp-json\/wp\/v2\/product\/978007\" \/>\n<meta property=\"og:locale\" content=\"fr_FR\" \/>\n<meta property=\"og:type\" content=\"article\" \/>\n<meta property=\"og:title\" content=\"Solid Lampadaire Sable - H\u00fcbsch\" \/>\n<meta property=\"og:description\" content=\"D\u00e9couvrez le Solid Lampadaire, un ajout \u00e9l\u00e9gant \u00e0 votre d\u00e9coration int\u00e9rieure. Avec sa finition couleur sable, ce lampadaire d\u00e9gage une aura chaleureuse\" \/>\n<meta property=\"og:url\" content=\"https:\/\/hubsch-interior.com\/fr\/produit\/solid-lampadaire-sable\/\" \/>\n<meta property=\"og:site_name\" content=\"H\u00fcbsch\" \/>\n<meta property=\"article:modified_time\" content=\"2026-04-05T03:07:52+00:00\" \/>\n<meta property=\"og:image\" content=\"https:\/\/hubsch-interior.com\/wp-content\/uploads\/2024\/01\/solid-floor-lamp-sand-247b07e22ee7a6e8dfda1c8c691730fd.jpg\" \/>\n\t<meta property=\"og:image:width\" content=\"1200\" \/>\n\t<meta property=\"og:image:height\" content=\"1200\" \/>\n\t<meta property=\"og:image:type\" content=\"image\/jpeg\" \/>\n<meta name=\"twitter:card\" content=\"summary_large_image\" \/>\n<meta name=\"twitter:label1\" content=\"Dur\u00e9e de lecture estim\u00e9e\" \/>\n\t<meta name=\"twitter:data1\" content=\"1 minute\" \/>\n<script type=\"application\/ld+json\" class=\"yoast-schema-graph\">{\"@context\":\"https:\/\/schema.org\",\"@graph\":[{\"@type\":\"WebPage\",\"@id\":\"https:\/\/hubsch-interior.com\/fr\/produit\/solid-lampadaire-sable\/\",\"url\":\"https:\/\/hubsch-interior.com\/fr\/produit\/solid-lampadaire-sable\/\",\"name\":\"Solid Lampadaire Sable - H\u00fcbsch\",\"isPartOf\":{\"@id\":\"https:\/\/hubsch-interior.com\/fr\/#website\"},\"primaryImageOfPage\":{\"@id\":\"https:\/\/hubsch-interior.com\/fr\/produit\/solid-lampadaire-sable\/#primaryimage\"},\"image\":{\"@id\":\"https:\/\/hubsch-interior.com\/fr\/produit\/solid-lampadaire-sable\/#primaryimage\"},\"thumbnailUrl\":\"https:\/\/hubsch-interior.com\/wp-content\/uploads\/2026\/02\/solid-floor-lamp-sand-47a2372f37a762135c5a21feaf8c3994.jpg\",\"datePublished\":\"2024-01-29T08:35:29+00:00\",\"dateModified\":\"2026-04-05T03:07:52+00:00\",\"description\":\"D\u00e9couvrez le Solid Lampadaire, un ajout \u00e9l\u00e9gant \u00e0 votre d\u00e9coration int\u00e9rieure. Avec sa finition couleur sable, ce lampadaire d\u00e9gage une aura chaleureuse\",\"breadcrumb\":{\"@id\":\"https:\/\/hubsch-interior.com\/fr\/produit\/solid-lampadaire-sable\/#breadcrumb\"},\"inLanguage\":\"fr-FR\",\"potentialAction\":[{\"@type\":\"ReadAction\",\"target\":[\"https:\/\/hubsch-interior.com\/fr\/produit\/solid-lampadaire-sable\/\"]}]},{\"@type\":\"ImageObject\",\"inLanguage\":\"fr-FR\",\"@id\":\"https:\/\/hubsch-interior.com\/fr\/produit\/solid-lampadaire-sable\/#primaryimage\",\"url\":\"https:\/\/hubsch-interior.com\/wp-content\/uploads\/2026\/02\/solid-floor-lamp-sand-47a2372f37a762135c5a21feaf8c3994.jpg\",\"contentUrl\":\"https:\/\/hubsch-interior.com\/wp-content\/uploads\/2026\/02\/solid-floor-lamp-sand-47a2372f37a762135c5a21feaf8c3994.jpg\",\"width\":1024,\"height\":1024},{\"@type\":\"BreadcrumbList\",\"@id\":\"https:\/\/hubsch-interior.com\/fr\/produit\/solid-lampadaire-sable\/#breadcrumb\",\"itemListElement\":[{\"@type\":\"ListItem\",\"position\":1,\"name\":\"Page d'accueil\",\"item\":\"https:\/\/hubsch-interior.com\/fr\/\"},{\"@type\":\"ListItem\",\"position\":2,\"name\":\"Produits\",\"item\":\"https:\/\/hubsch-interior.com\/fr\/shop-2\/\"},{\"@type\":\"ListItem\",\"position\":3,\"name\":\"Luminaires\",\"item\":\"https:\/\/hubsch-interior.com\/fr\/categorie-produit\/luminaires\/\"},{\"@type\":\"ListItem\",\"position\":4,\"name\":\"Lampadaires\",\"item\":\"https:\/\/hubsch-interior.com\/fr\/categorie-produit\/luminaires\/lampadaires-fr\/\"},{\"@type\":\"ListItem\",\"position\":5,\"name\":\"Solid Lampadaire Sable\"}]},{\"@type\":\"WebSite\",\"@id\":\"https:\/\/hubsch-interior.com\/fr\/#website\",\"url\":\"https:\/\/hubsch-interior.com\/fr\/\",\"name\":\"H\u00fcbsch\",\"description\":\"Danish Home Interior and Design\",\"publisher\":{\"@id\":\"https:\/\/hubsch-interior.com\/fr\/#organization\"},\"potentialAction\":[{\"@type\":\"SearchAction\",\"target\":{\"@type\":\"EntryPoint\",\"urlTemplate\":\"https:\/\/hubsch-interior.com\/fr\/?s={search_term_string}\"},\"query-input\":{\"@type\":\"PropertyValueSpecification\",\"valueRequired\":true,\"valueName\":\"search_term_string\"}}],\"inLanguage\":\"fr-FR\"},{\"@type\":\"Organization\",\"@id\":\"https:\/\/hubsch-interior.com\/fr\/#organization\",\"name\":\"H\u00fcbsch\",\"url\":\"https:\/\/hubsch-interior.com\/fr\/\",\"logo\":{\"@type\":\"ImageObject\",\"inLanguage\":\"fr-FR\",\"@id\":\"https:\/\/hubsch-interior.com\/fr\/#\/schema\/logo\/image\/\",\"url\":\"https:\/\/hubsch-interior.com\/wp-content\/uploads\/2022\/12\/Hubsch_logo_black_one_line.svg\",\"contentUrl\":\"https:\/\/hubsch-interior.com\/wp-content\/uploads\/2022\/12\/Hubsch_logo_black_one_line.svg\",\"caption\":\"H\u00fcbsch\"},\"image\":{\"@id\":\"https:\/\/hubsch-interior.com\/fr\/#\/schema\/logo\/image\/\"}}]}<\/script>\n<!-- \/ Yoast SEO plugin. -->","yoast_head_json":{"title":"Solid Lampadaire Sable - H\u00fcbsch","description":"D\u00e9couvrez le Solid Lampadaire, un ajout \u00e9l\u00e9gant \u00e0 votre d\u00e9coration int\u00e9rieure. Avec sa finition couleur sable, ce lampadaire d\u00e9gage une aura chaleureuse","robots":{"index":"index","follow":"follow","max-snippet":"max-snippet:-1","max-image-preview":"max-image-preview:large","max-video-preview":"max-video-preview:-1"},"canonical":"https:\/\/hubsch-interior.com\/fr\/wp-json\/wp\/v2\/product\/978007","og_locale":"fr_FR","og_type":"article","og_title":"Solid Lampadaire Sable - H\u00fcbsch","og_description":"D\u00e9couvrez le Solid Lampadaire, un ajout \u00e9l\u00e9gant \u00e0 votre d\u00e9coration int\u00e9rieure. Avec sa finition couleur sable, ce lampadaire d\u00e9gage une aura chaleureuse","og_url":"https:\/\/hubsch-interior.com\/fr\/produit\/solid-lampadaire-sable\/","og_site_name":"H\u00fcbsch","article_modified_time":"2026-04-05T03:07:52+00:00","og_image":[{"width":1200,"height":1200,"url":"https:\/\/hubsch-interior.com\/wp-content\/uploads\/2024\/01\/solid-floor-lamp-sand-247b07e22ee7a6e8dfda1c8c691730fd.jpg","type":"image\/jpeg"}],"twitter_card":"summary_large_image","twitter_misc":{"Dur\u00e9e de lecture estim\u00e9e":"1 minute"},"schema":{"@context":"https:\/\/schema.org","@graph":[{"@type":"WebPage","@id":"https:\/\/hubsch-interior.com\/fr\/produit\/solid-lampadaire-sable\/","url":"https:\/\/hubsch-interior.com\/fr\/produit\/solid-lampadaire-sable\/","name":"Solid Lampadaire Sable - H\u00fcbsch","isPartOf":{"@id":"https:\/\/hubsch-interior.com\/fr\/#website"},"primaryImageOfPage":{"@id":"https:\/\/hubsch-interior.com\/fr\/produit\/solid-lampadaire-sable\/#primaryimage"},"image":{"@id":"https:\/\/hubsch-interior.com\/fr\/produit\/solid-lampadaire-sable\/#primaryimage"},"thumbnailUrl":"https:\/\/hubsch-interior.com\/wp-content\/uploads\/2026\/02\/solid-floor-lamp-sand-47a2372f37a762135c5a21feaf8c3994.jpg","datePublished":"2024-01-29T08:35:29+00:00","dateModified":"2026-04-05T03:07:52+00:00","description":"D\u00e9couvrez le Solid Lampadaire, un ajout \u00e9l\u00e9gant \u00e0 votre d\u00e9coration int\u00e9rieure. Avec sa finition couleur sable, ce lampadaire d\u00e9gage une aura chaleureuse","breadcrumb":{"@id":"https:\/\/hubsch-interior.com\/fr\/produit\/solid-lampadaire-sable\/#breadcrumb"},"inLanguage":"fr-FR","potentialAction":[{"@type":"ReadAction","target":["https:\/\/hubsch-interior.com\/fr\/produit\/solid-lampadaire-sable\/"]}]},{"@type":"ImageObject","inLanguage":"fr-FR","@id":"https:\/\/hubsch-interior.com\/fr\/produit\/solid-lampadaire-sable\/#primaryimage","url":"https:\/\/hubsch-interior.com\/wp-content\/uploads\/2026\/02\/solid-floor-lamp-sand-47a2372f37a762135c5a21feaf8c3994.jpg","contentUrl":"https:\/\/hubsch-interior.com\/wp-content\/uploads\/2026\/02\/solid-floor-lamp-sand-47a2372f37a762135c5a21feaf8c3994.jpg","width":1024,"height":1024},{"@type":"BreadcrumbList","@id":"https:\/\/hubsch-interior.com\/fr\/produit\/solid-lampadaire-sable\/#breadcrumb","itemListElement":[{"@type":"ListItem","position":1,"name":"Page d'accueil","item":"https:\/\/hubsch-interior.com\/fr\/"},{"@type":"ListItem","position":2,"name":"Produits","item":"https:\/\/hubsch-interior.com\/fr\/shop-2\/"},{"@type":"ListItem","position":3,"name":"Luminaires","item":"https:\/\/hubsch-interior.com\/fr\/categorie-produit\/luminaires\/"},{"@type":"ListItem","position":4,"name":"Lampadaires","item":"https:\/\/hubsch-interior.com\/fr\/categorie-produit\/luminaires\/lampadaires-fr\/"},{"@type":"ListItem","position":5,"name":"Solid Lampadaire Sable"}]},{"@type":"WebSite","@id":"https:\/\/hubsch-interior.com\/fr\/#website","url":"https:\/\/hubsch-interior.com\/fr\/","name":"H\u00fcbsch","description":"Danish Home Interior and Design","publisher":{"@id":"https:\/\/hubsch-interior.com\/fr\/#organization"},"potentialAction":[{"@type":"SearchAction","target":{"@type":"EntryPoint","urlTemplate":"https:\/\/hubsch-interior.com\/fr\/?s={search_term_string}"},"query-input":{"@type":"PropertyValueSpecification","valueRequired":true,"valueName":"search_term_string"}}],"inLanguage":"fr-FR"},{"@type":"Organization","@id":"https:\/\/hubsch-interior.com\/fr\/#organization","name":"H\u00fcbsch","url":"https:\/\/hubsch-interior.com\/fr\/","logo":{"@type":"ImageObject","inLanguage":"fr-FR","@id":"https:\/\/hubsch-interior.com\/fr\/#\/schema\/logo\/image\/","url":"https:\/\/hubsch-interior.com\/wp-content\/uploads\/2022\/12\/Hubsch_logo_black_one_line.svg","contentUrl":"https:\/\/hubsch-interior.com\/wp-content\/uploads\/2022\/12\/Hubsch_logo_black_one_line.svg","caption":"H\u00fcbsch"},"image":{"@id":"https:\/\/hubsch-interior.com\/fr\/#\/schema\/logo\/image\/"}}]}},"_links":{"self":[{"href":"https:\/\/hubsch-interior.com\/fr\/wp-json\/wp\/v2\/product\/978007","targetHints":{"allow":["GET"]}}],"collection":[{"href":"https:\/\/hubsch-interior.com\/fr\/wp-json\/wp\/v2\/product"}],"about":[{"href":"https:\/\/hubsch-interior.com\/fr\/wp-json\/wp\/v2\/types\/product"}],"wp:featuredmedia":[{"embeddable":true,"href":"https:\/\/hubsch-interior.com\/fr\/wp-json\/wp\/v2\/media\/1107123"}],"wp:attachment":[{"href":"https:\/\/hubsch-interior.com\/fr\/wp-json\/wp\/v2\/media?parent=978007"}],"wp:term":[{"taxonomy":"product_brand","embeddable":true,"href":"https:\/\/hubsch-interior.com\/fr\/wp-json\/wp\/v2\/product_brand?post=978007"},{"taxonomy":"product_cat","embeddable":true,"href":"https:\/\/hubsch-interior.com\/fr\/wp-json\/wp\/v2\/product_cat?post=978007"},{"taxonomy":"product_tag","embeddable":true,"href":"https:\/\/hubsch-interior.com\/fr\/wp-json\/wp\/v2\/product_tag?post=978007"}],"curies":[{"name":"wp","href":"https:\/\/api.w.org\/{rel}","templated":true}]}}