{"id":978039,"date":"2024-01-29T09:35:52","date_gmt":"2024-01-29T08:35:52","guid":{"rendered":"https:\/\/hubsch-interior.com\/product\/product\/"},"modified":"2026-04-05T05:07:57","modified_gmt":"2026-04-05T03:07:57","slug":"como-lampadaire-beige","status":"publish","type":"product","link":"https:\/\/hubsch-interior.com\/fr\/produit\/como-lampadaire-beige\/","title":{"rendered":"Como Lampadaire Beige"},"content":{"rendered":"<p>Rehaussez votre d\u00e9coration int\u00e9rieure avec le magnifique Como Lampadaire \u00e9l\u00e9gant en beige. Fabriqu\u00e9 en verre et en m\u00e9tal de haute qualit\u00e9, ce lampadaire arbore un look sculptural et ludique qui apporte une touche de sophistication \u00e0 n&#8217;importe quelle pi\u00e8ce. Avec deux sources de lumi\u00e8re r\u00e9glables, vous avez la libert\u00e9 de cr\u00e9er l&#8217;ambiance id\u00e9ale pour toute occasion. Non seulement il fournit un \u00e9clairage fonctionnel, mais il cr\u00e9e \u00e9galement des couches dans la pi\u00e8ce, en faisant le parfait \u00e9l\u00e9ment accent pour votre espace de vie. Rehaussez votre design int\u00e9rieur avec le lampadaire polyvalent et \u00e9l\u00e9gant Como.<\/p>\n","protected":false},"excerpt":{"rendered":"<p>Rehaussez votre d\u00e9coration int\u00e9rieure avec le magnifique Como Lampadaire \u00e9l\u00e9gant en beige. Fabriqu\u00e9 en verre et en m\u00e9tal de haute qualit\u00e9, ce lampadaire arbore un look sculptural et ludique qui apporte une touche de sophistication \u00e0 n&#8217;importe quelle pi\u00e8ce. Avec deux sources de lumi\u00e8re r\u00e9glables, vous avez la libert\u00e9 de cr\u00e9er l&#8217;ambiance id\u00e9ale pour toute [&hellip;]<\/p>\n","protected":false},"featured_media":1107151,"template":"","meta":{"_acf_changed":false,"inline_featured_image":false},"product_brand":[],"product_cat":[6900,6882,3810,3496,5026],"product_tag":[],"class_list":{"0":"post-978039","1":"product","2":"type-product","3":"status-publish","4":"has-post-thumbnail","6":"product_cat-eclairage-fonctionnel-fr","7":"product_cat-elevating-nostalgia-fr","8":"product_cat-luminaires","9":"product_cat-lampadaires-fr","10":"product_cat-bestsellers-fr","11":"product_shipping_class-pk","13":"pa_color-beige-3","14":"pa_material-fer-fr","15":"pa_material-verre-fr","17":"first","18":"instock","19":"featured","20":"taxable","21":"shipping-taxable","22":"purchasable","23":"product-type-simple"},"exclude_global_add_ons":[],"addons":[],"acf":[],"yoast_head":"<!-- This site is optimized with the Yoast SEO plugin v26.4 - https:\/\/yoast.com\/wordpress\/plugins\/seo\/ -->\n<title>Como Lampadaire Beige - H\u00fcbsch<\/title>\n<meta name=\"description\" content=\"Rehaussez votre d\u00e9coration int\u00e9rieure avec le magnifique Como Lampadaire \u00e9l\u00e9gant en beige. Fabriqu\u00e9 en verre et en m\u00e9tal de haute qualit\u00e9, ce lampadaire\" \/>\n<meta name=\"robots\" content=\"index, follow, max-snippet:-1, max-image-preview:large, max-video-preview:-1\" \/>\n<link rel=\"canonical\" href=\"https:\/\/hubsch-interior.com\/fr\/wp-json\/wp\/v2\/product\/978039\" \/>\n<meta property=\"og:locale\" content=\"fr_FR\" \/>\n<meta property=\"og:type\" content=\"article\" \/>\n<meta property=\"og:title\" content=\"Como Lampadaire Beige - H\u00fcbsch\" \/>\n<meta property=\"og:description\" content=\"Rehaussez votre d\u00e9coration int\u00e9rieure avec le magnifique Como Lampadaire \u00e9l\u00e9gant en beige. Fabriqu\u00e9 en verre et en m\u00e9tal de haute qualit\u00e9, ce lampadaire\" \/>\n<meta property=\"og:url\" content=\"https:\/\/hubsch-interior.com\/fr\/produit\/como-lampadaire-beige\/\" \/>\n<meta property=\"og:site_name\" content=\"H\u00fcbsch\" \/>\n<meta property=\"article:modified_time\" content=\"2026-04-05T03:07:57+00:00\" \/>\n<meta property=\"og:image\" content=\"https:\/\/hubsch-interior.com\/wp-content\/uploads\/2024\/01\/como-floor-lamp-beige-c744f1f7e485f83634b03481909fe5a6.jpg\" \/>\n\t<meta property=\"og:image:width\" content=\"1200\" \/>\n\t<meta property=\"og:image:height\" content=\"1200\" \/>\n\t<meta property=\"og:image:type\" content=\"image\/jpeg\" \/>\n<meta name=\"twitter:card\" content=\"summary_large_image\" \/>\n<meta name=\"twitter:label1\" content=\"Dur\u00e9e de lecture estim\u00e9e\" \/>\n\t<meta name=\"twitter:data1\" content=\"1 minute\" \/>\n<script type=\"application\/ld+json\" class=\"yoast-schema-graph\">{\"@context\":\"https:\/\/schema.org\",\"@graph\":[{\"@type\":\"WebPage\",\"@id\":\"https:\/\/hubsch-interior.com\/fr\/produit\/como-lampadaire-beige\/\",\"url\":\"https:\/\/hubsch-interior.com\/fr\/produit\/como-lampadaire-beige\/\",\"name\":\"Como Lampadaire Beige - H\u00fcbsch\",\"isPartOf\":{\"@id\":\"https:\/\/hubsch-interior.com\/fr\/#website\"},\"primaryImageOfPage\":{\"@id\":\"https:\/\/hubsch-interior.com\/fr\/produit\/como-lampadaire-beige\/#primaryimage\"},\"image\":{\"@id\":\"https:\/\/hubsch-interior.com\/fr\/produit\/como-lampadaire-beige\/#primaryimage\"},\"thumbnailUrl\":\"https:\/\/hubsch-interior.com\/wp-content\/uploads\/2026\/02\/como-floor-lamp-beige-0cd53b6b46bf57d6db27641b0d8657e3.jpg\",\"datePublished\":\"2024-01-29T08:35:52+00:00\",\"dateModified\":\"2026-04-05T03:07:57+00:00\",\"description\":\"Rehaussez votre d\u00e9coration int\u00e9rieure avec le magnifique Como Lampadaire \u00e9l\u00e9gant en beige. Fabriqu\u00e9 en verre et en m\u00e9tal de haute qualit\u00e9, ce lampadaire\",\"breadcrumb\":{\"@id\":\"https:\/\/hubsch-interior.com\/fr\/produit\/como-lampadaire-beige\/#breadcrumb\"},\"inLanguage\":\"fr-FR\",\"potentialAction\":[{\"@type\":\"ReadAction\",\"target\":[\"https:\/\/hubsch-interior.com\/fr\/produit\/como-lampadaire-beige\/\"]}]},{\"@type\":\"ImageObject\",\"inLanguage\":\"fr-FR\",\"@id\":\"https:\/\/hubsch-interior.com\/fr\/produit\/como-lampadaire-beige\/#primaryimage\",\"url\":\"https:\/\/hubsch-interior.com\/wp-content\/uploads\/2026\/02\/como-floor-lamp-beige-0cd53b6b46bf57d6db27641b0d8657e3.jpg\",\"contentUrl\":\"https:\/\/hubsch-interior.com\/wp-content\/uploads\/2026\/02\/como-floor-lamp-beige-0cd53b6b46bf57d6db27641b0d8657e3.jpg\",\"width\":1024,\"height\":1024},{\"@type\":\"BreadcrumbList\",\"@id\":\"https:\/\/hubsch-interior.com\/fr\/produit\/como-lampadaire-beige\/#breadcrumb\",\"itemListElement\":[{\"@type\":\"ListItem\",\"position\":1,\"name\":\"Page d'accueil\",\"item\":\"https:\/\/hubsch-interior.com\/fr\/\"},{\"@type\":\"ListItem\",\"position\":2,\"name\":\"Produits\",\"item\":\"https:\/\/hubsch-interior.com\/fr\/shop-2\/\"},{\"@type\":\"ListItem\",\"position\":3,\"name\":\"Luminaires\",\"item\":\"https:\/\/hubsch-interior.com\/fr\/categorie-produit\/luminaires\/\"},{\"@type\":\"ListItem\",\"position\":4,\"name\":\"Lampadaires\",\"item\":\"https:\/\/hubsch-interior.com\/fr\/categorie-produit\/luminaires\/lampadaires-fr\/\"},{\"@type\":\"ListItem\",\"position\":5,\"name\":\"Como Lampadaire Beige\"}]},{\"@type\":\"WebSite\",\"@id\":\"https:\/\/hubsch-interior.com\/fr\/#website\",\"url\":\"https:\/\/hubsch-interior.com\/fr\/\",\"name\":\"H\u00fcbsch\",\"description\":\"Danish Home Interior and Design\",\"publisher\":{\"@id\":\"https:\/\/hubsch-interior.com\/fr\/#organization\"},\"potentialAction\":[{\"@type\":\"SearchAction\",\"target\":{\"@type\":\"EntryPoint\",\"urlTemplate\":\"https:\/\/hubsch-interior.com\/fr\/?s={search_term_string}\"},\"query-input\":{\"@type\":\"PropertyValueSpecification\",\"valueRequired\":true,\"valueName\":\"search_term_string\"}}],\"inLanguage\":\"fr-FR\"},{\"@type\":\"Organization\",\"@id\":\"https:\/\/hubsch-interior.com\/fr\/#organization\",\"name\":\"H\u00fcbsch\",\"url\":\"https:\/\/hubsch-interior.com\/fr\/\",\"logo\":{\"@type\":\"ImageObject\",\"inLanguage\":\"fr-FR\",\"@id\":\"https:\/\/hubsch-interior.com\/fr\/#\/schema\/logo\/image\/\",\"url\":\"https:\/\/hubsch-interior.com\/wp-content\/uploads\/2022\/12\/Hubsch_logo_black_one_line.svg\",\"contentUrl\":\"https:\/\/hubsch-interior.com\/wp-content\/uploads\/2022\/12\/Hubsch_logo_black_one_line.svg\",\"caption\":\"H\u00fcbsch\"},\"image\":{\"@id\":\"https:\/\/hubsch-interior.com\/fr\/#\/schema\/logo\/image\/\"}}]}<\/script>\n<!-- \/ Yoast SEO plugin. -->","yoast_head_json":{"title":"Como Lampadaire Beige - H\u00fcbsch","description":"Rehaussez votre d\u00e9coration int\u00e9rieure avec le magnifique Como Lampadaire \u00e9l\u00e9gant en beige. Fabriqu\u00e9 en verre et en m\u00e9tal de haute qualit\u00e9, ce lampadaire","robots":{"index":"index","follow":"follow","max-snippet":"max-snippet:-1","max-image-preview":"max-image-preview:large","max-video-preview":"max-video-preview:-1"},"canonical":"https:\/\/hubsch-interior.com\/fr\/wp-json\/wp\/v2\/product\/978039","og_locale":"fr_FR","og_type":"article","og_title":"Como Lampadaire Beige - H\u00fcbsch","og_description":"Rehaussez votre d\u00e9coration int\u00e9rieure avec le magnifique Como Lampadaire \u00e9l\u00e9gant en beige. Fabriqu\u00e9 en verre et en m\u00e9tal de haute qualit\u00e9, ce lampadaire","og_url":"https:\/\/hubsch-interior.com\/fr\/produit\/como-lampadaire-beige\/","og_site_name":"H\u00fcbsch","article_modified_time":"2026-04-05T03:07:57+00:00","og_image":[{"width":1200,"height":1200,"url":"https:\/\/hubsch-interior.com\/wp-content\/uploads\/2024\/01\/como-floor-lamp-beige-c744f1f7e485f83634b03481909fe5a6.jpg","type":"image\/jpeg"}],"twitter_card":"summary_large_image","twitter_misc":{"Dur\u00e9e de lecture estim\u00e9e":"1 minute"},"schema":{"@context":"https:\/\/schema.org","@graph":[{"@type":"WebPage","@id":"https:\/\/hubsch-interior.com\/fr\/produit\/como-lampadaire-beige\/","url":"https:\/\/hubsch-interior.com\/fr\/produit\/como-lampadaire-beige\/","name":"Como Lampadaire Beige - H\u00fcbsch","isPartOf":{"@id":"https:\/\/hubsch-interior.com\/fr\/#website"},"primaryImageOfPage":{"@id":"https:\/\/hubsch-interior.com\/fr\/produit\/como-lampadaire-beige\/#primaryimage"},"image":{"@id":"https:\/\/hubsch-interior.com\/fr\/produit\/como-lampadaire-beige\/#primaryimage"},"thumbnailUrl":"https:\/\/hubsch-interior.com\/wp-content\/uploads\/2026\/02\/como-floor-lamp-beige-0cd53b6b46bf57d6db27641b0d8657e3.jpg","datePublished":"2024-01-29T08:35:52+00:00","dateModified":"2026-04-05T03:07:57+00:00","description":"Rehaussez votre d\u00e9coration int\u00e9rieure avec le magnifique Como Lampadaire \u00e9l\u00e9gant en beige. Fabriqu\u00e9 en verre et en m\u00e9tal de haute qualit\u00e9, ce lampadaire","breadcrumb":{"@id":"https:\/\/hubsch-interior.com\/fr\/produit\/como-lampadaire-beige\/#breadcrumb"},"inLanguage":"fr-FR","potentialAction":[{"@type":"ReadAction","target":["https:\/\/hubsch-interior.com\/fr\/produit\/como-lampadaire-beige\/"]}]},{"@type":"ImageObject","inLanguage":"fr-FR","@id":"https:\/\/hubsch-interior.com\/fr\/produit\/como-lampadaire-beige\/#primaryimage","url":"https:\/\/hubsch-interior.com\/wp-content\/uploads\/2026\/02\/como-floor-lamp-beige-0cd53b6b46bf57d6db27641b0d8657e3.jpg","contentUrl":"https:\/\/hubsch-interior.com\/wp-content\/uploads\/2026\/02\/como-floor-lamp-beige-0cd53b6b46bf57d6db27641b0d8657e3.jpg","width":1024,"height":1024},{"@type":"BreadcrumbList","@id":"https:\/\/hubsch-interior.com\/fr\/produit\/como-lampadaire-beige\/#breadcrumb","itemListElement":[{"@type":"ListItem","position":1,"name":"Page d'accueil","item":"https:\/\/hubsch-interior.com\/fr\/"},{"@type":"ListItem","position":2,"name":"Produits","item":"https:\/\/hubsch-interior.com\/fr\/shop-2\/"},{"@type":"ListItem","position":3,"name":"Luminaires","item":"https:\/\/hubsch-interior.com\/fr\/categorie-produit\/luminaires\/"},{"@type":"ListItem","position":4,"name":"Lampadaires","item":"https:\/\/hubsch-interior.com\/fr\/categorie-produit\/luminaires\/lampadaires-fr\/"},{"@type":"ListItem","position":5,"name":"Como Lampadaire Beige"}]},{"@type":"WebSite","@id":"https:\/\/hubsch-interior.com\/fr\/#website","url":"https:\/\/hubsch-interior.com\/fr\/","name":"H\u00fcbsch","description":"Danish Home Interior and Design","publisher":{"@id":"https:\/\/hubsch-interior.com\/fr\/#organization"},"potentialAction":[{"@type":"SearchAction","target":{"@type":"EntryPoint","urlTemplate":"https:\/\/hubsch-interior.com\/fr\/?s={search_term_string}"},"query-input":{"@type":"PropertyValueSpecification","valueRequired":true,"valueName":"search_term_string"}}],"inLanguage":"fr-FR"},{"@type":"Organization","@id":"https:\/\/hubsch-interior.com\/fr\/#organization","name":"H\u00fcbsch","url":"https:\/\/hubsch-interior.com\/fr\/","logo":{"@type":"ImageObject","inLanguage":"fr-FR","@id":"https:\/\/hubsch-interior.com\/fr\/#\/schema\/logo\/image\/","url":"https:\/\/hubsch-interior.com\/wp-content\/uploads\/2022\/12\/Hubsch_logo_black_one_line.svg","contentUrl":"https:\/\/hubsch-interior.com\/wp-content\/uploads\/2022\/12\/Hubsch_logo_black_one_line.svg","caption":"H\u00fcbsch"},"image":{"@id":"https:\/\/hubsch-interior.com\/fr\/#\/schema\/logo\/image\/"}}]}},"_links":{"self":[{"href":"https:\/\/hubsch-interior.com\/fr\/wp-json\/wp\/v2\/product\/978039","targetHints":{"allow":["GET"]}}],"collection":[{"href":"https:\/\/hubsch-interior.com\/fr\/wp-json\/wp\/v2\/product"}],"about":[{"href":"https:\/\/hubsch-interior.com\/fr\/wp-json\/wp\/v2\/types\/product"}],"wp:featuredmedia":[{"embeddable":true,"href":"https:\/\/hubsch-interior.com\/fr\/wp-json\/wp\/v2\/media\/1107151"}],"wp:attachment":[{"href":"https:\/\/hubsch-interior.com\/fr\/wp-json\/wp\/v2\/media?parent=978039"}],"wp:term":[{"taxonomy":"product_brand","embeddable":true,"href":"https:\/\/hubsch-interior.com\/fr\/wp-json\/wp\/v2\/product_brand?post=978039"},{"taxonomy":"product_cat","embeddable":true,"href":"https:\/\/hubsch-interior.com\/fr\/wp-json\/wp\/v2\/product_cat?post=978039"},{"taxonomy":"product_tag","embeddable":true,"href":"https:\/\/hubsch-interior.com\/fr\/wp-json\/wp\/v2\/product_tag?post=978039"}],"curies":[{"name":"wp","href":"https:\/\/api.w.org\/{rel}","templated":true}]}}