{"id":978063,"date":"2024-01-29T09:36:08","date_gmt":"2024-01-29T08:36:08","guid":{"rendered":"https:\/\/hubsch-interior.com\/product\/product\/"},"modified":"2026-04-14T05:19:42","modified_gmt":"2026-04-14T03:19:42","slug":"file-organiseur-de-bureau-gris","status":"publish","type":"product","link":"https:\/\/hubsch-interior.com\/fr\/produit\/file-organiseur-de-bureau-gris\/","title":{"rendered":"File Organiseur de bureau Gris"},"content":{"rendered":"<p>D\u00e9couvrez la solution de rangement ultime pour votre bureau \u2014 l&#8217;organiseur de bureau gris File Organiseur de bureau ! Fabriqu\u00e9 en m\u00e9tal robuste avec un design \u00e9l\u00e9gant inspir\u00e9 de l&#8217;acier, cet organisateur est \u00e0 la fois fonctionnel et styl\u00e9. Avec son utilisation polyvalente, il peut \u00e9galement servir de support \u00e0 livres, gardant ainsi votre bureau sans encombrement et vos livres facilement accessibles. Dites adieu aux tas de d\u00e9sordre et bonjour \u00e0 un espace de travail plus organis\u00e9 avec cet accessoire de bureau indispensable. Am\u00e9liorez votre jeu au bureau avec le File Organiseur de bureau.<\/p>\n","protected":false},"excerpt":{"rendered":"<p>D\u00e9couvrez la solution de rangement ultime pour votre bureau \u2014 l&#8217;organiseur de bureau gris File Organiseur de bureau ! Fabriqu\u00e9 en m\u00e9tal robuste avec un design \u00e9l\u00e9gant inspir\u00e9 de l&#8217;acier, cet organisateur est \u00e0 la fois fonctionnel et styl\u00e9. Avec son utilisation polyvalente, il peut \u00e9galement servir de support \u00e0 livres, gardant ainsi votre bureau [&hellip;]<\/p>\n","protected":false},"featured_media":1113537,"template":"","meta":{"_acf_changed":false,"inline_featured_image":false},"product_brand":[],"product_cat":[6882,4153,4159,5026],"product_tag":[],"class_list":{"0":"post-978063","1":"product","2":"type-product","3":"status-publish","4":"has-post-thumbnail","6":"product_cat-elevating-nostalgia-fr","7":"product_cat-espace-de-travail-fr","8":"product_cat-serre-livres-fr","9":"product_cat-bestsellers-fr","10":"product_shipping_class-pk","12":"pa_color-gris-2","13":"pa_material-fer-fr","15":"first","16":"instock","17":"featured","18":"taxable","19":"shipping-taxable","20":"purchasable","21":"product-type-simple"},"exclude_global_add_ons":[],"addons":[],"acf":[],"yoast_head":"<!-- This site is optimized with the Yoast SEO plugin v26.4 - https:\/\/yoast.com\/wordpress\/plugins\/seo\/ -->\n<title>File Organiseur de bureau Gris - H\u00fcbsch<\/title>\n<meta name=\"description\" content=\"D\u00e9couvrez la solution de rangement ultime pour votre bureau \u2014 l&#039;organiseur de bureau gris File Organiseur de bureau ! Fabriqu\u00e9 en m\u00e9tal robuste avec un\" \/>\n<meta name=\"robots\" content=\"index, follow, max-snippet:-1, max-image-preview:large, max-video-preview:-1\" \/>\n<link rel=\"canonical\" href=\"https:\/\/hubsch-interior.com\/fr\/wp-json\/wp\/v2\/product\/978063\" \/>\n<meta property=\"og:locale\" content=\"fr_FR\" \/>\n<meta property=\"og:type\" content=\"article\" \/>\n<meta property=\"og:title\" content=\"File Organiseur de bureau Gris - H\u00fcbsch\" \/>\n<meta property=\"og:description\" content=\"D\u00e9couvrez la solution de rangement ultime pour votre bureau \u2014 l&#039;organiseur de bureau gris File Organiseur de bureau ! Fabriqu\u00e9 en m\u00e9tal robuste avec un\" \/>\n<meta property=\"og:url\" content=\"https:\/\/hubsch-interior.com\/fr\/produit\/file-organiseur-de-bureau-gris\/\" \/>\n<meta property=\"og:site_name\" content=\"H\u00fcbsch\" \/>\n<meta property=\"article:modified_time\" content=\"2026-04-14T03:19:42+00:00\" \/>\n<meta property=\"og:image\" content=\"https:\/\/hubsch-interior.com\/wp-content\/uploads\/2024\/03\/file-desk-organiser-grey-7cf9ebc26520e2f22eff8a7ce4ec30a1.jpg\" \/>\n\t<meta property=\"og:image:width\" content=\"1200\" \/>\n\t<meta property=\"og:image:height\" content=\"1200\" \/>\n\t<meta property=\"og:image:type\" content=\"image\/jpeg\" \/>\n<meta name=\"twitter:card\" content=\"summary_large_image\" \/>\n<script type=\"application\/ld+json\" class=\"yoast-schema-graph\">{\"@context\":\"https:\/\/schema.org\",\"@graph\":[{\"@type\":\"WebPage\",\"@id\":\"https:\/\/hubsch-interior.com\/fr\/produit\/file-organiseur-de-bureau-gris\/\",\"url\":\"https:\/\/hubsch-interior.com\/fr\/produit\/file-organiseur-de-bureau-gris\/\",\"name\":\"File Organiseur de bureau Gris - H\u00fcbsch\",\"isPartOf\":{\"@id\":\"https:\/\/hubsch-interior.com\/fr\/#website\"},\"primaryImageOfPage\":{\"@id\":\"https:\/\/hubsch-interior.com\/fr\/produit\/file-organiseur-de-bureau-gris\/#primaryimage\"},\"image\":{\"@id\":\"https:\/\/hubsch-interior.com\/fr\/produit\/file-organiseur-de-bureau-gris\/#primaryimage\"},\"thumbnailUrl\":\"https:\/\/hubsch-interior.com\/wp-content\/uploads\/2026\/02\/file-desk-organiser-grey-0484ef76eaaaffe3ece868f2694f73e7.jpg\",\"datePublished\":\"2024-01-29T08:36:08+00:00\",\"dateModified\":\"2026-04-14T03:19:42+00:00\",\"description\":\"D\u00e9couvrez la solution de rangement ultime pour votre bureau \u2014 l'organiseur de bureau gris File Organiseur de bureau ! Fabriqu\u00e9 en m\u00e9tal robuste avec un\",\"breadcrumb\":{\"@id\":\"https:\/\/hubsch-interior.com\/fr\/produit\/file-organiseur-de-bureau-gris\/#breadcrumb\"},\"inLanguage\":\"fr-FR\",\"potentialAction\":[{\"@type\":\"ReadAction\",\"target\":[\"https:\/\/hubsch-interior.com\/fr\/produit\/file-organiseur-de-bureau-gris\/\"]}]},{\"@type\":\"ImageObject\",\"inLanguage\":\"fr-FR\",\"@id\":\"https:\/\/hubsch-interior.com\/fr\/produit\/file-organiseur-de-bureau-gris\/#primaryimage\",\"url\":\"https:\/\/hubsch-interior.com\/wp-content\/uploads\/2026\/02\/file-desk-organiser-grey-0484ef76eaaaffe3ece868f2694f73e7.jpg\",\"contentUrl\":\"https:\/\/hubsch-interior.com\/wp-content\/uploads\/2026\/02\/file-desk-organiser-grey-0484ef76eaaaffe3ece868f2694f73e7.jpg\",\"width\":1024,\"height\":1024},{\"@type\":\"BreadcrumbList\",\"@id\":\"https:\/\/hubsch-interior.com\/fr\/produit\/file-organiseur-de-bureau-gris\/#breadcrumb\",\"itemListElement\":[{\"@type\":\"ListItem\",\"position\":1,\"name\":\"Page d'accueil\",\"item\":\"https:\/\/hubsch-interior.com\/fr\/\"},{\"@type\":\"ListItem\",\"position\":2,\"name\":\"Produits\",\"item\":\"https:\/\/hubsch-interior.com\/fr\/shop-2\/\"},{\"@type\":\"ListItem\",\"position\":3,\"name\":\"Accessoires maison\",\"item\":\"https:\/\/hubsch-interior.com\/fr\/categorie-produit\/accessoires-maison\/\"},{\"@type\":\"ListItem\",\"position\":4,\"name\":\"Espace de travail\",\"item\":\"https:\/\/hubsch-interior.com\/fr\/categorie-produit\/accessoires-maison\/espace-de-travail-fr\/\"},{\"@type\":\"ListItem\",\"position\":5,\"name\":\"Serre-livres\",\"item\":\"https:\/\/hubsch-interior.com\/fr\/categorie-produit\/accessoires-maison\/espace-de-travail-fr\/serre-livres-fr\/\"},{\"@type\":\"ListItem\",\"position\":6,\"name\":\"File Organiseur de bureau Gris\"}]},{\"@type\":\"WebSite\",\"@id\":\"https:\/\/hubsch-interior.com\/fr\/#website\",\"url\":\"https:\/\/hubsch-interior.com\/fr\/\",\"name\":\"H\u00fcbsch\",\"description\":\"Danish Home Interior and Design\",\"publisher\":{\"@id\":\"https:\/\/hubsch-interior.com\/fr\/#organization\"},\"potentialAction\":[{\"@type\":\"SearchAction\",\"target\":{\"@type\":\"EntryPoint\",\"urlTemplate\":\"https:\/\/hubsch-interior.com\/fr\/?s={search_term_string}\"},\"query-input\":{\"@type\":\"PropertyValueSpecification\",\"valueRequired\":true,\"valueName\":\"search_term_string\"}}],\"inLanguage\":\"fr-FR\"},{\"@type\":\"Organization\",\"@id\":\"https:\/\/hubsch-interior.com\/fr\/#organization\",\"name\":\"H\u00fcbsch\",\"url\":\"https:\/\/hubsch-interior.com\/fr\/\",\"logo\":{\"@type\":\"ImageObject\",\"inLanguage\":\"fr-FR\",\"@id\":\"https:\/\/hubsch-interior.com\/fr\/#\/schema\/logo\/image\/\",\"url\":\"https:\/\/hubsch-interior.com\/wp-content\/uploads\/2022\/12\/Hubsch_logo_black_one_line.svg\",\"contentUrl\":\"https:\/\/hubsch-interior.com\/wp-content\/uploads\/2022\/12\/Hubsch_logo_black_one_line.svg\",\"caption\":\"H\u00fcbsch\"},\"image\":{\"@id\":\"https:\/\/hubsch-interior.com\/fr\/#\/schema\/logo\/image\/\"}}]}<\/script>\n<!-- \/ Yoast SEO plugin. -->","yoast_head_json":{"title":"File Organiseur de bureau Gris - H\u00fcbsch","description":"D\u00e9couvrez la solution de rangement ultime pour votre bureau \u2014 l'organiseur de bureau gris File Organiseur de bureau ! Fabriqu\u00e9 en m\u00e9tal robuste avec un","robots":{"index":"index","follow":"follow","max-snippet":"max-snippet:-1","max-image-preview":"max-image-preview:large","max-video-preview":"max-video-preview:-1"},"canonical":"https:\/\/hubsch-interior.com\/fr\/wp-json\/wp\/v2\/product\/978063","og_locale":"fr_FR","og_type":"article","og_title":"File Organiseur de bureau Gris - H\u00fcbsch","og_description":"D\u00e9couvrez la solution de rangement ultime pour votre bureau \u2014 l'organiseur de bureau gris File Organiseur de bureau ! Fabriqu\u00e9 en m\u00e9tal robuste avec un","og_url":"https:\/\/hubsch-interior.com\/fr\/produit\/file-organiseur-de-bureau-gris\/","og_site_name":"H\u00fcbsch","article_modified_time":"2026-04-14T03:19:42+00:00","og_image":[{"width":1200,"height":1200,"url":"https:\/\/hubsch-interior.com\/wp-content\/uploads\/2024\/03\/file-desk-organiser-grey-7cf9ebc26520e2f22eff8a7ce4ec30a1.jpg","type":"image\/jpeg"}],"twitter_card":"summary_large_image","schema":{"@context":"https:\/\/schema.org","@graph":[{"@type":"WebPage","@id":"https:\/\/hubsch-interior.com\/fr\/produit\/file-organiseur-de-bureau-gris\/","url":"https:\/\/hubsch-interior.com\/fr\/produit\/file-organiseur-de-bureau-gris\/","name":"File Organiseur de bureau Gris - H\u00fcbsch","isPartOf":{"@id":"https:\/\/hubsch-interior.com\/fr\/#website"},"primaryImageOfPage":{"@id":"https:\/\/hubsch-interior.com\/fr\/produit\/file-organiseur-de-bureau-gris\/#primaryimage"},"image":{"@id":"https:\/\/hubsch-interior.com\/fr\/produit\/file-organiseur-de-bureau-gris\/#primaryimage"},"thumbnailUrl":"https:\/\/hubsch-interior.com\/wp-content\/uploads\/2026\/02\/file-desk-organiser-grey-0484ef76eaaaffe3ece868f2694f73e7.jpg","datePublished":"2024-01-29T08:36:08+00:00","dateModified":"2026-04-14T03:19:42+00:00","description":"D\u00e9couvrez la solution de rangement ultime pour votre bureau \u2014 l'organiseur de bureau gris File Organiseur de bureau ! Fabriqu\u00e9 en m\u00e9tal robuste avec un","breadcrumb":{"@id":"https:\/\/hubsch-interior.com\/fr\/produit\/file-organiseur-de-bureau-gris\/#breadcrumb"},"inLanguage":"fr-FR","potentialAction":[{"@type":"ReadAction","target":["https:\/\/hubsch-interior.com\/fr\/produit\/file-organiseur-de-bureau-gris\/"]}]},{"@type":"ImageObject","inLanguage":"fr-FR","@id":"https:\/\/hubsch-interior.com\/fr\/produit\/file-organiseur-de-bureau-gris\/#primaryimage","url":"https:\/\/hubsch-interior.com\/wp-content\/uploads\/2026\/02\/file-desk-organiser-grey-0484ef76eaaaffe3ece868f2694f73e7.jpg","contentUrl":"https:\/\/hubsch-interior.com\/wp-content\/uploads\/2026\/02\/file-desk-organiser-grey-0484ef76eaaaffe3ece868f2694f73e7.jpg","width":1024,"height":1024},{"@type":"BreadcrumbList","@id":"https:\/\/hubsch-interior.com\/fr\/produit\/file-organiseur-de-bureau-gris\/#breadcrumb","itemListElement":[{"@type":"ListItem","position":1,"name":"Page d'accueil","item":"https:\/\/hubsch-interior.com\/fr\/"},{"@type":"ListItem","position":2,"name":"Produits","item":"https:\/\/hubsch-interior.com\/fr\/shop-2\/"},{"@type":"ListItem","position":3,"name":"Accessoires maison","item":"https:\/\/hubsch-interior.com\/fr\/categorie-produit\/accessoires-maison\/"},{"@type":"ListItem","position":4,"name":"Espace de travail","item":"https:\/\/hubsch-interior.com\/fr\/categorie-produit\/accessoires-maison\/espace-de-travail-fr\/"},{"@type":"ListItem","position":5,"name":"Serre-livres","item":"https:\/\/hubsch-interior.com\/fr\/categorie-produit\/accessoires-maison\/espace-de-travail-fr\/serre-livres-fr\/"},{"@type":"ListItem","position":6,"name":"File Organiseur de bureau Gris"}]},{"@type":"WebSite","@id":"https:\/\/hubsch-interior.com\/fr\/#website","url":"https:\/\/hubsch-interior.com\/fr\/","name":"H\u00fcbsch","description":"Danish Home Interior and Design","publisher":{"@id":"https:\/\/hubsch-interior.com\/fr\/#organization"},"potentialAction":[{"@type":"SearchAction","target":{"@type":"EntryPoint","urlTemplate":"https:\/\/hubsch-interior.com\/fr\/?s={search_term_string}"},"query-input":{"@type":"PropertyValueSpecification","valueRequired":true,"valueName":"search_term_string"}}],"inLanguage":"fr-FR"},{"@type":"Organization","@id":"https:\/\/hubsch-interior.com\/fr\/#organization","name":"H\u00fcbsch","url":"https:\/\/hubsch-interior.com\/fr\/","logo":{"@type":"ImageObject","inLanguage":"fr-FR","@id":"https:\/\/hubsch-interior.com\/fr\/#\/schema\/logo\/image\/","url":"https:\/\/hubsch-interior.com\/wp-content\/uploads\/2022\/12\/Hubsch_logo_black_one_line.svg","contentUrl":"https:\/\/hubsch-interior.com\/wp-content\/uploads\/2022\/12\/Hubsch_logo_black_one_line.svg","caption":"H\u00fcbsch"},"image":{"@id":"https:\/\/hubsch-interior.com\/fr\/#\/schema\/logo\/image\/"}}]}},"_links":{"self":[{"href":"https:\/\/hubsch-interior.com\/fr\/wp-json\/wp\/v2\/product\/978063","targetHints":{"allow":["GET"]}}],"collection":[{"href":"https:\/\/hubsch-interior.com\/fr\/wp-json\/wp\/v2\/product"}],"about":[{"href":"https:\/\/hubsch-interior.com\/fr\/wp-json\/wp\/v2\/types\/product"}],"wp:featuredmedia":[{"embeddable":true,"href":"https:\/\/hubsch-interior.com\/fr\/wp-json\/wp\/v2\/media\/1113537"}],"wp:attachment":[{"href":"https:\/\/hubsch-interior.com\/fr\/wp-json\/wp\/v2\/media?parent=978063"}],"wp:term":[{"taxonomy":"product_brand","embeddable":true,"href":"https:\/\/hubsch-interior.com\/fr\/wp-json\/wp\/v2\/product_brand?post=978063"},{"taxonomy":"product_cat","embeddable":true,"href":"https:\/\/hubsch-interior.com\/fr\/wp-json\/wp\/v2\/product_cat?post=978063"},{"taxonomy":"product_tag","embeddable":true,"href":"https:\/\/hubsch-interior.com\/fr\/wp-json\/wp\/v2\/product_tag?post=978063"}],"curies":[{"name":"wp","href":"https:\/\/api.w.org\/{rel}","templated":true}]}}