{"id":978095,"date":"2024-01-29T09:36:32","date_gmt":"2024-01-29T08:36:32","guid":{"rendered":"https:\/\/hubsch-interior.com\/product\/product\/"},"modified":"2026-04-09T05:18:36","modified_gmt":"2026-04-09T03:18:36","slug":"hour-horloge-gris-metallise","status":"publish","type":"product","link":"https:\/\/hubsch-interior.com\/fr\/produit\/hour-horloge-gris-metallise\/","title":{"rendered":"Hour Horloge Gris m\u00e9tallis\u00e9"},"content":{"rendered":"<p>Plongez dans un monde fantaisiste du temps avec notre Hour Horloge en gris m\u00e9tallique. Fabriqu\u00e9e \u00e0 partir de m\u00e9tal de haute qualit\u00e9 avec une finition \u00e9l\u00e9gante en gris m\u00e9tallique, cette horloge est \u00e0 la fois fonctionnelle et une pi\u00e8ce de d\u00e9coration cr\u00e9ative. Placez-la sur une \u00e9tag\u00e8re ou accrochez-la au mur, le choix vous appartient. Disponible en deux variantes, l&#8217;Hour Horloge ajoute une touche de contraste \u00e0 n&#8217;importe quelle pi\u00e8ce avec son m\u00e9lange de couleurs ludiques. Faites une d\u00e9claration avec ce garde-temps unique qui attirera certainement le regard de quiconque entrera dans votre espace.<\/p>\n","protected":false},"excerpt":{"rendered":"<p>Plongez dans un monde fantaisiste du temps avec notre Hour Horloge en gris m\u00e9tallique. Fabriqu\u00e9e \u00e0 partir de m\u00e9tal de haute qualit\u00e9 avec une finition \u00e9l\u00e9gante en gris m\u00e9tallique, cette horloge est \u00e0 la fois fonctionnelle et une pi\u00e8ce de d\u00e9coration cr\u00e9ative. Placez-la sur une \u00e9tag\u00e8re ou accrochez-la au mur, le choix vous appartient. Disponible [&hellip;]<\/p>\n","protected":false},"featured_media":1113561,"template":"","meta":{"_acf_changed":false,"inline_featured_image":false},"product_brand":[],"product_cat":[6882,3116,3130,5026],"product_tag":[],"class_list":{"0":"post-978095","1":"product","2":"type-product","3":"status-publish","4":"has-post-thumbnail","6":"product_cat-elevating-nostalgia-fr","7":"product_cat-decoration-murale-fr","8":"product_cat-horloges-fr","9":"product_cat-bestsellers-fr","10":"product_shipping_class-pk","12":"pa_color-gris-mtallis","13":"pa_material-fer-fr","15":"first","16":"instock","17":"featured","18":"taxable","19":"shipping-taxable","20":"purchasable","21":"product-type-simple"},"exclude_global_add_ons":[],"addons":[],"acf":[],"yoast_head":"<!-- This site is optimized with the Yoast SEO plugin v26.4 - https:\/\/yoast.com\/wordpress\/plugins\/seo\/ -->\n<title>Hour Horloge Gris m\u00e9tallis\u00e9 - H\u00fcbsch<\/title>\n<meta name=\"description\" content=\"Plongez dans un monde fantaisiste du temps avec notre Hour Horloge en gris m\u00e9tallique. Fabriqu\u00e9e \u00e0 partir de m\u00e9tal de haute qualit\u00e9 avec une finition\" \/>\n<meta name=\"robots\" content=\"index, follow, max-snippet:-1, max-image-preview:large, max-video-preview:-1\" \/>\n<link rel=\"canonical\" href=\"https:\/\/hubsch-interior.com\/fr\/wp-json\/wp\/v2\/product\/978095\" \/>\n<meta property=\"og:locale\" content=\"fr_FR\" \/>\n<meta property=\"og:type\" content=\"article\" \/>\n<meta property=\"og:title\" content=\"Hour Horloge Gris m\u00e9tallis\u00e9 - H\u00fcbsch\" \/>\n<meta property=\"og:description\" content=\"Plongez dans un monde fantaisiste du temps avec notre Hour Horloge en gris m\u00e9tallique. Fabriqu\u00e9e \u00e0 partir de m\u00e9tal de haute qualit\u00e9 avec une finition\" \/>\n<meta property=\"og:url\" content=\"https:\/\/hubsch-interior.com\/fr\/produit\/hour-horloge-gris-metallise\/\" \/>\n<meta property=\"og:site_name\" content=\"H\u00fcbsch\" \/>\n<meta property=\"article:modified_time\" content=\"2026-04-09T03:18:36+00:00\" \/>\n<meta property=\"og:image\" content=\"https:\/\/hubsch-interior.com\/wp-content\/uploads\/2024\/01\/hour-clock-metallic-grey-0d7158a0c8fe2777a5775cb2f3ef1460.jpg\" \/>\n\t<meta property=\"og:image:width\" content=\"1200\" \/>\n\t<meta property=\"og:image:height\" content=\"1200\" \/>\n\t<meta property=\"og:image:type\" content=\"image\/jpeg\" \/>\n<meta name=\"twitter:card\" content=\"summary_large_image\" \/>\n<meta name=\"twitter:label1\" content=\"Dur\u00e9e de lecture estim\u00e9e\" \/>\n\t<meta name=\"twitter:data1\" content=\"1 minute\" \/>\n<script type=\"application\/ld+json\" class=\"yoast-schema-graph\">{\"@context\":\"https:\/\/schema.org\",\"@graph\":[{\"@type\":\"WebPage\",\"@id\":\"https:\/\/hubsch-interior.com\/fr\/produit\/hour-horloge-gris-metallise\/\",\"url\":\"https:\/\/hubsch-interior.com\/fr\/produit\/hour-horloge-gris-metallise\/\",\"name\":\"Hour Horloge Gris m\u00e9tallis\u00e9 - H\u00fcbsch\",\"isPartOf\":{\"@id\":\"https:\/\/hubsch-interior.com\/fr\/#website\"},\"primaryImageOfPage\":{\"@id\":\"https:\/\/hubsch-interior.com\/fr\/produit\/hour-horloge-gris-metallise\/#primaryimage\"},\"image\":{\"@id\":\"https:\/\/hubsch-interior.com\/fr\/produit\/hour-horloge-gris-metallise\/#primaryimage\"},\"thumbnailUrl\":\"https:\/\/hubsch-interior.com\/wp-content\/uploads\/2026\/02\/hour-clock-metallic-grey-ccfb1da5538328f485556ad9256b153a.jpg\",\"datePublished\":\"2024-01-29T08:36:32+00:00\",\"dateModified\":\"2026-04-09T03:18:36+00:00\",\"description\":\"Plongez dans un monde fantaisiste du temps avec notre Hour Horloge en gris m\u00e9tallique. Fabriqu\u00e9e \u00e0 partir de m\u00e9tal de haute qualit\u00e9 avec une finition\",\"breadcrumb\":{\"@id\":\"https:\/\/hubsch-interior.com\/fr\/produit\/hour-horloge-gris-metallise\/#breadcrumb\"},\"inLanguage\":\"fr-FR\",\"potentialAction\":[{\"@type\":\"ReadAction\",\"target\":[\"https:\/\/hubsch-interior.com\/fr\/produit\/hour-horloge-gris-metallise\/\"]}]},{\"@type\":\"ImageObject\",\"inLanguage\":\"fr-FR\",\"@id\":\"https:\/\/hubsch-interior.com\/fr\/produit\/hour-horloge-gris-metallise\/#primaryimage\",\"url\":\"https:\/\/hubsch-interior.com\/wp-content\/uploads\/2026\/02\/hour-clock-metallic-grey-ccfb1da5538328f485556ad9256b153a.jpg\",\"contentUrl\":\"https:\/\/hubsch-interior.com\/wp-content\/uploads\/2026\/02\/hour-clock-metallic-grey-ccfb1da5538328f485556ad9256b153a.jpg\",\"width\":1024,\"height\":1024},{\"@type\":\"BreadcrumbList\",\"@id\":\"https:\/\/hubsch-interior.com\/fr\/produit\/hour-horloge-gris-metallise\/#breadcrumb\",\"itemListElement\":[{\"@type\":\"ListItem\",\"position\":1,\"name\":\"Page d'accueil\",\"item\":\"https:\/\/hubsch-interior.com\/fr\/\"},{\"@type\":\"ListItem\",\"position\":2,\"name\":\"Produits\",\"item\":\"https:\/\/hubsch-interior.com\/fr\/shop-2\/\"},{\"@type\":\"ListItem\",\"position\":3,\"name\":\"Accessoires maison\",\"item\":\"https:\/\/hubsch-interior.com\/fr\/categorie-produit\/accessoires-maison\/\"},{\"@type\":\"ListItem\",\"position\":4,\"name\":\"D&eacute;coration murale\",\"item\":\"https:\/\/hubsch-interior.com\/fr\/categorie-produit\/accessoires-maison\/decoration-murale-fr\/\"},{\"@type\":\"ListItem\",\"position\":5,\"name\":\"Horloges\",\"item\":\"https:\/\/hubsch-interior.com\/fr\/categorie-produit\/accessoires-maison\/decoration-murale-fr\/horloges-fr\/\"},{\"@type\":\"ListItem\",\"position\":6,\"name\":\"Hour Horloge Gris m\u00e9tallis\u00e9\"}]},{\"@type\":\"WebSite\",\"@id\":\"https:\/\/hubsch-interior.com\/fr\/#website\",\"url\":\"https:\/\/hubsch-interior.com\/fr\/\",\"name\":\"H\u00fcbsch\",\"description\":\"Danish Home Interior and Design\",\"publisher\":{\"@id\":\"https:\/\/hubsch-interior.com\/fr\/#organization\"},\"potentialAction\":[{\"@type\":\"SearchAction\",\"target\":{\"@type\":\"EntryPoint\",\"urlTemplate\":\"https:\/\/hubsch-interior.com\/fr\/?s={search_term_string}\"},\"query-input\":{\"@type\":\"PropertyValueSpecification\",\"valueRequired\":true,\"valueName\":\"search_term_string\"}}],\"inLanguage\":\"fr-FR\"},{\"@type\":\"Organization\",\"@id\":\"https:\/\/hubsch-interior.com\/fr\/#organization\",\"name\":\"H\u00fcbsch\",\"url\":\"https:\/\/hubsch-interior.com\/fr\/\",\"logo\":{\"@type\":\"ImageObject\",\"inLanguage\":\"fr-FR\",\"@id\":\"https:\/\/hubsch-interior.com\/fr\/#\/schema\/logo\/image\/\",\"url\":\"https:\/\/hubsch-interior.com\/wp-content\/uploads\/2022\/12\/Hubsch_logo_black_one_line.svg\",\"contentUrl\":\"https:\/\/hubsch-interior.com\/wp-content\/uploads\/2022\/12\/Hubsch_logo_black_one_line.svg\",\"caption\":\"H\u00fcbsch\"},\"image\":{\"@id\":\"https:\/\/hubsch-interior.com\/fr\/#\/schema\/logo\/image\/\"}}]}<\/script>\n<!-- \/ Yoast SEO plugin. -->","yoast_head_json":{"title":"Hour Horloge Gris m\u00e9tallis\u00e9 - H\u00fcbsch","description":"Plongez dans un monde fantaisiste du temps avec notre Hour Horloge en gris m\u00e9tallique. Fabriqu\u00e9e \u00e0 partir de m\u00e9tal de haute qualit\u00e9 avec une finition","robots":{"index":"index","follow":"follow","max-snippet":"max-snippet:-1","max-image-preview":"max-image-preview:large","max-video-preview":"max-video-preview:-1"},"canonical":"https:\/\/hubsch-interior.com\/fr\/wp-json\/wp\/v2\/product\/978095","og_locale":"fr_FR","og_type":"article","og_title":"Hour Horloge Gris m\u00e9tallis\u00e9 - H\u00fcbsch","og_description":"Plongez dans un monde fantaisiste du temps avec notre Hour Horloge en gris m\u00e9tallique. Fabriqu\u00e9e \u00e0 partir de m\u00e9tal de haute qualit\u00e9 avec une finition","og_url":"https:\/\/hubsch-interior.com\/fr\/produit\/hour-horloge-gris-metallise\/","og_site_name":"H\u00fcbsch","article_modified_time":"2026-04-09T03:18:36+00:00","og_image":[{"width":1200,"height":1200,"url":"https:\/\/hubsch-interior.com\/wp-content\/uploads\/2024\/01\/hour-clock-metallic-grey-0d7158a0c8fe2777a5775cb2f3ef1460.jpg","type":"image\/jpeg"}],"twitter_card":"summary_large_image","twitter_misc":{"Dur\u00e9e de lecture estim\u00e9e":"1 minute"},"schema":{"@context":"https:\/\/schema.org","@graph":[{"@type":"WebPage","@id":"https:\/\/hubsch-interior.com\/fr\/produit\/hour-horloge-gris-metallise\/","url":"https:\/\/hubsch-interior.com\/fr\/produit\/hour-horloge-gris-metallise\/","name":"Hour Horloge Gris m\u00e9tallis\u00e9 - H\u00fcbsch","isPartOf":{"@id":"https:\/\/hubsch-interior.com\/fr\/#website"},"primaryImageOfPage":{"@id":"https:\/\/hubsch-interior.com\/fr\/produit\/hour-horloge-gris-metallise\/#primaryimage"},"image":{"@id":"https:\/\/hubsch-interior.com\/fr\/produit\/hour-horloge-gris-metallise\/#primaryimage"},"thumbnailUrl":"https:\/\/hubsch-interior.com\/wp-content\/uploads\/2026\/02\/hour-clock-metallic-grey-ccfb1da5538328f485556ad9256b153a.jpg","datePublished":"2024-01-29T08:36:32+00:00","dateModified":"2026-04-09T03:18:36+00:00","description":"Plongez dans un monde fantaisiste du temps avec notre Hour Horloge en gris m\u00e9tallique. Fabriqu\u00e9e \u00e0 partir de m\u00e9tal de haute qualit\u00e9 avec une finition","breadcrumb":{"@id":"https:\/\/hubsch-interior.com\/fr\/produit\/hour-horloge-gris-metallise\/#breadcrumb"},"inLanguage":"fr-FR","potentialAction":[{"@type":"ReadAction","target":["https:\/\/hubsch-interior.com\/fr\/produit\/hour-horloge-gris-metallise\/"]}]},{"@type":"ImageObject","inLanguage":"fr-FR","@id":"https:\/\/hubsch-interior.com\/fr\/produit\/hour-horloge-gris-metallise\/#primaryimage","url":"https:\/\/hubsch-interior.com\/wp-content\/uploads\/2026\/02\/hour-clock-metallic-grey-ccfb1da5538328f485556ad9256b153a.jpg","contentUrl":"https:\/\/hubsch-interior.com\/wp-content\/uploads\/2026\/02\/hour-clock-metallic-grey-ccfb1da5538328f485556ad9256b153a.jpg","width":1024,"height":1024},{"@type":"BreadcrumbList","@id":"https:\/\/hubsch-interior.com\/fr\/produit\/hour-horloge-gris-metallise\/#breadcrumb","itemListElement":[{"@type":"ListItem","position":1,"name":"Page d'accueil","item":"https:\/\/hubsch-interior.com\/fr\/"},{"@type":"ListItem","position":2,"name":"Produits","item":"https:\/\/hubsch-interior.com\/fr\/shop-2\/"},{"@type":"ListItem","position":3,"name":"Accessoires maison","item":"https:\/\/hubsch-interior.com\/fr\/categorie-produit\/accessoires-maison\/"},{"@type":"ListItem","position":4,"name":"D&eacute;coration murale","item":"https:\/\/hubsch-interior.com\/fr\/categorie-produit\/accessoires-maison\/decoration-murale-fr\/"},{"@type":"ListItem","position":5,"name":"Horloges","item":"https:\/\/hubsch-interior.com\/fr\/categorie-produit\/accessoires-maison\/decoration-murale-fr\/horloges-fr\/"},{"@type":"ListItem","position":6,"name":"Hour Horloge Gris m\u00e9tallis\u00e9"}]},{"@type":"WebSite","@id":"https:\/\/hubsch-interior.com\/fr\/#website","url":"https:\/\/hubsch-interior.com\/fr\/","name":"H\u00fcbsch","description":"Danish Home Interior and Design","publisher":{"@id":"https:\/\/hubsch-interior.com\/fr\/#organization"},"potentialAction":[{"@type":"SearchAction","target":{"@type":"EntryPoint","urlTemplate":"https:\/\/hubsch-interior.com\/fr\/?s={search_term_string}"},"query-input":{"@type":"PropertyValueSpecification","valueRequired":true,"valueName":"search_term_string"}}],"inLanguage":"fr-FR"},{"@type":"Organization","@id":"https:\/\/hubsch-interior.com\/fr\/#organization","name":"H\u00fcbsch","url":"https:\/\/hubsch-interior.com\/fr\/","logo":{"@type":"ImageObject","inLanguage":"fr-FR","@id":"https:\/\/hubsch-interior.com\/fr\/#\/schema\/logo\/image\/","url":"https:\/\/hubsch-interior.com\/wp-content\/uploads\/2022\/12\/Hubsch_logo_black_one_line.svg","contentUrl":"https:\/\/hubsch-interior.com\/wp-content\/uploads\/2022\/12\/Hubsch_logo_black_one_line.svg","caption":"H\u00fcbsch"},"image":{"@id":"https:\/\/hubsch-interior.com\/fr\/#\/schema\/logo\/image\/"}}]}},"_links":{"self":[{"href":"https:\/\/hubsch-interior.com\/fr\/wp-json\/wp\/v2\/product\/978095","targetHints":{"allow":["GET"]}}],"collection":[{"href":"https:\/\/hubsch-interior.com\/fr\/wp-json\/wp\/v2\/product"}],"about":[{"href":"https:\/\/hubsch-interior.com\/fr\/wp-json\/wp\/v2\/types\/product"}],"wp:featuredmedia":[{"embeddable":true,"href":"https:\/\/hubsch-interior.com\/fr\/wp-json\/wp\/v2\/media\/1113561"}],"wp:attachment":[{"href":"https:\/\/hubsch-interior.com\/fr\/wp-json\/wp\/v2\/media?parent=978095"}],"wp:term":[{"taxonomy":"product_brand","embeddable":true,"href":"https:\/\/hubsch-interior.com\/fr\/wp-json\/wp\/v2\/product_brand?post=978095"},{"taxonomy":"product_cat","embeddable":true,"href":"https:\/\/hubsch-interior.com\/fr\/wp-json\/wp\/v2\/product_cat?post=978095"},{"taxonomy":"product_tag","embeddable":true,"href":"https:\/\/hubsch-interior.com\/fr\/wp-json\/wp\/v2\/product_tag?post=978095"}],"curies":[{"name":"wp","href":"https:\/\/api.w.org\/{rel}","templated":true}]}}