{"id":978115,"date":"2024-01-29T09:36:44","date_gmt":"2024-01-29T08:36:44","guid":{"rendered":"https:\/\/hubsch-interior.com\/product\/product\/"},"modified":"2026-04-09T05:18:40","modified_gmt":"2026-04-09T03:18:40","slug":"clutch-porte-revues-sable","status":"publish","type":"product","link":"https:\/\/hubsch-interior.com\/fr\/produit\/clutch-porte-revues-sable\/","title":{"rendered":"Clutch Porte-revues Sable"},"content":{"rendered":"<p>D\u00e9couvrez le Clutch Porte-revues, un ajout \u00e9l\u00e9gant et fonctionnel \u00e0 votre d\u00e9coration int\u00e9rieure. Disponible en deux variantes, ce porte-revues mural de couleur sable est parfait pour garder vos magazines ou journaux pr\u00e9f\u00e9r\u00e9s \u00e0 port\u00e9e de main. Fabriqu\u00e9 en m\u00e9tal solide avec une finition sable, il peut contenir jusqu&#8217;\u00e0 5 kg de mat\u00e9riel de lecture. Son design simple ajoute une touche d&#8217;\u00e9l\u00e9gance \u00e0 n&#8217;importe quelle pi\u00e8ce, en faisant un incontournable pour tout amateur de magazines. Dites adieu aux \u00e9tag\u00e8res encombr\u00e9es et aux piles de magazines d\u00e9sorganis\u00e9es, et bonjour \u00e0 la praticit\u00e9 du Clutch Porte-revues.<\/p>\n","protected":false},"excerpt":{"rendered":"<p>D\u00e9couvrez le Clutch Porte-revues, un ajout \u00e9l\u00e9gant et fonctionnel \u00e0 votre d\u00e9coration int\u00e9rieure. Disponible en deux variantes, ce porte-revues mural de couleur sable est parfait pour garder vos magazines ou journaux pr\u00e9f\u00e9r\u00e9s \u00e0 port\u00e9e de main. Fabriqu\u00e9 en m\u00e9tal solide avec une finition sable, il peut contenir jusqu&#8217;\u00e0 5 kg de mat\u00e9riel de lecture. Son [&hellip;]<\/p>\n","protected":false},"featured_media":1113573,"template":"","meta":{"_acf_changed":false,"inline_featured_image":false},"product_brand":[],"product_cat":[6882,3110,4019,5026],"product_tag":[],"class_list":{"0":"post-978115","1":"product","2":"type-product","3":"status-publish","4":"has-post-thumbnail","6":"product_cat-elevating-nostalgia-fr","7":"product_cat-espace-de-rangement-fr","8":"product_cat-porte-revues-fr","9":"product_cat-bestsellers-fr","10":"product_shipping_class-pk","12":"pa_color-sable","13":"pa_material-fer-fr","15":"first","16":"instock","17":"featured","18":"taxable","19":"shipping-taxable","20":"purchasable","21":"product-type-simple"},"exclude_global_add_ons":[],"addons":[],"acf":[],"yoast_head":"<!-- This site is optimized with the Yoast SEO plugin v26.4 - https:\/\/yoast.com\/wordpress\/plugins\/seo\/ -->\n<title>Clutch Porte-revues Sable - H\u00fcbsch<\/title>\n<meta name=\"description\" content=\"D\u00e9couvrez le Clutch Porte-revues, un ajout \u00e9l\u00e9gant et fonctionnel \u00e0 votre d\u00e9coration int\u00e9rieure. Disponible en deux variantes, ce porte-revues mural de\" \/>\n<meta name=\"robots\" content=\"index, follow, max-snippet:-1, max-image-preview:large, max-video-preview:-1\" \/>\n<link rel=\"canonical\" href=\"https:\/\/hubsch-interior.com\/fr\/wp-json\/wp\/v2\/product\/978115\" \/>\n<meta property=\"og:locale\" content=\"fr_FR\" \/>\n<meta property=\"og:type\" content=\"article\" \/>\n<meta property=\"og:title\" content=\"Clutch Porte-revues Sable - H\u00fcbsch\" \/>\n<meta property=\"og:description\" content=\"D\u00e9couvrez le Clutch Porte-revues, un ajout \u00e9l\u00e9gant et fonctionnel \u00e0 votre d\u00e9coration int\u00e9rieure. Disponible en deux variantes, ce porte-revues mural de\" \/>\n<meta property=\"og:url\" content=\"https:\/\/hubsch-interior.com\/fr\/produit\/clutch-porte-revues-sable\/\" \/>\n<meta property=\"og:site_name\" content=\"H\u00fcbsch\" \/>\n<meta property=\"article:modified_time\" content=\"2026-04-09T03:18:40+00:00\" \/>\n<meta property=\"og:image\" content=\"https:\/\/hubsch-interior.com\/wp-content\/uploads\/2024\/01\/clutch-magazine-holder-sand-793510ed958a406769d70f6584dce934.jpg\" \/>\n\t<meta property=\"og:image:width\" content=\"1200\" \/>\n\t<meta property=\"og:image:height\" content=\"1200\" \/>\n\t<meta property=\"og:image:type\" content=\"image\/jpeg\" \/>\n<meta name=\"twitter:card\" content=\"summary_large_image\" \/>\n<meta name=\"twitter:label1\" content=\"Dur\u00e9e de lecture estim\u00e9e\" \/>\n\t<meta name=\"twitter:data1\" content=\"1 minute\" \/>\n<script type=\"application\/ld+json\" class=\"yoast-schema-graph\">{\"@context\":\"https:\/\/schema.org\",\"@graph\":[{\"@type\":\"WebPage\",\"@id\":\"https:\/\/hubsch-interior.com\/fr\/produit\/clutch-porte-revues-sable\/\",\"url\":\"https:\/\/hubsch-interior.com\/fr\/produit\/clutch-porte-revues-sable\/\",\"name\":\"Clutch Porte-revues Sable - H\u00fcbsch\",\"isPartOf\":{\"@id\":\"https:\/\/hubsch-interior.com\/fr\/#website\"},\"primaryImageOfPage\":{\"@id\":\"https:\/\/hubsch-interior.com\/fr\/produit\/clutch-porte-revues-sable\/#primaryimage\"},\"image\":{\"@id\":\"https:\/\/hubsch-interior.com\/fr\/produit\/clutch-porte-revues-sable\/#primaryimage\"},\"thumbnailUrl\":\"https:\/\/hubsch-interior.com\/wp-content\/uploads\/2026\/02\/clutch-magazine-holder-sand-7ebb17a5a0125b9f45b7f94430653860.jpg\",\"datePublished\":\"2024-01-29T08:36:44+00:00\",\"dateModified\":\"2026-04-09T03:18:40+00:00\",\"description\":\"D\u00e9couvrez le Clutch Porte-revues, un ajout \u00e9l\u00e9gant et fonctionnel \u00e0 votre d\u00e9coration int\u00e9rieure. Disponible en deux variantes, ce porte-revues mural de\",\"breadcrumb\":{\"@id\":\"https:\/\/hubsch-interior.com\/fr\/produit\/clutch-porte-revues-sable\/#breadcrumb\"},\"inLanguage\":\"fr-FR\",\"potentialAction\":[{\"@type\":\"ReadAction\",\"target\":[\"https:\/\/hubsch-interior.com\/fr\/produit\/clutch-porte-revues-sable\/\"]}]},{\"@type\":\"ImageObject\",\"inLanguage\":\"fr-FR\",\"@id\":\"https:\/\/hubsch-interior.com\/fr\/produit\/clutch-porte-revues-sable\/#primaryimage\",\"url\":\"https:\/\/hubsch-interior.com\/wp-content\/uploads\/2026\/02\/clutch-magazine-holder-sand-7ebb17a5a0125b9f45b7f94430653860.jpg\",\"contentUrl\":\"https:\/\/hubsch-interior.com\/wp-content\/uploads\/2026\/02\/clutch-magazine-holder-sand-7ebb17a5a0125b9f45b7f94430653860.jpg\",\"width\":1024,\"height\":1024},{\"@type\":\"BreadcrumbList\",\"@id\":\"https:\/\/hubsch-interior.com\/fr\/produit\/clutch-porte-revues-sable\/#breadcrumb\",\"itemListElement\":[{\"@type\":\"ListItem\",\"position\":1,\"name\":\"Page d'accueil\",\"item\":\"https:\/\/hubsch-interior.com\/fr\/\"},{\"@type\":\"ListItem\",\"position\":2,\"name\":\"Produits\",\"item\":\"https:\/\/hubsch-interior.com\/fr\/shop-2\/\"},{\"@type\":\"ListItem\",\"position\":3,\"name\":\"Accessoires maison\",\"item\":\"https:\/\/hubsch-interior.com\/fr\/categorie-produit\/accessoires-maison\/\"},{\"@type\":\"ListItem\",\"position\":4,\"name\":\"Espace de rangement\",\"item\":\"https:\/\/hubsch-interior.com\/fr\/categorie-produit\/accessoires-maison\/espace-de-rangement-fr\/\"},{\"@type\":\"ListItem\",\"position\":5,\"name\":\"Porte-revues\",\"item\":\"https:\/\/hubsch-interior.com\/fr\/categorie-produit\/accessoires-maison\/espace-de-rangement-fr\/porte-revues-fr\/\"},{\"@type\":\"ListItem\",\"position\":6,\"name\":\"Clutch Porte-revues Sable\"}]},{\"@type\":\"WebSite\",\"@id\":\"https:\/\/hubsch-interior.com\/fr\/#website\",\"url\":\"https:\/\/hubsch-interior.com\/fr\/\",\"name\":\"H\u00fcbsch\",\"description\":\"Danish Home Interior and Design\",\"publisher\":{\"@id\":\"https:\/\/hubsch-interior.com\/fr\/#organization\"},\"potentialAction\":[{\"@type\":\"SearchAction\",\"target\":{\"@type\":\"EntryPoint\",\"urlTemplate\":\"https:\/\/hubsch-interior.com\/fr\/?s={search_term_string}\"},\"query-input\":{\"@type\":\"PropertyValueSpecification\",\"valueRequired\":true,\"valueName\":\"search_term_string\"}}],\"inLanguage\":\"fr-FR\"},{\"@type\":\"Organization\",\"@id\":\"https:\/\/hubsch-interior.com\/fr\/#organization\",\"name\":\"H\u00fcbsch\",\"url\":\"https:\/\/hubsch-interior.com\/fr\/\",\"logo\":{\"@type\":\"ImageObject\",\"inLanguage\":\"fr-FR\",\"@id\":\"https:\/\/hubsch-interior.com\/fr\/#\/schema\/logo\/image\/\",\"url\":\"https:\/\/hubsch-interior.com\/wp-content\/uploads\/2022\/12\/Hubsch_logo_black_one_line.svg\",\"contentUrl\":\"https:\/\/hubsch-interior.com\/wp-content\/uploads\/2022\/12\/Hubsch_logo_black_one_line.svg\",\"caption\":\"H\u00fcbsch\"},\"image\":{\"@id\":\"https:\/\/hubsch-interior.com\/fr\/#\/schema\/logo\/image\/\"}}]}<\/script>\n<!-- \/ Yoast SEO plugin. -->","yoast_head_json":{"title":"Clutch Porte-revues Sable - H\u00fcbsch","description":"D\u00e9couvrez le Clutch Porte-revues, un ajout \u00e9l\u00e9gant et fonctionnel \u00e0 votre d\u00e9coration int\u00e9rieure. Disponible en deux variantes, ce porte-revues mural de","robots":{"index":"index","follow":"follow","max-snippet":"max-snippet:-1","max-image-preview":"max-image-preview:large","max-video-preview":"max-video-preview:-1"},"canonical":"https:\/\/hubsch-interior.com\/fr\/wp-json\/wp\/v2\/product\/978115","og_locale":"fr_FR","og_type":"article","og_title":"Clutch Porte-revues Sable - H\u00fcbsch","og_description":"D\u00e9couvrez le Clutch Porte-revues, un ajout \u00e9l\u00e9gant et fonctionnel \u00e0 votre d\u00e9coration int\u00e9rieure. Disponible en deux variantes, ce porte-revues mural de","og_url":"https:\/\/hubsch-interior.com\/fr\/produit\/clutch-porte-revues-sable\/","og_site_name":"H\u00fcbsch","article_modified_time":"2026-04-09T03:18:40+00:00","og_image":[{"width":1200,"height":1200,"url":"https:\/\/hubsch-interior.com\/wp-content\/uploads\/2024\/01\/clutch-magazine-holder-sand-793510ed958a406769d70f6584dce934.jpg","type":"image\/jpeg"}],"twitter_card":"summary_large_image","twitter_misc":{"Dur\u00e9e de lecture estim\u00e9e":"1 minute"},"schema":{"@context":"https:\/\/schema.org","@graph":[{"@type":"WebPage","@id":"https:\/\/hubsch-interior.com\/fr\/produit\/clutch-porte-revues-sable\/","url":"https:\/\/hubsch-interior.com\/fr\/produit\/clutch-porte-revues-sable\/","name":"Clutch Porte-revues Sable - H\u00fcbsch","isPartOf":{"@id":"https:\/\/hubsch-interior.com\/fr\/#website"},"primaryImageOfPage":{"@id":"https:\/\/hubsch-interior.com\/fr\/produit\/clutch-porte-revues-sable\/#primaryimage"},"image":{"@id":"https:\/\/hubsch-interior.com\/fr\/produit\/clutch-porte-revues-sable\/#primaryimage"},"thumbnailUrl":"https:\/\/hubsch-interior.com\/wp-content\/uploads\/2026\/02\/clutch-magazine-holder-sand-7ebb17a5a0125b9f45b7f94430653860.jpg","datePublished":"2024-01-29T08:36:44+00:00","dateModified":"2026-04-09T03:18:40+00:00","description":"D\u00e9couvrez le Clutch Porte-revues, un ajout \u00e9l\u00e9gant et fonctionnel \u00e0 votre d\u00e9coration int\u00e9rieure. Disponible en deux variantes, ce porte-revues mural de","breadcrumb":{"@id":"https:\/\/hubsch-interior.com\/fr\/produit\/clutch-porte-revues-sable\/#breadcrumb"},"inLanguage":"fr-FR","potentialAction":[{"@type":"ReadAction","target":["https:\/\/hubsch-interior.com\/fr\/produit\/clutch-porte-revues-sable\/"]}]},{"@type":"ImageObject","inLanguage":"fr-FR","@id":"https:\/\/hubsch-interior.com\/fr\/produit\/clutch-porte-revues-sable\/#primaryimage","url":"https:\/\/hubsch-interior.com\/wp-content\/uploads\/2026\/02\/clutch-magazine-holder-sand-7ebb17a5a0125b9f45b7f94430653860.jpg","contentUrl":"https:\/\/hubsch-interior.com\/wp-content\/uploads\/2026\/02\/clutch-magazine-holder-sand-7ebb17a5a0125b9f45b7f94430653860.jpg","width":1024,"height":1024},{"@type":"BreadcrumbList","@id":"https:\/\/hubsch-interior.com\/fr\/produit\/clutch-porte-revues-sable\/#breadcrumb","itemListElement":[{"@type":"ListItem","position":1,"name":"Page d'accueil","item":"https:\/\/hubsch-interior.com\/fr\/"},{"@type":"ListItem","position":2,"name":"Produits","item":"https:\/\/hubsch-interior.com\/fr\/shop-2\/"},{"@type":"ListItem","position":3,"name":"Accessoires maison","item":"https:\/\/hubsch-interior.com\/fr\/categorie-produit\/accessoires-maison\/"},{"@type":"ListItem","position":4,"name":"Espace de rangement","item":"https:\/\/hubsch-interior.com\/fr\/categorie-produit\/accessoires-maison\/espace-de-rangement-fr\/"},{"@type":"ListItem","position":5,"name":"Porte-revues","item":"https:\/\/hubsch-interior.com\/fr\/categorie-produit\/accessoires-maison\/espace-de-rangement-fr\/porte-revues-fr\/"},{"@type":"ListItem","position":6,"name":"Clutch Porte-revues Sable"}]},{"@type":"WebSite","@id":"https:\/\/hubsch-interior.com\/fr\/#website","url":"https:\/\/hubsch-interior.com\/fr\/","name":"H\u00fcbsch","description":"Danish Home Interior and Design","publisher":{"@id":"https:\/\/hubsch-interior.com\/fr\/#organization"},"potentialAction":[{"@type":"SearchAction","target":{"@type":"EntryPoint","urlTemplate":"https:\/\/hubsch-interior.com\/fr\/?s={search_term_string}"},"query-input":{"@type":"PropertyValueSpecification","valueRequired":true,"valueName":"search_term_string"}}],"inLanguage":"fr-FR"},{"@type":"Organization","@id":"https:\/\/hubsch-interior.com\/fr\/#organization","name":"H\u00fcbsch","url":"https:\/\/hubsch-interior.com\/fr\/","logo":{"@type":"ImageObject","inLanguage":"fr-FR","@id":"https:\/\/hubsch-interior.com\/fr\/#\/schema\/logo\/image\/","url":"https:\/\/hubsch-interior.com\/wp-content\/uploads\/2022\/12\/Hubsch_logo_black_one_line.svg","contentUrl":"https:\/\/hubsch-interior.com\/wp-content\/uploads\/2022\/12\/Hubsch_logo_black_one_line.svg","caption":"H\u00fcbsch"},"image":{"@id":"https:\/\/hubsch-interior.com\/fr\/#\/schema\/logo\/image\/"}}]}},"_links":{"self":[{"href":"https:\/\/hubsch-interior.com\/fr\/wp-json\/wp\/v2\/product\/978115","targetHints":{"allow":["GET"]}}],"collection":[{"href":"https:\/\/hubsch-interior.com\/fr\/wp-json\/wp\/v2\/product"}],"about":[{"href":"https:\/\/hubsch-interior.com\/fr\/wp-json\/wp\/v2\/types\/product"}],"wp:featuredmedia":[{"embeddable":true,"href":"https:\/\/hubsch-interior.com\/fr\/wp-json\/wp\/v2\/media\/1113573"}],"wp:attachment":[{"href":"https:\/\/hubsch-interior.com\/fr\/wp-json\/wp\/v2\/media?parent=978115"}],"wp:term":[{"taxonomy":"product_brand","embeddable":true,"href":"https:\/\/hubsch-interior.com\/fr\/wp-json\/wp\/v2\/product_brand?post=978115"},{"taxonomy":"product_cat","embeddable":true,"href":"https:\/\/hubsch-interior.com\/fr\/wp-json\/wp\/v2\/product_cat?post=978115"},{"taxonomy":"product_tag","embeddable":true,"href":"https:\/\/hubsch-interior.com\/fr\/wp-json\/wp\/v2\/product_tag?post=978115"}],"curies":[{"name":"wp","href":"https:\/\/api.w.org\/{rel}","templated":true}]}}