{"id":978251,"date":"2024-01-29T09:38:01","date_gmt":"2024-01-29T08:38:01","guid":{"rendered":"https:\/\/hubsch-interior.com\/product\/product\/"},"modified":"2026-04-09T05:18:59","modified_gmt":"2026-04-09T03:18:59","slug":"stilt-tabouret-de-bar-noir","status":"publish","type":"product","link":"https:\/\/hubsch-interior.com\/fr\/produit\/stilt-tabouret-de-bar-noir\/","title":{"rendered":"Stilt Tabouret de bar Noir"},"content":{"rendered":"<p>D\u00e9couvrez le Stilt Tabouret de bar, un ajout \u00e9l\u00e9gant et styl\u00e9 \u00e0 tout bar ou comptoir de cuisine. Fabriqu\u00e9 en bois de fr\u00eane certifi\u00e9 FSC et en m\u00e9tal solide, ce tabouret haut et fin d\u00e9gage une atmosph\u00e8re moderne et minimaliste. Disponible en noir classique, il se fond parfaitement dans n&#8217;importe quel d\u00e9cor. Le si\u00e8ge en bois de fr\u00eane offre une assise confortable et durable, tandis que le m\u00e9lange de mat\u00e9riaux apporte une touche de sophistication. De plus, les poteaux en acier offrent un repose-pieds confortable pour une d\u00e9tente suppl\u00e9mentaire. Rehaussez votre espace avec ce tabouret simple en noir. Choisissez parmi l&#8217;une des deux variantes et \u00e9levez votre espace d\u00e8s aujourd&#8217;hui.<\/p>\n","protected":false},"excerpt":{"rendered":"<p>D\u00e9couvrez le Stilt Tabouret de bar, un ajout \u00e9l\u00e9gant et styl\u00e9 \u00e0 tout bar ou comptoir de cuisine. Fabriqu\u00e9 en bois de fr\u00eane certifi\u00e9 FSC et en m\u00e9tal solide, ce tabouret haut et fin d\u00e9gage une atmosph\u00e8re moderne et minimaliste. Disponible en noir classique, il se fond parfaitement dans n&#8217;importe quel d\u00e9cor. Le si\u00e8ge en [&hellip;]<\/p>\n","protected":false},"featured_media":1113597,"template":"","meta":{"_acf_changed":false,"inline_featured_image":false},"product_brand":[],"product_cat":[6882,6322,2843,4195],"product_tag":[],"class_list":{"0":"post-978251","1":"product","2":"type-product","3":"status-publish","4":"has-post-thumbnail","6":"product_cat-elevating-nostalgia-fr","7":"product_cat-fsc-fr","8":"product_cat-assises-fr","9":"product_cat-tabourets-de-bar-fr","10":"product_shipping_class-pk","12":"pa_color-noir","13":"pa_material-fer-fr","14":"pa_material-bois-de-frne","16":"first","17":"instock","18":"taxable","19":"shipping-taxable","20":"purchasable","21":"product-type-simple"},"exclude_global_add_ons":[],"addons":[],"acf":[],"yoast_head":"<!-- This site is optimized with the Yoast SEO plugin v26.4 - https:\/\/yoast.com\/wordpress\/plugins\/seo\/ -->\n<title>Stilt Tabouret de bar Noir - H\u00fcbsch<\/title>\n<meta name=\"description\" content=\"D\u00e9couvrez le Stilt Tabouret de bar, un ajout \u00e9l\u00e9gant et styl\u00e9 \u00e0 tout bar ou comptoir de cuisine. Fabriqu\u00e9 en bois de fr\u00eane certifi\u00e9 FSC et en m\u00e9tal\" \/>\n<meta name=\"robots\" content=\"index, follow, max-snippet:-1, max-image-preview:large, max-video-preview:-1\" \/>\n<link rel=\"canonical\" href=\"https:\/\/hubsch-interior.com\/fr\/wp-json\/wp\/v2\/product\/978251\" \/>\n<meta property=\"og:locale\" content=\"fr_FR\" \/>\n<meta property=\"og:type\" content=\"article\" \/>\n<meta property=\"og:title\" content=\"Stilt Tabouret de bar Noir - H\u00fcbsch\" \/>\n<meta property=\"og:description\" content=\"D\u00e9couvrez le Stilt Tabouret de bar, un ajout \u00e9l\u00e9gant et styl\u00e9 \u00e0 tout bar ou comptoir de cuisine. Fabriqu\u00e9 en bois de fr\u00eane certifi\u00e9 FSC et en m\u00e9tal\" \/>\n<meta property=\"og:url\" content=\"https:\/\/hubsch-interior.com\/fr\/produit\/stilt-tabouret-de-bar-noir\/\" \/>\n<meta property=\"og:site_name\" content=\"H\u00fcbsch\" \/>\n<meta property=\"article:modified_time\" content=\"2026-04-09T03:18:59+00:00\" \/>\n<meta property=\"og:image\" content=\"https:\/\/hubsch-interior.com\/wp-content\/uploads\/2024\/01\/stilt-bar-stool-black-21123f8d86f34032a655684b938c0a51.jpg\" \/>\n\t<meta property=\"og:image:width\" content=\"1200\" \/>\n\t<meta property=\"og:image:height\" content=\"1200\" \/>\n\t<meta property=\"og:image:type\" content=\"image\/jpeg\" \/>\n<meta name=\"twitter:card\" content=\"summary_large_image\" \/>\n<meta name=\"twitter:label1\" content=\"Dur\u00e9e de lecture estim\u00e9e\" \/>\n\t<meta name=\"twitter:data1\" content=\"1 minute\" \/>\n<script type=\"application\/ld+json\" class=\"yoast-schema-graph\">{\"@context\":\"https:\/\/schema.org\",\"@graph\":[{\"@type\":\"WebPage\",\"@id\":\"https:\/\/hubsch-interior.com\/fr\/produit\/stilt-tabouret-de-bar-noir\/\",\"url\":\"https:\/\/hubsch-interior.com\/fr\/produit\/stilt-tabouret-de-bar-noir\/\",\"name\":\"Stilt Tabouret de bar Noir - H\u00fcbsch\",\"isPartOf\":{\"@id\":\"https:\/\/hubsch-interior.com\/fr\/#website\"},\"primaryImageOfPage\":{\"@id\":\"https:\/\/hubsch-interior.com\/fr\/produit\/stilt-tabouret-de-bar-noir\/#primaryimage\"},\"image\":{\"@id\":\"https:\/\/hubsch-interior.com\/fr\/produit\/stilt-tabouret-de-bar-noir\/#primaryimage\"},\"thumbnailUrl\":\"https:\/\/hubsch-interior.com\/wp-content\/uploads\/2026\/02\/stilt-bar-stool-black-5abcdd1b156d8c76a5b9c6410c77966c.jpg\",\"datePublished\":\"2024-01-29T08:38:01+00:00\",\"dateModified\":\"2026-04-09T03:18:59+00:00\",\"description\":\"D\u00e9couvrez le Stilt Tabouret de bar, un ajout \u00e9l\u00e9gant et styl\u00e9 \u00e0 tout bar ou comptoir de cuisine. Fabriqu\u00e9 en bois de fr\u00eane certifi\u00e9 FSC et en m\u00e9tal\",\"breadcrumb\":{\"@id\":\"https:\/\/hubsch-interior.com\/fr\/produit\/stilt-tabouret-de-bar-noir\/#breadcrumb\"},\"inLanguage\":\"fr-FR\",\"potentialAction\":[{\"@type\":\"ReadAction\",\"target\":[\"https:\/\/hubsch-interior.com\/fr\/produit\/stilt-tabouret-de-bar-noir\/\"]}]},{\"@type\":\"ImageObject\",\"inLanguage\":\"fr-FR\",\"@id\":\"https:\/\/hubsch-interior.com\/fr\/produit\/stilt-tabouret-de-bar-noir\/#primaryimage\",\"url\":\"https:\/\/hubsch-interior.com\/wp-content\/uploads\/2026\/02\/stilt-bar-stool-black-5abcdd1b156d8c76a5b9c6410c77966c.jpg\",\"contentUrl\":\"https:\/\/hubsch-interior.com\/wp-content\/uploads\/2026\/02\/stilt-bar-stool-black-5abcdd1b156d8c76a5b9c6410c77966c.jpg\",\"width\":1024,\"height\":1024},{\"@type\":\"BreadcrumbList\",\"@id\":\"https:\/\/hubsch-interior.com\/fr\/produit\/stilt-tabouret-de-bar-noir\/#breadcrumb\",\"itemListElement\":[{\"@type\":\"ListItem\",\"position\":1,\"name\":\"Page d'accueil\",\"item\":\"https:\/\/hubsch-interior.com\/fr\/\"},{\"@type\":\"ListItem\",\"position\":2,\"name\":\"Produits\",\"item\":\"https:\/\/hubsch-interior.com\/fr\/shop-2\/\"},{\"@type\":\"ListItem\",\"position\":3,\"name\":\"Meubles\",\"item\":\"https:\/\/hubsch-interior.com\/fr\/categorie-produit\/meubles\/\"},{\"@type\":\"ListItem\",\"position\":4,\"name\":\"Assises\",\"item\":\"https:\/\/hubsch-interior.com\/fr\/categorie-produit\/meubles\/assises-fr\/\"},{\"@type\":\"ListItem\",\"position\":5,\"name\":\"Tabourets de bar\",\"item\":\"https:\/\/hubsch-interior.com\/fr\/categorie-produit\/meubles\/assises-fr\/tabourets-de-bar-fr\/\"},{\"@type\":\"ListItem\",\"position\":6,\"name\":\"Stilt Tabouret de bar Noir\"}]},{\"@type\":\"WebSite\",\"@id\":\"https:\/\/hubsch-interior.com\/fr\/#website\",\"url\":\"https:\/\/hubsch-interior.com\/fr\/\",\"name\":\"H\u00fcbsch\",\"description\":\"Danish Home Interior and Design\",\"publisher\":{\"@id\":\"https:\/\/hubsch-interior.com\/fr\/#organization\"},\"potentialAction\":[{\"@type\":\"SearchAction\",\"target\":{\"@type\":\"EntryPoint\",\"urlTemplate\":\"https:\/\/hubsch-interior.com\/fr\/?s={search_term_string}\"},\"query-input\":{\"@type\":\"PropertyValueSpecification\",\"valueRequired\":true,\"valueName\":\"search_term_string\"}}],\"inLanguage\":\"fr-FR\"},{\"@type\":\"Organization\",\"@id\":\"https:\/\/hubsch-interior.com\/fr\/#organization\",\"name\":\"H\u00fcbsch\",\"url\":\"https:\/\/hubsch-interior.com\/fr\/\",\"logo\":{\"@type\":\"ImageObject\",\"inLanguage\":\"fr-FR\",\"@id\":\"https:\/\/hubsch-interior.com\/fr\/#\/schema\/logo\/image\/\",\"url\":\"https:\/\/hubsch-interior.com\/wp-content\/uploads\/2022\/12\/Hubsch_logo_black_one_line.svg\",\"contentUrl\":\"https:\/\/hubsch-interior.com\/wp-content\/uploads\/2022\/12\/Hubsch_logo_black_one_line.svg\",\"caption\":\"H\u00fcbsch\"},\"image\":{\"@id\":\"https:\/\/hubsch-interior.com\/fr\/#\/schema\/logo\/image\/\"}}]}<\/script>\n<!-- \/ Yoast SEO plugin. -->","yoast_head_json":{"title":"Stilt Tabouret de bar Noir - H\u00fcbsch","description":"D\u00e9couvrez le Stilt Tabouret de bar, un ajout \u00e9l\u00e9gant et styl\u00e9 \u00e0 tout bar ou comptoir de cuisine. Fabriqu\u00e9 en bois de fr\u00eane certifi\u00e9 FSC et en m\u00e9tal","robots":{"index":"index","follow":"follow","max-snippet":"max-snippet:-1","max-image-preview":"max-image-preview:large","max-video-preview":"max-video-preview:-1"},"canonical":"https:\/\/hubsch-interior.com\/fr\/wp-json\/wp\/v2\/product\/978251","og_locale":"fr_FR","og_type":"article","og_title":"Stilt Tabouret de bar Noir - H\u00fcbsch","og_description":"D\u00e9couvrez le Stilt Tabouret de bar, un ajout \u00e9l\u00e9gant et styl\u00e9 \u00e0 tout bar ou comptoir de cuisine. Fabriqu\u00e9 en bois de fr\u00eane certifi\u00e9 FSC et en m\u00e9tal","og_url":"https:\/\/hubsch-interior.com\/fr\/produit\/stilt-tabouret-de-bar-noir\/","og_site_name":"H\u00fcbsch","article_modified_time":"2026-04-09T03:18:59+00:00","og_image":[{"width":1200,"height":1200,"url":"https:\/\/hubsch-interior.com\/wp-content\/uploads\/2024\/01\/stilt-bar-stool-black-21123f8d86f34032a655684b938c0a51.jpg","type":"image\/jpeg"}],"twitter_card":"summary_large_image","twitter_misc":{"Dur\u00e9e de lecture estim\u00e9e":"1 minute"},"schema":{"@context":"https:\/\/schema.org","@graph":[{"@type":"WebPage","@id":"https:\/\/hubsch-interior.com\/fr\/produit\/stilt-tabouret-de-bar-noir\/","url":"https:\/\/hubsch-interior.com\/fr\/produit\/stilt-tabouret-de-bar-noir\/","name":"Stilt Tabouret de bar Noir - H\u00fcbsch","isPartOf":{"@id":"https:\/\/hubsch-interior.com\/fr\/#website"},"primaryImageOfPage":{"@id":"https:\/\/hubsch-interior.com\/fr\/produit\/stilt-tabouret-de-bar-noir\/#primaryimage"},"image":{"@id":"https:\/\/hubsch-interior.com\/fr\/produit\/stilt-tabouret-de-bar-noir\/#primaryimage"},"thumbnailUrl":"https:\/\/hubsch-interior.com\/wp-content\/uploads\/2026\/02\/stilt-bar-stool-black-5abcdd1b156d8c76a5b9c6410c77966c.jpg","datePublished":"2024-01-29T08:38:01+00:00","dateModified":"2026-04-09T03:18:59+00:00","description":"D\u00e9couvrez le Stilt Tabouret de bar, un ajout \u00e9l\u00e9gant et styl\u00e9 \u00e0 tout bar ou comptoir de cuisine. Fabriqu\u00e9 en bois de fr\u00eane certifi\u00e9 FSC et en m\u00e9tal","breadcrumb":{"@id":"https:\/\/hubsch-interior.com\/fr\/produit\/stilt-tabouret-de-bar-noir\/#breadcrumb"},"inLanguage":"fr-FR","potentialAction":[{"@type":"ReadAction","target":["https:\/\/hubsch-interior.com\/fr\/produit\/stilt-tabouret-de-bar-noir\/"]}]},{"@type":"ImageObject","inLanguage":"fr-FR","@id":"https:\/\/hubsch-interior.com\/fr\/produit\/stilt-tabouret-de-bar-noir\/#primaryimage","url":"https:\/\/hubsch-interior.com\/wp-content\/uploads\/2026\/02\/stilt-bar-stool-black-5abcdd1b156d8c76a5b9c6410c77966c.jpg","contentUrl":"https:\/\/hubsch-interior.com\/wp-content\/uploads\/2026\/02\/stilt-bar-stool-black-5abcdd1b156d8c76a5b9c6410c77966c.jpg","width":1024,"height":1024},{"@type":"BreadcrumbList","@id":"https:\/\/hubsch-interior.com\/fr\/produit\/stilt-tabouret-de-bar-noir\/#breadcrumb","itemListElement":[{"@type":"ListItem","position":1,"name":"Page d'accueil","item":"https:\/\/hubsch-interior.com\/fr\/"},{"@type":"ListItem","position":2,"name":"Produits","item":"https:\/\/hubsch-interior.com\/fr\/shop-2\/"},{"@type":"ListItem","position":3,"name":"Meubles","item":"https:\/\/hubsch-interior.com\/fr\/categorie-produit\/meubles\/"},{"@type":"ListItem","position":4,"name":"Assises","item":"https:\/\/hubsch-interior.com\/fr\/categorie-produit\/meubles\/assises-fr\/"},{"@type":"ListItem","position":5,"name":"Tabourets de bar","item":"https:\/\/hubsch-interior.com\/fr\/categorie-produit\/meubles\/assises-fr\/tabourets-de-bar-fr\/"},{"@type":"ListItem","position":6,"name":"Stilt Tabouret de bar Noir"}]},{"@type":"WebSite","@id":"https:\/\/hubsch-interior.com\/fr\/#website","url":"https:\/\/hubsch-interior.com\/fr\/","name":"H\u00fcbsch","description":"Danish Home Interior and Design","publisher":{"@id":"https:\/\/hubsch-interior.com\/fr\/#organization"},"potentialAction":[{"@type":"SearchAction","target":{"@type":"EntryPoint","urlTemplate":"https:\/\/hubsch-interior.com\/fr\/?s={search_term_string}"},"query-input":{"@type":"PropertyValueSpecification","valueRequired":true,"valueName":"search_term_string"}}],"inLanguage":"fr-FR"},{"@type":"Organization","@id":"https:\/\/hubsch-interior.com\/fr\/#organization","name":"H\u00fcbsch","url":"https:\/\/hubsch-interior.com\/fr\/","logo":{"@type":"ImageObject","inLanguage":"fr-FR","@id":"https:\/\/hubsch-interior.com\/fr\/#\/schema\/logo\/image\/","url":"https:\/\/hubsch-interior.com\/wp-content\/uploads\/2022\/12\/Hubsch_logo_black_one_line.svg","contentUrl":"https:\/\/hubsch-interior.com\/wp-content\/uploads\/2022\/12\/Hubsch_logo_black_one_line.svg","caption":"H\u00fcbsch"},"image":{"@id":"https:\/\/hubsch-interior.com\/fr\/#\/schema\/logo\/image\/"}}]}},"_links":{"self":[{"href":"https:\/\/hubsch-interior.com\/fr\/wp-json\/wp\/v2\/product\/978251","targetHints":{"allow":["GET"]}}],"collection":[{"href":"https:\/\/hubsch-interior.com\/fr\/wp-json\/wp\/v2\/product"}],"about":[{"href":"https:\/\/hubsch-interior.com\/fr\/wp-json\/wp\/v2\/types\/product"}],"wp:featuredmedia":[{"embeddable":true,"href":"https:\/\/hubsch-interior.com\/fr\/wp-json\/wp\/v2\/media\/1113597"}],"wp:attachment":[{"href":"https:\/\/hubsch-interior.com\/fr\/wp-json\/wp\/v2\/media?parent=978251"}],"wp:term":[{"taxonomy":"product_brand","embeddable":true,"href":"https:\/\/hubsch-interior.com\/fr\/wp-json\/wp\/v2\/product_brand?post=978251"},{"taxonomy":"product_cat","embeddable":true,"href":"https:\/\/hubsch-interior.com\/fr\/wp-json\/wp\/v2\/product_cat?post=978251"},{"taxonomy":"product_tag","embeddable":true,"href":"https:\/\/hubsch-interior.com\/fr\/wp-json\/wp\/v2\/product_tag?post=978251"}],"curies":[{"name":"wp","href":"https:\/\/api.w.org\/{rel}","templated":true}]}}