{"id":978263,"date":"2024-01-29T09:38:14","date_gmt":"2024-01-29T08:38:14","guid":{"rendered":"https:\/\/hubsch-interior.com\/product\/product\/"},"modified":"2026-04-09T05:19:03","modified_gmt":"2026-04-09T03:19:03","slug":"studio-applique-murale-marron","status":"publish","type":"product","link":"https:\/\/hubsch-interior.com\/fr\/produit\/studio-applique-murale-marron\/","title":{"rendered":"Studio Applique murale Marron"},"content":{"rendered":"<p>La Studio Lampe de table est un ajout dynamique \u00e0 votre d\u00e9coration int\u00e9rieure. Fabriqu\u00e9e en m\u00e9tal solide, cette lampe de table est disponible en deux variantes, dont une dans une belle teinte brune. Avec son cordon en tissu bleu fonc\u00e9, cette lampe n&#8217;est pas seulement un \u00e9l\u00e9ment fonctionnel, mais aussi une d\u00e9claration de style. Sa couleur la rend unique, car elle change d&#8217;expression en fonction de la lumi\u00e8re environnante. Ajustez la lampe selon vos pr\u00e9f\u00e9rences pour obtenir l&#8217;\u00e9clairage d&#8217;ambiance parfait. Rehaussez votre espace avec la Studio Lampe de table et cr\u00e9ez une ambiance chaleureuse et invitante.<\/p>\n","protected":false},"excerpt":{"rendered":"<p>La Studio Lampe de table est un ajout dynamique \u00e0 votre d\u00e9coration int\u00e9rieure. Fabriqu\u00e9e en m\u00e9tal solide, cette lampe de table est disponible en deux variantes, dont une dans une belle teinte brune. Avec son cordon en tissu bleu fonc\u00e9, cette lampe n&#8217;est pas seulement un \u00e9l\u00e9ment fonctionnel, mais aussi une d\u00e9claration de style. Sa [&hellip;]<\/p>\n","protected":false},"featured_media":1113617,"template":"","meta":{"_acf_changed":false,"inline_featured_image":false},"product_brand":[],"product_cat":[6900,3407,6882,3810,5026],"product_tag":[],"class_list":{"0":"post-978263","1":"product","2":"type-product","3":"status-publish","4":"has-post-thumbnail","6":"product_cat-eclairage-fonctionnel-fr","7":"product_cat-appliques-murales-fr","8":"product_cat-elevating-nostalgia-fr","9":"product_cat-luminaires","10":"product_cat-bestsellers-fr","11":"product_shipping_class-pk","13":"pa_color-marron","14":"pa_material-fer-fr","16":"first","17":"instock","18":"featured","19":"taxable","20":"shipping-taxable","21":"purchasable","22":"product-type-simple"},"exclude_global_add_ons":[],"addons":[],"acf":[],"yoast_head":"<!-- This site is optimized with the Yoast SEO plugin v26.4 - https:\/\/yoast.com\/wordpress\/plugins\/seo\/ -->\n<title>Studio Applique murale Marron - H\u00fcbsch<\/title>\n<meta name=\"description\" content=\"La Studio Lampe de table est un ajout dynamique \u00e0 votre d\u00e9coration int\u00e9rieure. Fabriqu\u00e9e en m\u00e9tal solide, cette lampe de table est disponible en deux\" \/>\n<meta name=\"robots\" content=\"index, follow, max-snippet:-1, max-image-preview:large, max-video-preview:-1\" \/>\n<link rel=\"canonical\" href=\"https:\/\/hubsch-interior.com\/fr\/wp-json\/wp\/v2\/product\/978263\" \/>\n<meta property=\"og:locale\" content=\"fr_FR\" \/>\n<meta property=\"og:type\" content=\"article\" \/>\n<meta property=\"og:title\" content=\"Studio Applique murale Marron - H\u00fcbsch\" \/>\n<meta property=\"og:description\" content=\"La Studio Lampe de table est un ajout dynamique \u00e0 votre d\u00e9coration int\u00e9rieure. Fabriqu\u00e9e en m\u00e9tal solide, cette lampe de table est disponible en deux\" \/>\n<meta property=\"og:url\" content=\"https:\/\/hubsch-interior.com\/fr\/produit\/studio-applique-murale-marron\/\" \/>\n<meta property=\"og:site_name\" content=\"H\u00fcbsch\" \/>\n<meta property=\"article:modified_time\" content=\"2026-04-09T03:19:03+00:00\" \/>\n<meta property=\"og:image\" content=\"https:\/\/hubsch-interior.com\/wp-content\/uploads\/2024\/01\/studio-wall-light-brown-5229ee3e45a998ce94b1079eaeedc78c.jpg\" \/>\n\t<meta property=\"og:image:width\" content=\"1200\" \/>\n\t<meta property=\"og:image:height\" content=\"1200\" \/>\n\t<meta property=\"og:image:type\" content=\"image\/jpeg\" \/>\n<meta name=\"twitter:card\" content=\"summary_large_image\" \/>\n<meta name=\"twitter:label1\" content=\"Dur\u00e9e de lecture estim\u00e9e\" \/>\n\t<meta name=\"twitter:data1\" content=\"1 minute\" \/>\n<script type=\"application\/ld+json\" class=\"yoast-schema-graph\">{\"@context\":\"https:\/\/schema.org\",\"@graph\":[{\"@type\":\"WebPage\",\"@id\":\"https:\/\/hubsch-interior.com\/fr\/produit\/studio-applique-murale-marron\/\",\"url\":\"https:\/\/hubsch-interior.com\/fr\/produit\/studio-applique-murale-marron\/\",\"name\":\"Studio Applique murale Marron - H\u00fcbsch\",\"isPartOf\":{\"@id\":\"https:\/\/hubsch-interior.com\/fr\/#website\"},\"primaryImageOfPage\":{\"@id\":\"https:\/\/hubsch-interior.com\/fr\/produit\/studio-applique-murale-marron\/#primaryimage\"},\"image\":{\"@id\":\"https:\/\/hubsch-interior.com\/fr\/produit\/studio-applique-murale-marron\/#primaryimage\"},\"thumbnailUrl\":\"https:\/\/hubsch-interior.com\/wp-content\/uploads\/2026\/02\/studio-wall-light-brown-a0ce7fb36916adaf7a17e7ca32af3140.jpg\",\"datePublished\":\"2024-01-29T08:38:14+00:00\",\"dateModified\":\"2026-04-09T03:19:03+00:00\",\"description\":\"La Studio Lampe de table est un ajout dynamique \u00e0 votre d\u00e9coration int\u00e9rieure. Fabriqu\u00e9e en m\u00e9tal solide, cette lampe de table est disponible en deux\",\"breadcrumb\":{\"@id\":\"https:\/\/hubsch-interior.com\/fr\/produit\/studio-applique-murale-marron\/#breadcrumb\"},\"inLanguage\":\"fr-FR\",\"potentialAction\":[{\"@type\":\"ReadAction\",\"target\":[\"https:\/\/hubsch-interior.com\/fr\/produit\/studio-applique-murale-marron\/\"]}]},{\"@type\":\"ImageObject\",\"inLanguage\":\"fr-FR\",\"@id\":\"https:\/\/hubsch-interior.com\/fr\/produit\/studio-applique-murale-marron\/#primaryimage\",\"url\":\"https:\/\/hubsch-interior.com\/wp-content\/uploads\/2026\/02\/studio-wall-light-brown-a0ce7fb36916adaf7a17e7ca32af3140.jpg\",\"contentUrl\":\"https:\/\/hubsch-interior.com\/wp-content\/uploads\/2026\/02\/studio-wall-light-brown-a0ce7fb36916adaf7a17e7ca32af3140.jpg\",\"width\":1024,\"height\":1024},{\"@type\":\"BreadcrumbList\",\"@id\":\"https:\/\/hubsch-interior.com\/fr\/produit\/studio-applique-murale-marron\/#breadcrumb\",\"itemListElement\":[{\"@type\":\"ListItem\",\"position\":1,\"name\":\"Page d'accueil\",\"item\":\"https:\/\/hubsch-interior.com\/fr\/\"},{\"@type\":\"ListItem\",\"position\":2,\"name\":\"Produits\",\"item\":\"https:\/\/hubsch-interior.com\/fr\/shop-2\/\"},{\"@type\":\"ListItem\",\"position\":3,\"name\":\"Luminaires\",\"item\":\"https:\/\/hubsch-interior.com\/fr\/categorie-produit\/luminaires\/\"},{\"@type\":\"ListItem\",\"position\":4,\"name\":\"Appliques murales\",\"item\":\"https:\/\/hubsch-interior.com\/fr\/categorie-produit\/luminaires\/appliques-murales-fr\/\"},{\"@type\":\"ListItem\",\"position\":5,\"name\":\"Studio Applique murale Marron\"}]},{\"@type\":\"WebSite\",\"@id\":\"https:\/\/hubsch-interior.com\/fr\/#website\",\"url\":\"https:\/\/hubsch-interior.com\/fr\/\",\"name\":\"H\u00fcbsch\",\"description\":\"Danish Home Interior and Design\",\"publisher\":{\"@id\":\"https:\/\/hubsch-interior.com\/fr\/#organization\"},\"potentialAction\":[{\"@type\":\"SearchAction\",\"target\":{\"@type\":\"EntryPoint\",\"urlTemplate\":\"https:\/\/hubsch-interior.com\/fr\/?s={search_term_string}\"},\"query-input\":{\"@type\":\"PropertyValueSpecification\",\"valueRequired\":true,\"valueName\":\"search_term_string\"}}],\"inLanguage\":\"fr-FR\"},{\"@type\":\"Organization\",\"@id\":\"https:\/\/hubsch-interior.com\/fr\/#organization\",\"name\":\"H\u00fcbsch\",\"url\":\"https:\/\/hubsch-interior.com\/fr\/\",\"logo\":{\"@type\":\"ImageObject\",\"inLanguage\":\"fr-FR\",\"@id\":\"https:\/\/hubsch-interior.com\/fr\/#\/schema\/logo\/image\/\",\"url\":\"https:\/\/hubsch-interior.com\/wp-content\/uploads\/2022\/12\/Hubsch_logo_black_one_line.svg\",\"contentUrl\":\"https:\/\/hubsch-interior.com\/wp-content\/uploads\/2022\/12\/Hubsch_logo_black_one_line.svg\",\"caption\":\"H\u00fcbsch\"},\"image\":{\"@id\":\"https:\/\/hubsch-interior.com\/fr\/#\/schema\/logo\/image\/\"}}]}<\/script>\n<!-- \/ Yoast SEO plugin. -->","yoast_head_json":{"title":"Studio Applique murale Marron - H\u00fcbsch","description":"La Studio Lampe de table est un ajout dynamique \u00e0 votre d\u00e9coration int\u00e9rieure. Fabriqu\u00e9e en m\u00e9tal solide, cette lampe de table est disponible en deux","robots":{"index":"index","follow":"follow","max-snippet":"max-snippet:-1","max-image-preview":"max-image-preview:large","max-video-preview":"max-video-preview:-1"},"canonical":"https:\/\/hubsch-interior.com\/fr\/wp-json\/wp\/v2\/product\/978263","og_locale":"fr_FR","og_type":"article","og_title":"Studio Applique murale Marron - H\u00fcbsch","og_description":"La Studio Lampe de table est un ajout dynamique \u00e0 votre d\u00e9coration int\u00e9rieure. Fabriqu\u00e9e en m\u00e9tal solide, cette lampe de table est disponible en deux","og_url":"https:\/\/hubsch-interior.com\/fr\/produit\/studio-applique-murale-marron\/","og_site_name":"H\u00fcbsch","article_modified_time":"2026-04-09T03:19:03+00:00","og_image":[{"width":1200,"height":1200,"url":"https:\/\/hubsch-interior.com\/wp-content\/uploads\/2024\/01\/studio-wall-light-brown-5229ee3e45a998ce94b1079eaeedc78c.jpg","type":"image\/jpeg"}],"twitter_card":"summary_large_image","twitter_misc":{"Dur\u00e9e de lecture estim\u00e9e":"1 minute"},"schema":{"@context":"https:\/\/schema.org","@graph":[{"@type":"WebPage","@id":"https:\/\/hubsch-interior.com\/fr\/produit\/studio-applique-murale-marron\/","url":"https:\/\/hubsch-interior.com\/fr\/produit\/studio-applique-murale-marron\/","name":"Studio Applique murale Marron - H\u00fcbsch","isPartOf":{"@id":"https:\/\/hubsch-interior.com\/fr\/#website"},"primaryImageOfPage":{"@id":"https:\/\/hubsch-interior.com\/fr\/produit\/studio-applique-murale-marron\/#primaryimage"},"image":{"@id":"https:\/\/hubsch-interior.com\/fr\/produit\/studio-applique-murale-marron\/#primaryimage"},"thumbnailUrl":"https:\/\/hubsch-interior.com\/wp-content\/uploads\/2026\/02\/studio-wall-light-brown-a0ce7fb36916adaf7a17e7ca32af3140.jpg","datePublished":"2024-01-29T08:38:14+00:00","dateModified":"2026-04-09T03:19:03+00:00","description":"La Studio Lampe de table est un ajout dynamique \u00e0 votre d\u00e9coration int\u00e9rieure. Fabriqu\u00e9e en m\u00e9tal solide, cette lampe de table est disponible en deux","breadcrumb":{"@id":"https:\/\/hubsch-interior.com\/fr\/produit\/studio-applique-murale-marron\/#breadcrumb"},"inLanguage":"fr-FR","potentialAction":[{"@type":"ReadAction","target":["https:\/\/hubsch-interior.com\/fr\/produit\/studio-applique-murale-marron\/"]}]},{"@type":"ImageObject","inLanguage":"fr-FR","@id":"https:\/\/hubsch-interior.com\/fr\/produit\/studio-applique-murale-marron\/#primaryimage","url":"https:\/\/hubsch-interior.com\/wp-content\/uploads\/2026\/02\/studio-wall-light-brown-a0ce7fb36916adaf7a17e7ca32af3140.jpg","contentUrl":"https:\/\/hubsch-interior.com\/wp-content\/uploads\/2026\/02\/studio-wall-light-brown-a0ce7fb36916adaf7a17e7ca32af3140.jpg","width":1024,"height":1024},{"@type":"BreadcrumbList","@id":"https:\/\/hubsch-interior.com\/fr\/produit\/studio-applique-murale-marron\/#breadcrumb","itemListElement":[{"@type":"ListItem","position":1,"name":"Page d'accueil","item":"https:\/\/hubsch-interior.com\/fr\/"},{"@type":"ListItem","position":2,"name":"Produits","item":"https:\/\/hubsch-interior.com\/fr\/shop-2\/"},{"@type":"ListItem","position":3,"name":"Luminaires","item":"https:\/\/hubsch-interior.com\/fr\/categorie-produit\/luminaires\/"},{"@type":"ListItem","position":4,"name":"Appliques murales","item":"https:\/\/hubsch-interior.com\/fr\/categorie-produit\/luminaires\/appliques-murales-fr\/"},{"@type":"ListItem","position":5,"name":"Studio Applique murale Marron"}]},{"@type":"WebSite","@id":"https:\/\/hubsch-interior.com\/fr\/#website","url":"https:\/\/hubsch-interior.com\/fr\/","name":"H\u00fcbsch","description":"Danish Home Interior and Design","publisher":{"@id":"https:\/\/hubsch-interior.com\/fr\/#organization"},"potentialAction":[{"@type":"SearchAction","target":{"@type":"EntryPoint","urlTemplate":"https:\/\/hubsch-interior.com\/fr\/?s={search_term_string}"},"query-input":{"@type":"PropertyValueSpecification","valueRequired":true,"valueName":"search_term_string"}}],"inLanguage":"fr-FR"},{"@type":"Organization","@id":"https:\/\/hubsch-interior.com\/fr\/#organization","name":"H\u00fcbsch","url":"https:\/\/hubsch-interior.com\/fr\/","logo":{"@type":"ImageObject","inLanguage":"fr-FR","@id":"https:\/\/hubsch-interior.com\/fr\/#\/schema\/logo\/image\/","url":"https:\/\/hubsch-interior.com\/wp-content\/uploads\/2022\/12\/Hubsch_logo_black_one_line.svg","contentUrl":"https:\/\/hubsch-interior.com\/wp-content\/uploads\/2022\/12\/Hubsch_logo_black_one_line.svg","caption":"H\u00fcbsch"},"image":{"@id":"https:\/\/hubsch-interior.com\/fr\/#\/schema\/logo\/image\/"}}]}},"_links":{"self":[{"href":"https:\/\/hubsch-interior.com\/fr\/wp-json\/wp\/v2\/product\/978263","targetHints":{"allow":["GET"]}}],"collection":[{"href":"https:\/\/hubsch-interior.com\/fr\/wp-json\/wp\/v2\/product"}],"about":[{"href":"https:\/\/hubsch-interior.com\/fr\/wp-json\/wp\/v2\/types\/product"}],"wp:featuredmedia":[{"embeddable":true,"href":"https:\/\/hubsch-interior.com\/fr\/wp-json\/wp\/v2\/media\/1113617"}],"wp:attachment":[{"href":"https:\/\/hubsch-interior.com\/fr\/wp-json\/wp\/v2\/media?parent=978263"}],"wp:term":[{"taxonomy":"product_brand","embeddable":true,"href":"https:\/\/hubsch-interior.com\/fr\/wp-json\/wp\/v2\/product_brand?post=978263"},{"taxonomy":"product_cat","embeddable":true,"href":"https:\/\/hubsch-interior.com\/fr\/wp-json\/wp\/v2\/product_cat?post=978263"},{"taxonomy":"product_tag","embeddable":true,"href":"https:\/\/hubsch-interior.com\/fr\/wp-json\/wp\/v2\/product_tag?post=978263"}],"curies":[{"name":"wp","href":"https:\/\/api.w.org\/{rel}","templated":true}]}}