{"id":978287,"date":"2024-01-29T09:38:27","date_gmt":"2024-01-29T08:38:27","guid":{"rendered":"https:\/\/hubsch-interior.com\/product\/product\/"},"modified":"2026-04-08T05:18:45","modified_gmt":"2026-04-08T03:18:45","slug":"ripple-pendule-vert","status":"publish","type":"product","link":"https:\/\/hubsch-interior.com\/fr\/produit\/ripple-pendule-vert\/","title":{"rendered":"Ripple Pendule Vert"},"content":{"rendered":"<p>Ajoutez une touche d&#8217;\u00e9l\u00e9gance \u00e0 votre espace de vie avec notre suspension Ripple. Disponible en deux variantes \u00e9poustouflantes, cette version particuli\u00e8re arbore une magnifique teinte verte rappelant les olives fra\u00eeches. Fabriqu\u00e9 en verre \u00e9l\u00e9gant et en m\u00e9tal solide, cette lampe d\u00e9gage \u00e0 la fois du style et de la durabilit\u00e9. Sa lumi\u00e8re douce et chaleureuse cr\u00e9e une ambiance cosy, parfaite pour les soir\u00e9es de d\u00e9tente \u00e0 la maison. Ajoutez une touche subtile et cosy \u00e0 n&#8217;importe quelle pi\u00e8ce avec l&#8217;effet ondul\u00e9 hypnotisant de cette suspension de couleur olive.<\/p>\n","protected":false},"excerpt":{"rendered":"<p>Ajoutez une touche d&#8217;\u00e9l\u00e9gance \u00e0 votre espace de vie avec notre suspension Ripple. Disponible en deux variantes \u00e9poustouflantes, cette version particuli\u00e8re arbore une magnifique teinte verte rappelant les olives fra\u00eeches. Fabriqu\u00e9 en verre \u00e9l\u00e9gant et en m\u00e9tal solide, cette lampe d\u00e9gage \u00e0 la fois du style et de la durabilit\u00e9. Sa lumi\u00e8re douce et chaleureuse [&hellip;]<\/p>\n","protected":false},"featured_media":1113629,"template":"","meta":{"_acf_changed":false,"inline_featured_image":false},"product_brand":[],"product_cat":[6900,6882,3810,4147,5026],"product_tag":[],"class_list":{"0":"post-978287","1":"product","2":"type-product","3":"status-publish","4":"has-post-thumbnail","6":"product_cat-eclairage-fonctionnel-fr","7":"product_cat-elevating-nostalgia-fr","8":"product_cat-luminaires","9":"product_cat-suspensions-fr","10":"product_cat-bestsellers-fr","11":"product_shipping_class-pk","12":"pa_color-vert-2","13":"pa_material-fer-fr","14":"pa_material-verre-fr","16":"first","17":"outofstock","18":"featured","19":"taxable","20":"shipping-taxable","21":"purchasable","22":"product-type-simple"},"exclude_global_add_ons":[],"addons":[],"acf":[],"yoast_head":"<!-- This site is optimized with the Yoast SEO plugin v26.4 - https:\/\/yoast.com\/wordpress\/plugins\/seo\/ -->\n<title>Ripple Pendule Vert - H\u00fcbsch<\/title>\n<meta name=\"description\" content=\"Ajoutez une touche d&#039;\u00e9l\u00e9gance \u00e0 votre espace de vie avec notre suspension Ripple. Disponible en deux variantes \u00e9poustouflantes, cette version particuli\u00e8re\" \/>\n<meta name=\"robots\" content=\"index, follow, max-snippet:-1, max-image-preview:large, max-video-preview:-1\" \/>\n<link rel=\"canonical\" href=\"https:\/\/hubsch-interior.com\/fr\/wp-json\/wp\/v2\/product\/978287\" \/>\n<meta property=\"og:locale\" content=\"fr_FR\" \/>\n<meta property=\"og:type\" content=\"article\" \/>\n<meta property=\"og:title\" content=\"Ripple Pendule Vert - H\u00fcbsch\" \/>\n<meta property=\"og:description\" content=\"Ajoutez une touche d&#039;\u00e9l\u00e9gance \u00e0 votre espace de vie avec notre suspension Ripple. Disponible en deux variantes \u00e9poustouflantes, cette version particuli\u00e8re\" \/>\n<meta property=\"og:url\" content=\"https:\/\/hubsch-interior.com\/fr\/produit\/ripple-pendule-vert\/\" \/>\n<meta property=\"og:site_name\" content=\"H\u00fcbsch\" \/>\n<meta property=\"article:modified_time\" content=\"2026-04-08T03:18:45+00:00\" \/>\n<meta property=\"og:image\" content=\"https:\/\/hubsch-interior.com\/wp-content\/uploads\/2024\/01\/ripple-ceiling-light-green-4cc99765b8f4f66c3d8e73e3ae1c095c.jpg\" \/>\n\t<meta property=\"og:image:width\" content=\"1200\" \/>\n\t<meta property=\"og:image:height\" content=\"1200\" \/>\n\t<meta property=\"og:image:type\" content=\"image\/jpeg\" \/>\n<meta name=\"twitter:card\" content=\"summary_large_image\" \/>\n<script type=\"application\/ld+json\" class=\"yoast-schema-graph\">{\"@context\":\"https:\/\/schema.org\",\"@graph\":[{\"@type\":\"WebPage\",\"@id\":\"https:\/\/hubsch-interior.com\/fr\/produit\/ripple-pendule-vert\/\",\"url\":\"https:\/\/hubsch-interior.com\/fr\/produit\/ripple-pendule-vert\/\",\"name\":\"Ripple Pendule Vert - H\u00fcbsch\",\"isPartOf\":{\"@id\":\"https:\/\/hubsch-interior.com\/fr\/#website\"},\"primaryImageOfPage\":{\"@id\":\"https:\/\/hubsch-interior.com\/fr\/produit\/ripple-pendule-vert\/#primaryimage\"},\"image\":{\"@id\":\"https:\/\/hubsch-interior.com\/fr\/produit\/ripple-pendule-vert\/#primaryimage\"},\"thumbnailUrl\":\"https:\/\/hubsch-interior.com\/wp-content\/uploads\/2026\/02\/ripple-pendant-green-eecdd2e978f6b879e8d83c3bd59c528b.jpg\",\"datePublished\":\"2024-01-29T08:38:27+00:00\",\"dateModified\":\"2026-04-08T03:18:45+00:00\",\"description\":\"Ajoutez une touche d'\u00e9l\u00e9gance \u00e0 votre espace de vie avec notre suspension Ripple. Disponible en deux variantes \u00e9poustouflantes, cette version particuli\u00e8re\",\"breadcrumb\":{\"@id\":\"https:\/\/hubsch-interior.com\/fr\/produit\/ripple-pendule-vert\/#breadcrumb\"},\"inLanguage\":\"fr-FR\",\"potentialAction\":[{\"@type\":\"ReadAction\",\"target\":[\"https:\/\/hubsch-interior.com\/fr\/produit\/ripple-pendule-vert\/\"]}]},{\"@type\":\"ImageObject\",\"inLanguage\":\"fr-FR\",\"@id\":\"https:\/\/hubsch-interior.com\/fr\/produit\/ripple-pendule-vert\/#primaryimage\",\"url\":\"https:\/\/hubsch-interior.com\/wp-content\/uploads\/2026\/02\/ripple-pendant-green-eecdd2e978f6b879e8d83c3bd59c528b.jpg\",\"contentUrl\":\"https:\/\/hubsch-interior.com\/wp-content\/uploads\/2026\/02\/ripple-pendant-green-eecdd2e978f6b879e8d83c3bd59c528b.jpg\",\"width\":1024,\"height\":1024},{\"@type\":\"BreadcrumbList\",\"@id\":\"https:\/\/hubsch-interior.com\/fr\/produit\/ripple-pendule-vert\/#breadcrumb\",\"itemListElement\":[{\"@type\":\"ListItem\",\"position\":1,\"name\":\"Page d'accueil\",\"item\":\"https:\/\/hubsch-interior.com\/fr\/\"},{\"@type\":\"ListItem\",\"position\":2,\"name\":\"Produits\",\"item\":\"https:\/\/hubsch-interior.com\/fr\/shop-2\/\"},{\"@type\":\"ListItem\",\"position\":3,\"name\":\"Luminaires\",\"item\":\"https:\/\/hubsch-interior.com\/fr\/categorie-produit\/luminaires\/\"},{\"@type\":\"ListItem\",\"position\":4,\"name\":\"Suspensions\",\"item\":\"https:\/\/hubsch-interior.com\/fr\/categorie-produit\/luminaires\/suspensions-fr\/\"},{\"@type\":\"ListItem\",\"position\":5,\"name\":\"Ripple Pendule Vert\"}]},{\"@type\":\"WebSite\",\"@id\":\"https:\/\/hubsch-interior.com\/fr\/#website\",\"url\":\"https:\/\/hubsch-interior.com\/fr\/\",\"name\":\"H\u00fcbsch\",\"description\":\"Danish Home Interior and Design\",\"publisher\":{\"@id\":\"https:\/\/hubsch-interior.com\/fr\/#organization\"},\"potentialAction\":[{\"@type\":\"SearchAction\",\"target\":{\"@type\":\"EntryPoint\",\"urlTemplate\":\"https:\/\/hubsch-interior.com\/fr\/?s={search_term_string}\"},\"query-input\":{\"@type\":\"PropertyValueSpecification\",\"valueRequired\":true,\"valueName\":\"search_term_string\"}}],\"inLanguage\":\"fr-FR\"},{\"@type\":\"Organization\",\"@id\":\"https:\/\/hubsch-interior.com\/fr\/#organization\",\"name\":\"H\u00fcbsch\",\"url\":\"https:\/\/hubsch-interior.com\/fr\/\",\"logo\":{\"@type\":\"ImageObject\",\"inLanguage\":\"fr-FR\",\"@id\":\"https:\/\/hubsch-interior.com\/fr\/#\/schema\/logo\/image\/\",\"url\":\"https:\/\/hubsch-interior.com\/wp-content\/uploads\/2022\/12\/Hubsch_logo_black_one_line.svg\",\"contentUrl\":\"https:\/\/hubsch-interior.com\/wp-content\/uploads\/2022\/12\/Hubsch_logo_black_one_line.svg\",\"caption\":\"H\u00fcbsch\"},\"image\":{\"@id\":\"https:\/\/hubsch-interior.com\/fr\/#\/schema\/logo\/image\/\"}}]}<\/script>\n<!-- \/ Yoast SEO plugin. -->","yoast_head_json":{"title":"Ripple Pendule Vert - H\u00fcbsch","description":"Ajoutez une touche d'\u00e9l\u00e9gance \u00e0 votre espace de vie avec notre suspension Ripple. Disponible en deux variantes \u00e9poustouflantes, cette version particuli\u00e8re","robots":{"index":"index","follow":"follow","max-snippet":"max-snippet:-1","max-image-preview":"max-image-preview:large","max-video-preview":"max-video-preview:-1"},"canonical":"https:\/\/hubsch-interior.com\/fr\/wp-json\/wp\/v2\/product\/978287","og_locale":"fr_FR","og_type":"article","og_title":"Ripple Pendule Vert - H\u00fcbsch","og_description":"Ajoutez une touche d'\u00e9l\u00e9gance \u00e0 votre espace de vie avec notre suspension Ripple. Disponible en deux variantes \u00e9poustouflantes, cette version particuli\u00e8re","og_url":"https:\/\/hubsch-interior.com\/fr\/produit\/ripple-pendule-vert\/","og_site_name":"H\u00fcbsch","article_modified_time":"2026-04-08T03:18:45+00:00","og_image":[{"width":1200,"height":1200,"url":"https:\/\/hubsch-interior.com\/wp-content\/uploads\/2024\/01\/ripple-ceiling-light-green-4cc99765b8f4f66c3d8e73e3ae1c095c.jpg","type":"image\/jpeg"}],"twitter_card":"summary_large_image","schema":{"@context":"https:\/\/schema.org","@graph":[{"@type":"WebPage","@id":"https:\/\/hubsch-interior.com\/fr\/produit\/ripple-pendule-vert\/","url":"https:\/\/hubsch-interior.com\/fr\/produit\/ripple-pendule-vert\/","name":"Ripple Pendule Vert - H\u00fcbsch","isPartOf":{"@id":"https:\/\/hubsch-interior.com\/fr\/#website"},"primaryImageOfPage":{"@id":"https:\/\/hubsch-interior.com\/fr\/produit\/ripple-pendule-vert\/#primaryimage"},"image":{"@id":"https:\/\/hubsch-interior.com\/fr\/produit\/ripple-pendule-vert\/#primaryimage"},"thumbnailUrl":"https:\/\/hubsch-interior.com\/wp-content\/uploads\/2026\/02\/ripple-pendant-green-eecdd2e978f6b879e8d83c3bd59c528b.jpg","datePublished":"2024-01-29T08:38:27+00:00","dateModified":"2026-04-08T03:18:45+00:00","description":"Ajoutez une touche d'\u00e9l\u00e9gance \u00e0 votre espace de vie avec notre suspension Ripple. Disponible en deux variantes \u00e9poustouflantes, cette version particuli\u00e8re","breadcrumb":{"@id":"https:\/\/hubsch-interior.com\/fr\/produit\/ripple-pendule-vert\/#breadcrumb"},"inLanguage":"fr-FR","potentialAction":[{"@type":"ReadAction","target":["https:\/\/hubsch-interior.com\/fr\/produit\/ripple-pendule-vert\/"]}]},{"@type":"ImageObject","inLanguage":"fr-FR","@id":"https:\/\/hubsch-interior.com\/fr\/produit\/ripple-pendule-vert\/#primaryimage","url":"https:\/\/hubsch-interior.com\/wp-content\/uploads\/2026\/02\/ripple-pendant-green-eecdd2e978f6b879e8d83c3bd59c528b.jpg","contentUrl":"https:\/\/hubsch-interior.com\/wp-content\/uploads\/2026\/02\/ripple-pendant-green-eecdd2e978f6b879e8d83c3bd59c528b.jpg","width":1024,"height":1024},{"@type":"BreadcrumbList","@id":"https:\/\/hubsch-interior.com\/fr\/produit\/ripple-pendule-vert\/#breadcrumb","itemListElement":[{"@type":"ListItem","position":1,"name":"Page d'accueil","item":"https:\/\/hubsch-interior.com\/fr\/"},{"@type":"ListItem","position":2,"name":"Produits","item":"https:\/\/hubsch-interior.com\/fr\/shop-2\/"},{"@type":"ListItem","position":3,"name":"Luminaires","item":"https:\/\/hubsch-interior.com\/fr\/categorie-produit\/luminaires\/"},{"@type":"ListItem","position":4,"name":"Suspensions","item":"https:\/\/hubsch-interior.com\/fr\/categorie-produit\/luminaires\/suspensions-fr\/"},{"@type":"ListItem","position":5,"name":"Ripple Pendule Vert"}]},{"@type":"WebSite","@id":"https:\/\/hubsch-interior.com\/fr\/#website","url":"https:\/\/hubsch-interior.com\/fr\/","name":"H\u00fcbsch","description":"Danish Home Interior and Design","publisher":{"@id":"https:\/\/hubsch-interior.com\/fr\/#organization"},"potentialAction":[{"@type":"SearchAction","target":{"@type":"EntryPoint","urlTemplate":"https:\/\/hubsch-interior.com\/fr\/?s={search_term_string}"},"query-input":{"@type":"PropertyValueSpecification","valueRequired":true,"valueName":"search_term_string"}}],"inLanguage":"fr-FR"},{"@type":"Organization","@id":"https:\/\/hubsch-interior.com\/fr\/#organization","name":"H\u00fcbsch","url":"https:\/\/hubsch-interior.com\/fr\/","logo":{"@type":"ImageObject","inLanguage":"fr-FR","@id":"https:\/\/hubsch-interior.com\/fr\/#\/schema\/logo\/image\/","url":"https:\/\/hubsch-interior.com\/wp-content\/uploads\/2022\/12\/Hubsch_logo_black_one_line.svg","contentUrl":"https:\/\/hubsch-interior.com\/wp-content\/uploads\/2022\/12\/Hubsch_logo_black_one_line.svg","caption":"H\u00fcbsch"},"image":{"@id":"https:\/\/hubsch-interior.com\/fr\/#\/schema\/logo\/image\/"}}]}},"_links":{"self":[{"href":"https:\/\/hubsch-interior.com\/fr\/wp-json\/wp\/v2\/product\/978287","targetHints":{"allow":["GET"]}}],"collection":[{"href":"https:\/\/hubsch-interior.com\/fr\/wp-json\/wp\/v2\/product"}],"about":[{"href":"https:\/\/hubsch-interior.com\/fr\/wp-json\/wp\/v2\/types\/product"}],"wp:featuredmedia":[{"embeddable":true,"href":"https:\/\/hubsch-interior.com\/fr\/wp-json\/wp\/v2\/media\/1113629"}],"wp:attachment":[{"href":"https:\/\/hubsch-interior.com\/fr\/wp-json\/wp\/v2\/media?parent=978287"}],"wp:term":[{"taxonomy":"product_brand","embeddable":true,"href":"https:\/\/hubsch-interior.com\/fr\/wp-json\/wp\/v2\/product_brand?post=978287"},{"taxonomy":"product_cat","embeddable":true,"href":"https:\/\/hubsch-interior.com\/fr\/wp-json\/wp\/v2\/product_cat?post=978287"},{"taxonomy":"product_tag","embeddable":true,"href":"https:\/\/hubsch-interior.com\/fr\/wp-json\/wp\/v2\/product_tag?post=978287"}],"curies":[{"name":"wp","href":"https:\/\/api.w.org\/{rel}","templated":true}]}}