{"id":978311,"date":"2024-01-29T09:38:41","date_gmt":"2024-01-29T08:38:41","guid":{"rendered":"https:\/\/hubsch-interior.com\/product\/product\/"},"modified":"2026-04-08T05:18:50","modified_gmt":"2026-04-08T03:18:50","slug":"splint-plateau-rouge-naturel","status":"publish","type":"product","link":"https:\/\/hubsch-interior.com\/fr\/produit\/splint-plateau-rouge-naturel\/","title":{"rendered":"Splint Plateau Rouge\/Naturel"},"content":{"rendered":"<p>D\u00e9couvrez notre Splint Plateau, un ajout unique \u00e0 votre d\u00e9coration int\u00e9rieure. Fabriqu\u00e9 \u00e0 partir de bois certifi\u00e9 FSC et d&#8217;une combinaison unique de m\u00e9tal et de rotin, ce plateau est un v\u00e9ritable t\u00e9moignage de durabilit\u00e9 et de savoir-faire. Sa couleur naturelle et ses textures contrastantes ajoutent une touche de chaleur \u00e0 n&#8217;importe quelle pi\u00e8ce, tandis que l&#8217;accent rouge du cadre en acier cr\u00e9e un contraste intrigant. Les d\u00e9tails en rotin tress\u00e9 ajoutent une touche d&#8217;\u00e9l\u00e9gance \u00e0 l&#8217;ensemble du design, en faisant une pi\u00e8ce polyvalente pour tout style de maison.<\/p>\n","protected":false},"excerpt":{"rendered":"<p>D\u00e9couvrez notre Splint Plateau, un ajout unique \u00e0 votre d\u00e9coration int\u00e9rieure. Fabriqu\u00e9 \u00e0 partir de bois certifi\u00e9 FSC et d&#8217;une combinaison unique de m\u00e9tal et de rotin, ce plateau est un v\u00e9ritable t\u00e9moignage de durabilit\u00e9 et de savoir-faire. Sa couleur naturelle et ses textures contrastantes ajoutent une touche de chaleur \u00e0 n&#8217;importe quelle pi\u00e8ce, tandis [&hellip;]<\/p>\n","protected":false},"featured_media":1113645,"template":"","meta":{"_acf_changed":false,"inline_featured_image":false},"product_brand":[],"product_cat":[6882,7039,7027,6322,6348,4053,4054],"product_tag":[],"class_list":{"0":"post-978311","1":"product","2":"type-product","3":"status-publish","4":"has-post-thumbnail","6":"product_cat-elevating-nostalgia-fr","7":"product_cat-cuisine-plateaux-fr","8":"product_cat-vaisselle-fr-2","9":"product_cat-fsc-fr","10":"product_cat-garden-selection-fr","11":"product_cat-accessoires-de-cuisine-fr","12":"product_cat-plateaux-fr","13":"product_shipping_class-pk","14":"pa_color-naturel-2","15":"pa_color-rouge-2","16":"pa_material-fer-fr","17":"pa_material-rotin-fr","19":"first","20":"instock","21":"taxable","22":"shipping-taxable","23":"purchasable","24":"product-type-simple"},"exclude_global_add_ons":[],"addons":[],"acf":[],"yoast_head":"<!-- This site is optimized with the Yoast SEO plugin v26.4 - https:\/\/yoast.com\/wordpress\/plugins\/seo\/ -->\n<title>Splint Plateau Rouge\/Naturel - H\u00fcbsch<\/title>\n<meta name=\"description\" content=\"D\u00e9couvrez notre Splint Plateau, un ajout unique \u00e0 votre d\u00e9coration int\u00e9rieure. Fabriqu\u00e9 \u00e0 partir de bois certifi\u00e9 FSC et d&#039;une combinaison unique de m\u00e9tal\" \/>\n<meta name=\"robots\" content=\"index, follow, max-snippet:-1, max-image-preview:large, max-video-preview:-1\" \/>\n<link rel=\"canonical\" href=\"https:\/\/hubsch-interior.com\/fr\/wp-json\/wp\/v2\/product\/978311\" \/>\n<meta property=\"og:locale\" content=\"fr_FR\" \/>\n<meta property=\"og:type\" content=\"article\" \/>\n<meta property=\"og:title\" content=\"Splint Plateau Rouge\/Naturel - H\u00fcbsch\" \/>\n<meta property=\"og:description\" content=\"D\u00e9couvrez notre Splint Plateau, un ajout unique \u00e0 votre d\u00e9coration int\u00e9rieure. Fabriqu\u00e9 \u00e0 partir de bois certifi\u00e9 FSC et d&#039;une combinaison unique de m\u00e9tal\" \/>\n<meta property=\"og:url\" content=\"https:\/\/hubsch-interior.com\/fr\/produit\/splint-plateau-rouge-naturel\/\" \/>\n<meta property=\"og:site_name\" content=\"H\u00fcbsch\" \/>\n<meta property=\"article:modified_time\" content=\"2026-04-08T03:18:50+00:00\" \/>\n<meta property=\"og:image\" content=\"https:\/\/hubsch-interior.com\/wp-content\/uploads\/2025\/01\/splint-tray-rednatural-42e511bc76fe5da2dfefed8cfdde4f6b.jpg\" \/>\n\t<meta property=\"og:image:width\" content=\"1200\" \/>\n\t<meta property=\"og:image:height\" content=\"1200\" \/>\n\t<meta property=\"og:image:type\" content=\"image\/jpeg\" \/>\n<meta name=\"twitter:card\" content=\"summary_large_image\" \/>\n<script type=\"application\/ld+json\" class=\"yoast-schema-graph\">{\"@context\":\"https:\/\/schema.org\",\"@graph\":[{\"@type\":\"WebPage\",\"@id\":\"https:\/\/hubsch-interior.com\/fr\/produit\/splint-plateau-rouge-naturel\/\",\"url\":\"https:\/\/hubsch-interior.com\/fr\/produit\/splint-plateau-rouge-naturel\/\",\"name\":\"Splint Plateau Rouge\/Naturel - H\u00fcbsch\",\"isPartOf\":{\"@id\":\"https:\/\/hubsch-interior.com\/fr\/#website\"},\"primaryImageOfPage\":{\"@id\":\"https:\/\/hubsch-interior.com\/fr\/produit\/splint-plateau-rouge-naturel\/#primaryimage\"},\"image\":{\"@id\":\"https:\/\/hubsch-interior.com\/fr\/produit\/splint-plateau-rouge-naturel\/#primaryimage\"},\"thumbnailUrl\":\"https:\/\/hubsch-interior.com\/wp-content\/uploads\/2026\/02\/splint-tray-rednatural-94c7b4fa63aea6473341d808e9e2e6a5.jpg\",\"datePublished\":\"2024-01-29T08:38:41+00:00\",\"dateModified\":\"2026-04-08T03:18:50+00:00\",\"description\":\"D\u00e9couvrez notre Splint Plateau, un ajout unique \u00e0 votre d\u00e9coration int\u00e9rieure. Fabriqu\u00e9 \u00e0 partir de bois certifi\u00e9 FSC et d'une combinaison unique de m\u00e9tal\",\"breadcrumb\":{\"@id\":\"https:\/\/hubsch-interior.com\/fr\/produit\/splint-plateau-rouge-naturel\/#breadcrumb\"},\"inLanguage\":\"fr-FR\",\"potentialAction\":[{\"@type\":\"ReadAction\",\"target\":[\"https:\/\/hubsch-interior.com\/fr\/produit\/splint-plateau-rouge-naturel\/\"]}]},{\"@type\":\"ImageObject\",\"inLanguage\":\"fr-FR\",\"@id\":\"https:\/\/hubsch-interior.com\/fr\/produit\/splint-plateau-rouge-naturel\/#primaryimage\",\"url\":\"https:\/\/hubsch-interior.com\/wp-content\/uploads\/2026\/02\/splint-tray-rednatural-94c7b4fa63aea6473341d808e9e2e6a5.jpg\",\"contentUrl\":\"https:\/\/hubsch-interior.com\/wp-content\/uploads\/2026\/02\/splint-tray-rednatural-94c7b4fa63aea6473341d808e9e2e6a5.jpg\",\"width\":1024,\"height\":1024},{\"@type\":\"BreadcrumbList\",\"@id\":\"https:\/\/hubsch-interior.com\/fr\/produit\/splint-plateau-rouge-naturel\/#breadcrumb\",\"itemListElement\":[{\"@type\":\"ListItem\",\"position\":1,\"name\":\"Page d'accueil\",\"item\":\"https:\/\/hubsch-interior.com\/fr\/\"},{\"@type\":\"ListItem\",\"position\":2,\"name\":\"Produits\",\"item\":\"https:\/\/hubsch-interior.com\/fr\/shop-2\/\"},{\"@type\":\"ListItem\",\"position\":3,\"name\":\"Cuisine\",\"item\":\"https:\/\/hubsch-interior.com\/fr\/categorie-produit\/cuisine\/\"},{\"@type\":\"ListItem\",\"position\":4,\"name\":\"Vaisselle\",\"item\":\"https:\/\/hubsch-interior.com\/fr\/categorie-produit\/cuisine\/vaisselle-fr-2\/\"},{\"@type\":\"ListItem\",\"position\":5,\"name\":\"Plateaux\",\"item\":\"https:\/\/hubsch-interior.com\/fr\/categorie-produit\/cuisine\/vaisselle-fr-2\/cuisine-plateaux-fr\/\"},{\"@type\":\"ListItem\",\"position\":6,\"name\":\"Splint Plateau Rouge\/Naturel\"}]},{\"@type\":\"WebSite\",\"@id\":\"https:\/\/hubsch-interior.com\/fr\/#website\",\"url\":\"https:\/\/hubsch-interior.com\/fr\/\",\"name\":\"H\u00fcbsch\",\"description\":\"Danish Home Interior and Design\",\"publisher\":{\"@id\":\"https:\/\/hubsch-interior.com\/fr\/#organization\"},\"potentialAction\":[{\"@type\":\"SearchAction\",\"target\":{\"@type\":\"EntryPoint\",\"urlTemplate\":\"https:\/\/hubsch-interior.com\/fr\/?s={search_term_string}\"},\"query-input\":{\"@type\":\"PropertyValueSpecification\",\"valueRequired\":true,\"valueName\":\"search_term_string\"}}],\"inLanguage\":\"fr-FR\"},{\"@type\":\"Organization\",\"@id\":\"https:\/\/hubsch-interior.com\/fr\/#organization\",\"name\":\"H\u00fcbsch\",\"url\":\"https:\/\/hubsch-interior.com\/fr\/\",\"logo\":{\"@type\":\"ImageObject\",\"inLanguage\":\"fr-FR\",\"@id\":\"https:\/\/hubsch-interior.com\/fr\/#\/schema\/logo\/image\/\",\"url\":\"https:\/\/hubsch-interior.com\/wp-content\/uploads\/2022\/12\/Hubsch_logo_black_one_line.svg\",\"contentUrl\":\"https:\/\/hubsch-interior.com\/wp-content\/uploads\/2022\/12\/Hubsch_logo_black_one_line.svg\",\"caption\":\"H\u00fcbsch\"},\"image\":{\"@id\":\"https:\/\/hubsch-interior.com\/fr\/#\/schema\/logo\/image\/\"}}]}<\/script>\n<!-- \/ Yoast SEO plugin. -->","yoast_head_json":{"title":"Splint Plateau Rouge\/Naturel - H\u00fcbsch","description":"D\u00e9couvrez notre Splint Plateau, un ajout unique \u00e0 votre d\u00e9coration int\u00e9rieure. Fabriqu\u00e9 \u00e0 partir de bois certifi\u00e9 FSC et d'une combinaison unique de m\u00e9tal","robots":{"index":"index","follow":"follow","max-snippet":"max-snippet:-1","max-image-preview":"max-image-preview:large","max-video-preview":"max-video-preview:-1"},"canonical":"https:\/\/hubsch-interior.com\/fr\/wp-json\/wp\/v2\/product\/978311","og_locale":"fr_FR","og_type":"article","og_title":"Splint Plateau Rouge\/Naturel - H\u00fcbsch","og_description":"D\u00e9couvrez notre Splint Plateau, un ajout unique \u00e0 votre d\u00e9coration int\u00e9rieure. Fabriqu\u00e9 \u00e0 partir de bois certifi\u00e9 FSC et d'une combinaison unique de m\u00e9tal","og_url":"https:\/\/hubsch-interior.com\/fr\/produit\/splint-plateau-rouge-naturel\/","og_site_name":"H\u00fcbsch","article_modified_time":"2026-04-08T03:18:50+00:00","og_image":[{"width":1200,"height":1200,"url":"https:\/\/hubsch-interior.com\/wp-content\/uploads\/2025\/01\/splint-tray-rednatural-42e511bc76fe5da2dfefed8cfdde4f6b.jpg","type":"image\/jpeg"}],"twitter_card":"summary_large_image","schema":{"@context":"https:\/\/schema.org","@graph":[{"@type":"WebPage","@id":"https:\/\/hubsch-interior.com\/fr\/produit\/splint-plateau-rouge-naturel\/","url":"https:\/\/hubsch-interior.com\/fr\/produit\/splint-plateau-rouge-naturel\/","name":"Splint Plateau Rouge\/Naturel - H\u00fcbsch","isPartOf":{"@id":"https:\/\/hubsch-interior.com\/fr\/#website"},"primaryImageOfPage":{"@id":"https:\/\/hubsch-interior.com\/fr\/produit\/splint-plateau-rouge-naturel\/#primaryimage"},"image":{"@id":"https:\/\/hubsch-interior.com\/fr\/produit\/splint-plateau-rouge-naturel\/#primaryimage"},"thumbnailUrl":"https:\/\/hubsch-interior.com\/wp-content\/uploads\/2026\/02\/splint-tray-rednatural-94c7b4fa63aea6473341d808e9e2e6a5.jpg","datePublished":"2024-01-29T08:38:41+00:00","dateModified":"2026-04-08T03:18:50+00:00","description":"D\u00e9couvrez notre Splint Plateau, un ajout unique \u00e0 votre d\u00e9coration int\u00e9rieure. Fabriqu\u00e9 \u00e0 partir de bois certifi\u00e9 FSC et d'une combinaison unique de m\u00e9tal","breadcrumb":{"@id":"https:\/\/hubsch-interior.com\/fr\/produit\/splint-plateau-rouge-naturel\/#breadcrumb"},"inLanguage":"fr-FR","potentialAction":[{"@type":"ReadAction","target":["https:\/\/hubsch-interior.com\/fr\/produit\/splint-plateau-rouge-naturel\/"]}]},{"@type":"ImageObject","inLanguage":"fr-FR","@id":"https:\/\/hubsch-interior.com\/fr\/produit\/splint-plateau-rouge-naturel\/#primaryimage","url":"https:\/\/hubsch-interior.com\/wp-content\/uploads\/2026\/02\/splint-tray-rednatural-94c7b4fa63aea6473341d808e9e2e6a5.jpg","contentUrl":"https:\/\/hubsch-interior.com\/wp-content\/uploads\/2026\/02\/splint-tray-rednatural-94c7b4fa63aea6473341d808e9e2e6a5.jpg","width":1024,"height":1024},{"@type":"BreadcrumbList","@id":"https:\/\/hubsch-interior.com\/fr\/produit\/splint-plateau-rouge-naturel\/#breadcrumb","itemListElement":[{"@type":"ListItem","position":1,"name":"Page d'accueil","item":"https:\/\/hubsch-interior.com\/fr\/"},{"@type":"ListItem","position":2,"name":"Produits","item":"https:\/\/hubsch-interior.com\/fr\/shop-2\/"},{"@type":"ListItem","position":3,"name":"Cuisine","item":"https:\/\/hubsch-interior.com\/fr\/categorie-produit\/cuisine\/"},{"@type":"ListItem","position":4,"name":"Vaisselle","item":"https:\/\/hubsch-interior.com\/fr\/categorie-produit\/cuisine\/vaisselle-fr-2\/"},{"@type":"ListItem","position":5,"name":"Plateaux","item":"https:\/\/hubsch-interior.com\/fr\/categorie-produit\/cuisine\/vaisselle-fr-2\/cuisine-plateaux-fr\/"},{"@type":"ListItem","position":6,"name":"Splint Plateau Rouge\/Naturel"}]},{"@type":"WebSite","@id":"https:\/\/hubsch-interior.com\/fr\/#website","url":"https:\/\/hubsch-interior.com\/fr\/","name":"H\u00fcbsch","description":"Danish Home Interior and Design","publisher":{"@id":"https:\/\/hubsch-interior.com\/fr\/#organization"},"potentialAction":[{"@type":"SearchAction","target":{"@type":"EntryPoint","urlTemplate":"https:\/\/hubsch-interior.com\/fr\/?s={search_term_string}"},"query-input":{"@type":"PropertyValueSpecification","valueRequired":true,"valueName":"search_term_string"}}],"inLanguage":"fr-FR"},{"@type":"Organization","@id":"https:\/\/hubsch-interior.com\/fr\/#organization","name":"H\u00fcbsch","url":"https:\/\/hubsch-interior.com\/fr\/","logo":{"@type":"ImageObject","inLanguage":"fr-FR","@id":"https:\/\/hubsch-interior.com\/fr\/#\/schema\/logo\/image\/","url":"https:\/\/hubsch-interior.com\/wp-content\/uploads\/2022\/12\/Hubsch_logo_black_one_line.svg","contentUrl":"https:\/\/hubsch-interior.com\/wp-content\/uploads\/2022\/12\/Hubsch_logo_black_one_line.svg","caption":"H\u00fcbsch"},"image":{"@id":"https:\/\/hubsch-interior.com\/fr\/#\/schema\/logo\/image\/"}}]}},"_links":{"self":[{"href":"https:\/\/hubsch-interior.com\/fr\/wp-json\/wp\/v2\/product\/978311","targetHints":{"allow":["GET"]}}],"collection":[{"href":"https:\/\/hubsch-interior.com\/fr\/wp-json\/wp\/v2\/product"}],"about":[{"href":"https:\/\/hubsch-interior.com\/fr\/wp-json\/wp\/v2\/types\/product"}],"wp:featuredmedia":[{"embeddable":true,"href":"https:\/\/hubsch-interior.com\/fr\/wp-json\/wp\/v2\/media\/1113645"}],"wp:attachment":[{"href":"https:\/\/hubsch-interior.com\/fr\/wp-json\/wp\/v2\/media?parent=978311"}],"wp:term":[{"taxonomy":"product_brand","embeddable":true,"href":"https:\/\/hubsch-interior.com\/fr\/wp-json\/wp\/v2\/product_brand?post=978311"},{"taxonomy":"product_cat","embeddable":true,"href":"https:\/\/hubsch-interior.com\/fr\/wp-json\/wp\/v2\/product_cat?post=978311"},{"taxonomy":"product_tag","embeddable":true,"href":"https:\/\/hubsch-interior.com\/fr\/wp-json\/wp\/v2\/product_tag?post=978311"}],"curies":[{"name":"wp","href":"https:\/\/api.w.org\/{rel}","templated":true}]}}