{"id":978367,"date":"2024-01-29T09:39:27","date_gmt":"2024-01-29T08:39:27","guid":{"rendered":"https:\/\/hubsch-interior.com\/product\/product\/"},"modified":"2026-04-04T05:19:26","modified_gmt":"2026-04-04T03:19:26","slug":"play-porte-rouleau-de-cuisine-gris-jaune","status":"publish","type":"product","link":"https:\/\/hubsch-interior.com\/fr\/produit\/play-porte-rouleau-de-cuisine-gris-jaune\/","title":{"rendered":"Play Porte-rouleau de cuisine Gris\/Jaune"},"content":{"rendered":"<p>Notre Play Porte-rouleau de cuisine est le compl\u00e9ment parfait pour tout espace de cuisine. Fabriqu\u00e9 en m\u00e9tal de haute qualit\u00e9, ce porte-rouleau est non seulement solide, mais ajoute \u00e9galement une touche de style \u00e0 votre cuisine avec sa finition \u00e9l\u00e9gante et moderne. La combinaison de couleurs gris et jaune de ce porte-rouleau est s\u00fbre d&#8217;attirer votre attention, ajoutant une touche de couleur \u00e0 votre espace de cuisine. Gardez votre rouleau de cuisine \u00e0 port\u00e9e de main et organis\u00e9 avec ce porte-rouleau Play fonctionnel et \u00e9l\u00e9gant. Dites adieu aux comptoirs encombr\u00e9s et bonjour \u00e0 une cuisine plus organis\u00e9e et esth\u00e9tiquement attrayante !<\/p>\n","protected":false},"excerpt":{"rendered":"<p>Notre Play Porte-rouleau de cuisine est le compl\u00e9ment parfait pour tout espace de cuisine. Fabriqu\u00e9 en m\u00e9tal de haute qualit\u00e9, ce porte-rouleau est non seulement solide, mais ajoute \u00e9galement une touche de style \u00e0 votre cuisine avec sa finition \u00e9l\u00e9gante et moderne. La combinaison de couleurs gris et jaune de ce porte-rouleau est s\u00fbre d&#8217;attirer [&hellip;]<\/p>\n","protected":false},"featured_media":1113661,"template":"","meta":{"_acf_changed":false,"inline_featured_image":false},"product_brand":[],"product_cat":[6882,7059,6971,7027,4053,4095,5026,6535],"product_tag":[],"class_list":{"0":"post-978367","1":"product","2":"type-product","3":"status-publish","4":"has-post-thumbnail","6":"product_cat-elevating-nostalgia-fr","7":"product_cat-porte-rouleau-de-cuisine-fr","8":"product_cat-paques","9":"product_cat-vaisselle-fr-2","10":"product_cat-accessoires-de-cuisine-fr","11":"product_cat-vaisselle-fr","12":"product_cat-bestsellers-fr","13":"product_cat-outlet-fr","14":"product_shipping_class-pk","16":"pa_color-jaune","17":"pa_color-gris-2","18":"pa_material-fer-fr","20":"first","21":"instock","22":"sale","23":"featured","24":"taxable","25":"shipping-taxable","26":"purchasable","27":"product-type-simple"},"exclude_global_add_ons":[],"addons":[],"acf":[],"yoast_head":"<!-- This site is optimized with the Yoast SEO plugin v26.4 - https:\/\/yoast.com\/wordpress\/plugins\/seo\/ -->\n<title>Play Porte-rouleau de cuisine Gris\/Jaune - H\u00fcbsch<\/title>\n<meta name=\"description\" content=\"Notre Play Porte-rouleau de cuisine est le compl\u00e9ment parfait pour tout espace de cuisine. Fabriqu\u00e9 en m\u00e9tal de haute qualit\u00e9, ce porte-rouleau est non\" \/>\n<meta name=\"robots\" content=\"index, follow, max-snippet:-1, max-image-preview:large, max-video-preview:-1\" \/>\n<link rel=\"canonical\" href=\"https:\/\/hubsch-interior.com\/fr\/wp-json\/wp\/v2\/product\/978367\" \/>\n<meta property=\"og:locale\" content=\"fr_FR\" \/>\n<meta property=\"og:type\" content=\"article\" \/>\n<meta property=\"og:title\" content=\"Play Porte-rouleau de cuisine Gris\/Jaune - H\u00fcbsch\" \/>\n<meta property=\"og:description\" content=\"Notre Play Porte-rouleau de cuisine est le compl\u00e9ment parfait pour tout espace de cuisine. Fabriqu\u00e9 en m\u00e9tal de haute qualit\u00e9, ce porte-rouleau est non\" \/>\n<meta property=\"og:url\" content=\"https:\/\/hubsch-interior.com\/fr\/produit\/play-porte-rouleau-de-cuisine-gris-jaune\/\" \/>\n<meta property=\"og:site_name\" content=\"H\u00fcbsch\" \/>\n<meta property=\"article:modified_time\" content=\"2026-04-04T03:19:26+00:00\" \/>\n<meta property=\"og:image\" content=\"https:\/\/hubsch-interior.com\/wp-content\/uploads\/2024\/01\/play-kitchen-roll-holder-greyyellow-c1c93f6cf2a47dc09cb475c250ec7592.jpg\" \/>\n\t<meta property=\"og:image:width\" content=\"1200\" \/>\n\t<meta property=\"og:image:height\" content=\"1200\" \/>\n\t<meta property=\"og:image:type\" content=\"image\/jpeg\" \/>\n<meta name=\"twitter:card\" content=\"summary_large_image\" \/>\n<meta name=\"twitter:label1\" content=\"Dur\u00e9e de lecture estim\u00e9e\" \/>\n\t<meta name=\"twitter:data1\" content=\"1 minute\" \/>\n<script type=\"application\/ld+json\" class=\"yoast-schema-graph\">{\"@context\":\"https:\/\/schema.org\",\"@graph\":[{\"@type\":\"WebPage\",\"@id\":\"https:\/\/hubsch-interior.com\/fr\/produit\/play-porte-rouleau-de-cuisine-gris-jaune\/\",\"url\":\"https:\/\/hubsch-interior.com\/fr\/produit\/play-porte-rouleau-de-cuisine-gris-jaune\/\",\"name\":\"Play Porte-rouleau de cuisine Gris\/Jaune - H\u00fcbsch\",\"isPartOf\":{\"@id\":\"https:\/\/hubsch-interior.com\/fr\/#website\"},\"primaryImageOfPage\":{\"@id\":\"https:\/\/hubsch-interior.com\/fr\/produit\/play-porte-rouleau-de-cuisine-gris-jaune\/#primaryimage\"},\"image\":{\"@id\":\"https:\/\/hubsch-interior.com\/fr\/produit\/play-porte-rouleau-de-cuisine-gris-jaune\/#primaryimage\"},\"thumbnailUrl\":\"https:\/\/hubsch-interior.com\/wp-content\/uploads\/2026\/02\/play-kitchen-roll-holder-greyyellow-dbd84d8b0fc5bd6464ca1e820d6edfe4.jpg\",\"datePublished\":\"2024-01-29T08:39:27+00:00\",\"dateModified\":\"2026-04-04T03:19:26+00:00\",\"description\":\"Notre Play Porte-rouleau de cuisine est le compl\u00e9ment parfait pour tout espace de cuisine. Fabriqu\u00e9 en m\u00e9tal de haute qualit\u00e9, ce porte-rouleau est non\",\"breadcrumb\":{\"@id\":\"https:\/\/hubsch-interior.com\/fr\/produit\/play-porte-rouleau-de-cuisine-gris-jaune\/#breadcrumb\"},\"inLanguage\":\"fr-FR\",\"potentialAction\":[{\"@type\":\"ReadAction\",\"target\":[\"https:\/\/hubsch-interior.com\/fr\/produit\/play-porte-rouleau-de-cuisine-gris-jaune\/\"]}]},{\"@type\":\"ImageObject\",\"inLanguage\":\"fr-FR\",\"@id\":\"https:\/\/hubsch-interior.com\/fr\/produit\/play-porte-rouleau-de-cuisine-gris-jaune\/#primaryimage\",\"url\":\"https:\/\/hubsch-interior.com\/wp-content\/uploads\/2026\/02\/play-kitchen-roll-holder-greyyellow-dbd84d8b0fc5bd6464ca1e820d6edfe4.jpg\",\"contentUrl\":\"https:\/\/hubsch-interior.com\/wp-content\/uploads\/2026\/02\/play-kitchen-roll-holder-greyyellow-dbd84d8b0fc5bd6464ca1e820d6edfe4.jpg\",\"width\":1024,\"height\":1024},{\"@type\":\"BreadcrumbList\",\"@id\":\"https:\/\/hubsch-interior.com\/fr\/produit\/play-porte-rouleau-de-cuisine-gris-jaune\/#breadcrumb\",\"itemListElement\":[{\"@type\":\"ListItem\",\"position\":1,\"name\":\"Page d'accueil\",\"item\":\"https:\/\/hubsch-interior.com\/fr\/\"},{\"@type\":\"ListItem\",\"position\":2,\"name\":\"Produits\",\"item\":\"https:\/\/hubsch-interior.com\/fr\/shop-2\/\"},{\"@type\":\"ListItem\",\"position\":3,\"name\":\"Cuisine\",\"item\":\"https:\/\/hubsch-interior.com\/fr\/categorie-produit\/cuisine\/\"},{\"@type\":\"ListItem\",\"position\":4,\"name\":\"Vaisselle\",\"item\":\"https:\/\/hubsch-interior.com\/fr\/categorie-produit\/cuisine\/vaisselle-fr-2\/\"},{\"@type\":\"ListItem\",\"position\":5,\"name\":\"Porte-rouleau de cuisine\",\"item\":\"https:\/\/hubsch-interior.com\/fr\/categorie-produit\/cuisine\/vaisselle-fr-2\/porte-rouleau-de-cuisine-fr\/\"},{\"@type\":\"ListItem\",\"position\":6,\"name\":\"Play Porte-rouleau de cuisine Gris\/Jaune\"}]},{\"@type\":\"WebSite\",\"@id\":\"https:\/\/hubsch-interior.com\/fr\/#website\",\"url\":\"https:\/\/hubsch-interior.com\/fr\/\",\"name\":\"H\u00fcbsch\",\"description\":\"Danish Home Interior and Design\",\"publisher\":{\"@id\":\"https:\/\/hubsch-interior.com\/fr\/#organization\"},\"potentialAction\":[{\"@type\":\"SearchAction\",\"target\":{\"@type\":\"EntryPoint\",\"urlTemplate\":\"https:\/\/hubsch-interior.com\/fr\/?s={search_term_string}\"},\"query-input\":{\"@type\":\"PropertyValueSpecification\",\"valueRequired\":true,\"valueName\":\"search_term_string\"}}],\"inLanguage\":\"fr-FR\"},{\"@type\":\"Organization\",\"@id\":\"https:\/\/hubsch-interior.com\/fr\/#organization\",\"name\":\"H\u00fcbsch\",\"url\":\"https:\/\/hubsch-interior.com\/fr\/\",\"logo\":{\"@type\":\"ImageObject\",\"inLanguage\":\"fr-FR\",\"@id\":\"https:\/\/hubsch-interior.com\/fr\/#\/schema\/logo\/image\/\",\"url\":\"https:\/\/hubsch-interior.com\/wp-content\/uploads\/2022\/12\/Hubsch_logo_black_one_line.svg\",\"contentUrl\":\"https:\/\/hubsch-interior.com\/wp-content\/uploads\/2022\/12\/Hubsch_logo_black_one_line.svg\",\"caption\":\"H\u00fcbsch\"},\"image\":{\"@id\":\"https:\/\/hubsch-interior.com\/fr\/#\/schema\/logo\/image\/\"}}]}<\/script>\n<!-- \/ Yoast SEO plugin. -->","yoast_head_json":{"title":"Play Porte-rouleau de cuisine Gris\/Jaune - H\u00fcbsch","description":"Notre Play Porte-rouleau de cuisine est le compl\u00e9ment parfait pour tout espace de cuisine. Fabriqu\u00e9 en m\u00e9tal de haute qualit\u00e9, ce porte-rouleau est non","robots":{"index":"index","follow":"follow","max-snippet":"max-snippet:-1","max-image-preview":"max-image-preview:large","max-video-preview":"max-video-preview:-1"},"canonical":"https:\/\/hubsch-interior.com\/fr\/wp-json\/wp\/v2\/product\/978367","og_locale":"fr_FR","og_type":"article","og_title":"Play Porte-rouleau de cuisine Gris\/Jaune - H\u00fcbsch","og_description":"Notre Play Porte-rouleau de cuisine est le compl\u00e9ment parfait pour tout espace de cuisine. Fabriqu\u00e9 en m\u00e9tal de haute qualit\u00e9, ce porte-rouleau est non","og_url":"https:\/\/hubsch-interior.com\/fr\/produit\/play-porte-rouleau-de-cuisine-gris-jaune\/","og_site_name":"H\u00fcbsch","article_modified_time":"2026-04-04T03:19:26+00:00","og_image":[{"width":1200,"height":1200,"url":"https:\/\/hubsch-interior.com\/wp-content\/uploads\/2024\/01\/play-kitchen-roll-holder-greyyellow-c1c93f6cf2a47dc09cb475c250ec7592.jpg","type":"image\/jpeg"}],"twitter_card":"summary_large_image","twitter_misc":{"Dur\u00e9e de lecture estim\u00e9e":"1 minute"},"schema":{"@context":"https:\/\/schema.org","@graph":[{"@type":"WebPage","@id":"https:\/\/hubsch-interior.com\/fr\/produit\/play-porte-rouleau-de-cuisine-gris-jaune\/","url":"https:\/\/hubsch-interior.com\/fr\/produit\/play-porte-rouleau-de-cuisine-gris-jaune\/","name":"Play Porte-rouleau de cuisine Gris\/Jaune - H\u00fcbsch","isPartOf":{"@id":"https:\/\/hubsch-interior.com\/fr\/#website"},"primaryImageOfPage":{"@id":"https:\/\/hubsch-interior.com\/fr\/produit\/play-porte-rouleau-de-cuisine-gris-jaune\/#primaryimage"},"image":{"@id":"https:\/\/hubsch-interior.com\/fr\/produit\/play-porte-rouleau-de-cuisine-gris-jaune\/#primaryimage"},"thumbnailUrl":"https:\/\/hubsch-interior.com\/wp-content\/uploads\/2026\/02\/play-kitchen-roll-holder-greyyellow-dbd84d8b0fc5bd6464ca1e820d6edfe4.jpg","datePublished":"2024-01-29T08:39:27+00:00","dateModified":"2026-04-04T03:19:26+00:00","description":"Notre Play Porte-rouleau de cuisine est le compl\u00e9ment parfait pour tout espace de cuisine. Fabriqu\u00e9 en m\u00e9tal de haute qualit\u00e9, ce porte-rouleau est non","breadcrumb":{"@id":"https:\/\/hubsch-interior.com\/fr\/produit\/play-porte-rouleau-de-cuisine-gris-jaune\/#breadcrumb"},"inLanguage":"fr-FR","potentialAction":[{"@type":"ReadAction","target":["https:\/\/hubsch-interior.com\/fr\/produit\/play-porte-rouleau-de-cuisine-gris-jaune\/"]}]},{"@type":"ImageObject","inLanguage":"fr-FR","@id":"https:\/\/hubsch-interior.com\/fr\/produit\/play-porte-rouleau-de-cuisine-gris-jaune\/#primaryimage","url":"https:\/\/hubsch-interior.com\/wp-content\/uploads\/2026\/02\/play-kitchen-roll-holder-greyyellow-dbd84d8b0fc5bd6464ca1e820d6edfe4.jpg","contentUrl":"https:\/\/hubsch-interior.com\/wp-content\/uploads\/2026\/02\/play-kitchen-roll-holder-greyyellow-dbd84d8b0fc5bd6464ca1e820d6edfe4.jpg","width":1024,"height":1024},{"@type":"BreadcrumbList","@id":"https:\/\/hubsch-interior.com\/fr\/produit\/play-porte-rouleau-de-cuisine-gris-jaune\/#breadcrumb","itemListElement":[{"@type":"ListItem","position":1,"name":"Page d'accueil","item":"https:\/\/hubsch-interior.com\/fr\/"},{"@type":"ListItem","position":2,"name":"Produits","item":"https:\/\/hubsch-interior.com\/fr\/shop-2\/"},{"@type":"ListItem","position":3,"name":"Cuisine","item":"https:\/\/hubsch-interior.com\/fr\/categorie-produit\/cuisine\/"},{"@type":"ListItem","position":4,"name":"Vaisselle","item":"https:\/\/hubsch-interior.com\/fr\/categorie-produit\/cuisine\/vaisselle-fr-2\/"},{"@type":"ListItem","position":5,"name":"Porte-rouleau de cuisine","item":"https:\/\/hubsch-interior.com\/fr\/categorie-produit\/cuisine\/vaisselle-fr-2\/porte-rouleau-de-cuisine-fr\/"},{"@type":"ListItem","position":6,"name":"Play Porte-rouleau de cuisine Gris\/Jaune"}]},{"@type":"WebSite","@id":"https:\/\/hubsch-interior.com\/fr\/#website","url":"https:\/\/hubsch-interior.com\/fr\/","name":"H\u00fcbsch","description":"Danish Home Interior and Design","publisher":{"@id":"https:\/\/hubsch-interior.com\/fr\/#organization"},"potentialAction":[{"@type":"SearchAction","target":{"@type":"EntryPoint","urlTemplate":"https:\/\/hubsch-interior.com\/fr\/?s={search_term_string}"},"query-input":{"@type":"PropertyValueSpecification","valueRequired":true,"valueName":"search_term_string"}}],"inLanguage":"fr-FR"},{"@type":"Organization","@id":"https:\/\/hubsch-interior.com\/fr\/#organization","name":"H\u00fcbsch","url":"https:\/\/hubsch-interior.com\/fr\/","logo":{"@type":"ImageObject","inLanguage":"fr-FR","@id":"https:\/\/hubsch-interior.com\/fr\/#\/schema\/logo\/image\/","url":"https:\/\/hubsch-interior.com\/wp-content\/uploads\/2022\/12\/Hubsch_logo_black_one_line.svg","contentUrl":"https:\/\/hubsch-interior.com\/wp-content\/uploads\/2022\/12\/Hubsch_logo_black_one_line.svg","caption":"H\u00fcbsch"},"image":{"@id":"https:\/\/hubsch-interior.com\/fr\/#\/schema\/logo\/image\/"}}]}},"_links":{"self":[{"href":"https:\/\/hubsch-interior.com\/fr\/wp-json\/wp\/v2\/product\/978367","targetHints":{"allow":["GET"]}}],"collection":[{"href":"https:\/\/hubsch-interior.com\/fr\/wp-json\/wp\/v2\/product"}],"about":[{"href":"https:\/\/hubsch-interior.com\/fr\/wp-json\/wp\/v2\/types\/product"}],"wp:featuredmedia":[{"embeddable":true,"href":"https:\/\/hubsch-interior.com\/fr\/wp-json\/wp\/v2\/media\/1113661"}],"wp:attachment":[{"href":"https:\/\/hubsch-interior.com\/fr\/wp-json\/wp\/v2\/media?parent=978367"}],"wp:term":[{"taxonomy":"product_brand","embeddable":true,"href":"https:\/\/hubsch-interior.com\/fr\/wp-json\/wp\/v2\/product_brand?post=978367"},{"taxonomy":"product_cat","embeddable":true,"href":"https:\/\/hubsch-interior.com\/fr\/wp-json\/wp\/v2\/product_cat?post=978367"},{"taxonomy":"product_tag","embeddable":true,"href":"https:\/\/hubsch-interior.com\/fr\/wp-json\/wp\/v2\/product_tag?post=978367"}],"curies":[{"name":"wp","href":"https:\/\/api.w.org\/{rel}","templated":true}]}}