{"id":978395,"date":"2024-01-29T09:39:34","date_gmt":"2024-01-29T08:39:34","guid":{"rendered":"https:\/\/hubsch-interior.com\/product\/product\/"},"modified":"2026-04-09T05:19:17","modified_gmt":"2026-04-09T03:19:17","slug":"pond-plateau-sable","status":"publish","type":"product","link":"https:\/\/hubsch-interior.com\/fr\/produit\/pond-plateau-sable\/","title":{"rendered":"Pond Plateau Sable"},"content":{"rendered":"<p>Pr\u00e9sentation du parfait ajout \u00e0 votre d\u00e9coration int\u00e9rieure \u2014 le Pond Plateau en sable ! Fabriqu\u00e9 en m\u00e9tal solide, ce plateau arbore une forme ondul\u00e9e unique, vous offrant des possibilit\u00e9s illimit\u00e9es pour cr\u00e9er un stilleben personnel. Sa forme et sa couleur naturelles en font une pi\u00e8ce ma\u00eetresse qui s&#8217;int\u00e8gre parfaitement \u00e0 tout design int\u00e9rieur. Utilisez-le pour servir des boissons lors de votre prochaine r\u00e9union ou pour exposer vos pi\u00e8ces d\u00e9coratives pr\u00e9f\u00e9r\u00e9es. Avec sa construction robuste, le Pond Plateau est fait pour durer et rehausser votre espace de vie.<\/p>\n","protected":false},"excerpt":{"rendered":"<p>Pr\u00e9sentation du parfait ajout \u00e0 votre d\u00e9coration int\u00e9rieure \u2014 le Pond Plateau en sable ! Fabriqu\u00e9 en m\u00e9tal solide, ce plateau arbore une forme ondul\u00e9e unique, vous offrant des possibilit\u00e9s illimit\u00e9es pour cr\u00e9er un stilleben personnel. Sa forme et sa couleur naturelles en font une pi\u00e8ce ma\u00eetresse qui s&#8217;int\u00e8gre parfaitement \u00e0 tout design int\u00e9rieur. Utilisez-le [&hellip;]<\/p>\n","protected":false},"featured_media":1113673,"template":"","meta":{"_acf_changed":false,"inline_featured_image":false},"product_brand":[],"product_cat":[6882,7039,6971,7027,4053,4054,5026,6535],"product_tag":[],"class_list":{"0":"post-978395","1":"product","2":"type-product","3":"status-publish","4":"has-post-thumbnail","6":"product_cat-elevating-nostalgia-fr","7":"product_cat-cuisine-plateaux-fr","8":"product_cat-paques","9":"product_cat-vaisselle-fr-2","10":"product_cat-accessoires-de-cuisine-fr","11":"product_cat-plateaux-fr","12":"product_cat-bestsellers-fr","13":"product_cat-outlet-fr","14":"product_shipping_class-pk","16":"pa_color-sable","17":"pa_material-fer-fr","19":"first","20":"instock","21":"sale","22":"featured","23":"taxable","24":"shipping-taxable","25":"purchasable","26":"product-type-simple"},"exclude_global_add_ons":[],"addons":[],"acf":[],"yoast_head":"<!-- This site is optimized with the Yoast SEO plugin v26.4 - https:\/\/yoast.com\/wordpress\/plugins\/seo\/ -->\n<title>Pond Plateau Sable - H\u00fcbsch<\/title>\n<meta name=\"description\" content=\"Pr\u00e9sentation du parfait ajout \u00e0 votre d\u00e9coration int\u00e9rieure \u2014 le Pond Plateau en sable ! Fabriqu\u00e9 en m\u00e9tal solide, ce plateau arbore une forme ondul\u00e9e\" \/>\n<meta name=\"robots\" content=\"index, follow, max-snippet:-1, max-image-preview:large, max-video-preview:-1\" \/>\n<link rel=\"canonical\" href=\"https:\/\/hubsch-interior.com\/fr\/wp-json\/wp\/v2\/product\/978395\" \/>\n<meta property=\"og:locale\" content=\"fr_FR\" \/>\n<meta property=\"og:type\" content=\"article\" \/>\n<meta property=\"og:title\" content=\"Pond Plateau Sable - H\u00fcbsch\" \/>\n<meta property=\"og:description\" content=\"Pr\u00e9sentation du parfait ajout \u00e0 votre d\u00e9coration int\u00e9rieure \u2014 le Pond Plateau en sable ! Fabriqu\u00e9 en m\u00e9tal solide, ce plateau arbore une forme ondul\u00e9e\" \/>\n<meta property=\"og:url\" content=\"https:\/\/hubsch-interior.com\/fr\/produit\/pond-plateau-sable\/\" \/>\n<meta property=\"og:site_name\" content=\"H\u00fcbsch\" \/>\n<meta property=\"article:modified_time\" content=\"2026-04-09T03:19:17+00:00\" \/>\n<meta property=\"og:image\" content=\"https:\/\/hubsch-interior.com\/wp-content\/uploads\/2025\/01\/pond-tray-sand-2c47b98ce8ed0642bceec1a27fc52663.jpg\" \/>\n\t<meta property=\"og:image:width\" content=\"1200\" \/>\n\t<meta property=\"og:image:height\" content=\"1200\" \/>\n\t<meta property=\"og:image:type\" content=\"image\/jpeg\" \/>\n<meta name=\"twitter:card\" content=\"summary_large_image\" \/>\n<meta name=\"twitter:label1\" content=\"Dur\u00e9e de lecture estim\u00e9e\" \/>\n\t<meta name=\"twitter:data1\" content=\"1 minute\" \/>\n<script type=\"application\/ld+json\" class=\"yoast-schema-graph\">{\"@context\":\"https:\/\/schema.org\",\"@graph\":[{\"@type\":\"WebPage\",\"@id\":\"https:\/\/hubsch-interior.com\/fr\/produit\/pond-plateau-sable\/\",\"url\":\"https:\/\/hubsch-interior.com\/fr\/produit\/pond-plateau-sable\/\",\"name\":\"Pond Plateau Sable - H\u00fcbsch\",\"isPartOf\":{\"@id\":\"https:\/\/hubsch-interior.com\/fr\/#website\"},\"primaryImageOfPage\":{\"@id\":\"https:\/\/hubsch-interior.com\/fr\/produit\/pond-plateau-sable\/#primaryimage\"},\"image\":{\"@id\":\"https:\/\/hubsch-interior.com\/fr\/produit\/pond-plateau-sable\/#primaryimage\"},\"thumbnailUrl\":\"https:\/\/hubsch-interior.com\/wp-content\/uploads\/2026\/02\/pond-tray-sand-5e3a0cd3793d1aa3ea8aacecd3c8a9da.jpg\",\"datePublished\":\"2024-01-29T08:39:34+00:00\",\"dateModified\":\"2026-04-09T03:19:17+00:00\",\"description\":\"Pr\u00e9sentation du parfait ajout \u00e0 votre d\u00e9coration int\u00e9rieure \u2014 le Pond Plateau en sable ! Fabriqu\u00e9 en m\u00e9tal solide, ce plateau arbore une forme ondul\u00e9e\",\"breadcrumb\":{\"@id\":\"https:\/\/hubsch-interior.com\/fr\/produit\/pond-plateau-sable\/#breadcrumb\"},\"inLanguage\":\"fr-FR\",\"potentialAction\":[{\"@type\":\"ReadAction\",\"target\":[\"https:\/\/hubsch-interior.com\/fr\/produit\/pond-plateau-sable\/\"]}]},{\"@type\":\"ImageObject\",\"inLanguage\":\"fr-FR\",\"@id\":\"https:\/\/hubsch-interior.com\/fr\/produit\/pond-plateau-sable\/#primaryimage\",\"url\":\"https:\/\/hubsch-interior.com\/wp-content\/uploads\/2026\/02\/pond-tray-sand-5e3a0cd3793d1aa3ea8aacecd3c8a9da.jpg\",\"contentUrl\":\"https:\/\/hubsch-interior.com\/wp-content\/uploads\/2026\/02\/pond-tray-sand-5e3a0cd3793d1aa3ea8aacecd3c8a9da.jpg\",\"width\":1024,\"height\":1024},{\"@type\":\"BreadcrumbList\",\"@id\":\"https:\/\/hubsch-interior.com\/fr\/produit\/pond-plateau-sable\/#breadcrumb\",\"itemListElement\":[{\"@type\":\"ListItem\",\"position\":1,\"name\":\"Page d'accueil\",\"item\":\"https:\/\/hubsch-interior.com\/fr\/\"},{\"@type\":\"ListItem\",\"position\":2,\"name\":\"Produits\",\"item\":\"https:\/\/hubsch-interior.com\/fr\/shop-2\/\"},{\"@type\":\"ListItem\",\"position\":3,\"name\":\"Cuisine\",\"item\":\"https:\/\/hubsch-interior.com\/fr\/categorie-produit\/cuisine\/\"},{\"@type\":\"ListItem\",\"position\":4,\"name\":\"Vaisselle\",\"item\":\"https:\/\/hubsch-interior.com\/fr\/categorie-produit\/cuisine\/vaisselle-fr-2\/\"},{\"@type\":\"ListItem\",\"position\":5,\"name\":\"Plateaux\",\"item\":\"https:\/\/hubsch-interior.com\/fr\/categorie-produit\/cuisine\/vaisselle-fr-2\/cuisine-plateaux-fr\/\"},{\"@type\":\"ListItem\",\"position\":6,\"name\":\"Pond Plateau Sable\"}]},{\"@type\":\"WebSite\",\"@id\":\"https:\/\/hubsch-interior.com\/fr\/#website\",\"url\":\"https:\/\/hubsch-interior.com\/fr\/\",\"name\":\"H\u00fcbsch\",\"description\":\"Danish Home Interior and Design\",\"publisher\":{\"@id\":\"https:\/\/hubsch-interior.com\/fr\/#organization\"},\"potentialAction\":[{\"@type\":\"SearchAction\",\"target\":{\"@type\":\"EntryPoint\",\"urlTemplate\":\"https:\/\/hubsch-interior.com\/fr\/?s={search_term_string}\"},\"query-input\":{\"@type\":\"PropertyValueSpecification\",\"valueRequired\":true,\"valueName\":\"search_term_string\"}}],\"inLanguage\":\"fr-FR\"},{\"@type\":\"Organization\",\"@id\":\"https:\/\/hubsch-interior.com\/fr\/#organization\",\"name\":\"H\u00fcbsch\",\"url\":\"https:\/\/hubsch-interior.com\/fr\/\",\"logo\":{\"@type\":\"ImageObject\",\"inLanguage\":\"fr-FR\",\"@id\":\"https:\/\/hubsch-interior.com\/fr\/#\/schema\/logo\/image\/\",\"url\":\"https:\/\/hubsch-interior.com\/wp-content\/uploads\/2022\/12\/Hubsch_logo_black_one_line.svg\",\"contentUrl\":\"https:\/\/hubsch-interior.com\/wp-content\/uploads\/2022\/12\/Hubsch_logo_black_one_line.svg\",\"caption\":\"H\u00fcbsch\"},\"image\":{\"@id\":\"https:\/\/hubsch-interior.com\/fr\/#\/schema\/logo\/image\/\"}}]}<\/script>\n<!-- \/ Yoast SEO plugin. -->","yoast_head_json":{"title":"Pond Plateau Sable - H\u00fcbsch","description":"Pr\u00e9sentation du parfait ajout \u00e0 votre d\u00e9coration int\u00e9rieure \u2014 le Pond Plateau en sable ! Fabriqu\u00e9 en m\u00e9tal solide, ce plateau arbore une forme ondul\u00e9e","robots":{"index":"index","follow":"follow","max-snippet":"max-snippet:-1","max-image-preview":"max-image-preview:large","max-video-preview":"max-video-preview:-1"},"canonical":"https:\/\/hubsch-interior.com\/fr\/wp-json\/wp\/v2\/product\/978395","og_locale":"fr_FR","og_type":"article","og_title":"Pond Plateau Sable - H\u00fcbsch","og_description":"Pr\u00e9sentation du parfait ajout \u00e0 votre d\u00e9coration int\u00e9rieure \u2014 le Pond Plateau en sable ! Fabriqu\u00e9 en m\u00e9tal solide, ce plateau arbore une forme ondul\u00e9e","og_url":"https:\/\/hubsch-interior.com\/fr\/produit\/pond-plateau-sable\/","og_site_name":"H\u00fcbsch","article_modified_time":"2026-04-09T03:19:17+00:00","og_image":[{"width":1200,"height":1200,"url":"https:\/\/hubsch-interior.com\/wp-content\/uploads\/2025\/01\/pond-tray-sand-2c47b98ce8ed0642bceec1a27fc52663.jpg","type":"image\/jpeg"}],"twitter_card":"summary_large_image","twitter_misc":{"Dur\u00e9e de lecture estim\u00e9e":"1 minute"},"schema":{"@context":"https:\/\/schema.org","@graph":[{"@type":"WebPage","@id":"https:\/\/hubsch-interior.com\/fr\/produit\/pond-plateau-sable\/","url":"https:\/\/hubsch-interior.com\/fr\/produit\/pond-plateau-sable\/","name":"Pond Plateau Sable - H\u00fcbsch","isPartOf":{"@id":"https:\/\/hubsch-interior.com\/fr\/#website"},"primaryImageOfPage":{"@id":"https:\/\/hubsch-interior.com\/fr\/produit\/pond-plateau-sable\/#primaryimage"},"image":{"@id":"https:\/\/hubsch-interior.com\/fr\/produit\/pond-plateau-sable\/#primaryimage"},"thumbnailUrl":"https:\/\/hubsch-interior.com\/wp-content\/uploads\/2026\/02\/pond-tray-sand-5e3a0cd3793d1aa3ea8aacecd3c8a9da.jpg","datePublished":"2024-01-29T08:39:34+00:00","dateModified":"2026-04-09T03:19:17+00:00","description":"Pr\u00e9sentation du parfait ajout \u00e0 votre d\u00e9coration int\u00e9rieure \u2014 le Pond Plateau en sable ! Fabriqu\u00e9 en m\u00e9tal solide, ce plateau arbore une forme ondul\u00e9e","breadcrumb":{"@id":"https:\/\/hubsch-interior.com\/fr\/produit\/pond-plateau-sable\/#breadcrumb"},"inLanguage":"fr-FR","potentialAction":[{"@type":"ReadAction","target":["https:\/\/hubsch-interior.com\/fr\/produit\/pond-plateau-sable\/"]}]},{"@type":"ImageObject","inLanguage":"fr-FR","@id":"https:\/\/hubsch-interior.com\/fr\/produit\/pond-plateau-sable\/#primaryimage","url":"https:\/\/hubsch-interior.com\/wp-content\/uploads\/2026\/02\/pond-tray-sand-5e3a0cd3793d1aa3ea8aacecd3c8a9da.jpg","contentUrl":"https:\/\/hubsch-interior.com\/wp-content\/uploads\/2026\/02\/pond-tray-sand-5e3a0cd3793d1aa3ea8aacecd3c8a9da.jpg","width":1024,"height":1024},{"@type":"BreadcrumbList","@id":"https:\/\/hubsch-interior.com\/fr\/produit\/pond-plateau-sable\/#breadcrumb","itemListElement":[{"@type":"ListItem","position":1,"name":"Page d'accueil","item":"https:\/\/hubsch-interior.com\/fr\/"},{"@type":"ListItem","position":2,"name":"Produits","item":"https:\/\/hubsch-interior.com\/fr\/shop-2\/"},{"@type":"ListItem","position":3,"name":"Cuisine","item":"https:\/\/hubsch-interior.com\/fr\/categorie-produit\/cuisine\/"},{"@type":"ListItem","position":4,"name":"Vaisselle","item":"https:\/\/hubsch-interior.com\/fr\/categorie-produit\/cuisine\/vaisselle-fr-2\/"},{"@type":"ListItem","position":5,"name":"Plateaux","item":"https:\/\/hubsch-interior.com\/fr\/categorie-produit\/cuisine\/vaisselle-fr-2\/cuisine-plateaux-fr\/"},{"@type":"ListItem","position":6,"name":"Pond Plateau Sable"}]},{"@type":"WebSite","@id":"https:\/\/hubsch-interior.com\/fr\/#website","url":"https:\/\/hubsch-interior.com\/fr\/","name":"H\u00fcbsch","description":"Danish Home Interior and Design","publisher":{"@id":"https:\/\/hubsch-interior.com\/fr\/#organization"},"potentialAction":[{"@type":"SearchAction","target":{"@type":"EntryPoint","urlTemplate":"https:\/\/hubsch-interior.com\/fr\/?s={search_term_string}"},"query-input":{"@type":"PropertyValueSpecification","valueRequired":true,"valueName":"search_term_string"}}],"inLanguage":"fr-FR"},{"@type":"Organization","@id":"https:\/\/hubsch-interior.com\/fr\/#organization","name":"H\u00fcbsch","url":"https:\/\/hubsch-interior.com\/fr\/","logo":{"@type":"ImageObject","inLanguage":"fr-FR","@id":"https:\/\/hubsch-interior.com\/fr\/#\/schema\/logo\/image\/","url":"https:\/\/hubsch-interior.com\/wp-content\/uploads\/2022\/12\/Hubsch_logo_black_one_line.svg","contentUrl":"https:\/\/hubsch-interior.com\/wp-content\/uploads\/2022\/12\/Hubsch_logo_black_one_line.svg","caption":"H\u00fcbsch"},"image":{"@id":"https:\/\/hubsch-interior.com\/fr\/#\/schema\/logo\/image\/"}}]}},"_links":{"self":[{"href":"https:\/\/hubsch-interior.com\/fr\/wp-json\/wp\/v2\/product\/978395","targetHints":{"allow":["GET"]}}],"collection":[{"href":"https:\/\/hubsch-interior.com\/fr\/wp-json\/wp\/v2\/product"}],"about":[{"href":"https:\/\/hubsch-interior.com\/fr\/wp-json\/wp\/v2\/types\/product"}],"wp:featuredmedia":[{"embeddable":true,"href":"https:\/\/hubsch-interior.com\/fr\/wp-json\/wp\/v2\/media\/1113673"}],"wp:attachment":[{"href":"https:\/\/hubsch-interior.com\/fr\/wp-json\/wp\/v2\/media?parent=978395"}],"wp:term":[{"taxonomy":"product_brand","embeddable":true,"href":"https:\/\/hubsch-interior.com\/fr\/wp-json\/wp\/v2\/product_brand?post=978395"},{"taxonomy":"product_cat","embeddable":true,"href":"https:\/\/hubsch-interior.com\/fr\/wp-json\/wp\/v2\/product_cat?post=978395"},{"taxonomy":"product_tag","embeddable":true,"href":"https:\/\/hubsch-interior.com\/fr\/wp-json\/wp\/v2\/product_tag?post=978395"}],"curies":[{"name":"wp","href":"https:\/\/api.w.org\/{rel}","templated":true}]}}