{"id":987679,"date":"2024-04-12T15:21:56","date_gmt":"2024-04-12T13:21:56","guid":{"rendered":"https:\/\/hubsch-interior.com\/product\/product\/"},"modified":"2026-04-14T04:54:19","modified_gmt":"2026-04-14T02:54:19","slug":"attract-aimants-naturel-2","status":"publish","type":"product","link":"https:\/\/hubsch-interior.com\/fr\/produit\/attract-aimants-naturel-2\/","title":{"rendered":"Attract Aimants Naturel"},"content":{"rendered":"<p>D\u00e9couvrez le charme des Attract Aimants, fabriqu\u00e9s \u00e0 partir du meilleur bois de ch\u00eane pour un design r\u00e9solument minimaliste. Ces aimants poss\u00e8dent une force d&#8217;adh\u00e9rence puissante, garantissant que vos notes et photos ch\u00e9ries restent bien en place. Avec leur aspect naturel \u00e9l\u00e9gant, ils s&#8217;int\u00e8grent harmonieusement \u00e0 votre d\u00e9coration int\u00e9rieure, embellissant tout espace de travail ou cuisine. Adoptez la simplicit\u00e9 et la fonctionnalit\u00e9 des Attract Aimants, et apportez une touche de beaut\u00e9 naturelle \u00e0 votre quotidien.<\/p>\n","protected":false},"excerpt":{"rendered":"<p>D\u00e9couvrez le charme des Attract Aimants, fabriqu\u00e9s \u00e0 partir du meilleur bois de ch\u00eane pour un design r\u00e9solument minimaliste. Ces aimants poss\u00e8dent une force d&#8217;adh\u00e9rence puissante, garantissant que vos notes et photos ch\u00e9ries restent bien en place. Avec leur aspect naturel \u00e9l\u00e9gant, ils s&#8217;int\u00e8grent harmonieusement \u00e0 votre d\u00e9coration int\u00e9rieure, embellissant tout espace de travail ou [&hellip;]<\/p>\n","protected":false},"featured_media":1104056,"template":"","meta":{"_acf_changed":false,"inline_featured_image":false},"product_brand":[],"product_cat":[4153,4154,5026],"product_tag":[],"class_list":{"0":"post-987679","1":"product","2":"type-product","3":"status-publish","4":"has-post-thumbnail","6":"product_cat-espace-de-travail-fr","7":"product_cat-fournitures-de-bureau-fr","8":"product_cat-bestsellers-fr","9":"product_shipping_class-pk","11":"pa_color-naturel-2","12":"pa_material-bois-de-chne-2","14":"first","15":"instock","16":"featured","17":"taxable","18":"shipping-taxable","19":"purchasable","20":"product-type-simple"},"exclude_global_add_ons":[],"addons":[],"acf":[],"yoast_head":"<!-- This site is optimized with the Yoast SEO plugin v26.4 - https:\/\/yoast.com\/wordpress\/plugins\/seo\/ -->\n<title>Attract Aimants Naturel - H\u00fcbsch<\/title>\n<meta name=\"description\" content=\"D\u00e9couvrez le charme des Attract Aimants, fabriqu\u00e9s \u00e0 partir du meilleur bois de ch\u00eane pour un design r\u00e9solument minimaliste. Ces aimants poss\u00e8dent une\" \/>\n<meta name=\"robots\" content=\"index, follow, max-snippet:-1, max-image-preview:large, max-video-preview:-1\" \/>\n<link rel=\"canonical\" href=\"https:\/\/hubsch-interior.com\/fr\/wp-json\/wp\/v2\/product\/987679\" \/>\n<meta property=\"og:locale\" content=\"fr_FR\" \/>\n<meta property=\"og:type\" content=\"article\" \/>\n<meta property=\"og:title\" content=\"Attract Aimants Naturel - H\u00fcbsch\" \/>\n<meta property=\"og:description\" content=\"D\u00e9couvrez le charme des Attract Aimants, fabriqu\u00e9s \u00e0 partir du meilleur bois de ch\u00eane pour un design r\u00e9solument minimaliste. Ces aimants poss\u00e8dent une\" \/>\n<meta property=\"og:url\" content=\"https:\/\/hubsch-interior.com\/fr\/produit\/attract-aimants-naturel-2\/\" \/>\n<meta property=\"og:site_name\" content=\"H\u00fcbsch\" \/>\n<meta property=\"article:modified_time\" content=\"2026-04-14T02:54:19+00:00\" \/>\n<meta property=\"og:image\" content=\"https:\/\/hubsch-interior.com\/wp-content\/uploads\/2026\/02\/attract-magnets-natural-f846072f1c9f85707971a9e48d6ba7fb.jpg\" \/>\n\t<meta property=\"og:image:width\" content=\"1024\" \/>\n\t<meta property=\"og:image:height\" content=\"1024\" \/>\n\t<meta property=\"og:image:type\" content=\"image\/jpeg\" \/>\n<meta name=\"twitter:card\" content=\"summary_large_image\" \/>\n<script type=\"application\/ld+json\" class=\"yoast-schema-graph\">{\"@context\":\"https:\/\/schema.org\",\"@graph\":[{\"@type\":\"WebPage\",\"@id\":\"https:\/\/hubsch-interior.com\/fr\/produit\/attract-aimants-naturel-2\/\",\"url\":\"https:\/\/hubsch-interior.com\/fr\/produit\/attract-aimants-naturel-2\/\",\"name\":\"Attract Aimants Naturel - H\u00fcbsch\",\"isPartOf\":{\"@id\":\"https:\/\/hubsch-interior.com\/fr\/#website\"},\"primaryImageOfPage\":{\"@id\":\"https:\/\/hubsch-interior.com\/fr\/produit\/attract-aimants-naturel-2\/#primaryimage\"},\"image\":{\"@id\":\"https:\/\/hubsch-interior.com\/fr\/produit\/attract-aimants-naturel-2\/#primaryimage\"},\"thumbnailUrl\":\"https:\/\/hubsch-interior.com\/wp-content\/uploads\/2026\/02\/attract-magnets-natural-f846072f1c9f85707971a9e48d6ba7fb.jpg\",\"datePublished\":\"2024-04-12T13:21:56+00:00\",\"dateModified\":\"2026-04-14T02:54:19+00:00\",\"description\":\"D\u00e9couvrez le charme des Attract Aimants, fabriqu\u00e9s \u00e0 partir du meilleur bois de ch\u00eane pour un design r\u00e9solument minimaliste. Ces aimants poss\u00e8dent une\",\"breadcrumb\":{\"@id\":\"https:\/\/hubsch-interior.com\/fr\/produit\/attract-aimants-naturel-2\/#breadcrumb\"},\"inLanguage\":\"fr-FR\",\"potentialAction\":[{\"@type\":\"ReadAction\",\"target\":[\"https:\/\/hubsch-interior.com\/fr\/produit\/attract-aimants-naturel-2\/\"]}]},{\"@type\":\"ImageObject\",\"inLanguage\":\"fr-FR\",\"@id\":\"https:\/\/hubsch-interior.com\/fr\/produit\/attract-aimants-naturel-2\/#primaryimage\",\"url\":\"https:\/\/hubsch-interior.com\/wp-content\/uploads\/2026\/02\/attract-magnets-natural-f846072f1c9f85707971a9e48d6ba7fb.jpg\",\"contentUrl\":\"https:\/\/hubsch-interior.com\/wp-content\/uploads\/2026\/02\/attract-magnets-natural-f846072f1c9f85707971a9e48d6ba7fb.jpg\",\"width\":1024,\"height\":1024},{\"@type\":\"BreadcrumbList\",\"@id\":\"https:\/\/hubsch-interior.com\/fr\/produit\/attract-aimants-naturel-2\/#breadcrumb\",\"itemListElement\":[{\"@type\":\"ListItem\",\"position\":1,\"name\":\"Page d'accueil\",\"item\":\"https:\/\/hubsch-interior.com\/fr\/\"},{\"@type\":\"ListItem\",\"position\":2,\"name\":\"Produits\",\"item\":\"https:\/\/hubsch-interior.com\/fr\/shop-2\/\"},{\"@type\":\"ListItem\",\"position\":3,\"name\":\"Accessoires maison\",\"item\":\"https:\/\/hubsch-interior.com\/fr\/categorie-produit\/accessoires-maison\/\"},{\"@type\":\"ListItem\",\"position\":4,\"name\":\"Espace de travail\",\"item\":\"https:\/\/hubsch-interior.com\/fr\/categorie-produit\/accessoires-maison\/espace-de-travail-fr\/\"},{\"@type\":\"ListItem\",\"position\":5,\"name\":\"Fournitures de bureau\",\"item\":\"https:\/\/hubsch-interior.com\/fr\/categorie-produit\/accessoires-maison\/espace-de-travail-fr\/fournitures-de-bureau-fr\/\"},{\"@type\":\"ListItem\",\"position\":6,\"name\":\"Attract Aimants Naturel\"}]},{\"@type\":\"WebSite\",\"@id\":\"https:\/\/hubsch-interior.com\/fr\/#website\",\"url\":\"https:\/\/hubsch-interior.com\/fr\/\",\"name\":\"H\u00fcbsch\",\"description\":\"Danish Home Interior and Design\",\"publisher\":{\"@id\":\"https:\/\/hubsch-interior.com\/fr\/#organization\"},\"potentialAction\":[{\"@type\":\"SearchAction\",\"target\":{\"@type\":\"EntryPoint\",\"urlTemplate\":\"https:\/\/hubsch-interior.com\/fr\/?s={search_term_string}\"},\"query-input\":{\"@type\":\"PropertyValueSpecification\",\"valueRequired\":true,\"valueName\":\"search_term_string\"}}],\"inLanguage\":\"fr-FR\"},{\"@type\":\"Organization\",\"@id\":\"https:\/\/hubsch-interior.com\/fr\/#organization\",\"name\":\"H\u00fcbsch\",\"url\":\"https:\/\/hubsch-interior.com\/fr\/\",\"logo\":{\"@type\":\"ImageObject\",\"inLanguage\":\"fr-FR\",\"@id\":\"https:\/\/hubsch-interior.com\/fr\/#\/schema\/logo\/image\/\",\"url\":\"https:\/\/hubsch-interior.com\/wp-content\/uploads\/2022\/12\/Hubsch_logo_black_one_line.svg\",\"contentUrl\":\"https:\/\/hubsch-interior.com\/wp-content\/uploads\/2022\/12\/Hubsch_logo_black_one_line.svg\",\"caption\":\"H\u00fcbsch\"},\"image\":{\"@id\":\"https:\/\/hubsch-interior.com\/fr\/#\/schema\/logo\/image\/\"}}]}<\/script>\n<!-- \/ Yoast SEO plugin. -->","yoast_head_json":{"title":"Attract Aimants Naturel - H\u00fcbsch","description":"D\u00e9couvrez le charme des Attract Aimants, fabriqu\u00e9s \u00e0 partir du meilleur bois de ch\u00eane pour un design r\u00e9solument minimaliste. Ces aimants poss\u00e8dent une","robots":{"index":"index","follow":"follow","max-snippet":"max-snippet:-1","max-image-preview":"max-image-preview:large","max-video-preview":"max-video-preview:-1"},"canonical":"https:\/\/hubsch-interior.com\/fr\/wp-json\/wp\/v2\/product\/987679","og_locale":"fr_FR","og_type":"article","og_title":"Attract Aimants Naturel - H\u00fcbsch","og_description":"D\u00e9couvrez le charme des Attract Aimants, fabriqu\u00e9s \u00e0 partir du meilleur bois de ch\u00eane pour un design r\u00e9solument minimaliste. Ces aimants poss\u00e8dent une","og_url":"https:\/\/hubsch-interior.com\/fr\/produit\/attract-aimants-naturel-2\/","og_site_name":"H\u00fcbsch","article_modified_time":"2026-04-14T02:54:19+00:00","og_image":[{"width":1024,"height":1024,"url":"https:\/\/hubsch-interior.com\/wp-content\/uploads\/2026\/02\/attract-magnets-natural-f846072f1c9f85707971a9e48d6ba7fb.jpg","type":"image\/jpeg"}],"twitter_card":"summary_large_image","schema":{"@context":"https:\/\/schema.org","@graph":[{"@type":"WebPage","@id":"https:\/\/hubsch-interior.com\/fr\/produit\/attract-aimants-naturel-2\/","url":"https:\/\/hubsch-interior.com\/fr\/produit\/attract-aimants-naturel-2\/","name":"Attract Aimants Naturel - H\u00fcbsch","isPartOf":{"@id":"https:\/\/hubsch-interior.com\/fr\/#website"},"primaryImageOfPage":{"@id":"https:\/\/hubsch-interior.com\/fr\/produit\/attract-aimants-naturel-2\/#primaryimage"},"image":{"@id":"https:\/\/hubsch-interior.com\/fr\/produit\/attract-aimants-naturel-2\/#primaryimage"},"thumbnailUrl":"https:\/\/hubsch-interior.com\/wp-content\/uploads\/2026\/02\/attract-magnets-natural-f846072f1c9f85707971a9e48d6ba7fb.jpg","datePublished":"2024-04-12T13:21:56+00:00","dateModified":"2026-04-14T02:54:19+00:00","description":"D\u00e9couvrez le charme des Attract Aimants, fabriqu\u00e9s \u00e0 partir du meilleur bois de ch\u00eane pour un design r\u00e9solument minimaliste. Ces aimants poss\u00e8dent une","breadcrumb":{"@id":"https:\/\/hubsch-interior.com\/fr\/produit\/attract-aimants-naturel-2\/#breadcrumb"},"inLanguage":"fr-FR","potentialAction":[{"@type":"ReadAction","target":["https:\/\/hubsch-interior.com\/fr\/produit\/attract-aimants-naturel-2\/"]}]},{"@type":"ImageObject","inLanguage":"fr-FR","@id":"https:\/\/hubsch-interior.com\/fr\/produit\/attract-aimants-naturel-2\/#primaryimage","url":"https:\/\/hubsch-interior.com\/wp-content\/uploads\/2026\/02\/attract-magnets-natural-f846072f1c9f85707971a9e48d6ba7fb.jpg","contentUrl":"https:\/\/hubsch-interior.com\/wp-content\/uploads\/2026\/02\/attract-magnets-natural-f846072f1c9f85707971a9e48d6ba7fb.jpg","width":1024,"height":1024},{"@type":"BreadcrumbList","@id":"https:\/\/hubsch-interior.com\/fr\/produit\/attract-aimants-naturel-2\/#breadcrumb","itemListElement":[{"@type":"ListItem","position":1,"name":"Page d'accueil","item":"https:\/\/hubsch-interior.com\/fr\/"},{"@type":"ListItem","position":2,"name":"Produits","item":"https:\/\/hubsch-interior.com\/fr\/shop-2\/"},{"@type":"ListItem","position":3,"name":"Accessoires maison","item":"https:\/\/hubsch-interior.com\/fr\/categorie-produit\/accessoires-maison\/"},{"@type":"ListItem","position":4,"name":"Espace de travail","item":"https:\/\/hubsch-interior.com\/fr\/categorie-produit\/accessoires-maison\/espace-de-travail-fr\/"},{"@type":"ListItem","position":5,"name":"Fournitures de bureau","item":"https:\/\/hubsch-interior.com\/fr\/categorie-produit\/accessoires-maison\/espace-de-travail-fr\/fournitures-de-bureau-fr\/"},{"@type":"ListItem","position":6,"name":"Attract Aimants Naturel"}]},{"@type":"WebSite","@id":"https:\/\/hubsch-interior.com\/fr\/#website","url":"https:\/\/hubsch-interior.com\/fr\/","name":"H\u00fcbsch","description":"Danish Home Interior and Design","publisher":{"@id":"https:\/\/hubsch-interior.com\/fr\/#organization"},"potentialAction":[{"@type":"SearchAction","target":{"@type":"EntryPoint","urlTemplate":"https:\/\/hubsch-interior.com\/fr\/?s={search_term_string}"},"query-input":{"@type":"PropertyValueSpecification","valueRequired":true,"valueName":"search_term_string"}}],"inLanguage":"fr-FR"},{"@type":"Organization","@id":"https:\/\/hubsch-interior.com\/fr\/#organization","name":"H\u00fcbsch","url":"https:\/\/hubsch-interior.com\/fr\/","logo":{"@type":"ImageObject","inLanguage":"fr-FR","@id":"https:\/\/hubsch-interior.com\/fr\/#\/schema\/logo\/image\/","url":"https:\/\/hubsch-interior.com\/wp-content\/uploads\/2022\/12\/Hubsch_logo_black_one_line.svg","contentUrl":"https:\/\/hubsch-interior.com\/wp-content\/uploads\/2022\/12\/Hubsch_logo_black_one_line.svg","caption":"H\u00fcbsch"},"image":{"@id":"https:\/\/hubsch-interior.com\/fr\/#\/schema\/logo\/image\/"}}]}},"_links":{"self":[{"href":"https:\/\/hubsch-interior.com\/fr\/wp-json\/wp\/v2\/product\/987679","targetHints":{"allow":["GET"]}}],"collection":[{"href":"https:\/\/hubsch-interior.com\/fr\/wp-json\/wp\/v2\/product"}],"about":[{"href":"https:\/\/hubsch-interior.com\/fr\/wp-json\/wp\/v2\/types\/product"}],"wp:featuredmedia":[{"embeddable":true,"href":"https:\/\/hubsch-interior.com\/fr\/wp-json\/wp\/v2\/media\/1104056"}],"wp:attachment":[{"href":"https:\/\/hubsch-interior.com\/fr\/wp-json\/wp\/v2\/media?parent=987679"}],"wp:term":[{"taxonomy":"product_brand","embeddable":true,"href":"https:\/\/hubsch-interior.com\/fr\/wp-json\/wp\/v2\/product_brand?post=987679"},{"taxonomy":"product_cat","embeddable":true,"href":"https:\/\/hubsch-interior.com\/fr\/wp-json\/wp\/v2\/product_cat?post=987679"},{"taxonomy":"product_tag","embeddable":true,"href":"https:\/\/hubsch-interior.com\/fr\/wp-json\/wp\/v2\/product_tag?post=987679"}],"curies":[{"name":"wp","href":"https:\/\/api.w.org\/{rel}","templated":true}]}}