{"id":994291,"date":"2024-07-09T15:02:26","date_gmt":"2024-07-09T13:02:26","guid":{"rendered":"https:\/\/hubsch-interior.com\/product\/product\/"},"modified":"2026-04-11T04:59:43","modified_gmt":"2026-04-11T02:59:43","slug":"magic-lampe-de-table-violet-jaune","status":"publish","type":"product","link":"https:\/\/hubsch-interior.com\/fr\/produit\/magic-lampe-de-table-violet-jaune\/","title":{"rendered":"Magic Lampe de table Violet\/Jaune"},"content":{"rendered":"<p>Cette lampe est Magic ! Cette petite lampe porte bien son nom ; ses couleurs sont profondes ce qui la rend \u00e9tonnante. Mais surtout, sa fonction tactile dimmable la rend surprenante. Elle attire la magie dans toutes les pi\u00e8ces. Et son cordon en tissu jaune est une cerise sur le g\u00e2teau !<\/p>\n","protected":false},"excerpt":{"rendered":"<p>Cette lampe est Magic ! Cette petite lampe porte bien son nom ; ses couleurs sont profondes ce qui la rend \u00e9tonnante. Mais surtout, sa fonction tactile dimmable la rend surprenante. Elle attire la magie dans toutes les pi\u00e8ces. Et son cordon en tissu jaune est une cerise sur le g\u00e2teau !<\/p>\n","protected":false},"featured_media":1106683,"template":"","meta":{"_acf_changed":false,"inline_featured_image":false},"product_brand":[],"product_cat":[6582,3810,3500],"product_tag":[],"class_list":{"0":"post-994291","1":"product","2":"type-product","3":"status-publish","4":"has-post-thumbnail","6":"product_cat-rekindle-collection-fr","7":"product_cat-luminaires","8":"product_cat-lampes-a-poser-fr","9":"product_shipping_class-pk","11":"pa_color-jaune","12":"pa_color-violet","13":"pa_material-fer-fr","14":"pa_material-polycarbonate-2","16":"first","17":"instock","18":"taxable","19":"shipping-taxable","20":"purchasable","21":"product-type-simple"},"exclude_global_add_ons":[],"addons":[],"acf":[],"yoast_head":"<!-- This site is optimized with the Yoast SEO plugin v26.4 - https:\/\/yoast.com\/wordpress\/plugins\/seo\/ -->\n<title>Magic Lampe de table Violet\/Jaune - H\u00fcbsch<\/title>\n<meta name=\"description\" content=\"Cette lampe est Magic ! Cette petite lampe porte bien son nom ; ses couleurs sont profondes ce qui la rend \u00e9tonnante. Mais surtout, sa fonction tactile\" \/>\n<meta name=\"robots\" content=\"index, follow, max-snippet:-1, max-image-preview:large, max-video-preview:-1\" \/>\n<link rel=\"canonical\" href=\"https:\/\/hubsch-interior.com\/fr\/wp-json\/wp\/v2\/product\/994291\" \/>\n<meta property=\"og:locale\" content=\"fr_FR\" \/>\n<meta property=\"og:type\" content=\"article\" \/>\n<meta property=\"og:title\" content=\"Magic Lampe de table Violet\/Jaune - H\u00fcbsch\" \/>\n<meta property=\"og:description\" content=\"Cette lampe est Magic ! Cette petite lampe porte bien son nom ; ses couleurs sont profondes ce qui la rend \u00e9tonnante. Mais surtout, sa fonction tactile\" \/>\n<meta property=\"og:url\" content=\"https:\/\/hubsch-interior.com\/fr\/produit\/magic-lampe-de-table-violet-jaune\/\" \/>\n<meta property=\"og:site_name\" content=\"H\u00fcbsch\" \/>\n<meta property=\"article:modified_time\" content=\"2026-04-11T02:59:43+00:00\" \/>\n<meta property=\"og:image\" content=\"https:\/\/hubsch-interior.com\/wp-content\/uploads\/2024\/07\/magic-table-lamp-purpleyellow-cadfa19e516ccf638da2eb7ae2ff47bf.jpg\" \/>\n\t<meta property=\"og:image:width\" content=\"1200\" \/>\n\t<meta property=\"og:image:height\" content=\"1200\" \/>\n\t<meta property=\"og:image:type\" content=\"image\/jpeg\" \/>\n<meta name=\"twitter:card\" content=\"summary_large_image\" \/>\n<script type=\"application\/ld+json\" class=\"yoast-schema-graph\">{\"@context\":\"https:\/\/schema.org\",\"@graph\":[{\"@type\":\"WebPage\",\"@id\":\"https:\/\/hubsch-interior.com\/fr\/produit\/magic-lampe-de-table-violet-jaune\/\",\"url\":\"https:\/\/hubsch-interior.com\/fr\/produit\/magic-lampe-de-table-violet-jaune\/\",\"name\":\"Magic Lampe de table Violet\/Jaune - H\u00fcbsch\",\"isPartOf\":{\"@id\":\"https:\/\/hubsch-interior.com\/fr\/#website\"},\"primaryImageOfPage\":{\"@id\":\"https:\/\/hubsch-interior.com\/fr\/produit\/magic-lampe-de-table-violet-jaune\/#primaryimage\"},\"image\":{\"@id\":\"https:\/\/hubsch-interior.com\/fr\/produit\/magic-lampe-de-table-violet-jaune\/#primaryimage\"},\"thumbnailUrl\":\"https:\/\/hubsch-interior.com\/wp-content\/uploads\/2026\/02\/magic-table-lamp-purpleyellow-ec3797e4d6fcd4886068dfadec513d8f.jpg\",\"datePublished\":\"2024-07-09T13:02:26+00:00\",\"dateModified\":\"2026-04-11T02:59:43+00:00\",\"description\":\"Cette lampe est Magic ! Cette petite lampe porte bien son nom ; ses couleurs sont profondes ce qui la rend \u00e9tonnante. Mais surtout, sa fonction tactile\",\"breadcrumb\":{\"@id\":\"https:\/\/hubsch-interior.com\/fr\/produit\/magic-lampe-de-table-violet-jaune\/#breadcrumb\"},\"inLanguage\":\"fr-FR\",\"potentialAction\":[{\"@type\":\"ReadAction\",\"target\":[\"https:\/\/hubsch-interior.com\/fr\/produit\/magic-lampe-de-table-violet-jaune\/\"]}]},{\"@type\":\"ImageObject\",\"inLanguage\":\"fr-FR\",\"@id\":\"https:\/\/hubsch-interior.com\/fr\/produit\/magic-lampe-de-table-violet-jaune\/#primaryimage\",\"url\":\"https:\/\/hubsch-interior.com\/wp-content\/uploads\/2026\/02\/magic-table-lamp-purpleyellow-ec3797e4d6fcd4886068dfadec513d8f.jpg\",\"contentUrl\":\"https:\/\/hubsch-interior.com\/wp-content\/uploads\/2026\/02\/magic-table-lamp-purpleyellow-ec3797e4d6fcd4886068dfadec513d8f.jpg\",\"width\":1024,\"height\":1024},{\"@type\":\"BreadcrumbList\",\"@id\":\"https:\/\/hubsch-interior.com\/fr\/produit\/magic-lampe-de-table-violet-jaune\/#breadcrumb\",\"itemListElement\":[{\"@type\":\"ListItem\",\"position\":1,\"name\":\"Page d'accueil\",\"item\":\"https:\/\/hubsch-interior.com\/fr\/\"},{\"@type\":\"ListItem\",\"position\":2,\"name\":\"Produits\",\"item\":\"https:\/\/hubsch-interior.com\/fr\/shop-2\/\"},{\"@type\":\"ListItem\",\"position\":3,\"name\":\"Luminaires\",\"item\":\"https:\/\/hubsch-interior.com\/fr\/categorie-produit\/luminaires\/\"},{\"@type\":\"ListItem\",\"position\":4,\"name\":\"Lampes &agrave; poser\",\"item\":\"https:\/\/hubsch-interior.com\/fr\/categorie-produit\/luminaires\/lampes-a-poser-fr\/\"},{\"@type\":\"ListItem\",\"position\":5,\"name\":\"Magic Lampe de table Violet\/Jaune\"}]},{\"@type\":\"WebSite\",\"@id\":\"https:\/\/hubsch-interior.com\/fr\/#website\",\"url\":\"https:\/\/hubsch-interior.com\/fr\/\",\"name\":\"H\u00fcbsch\",\"description\":\"Danish Home Interior and Design\",\"publisher\":{\"@id\":\"https:\/\/hubsch-interior.com\/fr\/#organization\"},\"potentialAction\":[{\"@type\":\"SearchAction\",\"target\":{\"@type\":\"EntryPoint\",\"urlTemplate\":\"https:\/\/hubsch-interior.com\/fr\/?s={search_term_string}\"},\"query-input\":{\"@type\":\"PropertyValueSpecification\",\"valueRequired\":true,\"valueName\":\"search_term_string\"}}],\"inLanguage\":\"fr-FR\"},{\"@type\":\"Organization\",\"@id\":\"https:\/\/hubsch-interior.com\/fr\/#organization\",\"name\":\"H\u00fcbsch\",\"url\":\"https:\/\/hubsch-interior.com\/fr\/\",\"logo\":{\"@type\":\"ImageObject\",\"inLanguage\":\"fr-FR\",\"@id\":\"https:\/\/hubsch-interior.com\/fr\/#\/schema\/logo\/image\/\",\"url\":\"https:\/\/hubsch-interior.com\/wp-content\/uploads\/2022\/12\/Hubsch_logo_black_one_line.svg\",\"contentUrl\":\"https:\/\/hubsch-interior.com\/wp-content\/uploads\/2022\/12\/Hubsch_logo_black_one_line.svg\",\"caption\":\"H\u00fcbsch\"},\"image\":{\"@id\":\"https:\/\/hubsch-interior.com\/fr\/#\/schema\/logo\/image\/\"}}]}<\/script>\n<!-- \/ Yoast SEO plugin. -->","yoast_head_json":{"title":"Magic Lampe de table Violet\/Jaune - H\u00fcbsch","description":"Cette lampe est Magic ! Cette petite lampe porte bien son nom ; ses couleurs sont profondes ce qui la rend \u00e9tonnante. Mais surtout, sa fonction tactile","robots":{"index":"index","follow":"follow","max-snippet":"max-snippet:-1","max-image-preview":"max-image-preview:large","max-video-preview":"max-video-preview:-1"},"canonical":"https:\/\/hubsch-interior.com\/fr\/wp-json\/wp\/v2\/product\/994291","og_locale":"fr_FR","og_type":"article","og_title":"Magic Lampe de table Violet\/Jaune - H\u00fcbsch","og_description":"Cette lampe est Magic ! Cette petite lampe porte bien son nom ; ses couleurs sont profondes ce qui la rend \u00e9tonnante. Mais surtout, sa fonction tactile","og_url":"https:\/\/hubsch-interior.com\/fr\/produit\/magic-lampe-de-table-violet-jaune\/","og_site_name":"H\u00fcbsch","article_modified_time":"2026-04-11T02:59:43+00:00","og_image":[{"width":1200,"height":1200,"url":"https:\/\/hubsch-interior.com\/wp-content\/uploads\/2024\/07\/magic-table-lamp-purpleyellow-cadfa19e516ccf638da2eb7ae2ff47bf.jpg","type":"image\/jpeg"}],"twitter_card":"summary_large_image","schema":{"@context":"https:\/\/schema.org","@graph":[{"@type":"WebPage","@id":"https:\/\/hubsch-interior.com\/fr\/produit\/magic-lampe-de-table-violet-jaune\/","url":"https:\/\/hubsch-interior.com\/fr\/produit\/magic-lampe-de-table-violet-jaune\/","name":"Magic Lampe de table Violet\/Jaune - H\u00fcbsch","isPartOf":{"@id":"https:\/\/hubsch-interior.com\/fr\/#website"},"primaryImageOfPage":{"@id":"https:\/\/hubsch-interior.com\/fr\/produit\/magic-lampe-de-table-violet-jaune\/#primaryimage"},"image":{"@id":"https:\/\/hubsch-interior.com\/fr\/produit\/magic-lampe-de-table-violet-jaune\/#primaryimage"},"thumbnailUrl":"https:\/\/hubsch-interior.com\/wp-content\/uploads\/2026\/02\/magic-table-lamp-purpleyellow-ec3797e4d6fcd4886068dfadec513d8f.jpg","datePublished":"2024-07-09T13:02:26+00:00","dateModified":"2026-04-11T02:59:43+00:00","description":"Cette lampe est Magic ! Cette petite lampe porte bien son nom ; ses couleurs sont profondes ce qui la rend \u00e9tonnante. Mais surtout, sa fonction tactile","breadcrumb":{"@id":"https:\/\/hubsch-interior.com\/fr\/produit\/magic-lampe-de-table-violet-jaune\/#breadcrumb"},"inLanguage":"fr-FR","potentialAction":[{"@type":"ReadAction","target":["https:\/\/hubsch-interior.com\/fr\/produit\/magic-lampe-de-table-violet-jaune\/"]}]},{"@type":"ImageObject","inLanguage":"fr-FR","@id":"https:\/\/hubsch-interior.com\/fr\/produit\/magic-lampe-de-table-violet-jaune\/#primaryimage","url":"https:\/\/hubsch-interior.com\/wp-content\/uploads\/2026\/02\/magic-table-lamp-purpleyellow-ec3797e4d6fcd4886068dfadec513d8f.jpg","contentUrl":"https:\/\/hubsch-interior.com\/wp-content\/uploads\/2026\/02\/magic-table-lamp-purpleyellow-ec3797e4d6fcd4886068dfadec513d8f.jpg","width":1024,"height":1024},{"@type":"BreadcrumbList","@id":"https:\/\/hubsch-interior.com\/fr\/produit\/magic-lampe-de-table-violet-jaune\/#breadcrumb","itemListElement":[{"@type":"ListItem","position":1,"name":"Page d'accueil","item":"https:\/\/hubsch-interior.com\/fr\/"},{"@type":"ListItem","position":2,"name":"Produits","item":"https:\/\/hubsch-interior.com\/fr\/shop-2\/"},{"@type":"ListItem","position":3,"name":"Luminaires","item":"https:\/\/hubsch-interior.com\/fr\/categorie-produit\/luminaires\/"},{"@type":"ListItem","position":4,"name":"Lampes &agrave; poser","item":"https:\/\/hubsch-interior.com\/fr\/categorie-produit\/luminaires\/lampes-a-poser-fr\/"},{"@type":"ListItem","position":5,"name":"Magic Lampe de table Violet\/Jaune"}]},{"@type":"WebSite","@id":"https:\/\/hubsch-interior.com\/fr\/#website","url":"https:\/\/hubsch-interior.com\/fr\/","name":"H\u00fcbsch","description":"Danish Home Interior and Design","publisher":{"@id":"https:\/\/hubsch-interior.com\/fr\/#organization"},"potentialAction":[{"@type":"SearchAction","target":{"@type":"EntryPoint","urlTemplate":"https:\/\/hubsch-interior.com\/fr\/?s={search_term_string}"},"query-input":{"@type":"PropertyValueSpecification","valueRequired":true,"valueName":"search_term_string"}}],"inLanguage":"fr-FR"},{"@type":"Organization","@id":"https:\/\/hubsch-interior.com\/fr\/#organization","name":"H\u00fcbsch","url":"https:\/\/hubsch-interior.com\/fr\/","logo":{"@type":"ImageObject","inLanguage":"fr-FR","@id":"https:\/\/hubsch-interior.com\/fr\/#\/schema\/logo\/image\/","url":"https:\/\/hubsch-interior.com\/wp-content\/uploads\/2022\/12\/Hubsch_logo_black_one_line.svg","contentUrl":"https:\/\/hubsch-interior.com\/wp-content\/uploads\/2022\/12\/Hubsch_logo_black_one_line.svg","caption":"H\u00fcbsch"},"image":{"@id":"https:\/\/hubsch-interior.com\/fr\/#\/schema\/logo\/image\/"}}]}},"_links":{"self":[{"href":"https:\/\/hubsch-interior.com\/fr\/wp-json\/wp\/v2\/product\/994291","targetHints":{"allow":["GET"]}}],"collection":[{"href":"https:\/\/hubsch-interior.com\/fr\/wp-json\/wp\/v2\/product"}],"about":[{"href":"https:\/\/hubsch-interior.com\/fr\/wp-json\/wp\/v2\/types\/product"}],"wp:featuredmedia":[{"embeddable":true,"href":"https:\/\/hubsch-interior.com\/fr\/wp-json\/wp\/v2\/media\/1106683"}],"wp:attachment":[{"href":"https:\/\/hubsch-interior.com\/fr\/wp-json\/wp\/v2\/media?parent=994291"}],"wp:term":[{"taxonomy":"product_brand","embeddable":true,"href":"https:\/\/hubsch-interior.com\/fr\/wp-json\/wp\/v2\/product_brand?post=994291"},{"taxonomy":"product_cat","embeddable":true,"href":"https:\/\/hubsch-interior.com\/fr\/wp-json\/wp\/v2\/product_cat?post=994291"},{"taxonomy":"product_tag","embeddable":true,"href":"https:\/\/hubsch-interior.com\/fr\/wp-json\/wp\/v2\/product_tag?post=994291"}],"curies":[{"name":"wp","href":"https:\/\/api.w.org\/{rel}","templated":true}]}}