{"id":994303,"date":"2024-07-09T15:02:44","date_gmt":"2024-07-09T13:02:44","guid":{"rendered":"https:\/\/hubsch-interior.com\/product\/product\/"},"modified":"2026-04-11T05:07:28","modified_gmt":"2026-04-11T03:07:28","slug":"moving-pendule-blanc","status":"publish","type":"product","link":"https:\/\/hubsch-interior.com\/fr\/produit\/moving-pendule-blanc\/","title":{"rendered":"Moving Pendule Blanc"},"content":{"rendered":"<p>Le Suspension Blanc Moving est une lampe qui s&#8217;adapte \u00e0 plusieurs styles d&#8217;int\u00e9rieur. Fabriqu\u00e9 en m\u00e9tal, il est recouvert d&#8217;une belle finition blanche qui ajoute une touche \u00e9l\u00e9gante \u00e0 votre d\u00e9cor. Sa technologie innovante et son design \u00e9pur\u00e9 vous offrent une lumi\u00e8re douce et agr\u00e9able dans votre maison. Sa taille compacte facilite le d\u00e9placement et le stockage. Le Suspension Blanc Moving est un \u00e9l\u00e9ment d\u00e9coratif essentiel qui compl\u00e8te parfaitement votre int\u00e9rieur.<\/p>\n","protected":false},"excerpt":{"rendered":"<p>Le Suspension Blanc Moving est une lampe qui s&#8217;adapte \u00e0 plusieurs styles d&#8217;int\u00e9rieur. Fabriqu\u00e9 en m\u00e9tal, il est recouvert d&#8217;une belle finition blanche qui ajoute une touche \u00e9l\u00e9gante \u00e0 votre d\u00e9cor. Sa technologie innovante et son design \u00e9pur\u00e9 vous offrent une lumi\u00e8re douce et agr\u00e9able dans votre maison. Sa taille compacte facilite le d\u00e9placement et [&hellip;]<\/p>\n","protected":false},"featured_media":1108519,"template":"","meta":{"_acf_changed":false,"inline_featured_image":false},"product_brand":[],"product_cat":[3810,4147],"product_tag":[],"class_list":{"0":"post-994303","1":"product","2":"type-product","3":"status-publish","4":"has-post-thumbnail","6":"product_cat-luminaires","7":"product_cat-suspensions-fr","8":"product_shipping_class-pk","10":"pa_color-blanc","11":"pa_material-fer-fr","13":"first","14":"instock","15":"taxable","16":"shipping-taxable","17":"purchasable","18":"product-type-simple"},"exclude_global_add_ons":[],"addons":[],"acf":[],"yoast_head":"<!-- This site is optimized with the Yoast SEO plugin v26.4 - https:\/\/yoast.com\/wordpress\/plugins\/seo\/ -->\n<title>Moving Pendule Blanc - H\u00fcbsch<\/title>\n<meta name=\"description\" content=\"Le Suspension Blanc Moving est une lampe qui s&#039;adapte \u00e0 plusieurs styles d&#039;int\u00e9rieur. Fabriqu\u00e9 en m\u00e9tal, il est recouvert d&#039;une belle finition blanche qui\" \/>\n<meta name=\"robots\" content=\"index, follow, max-snippet:-1, max-image-preview:large, max-video-preview:-1\" \/>\n<link rel=\"canonical\" href=\"https:\/\/hubsch-interior.com\/fr\/wp-json\/wp\/v2\/product\/994303\" \/>\n<meta property=\"og:locale\" content=\"fr_FR\" \/>\n<meta property=\"og:type\" content=\"article\" \/>\n<meta property=\"og:title\" content=\"Moving Pendule Blanc - H\u00fcbsch\" \/>\n<meta property=\"og:description\" content=\"Le Suspension Blanc Moving est une lampe qui s&#039;adapte \u00e0 plusieurs styles d&#039;int\u00e9rieur. Fabriqu\u00e9 en m\u00e9tal, il est recouvert d&#039;une belle finition blanche qui\" \/>\n<meta property=\"og:url\" content=\"https:\/\/hubsch-interior.com\/fr\/produit\/moving-pendule-blanc\/\" \/>\n<meta property=\"og:site_name\" content=\"H\u00fcbsch\" \/>\n<meta property=\"article:modified_time\" content=\"2026-04-11T03:07:28+00:00\" \/>\n<meta property=\"og:image\" content=\"https:\/\/hubsch-interior.com\/wp-content\/uploads\/2024\/07\/moving-ceiling-lamp-white-9290d1087a56b46177aba5f698f58d29.jpg\" \/>\n\t<meta property=\"og:image:width\" content=\"1200\" \/>\n\t<meta property=\"og:image:height\" content=\"1200\" \/>\n\t<meta property=\"og:image:type\" content=\"image\/jpeg\" \/>\n<meta name=\"twitter:card\" content=\"summary_large_image\" \/>\n<script type=\"application\/ld+json\" class=\"yoast-schema-graph\">{\"@context\":\"https:\/\/schema.org\",\"@graph\":[{\"@type\":\"WebPage\",\"@id\":\"https:\/\/hubsch-interior.com\/fr\/produit\/moving-pendule-blanc\/\",\"url\":\"https:\/\/hubsch-interior.com\/fr\/produit\/moving-pendule-blanc\/\",\"name\":\"Moving Pendule Blanc - H\u00fcbsch\",\"isPartOf\":{\"@id\":\"https:\/\/hubsch-interior.com\/fr\/#website\"},\"primaryImageOfPage\":{\"@id\":\"https:\/\/hubsch-interior.com\/fr\/produit\/moving-pendule-blanc\/#primaryimage\"},\"image\":{\"@id\":\"https:\/\/hubsch-interior.com\/fr\/produit\/moving-pendule-blanc\/#primaryimage\"},\"thumbnailUrl\":\"https:\/\/hubsch-interior.com\/wp-content\/uploads\/2026\/02\/moving-pendant-white-a92568729706809217ca47910bbad8f4.jpg\",\"datePublished\":\"2024-07-09T13:02:44+00:00\",\"dateModified\":\"2026-04-11T03:07:28+00:00\",\"description\":\"Le Suspension Blanc Moving est une lampe qui s'adapte \u00e0 plusieurs styles d'int\u00e9rieur. Fabriqu\u00e9 en m\u00e9tal, il est recouvert d'une belle finition blanche qui\",\"breadcrumb\":{\"@id\":\"https:\/\/hubsch-interior.com\/fr\/produit\/moving-pendule-blanc\/#breadcrumb\"},\"inLanguage\":\"fr-FR\",\"potentialAction\":[{\"@type\":\"ReadAction\",\"target\":[\"https:\/\/hubsch-interior.com\/fr\/produit\/moving-pendule-blanc\/\"]}]},{\"@type\":\"ImageObject\",\"inLanguage\":\"fr-FR\",\"@id\":\"https:\/\/hubsch-interior.com\/fr\/produit\/moving-pendule-blanc\/#primaryimage\",\"url\":\"https:\/\/hubsch-interior.com\/wp-content\/uploads\/2026\/02\/moving-pendant-white-a92568729706809217ca47910bbad8f4.jpg\",\"contentUrl\":\"https:\/\/hubsch-interior.com\/wp-content\/uploads\/2026\/02\/moving-pendant-white-a92568729706809217ca47910bbad8f4.jpg\",\"width\":1024,\"height\":1024},{\"@type\":\"BreadcrumbList\",\"@id\":\"https:\/\/hubsch-interior.com\/fr\/produit\/moving-pendule-blanc\/#breadcrumb\",\"itemListElement\":[{\"@type\":\"ListItem\",\"position\":1,\"name\":\"Page d'accueil\",\"item\":\"https:\/\/hubsch-interior.com\/fr\/\"},{\"@type\":\"ListItem\",\"position\":2,\"name\":\"Produits\",\"item\":\"https:\/\/hubsch-interior.com\/fr\/shop-2\/\"},{\"@type\":\"ListItem\",\"position\":3,\"name\":\"Luminaires\",\"item\":\"https:\/\/hubsch-interior.com\/fr\/categorie-produit\/luminaires\/\"},{\"@type\":\"ListItem\",\"position\":4,\"name\":\"Suspensions\",\"item\":\"https:\/\/hubsch-interior.com\/fr\/categorie-produit\/luminaires\/suspensions-fr\/\"},{\"@type\":\"ListItem\",\"position\":5,\"name\":\"Moving Pendule Blanc\"}]},{\"@type\":\"WebSite\",\"@id\":\"https:\/\/hubsch-interior.com\/fr\/#website\",\"url\":\"https:\/\/hubsch-interior.com\/fr\/\",\"name\":\"H\u00fcbsch\",\"description\":\"Danish Home Interior and Design\",\"publisher\":{\"@id\":\"https:\/\/hubsch-interior.com\/fr\/#organization\"},\"potentialAction\":[{\"@type\":\"SearchAction\",\"target\":{\"@type\":\"EntryPoint\",\"urlTemplate\":\"https:\/\/hubsch-interior.com\/fr\/?s={search_term_string}\"},\"query-input\":{\"@type\":\"PropertyValueSpecification\",\"valueRequired\":true,\"valueName\":\"search_term_string\"}}],\"inLanguage\":\"fr-FR\"},{\"@type\":\"Organization\",\"@id\":\"https:\/\/hubsch-interior.com\/fr\/#organization\",\"name\":\"H\u00fcbsch\",\"url\":\"https:\/\/hubsch-interior.com\/fr\/\",\"logo\":{\"@type\":\"ImageObject\",\"inLanguage\":\"fr-FR\",\"@id\":\"https:\/\/hubsch-interior.com\/fr\/#\/schema\/logo\/image\/\",\"url\":\"https:\/\/hubsch-interior.com\/wp-content\/uploads\/2022\/12\/Hubsch_logo_black_one_line.svg\",\"contentUrl\":\"https:\/\/hubsch-interior.com\/wp-content\/uploads\/2022\/12\/Hubsch_logo_black_one_line.svg\",\"caption\":\"H\u00fcbsch\"},\"image\":{\"@id\":\"https:\/\/hubsch-interior.com\/fr\/#\/schema\/logo\/image\/\"}}]}<\/script>\n<!-- \/ Yoast SEO plugin. -->","yoast_head_json":{"title":"Moving Pendule Blanc - H\u00fcbsch","description":"Le Suspension Blanc Moving est une lampe qui s'adapte \u00e0 plusieurs styles d'int\u00e9rieur. Fabriqu\u00e9 en m\u00e9tal, il est recouvert d'une belle finition blanche qui","robots":{"index":"index","follow":"follow","max-snippet":"max-snippet:-1","max-image-preview":"max-image-preview:large","max-video-preview":"max-video-preview:-1"},"canonical":"https:\/\/hubsch-interior.com\/fr\/wp-json\/wp\/v2\/product\/994303","og_locale":"fr_FR","og_type":"article","og_title":"Moving Pendule Blanc - H\u00fcbsch","og_description":"Le Suspension Blanc Moving est une lampe qui s'adapte \u00e0 plusieurs styles d'int\u00e9rieur. Fabriqu\u00e9 en m\u00e9tal, il est recouvert d'une belle finition blanche qui","og_url":"https:\/\/hubsch-interior.com\/fr\/produit\/moving-pendule-blanc\/","og_site_name":"H\u00fcbsch","article_modified_time":"2026-04-11T03:07:28+00:00","og_image":[{"width":1200,"height":1200,"url":"https:\/\/hubsch-interior.com\/wp-content\/uploads\/2024\/07\/moving-ceiling-lamp-white-9290d1087a56b46177aba5f698f58d29.jpg","type":"image\/jpeg"}],"twitter_card":"summary_large_image","schema":{"@context":"https:\/\/schema.org","@graph":[{"@type":"WebPage","@id":"https:\/\/hubsch-interior.com\/fr\/produit\/moving-pendule-blanc\/","url":"https:\/\/hubsch-interior.com\/fr\/produit\/moving-pendule-blanc\/","name":"Moving Pendule Blanc - H\u00fcbsch","isPartOf":{"@id":"https:\/\/hubsch-interior.com\/fr\/#website"},"primaryImageOfPage":{"@id":"https:\/\/hubsch-interior.com\/fr\/produit\/moving-pendule-blanc\/#primaryimage"},"image":{"@id":"https:\/\/hubsch-interior.com\/fr\/produit\/moving-pendule-blanc\/#primaryimage"},"thumbnailUrl":"https:\/\/hubsch-interior.com\/wp-content\/uploads\/2026\/02\/moving-pendant-white-a92568729706809217ca47910bbad8f4.jpg","datePublished":"2024-07-09T13:02:44+00:00","dateModified":"2026-04-11T03:07:28+00:00","description":"Le Suspension Blanc Moving est une lampe qui s'adapte \u00e0 plusieurs styles d'int\u00e9rieur. Fabriqu\u00e9 en m\u00e9tal, il est recouvert d'une belle finition blanche qui","breadcrumb":{"@id":"https:\/\/hubsch-interior.com\/fr\/produit\/moving-pendule-blanc\/#breadcrumb"},"inLanguage":"fr-FR","potentialAction":[{"@type":"ReadAction","target":["https:\/\/hubsch-interior.com\/fr\/produit\/moving-pendule-blanc\/"]}]},{"@type":"ImageObject","inLanguage":"fr-FR","@id":"https:\/\/hubsch-interior.com\/fr\/produit\/moving-pendule-blanc\/#primaryimage","url":"https:\/\/hubsch-interior.com\/wp-content\/uploads\/2026\/02\/moving-pendant-white-a92568729706809217ca47910bbad8f4.jpg","contentUrl":"https:\/\/hubsch-interior.com\/wp-content\/uploads\/2026\/02\/moving-pendant-white-a92568729706809217ca47910bbad8f4.jpg","width":1024,"height":1024},{"@type":"BreadcrumbList","@id":"https:\/\/hubsch-interior.com\/fr\/produit\/moving-pendule-blanc\/#breadcrumb","itemListElement":[{"@type":"ListItem","position":1,"name":"Page d'accueil","item":"https:\/\/hubsch-interior.com\/fr\/"},{"@type":"ListItem","position":2,"name":"Produits","item":"https:\/\/hubsch-interior.com\/fr\/shop-2\/"},{"@type":"ListItem","position":3,"name":"Luminaires","item":"https:\/\/hubsch-interior.com\/fr\/categorie-produit\/luminaires\/"},{"@type":"ListItem","position":4,"name":"Suspensions","item":"https:\/\/hubsch-interior.com\/fr\/categorie-produit\/luminaires\/suspensions-fr\/"},{"@type":"ListItem","position":5,"name":"Moving Pendule Blanc"}]},{"@type":"WebSite","@id":"https:\/\/hubsch-interior.com\/fr\/#website","url":"https:\/\/hubsch-interior.com\/fr\/","name":"H\u00fcbsch","description":"Danish Home Interior and Design","publisher":{"@id":"https:\/\/hubsch-interior.com\/fr\/#organization"},"potentialAction":[{"@type":"SearchAction","target":{"@type":"EntryPoint","urlTemplate":"https:\/\/hubsch-interior.com\/fr\/?s={search_term_string}"},"query-input":{"@type":"PropertyValueSpecification","valueRequired":true,"valueName":"search_term_string"}}],"inLanguage":"fr-FR"},{"@type":"Organization","@id":"https:\/\/hubsch-interior.com\/fr\/#organization","name":"H\u00fcbsch","url":"https:\/\/hubsch-interior.com\/fr\/","logo":{"@type":"ImageObject","inLanguage":"fr-FR","@id":"https:\/\/hubsch-interior.com\/fr\/#\/schema\/logo\/image\/","url":"https:\/\/hubsch-interior.com\/wp-content\/uploads\/2022\/12\/Hubsch_logo_black_one_line.svg","contentUrl":"https:\/\/hubsch-interior.com\/wp-content\/uploads\/2022\/12\/Hubsch_logo_black_one_line.svg","caption":"H\u00fcbsch"},"image":{"@id":"https:\/\/hubsch-interior.com\/fr\/#\/schema\/logo\/image\/"}}]}},"_links":{"self":[{"href":"https:\/\/hubsch-interior.com\/fr\/wp-json\/wp\/v2\/product\/994303","targetHints":{"allow":["GET"]}}],"collection":[{"href":"https:\/\/hubsch-interior.com\/fr\/wp-json\/wp\/v2\/product"}],"about":[{"href":"https:\/\/hubsch-interior.com\/fr\/wp-json\/wp\/v2\/types\/product"}],"wp:featuredmedia":[{"embeddable":true,"href":"https:\/\/hubsch-interior.com\/fr\/wp-json\/wp\/v2\/media\/1108519"}],"wp:attachment":[{"href":"https:\/\/hubsch-interior.com\/fr\/wp-json\/wp\/v2\/media?parent=994303"}],"wp:term":[{"taxonomy":"product_brand","embeddable":true,"href":"https:\/\/hubsch-interior.com\/fr\/wp-json\/wp\/v2\/product_brand?post=994303"},{"taxonomy":"product_cat","embeddable":true,"href":"https:\/\/hubsch-interior.com\/fr\/wp-json\/wp\/v2\/product_cat?post=994303"},{"taxonomy":"product_tag","embeddable":true,"href":"https:\/\/hubsch-interior.com\/fr\/wp-json\/wp\/v2\/product_tag?post=994303"}],"curies":[{"name":"wp","href":"https:\/\/api.w.org\/{rel}","templated":true}]}}