{"id":995502,"date":"2024-08-05T10:19:27","date_gmt":"2024-08-05T08:19:27","guid":{"rendered":"https:\/\/hubsch-interior.com\/product\/product\/"},"modified":"2026-04-04T04:54:36","modified_gmt":"2026-04-04T02:54:36","slug":"studio-cadre-297x42-naturel","status":"publish","type":"product","link":"https:\/\/hubsch-interior.com\/fr\/produit\/studio-cadre-297x42-naturel\/","title":{"rendered":"Studio Cadre 29,7&#215;42 Naturel"},"content":{"rendered":"<p>Pr\u00e9sentation de l&#8217;ajout parfait \u00e0 votre d\u00e9coration int\u00e9rieure \u2014 le Studio Cadre en ch\u00eane naturel. Fabriqu\u00e9 \u00e0 partir de bois de qualit\u00e9 sup\u00e9rieure certifi\u00e9 FSC avec un beau placage en ch\u00eane, ce cadre d\u00e9gage \u00e9l\u00e9gance et sophistication. Le plexiglas durable assure une protection durable pour votre impression d&#8217;art d\u00e9licate et minimaliste. Avec la possibilit\u00e9 de l&#8217;afficher verticalement ou horizontalement, ce cadre polyvalent peut \u00eatre m\u00e9lang\u00e9 et assorti avec d&#8217;autres tailles et couleurs pour un look unique et styl\u00e9. Rehaussez votre espace avec le Studio Cadre en ch\u00eane naturel.<\/p>\n","protected":false},"excerpt":{"rendered":"<p>Pr\u00e9sentation de l&#8217;ajout parfait \u00e0 votre d\u00e9coration int\u00e9rieure \u2014 le Studio Cadre en ch\u00eane naturel. Fabriqu\u00e9 \u00e0 partir de bois de qualit\u00e9 sup\u00e9rieure certifi\u00e9 FSC avec un beau placage en ch\u00eane, ce cadre d\u00e9gage \u00e9l\u00e9gance et sophistication. Le plexiglas durable assure une protection durable pour votre impression d&#8217;art d\u00e9licate et minimaliste. Avec la possibilit\u00e9 de [&hellip;]<\/p>\n","protected":false},"featured_media":1114745,"template":"","meta":{"_acf_changed":false,"inline_featured_image":false},"product_brand":[],"product_cat":[6882,6322,3116,4936,5026],"product_tag":[],"class_list":{"0":"post-995502","1":"product","2":"type-product","3":"status-publish","4":"has-post-thumbnail","6":"product_cat-elevating-nostalgia-fr","7":"product_cat-fsc-fr","8":"product_cat-decoration-murale-fr","9":"product_cat-cadres-fr","10":"product_cat-bestsellers-fr","11":"product_shipping_class-pk","12":"pa_color-naturel-2","13":"pa_material-mdf-fr","14":"pa_material-plexiglas-2","15":"pa_material-placage-de-chne-2","17":"first","18":"instock","19":"featured","20":"taxable","21":"shipping-taxable","22":"purchasable","23":"product-type-simple"},"exclude_global_add_ons":[],"addons":[],"acf":[],"yoast_head":"<!-- This site is optimized with the Yoast SEO plugin v26.4 - https:\/\/yoast.com\/wordpress\/plugins\/seo\/ -->\n<title>Studio Cadre 29,7x42 Naturel - H\u00fcbsch<\/title>\n<meta name=\"description\" content=\"Pr\u00e9sentation de l&#039;ajout parfait \u00e0 votre d\u00e9coration int\u00e9rieure \u2014 le Studio Cadre en ch\u00eane naturel. Fabriqu\u00e9 \u00e0 partir de bois de qualit\u00e9 sup\u00e9rieure certifi\u00e9\" \/>\n<meta name=\"robots\" content=\"index, follow, max-snippet:-1, max-image-preview:large, max-video-preview:-1\" \/>\n<link rel=\"canonical\" href=\"https:\/\/hubsch-interior.com\/fr\/wp-json\/wp\/v2\/product\/995502\" \/>\n<meta property=\"og:locale\" content=\"fr_FR\" \/>\n<meta property=\"og:type\" content=\"article\" \/>\n<meta property=\"og:title\" content=\"Studio Cadre 29,7x42 Naturel - H\u00fcbsch\" \/>\n<meta property=\"og:description\" content=\"Pr\u00e9sentation de l&#039;ajout parfait \u00e0 votre d\u00e9coration int\u00e9rieure \u2014 le Studio Cadre en ch\u00eane naturel. Fabriqu\u00e9 \u00e0 partir de bois de qualit\u00e9 sup\u00e9rieure certifi\u00e9\" \/>\n<meta property=\"og:url\" content=\"https:\/\/hubsch-interior.com\/fr\/produit\/studio-cadre-297x42-naturel\/\" \/>\n<meta property=\"og:site_name\" content=\"H\u00fcbsch\" \/>\n<meta property=\"article:modified_time\" content=\"2026-04-04T02:54:36+00:00\" \/>\n<meta property=\"og:image\" content=\"https:\/\/hubsch-interior.com\/wp-content\/uploads\/2024\/08\/studio-frame-297x42-natural-426f4448f689cdc4cd6cb28745dd6c85.jpg\" \/>\n\t<meta property=\"og:image:width\" content=\"1200\" \/>\n\t<meta property=\"og:image:height\" content=\"1200\" \/>\n\t<meta property=\"og:image:type\" content=\"image\/jpeg\" \/>\n<meta name=\"twitter:card\" content=\"summary_large_image\" \/>\n<script type=\"application\/ld+json\" class=\"yoast-schema-graph\">{\"@context\":\"https:\/\/schema.org\",\"@graph\":[{\"@type\":\"WebPage\",\"@id\":\"https:\/\/hubsch-interior.com\/fr\/produit\/studio-cadre-297x42-naturel\/\",\"url\":\"https:\/\/hubsch-interior.com\/fr\/produit\/studio-cadre-297x42-naturel\/\",\"name\":\"Studio Cadre 29,7x42 Naturel - H\u00fcbsch\",\"isPartOf\":{\"@id\":\"https:\/\/hubsch-interior.com\/fr\/#website\"},\"primaryImageOfPage\":{\"@id\":\"https:\/\/hubsch-interior.com\/fr\/produit\/studio-cadre-297x42-naturel\/#primaryimage\"},\"image\":{\"@id\":\"https:\/\/hubsch-interior.com\/fr\/produit\/studio-cadre-297x42-naturel\/#primaryimage\"},\"thumbnailUrl\":\"https:\/\/hubsch-interior.com\/wp-content\/uploads\/2026\/02\/studio-frame-297x42-natural-662247d109946726637c0e2f2fc09a2f.jpg\",\"datePublished\":\"2024-08-05T08:19:27+00:00\",\"dateModified\":\"2026-04-04T02:54:36+00:00\",\"description\":\"Pr\u00e9sentation de l'ajout parfait \u00e0 votre d\u00e9coration int\u00e9rieure \u2014 le Studio Cadre en ch\u00eane naturel. Fabriqu\u00e9 \u00e0 partir de bois de qualit\u00e9 sup\u00e9rieure certifi\u00e9\",\"breadcrumb\":{\"@id\":\"https:\/\/hubsch-interior.com\/fr\/produit\/studio-cadre-297x42-naturel\/#breadcrumb\"},\"inLanguage\":\"fr-FR\",\"potentialAction\":[{\"@type\":\"ReadAction\",\"target\":[\"https:\/\/hubsch-interior.com\/fr\/produit\/studio-cadre-297x42-naturel\/\"]}]},{\"@type\":\"ImageObject\",\"inLanguage\":\"fr-FR\",\"@id\":\"https:\/\/hubsch-interior.com\/fr\/produit\/studio-cadre-297x42-naturel\/#primaryimage\",\"url\":\"https:\/\/hubsch-interior.com\/wp-content\/uploads\/2026\/02\/studio-frame-297x42-natural-662247d109946726637c0e2f2fc09a2f.jpg\",\"contentUrl\":\"https:\/\/hubsch-interior.com\/wp-content\/uploads\/2026\/02\/studio-frame-297x42-natural-662247d109946726637c0e2f2fc09a2f.jpg\",\"width\":1024,\"height\":1024},{\"@type\":\"BreadcrumbList\",\"@id\":\"https:\/\/hubsch-interior.com\/fr\/produit\/studio-cadre-297x42-naturel\/#breadcrumb\",\"itemListElement\":[{\"@type\":\"ListItem\",\"position\":1,\"name\":\"Page d'accueil\",\"item\":\"https:\/\/hubsch-interior.com\/fr\/\"},{\"@type\":\"ListItem\",\"position\":2,\"name\":\"Produits\",\"item\":\"https:\/\/hubsch-interior.com\/fr\/shop-2\/\"},{\"@type\":\"ListItem\",\"position\":3,\"name\":\"Accessoires maison\",\"item\":\"https:\/\/hubsch-interior.com\/fr\/categorie-produit\/accessoires-maison\/\"},{\"@type\":\"ListItem\",\"position\":4,\"name\":\"D&eacute;coration murale\",\"item\":\"https:\/\/hubsch-interior.com\/fr\/categorie-produit\/accessoires-maison\/decoration-murale-fr\/\"},{\"@type\":\"ListItem\",\"position\":5,\"name\":\"Cadres\",\"item\":\"https:\/\/hubsch-interior.com\/fr\/categorie-produit\/accessoires-maison\/decoration-murale-fr\/cadres-fr\/\"},{\"@type\":\"ListItem\",\"position\":6,\"name\":\"Studio Cadre 29,7&#215;42 Naturel\"}]},{\"@type\":\"WebSite\",\"@id\":\"https:\/\/hubsch-interior.com\/fr\/#website\",\"url\":\"https:\/\/hubsch-interior.com\/fr\/\",\"name\":\"H\u00fcbsch\",\"description\":\"Danish Home Interior and Design\",\"publisher\":{\"@id\":\"https:\/\/hubsch-interior.com\/fr\/#organization\"},\"potentialAction\":[{\"@type\":\"SearchAction\",\"target\":{\"@type\":\"EntryPoint\",\"urlTemplate\":\"https:\/\/hubsch-interior.com\/fr\/?s={search_term_string}\"},\"query-input\":{\"@type\":\"PropertyValueSpecification\",\"valueRequired\":true,\"valueName\":\"search_term_string\"}}],\"inLanguage\":\"fr-FR\"},{\"@type\":\"Organization\",\"@id\":\"https:\/\/hubsch-interior.com\/fr\/#organization\",\"name\":\"H\u00fcbsch\",\"url\":\"https:\/\/hubsch-interior.com\/fr\/\",\"logo\":{\"@type\":\"ImageObject\",\"inLanguage\":\"fr-FR\",\"@id\":\"https:\/\/hubsch-interior.com\/fr\/#\/schema\/logo\/image\/\",\"url\":\"https:\/\/hubsch-interior.com\/wp-content\/uploads\/2022\/12\/Hubsch_logo_black_one_line.svg\",\"contentUrl\":\"https:\/\/hubsch-interior.com\/wp-content\/uploads\/2022\/12\/Hubsch_logo_black_one_line.svg\",\"caption\":\"H\u00fcbsch\"},\"image\":{\"@id\":\"https:\/\/hubsch-interior.com\/fr\/#\/schema\/logo\/image\/\"}}]}<\/script>\n<!-- \/ Yoast SEO plugin. -->","yoast_head_json":{"title":"Studio Cadre 29,7x42 Naturel - H\u00fcbsch","description":"Pr\u00e9sentation de l'ajout parfait \u00e0 votre d\u00e9coration int\u00e9rieure \u2014 le Studio Cadre en ch\u00eane naturel. Fabriqu\u00e9 \u00e0 partir de bois de qualit\u00e9 sup\u00e9rieure certifi\u00e9","robots":{"index":"index","follow":"follow","max-snippet":"max-snippet:-1","max-image-preview":"max-image-preview:large","max-video-preview":"max-video-preview:-1"},"canonical":"https:\/\/hubsch-interior.com\/fr\/wp-json\/wp\/v2\/product\/995502","og_locale":"fr_FR","og_type":"article","og_title":"Studio Cadre 29,7x42 Naturel - H\u00fcbsch","og_description":"Pr\u00e9sentation de l'ajout parfait \u00e0 votre d\u00e9coration int\u00e9rieure \u2014 le Studio Cadre en ch\u00eane naturel. Fabriqu\u00e9 \u00e0 partir de bois de qualit\u00e9 sup\u00e9rieure certifi\u00e9","og_url":"https:\/\/hubsch-interior.com\/fr\/produit\/studio-cadre-297x42-naturel\/","og_site_name":"H\u00fcbsch","article_modified_time":"2026-04-04T02:54:36+00:00","og_image":[{"width":1200,"height":1200,"url":"https:\/\/hubsch-interior.com\/wp-content\/uploads\/2024\/08\/studio-frame-297x42-natural-426f4448f689cdc4cd6cb28745dd6c85.jpg","type":"image\/jpeg"}],"twitter_card":"summary_large_image","schema":{"@context":"https:\/\/schema.org","@graph":[{"@type":"WebPage","@id":"https:\/\/hubsch-interior.com\/fr\/produit\/studio-cadre-297x42-naturel\/","url":"https:\/\/hubsch-interior.com\/fr\/produit\/studio-cadre-297x42-naturel\/","name":"Studio Cadre 29,7x42 Naturel - H\u00fcbsch","isPartOf":{"@id":"https:\/\/hubsch-interior.com\/fr\/#website"},"primaryImageOfPage":{"@id":"https:\/\/hubsch-interior.com\/fr\/produit\/studio-cadre-297x42-naturel\/#primaryimage"},"image":{"@id":"https:\/\/hubsch-interior.com\/fr\/produit\/studio-cadre-297x42-naturel\/#primaryimage"},"thumbnailUrl":"https:\/\/hubsch-interior.com\/wp-content\/uploads\/2026\/02\/studio-frame-297x42-natural-662247d109946726637c0e2f2fc09a2f.jpg","datePublished":"2024-08-05T08:19:27+00:00","dateModified":"2026-04-04T02:54:36+00:00","description":"Pr\u00e9sentation de l'ajout parfait \u00e0 votre d\u00e9coration int\u00e9rieure \u2014 le Studio Cadre en ch\u00eane naturel. Fabriqu\u00e9 \u00e0 partir de bois de qualit\u00e9 sup\u00e9rieure certifi\u00e9","breadcrumb":{"@id":"https:\/\/hubsch-interior.com\/fr\/produit\/studio-cadre-297x42-naturel\/#breadcrumb"},"inLanguage":"fr-FR","potentialAction":[{"@type":"ReadAction","target":["https:\/\/hubsch-interior.com\/fr\/produit\/studio-cadre-297x42-naturel\/"]}]},{"@type":"ImageObject","inLanguage":"fr-FR","@id":"https:\/\/hubsch-interior.com\/fr\/produit\/studio-cadre-297x42-naturel\/#primaryimage","url":"https:\/\/hubsch-interior.com\/wp-content\/uploads\/2026\/02\/studio-frame-297x42-natural-662247d109946726637c0e2f2fc09a2f.jpg","contentUrl":"https:\/\/hubsch-interior.com\/wp-content\/uploads\/2026\/02\/studio-frame-297x42-natural-662247d109946726637c0e2f2fc09a2f.jpg","width":1024,"height":1024},{"@type":"BreadcrumbList","@id":"https:\/\/hubsch-interior.com\/fr\/produit\/studio-cadre-297x42-naturel\/#breadcrumb","itemListElement":[{"@type":"ListItem","position":1,"name":"Page d'accueil","item":"https:\/\/hubsch-interior.com\/fr\/"},{"@type":"ListItem","position":2,"name":"Produits","item":"https:\/\/hubsch-interior.com\/fr\/shop-2\/"},{"@type":"ListItem","position":3,"name":"Accessoires maison","item":"https:\/\/hubsch-interior.com\/fr\/categorie-produit\/accessoires-maison\/"},{"@type":"ListItem","position":4,"name":"D&eacute;coration murale","item":"https:\/\/hubsch-interior.com\/fr\/categorie-produit\/accessoires-maison\/decoration-murale-fr\/"},{"@type":"ListItem","position":5,"name":"Cadres","item":"https:\/\/hubsch-interior.com\/fr\/categorie-produit\/accessoires-maison\/decoration-murale-fr\/cadres-fr\/"},{"@type":"ListItem","position":6,"name":"Studio Cadre 29,7&#215;42 Naturel"}]},{"@type":"WebSite","@id":"https:\/\/hubsch-interior.com\/fr\/#website","url":"https:\/\/hubsch-interior.com\/fr\/","name":"H\u00fcbsch","description":"Danish Home Interior and Design","publisher":{"@id":"https:\/\/hubsch-interior.com\/fr\/#organization"},"potentialAction":[{"@type":"SearchAction","target":{"@type":"EntryPoint","urlTemplate":"https:\/\/hubsch-interior.com\/fr\/?s={search_term_string}"},"query-input":{"@type":"PropertyValueSpecification","valueRequired":true,"valueName":"search_term_string"}}],"inLanguage":"fr-FR"},{"@type":"Organization","@id":"https:\/\/hubsch-interior.com\/fr\/#organization","name":"H\u00fcbsch","url":"https:\/\/hubsch-interior.com\/fr\/","logo":{"@type":"ImageObject","inLanguage":"fr-FR","@id":"https:\/\/hubsch-interior.com\/fr\/#\/schema\/logo\/image\/","url":"https:\/\/hubsch-interior.com\/wp-content\/uploads\/2022\/12\/Hubsch_logo_black_one_line.svg","contentUrl":"https:\/\/hubsch-interior.com\/wp-content\/uploads\/2022\/12\/Hubsch_logo_black_one_line.svg","caption":"H\u00fcbsch"},"image":{"@id":"https:\/\/hubsch-interior.com\/fr\/#\/schema\/logo\/image\/"}}]}},"_links":{"self":[{"href":"https:\/\/hubsch-interior.com\/fr\/wp-json\/wp\/v2\/product\/995502","targetHints":{"allow":["GET"]}}],"collection":[{"href":"https:\/\/hubsch-interior.com\/fr\/wp-json\/wp\/v2\/product"}],"about":[{"href":"https:\/\/hubsch-interior.com\/fr\/wp-json\/wp\/v2\/types\/product"}],"wp:featuredmedia":[{"embeddable":true,"href":"https:\/\/hubsch-interior.com\/fr\/wp-json\/wp\/v2\/media\/1114745"}],"wp:attachment":[{"href":"https:\/\/hubsch-interior.com\/fr\/wp-json\/wp\/v2\/media?parent=995502"}],"wp:term":[{"taxonomy":"product_brand","embeddable":true,"href":"https:\/\/hubsch-interior.com\/fr\/wp-json\/wp\/v2\/product_brand?post=995502"},{"taxonomy":"product_cat","embeddable":true,"href":"https:\/\/hubsch-interior.com\/fr\/wp-json\/wp\/v2\/product_cat?post=995502"},{"taxonomy":"product_tag","embeddable":true,"href":"https:\/\/hubsch-interior.com\/fr\/wp-json\/wp\/v2\/product_tag?post=995502"}],"curies":[{"name":"wp","href":"https:\/\/api.w.org\/{rel}","templated":true}]}}