{"id":995518,"date":"2024-08-05T10:35:33","date_gmt":"2024-08-05T08:35:33","guid":{"rendered":"https:\/\/hubsch-interior.com\/product\/product\/"},"modified":"2026-04-09T04:59:53","modified_gmt":"2026-04-09T02:59:53","slug":"balance-lampadaire-laiton","status":"publish","type":"product","link":"https:\/\/hubsch-interior.com\/fr\/produit\/balance-lampadaire-laiton\/","title":{"rendered":"Balance Lampadaire Laiton"},"content":{"rendered":"<p>Le Balance Lampadaire allie un design \u00e9pur\u00e9 \u00e0 une finition laiton chaleureuse, ce qui en fait un ajout \u00e9l\u00e9gant \u00e0 tout int\u00e9rieur. Fabriqu\u00e9 en m\u00e9tal durable, il est con\u00e7u pour durer tout en apportant une lumi\u00e8re douce et accueillante \u00e0 votre espace. Sa forme mince et \u00e9l\u00e9gante s\u2019int\u00e8gre aussi bien dans un petit coin cosy que dans un salon anim\u00e9. Veuillez noter : les ampoules ne sont pas incluses.<\/p>\n","protected":false},"excerpt":{"rendered":"<p>Le Balance Lampadaire allie un design \u00e9pur\u00e9 \u00e0 une finition laiton chaleureuse, ce qui en fait un ajout \u00e9l\u00e9gant \u00e0 tout int\u00e9rieur. Fabriqu\u00e9 en m\u00e9tal durable, il est con\u00e7u pour durer tout en apportant une lumi\u00e8re douce et accueillante \u00e0 votre espace. Sa forme mince et \u00e9l\u00e9gante s\u2019int\u00e8gre aussi bien dans un petit coin cosy [&hellip;]<\/p>\n","protected":false},"featured_media":1105817,"template":"","meta":{"_acf_changed":false,"inline_featured_image":false},"product_brand":[],"product_cat":[3810,3496,5026],"product_tag":[],"class_list":{"0":"post-995518","1":"product","2":"type-product","3":"status-publish","4":"has-post-thumbnail","6":"product_cat-luminaires","7":"product_cat-lampadaires-fr","8":"product_cat-bestsellers-fr","9":"product_shipping_class-pk","11":"pa_color-laiton","12":"pa_material-fer-fr","14":"first","15":"instock","16":"featured","17":"taxable","18":"shipping-taxable","19":"purchasable","20":"product-type-simple"},"exclude_global_add_ons":[],"addons":[],"acf":[],"yoast_head":"<!-- This site is optimized with the Yoast SEO plugin v26.4 - https:\/\/yoast.com\/wordpress\/plugins\/seo\/ -->\n<title>Balance Lampadaire Laiton - H\u00fcbsch<\/title>\n<meta name=\"description\" content=\"Le Balance Lampadaire allie un design \u00e9pur\u00e9 \u00e0 une finition laiton chaleureuse, ce qui en fait un ajout \u00e9l\u00e9gant \u00e0 tout int\u00e9rieur. Fabriqu\u00e9 en m\u00e9tal\" \/>\n<meta name=\"robots\" content=\"index, follow, max-snippet:-1, max-image-preview:large, max-video-preview:-1\" \/>\n<link rel=\"canonical\" href=\"https:\/\/hubsch-interior.com\/fr\/wp-json\/wp\/v2\/product\/995518\" \/>\n<meta property=\"og:locale\" content=\"fr_FR\" \/>\n<meta property=\"og:type\" content=\"article\" \/>\n<meta property=\"og:title\" content=\"Balance Lampadaire Laiton - H\u00fcbsch\" \/>\n<meta property=\"og:description\" content=\"Le Balance Lampadaire allie un design \u00e9pur\u00e9 \u00e0 une finition laiton chaleureuse, ce qui en fait un ajout \u00e9l\u00e9gant \u00e0 tout int\u00e9rieur. Fabriqu\u00e9 en m\u00e9tal\" \/>\n<meta property=\"og:url\" content=\"https:\/\/hubsch-interior.com\/fr\/produit\/balance-lampadaire-laiton\/\" \/>\n<meta property=\"og:site_name\" content=\"H\u00fcbsch\" \/>\n<meta property=\"article:modified_time\" content=\"2026-04-09T02:59:53+00:00\" \/>\n<meta property=\"og:image\" content=\"https:\/\/hubsch-interior.com\/wp-content\/uploads\/2025\/05\/balance-floor-lamp-brass-c4d0470136fd660327da8d8cf3904ce1.jpg\" \/>\n\t<meta property=\"og:image:width\" content=\"1200\" \/>\n\t<meta property=\"og:image:height\" content=\"1200\" \/>\n\t<meta property=\"og:image:type\" content=\"image\/jpeg\" \/>\n<meta name=\"twitter:card\" content=\"summary_large_image\" \/>\n<script type=\"application\/ld+json\" class=\"yoast-schema-graph\">{\"@context\":\"https:\/\/schema.org\",\"@graph\":[{\"@type\":\"WebPage\",\"@id\":\"https:\/\/hubsch-interior.com\/fr\/produit\/balance-lampadaire-laiton\/\",\"url\":\"https:\/\/hubsch-interior.com\/fr\/produit\/balance-lampadaire-laiton\/\",\"name\":\"Balance Lampadaire Laiton - H\u00fcbsch\",\"isPartOf\":{\"@id\":\"https:\/\/hubsch-interior.com\/fr\/#website\"},\"primaryImageOfPage\":{\"@id\":\"https:\/\/hubsch-interior.com\/fr\/produit\/balance-lampadaire-laiton\/#primaryimage\"},\"image\":{\"@id\":\"https:\/\/hubsch-interior.com\/fr\/produit\/balance-lampadaire-laiton\/#primaryimage\"},\"thumbnailUrl\":\"https:\/\/hubsch-interior.com\/wp-content\/uploads\/2026\/02\/balance-floor-lamp-brass-4e7d81151d7b7cd816a89bbc3e9ce5be.jpg\",\"datePublished\":\"2024-08-05T08:35:33+00:00\",\"dateModified\":\"2026-04-09T02:59:53+00:00\",\"description\":\"Le Balance Lampadaire allie un design \u00e9pur\u00e9 \u00e0 une finition laiton chaleureuse, ce qui en fait un ajout \u00e9l\u00e9gant \u00e0 tout int\u00e9rieur. Fabriqu\u00e9 en m\u00e9tal\",\"breadcrumb\":{\"@id\":\"https:\/\/hubsch-interior.com\/fr\/produit\/balance-lampadaire-laiton\/#breadcrumb\"},\"inLanguage\":\"fr-FR\",\"potentialAction\":[{\"@type\":\"ReadAction\",\"target\":[\"https:\/\/hubsch-interior.com\/fr\/produit\/balance-lampadaire-laiton\/\"]}]},{\"@type\":\"ImageObject\",\"inLanguage\":\"fr-FR\",\"@id\":\"https:\/\/hubsch-interior.com\/fr\/produit\/balance-lampadaire-laiton\/#primaryimage\",\"url\":\"https:\/\/hubsch-interior.com\/wp-content\/uploads\/2026\/02\/balance-floor-lamp-brass-4e7d81151d7b7cd816a89bbc3e9ce5be.jpg\",\"contentUrl\":\"https:\/\/hubsch-interior.com\/wp-content\/uploads\/2026\/02\/balance-floor-lamp-brass-4e7d81151d7b7cd816a89bbc3e9ce5be.jpg\",\"width\":1024,\"height\":1024},{\"@type\":\"BreadcrumbList\",\"@id\":\"https:\/\/hubsch-interior.com\/fr\/produit\/balance-lampadaire-laiton\/#breadcrumb\",\"itemListElement\":[{\"@type\":\"ListItem\",\"position\":1,\"name\":\"Page d'accueil\",\"item\":\"https:\/\/hubsch-interior.com\/fr\/\"},{\"@type\":\"ListItem\",\"position\":2,\"name\":\"Produits\",\"item\":\"https:\/\/hubsch-interior.com\/fr\/shop-2\/\"},{\"@type\":\"ListItem\",\"position\":3,\"name\":\"Luminaires\",\"item\":\"https:\/\/hubsch-interior.com\/fr\/categorie-produit\/luminaires\/\"},{\"@type\":\"ListItem\",\"position\":4,\"name\":\"Lampadaires\",\"item\":\"https:\/\/hubsch-interior.com\/fr\/categorie-produit\/luminaires\/lampadaires-fr\/\"},{\"@type\":\"ListItem\",\"position\":5,\"name\":\"Balance Lampadaire Laiton\"}]},{\"@type\":\"WebSite\",\"@id\":\"https:\/\/hubsch-interior.com\/fr\/#website\",\"url\":\"https:\/\/hubsch-interior.com\/fr\/\",\"name\":\"H\u00fcbsch\",\"description\":\"Danish Home Interior and Design\",\"publisher\":{\"@id\":\"https:\/\/hubsch-interior.com\/fr\/#organization\"},\"potentialAction\":[{\"@type\":\"SearchAction\",\"target\":{\"@type\":\"EntryPoint\",\"urlTemplate\":\"https:\/\/hubsch-interior.com\/fr\/?s={search_term_string}\"},\"query-input\":{\"@type\":\"PropertyValueSpecification\",\"valueRequired\":true,\"valueName\":\"search_term_string\"}}],\"inLanguage\":\"fr-FR\"},{\"@type\":\"Organization\",\"@id\":\"https:\/\/hubsch-interior.com\/fr\/#organization\",\"name\":\"H\u00fcbsch\",\"url\":\"https:\/\/hubsch-interior.com\/fr\/\",\"logo\":{\"@type\":\"ImageObject\",\"inLanguage\":\"fr-FR\",\"@id\":\"https:\/\/hubsch-interior.com\/fr\/#\/schema\/logo\/image\/\",\"url\":\"https:\/\/hubsch-interior.com\/wp-content\/uploads\/2022\/12\/Hubsch_logo_black_one_line.svg\",\"contentUrl\":\"https:\/\/hubsch-interior.com\/wp-content\/uploads\/2022\/12\/Hubsch_logo_black_one_line.svg\",\"caption\":\"H\u00fcbsch\"},\"image\":{\"@id\":\"https:\/\/hubsch-interior.com\/fr\/#\/schema\/logo\/image\/\"}}]}<\/script>\n<!-- \/ Yoast SEO plugin. -->","yoast_head_json":{"title":"Balance Lampadaire Laiton - H\u00fcbsch","description":"Le Balance Lampadaire allie un design \u00e9pur\u00e9 \u00e0 une finition laiton chaleureuse, ce qui en fait un ajout \u00e9l\u00e9gant \u00e0 tout int\u00e9rieur. Fabriqu\u00e9 en m\u00e9tal","robots":{"index":"index","follow":"follow","max-snippet":"max-snippet:-1","max-image-preview":"max-image-preview:large","max-video-preview":"max-video-preview:-1"},"canonical":"https:\/\/hubsch-interior.com\/fr\/wp-json\/wp\/v2\/product\/995518","og_locale":"fr_FR","og_type":"article","og_title":"Balance Lampadaire Laiton - H\u00fcbsch","og_description":"Le Balance Lampadaire allie un design \u00e9pur\u00e9 \u00e0 une finition laiton chaleureuse, ce qui en fait un ajout \u00e9l\u00e9gant \u00e0 tout int\u00e9rieur. Fabriqu\u00e9 en m\u00e9tal","og_url":"https:\/\/hubsch-interior.com\/fr\/produit\/balance-lampadaire-laiton\/","og_site_name":"H\u00fcbsch","article_modified_time":"2026-04-09T02:59:53+00:00","og_image":[{"width":1200,"height":1200,"url":"https:\/\/hubsch-interior.com\/wp-content\/uploads\/2025\/05\/balance-floor-lamp-brass-c4d0470136fd660327da8d8cf3904ce1.jpg","type":"image\/jpeg"}],"twitter_card":"summary_large_image","schema":{"@context":"https:\/\/schema.org","@graph":[{"@type":"WebPage","@id":"https:\/\/hubsch-interior.com\/fr\/produit\/balance-lampadaire-laiton\/","url":"https:\/\/hubsch-interior.com\/fr\/produit\/balance-lampadaire-laiton\/","name":"Balance Lampadaire Laiton - H\u00fcbsch","isPartOf":{"@id":"https:\/\/hubsch-interior.com\/fr\/#website"},"primaryImageOfPage":{"@id":"https:\/\/hubsch-interior.com\/fr\/produit\/balance-lampadaire-laiton\/#primaryimage"},"image":{"@id":"https:\/\/hubsch-interior.com\/fr\/produit\/balance-lampadaire-laiton\/#primaryimage"},"thumbnailUrl":"https:\/\/hubsch-interior.com\/wp-content\/uploads\/2026\/02\/balance-floor-lamp-brass-4e7d81151d7b7cd816a89bbc3e9ce5be.jpg","datePublished":"2024-08-05T08:35:33+00:00","dateModified":"2026-04-09T02:59:53+00:00","description":"Le Balance Lampadaire allie un design \u00e9pur\u00e9 \u00e0 une finition laiton chaleureuse, ce qui en fait un ajout \u00e9l\u00e9gant \u00e0 tout int\u00e9rieur. Fabriqu\u00e9 en m\u00e9tal","breadcrumb":{"@id":"https:\/\/hubsch-interior.com\/fr\/produit\/balance-lampadaire-laiton\/#breadcrumb"},"inLanguage":"fr-FR","potentialAction":[{"@type":"ReadAction","target":["https:\/\/hubsch-interior.com\/fr\/produit\/balance-lampadaire-laiton\/"]}]},{"@type":"ImageObject","inLanguage":"fr-FR","@id":"https:\/\/hubsch-interior.com\/fr\/produit\/balance-lampadaire-laiton\/#primaryimage","url":"https:\/\/hubsch-interior.com\/wp-content\/uploads\/2026\/02\/balance-floor-lamp-brass-4e7d81151d7b7cd816a89bbc3e9ce5be.jpg","contentUrl":"https:\/\/hubsch-interior.com\/wp-content\/uploads\/2026\/02\/balance-floor-lamp-brass-4e7d81151d7b7cd816a89bbc3e9ce5be.jpg","width":1024,"height":1024},{"@type":"BreadcrumbList","@id":"https:\/\/hubsch-interior.com\/fr\/produit\/balance-lampadaire-laiton\/#breadcrumb","itemListElement":[{"@type":"ListItem","position":1,"name":"Page d'accueil","item":"https:\/\/hubsch-interior.com\/fr\/"},{"@type":"ListItem","position":2,"name":"Produits","item":"https:\/\/hubsch-interior.com\/fr\/shop-2\/"},{"@type":"ListItem","position":3,"name":"Luminaires","item":"https:\/\/hubsch-interior.com\/fr\/categorie-produit\/luminaires\/"},{"@type":"ListItem","position":4,"name":"Lampadaires","item":"https:\/\/hubsch-interior.com\/fr\/categorie-produit\/luminaires\/lampadaires-fr\/"},{"@type":"ListItem","position":5,"name":"Balance Lampadaire Laiton"}]},{"@type":"WebSite","@id":"https:\/\/hubsch-interior.com\/fr\/#website","url":"https:\/\/hubsch-interior.com\/fr\/","name":"H\u00fcbsch","description":"Danish Home Interior and Design","publisher":{"@id":"https:\/\/hubsch-interior.com\/fr\/#organization"},"potentialAction":[{"@type":"SearchAction","target":{"@type":"EntryPoint","urlTemplate":"https:\/\/hubsch-interior.com\/fr\/?s={search_term_string}"},"query-input":{"@type":"PropertyValueSpecification","valueRequired":true,"valueName":"search_term_string"}}],"inLanguage":"fr-FR"},{"@type":"Organization","@id":"https:\/\/hubsch-interior.com\/fr\/#organization","name":"H\u00fcbsch","url":"https:\/\/hubsch-interior.com\/fr\/","logo":{"@type":"ImageObject","inLanguage":"fr-FR","@id":"https:\/\/hubsch-interior.com\/fr\/#\/schema\/logo\/image\/","url":"https:\/\/hubsch-interior.com\/wp-content\/uploads\/2022\/12\/Hubsch_logo_black_one_line.svg","contentUrl":"https:\/\/hubsch-interior.com\/wp-content\/uploads\/2022\/12\/Hubsch_logo_black_one_line.svg","caption":"H\u00fcbsch"},"image":{"@id":"https:\/\/hubsch-interior.com\/fr\/#\/schema\/logo\/image\/"}}]}},"_links":{"self":[{"href":"https:\/\/hubsch-interior.com\/fr\/wp-json\/wp\/v2\/product\/995518","targetHints":{"allow":["GET"]}}],"collection":[{"href":"https:\/\/hubsch-interior.com\/fr\/wp-json\/wp\/v2\/product"}],"about":[{"href":"https:\/\/hubsch-interior.com\/fr\/wp-json\/wp\/v2\/types\/product"}],"wp:featuredmedia":[{"embeddable":true,"href":"https:\/\/hubsch-interior.com\/fr\/wp-json\/wp\/v2\/media\/1105817"}],"wp:attachment":[{"href":"https:\/\/hubsch-interior.com\/fr\/wp-json\/wp\/v2\/media?parent=995518"}],"wp:term":[{"taxonomy":"product_brand","embeddable":true,"href":"https:\/\/hubsch-interior.com\/fr\/wp-json\/wp\/v2\/product_brand?post=995518"},{"taxonomy":"product_cat","embeddable":true,"href":"https:\/\/hubsch-interior.com\/fr\/wp-json\/wp\/v2\/product_cat?post=995518"},{"taxonomy":"product_tag","embeddable":true,"href":"https:\/\/hubsch-interior.com\/fr\/wp-json\/wp\/v2\/product_tag?post=995518"}],"curies":[{"name":"wp","href":"https:\/\/api.w.org\/{rel}","templated":true}]}}