{"id":998850,"date":"2024-10-08T09:21:33","date_gmt":"2024-10-08T07:21:33","guid":{"rendered":"https:\/\/hubsch-interior.com\/product\/product\/"},"modified":"2026-04-05T04:33:56","modified_gmt":"2026-04-05T02:33:56","slug":"oblique-chaises-de-salle-a-manger-siege-naturel-2","status":"publish","type":"product","link":"https:\/\/hubsch-interior.com\/fr\/produit\/oblique-chaises-de-salle-a-manger-siege-naturel-2\/","title":{"rendered":"Oblique Chaises de salle \u00e0 manger Si\u00e8ge Naturel"},"content":{"rendered":"<p>Cette magnifique chaise de salle \u00e0 manger s&#8217;inspire des traditions du design danois dont nous sommes totalement amoureux ! La chaleur du bois ajoute de la douceur \u00e0 la forme minimaliste et classique, et la ligne diagonale est une extension des pieds arri\u00e8res. D&#8217;o\u00f9 le nom Oblique. Le dossier incurv\u00e9 est remarquable et confortable, permettant un soutien maximal m\u00eame apr\u00e8s une position assise prolong\u00e9e. Cette chaise est fabriqu\u00e9e en bois certifi\u00e9 FSC\u00ae et demont\u00e9. La chaise de salle \u00e0 manger Oblique en bois de ch\u00eane naturel sera appr\u00e9ci\u00e9e de g\u00e9n\u00e9ration en g\u00e9n\u00e9ration. Disponible avec ou sans coussin de si\u00e8ge.<\/p>\n<p>*Cette chaise n&#8217;est pas empilable car \u00e7a laisse des marques sur le cuir.<\/p>\n","protected":false},"excerpt":{"rendered":"<p>Cette magnifique chaise de salle \u00e0 manger s&#8217;inspire des traditions du design danois dont nous sommes totalement amoureux ! La chaleur du bois ajoute de la douceur \u00e0 la forme minimaliste et classique, et la ligne diagonale est une extension des pieds arri\u00e8res. D&#8217;o\u00f9 le nom Oblique. Le dossier incurv\u00e9 est remarquable et confortable, permettant [&hellip;]<\/p>\n","protected":false},"featured_media":1098026,"template":"","meta":{"_acf_changed":false,"inline_featured_image":false},"product_brand":[],"product_cat":[6322,2843,3041],"product_tag":[],"class_list":{"0":"post-998850","1":"product","2":"type-product","3":"status-publish","4":"has-post-thumbnail","6":"product_cat-fsc-fr","7":"product_cat-assises-fr","8":"product_cat-tabouret-fr","9":"product_shipping_class-pk","11":"pa_color-naturel-2","12":"pa_material-bois-de-chne-2","13":"pa_material-cuir","14":"pa_material-placage-de-chne-2","16":"first","17":"instock","18":"taxable","19":"shipping-taxable","20":"purchasable","21":"product-type-simple"},"exclude_global_add_ons":[],"addons":[],"acf":[],"yoast_head":"<!-- This site is optimized with the Yoast SEO plugin v26.4 - https:\/\/yoast.com\/wordpress\/plugins\/seo\/ -->\n<title>Oblique Chaises de salle \u00e0 manger Si\u00e8ge Naturel - H\u00fcbsch<\/title>\n<meta name=\"description\" content=\"Cette magnifique chaise de salle \u00e0 manger s&#039;inspire des traditions du design danois dont nous sommes totalement amoureux ! La chaleur du bois ajoute de la\" \/>\n<meta name=\"robots\" content=\"index, follow, max-snippet:-1, max-image-preview:large, max-video-preview:-1\" \/>\n<link rel=\"canonical\" href=\"https:\/\/hubsch-interior.com\/fr\/wp-json\/wp\/v2\/product\/998850\" \/>\n<meta property=\"og:locale\" content=\"fr_FR\" \/>\n<meta property=\"og:type\" content=\"article\" \/>\n<meta property=\"og:title\" content=\"Oblique Chaises de salle \u00e0 manger Si\u00e8ge Naturel - H\u00fcbsch\" \/>\n<meta property=\"og:description\" content=\"Cette magnifique chaise de salle \u00e0 manger s&#039;inspire des traditions du design danois dont nous sommes totalement amoureux ! La chaleur du bois ajoute de la\" \/>\n<meta property=\"og:url\" content=\"https:\/\/hubsch-interior.com\/fr\/produit\/oblique-chaises-de-salle-a-manger-siege-naturel-2\/\" \/>\n<meta property=\"og:site_name\" content=\"H\u00fcbsch\" \/>\n<meta property=\"article:modified_time\" content=\"2026-04-05T02:33:56+00:00\" \/>\n<meta property=\"og:image\" content=\"https:\/\/hubsch-interior.com\/wp-content\/uploads\/2026\/02\/oblique-dining-chair-seat-natural-a83bb60836be012ab77412deb30ff7fb.jpg\" \/>\n\t<meta property=\"og:image:width\" content=\"1024\" \/>\n\t<meta property=\"og:image:height\" content=\"1024\" \/>\n\t<meta property=\"og:image:type\" content=\"image\/jpeg\" \/>\n<meta name=\"twitter:card\" content=\"summary_large_image\" \/>\n<meta name=\"twitter:label1\" content=\"Dur\u00e9e de lecture estim\u00e9e\" \/>\n\t<meta name=\"twitter:data1\" content=\"1 minute\" \/>\n<script type=\"application\/ld+json\" class=\"yoast-schema-graph\">{\"@context\":\"https:\/\/schema.org\",\"@graph\":[{\"@type\":\"WebPage\",\"@id\":\"https:\/\/hubsch-interior.com\/fr\/produit\/oblique-chaises-de-salle-a-manger-siege-naturel-2\/\",\"url\":\"https:\/\/hubsch-interior.com\/fr\/produit\/oblique-chaises-de-salle-a-manger-siege-naturel-2\/\",\"name\":\"Oblique Chaises de salle \u00e0 manger Si\u00e8ge Naturel - H\u00fcbsch\",\"isPartOf\":{\"@id\":\"https:\/\/hubsch-interior.com\/fr\/#website\"},\"primaryImageOfPage\":{\"@id\":\"https:\/\/hubsch-interior.com\/fr\/produit\/oblique-chaises-de-salle-a-manger-siege-naturel-2\/#primaryimage\"},\"image\":{\"@id\":\"https:\/\/hubsch-interior.com\/fr\/produit\/oblique-chaises-de-salle-a-manger-siege-naturel-2\/#primaryimage\"},\"thumbnailUrl\":\"https:\/\/hubsch-interior.com\/wp-content\/uploads\/2026\/02\/oblique-dining-chair-seat-natural-a83bb60836be012ab77412deb30ff7fb.jpg\",\"datePublished\":\"2024-10-08T07:21:33+00:00\",\"dateModified\":\"2026-04-05T02:33:56+00:00\",\"description\":\"Cette magnifique chaise de salle \u00e0 manger s'inspire des traditions du design danois dont nous sommes totalement amoureux ! La chaleur du bois ajoute de la\",\"breadcrumb\":{\"@id\":\"https:\/\/hubsch-interior.com\/fr\/produit\/oblique-chaises-de-salle-a-manger-siege-naturel-2\/#breadcrumb\"},\"inLanguage\":\"fr-FR\",\"potentialAction\":[{\"@type\":\"ReadAction\",\"target\":[\"https:\/\/hubsch-interior.com\/fr\/produit\/oblique-chaises-de-salle-a-manger-siege-naturel-2\/\"]}]},{\"@type\":\"ImageObject\",\"inLanguage\":\"fr-FR\",\"@id\":\"https:\/\/hubsch-interior.com\/fr\/produit\/oblique-chaises-de-salle-a-manger-siege-naturel-2\/#primaryimage\",\"url\":\"https:\/\/hubsch-interior.com\/wp-content\/uploads\/2026\/02\/oblique-dining-chair-seat-natural-a83bb60836be012ab77412deb30ff7fb.jpg\",\"contentUrl\":\"https:\/\/hubsch-interior.com\/wp-content\/uploads\/2026\/02\/oblique-dining-chair-seat-natural-a83bb60836be012ab77412deb30ff7fb.jpg\",\"width\":1024,\"height\":1024},{\"@type\":\"BreadcrumbList\",\"@id\":\"https:\/\/hubsch-interior.com\/fr\/produit\/oblique-chaises-de-salle-a-manger-siege-naturel-2\/#breadcrumb\",\"itemListElement\":[{\"@type\":\"ListItem\",\"position\":1,\"name\":\"Page d'accueil\",\"item\":\"https:\/\/hubsch-interior.com\/fr\/\"},{\"@type\":\"ListItem\",\"position\":2,\"name\":\"Produits\",\"item\":\"https:\/\/hubsch-interior.com\/fr\/shop-2\/\"},{\"@type\":\"ListItem\",\"position\":3,\"name\":\"Meubles\",\"item\":\"https:\/\/hubsch-interior.com\/fr\/categorie-produit\/meubles\/\"},{\"@type\":\"ListItem\",\"position\":4,\"name\":\"Assises\",\"item\":\"https:\/\/hubsch-interior.com\/fr\/categorie-produit\/meubles\/assises-fr\/\"},{\"@type\":\"ListItem\",\"position\":5,\"name\":\"Tabouret\",\"item\":\"https:\/\/hubsch-interior.com\/fr\/categorie-produit\/meubles\/assises-fr\/tabouret-fr\/\"},{\"@type\":\"ListItem\",\"position\":6,\"name\":\"Oblique Chaises de salle \u00e0 manger Si\u00e8ge Naturel\"}]},{\"@type\":\"WebSite\",\"@id\":\"https:\/\/hubsch-interior.com\/fr\/#website\",\"url\":\"https:\/\/hubsch-interior.com\/fr\/\",\"name\":\"H\u00fcbsch\",\"description\":\"Danish Home Interior and Design\",\"publisher\":{\"@id\":\"https:\/\/hubsch-interior.com\/fr\/#organization\"},\"potentialAction\":[{\"@type\":\"SearchAction\",\"target\":{\"@type\":\"EntryPoint\",\"urlTemplate\":\"https:\/\/hubsch-interior.com\/fr\/?s={search_term_string}\"},\"query-input\":{\"@type\":\"PropertyValueSpecification\",\"valueRequired\":true,\"valueName\":\"search_term_string\"}}],\"inLanguage\":\"fr-FR\"},{\"@type\":\"Organization\",\"@id\":\"https:\/\/hubsch-interior.com\/fr\/#organization\",\"name\":\"H\u00fcbsch\",\"url\":\"https:\/\/hubsch-interior.com\/fr\/\",\"logo\":{\"@type\":\"ImageObject\",\"inLanguage\":\"fr-FR\",\"@id\":\"https:\/\/hubsch-interior.com\/fr\/#\/schema\/logo\/image\/\",\"url\":\"https:\/\/hubsch-interior.com\/wp-content\/uploads\/2022\/12\/Hubsch_logo_black_one_line.svg\",\"contentUrl\":\"https:\/\/hubsch-interior.com\/wp-content\/uploads\/2022\/12\/Hubsch_logo_black_one_line.svg\",\"caption\":\"H\u00fcbsch\"},\"image\":{\"@id\":\"https:\/\/hubsch-interior.com\/fr\/#\/schema\/logo\/image\/\"}}]}<\/script>\n<!-- \/ Yoast SEO plugin. -->","yoast_head_json":{"title":"Oblique Chaises de salle \u00e0 manger Si\u00e8ge Naturel - H\u00fcbsch","description":"Cette magnifique chaise de salle \u00e0 manger s'inspire des traditions du design danois dont nous sommes totalement amoureux ! La chaleur du bois ajoute de la","robots":{"index":"index","follow":"follow","max-snippet":"max-snippet:-1","max-image-preview":"max-image-preview:large","max-video-preview":"max-video-preview:-1"},"canonical":"https:\/\/hubsch-interior.com\/fr\/wp-json\/wp\/v2\/product\/998850","og_locale":"fr_FR","og_type":"article","og_title":"Oblique Chaises de salle \u00e0 manger Si\u00e8ge Naturel - H\u00fcbsch","og_description":"Cette magnifique chaise de salle \u00e0 manger s'inspire des traditions du design danois dont nous sommes totalement amoureux ! La chaleur du bois ajoute de la","og_url":"https:\/\/hubsch-interior.com\/fr\/produit\/oblique-chaises-de-salle-a-manger-siege-naturel-2\/","og_site_name":"H\u00fcbsch","article_modified_time":"2026-04-05T02:33:56+00:00","og_image":[{"width":1024,"height":1024,"url":"https:\/\/hubsch-interior.com\/wp-content\/uploads\/2026\/02\/oblique-dining-chair-seat-natural-a83bb60836be012ab77412deb30ff7fb.jpg","type":"image\/jpeg"}],"twitter_card":"summary_large_image","twitter_misc":{"Dur\u00e9e de lecture estim\u00e9e":"1 minute"},"schema":{"@context":"https:\/\/schema.org","@graph":[{"@type":"WebPage","@id":"https:\/\/hubsch-interior.com\/fr\/produit\/oblique-chaises-de-salle-a-manger-siege-naturel-2\/","url":"https:\/\/hubsch-interior.com\/fr\/produit\/oblique-chaises-de-salle-a-manger-siege-naturel-2\/","name":"Oblique Chaises de salle \u00e0 manger Si\u00e8ge Naturel - H\u00fcbsch","isPartOf":{"@id":"https:\/\/hubsch-interior.com\/fr\/#website"},"primaryImageOfPage":{"@id":"https:\/\/hubsch-interior.com\/fr\/produit\/oblique-chaises-de-salle-a-manger-siege-naturel-2\/#primaryimage"},"image":{"@id":"https:\/\/hubsch-interior.com\/fr\/produit\/oblique-chaises-de-salle-a-manger-siege-naturel-2\/#primaryimage"},"thumbnailUrl":"https:\/\/hubsch-interior.com\/wp-content\/uploads\/2026\/02\/oblique-dining-chair-seat-natural-a83bb60836be012ab77412deb30ff7fb.jpg","datePublished":"2024-10-08T07:21:33+00:00","dateModified":"2026-04-05T02:33:56+00:00","description":"Cette magnifique chaise de salle \u00e0 manger s'inspire des traditions du design danois dont nous sommes totalement amoureux ! La chaleur du bois ajoute de la","breadcrumb":{"@id":"https:\/\/hubsch-interior.com\/fr\/produit\/oblique-chaises-de-salle-a-manger-siege-naturel-2\/#breadcrumb"},"inLanguage":"fr-FR","potentialAction":[{"@type":"ReadAction","target":["https:\/\/hubsch-interior.com\/fr\/produit\/oblique-chaises-de-salle-a-manger-siege-naturel-2\/"]}]},{"@type":"ImageObject","inLanguage":"fr-FR","@id":"https:\/\/hubsch-interior.com\/fr\/produit\/oblique-chaises-de-salle-a-manger-siege-naturel-2\/#primaryimage","url":"https:\/\/hubsch-interior.com\/wp-content\/uploads\/2026\/02\/oblique-dining-chair-seat-natural-a83bb60836be012ab77412deb30ff7fb.jpg","contentUrl":"https:\/\/hubsch-interior.com\/wp-content\/uploads\/2026\/02\/oblique-dining-chair-seat-natural-a83bb60836be012ab77412deb30ff7fb.jpg","width":1024,"height":1024},{"@type":"BreadcrumbList","@id":"https:\/\/hubsch-interior.com\/fr\/produit\/oblique-chaises-de-salle-a-manger-siege-naturel-2\/#breadcrumb","itemListElement":[{"@type":"ListItem","position":1,"name":"Page d'accueil","item":"https:\/\/hubsch-interior.com\/fr\/"},{"@type":"ListItem","position":2,"name":"Produits","item":"https:\/\/hubsch-interior.com\/fr\/shop-2\/"},{"@type":"ListItem","position":3,"name":"Meubles","item":"https:\/\/hubsch-interior.com\/fr\/categorie-produit\/meubles\/"},{"@type":"ListItem","position":4,"name":"Assises","item":"https:\/\/hubsch-interior.com\/fr\/categorie-produit\/meubles\/assises-fr\/"},{"@type":"ListItem","position":5,"name":"Tabouret","item":"https:\/\/hubsch-interior.com\/fr\/categorie-produit\/meubles\/assises-fr\/tabouret-fr\/"},{"@type":"ListItem","position":6,"name":"Oblique Chaises de salle \u00e0 manger Si\u00e8ge Naturel"}]},{"@type":"WebSite","@id":"https:\/\/hubsch-interior.com\/fr\/#website","url":"https:\/\/hubsch-interior.com\/fr\/","name":"H\u00fcbsch","description":"Danish Home Interior and Design","publisher":{"@id":"https:\/\/hubsch-interior.com\/fr\/#organization"},"potentialAction":[{"@type":"SearchAction","target":{"@type":"EntryPoint","urlTemplate":"https:\/\/hubsch-interior.com\/fr\/?s={search_term_string}"},"query-input":{"@type":"PropertyValueSpecification","valueRequired":true,"valueName":"search_term_string"}}],"inLanguage":"fr-FR"},{"@type":"Organization","@id":"https:\/\/hubsch-interior.com\/fr\/#organization","name":"H\u00fcbsch","url":"https:\/\/hubsch-interior.com\/fr\/","logo":{"@type":"ImageObject","inLanguage":"fr-FR","@id":"https:\/\/hubsch-interior.com\/fr\/#\/schema\/logo\/image\/","url":"https:\/\/hubsch-interior.com\/wp-content\/uploads\/2022\/12\/Hubsch_logo_black_one_line.svg","contentUrl":"https:\/\/hubsch-interior.com\/wp-content\/uploads\/2022\/12\/Hubsch_logo_black_one_line.svg","caption":"H\u00fcbsch"},"image":{"@id":"https:\/\/hubsch-interior.com\/fr\/#\/schema\/logo\/image\/"}}]}},"_links":{"self":[{"href":"https:\/\/hubsch-interior.com\/fr\/wp-json\/wp\/v2\/product\/998850","targetHints":{"allow":["GET"]}}],"collection":[{"href":"https:\/\/hubsch-interior.com\/fr\/wp-json\/wp\/v2\/product"}],"about":[{"href":"https:\/\/hubsch-interior.com\/fr\/wp-json\/wp\/v2\/types\/product"}],"wp:featuredmedia":[{"embeddable":true,"href":"https:\/\/hubsch-interior.com\/fr\/wp-json\/wp\/v2\/media\/1098026"}],"wp:attachment":[{"href":"https:\/\/hubsch-interior.com\/fr\/wp-json\/wp\/v2\/media?parent=998850"}],"wp:term":[{"taxonomy":"product_brand","embeddable":true,"href":"https:\/\/hubsch-interior.com\/fr\/wp-json\/wp\/v2\/product_brand?post=998850"},{"taxonomy":"product_cat","embeddable":true,"href":"https:\/\/hubsch-interior.com\/fr\/wp-json\/wp\/v2\/product_cat?post=998850"},{"taxonomy":"product_tag","embeddable":true,"href":"https:\/\/hubsch-interior.com\/fr\/wp-json\/wp\/v2\/product_tag?post=998850"}],"curies":[{"name":"wp","href":"https:\/\/api.w.org\/{rel}","templated":true}]}}