{"id":999067,"date":"2024-10-08T11:23:21","date_gmt":"2024-10-08T09:23:21","guid":{"rendered":"https:\/\/hubsch-interior.com\/product\/product\/"},"modified":"2026-04-11T05:02:53","modified_gmt":"2026-04-11T03:02:53","slug":"mush-lampe-portative-nickel","status":"publish","type":"product","link":"https:\/\/hubsch-interior.com\/fr\/produit\/mush-lampe-portative-nickel\/","title":{"rendered":"Mush Lampe portative Nickel"},"content":{"rendered":"<p>La lampe portative Mush est d\u00e9sormais la nouvelle version pour ce produit design embl\u00e9matique sans fil pour un confort ultime !<br \/>\nRefl\u00e9tant l&#8217;\u00e9l\u00e9gance minimaliste du design scandinave, cette lampe est disponible en six couleurs toutes aussi belles les unes que les autres : trois couleurs classiques incontournables et trois nouvelles nuances contemporaines.<\/p>\n<p>Que ce soit pour se poser dans un coin de lecture confortable, sur une table de chevet ou pour donner le ton de vos plus jolies soir\u00e9es en ext\u00e9rieur, la lampe portative Mush est un &#8220;must&#8221;. Elle s&#8217;adapte \u00e0 vos besoins, ajoutant une touche d&#8217;esth\u00e9tisme et de charme \u00e0 n&#8217;importe quel espace dans votre int\u00e9rieur. Le fait que vous puissiez l&#8217;emmener partout transforme instantan\u00e9ment n&#8217;importe quelle pi\u00e8ce avec sa lumi\u00e8re chaleureuse. A vous maintenant de choisir la couleur qui vous inspire et de profiter pleinement du m\u00e9lange parfait entre le design embl\u00e9matique et une fonctionnalit\u00e9 moderne.<\/p>\n","protected":false},"excerpt":{"rendered":"<p>La lampe portative Mush est d\u00e9sormais la nouvelle version pour ce produit design embl\u00e9matique sans fil pour un confort ultime ! Refl\u00e9tant l&#8217;\u00e9l\u00e9gance minimaliste du design scandinave, cette lampe est disponible en six couleurs toutes aussi belles les unes que les autres : trois couleurs classiques incontournables et trois nouvelles nuances contemporaines. Que ce soit [&hellip;]<\/p>\n","protected":false},"featured_media":1107699,"template":"","meta":{"_acf_changed":false,"inline_featured_image":false},"product_brand":[],"product_cat":[6943,6962,3810,3500,5026],"product_tag":[],"class_list":{"0":"post-999067","1":"product","2":"type-product","3":"status-publish","4":"has-post-thumbnail","6":"product_cat-bestseller-2025-fr","7":"product_cat-lampes-portatives-fr","8":"product_cat-luminaires","9":"product_cat-lampes-a-poser-fr","10":"product_cat-bestsellers-fr","11":"product_shipping_class-pk","13":"pa_color-nickel-fr","14":"pa_material-fer-fr","15":"pa_material-polycarbonate-2","17":"first","18":"instock","19":"featured","20":"taxable","21":"shipping-taxable","22":"purchasable","23":"product-type-simple"},"exclude_global_add_ons":[],"addons":[],"acf":[],"yoast_head":"<!-- This site is optimized with the Yoast SEO plugin v26.4 - https:\/\/yoast.com\/wordpress\/plugins\/seo\/ -->\n<title>Mush Lampe portative Nickel - H\u00fcbsch<\/title>\n<meta name=\"description\" content=\"La lampe portative Mush est d\u00e9sormais la nouvelle version pour ce produit design embl\u00e9matique sans fil pour un confort ultime ! Refl\u00e9tant l&#039;\u00e9l\u00e9gance\" \/>\n<meta name=\"robots\" content=\"index, follow, max-snippet:-1, max-image-preview:large, max-video-preview:-1\" \/>\n<link rel=\"canonical\" href=\"https:\/\/hubsch-interior.com\/fr\/wp-json\/wp\/v2\/product\/999067\" \/>\n<meta property=\"og:locale\" content=\"fr_FR\" \/>\n<meta property=\"og:type\" content=\"article\" \/>\n<meta property=\"og:title\" content=\"Mush Lampe portative Nickel - H\u00fcbsch\" \/>\n<meta property=\"og:description\" content=\"La lampe portative Mush est d\u00e9sormais la nouvelle version pour ce produit design embl\u00e9matique sans fil pour un confort ultime ! Refl\u00e9tant l&#039;\u00e9l\u00e9gance\" \/>\n<meta property=\"og:url\" content=\"https:\/\/hubsch-interior.com\/fr\/produit\/mush-lampe-portative-nickel\/\" \/>\n<meta property=\"og:site_name\" content=\"H\u00fcbsch\" \/>\n<meta property=\"article:modified_time\" content=\"2026-04-11T03:02:53+00:00\" \/>\n<meta property=\"og:image\" content=\"https:\/\/hubsch-interior.com\/wp-content\/uploads\/2024\/10\/mush-portable-lamp-nickel-9f13764acfa00c842e6a56b336ab4548.jpg\" \/>\n\t<meta property=\"og:image:width\" content=\"1200\" \/>\n\t<meta property=\"og:image:height\" content=\"1200\" \/>\n\t<meta property=\"og:image:type\" content=\"image\/jpeg\" \/>\n<meta name=\"twitter:card\" content=\"summary_large_image\" \/>\n<meta name=\"twitter:label1\" content=\"Dur\u00e9e de lecture estim\u00e9e\" \/>\n\t<meta name=\"twitter:data1\" content=\"1 minute\" \/>\n<script type=\"application\/ld+json\" class=\"yoast-schema-graph\">{\"@context\":\"https:\/\/schema.org\",\"@graph\":[{\"@type\":\"WebPage\",\"@id\":\"https:\/\/hubsch-interior.com\/fr\/produit\/mush-lampe-portative-nickel\/\",\"url\":\"https:\/\/hubsch-interior.com\/fr\/produit\/mush-lampe-portative-nickel\/\",\"name\":\"Mush Lampe portative Nickel - H\u00fcbsch\",\"isPartOf\":{\"@id\":\"https:\/\/hubsch-interior.com\/fr\/#website\"},\"primaryImageOfPage\":{\"@id\":\"https:\/\/hubsch-interior.com\/fr\/produit\/mush-lampe-portative-nickel\/#primaryimage\"},\"image\":{\"@id\":\"https:\/\/hubsch-interior.com\/fr\/produit\/mush-lampe-portative-nickel\/#primaryimage\"},\"thumbnailUrl\":\"https:\/\/hubsch-interior.com\/wp-content\/uploads\/2026\/02\/mush-portable-lamp-nickel-a1ccef399fd4f1cfa0f6c88e054d7ee4.jpg\",\"datePublished\":\"2024-10-08T09:23:21+00:00\",\"dateModified\":\"2026-04-11T03:02:53+00:00\",\"description\":\"La lampe portative Mush est d\u00e9sormais la nouvelle version pour ce produit design embl\u00e9matique sans fil pour un confort ultime ! Refl\u00e9tant l'\u00e9l\u00e9gance\",\"breadcrumb\":{\"@id\":\"https:\/\/hubsch-interior.com\/fr\/produit\/mush-lampe-portative-nickel\/#breadcrumb\"},\"inLanguage\":\"fr-FR\",\"potentialAction\":[{\"@type\":\"ReadAction\",\"target\":[\"https:\/\/hubsch-interior.com\/fr\/produit\/mush-lampe-portative-nickel\/\"]}]},{\"@type\":\"ImageObject\",\"inLanguage\":\"fr-FR\",\"@id\":\"https:\/\/hubsch-interior.com\/fr\/produit\/mush-lampe-portative-nickel\/#primaryimage\",\"url\":\"https:\/\/hubsch-interior.com\/wp-content\/uploads\/2026\/02\/mush-portable-lamp-nickel-a1ccef399fd4f1cfa0f6c88e054d7ee4.jpg\",\"contentUrl\":\"https:\/\/hubsch-interior.com\/wp-content\/uploads\/2026\/02\/mush-portable-lamp-nickel-a1ccef399fd4f1cfa0f6c88e054d7ee4.jpg\",\"width\":1024,\"height\":1024},{\"@type\":\"BreadcrumbList\",\"@id\":\"https:\/\/hubsch-interior.com\/fr\/produit\/mush-lampe-portative-nickel\/#breadcrumb\",\"itemListElement\":[{\"@type\":\"ListItem\",\"position\":1,\"name\":\"Page d'accueil\",\"item\":\"https:\/\/hubsch-interior.com\/fr\/\"},{\"@type\":\"ListItem\",\"position\":2,\"name\":\"Produits\",\"item\":\"https:\/\/hubsch-interior.com\/fr\/shop-2\/\"},{\"@type\":\"ListItem\",\"position\":3,\"name\":\"Luminaires\",\"item\":\"https:\/\/hubsch-interior.com\/fr\/categorie-produit\/luminaires\/\"},{\"@type\":\"ListItem\",\"position\":4,\"name\":\"Lampes portatives\",\"item\":\"https:\/\/hubsch-interior.com\/fr\/categorie-produit\/luminaires\/lampes-portatives-fr\/\"},{\"@type\":\"ListItem\",\"position\":5,\"name\":\"Mush Lampe portative Nickel\"}]},{\"@type\":\"WebSite\",\"@id\":\"https:\/\/hubsch-interior.com\/fr\/#website\",\"url\":\"https:\/\/hubsch-interior.com\/fr\/\",\"name\":\"H\u00fcbsch\",\"description\":\"Danish Home Interior and Design\",\"publisher\":{\"@id\":\"https:\/\/hubsch-interior.com\/fr\/#organization\"},\"potentialAction\":[{\"@type\":\"SearchAction\",\"target\":{\"@type\":\"EntryPoint\",\"urlTemplate\":\"https:\/\/hubsch-interior.com\/fr\/?s={search_term_string}\"},\"query-input\":{\"@type\":\"PropertyValueSpecification\",\"valueRequired\":true,\"valueName\":\"search_term_string\"}}],\"inLanguage\":\"fr-FR\"},{\"@type\":\"Organization\",\"@id\":\"https:\/\/hubsch-interior.com\/fr\/#organization\",\"name\":\"H\u00fcbsch\",\"url\":\"https:\/\/hubsch-interior.com\/fr\/\",\"logo\":{\"@type\":\"ImageObject\",\"inLanguage\":\"fr-FR\",\"@id\":\"https:\/\/hubsch-interior.com\/fr\/#\/schema\/logo\/image\/\",\"url\":\"https:\/\/hubsch-interior.com\/wp-content\/uploads\/2022\/12\/Hubsch_logo_black_one_line.svg\",\"contentUrl\":\"https:\/\/hubsch-interior.com\/wp-content\/uploads\/2022\/12\/Hubsch_logo_black_one_line.svg\",\"caption\":\"H\u00fcbsch\"},\"image\":{\"@id\":\"https:\/\/hubsch-interior.com\/fr\/#\/schema\/logo\/image\/\"}}]}<\/script>\n<!-- \/ Yoast SEO plugin. -->","yoast_head_json":{"title":"Mush Lampe portative Nickel - H\u00fcbsch","description":"La lampe portative Mush est d\u00e9sormais la nouvelle version pour ce produit design embl\u00e9matique sans fil pour un confort ultime ! Refl\u00e9tant l'\u00e9l\u00e9gance","robots":{"index":"index","follow":"follow","max-snippet":"max-snippet:-1","max-image-preview":"max-image-preview:large","max-video-preview":"max-video-preview:-1"},"canonical":"https:\/\/hubsch-interior.com\/fr\/wp-json\/wp\/v2\/product\/999067","og_locale":"fr_FR","og_type":"article","og_title":"Mush Lampe portative Nickel - H\u00fcbsch","og_description":"La lampe portative Mush est d\u00e9sormais la nouvelle version pour ce produit design embl\u00e9matique sans fil pour un confort ultime ! Refl\u00e9tant l'\u00e9l\u00e9gance","og_url":"https:\/\/hubsch-interior.com\/fr\/produit\/mush-lampe-portative-nickel\/","og_site_name":"H\u00fcbsch","article_modified_time":"2026-04-11T03:02:53+00:00","og_image":[{"width":1200,"height":1200,"url":"https:\/\/hubsch-interior.com\/wp-content\/uploads\/2024\/10\/mush-portable-lamp-nickel-9f13764acfa00c842e6a56b336ab4548.jpg","type":"image\/jpeg"}],"twitter_card":"summary_large_image","twitter_misc":{"Dur\u00e9e de lecture estim\u00e9e":"1 minute"},"schema":{"@context":"https:\/\/schema.org","@graph":[{"@type":"WebPage","@id":"https:\/\/hubsch-interior.com\/fr\/produit\/mush-lampe-portative-nickel\/","url":"https:\/\/hubsch-interior.com\/fr\/produit\/mush-lampe-portative-nickel\/","name":"Mush Lampe portative Nickel - H\u00fcbsch","isPartOf":{"@id":"https:\/\/hubsch-interior.com\/fr\/#website"},"primaryImageOfPage":{"@id":"https:\/\/hubsch-interior.com\/fr\/produit\/mush-lampe-portative-nickel\/#primaryimage"},"image":{"@id":"https:\/\/hubsch-interior.com\/fr\/produit\/mush-lampe-portative-nickel\/#primaryimage"},"thumbnailUrl":"https:\/\/hubsch-interior.com\/wp-content\/uploads\/2026\/02\/mush-portable-lamp-nickel-a1ccef399fd4f1cfa0f6c88e054d7ee4.jpg","datePublished":"2024-10-08T09:23:21+00:00","dateModified":"2026-04-11T03:02:53+00:00","description":"La lampe portative Mush est d\u00e9sormais la nouvelle version pour ce produit design embl\u00e9matique sans fil pour un confort ultime ! Refl\u00e9tant l'\u00e9l\u00e9gance","breadcrumb":{"@id":"https:\/\/hubsch-interior.com\/fr\/produit\/mush-lampe-portative-nickel\/#breadcrumb"},"inLanguage":"fr-FR","potentialAction":[{"@type":"ReadAction","target":["https:\/\/hubsch-interior.com\/fr\/produit\/mush-lampe-portative-nickel\/"]}]},{"@type":"ImageObject","inLanguage":"fr-FR","@id":"https:\/\/hubsch-interior.com\/fr\/produit\/mush-lampe-portative-nickel\/#primaryimage","url":"https:\/\/hubsch-interior.com\/wp-content\/uploads\/2026\/02\/mush-portable-lamp-nickel-a1ccef399fd4f1cfa0f6c88e054d7ee4.jpg","contentUrl":"https:\/\/hubsch-interior.com\/wp-content\/uploads\/2026\/02\/mush-portable-lamp-nickel-a1ccef399fd4f1cfa0f6c88e054d7ee4.jpg","width":1024,"height":1024},{"@type":"BreadcrumbList","@id":"https:\/\/hubsch-interior.com\/fr\/produit\/mush-lampe-portative-nickel\/#breadcrumb","itemListElement":[{"@type":"ListItem","position":1,"name":"Page d'accueil","item":"https:\/\/hubsch-interior.com\/fr\/"},{"@type":"ListItem","position":2,"name":"Produits","item":"https:\/\/hubsch-interior.com\/fr\/shop-2\/"},{"@type":"ListItem","position":3,"name":"Luminaires","item":"https:\/\/hubsch-interior.com\/fr\/categorie-produit\/luminaires\/"},{"@type":"ListItem","position":4,"name":"Lampes portatives","item":"https:\/\/hubsch-interior.com\/fr\/categorie-produit\/luminaires\/lampes-portatives-fr\/"},{"@type":"ListItem","position":5,"name":"Mush Lampe portative Nickel"}]},{"@type":"WebSite","@id":"https:\/\/hubsch-interior.com\/fr\/#website","url":"https:\/\/hubsch-interior.com\/fr\/","name":"H\u00fcbsch","description":"Danish Home Interior and Design","publisher":{"@id":"https:\/\/hubsch-interior.com\/fr\/#organization"},"potentialAction":[{"@type":"SearchAction","target":{"@type":"EntryPoint","urlTemplate":"https:\/\/hubsch-interior.com\/fr\/?s={search_term_string}"},"query-input":{"@type":"PropertyValueSpecification","valueRequired":true,"valueName":"search_term_string"}}],"inLanguage":"fr-FR"},{"@type":"Organization","@id":"https:\/\/hubsch-interior.com\/fr\/#organization","name":"H\u00fcbsch","url":"https:\/\/hubsch-interior.com\/fr\/","logo":{"@type":"ImageObject","inLanguage":"fr-FR","@id":"https:\/\/hubsch-interior.com\/fr\/#\/schema\/logo\/image\/","url":"https:\/\/hubsch-interior.com\/wp-content\/uploads\/2022\/12\/Hubsch_logo_black_one_line.svg","contentUrl":"https:\/\/hubsch-interior.com\/wp-content\/uploads\/2022\/12\/Hubsch_logo_black_one_line.svg","caption":"H\u00fcbsch"},"image":{"@id":"https:\/\/hubsch-interior.com\/fr\/#\/schema\/logo\/image\/"}}]}},"_links":{"self":[{"href":"https:\/\/hubsch-interior.com\/fr\/wp-json\/wp\/v2\/product\/999067","targetHints":{"allow":["GET"]}}],"collection":[{"href":"https:\/\/hubsch-interior.com\/fr\/wp-json\/wp\/v2\/product"}],"about":[{"href":"https:\/\/hubsch-interior.com\/fr\/wp-json\/wp\/v2\/types\/product"}],"wp:featuredmedia":[{"embeddable":true,"href":"https:\/\/hubsch-interior.com\/fr\/wp-json\/wp\/v2\/media\/1107699"}],"wp:attachment":[{"href":"https:\/\/hubsch-interior.com\/fr\/wp-json\/wp\/v2\/media?parent=999067"}],"wp:term":[{"taxonomy":"product_brand","embeddable":true,"href":"https:\/\/hubsch-interior.com\/fr\/wp-json\/wp\/v2\/product_brand?post=999067"},{"taxonomy":"product_cat","embeddable":true,"href":"https:\/\/hubsch-interior.com\/fr\/wp-json\/wp\/v2\/product_cat?post=999067"},{"taxonomy":"product_tag","embeddable":true,"href":"https:\/\/hubsch-interior.com\/fr\/wp-json\/wp\/v2\/product_tag?post=999067"}],"curies":[{"name":"wp","href":"https:\/\/api.w.org\/{rel}","templated":true}]}}